{"id":2890,"date":"2025-03-11T08:45:28","date_gmt":"2025-03-11T08:45:28","guid":{"rendered":"https:\/\/amxim.com\/?page_id=2890"},"modified":"2025-03-29T04:38:31","modified_gmt":"2025-03-29T04:38:31","slug":"werksfuhrung","status":"publish","type":"page","link":"https:\/\/amxim.com\/de\/werksfuhrung\/","title":{"rendered":"Werksf\u00fchrung"},"content":{"rendered":"<div data-elementor-type=\"wp-page\" data-elementor-id=\"2890\" class=\"elementor elementor-2890\" data-elementor-post-type=\"page\">\n\t\t\t\t<div class=\"elementor-element elementor-element-53fca55d e-flex e-con-boxed e-con e-parent\" data-id=\"53fca55d\" data-element_type=\"container\" data-e-type=\"container\">\n\t\t\t\t\t<div class=\"e-con-inner\">\n\t\t<div class=\"elementor-element elementor-element-47ab9bcc e-con-full e-flex e-con e-child\" data-id=\"47ab9bcc\" data-element_type=\"container\" data-e-type=\"container\">\n\t\t\t\t<div class=\"elementor-element elementor-element-2d396204 elementor-widget elementor-widget-image\" data-id=\"2d396204\" data-element_type=\"widget\" data-e-type=\"widget\" data-widget_type=\"image.default\">\n\t\t\t\t<div class=\"elementor-widget-container\">\n\t\t\t\t\t\t\t\t\t\t\t\t\t\t\t<img fetchpriority=\"high\" decoding=\"async\" width=\"800\" height=\"500\" src=\"https:\/\/amxim.com\/wp-content\/uploads\/2025\/03\/AMXIM-about-production.webp\" class=\"attachment-full size-full wp-image-10412\" alt=\"\" srcset=\"https:\/\/amxim.com\/wp-content\/uploads\/2025\/03\/AMXIM-about-production.webp 800w, https:\/\/amxim.com\/wp-content\/uploads\/2025\/03\/AMXIM-about-production-400x250.webp 400w, https:\/\/amxim.com\/wp-content\/uploads\/2025\/03\/AMXIM-about-production-150x94.webp 150w, https:\/\/amxim.com\/wp-content\/uploads\/2025\/03\/AMXIM-about-production-768x480.webp 768w, https:\/\/amxim.com\/wp-content\/uploads\/2025\/03\/AMXIM-about-production-145x91.webp 145w\" sizes=\"(max-width: 800px) 100vw, 800px\" \/>\t\t\t\t\t\t\t\t\t\t\t\t\t\t\t<\/div>\n\t\t\t\t<\/div>\n\t\t\t\t<\/div>\n\t\t<div class=\"elementor-element elementor-element-e10a882 e-con-full e-flex e-con e-child\" data-id=\"e10a882\" data-element_type=\"container\" data-e-type=\"container\">\n\t\t\t\t<div class=\"elementor-element elementor-element-1c555226 elementor-widget elementor-widget-heading\" data-id=\"1c555226\" data-element_type=\"widget\" data-e-type=\"widget\" data-widget_type=\"heading.default\">\n\t\t\t\t<div class=\"elementor-widget-container\">\n\t\t\t\t\t<h3 class=\"elementor-heading-title elementor-size-default\">Fortschrittliche Fertigungsstandards<\/h3>\t\t\t\t<\/div>\n\t\t\t\t<\/div>\n\t\t\t\t<div class=\"elementor-element elementor-element-4df9434c color-scheme-inherit text-left elementor-widget elementor-widget-text-editor\" data-id=\"4df9434c\" data-element_type=\"widget\" data-e-type=\"widget\" data-widget_type=\"text-editor.default\">\n\t\t\t\t<div class=\"elementor-widget-container\">\n\t\t\t\t\t\t\t\t\t<ul><li class=\"\" data-start=\"1343\" data-end=\"1458\"><p class=\"\" data-start=\"1345\" data-end=\"1458\"><strong data-start=\"1345\" data-end=\"1372\">Design und Entwicklung:<\/strong> <span class=\"relative -mx-px my-[-0.2rem] rounded px-px py-[0.2rem]\">Jedes Produkt durchl\u00e4uft sorgf\u00e4ltige Design- und Entwicklungsphasen, um Funktionalit\u00e4t und Benutzerzufriedenheit sicherzustellen.<\/span>\u200b<\/p><\/li><li class=\"\" data-start=\"1459\" data-end=\"1572\"><p class=\"\" data-start=\"1461\" data-end=\"1572\"><strong data-start=\"1461\" data-end=\"1486\">Komponentenpr\u00fcfung:<\/strong> <span class=\"relative -mx-px my-[-0.2rem] rounded px-px py-[0.2rem]\">Alle Komponenten werden vor der Montage auf Integrit\u00e4t und Leistung gepr\u00fcft.<\/span>\u200b\u00a0<\/p><\/li><li class=\"\" data-start=\"1573\" data-end=\"1682\"><p class=\"\" data-start=\"1575\" data-end=\"1682\"><strong data-start=\"1575\" data-end=\"1596\">Montageprozess:<\/strong> <span class=\"relative -mx-px my-[-0.2rem] rounded px-px py-[0.2rem]\">Nutzung automatisierter und manueller Techniken zur Aufrechterhaltung von Konsistenz und Pr\u00e4zision.<\/span><\/p><\/li><\/ul>\t\t\t\t\t\t\t\t<\/div>\n\t\t\t\t<\/div>\n\t\t\t\t<\/div>\n\t\t\t\t\t<\/div>\n\t\t\t\t<\/div>\n\t\t<div class=\"elementor-element elementor-element-296310e8 e-flex e-con-boxed e-con e-parent\" data-id=\"296310e8\" data-element_type=\"container\" data-e-type=\"container\">\n\t\t\t\t\t<div class=\"e-con-inner\">\n\t\t<div class=\"elementor-element elementor-element-2b36305 e-con-full e-flex e-con e-child\" data-id=\"2b36305\" data-element_type=\"container\" data-e-type=\"container\">\n\t\t\t\t<div class=\"elementor-element elementor-element-245e3f3e elementor-widget elementor-widget-heading\" data-id=\"245e3f3e\" data-element_type=\"widget\" data-e-type=\"widget\" data-widget_type=\"heading.default\">\n\t\t\t\t<div class=\"elementor-widget-container\">\n\t\t\t\t\t<h3 class=\"elementor-heading-title elementor-size-default\">Qualit\u00e4tskontrolle bei AMXIM<\/h3>\t\t\t\t<\/div>\n\t\t\t\t<\/div>\n\t\t\t\t<div class=\"elementor-element elementor-element-4031affc elementor-widget elementor-widget-heading\" data-id=\"4031affc\" data-element_type=\"widget\" data-e-type=\"widget\" data-widget_type=\"heading.default\">\n\t\t\t\t<div class=\"elementor-widget-container\">\n\t\t\t\t\t<p class=\"elementor-heading-title elementor-size-default\">Bei AMXIM legen wir bei jedem unserer Produkte gr\u00f6\u00dften Wert auf Qualit\u00e4t und Sicherheit. Unser umfassendes Qualit\u00e4tskontrollsystem (QC) erf\u00fcllt und \u00fcbertrifft Industriestandards und stellt sicher, dass unsere OEM- und ODM-Partner zuverl\u00e4ssige, sichere und qualitativ hochwertige Produkte erhalten.<\/p>\t\t\t\t<\/div>\n\t\t\t\t<\/div>\n\t\t\t\t<\/div>\n\t\t<div class=\"elementor-element elementor-element-378fd67c e-con-full e-flex e-con e-child\" data-id=\"378fd67c\" data-element_type=\"container\" data-e-type=\"container\">\n\t\t\t\t<div class=\"elementor-element elementor-element-10c713c elementor-widget__width-inherit elementor-widget elementor-widget-wd_image_or_svg\" data-id=\"10c713c\" data-element_type=\"widget\" data-e-type=\"widget\" data-widget_type=\"wd_image_or_svg.default\">\n\t\t\t\t<div class=\"elementor-widget-container\">\n\t\t\t\t\t\n\t\t<div class=\"wd-image text-center\">\n\t\t\t\t\t\t\t\t<img decoding=\"async\" width=\"1400\" height=\"853\" src=\"https:\/\/amxim.com\/wp-content\/uploads\/2025\/03\/AMXIM-about-factory2.webp\" class=\"attachment-full size-full\" alt=\"\" srcset=\"https:\/\/amxim.com\/wp-content\/uploads\/2025\/03\/AMXIM-about-factory2.webp 1400w, https:\/\/amxim.com\/wp-content\/uploads\/2025\/03\/AMXIM-about-factory2-400x244.webp 400w, https:\/\/amxim.com\/wp-content\/uploads\/2025\/03\/AMXIM-about-factory2-1300x792.webp 1300w, https:\/\/amxim.com\/wp-content\/uploads\/2025\/03\/AMXIM-about-factory2-150x91.webp 150w, https:\/\/amxim.com\/wp-content\/uploads\/2025\/03\/AMXIM-about-factory2-768x468.webp 768w, https:\/\/amxim.com\/wp-content\/uploads\/2025\/03\/AMXIM-about-factory2-1200x731.webp 1200w, https:\/\/amxim.com\/wp-content\/uploads\/2025\/03\/AMXIM-about-factory2-145x88.webp 145w\" sizes=\"(max-width: 1400px) 100vw, 1400px\" \/>\t\t\t\t\t<\/div>\n\n\t\t\t\t\t\t<\/div>\n\t\t\t\t<\/div>\n\t\t\t\t<\/div>\n\t\t\t\t\t<\/div>\n\t\t\t\t<\/div>\n\t\t<div class=\"elementor-element elementor-element-d61ca0e e-flex e-con-boxed e-con e-parent\" data-id=\"d61ca0e\" data-element_type=\"container\" data-e-type=\"container\">\n\t\t\t\t\t<div class=\"e-con-inner\">\n\t\t\t\t<div class=\"elementor-element elementor-element-87b0cb2 elementor-widget elementor-widget-wd_text_block\" data-id=\"87b0cb2\" data-element_type=\"widget\" data-e-type=\"widget\" data-widget_type=\"wd_text_block.default\">\n\t\t\t\t<div class=\"elementor-widget-container\">\n\t\t\t\t\t\t\t<div class=\"wd-text-block reset-last-child text-left\">\n\t\t\t\n\t\t\t<h2 class=\"\" data-start=\"902\" data-end=\"933\">Prozessbegleitende Qualit\u00e4tssicherung<\/h2><p class=\"\" data-start=\"935\" data-end=\"1060\"><span class=\"relative -mx-px my-[-0.2rem] rounded px-px py-[0.2rem]\">W\u00e4hrend des gesamten Herstellungsprozesses f\u00fchren wir eine kontinuierliche \u00dcberwachung und Probenahme durch.<\/span> <span class=\"relative -mx-px my-[-0.2rem] rounded px-px py-[0.2rem]\">Zu den wichtigsten Qualit\u00e4tspr\u00fcfungen geh\u00f6ren:<\/span>\u200b<\/p><ul data-start=\"1062\" data-end=\"1451\"><li class=\"\" data-start=\"1062\" data-end=\"1170\"><p class=\"\" data-start=\"1064\" data-end=\"1170\"><strong data-start=\"1064\" data-end=\"1083\">Dichtheitspr\u00fcfung<\/strong>: <span class=\"relative -mx-px my-[-0.2rem] rounded px-px py-[0.2rem]\">Sicherstellen, dass auf allen Ger\u00e4ten keine E-Liquid-Lecks auftreten.<\/span>\u200b<\/p><\/li><li class=\"\" data-start=\"1172\" data-end=\"1290\"><p class=\"\" data-start=\"1174\" data-end=\"1290\"><strong data-start=\"1174\" data-end=\"1203\">Batteriesicherheitsbewertung<\/strong>: <span class=\"relative -mx-px my-[-0.2rem] rounded px-px py-[0.2rem]\">Bewertung der Batterieleistung unter verschiedenen Bedingungen, um \u00dcberladung, \u00dcberentladung und Kurzschl\u00fcsse zu verhindern.<\/span>\u200b<\/p><\/li><li class=\"\" data-start=\"1292\" data-end=\"1451\"><p class=\"\" data-start=\"1294\" data-end=\"1451\"><strong data-start=\"1294\" data-end=\"1324\">Haltbarkeit von Widerstandsdr\u00e4hten<\/strong>: <span class=\"relative -mx-px my-[-0.2rem] rounded px-px py-[0.2rem]\">Durchf\u00fchren von Lebensdauertests an Spulenkomponenten, um Langlebigkeit und gleichbleibende Leistung zu gew\u00e4hrleisten.<\/span><\/p><\/li><\/ul>\n\t\t\t\t\t<\/div>\n\t\t\t\t\t\t<\/div>\n\t\t\t\t<\/div>\n\t\t\t\t<div class=\"elementor-element elementor-element-c82ecf3 elementor-widget elementor-widget-wd_text_block\" data-id=\"c82ecf3\" data-element_type=\"widget\" data-e-type=\"widget\" data-widget_type=\"wd_text_block.default\">\n\t\t\t\t<div class=\"elementor-widget-container\">\n\t\t\t\t\t\t\t<div class=\"wd-text-block reset-last-child text-left\">\n\t\t\t\n\t\t\t<h2 class=\"\" data-start=\"1701\" data-end=\"1725\">Endproduktpr\u00fcfung<\/h2><p class=\"\" data-start=\"1727\" data-end=\"1812\"><span class=\"relative -mx-px my-[-0.2rem] rounded px-px py-[0.2rem]\">Bevor jedes Produkt unser Werk verl\u00e4sst, wird es umfassenden Tests unterzogen, darunter:<\/span>\u200b<\/p><ul data-start=\"1814\" data-end=\"2153\"><li class=\"\" data-start=\"1814\" data-end=\"1926\"><p class=\"\" data-start=\"1816\" data-end=\"1926\"><strong data-start=\"1816\" data-end=\"1839\">Funktionstests<\/strong>: <span class=\"relative -mx-px my-[-0.2rem] rounded px-px py-[0.2rem]\">\u00dcberpr\u00fcfen der Ger\u00e4tefunktion und Benutzeroberfl\u00e4che.<\/span>\u200b<\/p><\/li><li class=\"\" data-start=\"1928\" data-end=\"2039\"><p class=\"\" data-start=\"1930\" data-end=\"2039\"><strong data-start=\"1930\" data-end=\"1952\">Geschmackskonsistenz<\/strong>: <span class=\"relative -mx-px my-[-0.2rem] rounded px-px py-[0.2rem]\">Sicherstellen, dass E-Liquids das gew\u00fcnschte Geschmacksprofil liefern.<\/span>\u200b<\/p><\/li><li class=\"\" data-start=\"2041\" data-end=\"2153\"><p class=\"\" data-start=\"2043\" data-end=\"2153\"><strong data-start=\"2043\" data-end=\"2066\">Verpackungsintegrit\u00e4t<\/strong>: <span class=\"relative -mx-px my-[-0.2rem] rounded px-px py-[0.2rem]\">Best\u00e4tigen Sie, dass die Produkte sicher verpackt sind, um Transportsch\u00e4den zu vermeiden.<\/span><\/p><\/li><\/ul>\n\t\t\t\t\t<\/div>\n\t\t\t\t\t\t<\/div>\n\t\t\t\t<\/div>\n\t\t\t\t\t<\/div>\n\t\t\t\t<\/div>\n\t\t<div class=\"wd-negative-gap elementor-element elementor-element-8f43144 e-flex e-con-boxed e-con e-parent\" data-id=\"8f43144\" data-element_type=\"container\" data-e-type=\"container\" data-settings=\"{&quot;background_background&quot;:&quot;classic&quot;}\">\n\t\t\t\t\t<div class=\"e-con-inner\">\n\t\t\t\t<div class=\"elementor-element elementor-element-c222601 elementor-widget elementor-widget-wd_text_block\" data-id=\"c222601\" data-element_type=\"widget\" data-e-type=\"widget\" data-widget_type=\"wd_text_block.default\">\n\t\t\t\t<div class=\"elementor-widget-container\">\n\t\t\t\t\t\t\t<div class=\"wd-text-block reset-last-child text-left\">\n\t\t\t\n\t\t\t<h1 data-start=\"1453\" data-end=\"1492\"><strong>Einhaltung gesetzlicher Vorschriften<\/strong><\/h1><p class=\"\" data-start=\"1494\" data-end=\"1699\"><span class=\"relative -mx-px my-[-0.2rem] rounded px-px py-[0.2rem]\">Wir halten uns strikt an die internationalen Vorschriften zur Herstellung von E-Zigaretten.<\/span> <span class=\"relative -mx-px my-[-0.2rem] rounded px-px py-[0.2rem]\">Unsere Produkte erf\u00fcllen oder \u00fcbertreffen Sicherheits- und Qualit\u00e4tsnormen und gew\u00e4hrleisten so einen reibungslosen Markteintritt weltweit.<\/span> <span class=\"relative -mx-px my-[-0.2rem] rounded px-px py-[0.2rem]\">Regelm\u00e4\u00dfige Audits und Zertifizierungen best\u00e4tigen unsere Konformit\u00e4t und unser Streben nach Spitzenleistungen.<\/span> \u200b<\/p>\n\t\t\t\t\t<\/div>\n\t\t\t\t\t\t<\/div>\n\t\t\t\t<\/div>\n\t\t\t\t\t<\/div>\n\t\t\t\t<\/div>\n\t\t\t\t<\/div>","protected":false},"excerpt":{"rendered":"<p>Advanced Manufacturing Standards Design and Development: Each product undergoes meticulous design and development phases to ensure functionality and user satisfaction.\u200b<\/p>","protected":false},"author":1,"featured_media":0,"parent":0,"menu_order":0,"comment_status":"closed","ping_status":"closed","template":"","meta":{"footnotes":""},"class_list":["post-2890","page","type-page","status-publish","hentry"],"yoast_head":"<!-- This site is optimized with the Yoast SEO plugin v26.9 - https:\/\/yoast.com\/product\/yoast-seo-wordpress\/ -->\n<title>Factory Tour - Inside AXMIM Vape Factory<\/title>\n<meta name=\"description\" content=\"Take a virtual tour of our state-of-the-art vape manufacturing facility. See how we create custom vape devices, e-liquids, and offer OEM &amp; ODM services with the highest quality standards.\" \/>\n<meta name=\"robots\" content=\"index, follow, max-snippet:-1, max-image-preview:large, max-video-preview:-1\" \/>\n<link rel=\"canonical\" href=\"https:\/\/amxim.com\/de\/werksfuhrung\/\" \/>\n<meta property=\"og:locale\" content=\"de_DE\" \/>\n<meta property=\"og:type\" content=\"article\" \/>\n<meta property=\"og:title\" content=\"Factory Tour - Inside AXMIM Vape Factory\" \/>\n<meta property=\"og:description\" content=\"Take a virtual tour of our state-of-the-art vape manufacturing facility. See how we create custom vape devices, e-liquids, and offer OEM &amp; ODM services with the highest quality standards.\" \/>\n<meta property=\"og:url\" content=\"https:\/\/amxim.com\/de\/werksfuhrung\/\" \/>\n<meta property=\"og:site_name\" content=\"AMXIM\" \/>\n<meta property=\"article:modified_time\" content=\"2025-03-29T04:38:31+00:00\" \/>\n<meta property=\"og:image\" content=\"https:\/\/amxim.com\/wp-content\/uploads\/2025\/03\/AMXIM-about-production.webp\" \/>\n<meta name=\"twitter:card\" content=\"summary_large_image\" \/>\n<meta name=\"twitter:label1\" content=\"Gesch\u00e4tzte Lesezeit\" \/>\n\t<meta name=\"twitter:data1\" content=\"2\u00a0Minuten\" \/>\n<script type=\"application\/ld+json\" class=\"yoast-schema-graph\">{\"@context\":\"https:\/\/schema.org\",\"@graph\":[{\"@type\":\"WebPage\",\"@id\":\"https:\/\/amxim.com\/ja\/factory-tour\/\",\"url\":\"https:\/\/amxim.com\/ja\/factory-tour\/\",\"name\":\"Factory Tour - Inside AXMIM Vape Factory\",\"isPartOf\":{\"@id\":\"https:\/\/amxim.com\/#website\"},\"primaryImageOfPage\":{\"@id\":\"https:\/\/amxim.com\/ja\/factory-tour\/#primaryimage\"},\"image\":{\"@id\":\"https:\/\/amxim.com\/ja\/factory-tour\/#primaryimage\"},\"thumbnailUrl\":\"https:\/\/amxim.com\/wp-content\/uploads\/2025\/03\/AMXIM-about-production.webp\",\"datePublished\":\"2025-03-11T08:45:28+00:00\",\"dateModified\":\"2025-03-29T04:38:31+00:00\",\"description\":\"Take a virtual tour of our state-of-the-art vape manufacturing facility. See how we create custom vape devices, e-liquids, and offer OEM & ODM services with the highest quality standards.\",\"breadcrumb\":{\"@id\":\"https:\/\/amxim.com\/ja\/factory-tour\/#breadcrumb\"},\"inLanguage\":\"de\",\"potentialAction\":[{\"@type\":\"ReadAction\",\"target\":[\"https:\/\/amxim.com\/ja\/factory-tour\/\"]}]},{\"@type\":\"ImageObject\",\"inLanguage\":\"de\",\"@id\":\"https:\/\/amxim.com\/ja\/factory-tour\/#primaryimage\",\"url\":\"https:\/\/amxim.com\/wp-content\/uploads\/2025\/03\/AMXIM-about-production.webp\",\"contentUrl\":\"https:\/\/amxim.com\/wp-content\/uploads\/2025\/03\/AMXIM-about-production.webp\"},{\"@type\":\"BreadcrumbList\",\"@id\":\"https:\/\/amxim.com\/ja\/factory-tour\/#breadcrumb\",\"itemListElement\":[{\"@type\":\"ListItem\",\"position\":1,\"name\":\"Home\",\"item\":\"https:\/\/amxim.com\/\"},{\"@type\":\"ListItem\",\"position\":2,\"name\":\"Factory Tour\"}]},{\"@type\":\"WebSite\",\"@id\":\"https:\/\/amxim.com\/#website\",\"url\":\"https:\/\/amxim.com\/\",\"name\":\"AMXIM\",\"description\":\"AMXIM-OEM ODM Vape Manufacturer\",\"publisher\":{\"@id\":\"https:\/\/amxim.com\/#organization\"},\"potentialAction\":[{\"@type\":\"SearchAction\",\"target\":{\"@type\":\"EntryPoint\",\"urlTemplate\":\"https:\/\/amxim.com\/?s={search_term_string}\"},\"query-input\":{\"@type\":\"PropertyValueSpecification\",\"valueRequired\":true,\"valueName\":\"search_term_string\"}}],\"inLanguage\":\"de\"},{\"@type\":\"Organization\",\"@id\":\"https:\/\/amxim.com\/#organization\",\"name\":\"AMXIM\",\"url\":\"https:\/\/amxim.com\/\",\"logo\":{\"@type\":\"ImageObject\",\"inLanguage\":\"de\",\"@id\":\"https:\/\/amxim.com\/#\/schema\/logo\/image\/\",\"url\":\"https:\/\/amxim.com\/wp-content\/uploads\/2025\/03\/cropped-AMXIM-fav.webp\",\"contentUrl\":\"https:\/\/amxim.com\/wp-content\/uploads\/2025\/03\/cropped-AMXIM-fav.webp\",\"width\":512,\"height\":512,\"caption\":\"AMXIM\"},\"image\":{\"@id\":\"https:\/\/amxim.com\/#\/schema\/logo\/image\/\"}}]}<\/script>\n<!-- \/ Yoast SEO plugin. -->","yoast_head_json":{"title":"Werksf\u00fchrung \u2013 In der AXMIM Vape Factory","description":"Machen Sie einen virtuellen Rundgang durch unsere hochmoderne Vape-Produktionsanlage. Sehen Sie, wie wir kundenspezifische Vape-Ger\u00e4te und E-Liquids herstellen und OEM- und ODM-Services mit h\u00f6chsten Qualit\u00e4tsstandards anbieten.","robots":{"index":"index","follow":"follow","max-snippet":"max-snippet:-1","max-image-preview":"max-image-preview:large","max-video-preview":"max-video-preview:-1"},"canonical":"https:\/\/amxim.com\/de\/werksfuhrung\/","og_locale":"de_DE","og_type":"article","og_title":"Factory Tour - Inside AXMIM Vape Factory","og_description":"Take a virtual tour of our state-of-the-art vape manufacturing facility. See how we create custom vape devices, e-liquids, and offer OEM & ODM services with the highest quality standards.","og_url":"https:\/\/amxim.com\/de\/werksfuhrung\/","og_site_name":"AMXIM","article_modified_time":"2025-03-29T04:38:31+00:00","og_image":[{"url":"https:\/\/amxim.com\/wp-content\/uploads\/2025\/03\/AMXIM-about-production.webp","type":"","width":"","height":""}],"twitter_card":"summary_large_image","twitter_misc":{"Gesch\u00e4tzte Lesezeit":"2\u00a0Minuten"},"schema":{"@context":"https:\/\/schema.org","@graph":[{"@type":"WebPage","@id":"https:\/\/amxim.com\/ja\/factory-tour\/","url":"https:\/\/amxim.com\/ja\/factory-tour\/","name":"Werksf\u00fchrung \u2013 In der AXMIM Vape Factory","isPartOf":{"@id":"https:\/\/amxim.com\/#website"},"primaryImageOfPage":{"@id":"https:\/\/amxim.com\/ja\/factory-tour\/#primaryimage"},"image":{"@id":"https:\/\/amxim.com\/ja\/factory-tour\/#primaryimage"},"thumbnailUrl":"https:\/\/amxim.com\/wp-content\/uploads\/2025\/03\/AMXIM-about-production.webp","datePublished":"2025-03-11T08:45:28+00:00","dateModified":"2025-03-29T04:38:31+00:00","description":"Machen Sie einen virtuellen Rundgang durch unsere hochmoderne Vape-Produktionsanlage. Sehen Sie, wie wir kundenspezifische Vape-Ger\u00e4te und E-Liquids herstellen und OEM- und ODM-Services mit h\u00f6chsten Qualit\u00e4tsstandards anbieten.","breadcrumb":{"@id":"https:\/\/amxim.com\/ja\/factory-tour\/#breadcrumb"},"inLanguage":"de","potentialAction":[{"@type":"ReadAction","target":["https:\/\/amxim.com\/ja\/factory-tour\/"]}]},{"@type":"ImageObject","inLanguage":"de","@id":"https:\/\/amxim.com\/ja\/factory-tour\/#primaryimage","url":"https:\/\/amxim.com\/wp-content\/uploads\/2025\/03\/AMXIM-about-production.webp","contentUrl":"https:\/\/amxim.com\/wp-content\/uploads\/2025\/03\/AMXIM-about-production.webp"},{"@type":"BreadcrumbList","@id":"https:\/\/amxim.com\/ja\/factory-tour\/#breadcrumb","itemListElement":[{"@type":"ListItem","position":1,"name":"Home","item":"https:\/\/amxim.com\/"},{"@type":"ListItem","position":2,"name":"Factory Tour"}]},{"@type":"WebSite","@id":"https:\/\/amxim.com\/#website","url":"https:\/\/amxim.com\/","name":"AMXIM","description":"AMXIM-OEM ODM Vape Hersteller","publisher":{"@id":"https:\/\/amxim.com\/#organization"},"potentialAction":[{"@type":"SearchAction","target":{"@type":"EntryPoint","urlTemplate":"https:\/\/amxim.com\/?s={search_term_string}"},"query-input":{"@type":"PropertyValueSpecification","valueRequired":true,"valueName":"search_term_string"}}],"inLanguage":"de"},{"@type":"Organization","@id":"https:\/\/amxim.com\/#organization","name":"AMXIM","url":"https:\/\/amxim.com\/","logo":{"@type":"ImageObject","inLanguage":"de","@id":"https:\/\/amxim.com\/#\/schema\/logo\/image\/","url":"https:\/\/amxim.com\/wp-content\/uploads\/2025\/03\/cropped-AMXIM-fav.webp","contentUrl":"https:\/\/amxim.com\/wp-content\/uploads\/2025\/03\/cropped-AMXIM-fav.webp","width":512,"height":512,"caption":"AMXIM"},"image":{"@id":"https:\/\/amxim.com\/#\/schema\/logo\/image\/"}}]}},"_links":{"self":[{"href":"https:\/\/amxim.com\/de\/wp-json\/wp\/v2\/pages\/2890","targetHints":{"allow":["GET"]}}],"collection":[{"href":"https:\/\/amxim.com\/de\/wp-json\/wp\/v2\/pages"}],"about":[{"href":"https:\/\/amxim.com\/de\/wp-json\/wp\/v2\/types\/page"}],"author":[{"embeddable":true,"href":"https:\/\/amxim.com\/de\/wp-json\/wp\/v2\/users\/1"}],"replies":[{"embeddable":true,"href":"https:\/\/amxim.com\/de\/wp-json\/wp\/v2\/comments?post=2890"}],"version-history":[{"count":0,"href":"https:\/\/amxim.com\/de\/wp-json\/wp\/v2\/pages\/2890\/revisions"}],"wp:attachment":[{"href":"https:\/\/amxim.com\/de\/wp-json\/wp\/v2\/media?parent=2890"}],"curies":[{"name":"wp","href":"https:\/\/api.w.org\/{rel}","templated":true}]}}