{"id":2897,"date":"2025-03-11T09:14:04","date_gmt":"2025-03-11T09:14:04","guid":{"rendered":"https:\/\/amxim.com\/?page_id=2897"},"modified":"2025-03-29T04:31:26","modified_gmt":"2025-03-29T04:31:26","slug":"oem-odm","status":"publish","type":"page","link":"https:\/\/amxim.com\/de\/oem-odm\/","title":{"rendered":"OEM und ODM"},"content":{"rendered":"<div data-elementor-type=\"wp-page\" data-elementor-id=\"2897\" class=\"elementor elementor-2897\" data-elementor-post-type=\"page\">\n\t\t\t\t<div class=\"wd-negative-gap elementor-element elementor-element-c3467dc e-flex e-con-boxed e-con e-parent\" data-id=\"c3467dc\" data-element_type=\"container\" data-e-type=\"container\">\n\t\t\t\t\t<div class=\"e-con-inner\">\n\t\t\t\t<div class=\"elementor-element elementor-element-65371b1 wd-width-100 elementor-widget elementor-widget-wd_title\" data-id=\"65371b1\" data-element_type=\"widget\" data-e-type=\"widget\" data-widget_type=\"wd_title.default\">\n\t\t\t\t<div class=\"elementor-widget-container\">\n\t\t\t\t\t\t\t<div class=\"title-wrapper set-mb-s reset-last-child wd-title-color-default wd-title-style-default wd-title-size-extra-large text-center\">\n\n\t\t\t\n\t\t\t<div class=\"liner-continer\">\n\t\t\t\t<h2 class=\"woodmart-title-container title wd-fontsize-xxxl\">OEM- und ODM-Services f\u00fcr Vape-Produkte<\/h2> \n\t\t\t\t\t\t\t<\/div>\n\n\t\t\t\t\t\t\t<div class=\"title-after_title set-cont-mb-s reset-last-child wd-fontsize-s\">\n\t\t\t\t\t<p>Bei AMXIM sind wir auf umfassende OEM- (Original Equipment Manufacturing) und ODM- (Original Design Manufacturing) Dienstleistungen f\u00fcr Vape-Produkte spezialisiert. Mit langj\u00e4hriger Branchenerfahrung unterst\u00fctzen wir Marken dabei, ihre einzigartigen Vaping-Ger\u00e4te und E-Liquids effizient und kosteng\u00fcnstig auf den Markt zu bringen.<\/p>\t\t\t\t<\/div>\n\t\t\t\t\t<\/div>\n\t\t\t\t\t\t<\/div>\n\t\t\t\t<\/div>\n\t\t\t\t\t<\/div>\n\t\t\t\t<\/div>\n\t\t<div class=\"elementor-element elementor-element-408dd1b8 e-con-full e-flex e-con e-parent\" data-id=\"408dd1b8\" data-element_type=\"container\" data-e-type=\"container\" data-settings=\"{&quot;background_background&quot;:&quot;classic&quot;}\">\n\t\t<div class=\"elementor-element elementor-element-2f663f8a e-flex e-con-boxed e-con e-child\" data-id=\"2f663f8a\" data-element_type=\"container\" data-e-type=\"container\">\n\t\t\t\t\t<div class=\"e-con-inner\">\n\t\t\t\t<div class=\"elementor-element elementor-element-40b0030a elementor-widget__width-inherit elementor-widget elementor-widget-heading\" data-id=\"40b0030a\" data-element_type=\"widget\" data-e-type=\"widget\" data-widget_type=\"heading.default\">\n\t\t\t\t<div class=\"elementor-widget-container\">\n\t\t\t\t\t<span class=\"elementor-heading-title elementor-size-default\">schlie\u00dfen Sie sich dem Erfolg an<\/span>\t\t\t\t<\/div>\n\t\t\t\t<\/div>\n\t\t\t\t<div class=\"elementor-element elementor-element-7cbe3995 elementor-widget__width-inherit elementor-widget elementor-widget-heading\" data-id=\"7cbe3995\" data-element_type=\"widget\" data-e-type=\"widget\" data-widget_type=\"heading.default\">\n\t\t\t\t<div class=\"elementor-widget-container\">\n\t\t\t\t\t<h3 class=\"elementor-heading-title elementor-size-default\">Unser OEM- und ODM-Prozess<\/h3>\t\t\t\t<\/div>\n\t\t\t\t<\/div>\n\t\t\t\t\t<\/div>\n\t\t\t\t<\/div>\n\t\t<div class=\"elementor-element elementor-element-7498dd69 e-con-full e-flex e-con e-child\" data-id=\"7498dd69\" data-element_type=\"container\" data-e-type=\"container\" data-settings=\"{&quot;background_background&quot;:&quot;classic&quot;}\">\n\t\t\t\t<div class=\"elementor-element elementor-element-119b630b elementor-cta--layout-image-below elementor-cta--mobile-layout-image-above elementor-widget__width-inherit elementor-cta--skin-classic elementor-animated-content elementor-widget elementor-widget-call-to-action\" data-id=\"119b630b\" data-element_type=\"widget\" data-e-type=\"widget\" data-widget_type=\"call-to-action.default\">\n\t\t\t\t<div class=\"elementor-widget-container\">\n\t\t\t\t\t\t\t<div class=\"elementor-cta\">\n\t\t\t\t\t\t\t<div class=\"elementor-cta__content\">\n\t\t\t\t\t\t\t\t\t<div class=\"elementor-content-item elementor-cta__content-item elementor-cta__image\">\n\t\t\t\t\t\t<img fetchpriority=\"high\" decoding=\"async\" width=\"1200\" height=\"260\" src=\"https:\/\/amxim.com\/wp-content\/uploads\/2025\/03\/AMXIM-oem-1.webp\" class=\"attachment-full size-full wp-image-10527\" alt=\"\" srcset=\"https:\/\/amxim.com\/wp-content\/uploads\/2025\/03\/AMXIM-oem-1.webp 1200w, https:\/\/amxim.com\/wp-content\/uploads\/2025\/03\/AMXIM-oem-1-400x87.webp 400w, https:\/\/amxim.com\/wp-content\/uploads\/2025\/03\/AMXIM-oem-1-150x33.webp 150w, https:\/\/amxim.com\/wp-content\/uploads\/2025\/03\/AMXIM-oem-1-768x166.webp 768w, https:\/\/amxim.com\/wp-content\/uploads\/2025\/03\/AMXIM-oem-1-145x31.webp 145w\" sizes=\"(max-width: 1200px) 100vw, 1200px\" \/>\t\t\t\t\t<\/div>\n\t\t\t\t\n\t\t\t\t\t\t\t\t\t<h2 class=\"elementor-cta__title elementor-cta__content-item elementor-content-item\">\n\t\t\t\t\t\tOEM-Prozess\t\t\t\t\t<\/h2>\n\t\t\t\t\n\t\t\t\t\t\t\t\t\t<h3 class=\"elementor-cta__description elementor-cta__content-item elementor-content-item\">\n\t\t\t\t\t\tDer OEM-Prozess beginnt mit der Analyse Ihrer spezifischen Anforderungen an Ihr Vape-Produkt, einschlie\u00dflich Ger\u00e4tespezifikationen, E-Liquid-Formulierungen und Markenpr\u00e4ferenzen. Anschlie\u00dfend passen wir unsere vorhandene Vape-Hardware oder E-Liquids an Ihre Markenidentit\u00e4t an, indem wir Logodruck, Private Labeling und individuelle Verpackungen integrieren. Nach der Fertigstellung des Designs fertigen wir Muster f\u00fcr Leistungstests und die Einhaltung gesetzlicher Vorschriften. Nach der Freigabe beginnt die Massenproduktion in unserer hochmodernen Anlage, wobei wir durch strenge Qualit\u00e4tskontrollen hohe Qualit\u00e4tsstandards gew\u00e4hrleisten. Abschlie\u00dfend werden die fertigen Vape-Produkte sorgf\u00e4ltig verpackt und marktreif an Ihren Bestimmungsort versandt.\t\t\t\t\t<\/h3>\n\t\t\t\t\n\t\t\t\t\t\t\t<\/div>\n\t\t\t\t\t\t<\/div>\n\t\t\t\t\t\t<\/div>\n\t\t\t\t<\/div>\n\t\t\t\t<div class=\"elementor-element elementor-element-20c9e797 elementor-cta--layout-image-below elementor-cta--mobile-layout-image-above elementor-widget__width-inherit elementor-cta--skin-classic elementor-animated-content elementor-widget elementor-widget-call-to-action\" data-id=\"20c9e797\" data-element_type=\"widget\" data-e-type=\"widget\" data-widget_type=\"call-to-action.default\">\n\t\t\t\t<div class=\"elementor-widget-container\">\n\t\t\t\t\t\t\t<div class=\"elementor-cta\">\n\t\t\t\t\t\t\t<div class=\"elementor-cta__content\">\n\t\t\t\t\t\t\t\t\t<div class=\"elementor-content-item elementor-cta__content-item elementor-cta__image\">\n\t\t\t\t\t\t<img decoding=\"async\" width=\"1200\" height=\"300\" src=\"https:\/\/amxim.com\/wp-content\/uploads\/2025\/03\/AMXIM-odm.webp\" class=\"attachment-full size-full wp-image-10528\" alt=\"\" srcset=\"https:\/\/amxim.com\/wp-content\/uploads\/2025\/03\/AMXIM-odm.webp 1200w, https:\/\/amxim.com\/wp-content\/uploads\/2025\/03\/AMXIM-odm-400x100.webp 400w, https:\/\/amxim.com\/wp-content\/uploads\/2025\/03\/AMXIM-odm-150x38.webp 150w, https:\/\/amxim.com\/wp-content\/uploads\/2025\/03\/AMXIM-odm-768x192.webp 768w, https:\/\/amxim.com\/wp-content\/uploads\/2025\/03\/AMXIM-odm-145x36.webp 145w\" sizes=\"(max-width: 1200px) 100vw, 1200px\" \/>\t\t\t\t\t<\/div>\n\t\t\t\t\n\t\t\t\t\t\t\t\t\t<h2 class=\"elementor-cta__title elementor-cta__content-item elementor-content-item\">\n\t\t\t\t\t\tODM-Prozess\t\t\t\t\t<\/h2>\n\t\t\t\t\n\t\t\t\t\t\t\t\t\t<h3 class=\"elementor-cta__description elementor-cta__content-item elementor-content-item\">\n\t\t\t\t\t\tDer ODM-Prozess bei AMXIM beginnt mit der Entwicklung innovativer Vape-Produkte durch unser Forschungs- und Entwicklungsteam, das auf Markttrends und der Vision Ihrer Marke basiert. Wir entwickeln einzigartige Vape-Ger\u00e4te, Pod-Systeme, Einwegprodukte oder E-Liquids von Grund auf neu und legen dabei Wert auf fortschrittliche Technologie, Benutzerfreundlichkeit und Einhaltung gesetzlicher Vorschriften. Nach der Konzeption erstellen wir Prototypen zum Testen und Verfeinern. Sobald das Design finalisiert ist, beginnen wir mit der Massenproduktion unter Verwendung hochwertiger Materialien und strenger Qualit\u00e4tskontrollen. Individuelles Branding, Verpackung und Zertifizierungsunterst\u00fctzung sind inklusive, um sicherzustellen, dass Ihr exklusives Vape-Produkt marktreif ist und globalen Standards entspricht.\t\t\t\t\t<\/h3>\n\t\t\t\t\n\t\t\t\t\t\t\t<\/div>\n\t\t\t\t\t\t<\/div>\n\t\t\t\t\t\t<\/div>\n\t\t\t\t<\/div>\n\t\t\t\t<\/div>\n\t\t\t\t<\/div>\n\t\t<div class=\"elementor-element elementor-element-621cf4c7 e-con-full e-flex e-con e-parent\" data-id=\"621cf4c7\" data-element_type=\"container\" data-e-type=\"container\" data-settings=\"{&quot;background_background&quot;:&quot;classic&quot;}\">\n\t\t\t\t<div class=\"elementor-element elementor-element-5b4377a1 elementor-widget-tablet__width-inherit elementor-widget elementor-widget-heading\" data-id=\"5b4377a1\" data-element_type=\"widget\" data-e-type=\"widget\" data-widget_type=\"heading.default\">\n\t\t\t\t<div class=\"elementor-widget-container\">\n\t\t\t\t\t<h2 class=\"elementor-heading-title elementor-size-default\">Warum uns w\u00e4hlen?<\/h2>\t\t\t\t<\/div>\n\t\t\t\t<\/div>\n\t\t<div class=\"elementor-element elementor-element-6d7af901 e-con-full e-flex e-con e-child\" data-id=\"6d7af901\" data-element_type=\"container\" data-e-type=\"container\" data-settings=\"{&quot;background_background&quot;:&quot;classic&quot;}\">\n\t\t\t\t<div class=\"elementor-element elementor-element-16fee19d elementor-widget-tablet__width-initial elementor-widget-mobile__width-inherit elementor-widget__width-initial elementor-widget elementor-widget-icon-box\" data-id=\"16fee19d\" data-element_type=\"widget\" data-e-type=\"widget\" data-widget_type=\"icon-box.default\">\n\t\t\t\t<div class=\"elementor-widget-container\">\n\t\t\t\t\t\t\t<div class=\"elementor-icon-box-wrapper\">\n\n\t\t\t\n\t\t\t\t\t\t<div class=\"elementor-icon-box-content\">\n\n\t\t\t\t\t\t\t\t\t<h3 class=\"elementor-icon-box-title\">\n\t\t\t\t\t\t<span  >\n\t\t\t\t\t\t\tExperienced R&amp;D Team\t\t\t\t\t\t<\/span>\n\t\t\t\t\t<\/h3>\n\t\t\t\t\n\t\t\t\t\t\t\t\t\t<p class=\"elementor-icon-box-description\">\n\t\t\t\t\t\tSpitzentechnologie und innovative Produktentwicklung.\t\t\t\t\t<\/p>\n\t\t\t\t\n\t\t\t<\/div>\n\t\t\t\n\t\t<\/div>\n\t\t\t\t\t\t<\/div>\n\t\t\t\t<\/div>\n\t\t\t\t<div class=\"elementor-element elementor-element-32bc265f elementor-widget-tablet__width-initial elementor-widget-mobile__width-inherit elementor-widget__width-initial elementor-widget elementor-widget-icon-box\" data-id=\"32bc265f\" data-element_type=\"widget\" data-e-type=\"widget\" data-widget_type=\"icon-box.default\">\n\t\t\t\t<div class=\"elementor-widget-container\">\n\t\t\t\t\t\t\t<div class=\"elementor-icon-box-wrapper\">\n\n\t\t\t\n\t\t\t\t\t\t<div class=\"elementor-icon-box-content\">\n\n\t\t\t\t\t\t\t\t\t<h3 class=\"elementor-icon-box-title\">\n\t\t\t\t\t\t<span  >\n\t\t\t\t\t\t\tHohe Qualit\u00e4tsstandards\t\t\t\t\t\t<\/span>\n\t\t\t\t\t<\/h3>\n\t\t\t\t\n\t\t\t\t\t\t\t\t\t<p class=\"elementor-icon-box-description\">\n\t\t\t\t\t\tStrenge Qualit\u00e4tskontrollprozesse gew\u00e4hrleisten eine erstklassige Produktleistung.\t\t\t\t\t<\/p>\n\t\t\t\t\n\t\t\t<\/div>\n\t\t\t\n\t\t<\/div>\n\t\t\t\t\t\t<\/div>\n\t\t\t\t<\/div>\n\t\t\t\t<div class=\"elementor-element elementor-element-2b302445 elementor-widget-tablet__width-initial elementor-widget-mobile__width-inherit elementor-widget__width-initial elementor-widget elementor-widget-icon-box\" data-id=\"2b302445\" data-element_type=\"widget\" data-e-type=\"widget\" data-widget_type=\"icon-box.default\">\n\t\t\t\t<div class=\"elementor-widget-container\">\n\t\t\t\t\t\t\t<div class=\"elementor-icon-box-wrapper\">\n\n\t\t\t\n\t\t\t\t\t\t<div class=\"elementor-icon-box-content\">\n\n\t\t\t\t\t\t\t\t\t<h3 class=\"elementor-icon-box-title\">\n\t\t\t\t\t\t<span  >\n\t\t\t\t\t\t\tCustomization &amp; Flexibility\t\t\t\t\t\t<\/span>\n\t\t\t\t\t<\/h3>\n\t\t\t\t\n\t\t\t\t\t\t\t\t\t<p class=\"elementor-icon-box-description\">\n\t\t\t\t\t\tMa\u00dfgeschneiderte L\u00f6sungen, die zu Ihrer Markenidentit\u00e4t und Ihren Marktanforderungen passen.\t\t\t\t\t<\/p>\n\t\t\t\t\n\t\t\t<\/div>\n\t\t\t\n\t\t<\/div>\n\t\t\t\t\t\t<\/div>\n\t\t\t\t<\/div>\n\t\t\t\t<div class=\"elementor-element elementor-element-56307a1c elementor-widget-tablet__width-initial elementor-widget-mobile__width-inherit elementor-widget__width-initial elementor-widget elementor-widget-icon-box\" data-id=\"56307a1c\" data-element_type=\"widget\" data-e-type=\"widget\" data-widget_type=\"icon-box.default\">\n\t\t\t\t<div class=\"elementor-widget-container\">\n\t\t\t\t\t\t\t<div class=\"elementor-icon-box-wrapper\">\n\n\t\t\t\n\t\t\t\t\t\t<div class=\"elementor-icon-box-content\">\n\n\t\t\t\t\t\t\t\t\t<h3 class=\"elementor-icon-box-title\">\n\t\t\t\t\t\t<span  >\n\t\t\t\t\t\t\tZuverl\u00e4ssige Lieferkette\t\t\t\t\t\t<\/span>\n\t\t\t\t\t<\/h3>\n\t\t\t\t\n\t\t\t\t\t\t\t\t\t<p class=\"elementor-icon-box-description\">\n\t\t\t\t\t\tEffiziente Produktion und p\u00fcnktliche Lieferung.\t\t\t\t\t<\/p>\n\t\t\t\t\n\t\t\t<\/div>\n\t\t\t\n\t\t<\/div>\n\t\t\t\t\t\t<\/div>\n\t\t\t\t<\/div>\n\t\t\t\t<\/div>\n\t\t\t\t<\/div>\n\t\t\t\t<\/div>","protected":false},"excerpt":{"rendered":"<p>OEM &amp; ODM Services for Vape Products At AMXIM, we specialize in providing comprehensive OEM (Original Equipment Manufacturing) and ODM<\/p>","protected":false},"author":1,"featured_media":0,"parent":0,"menu_order":0,"comment_status":"closed","ping_status":"closed","template":"","meta":{"footnotes":""},"class_list":["post-2897","page","type-page","status-publish","hentry"],"yoast_head":"<!-- This site is optimized with the Yoast SEO plugin v26.9 - https:\/\/yoast.com\/product\/yoast-seo-wordpress\/ -->\n<title>OEM &amp; ODM - AMXIM<\/title>\n<meta name=\"description\" content=\"Partner with a trusted OEM &amp; ODM vape manufacturer. We specialize in custom vape production, branding, and private-label solutions.\" \/>\n<meta name=\"robots\" content=\"index, follow, max-snippet:-1, max-image-preview:large, max-video-preview:-1\" \/>\n<link rel=\"canonical\" href=\"https:\/\/amxim.com\/de\/oem-odm\/\" \/>\n<meta property=\"og:locale\" content=\"de_DE\" \/>\n<meta property=\"og:type\" content=\"article\" \/>\n<meta property=\"og:title\" content=\"OEM &amp; ODM - AMXIM\" \/>\n<meta property=\"og:description\" content=\"Partner with a trusted OEM &amp; ODM vape manufacturer. We specialize in custom vape production, branding, and private-label solutions.\" \/>\n<meta property=\"og:url\" content=\"https:\/\/amxim.com\/de\/oem-odm\/\" \/>\n<meta property=\"og:site_name\" content=\"AMXIM\" \/>\n<meta property=\"article:modified_time\" content=\"2025-03-29T04:31:26+00:00\" \/>\n<meta property=\"og:image\" content=\"https:\/\/amxim.com\/wp-content\/uploads\/2025\/03\/AMXIM-oem-1.webp\" \/>\n<meta name=\"twitter:card\" content=\"summary_large_image\" \/>\n<meta name=\"twitter:label1\" content=\"Gesch\u00e4tzte Lesezeit\" \/>\n\t<meta name=\"twitter:data1\" content=\"2\u00a0Minuten\" \/>\n<script type=\"application\/ld+json\" class=\"yoast-schema-graph\">{\"@context\":\"https:\/\/schema.org\",\"@graph\":[{\"@type\":\"WebPage\",\"@id\":\"https:\/\/amxim.com\/en\/oem-odm\/\",\"url\":\"https:\/\/amxim.com\/en\/oem-odm\/\",\"name\":\"OEM &amp; ODM - AMXIM\",\"isPartOf\":{\"@id\":\"https:\/\/amxim.com\/#website\"},\"primaryImageOfPage\":{\"@id\":\"https:\/\/amxim.com\/en\/oem-odm\/#primaryimage\"},\"image\":{\"@id\":\"https:\/\/amxim.com\/en\/oem-odm\/#primaryimage\"},\"thumbnailUrl\":\"https:\/\/amxim.com\/wp-content\/uploads\/2025\/03\/AMXIM-oem-1.webp\",\"datePublished\":\"2025-03-11T09:14:04+00:00\",\"dateModified\":\"2025-03-29T04:31:26+00:00\",\"description\":\"Partner with a trusted OEM & ODM vape manufacturer. We specialize in custom vape production, branding, and private-label solutions.\",\"breadcrumb\":{\"@id\":\"https:\/\/amxim.com\/en\/oem-odm\/#breadcrumb\"},\"inLanguage\":\"de\",\"potentialAction\":[{\"@type\":\"ReadAction\",\"target\":[\"https:\/\/amxim.com\/en\/oem-odm\/\"]}]},{\"@type\":\"ImageObject\",\"inLanguage\":\"de\",\"@id\":\"https:\/\/amxim.com\/en\/oem-odm\/#primaryimage\",\"url\":\"https:\/\/amxim.com\/wp-content\/uploads\/2025\/03\/AMXIM-oem-1.webp\",\"contentUrl\":\"https:\/\/amxim.com\/wp-content\/uploads\/2025\/03\/AMXIM-oem-1.webp\"},{\"@type\":\"BreadcrumbList\",\"@id\":\"https:\/\/amxim.com\/en\/oem-odm\/#breadcrumb\",\"itemListElement\":[{\"@type\":\"ListItem\",\"position\":1,\"name\":\"Home\",\"item\":\"https:\/\/amxim.com\/en\/\"},{\"@type\":\"ListItem\",\"position\":2,\"name\":\"OEM &amp; ODM\"}]},{\"@type\":\"WebSite\",\"@id\":\"https:\/\/amxim.com\/#website\",\"url\":\"https:\/\/amxim.com\/\",\"name\":\"AMXIM\",\"description\":\"AMXIM-OEM ODM Vape Manufacturer\",\"publisher\":{\"@id\":\"https:\/\/amxim.com\/#organization\"},\"potentialAction\":[{\"@type\":\"SearchAction\",\"target\":{\"@type\":\"EntryPoint\",\"urlTemplate\":\"https:\/\/amxim.com\/?s={search_term_string}\"},\"query-input\":{\"@type\":\"PropertyValueSpecification\",\"valueRequired\":true,\"valueName\":\"search_term_string\"}}],\"inLanguage\":\"de\"},{\"@type\":\"Organization\",\"@id\":\"https:\/\/amxim.com\/#organization\",\"name\":\"AMXIM\",\"url\":\"https:\/\/amxim.com\/\",\"logo\":{\"@type\":\"ImageObject\",\"inLanguage\":\"de\",\"@id\":\"https:\/\/amxim.com\/#\/schema\/logo\/image\/\",\"url\":\"https:\/\/amxim.com\/wp-content\/uploads\/2025\/03\/cropped-AMXIM-fav.webp\",\"contentUrl\":\"https:\/\/amxim.com\/wp-content\/uploads\/2025\/03\/cropped-AMXIM-fav.webp\",\"width\":512,\"height\":512,\"caption\":\"AMXIM\"},\"image\":{\"@id\":\"https:\/\/amxim.com\/#\/schema\/logo\/image\/\"}}]}<\/script>\n<!-- \/ Yoast SEO plugin. -->","yoast_head_json":{"title":"OEM und ODM - AMXIM","description":"Arbeiten Sie mit einem vertrauensw\u00fcrdigen OEM- und ODM-Vape-Hersteller zusammen. Wir sind spezialisiert auf kundenspezifische Vape-Produktion, Branding und Private-Label-L\u00f6sungen.","robots":{"index":"index","follow":"follow","max-snippet":"max-snippet:-1","max-image-preview":"max-image-preview:large","max-video-preview":"max-video-preview:-1"},"canonical":"https:\/\/amxim.com\/de\/oem-odm\/","og_locale":"de_DE","og_type":"article","og_title":"OEM &amp; ODM - AMXIM","og_description":"Partner with a trusted OEM & ODM vape manufacturer. We specialize in custom vape production, branding, and private-label solutions.","og_url":"https:\/\/amxim.com\/de\/oem-odm\/","og_site_name":"AMXIM","article_modified_time":"2025-03-29T04:31:26+00:00","og_image":[{"url":"https:\/\/amxim.com\/wp-content\/uploads\/2025\/03\/AMXIM-oem-1.webp","type":"","width":"","height":""}],"twitter_card":"summary_large_image","twitter_misc":{"Gesch\u00e4tzte Lesezeit":"2\u00a0Minuten"},"schema":{"@context":"https:\/\/schema.org","@graph":[{"@type":"WebPage","@id":"https:\/\/amxim.com\/en\/oem-odm\/","url":"https:\/\/amxim.com\/en\/oem-odm\/","name":"OEM und ODM - AMXIM","isPartOf":{"@id":"https:\/\/amxim.com\/#website"},"primaryImageOfPage":{"@id":"https:\/\/amxim.com\/en\/oem-odm\/#primaryimage"},"image":{"@id":"https:\/\/amxim.com\/en\/oem-odm\/#primaryimage"},"thumbnailUrl":"https:\/\/amxim.com\/wp-content\/uploads\/2025\/03\/AMXIM-oem-1.webp","datePublished":"2025-03-11T09:14:04+00:00","dateModified":"2025-03-29T04:31:26+00:00","description":"Arbeiten Sie mit einem vertrauensw\u00fcrdigen OEM- und ODM-Vape-Hersteller zusammen. Wir sind spezialisiert auf kundenspezifische Vape-Produktion, Branding und Private-Label-L\u00f6sungen.","breadcrumb":{"@id":"https:\/\/amxim.com\/en\/oem-odm\/#breadcrumb"},"inLanguage":"de","potentialAction":[{"@type":"ReadAction","target":["https:\/\/amxim.com\/en\/oem-odm\/"]}]},{"@type":"ImageObject","inLanguage":"de","@id":"https:\/\/amxim.com\/en\/oem-odm\/#primaryimage","url":"https:\/\/amxim.com\/wp-content\/uploads\/2025\/03\/AMXIM-oem-1.webp","contentUrl":"https:\/\/amxim.com\/wp-content\/uploads\/2025\/03\/AMXIM-oem-1.webp"},{"@type":"BreadcrumbList","@id":"https:\/\/amxim.com\/en\/oem-odm\/#breadcrumb","itemListElement":[{"@type":"ListItem","position":1,"name":"Home","item":"https:\/\/amxim.com\/en\/"},{"@type":"ListItem","position":2,"name":"OEM &amp; ODM"}]},{"@type":"WebSite","@id":"https:\/\/amxim.com\/#website","url":"https:\/\/amxim.com\/","name":"AMXIM","description":"AMXIM-OEM ODM Vape Hersteller","publisher":{"@id":"https:\/\/amxim.com\/#organization"},"potentialAction":[{"@type":"SearchAction","target":{"@type":"EntryPoint","urlTemplate":"https:\/\/amxim.com\/?s={search_term_string}"},"query-input":{"@type":"PropertyValueSpecification","valueRequired":true,"valueName":"search_term_string"}}],"inLanguage":"de"},{"@type":"Organization","@id":"https:\/\/amxim.com\/#organization","name":"AMXIM","url":"https:\/\/amxim.com\/","logo":{"@type":"ImageObject","inLanguage":"de","@id":"https:\/\/amxim.com\/#\/schema\/logo\/image\/","url":"https:\/\/amxim.com\/wp-content\/uploads\/2025\/03\/cropped-AMXIM-fav.webp","contentUrl":"https:\/\/amxim.com\/wp-content\/uploads\/2025\/03\/cropped-AMXIM-fav.webp","width":512,"height":512,"caption":"AMXIM"},"image":{"@id":"https:\/\/amxim.com\/#\/schema\/logo\/image\/"}}]}},"_links":{"self":[{"href":"https:\/\/amxim.com\/de\/wp-json\/wp\/v2\/pages\/2897","targetHints":{"allow":["GET"]}}],"collection":[{"href":"https:\/\/amxim.com\/de\/wp-json\/wp\/v2\/pages"}],"about":[{"href":"https:\/\/amxim.com\/de\/wp-json\/wp\/v2\/types\/page"}],"author":[{"embeddable":true,"href":"https:\/\/amxim.com\/de\/wp-json\/wp\/v2\/users\/1"}],"replies":[{"embeddable":true,"href":"https:\/\/amxim.com\/de\/wp-json\/wp\/v2\/comments?post=2897"}],"version-history":[{"count":0,"href":"https:\/\/amxim.com\/de\/wp-json\/wp\/v2\/pages\/2897\/revisions"}],"wp:attachment":[{"href":"https:\/\/amxim.com\/de\/wp-json\/wp\/v2\/media?parent=2897"}],"curies":[{"name":"wp","href":"https:\/\/api.w.org\/{rel}","templated":true}]}}