{"id":10298,"date":"2025-03-26T09:09:19","date_gmt":"2025-03-26T09:09:19","guid":{"rendered":"https:\/\/amxim.com\/?post_type=product&#038;p=10298"},"modified":"2025-04-02T01:38:02","modified_gmt":"2025-04-02T01:38:02","slug":"2000-zuge-einweg-vape-e-zigarette-kuhler-minzgeschmack-1500-mah","status":"publish","type":"product","link":"https:\/\/amxim.com\/de\/product\/2000-zuge-einweg-vape-e-zigarette-kuhler-minzgeschmack-1500-mah\/","title":{"rendered":"2000 Puffs Einweg-Vape E-Zigarette Cool Mint Geschmack 1500mAh"},"content":{"rendered":"<h2 style=\"text-align: left\">2000 Puffs Einweg-Vape E-Zigarette Cool Mint Geschmack 1500mAh<\/h2>\n<p style=\"text-align: left\">Diese hochwertig verarbeitete Einweg-E-Zigarette vereint meisterhaftes Design, erstklassige Verarbeitung und au\u00dfergew\u00f6hnliche Geschmackswiedergabe und bietet die perfekte Mischung aus fruchtigem Geschmack und Nikotinsalz. Angetrieben von einem 1500-mAh-Akku sorgt sie f\u00fcr \u00fcber 2000 Z\u00fcge sanften Dampfgenuss.<br \/>\nW\u00e4hlen Sie aus einer Vielzahl k\u00f6stlicher Geschmacksrichtungen \u2013 darunter Minze, Lush-Eis, Blaubeereis, Litschi-Eis, gemischte Beeren, Mango-Eis, Erdbeereis, Traubeneis, Bananeneis und Ananas-Eis \u2013 es gibt immer eine Geschmacksrichtung, die Ihrem Geschmack entspricht.<br \/>\nEs sind keine Tasten oder komplizierten Einstellungen erforderlich. Genie\u00dfen Sie das Ger\u00e4t einfach direkt nach dem Auspacken. Dank seiner kompakten Gr\u00f6\u00dfe passt es bequem in jede Tasche und ist auch unterwegs praktisch.<\/p>\n<p>&nbsp;<\/p>\n<h3 style=\"text-align: left\">Hauptmerkmale<\/h3>\n<ul>\n<li style=\"text-align: left\">5% Nikotinsalzst\u00e4rke<\/li>\n<li style=\"text-align: left\">Pneumatischer Schalter<\/li>\n<li style=\"text-align: left\">Integrierter 1500-mAh-Akku.<\/li>\n<li style=\"text-align: left\">Enth\u00e4lt 7,0 ml E-Liquid<\/li>\n<li style=\"text-align: left\">Kleine Gr\u00f6\u00dfe<\/li>\n<li style=\"text-align: left\">leicht zu tragen<\/li>\n<li style=\"text-align: left\">einfach zu bedienen<\/li>\n<li style=\"text-align: left\">toller Geschmack<\/li>\n<\/ul>","protected":false},"excerpt":{"rendered":"<h3>Produktspezifikationen<\/h3>\n<table>\n<tbody>\n<tr>\n<th style=\"text-align: left\">Produkttyp<\/th>\n<td style=\"text-align: left\">Einweg-Vape<\/td>\n<\/tr>\n<tr>\n<th style=\"text-align: left\">Farboptionen<\/th>\n<td style=\"text-align: left\">Gr\u00fcn<\/td>\n<\/tr>\n<tr>\n<th style=\"text-align: left\">Gr\u00f6\u00dfe<\/th>\n<td style=\"text-align: left\">134 x 19 mm<\/td>\n<\/tr>\n<tr>\n<th style=\"text-align: left\">Heizspule<\/th>\n<td style=\"text-align: left\">1,8 \u03a9 Mesh-Spule<\/td>\n<\/tr>\n<tr>\n<th style=\"text-align: left\">Puff<\/th>\n<td style=\"text-align: left\">Bis zu 2000 Z\u00fcge<\/td>\n<\/tr>\n<tr>\n<th style=\"text-align: left\">Batterie<\/th>\n<td style=\"text-align: left\">1500 mAh wiederaufladbar<\/td>\n<\/tr>\n<tr>\n<th style=\"text-align: left\">Vorgef\u00fclltes E-Liquid<\/th>\n<td style=\"text-align: left\">7,0 ML<\/td>\n<\/tr>\n<tr>\n<th style=\"text-align: left\">Geschmack<\/th>\n<td style=\"text-align: left\">Minze<\/td>\n<\/tr>\n<\/tbody>\n<\/table>","protected":false},"featured_media":10307,"comment_status":"closed","ping_status":"closed","template":"","meta":[],"product_brand":[],"product_cat":[54,47],"product_tag":[],"class_list":{"0":"post-10298","1":"product","2":"type-product","3":"status-publish","4":"has-post-thumbnail","6":"product_cat-chargeable-disposable-vapes","7":"product_cat-disposable-vapes","9":"first","10":"instock","11":"shipping-taxable","12":"product-type-simple"},"yoast_head":"<!-- This site is optimized with the Yoast SEO plugin v26.9 - https:\/\/yoast.com\/product\/yoast-seo-wordpress\/ -->\n<title>2000 Puffs Disposable Vape E-Cig Cool Mint Flavor 1500mAh<\/title>\n<meta name=\"description\" content=\"2000 Puffs Disposable Vape E-Cig Cool Mint Flavor 1500mAh 5% Nicotine Salt Strength Pneumatic switch Small size easy to carry\" \/>\n<meta name=\"robots\" content=\"index, follow, max-snippet:-1, max-image-preview:large, max-video-preview:-1\" \/>\n<link rel=\"canonical\" href=\"https:\/\/amxim.com\/de\/product\/2000-zuge-einweg-vape-e-zigarette-kuhler-minzgeschmack-1500-mah\/\" \/>\n<meta property=\"og:locale\" content=\"de_DE\" \/>\n<meta property=\"og:type\" content=\"article\" \/>\n<meta property=\"og:title\" content=\"2000 Puffs Disposable Vape E-Cig Cool Mint Flavor 1500mAh\" \/>\n<meta property=\"og:description\" content=\"2000 Puffs Disposable Vape E-Cig Cool Mint Flavor 1500mAh 5% Nicotine Salt Strength Pneumatic switch Small size easy to carry\" \/>\n<meta property=\"og:url\" content=\"https:\/\/amxim.com\/de\/product\/2000-zuge-einweg-vape-e-zigarette-kuhler-minzgeschmack-1500-mah\/\" \/>\n<meta property=\"og:site_name\" content=\"AMXIM\" \/>\n<meta property=\"article:modified_time\" content=\"2025-04-02T01:38:02+00:00\" \/>\n<meta property=\"og:image\" content=\"https:\/\/amxim.com\/wp-content\/uploads\/2025\/03\/2000-Puffs-Disposable-Vape-E-Cig-Cool-Mint-Flavor-1500mAh-1.webp\" \/>\n\t<meta property=\"og:image:width\" content=\"1000\" \/>\n\t<meta property=\"og:image:height\" content=\"1000\" \/>\n\t<meta property=\"og:image:type\" content=\"image\/webp\" \/>\n<meta name=\"twitter:card\" content=\"summary_large_image\" \/>\n<meta name=\"twitter:label1\" content=\"Gesch\u00e4tzte Lesezeit\" \/>\n\t<meta name=\"twitter:data1\" content=\"1\u00a0Minute\" \/>\n<script type=\"application\/ld+json\" class=\"yoast-schema-graph\">{\"@context\":\"https:\/\/schema.org\",\"@graph\":[{\"@type\":\"WebPage\",\"@id\":\"https:\/\/amxim.com\/product\/2000-puffs-disposable-vape-e-cig-cool-mint-flavor-1500mah\/\",\"url\":\"https:\/\/amxim.com\/product\/2000-puffs-disposable-vape-e-cig-cool-mint-flavor-1500mah\/\",\"name\":\"2000 Puffs Disposable Vape E-Cig Cool Mint Flavor 1500mAh\",\"isPartOf\":{\"@id\":\"https:\/\/amxim.com\/#website\"},\"primaryImageOfPage\":{\"@id\":\"https:\/\/amxim.com\/product\/2000-puffs-disposable-vape-e-cig-cool-mint-flavor-1500mah\/#primaryimage\"},\"image\":{\"@id\":\"https:\/\/amxim.com\/product\/2000-puffs-disposable-vape-e-cig-cool-mint-flavor-1500mah\/#primaryimage\"},\"thumbnailUrl\":\"https:\/\/amxim.com\/wp-content\/uploads\/2025\/03\/2000-Puffs-Disposable-Vape-E-Cig-Cool-Mint-Flavor-1500mAh-1.webp\",\"datePublished\":\"2025-03-26T09:09:19+00:00\",\"dateModified\":\"2025-04-02T01:38:02+00:00\",\"description\":\"2000 Puffs Disposable Vape E-Cig Cool Mint Flavor 1500mAh 5% Nicotine Salt Strength Pneumatic switch Small size easy to carry\",\"breadcrumb\":{\"@id\":\"https:\/\/amxim.com\/product\/2000-puffs-disposable-vape-e-cig-cool-mint-flavor-1500mah\/#breadcrumb\"},\"inLanguage\":\"de\",\"potentialAction\":[{\"@type\":\"ReadAction\",\"target\":[\"https:\/\/amxim.com\/product\/2000-puffs-disposable-vape-e-cig-cool-mint-flavor-1500mah\/\"]}]},{\"@type\":\"ImageObject\",\"inLanguage\":\"de\",\"@id\":\"https:\/\/amxim.com\/product\/2000-puffs-disposable-vape-e-cig-cool-mint-flavor-1500mah\/#primaryimage\",\"url\":\"https:\/\/amxim.com\/wp-content\/uploads\/2025\/03\/2000-Puffs-Disposable-Vape-E-Cig-Cool-Mint-Flavor-1500mAh-1.webp\",\"contentUrl\":\"https:\/\/amxim.com\/wp-content\/uploads\/2025\/03\/2000-Puffs-Disposable-Vape-E-Cig-Cool-Mint-Flavor-1500mAh-1.webp\",\"width\":1000,\"height\":1000,\"caption\":\"2000 Puffs Disposable Vape E-Cig Cool Mint Flavor 1500mAh\"},{\"@type\":\"BreadcrumbList\",\"@id\":\"https:\/\/amxim.com\/product\/2000-puffs-disposable-vape-e-cig-cool-mint-flavor-1500mah\/#breadcrumb\",\"itemListElement\":[{\"@type\":\"ListItem\",\"position\":1,\"name\":\"Home\",\"item\":\"https:\/\/amxim.com\/en\/\"},{\"@type\":\"ListItem\",\"position\":2,\"name\":\"Products\",\"item\":\"https:\/\/amxim.com\/de\/products\/\"},{\"@type\":\"ListItem\",\"position\":3,\"name\":\"2000 Puffs Disposable Vape E-Cig Cool Mint Flavor 1500mAh\"}]},{\"@type\":\"WebSite\",\"@id\":\"https:\/\/amxim.com\/#website\",\"url\":\"https:\/\/amxim.com\/\",\"name\":\"AMXIM\",\"description\":\"AMXIM-OEM ODM Vape Manufacturer\",\"publisher\":{\"@id\":\"https:\/\/amxim.com\/#organization\"},\"potentialAction\":[{\"@type\":\"SearchAction\",\"target\":{\"@type\":\"EntryPoint\",\"urlTemplate\":\"https:\/\/amxim.com\/?s={search_term_string}\"},\"query-input\":{\"@type\":\"PropertyValueSpecification\",\"valueRequired\":true,\"valueName\":\"search_term_string\"}}],\"inLanguage\":\"de\"},{\"@type\":\"Organization\",\"@id\":\"https:\/\/amxim.com\/#organization\",\"name\":\"AMXIM\",\"url\":\"https:\/\/amxim.com\/\",\"logo\":{\"@type\":\"ImageObject\",\"inLanguage\":\"de\",\"@id\":\"https:\/\/amxim.com\/#\/schema\/logo\/image\/\",\"url\":\"https:\/\/amxim.com\/wp-content\/uploads\/2025\/03\/cropped-AMXIM-fav.webp\",\"contentUrl\":\"https:\/\/amxim.com\/wp-content\/uploads\/2025\/03\/cropped-AMXIM-fav.webp\",\"width\":512,\"height\":512,\"caption\":\"AMXIM\"},\"image\":{\"@id\":\"https:\/\/amxim.com\/#\/schema\/logo\/image\/\"}}]}<\/script>\n<!-- \/ Yoast SEO plugin. -->","yoast_head_json":{"title":"2000 Puffs Einweg-Vape E-Zigarette Cool Mint Geschmack 1500mAh","description":"2000 Puffs Einweg-Vape E-Zigarette Cool Mint Flavor 1500mAh 5% Nikotinsalzst\u00e4rke Pneumatischer Schalter Kleine Gr\u00f6\u00dfe, leicht zu tragen","robots":{"index":"index","follow":"follow","max-snippet":"max-snippet:-1","max-image-preview":"max-image-preview:large","max-video-preview":"max-video-preview:-1"},"canonical":"https:\/\/amxim.com\/de\/product\/2000-zuge-einweg-vape-e-zigarette-kuhler-minzgeschmack-1500-mah\/","og_locale":"de_DE","og_type":"article","og_title":"2000 Puffs Disposable Vape E-Cig Cool Mint Flavor 1500mAh","og_description":"2000 Puffs Disposable Vape E-Cig Cool Mint Flavor 1500mAh 5% Nicotine Salt Strength Pneumatic switch Small size easy to carry","og_url":"https:\/\/amxim.com\/de\/product\/2000-zuge-einweg-vape-e-zigarette-kuhler-minzgeschmack-1500-mah\/","og_site_name":"AMXIM","article_modified_time":"2025-04-02T01:38:02+00:00","og_image":[{"width":1000,"height":1000,"url":"https:\/\/amxim.com\/wp-content\/uploads\/2025\/03\/2000-Puffs-Disposable-Vape-E-Cig-Cool-Mint-Flavor-1500mAh-1.webp","type":"image\/webp"}],"twitter_card":"summary_large_image","twitter_misc":{"Gesch\u00e4tzte Lesezeit":"1\u00a0Minute"},"schema":{"@context":"https:\/\/schema.org","@graph":[{"@type":"WebPage","@id":"https:\/\/amxim.com\/product\/2000-puffs-disposable-vape-e-cig-cool-mint-flavor-1500mah\/","url":"https:\/\/amxim.com\/product\/2000-puffs-disposable-vape-e-cig-cool-mint-flavor-1500mah\/","name":"2000 Puffs Einweg-Vape E-Zigarette Cool Mint Geschmack 1500mAh","isPartOf":{"@id":"https:\/\/amxim.com\/#website"},"primaryImageOfPage":{"@id":"https:\/\/amxim.com\/product\/2000-puffs-disposable-vape-e-cig-cool-mint-flavor-1500mah\/#primaryimage"},"image":{"@id":"https:\/\/amxim.com\/product\/2000-puffs-disposable-vape-e-cig-cool-mint-flavor-1500mah\/#primaryimage"},"thumbnailUrl":"https:\/\/amxim.com\/wp-content\/uploads\/2025\/03\/2000-Puffs-Disposable-Vape-E-Cig-Cool-Mint-Flavor-1500mAh-1.webp","datePublished":"2025-03-26T09:09:19+00:00","dateModified":"2025-04-02T01:38:02+00:00","description":"2000 Puffs Einweg-Vape E-Zigarette Cool Mint Flavor 1500mAh 5% Nikotinsalzst\u00e4rke Pneumatischer Schalter Kleine Gr\u00f6\u00dfe, leicht zu tragen","breadcrumb":{"@id":"https:\/\/amxim.com\/product\/2000-puffs-disposable-vape-e-cig-cool-mint-flavor-1500mah\/#breadcrumb"},"inLanguage":"de","potentialAction":[{"@type":"ReadAction","target":["https:\/\/amxim.com\/product\/2000-puffs-disposable-vape-e-cig-cool-mint-flavor-1500mah\/"]}]},{"@type":"ImageObject","inLanguage":"de","@id":"https:\/\/amxim.com\/product\/2000-puffs-disposable-vape-e-cig-cool-mint-flavor-1500mah\/#primaryimage","url":"https:\/\/amxim.com\/wp-content\/uploads\/2025\/03\/2000-Puffs-Disposable-Vape-E-Cig-Cool-Mint-Flavor-1500mAh-1.webp","contentUrl":"https:\/\/amxim.com\/wp-content\/uploads\/2025\/03\/2000-Puffs-Disposable-Vape-E-Cig-Cool-Mint-Flavor-1500mAh-1.webp","width":1000,"height":1000,"caption":"2000 Puffs Disposable Vape E-Cig Cool Mint Flavor 1500mAh"},{"@type":"BreadcrumbList","@id":"https:\/\/amxim.com\/product\/2000-puffs-disposable-vape-e-cig-cool-mint-flavor-1500mah\/#breadcrumb","itemListElement":[{"@type":"ListItem","position":1,"name":"Home","item":"https:\/\/amxim.com\/en\/"},{"@type":"ListItem","position":2,"name":"Products","item":"https:\/\/amxim.com\/de\/products\/"},{"@type":"ListItem","position":3,"name":"2000 Puffs Disposable Vape E-Cig Cool Mint Flavor 1500mAh"}]},{"@type":"WebSite","@id":"https:\/\/amxim.com\/#website","url":"https:\/\/amxim.com\/","name":"AMXIM","description":"AMXIM-OEM ODM Vape Hersteller","publisher":{"@id":"https:\/\/amxim.com\/#organization"},"potentialAction":[{"@type":"SearchAction","target":{"@type":"EntryPoint","urlTemplate":"https:\/\/amxim.com\/?s={search_term_string}"},"query-input":{"@type":"PropertyValueSpecification","valueRequired":true,"valueName":"search_term_string"}}],"inLanguage":"de"},{"@type":"Organization","@id":"https:\/\/amxim.com\/#organization","name":"AMXIM","url":"https:\/\/amxim.com\/","logo":{"@type":"ImageObject","inLanguage":"de","@id":"https:\/\/amxim.com\/#\/schema\/logo\/image\/","url":"https:\/\/amxim.com\/wp-content\/uploads\/2025\/03\/cropped-AMXIM-fav.webp","contentUrl":"https:\/\/amxim.com\/wp-content\/uploads\/2025\/03\/cropped-AMXIM-fav.webp","width":512,"height":512,"caption":"AMXIM"},"image":{"@id":"https:\/\/amxim.com\/#\/schema\/logo\/image\/"}}]}},"_links":{"self":[{"href":"https:\/\/amxim.com\/de\/wp-json\/wp\/v2\/product\/10298","targetHints":{"allow":["GET"]}}],"collection":[{"href":"https:\/\/amxim.com\/de\/wp-json\/wp\/v2\/product"}],"about":[{"href":"https:\/\/amxim.com\/de\/wp-json\/wp\/v2\/types\/product"}],"replies":[{"embeddable":true,"href":"https:\/\/amxim.com\/de\/wp-json\/wp\/v2\/comments?post=10298"}],"version-history":[{"count":1,"href":"https:\/\/amxim.com\/de\/wp-json\/wp\/v2\/product\/10298\/revisions"}],"predecessor-version":[{"id":11334,"href":"https:\/\/amxim.com\/de\/wp-json\/wp\/v2\/product\/10298\/revisions\/11334"}],"wp:featuredmedia":[{"embeddable":true,"href":"https:\/\/amxim.com\/de\/wp-json\/wp\/v2\/media\/10307"}],"wp:attachment":[{"href":"https:\/\/amxim.com\/de\/wp-json\/wp\/v2\/media?parent=10298"}],"wp:term":[{"taxonomy":"product_brand","embeddable":true,"href":"https:\/\/amxim.com\/de\/wp-json\/wp\/v2\/product_brand?post=10298"},{"taxonomy":"product_cat","embeddable":true,"href":"https:\/\/amxim.com\/de\/wp-json\/wp\/v2\/product_cat?post=10298"},{"taxonomy":"product_tag","embeddable":true,"href":"https:\/\/amxim.com\/de\/wp-json\/wp\/v2\/product_tag?post=10298"}],"curies":[{"name":"wp","href":"https:\/\/api.w.org\/{rel}","templated":true}]}}