{"id":10299,"date":"2025-03-26T09:11:22","date_gmt":"2025-03-26T09:11:22","guid":{"rendered":"https:\/\/amxim.com\/?post_type=product&#038;p=10299"},"modified":"2025-03-26T09:44:34","modified_gmt":"2025-03-26T09:44:34","slug":"einweg-vape-stick-pen-2000-zuge-1500-mah-akku","status":"publish","type":"product","link":"https:\/\/amxim.com\/de\/product\/einweg-vape-stick-pen-2000-zuge-1500-mah-akku\/","title":{"rendered":"Einweg-Vape-Stick-Pen 2000 Puffs 1500mAh Akku"},"content":{"rendered":"<h2 style=\"text-align: left\">Einweg-Vape-Stick-Pen 2000 Puffs 1500mAh Akku<\/h2>\n<p style=\"text-align: left\">Die Einweg-E-Zigarette wurde speziell f\u00fcr Dampf-Anf\u00e4nger entwickelt und bietet ein einfaches und benutzerfreundliches Erlebnis. Sie ist ideal f\u00fcr alle, die vom Rauchen aufs Dampfen umsteigen. Sie wird mit einem vorgeladenen 1500-mAh-Akku geliefert und ist mit 7,0 ml 50 mg Nikotinsalz-E-Liquid vorgef\u00fcllt. Ein Aufladen oder Nachf\u00fcllen ist somit nicht n\u00f6tig. Dies sorgt f\u00fcr ein unkompliziertes und zufriedenstellendes Dampferlebnis.<br \/>\nMit ca. 2000 Z\u00fcgen pro Ger\u00e4t m\u00fcssen Sie weder Einstellungen vornehmen noch Tasten dr\u00fccken \u2013 inhalieren Sie einfach, um Ihr Verlangen zu stillen, genie\u00dfen Sie den k\u00f6stlichen Geschmack und entsorgen Sie das Ger\u00e4t anschlie\u00dfend. Kompakt und tragbar, passt dieses leicht zu transportierende Ger\u00e4t einfach in Ihre Hosen- oder Handtasche und ist somit ideal f\u00fcr unterwegs.<\/p>\n<p>&nbsp;<\/p>\n<h3 style=\"text-align: left\">Hauptmerkmale<\/h3>\n<ul>\n<li style=\"text-align: left\">Langlebige Batterie<\/li>\n<li style=\"text-align: left\">Pneumatischer Schalter<\/li>\n<li style=\"text-align: left\">All-in-One-Design<\/li>\n<li style=\"text-align: left\">Gute Aromen<\/li>\n<li style=\"text-align: left\">19 mm Einweg-Vape-Stick<\/li>\n<li style=\"text-align: left\">1500mAh Stick Einweg-Vape Pen<\/li>\n<\/ul>","protected":false},"excerpt":{"rendered":"<h3>Produktspezifikationen<\/h3>\n<table>\n<tbody>\n<tr>\n<th style=\"text-align: left\">Produkttyp<\/th>\n<td style=\"text-align: left\">Einweg-Vape<\/td>\n<\/tr>\n<tr>\n<th style=\"text-align: left\">Farboptionen<\/th>\n<td style=\"text-align: left\">Rosa<\/td>\n<\/tr>\n<tr>\n<th style=\"text-align: left\">Gr\u00f6\u00dfe<\/th>\n<td style=\"text-align: left\">134 x 19 mm<\/td>\n<\/tr>\n<tr>\n<th style=\"text-align: left\">Material<\/th>\n<td style=\"text-align: left\">PC + Edelstahl<\/td>\n<\/tr>\n<tr>\n<th style=\"text-align: left\">Heizspule<\/th>\n<td style=\"text-align: left\">1,8 \u03a9 Mesh-Spule<\/td>\n<\/tr>\n<tr>\n<th style=\"text-align: left\">Puff<\/th>\n<td style=\"text-align: left\">Bis zu 2000 Z\u00fcge<\/td>\n<\/tr>\n<tr>\n<th style=\"text-align: left\">Batterie<\/th>\n<td style=\"text-align: left\">1500 mAh<\/td>\n<\/tr>\n<tr>\n<th style=\"text-align: left\">Vorgef\u00fclltes E-Liquid<\/th>\n<td style=\"text-align: left\">7,0 ML<\/td>\n<\/tr>\n<tr>\n<th style=\"text-align: left\">Highlight<\/th>\n<td style=\"text-align: left\">ROHS-Einweg-Vape-Stick<\/td>\n<\/tr>\n<tr>\n<th style=\"text-align: left\">Geschmack<\/th>\n<td style=\"text-align: left\">Litschi-Eis<\/td>\n<\/tr>\n<\/tbody>\n<\/table>","protected":false},"featured_media":10320,"comment_status":"closed","ping_status":"closed","template":"","meta":[],"product_brand":[],"product_cat":[54,47],"product_tag":[],"class_list":{"0":"post-10299","1":"product","2":"type-product","3":"status-publish","4":"has-post-thumbnail","6":"product_cat-chargeable-disposable-vapes","7":"product_cat-disposable-vapes","9":"first","10":"instock","11":"shipping-taxable","12":"product-type-simple"},"yoast_head":"<!-- This site is optimized with the Yoast SEO plugin v26.9 - https:\/\/yoast.com\/product\/yoast-seo-wordpress\/ -->\n<title>Disposable Vape Stick Pen 2000 Puffs 1500mAh Battery<\/title>\n<meta name=\"description\" content=\"Disposable Vape Stick Pen 2000 Puffs 1500mAh Battery Long life battery Pneumatic All-in-one designswitch Good flavors 19mm Disposable Vape Stick\" \/>\n<meta name=\"robots\" content=\"index, follow, max-snippet:-1, max-image-preview:large, max-video-preview:-1\" \/>\n<link rel=\"canonical\" href=\"https:\/\/amxim.com\/de\/product\/einweg-vape-stick-pen-2000-zuge-1500-mah-akku\/\" \/>\n<meta property=\"og:locale\" content=\"de_DE\" \/>\n<meta property=\"og:type\" content=\"article\" \/>\n<meta property=\"og:title\" content=\"Disposable Vape Stick Pen 2000 Puffs 1500mAh Battery\" \/>\n<meta property=\"og:description\" content=\"Disposable Vape Stick Pen 2000 Puffs 1500mAh Battery Long life battery Pneumatic All-in-one designswitch Good flavors 19mm Disposable Vape Stick\" \/>\n<meta property=\"og:url\" content=\"https:\/\/amxim.com\/de\/product\/einweg-vape-stick-pen-2000-zuge-1500-mah-akku\/\" \/>\n<meta property=\"og:site_name\" content=\"AMXIM\" \/>\n<meta property=\"article:modified_time\" content=\"2025-03-26T09:44:34+00:00\" \/>\n<meta property=\"og:image\" content=\"https:\/\/amxim.com\/wp-content\/uploads\/2025\/03\/Disposable-Vape-Stick-Pen-2000-Puffs-1500mAh-Battery-1.webp\" \/>\n\t<meta property=\"og:image:width\" content=\"1000\" \/>\n\t<meta property=\"og:image:height\" content=\"1000\" \/>\n\t<meta property=\"og:image:type\" content=\"image\/webp\" \/>\n<meta name=\"twitter:card\" content=\"summary_large_image\" \/>\n<meta name=\"twitter:label1\" content=\"Gesch\u00e4tzte Lesezeit\" \/>\n\t<meta name=\"twitter:data1\" content=\"1\u00a0Minute\" \/>\n<script type=\"application\/ld+json\" class=\"yoast-schema-graph\">{\"@context\":\"https:\/\/schema.org\",\"@graph\":[{\"@type\":\"WebPage\",\"@id\":\"https:\/\/amxim.com\/product\/disposable-vape-stick-pen-2000-puffs-1500mah-battery\/\",\"url\":\"https:\/\/amxim.com\/product\/disposable-vape-stick-pen-2000-puffs-1500mah-battery\/\",\"name\":\"Disposable Vape Stick Pen 2000 Puffs 1500mAh Battery\",\"isPartOf\":{\"@id\":\"https:\/\/amxim.com\/#website\"},\"primaryImageOfPage\":{\"@id\":\"https:\/\/amxim.com\/product\/disposable-vape-stick-pen-2000-puffs-1500mah-battery\/#primaryimage\"},\"image\":{\"@id\":\"https:\/\/amxim.com\/product\/disposable-vape-stick-pen-2000-puffs-1500mah-battery\/#primaryimage\"},\"thumbnailUrl\":\"https:\/\/amxim.com\/wp-content\/uploads\/2025\/03\/Disposable-Vape-Stick-Pen-2000-Puffs-1500mAh-Battery-1.webp\",\"datePublished\":\"2025-03-26T09:11:22+00:00\",\"dateModified\":\"2025-03-26T09:44:34+00:00\",\"description\":\"Disposable Vape Stick Pen 2000 Puffs 1500mAh Battery Long life battery Pneumatic All-in-one designswitch Good flavors 19mm Disposable Vape Stick\",\"breadcrumb\":{\"@id\":\"https:\/\/amxim.com\/product\/disposable-vape-stick-pen-2000-puffs-1500mah-battery\/#breadcrumb\"},\"inLanguage\":\"de\",\"potentialAction\":[{\"@type\":\"ReadAction\",\"target\":[\"https:\/\/amxim.com\/product\/disposable-vape-stick-pen-2000-puffs-1500mah-battery\/\"]}]},{\"@type\":\"ImageObject\",\"inLanguage\":\"de\",\"@id\":\"https:\/\/amxim.com\/product\/disposable-vape-stick-pen-2000-puffs-1500mah-battery\/#primaryimage\",\"url\":\"https:\/\/amxim.com\/wp-content\/uploads\/2025\/03\/Disposable-Vape-Stick-Pen-2000-Puffs-1500mAh-Battery-1.webp\",\"contentUrl\":\"https:\/\/amxim.com\/wp-content\/uploads\/2025\/03\/Disposable-Vape-Stick-Pen-2000-Puffs-1500mAh-Battery-1.webp\",\"width\":1000,\"height\":1000,\"caption\":\"Disposable Vape Stick Pen 2000 Puffs 1500mAh Battery\"},{\"@type\":\"BreadcrumbList\",\"@id\":\"https:\/\/amxim.com\/product\/disposable-vape-stick-pen-2000-puffs-1500mah-battery\/#breadcrumb\",\"itemListElement\":[{\"@type\":\"ListItem\",\"position\":1,\"name\":\"Home\",\"item\":\"https:\/\/amxim.com\/en\/\"},{\"@type\":\"ListItem\",\"position\":2,\"name\":\"Products\",\"item\":\"https:\/\/amxim.com\/de\/products\/\"},{\"@type\":\"ListItem\",\"position\":3,\"name\":\"Disposable Vape Stick Pen 2000 Puffs 1500mAh Battery\"}]},{\"@type\":\"WebSite\",\"@id\":\"https:\/\/amxim.com\/#website\",\"url\":\"https:\/\/amxim.com\/\",\"name\":\"AMXIM\",\"description\":\"AMXIM-OEM ODM Vape Manufacturer\",\"publisher\":{\"@id\":\"https:\/\/amxim.com\/#organization\"},\"potentialAction\":[{\"@type\":\"SearchAction\",\"target\":{\"@type\":\"EntryPoint\",\"urlTemplate\":\"https:\/\/amxim.com\/?s={search_term_string}\"},\"query-input\":{\"@type\":\"PropertyValueSpecification\",\"valueRequired\":true,\"valueName\":\"search_term_string\"}}],\"inLanguage\":\"de\"},{\"@type\":\"Organization\",\"@id\":\"https:\/\/amxim.com\/#organization\",\"name\":\"AMXIM\",\"url\":\"https:\/\/amxim.com\/\",\"logo\":{\"@type\":\"ImageObject\",\"inLanguage\":\"de\",\"@id\":\"https:\/\/amxim.com\/#\/schema\/logo\/image\/\",\"url\":\"https:\/\/amxim.com\/wp-content\/uploads\/2025\/03\/cropped-AMXIM-fav.webp\",\"contentUrl\":\"https:\/\/amxim.com\/wp-content\/uploads\/2025\/03\/cropped-AMXIM-fav.webp\",\"width\":512,\"height\":512,\"caption\":\"AMXIM\"},\"image\":{\"@id\":\"https:\/\/amxim.com\/#\/schema\/logo\/image\/\"}}]}<\/script>\n<!-- \/ Yoast SEO plugin. -->","yoast_head_json":{"title":"Einweg-Vape-Stick-Pen 2000 Puffs 1500mAh Akku","description":"Einweg-Vape-Stick-Pen, 2000 Z\u00fcge, 1500-mAh-Akku, langlebiger Akku, pneumatischer All-in-One-Designschalter, gute Aromen, 19 mm Einweg-Vape-Stick","robots":{"index":"index","follow":"follow","max-snippet":"max-snippet:-1","max-image-preview":"max-image-preview:large","max-video-preview":"max-video-preview:-1"},"canonical":"https:\/\/amxim.com\/de\/product\/einweg-vape-stick-pen-2000-zuge-1500-mah-akku\/","og_locale":"de_DE","og_type":"article","og_title":"Disposable Vape Stick Pen 2000 Puffs 1500mAh Battery","og_description":"Disposable Vape Stick Pen 2000 Puffs 1500mAh Battery Long life battery Pneumatic All-in-one designswitch Good flavors 19mm Disposable Vape Stick","og_url":"https:\/\/amxim.com\/de\/product\/einweg-vape-stick-pen-2000-zuge-1500-mah-akku\/","og_site_name":"AMXIM","article_modified_time":"2025-03-26T09:44:34+00:00","og_image":[{"width":1000,"height":1000,"url":"https:\/\/amxim.com\/wp-content\/uploads\/2025\/03\/Disposable-Vape-Stick-Pen-2000-Puffs-1500mAh-Battery-1.webp","type":"image\/webp"}],"twitter_card":"summary_large_image","twitter_misc":{"Gesch\u00e4tzte Lesezeit":"1\u00a0Minute"},"schema":{"@context":"https:\/\/schema.org","@graph":[{"@type":"WebPage","@id":"https:\/\/amxim.com\/product\/disposable-vape-stick-pen-2000-puffs-1500mah-battery\/","url":"https:\/\/amxim.com\/product\/disposable-vape-stick-pen-2000-puffs-1500mah-battery\/","name":"Einweg-Vape-Stick-Pen 2000 Puffs 1500mAh Akku","isPartOf":{"@id":"https:\/\/amxim.com\/#website"},"primaryImageOfPage":{"@id":"https:\/\/amxim.com\/product\/disposable-vape-stick-pen-2000-puffs-1500mah-battery\/#primaryimage"},"image":{"@id":"https:\/\/amxim.com\/product\/disposable-vape-stick-pen-2000-puffs-1500mah-battery\/#primaryimage"},"thumbnailUrl":"https:\/\/amxim.com\/wp-content\/uploads\/2025\/03\/Disposable-Vape-Stick-Pen-2000-Puffs-1500mAh-Battery-1.webp","datePublished":"2025-03-26T09:11:22+00:00","dateModified":"2025-03-26T09:44:34+00:00","description":"Einweg-Vape-Stick-Pen, 2000 Z\u00fcge, 1500-mAh-Akku, langlebiger Akku, pneumatischer All-in-One-Designschalter, gute Aromen, 19 mm Einweg-Vape-Stick","breadcrumb":{"@id":"https:\/\/amxim.com\/product\/disposable-vape-stick-pen-2000-puffs-1500mah-battery\/#breadcrumb"},"inLanguage":"de","potentialAction":[{"@type":"ReadAction","target":["https:\/\/amxim.com\/product\/disposable-vape-stick-pen-2000-puffs-1500mah-battery\/"]}]},{"@type":"ImageObject","inLanguage":"de","@id":"https:\/\/amxim.com\/product\/disposable-vape-stick-pen-2000-puffs-1500mah-battery\/#primaryimage","url":"https:\/\/amxim.com\/wp-content\/uploads\/2025\/03\/Disposable-Vape-Stick-Pen-2000-Puffs-1500mAh-Battery-1.webp","contentUrl":"https:\/\/amxim.com\/wp-content\/uploads\/2025\/03\/Disposable-Vape-Stick-Pen-2000-Puffs-1500mAh-Battery-1.webp","width":1000,"height":1000,"caption":"Disposable Vape Stick Pen 2000 Puffs 1500mAh Battery"},{"@type":"BreadcrumbList","@id":"https:\/\/amxim.com\/product\/disposable-vape-stick-pen-2000-puffs-1500mah-battery\/#breadcrumb","itemListElement":[{"@type":"ListItem","position":1,"name":"Home","item":"https:\/\/amxim.com\/en\/"},{"@type":"ListItem","position":2,"name":"Products","item":"https:\/\/amxim.com\/de\/products\/"},{"@type":"ListItem","position":3,"name":"Disposable Vape Stick Pen 2000 Puffs 1500mAh Battery"}]},{"@type":"WebSite","@id":"https:\/\/amxim.com\/#website","url":"https:\/\/amxim.com\/","name":"AMXIM","description":"AMXIM-OEM ODM Vape Hersteller","publisher":{"@id":"https:\/\/amxim.com\/#organization"},"potentialAction":[{"@type":"SearchAction","target":{"@type":"EntryPoint","urlTemplate":"https:\/\/amxim.com\/?s={search_term_string}"},"query-input":{"@type":"PropertyValueSpecification","valueRequired":true,"valueName":"search_term_string"}}],"inLanguage":"de"},{"@type":"Organization","@id":"https:\/\/amxim.com\/#organization","name":"AMXIM","url":"https:\/\/amxim.com\/","logo":{"@type":"ImageObject","inLanguage":"de","@id":"https:\/\/amxim.com\/#\/schema\/logo\/image\/","url":"https:\/\/amxim.com\/wp-content\/uploads\/2025\/03\/cropped-AMXIM-fav.webp","contentUrl":"https:\/\/amxim.com\/wp-content\/uploads\/2025\/03\/cropped-AMXIM-fav.webp","width":512,"height":512,"caption":"AMXIM"},"image":{"@id":"https:\/\/amxim.com\/#\/schema\/logo\/image\/"}}]}},"_links":{"self":[{"href":"https:\/\/amxim.com\/de\/wp-json\/wp\/v2\/product\/10299","targetHints":{"allow":["GET"]}}],"collection":[{"href":"https:\/\/amxim.com\/de\/wp-json\/wp\/v2\/product"}],"about":[{"href":"https:\/\/amxim.com\/de\/wp-json\/wp\/v2\/types\/product"}],"replies":[{"embeddable":true,"href":"https:\/\/amxim.com\/de\/wp-json\/wp\/v2\/comments?post=10299"}],"version-history":[{"count":0,"href":"https:\/\/amxim.com\/de\/wp-json\/wp\/v2\/product\/10299\/revisions"}],"wp:featuredmedia":[{"embeddable":true,"href":"https:\/\/amxim.com\/de\/wp-json\/wp\/v2\/media\/10320"}],"wp:attachment":[{"href":"https:\/\/amxim.com\/de\/wp-json\/wp\/v2\/media?parent=10299"}],"wp:term":[{"taxonomy":"product_brand","embeddable":true,"href":"https:\/\/amxim.com\/de\/wp-json\/wp\/v2\/product_brand?post=10299"},{"taxonomy":"product_cat","embeddable":true,"href":"https:\/\/amxim.com\/de\/wp-json\/wp\/v2\/product_cat?post=10299"},{"taxonomy":"product_tag","embeddable":true,"href":"https:\/\/amxim.com\/de\/wp-json\/wp\/v2\/product_tag?post=10299"}],"curies":[{"name":"wp","href":"https:\/\/api.w.org\/{rel}","templated":true}]}}