{"id":10302,"date":"2025-03-26T09:16:03","date_gmt":"2025-03-26T09:16:03","guid":{"rendered":"https:\/\/amxim.com\/?post_type=product&#038;p=10302"},"modified":"2025-04-02T01:36:53","modified_gmt":"2025-04-02T01:36:53","slug":"mint-einweg-vape-stick-gerat-2000-zuge-50-mg-nikotinsalz","status":"publish","type":"product","link":"https:\/\/amxim.com\/de\/product\/mint-einweg-vape-stick-gerat-2000-zuge-50-mg-nikotinsalz\/","title":{"rendered":"Mint Einweg-Vape-Stick-Ger\u00e4t 2000 Puffs 50 mg Nikotinsalz"},"content":{"rendered":"<h2 style=\"text-align: left\">Mint Einweg-Vape-Stick-Ger\u00e4t 2000 Puffs 50 mg Nikotinsalz<\/h2>\n<p style=\"text-align: left\">Die Einweg-E-Zigarette ist ein vorgef\u00fclltes Nikotinsalz-E-Liquid, das f\u00fcr Komfort und Mobilit\u00e4t konzipiert ist \u2013 ideal f\u00fcr unterwegs. Der interne Akku mit 1500 mAh sorgt f\u00fcr eine lange Dampfdauer. Dank des Zugmechanismus aktiviert sich das Ger\u00e4t automatisch beim Inhalieren. Vorgef\u00fcllt mit 7,0 ml 50 mg Nikotinsalz-E-Liquid bietet jedes Einwegger\u00e4t ein sanftes, angenehmes Dampferlebnis. Mit einer Nikotinst\u00e4rke von 5% erm\u00f6glicht jedes Ger\u00e4t ca. 2000 Z\u00fcge.<br \/>\nDer Slick Plus Disposable ist in verschiedenen Geschmacksrichtungen erh\u00e4ltlich und bietet f\u00fcr jeden Geschmack etwas. Dieses benutzerfreundliche, durch Ziehen aktivierte Ger\u00e4t ben\u00f6tigt weder Tasten noch Nachf\u00fcllen und ist daher unglaublich praktisch. Ideal f\u00fcr Anf\u00e4nger und erfahrene Dampfer. Einfach aus der Verpackung nehmen und losdampfen.<\/p>\n<p>&nbsp;<\/p>\n<h3 style=\"text-align: left\">Hauptmerkmale<\/h3>\n<ul>\n<li style=\"text-align: left\">Kleine Gr\u00f6\u00dfe<\/li>\n<li style=\"text-align: left\">leicht zu tragen<\/li>\n<li style=\"text-align: left\">einfach zu bedienen<\/li>\n<li style=\"text-align: left\">toller Geschmack<\/li>\n<\/ul>","protected":false},"excerpt":{"rendered":"<h3>Produktspezifikationen<\/h3>\n<table>\n<tbody>\n<tr>\n<th style=\"text-align: left\">Produkttyp<\/th>\n<td style=\"text-align: left\">Einweg-Vape<\/td>\n<\/tr>\n<tr>\n<th style=\"text-align: left\">Farboptionen<\/th>\n<td style=\"text-align: left\">Lila<\/td>\n<\/tr>\n<tr>\n<th style=\"text-align: left\">Gr\u00f6\u00dfe<\/th>\n<td style=\"text-align: left\">134 x 19 mm<\/td>\n<\/tr>\n<tr>\n<th style=\"text-align: left\">Material<\/th>\n<td style=\"text-align: left\">PC + Edelstahl<\/td>\n<\/tr>\n<tr>\n<th style=\"text-align: left\">Heizspule<\/th>\n<td style=\"text-align: left\">1,8 \u03a9 Mesh-Spule<\/td>\n<\/tr>\n<tr>\n<th style=\"text-align: left\">Puff<\/th>\n<td style=\"text-align: left\">Bis zu 2000 Z\u00fcge<\/td>\n<\/tr>\n<tr>\n<th style=\"text-align: left\">Batterie<\/th>\n<td style=\"text-align: left\">1500 mAh wiederaufladbar<\/td>\n<\/tr>\n<tr>\n<th style=\"text-align: left\">Vorgef\u00fclltes E-Liquid<\/th>\n<td style=\"text-align: left\">7,0 ML<\/td>\n<\/tr>\n<tr>\n<th style=\"text-align: left\">Betriebsspannung<\/th>\n<td style=\"text-align: left\">3,6 V<\/td>\n<\/tr>\n<tr>\n<th style=\"text-align: left\">Highlight<\/th>\n<td style=\"text-align: left\">50 mg Nikotinsalz Einweg-Vape-Stick<\/td>\n<\/tr>\n<tr>\n<th style=\"text-align: left\">Geschmack<\/th>\n<td style=\"text-align: left\">Gemischte Beeren<\/td>\n<\/tr>\n<\/tbody>\n<\/table>","protected":false},"featured_media":10329,"comment_status":"closed","ping_status":"closed","template":"","meta":[],"product_brand":[],"product_cat":[54,47],"product_tag":[],"class_list":{"0":"post-10302","1":"product","2":"type-product","3":"status-publish","4":"has-post-thumbnail","6":"product_cat-chargeable-disposable-vapes","7":"product_cat-disposable-vapes","9":"first","10":"instock","11":"shipping-taxable","12":"product-type-simple"},"yoast_head":"<!-- This site is optimized with the Yoast SEO plugin v26.9 - https:\/\/yoast.com\/product\/yoast-seo-wordpress\/ -->\n<title>Mint Disposable Vape Stick Device 2000 Puffs 50mg Nicotine Salt<\/title>\n<meta name=\"description\" content=\"Mint Disposable Vape Stick Device 2000 Puffs 50mg Nicotine Salt Small size easy to carry easy to use great taste Stainless Steel\" \/>\n<meta name=\"robots\" content=\"index, follow, max-snippet:-1, max-image-preview:large, max-video-preview:-1\" \/>\n<link rel=\"canonical\" href=\"https:\/\/amxim.com\/de\/product\/mint-einweg-vape-stick-gerat-2000-zuge-50-mg-nikotinsalz\/\" \/>\n<meta property=\"og:locale\" content=\"de_DE\" \/>\n<meta property=\"og:type\" content=\"article\" \/>\n<meta property=\"og:title\" content=\"Mint Disposable Vape Stick Device 2000 Puffs 50mg Nicotine Salt\" \/>\n<meta property=\"og:description\" content=\"Mint Disposable Vape Stick Device 2000 Puffs 50mg Nicotine Salt Small size easy to carry easy to use great taste Stainless Steel\" \/>\n<meta property=\"og:url\" content=\"https:\/\/amxim.com\/de\/product\/mint-einweg-vape-stick-gerat-2000-zuge-50-mg-nikotinsalz\/\" \/>\n<meta property=\"og:site_name\" content=\"AMXIM\" \/>\n<meta property=\"article:modified_time\" content=\"2025-04-02T01:36:53+00:00\" \/>\n<meta property=\"og:image\" content=\"https:\/\/amxim.com\/wp-content\/uploads\/2025\/03\/Mint-Disposable-Vape-Stick-Device-2000-Puffs-50mg-Nicotine-Salt-1.webp\" \/>\n\t<meta property=\"og:image:width\" content=\"1000\" \/>\n\t<meta property=\"og:image:height\" content=\"1000\" \/>\n\t<meta property=\"og:image:type\" content=\"image\/webp\" \/>\n<meta name=\"twitter:card\" content=\"summary_large_image\" \/>\n<meta name=\"twitter:label1\" content=\"Gesch\u00e4tzte Lesezeit\" \/>\n\t<meta name=\"twitter:data1\" content=\"1\u00a0Minute\" \/>\n<script type=\"application\/ld+json\" class=\"yoast-schema-graph\">{\"@context\":\"https:\/\/schema.org\",\"@graph\":[{\"@type\":\"WebPage\",\"@id\":\"https:\/\/amxim.com\/product\/mint-disposable-vape-stick-device-2000-puffs-50mg-nicotine-salt\/\",\"url\":\"https:\/\/amxim.com\/product\/mint-disposable-vape-stick-device-2000-puffs-50mg-nicotine-salt\/\",\"name\":\"Mint Disposable Vape Stick Device 2000 Puffs 50mg Nicotine Salt\",\"isPartOf\":{\"@id\":\"https:\/\/amxim.com\/#website\"},\"primaryImageOfPage\":{\"@id\":\"https:\/\/amxim.com\/product\/mint-disposable-vape-stick-device-2000-puffs-50mg-nicotine-salt\/#primaryimage\"},\"image\":{\"@id\":\"https:\/\/amxim.com\/product\/mint-disposable-vape-stick-device-2000-puffs-50mg-nicotine-salt\/#primaryimage\"},\"thumbnailUrl\":\"https:\/\/amxim.com\/wp-content\/uploads\/2025\/03\/Mint-Disposable-Vape-Stick-Device-2000-Puffs-50mg-Nicotine-Salt-1.webp\",\"datePublished\":\"2025-03-26T09:16:03+00:00\",\"dateModified\":\"2025-04-02T01:36:53+00:00\",\"description\":\"Mint Disposable Vape Stick Device 2000 Puffs 50mg Nicotine Salt Small size easy to carry easy to use great taste Stainless Steel\",\"breadcrumb\":{\"@id\":\"https:\/\/amxim.com\/product\/mint-disposable-vape-stick-device-2000-puffs-50mg-nicotine-salt\/#breadcrumb\"},\"inLanguage\":\"de\",\"potentialAction\":[{\"@type\":\"ReadAction\",\"target\":[\"https:\/\/amxim.com\/product\/mint-disposable-vape-stick-device-2000-puffs-50mg-nicotine-salt\/\"]}]},{\"@type\":\"ImageObject\",\"inLanguage\":\"de\",\"@id\":\"https:\/\/amxim.com\/product\/mint-disposable-vape-stick-device-2000-puffs-50mg-nicotine-salt\/#primaryimage\",\"url\":\"https:\/\/amxim.com\/wp-content\/uploads\/2025\/03\/Mint-Disposable-Vape-Stick-Device-2000-Puffs-50mg-Nicotine-Salt-1.webp\",\"contentUrl\":\"https:\/\/amxim.com\/wp-content\/uploads\/2025\/03\/Mint-Disposable-Vape-Stick-Device-2000-Puffs-50mg-Nicotine-Salt-1.webp\",\"width\":1000,\"height\":1000,\"caption\":\"Mint Disposable Vape Stick Device 2000 Puffs 50mg Nicotine Salt\"},{\"@type\":\"BreadcrumbList\",\"@id\":\"https:\/\/amxim.com\/product\/mint-disposable-vape-stick-device-2000-puffs-50mg-nicotine-salt\/#breadcrumb\",\"itemListElement\":[{\"@type\":\"ListItem\",\"position\":1,\"name\":\"Home\",\"item\":\"https:\/\/amxim.com\/en\/\"},{\"@type\":\"ListItem\",\"position\":2,\"name\":\"Products\",\"item\":\"https:\/\/amxim.com\/de\/products\/\"},{\"@type\":\"ListItem\",\"position\":3,\"name\":\"Mint Disposable Vape Stick Device 2000 Puffs 50mg Nicotine Salt\"}]},{\"@type\":\"WebSite\",\"@id\":\"https:\/\/amxim.com\/#website\",\"url\":\"https:\/\/amxim.com\/\",\"name\":\"AMXIM\",\"description\":\"AMXIM-OEM ODM Vape Manufacturer\",\"publisher\":{\"@id\":\"https:\/\/amxim.com\/#organization\"},\"potentialAction\":[{\"@type\":\"SearchAction\",\"target\":{\"@type\":\"EntryPoint\",\"urlTemplate\":\"https:\/\/amxim.com\/?s={search_term_string}\"},\"query-input\":{\"@type\":\"PropertyValueSpecification\",\"valueRequired\":true,\"valueName\":\"search_term_string\"}}],\"inLanguage\":\"de\"},{\"@type\":\"Organization\",\"@id\":\"https:\/\/amxim.com\/#organization\",\"name\":\"AMXIM\",\"url\":\"https:\/\/amxim.com\/\",\"logo\":{\"@type\":\"ImageObject\",\"inLanguage\":\"de\",\"@id\":\"https:\/\/amxim.com\/#\/schema\/logo\/image\/\",\"url\":\"https:\/\/amxim.com\/wp-content\/uploads\/2025\/03\/cropped-AMXIM-fav.webp\",\"contentUrl\":\"https:\/\/amxim.com\/wp-content\/uploads\/2025\/03\/cropped-AMXIM-fav.webp\",\"width\":512,\"height\":512,\"caption\":\"AMXIM\"},\"image\":{\"@id\":\"https:\/\/amxim.com\/#\/schema\/logo\/image\/\"}}]}<\/script>\n<!-- \/ Yoast SEO plugin. -->","yoast_head_json":{"title":"Mint Einweg-Vape-Stick-Ger\u00e4t 2000 Puffs 50 mg Nikotinsalz","description":"Mint Einweg-Vape-Stick-Ger\u00e4t, 2000 Z\u00fcge, 50 mg Nikotinsalz, klein, leicht zu tragen, einfach zu verwenden, toller Geschmack, Edelstahl","robots":{"index":"index","follow":"follow","max-snippet":"max-snippet:-1","max-image-preview":"max-image-preview:large","max-video-preview":"max-video-preview:-1"},"canonical":"https:\/\/amxim.com\/de\/product\/mint-einweg-vape-stick-gerat-2000-zuge-50-mg-nikotinsalz\/","og_locale":"de_DE","og_type":"article","og_title":"Mint Disposable Vape Stick Device 2000 Puffs 50mg Nicotine Salt","og_description":"Mint Disposable Vape Stick Device 2000 Puffs 50mg Nicotine Salt Small size easy to carry easy to use great taste Stainless Steel","og_url":"https:\/\/amxim.com\/de\/product\/mint-einweg-vape-stick-gerat-2000-zuge-50-mg-nikotinsalz\/","og_site_name":"AMXIM","article_modified_time":"2025-04-02T01:36:53+00:00","og_image":[{"width":1000,"height":1000,"url":"https:\/\/amxim.com\/wp-content\/uploads\/2025\/03\/Mint-Disposable-Vape-Stick-Device-2000-Puffs-50mg-Nicotine-Salt-1.webp","type":"image\/webp"}],"twitter_card":"summary_large_image","twitter_misc":{"Gesch\u00e4tzte Lesezeit":"1\u00a0Minute"},"schema":{"@context":"https:\/\/schema.org","@graph":[{"@type":"WebPage","@id":"https:\/\/amxim.com\/product\/mint-disposable-vape-stick-device-2000-puffs-50mg-nicotine-salt\/","url":"https:\/\/amxim.com\/product\/mint-disposable-vape-stick-device-2000-puffs-50mg-nicotine-salt\/","name":"Mint Einweg-Vape-Stick-Ger\u00e4t 2000 Puffs 50 mg Nikotinsalz","isPartOf":{"@id":"https:\/\/amxim.com\/#website"},"primaryImageOfPage":{"@id":"https:\/\/amxim.com\/product\/mint-disposable-vape-stick-device-2000-puffs-50mg-nicotine-salt\/#primaryimage"},"image":{"@id":"https:\/\/amxim.com\/product\/mint-disposable-vape-stick-device-2000-puffs-50mg-nicotine-salt\/#primaryimage"},"thumbnailUrl":"https:\/\/amxim.com\/wp-content\/uploads\/2025\/03\/Mint-Disposable-Vape-Stick-Device-2000-Puffs-50mg-Nicotine-Salt-1.webp","datePublished":"2025-03-26T09:16:03+00:00","dateModified":"2025-04-02T01:36:53+00:00","description":"Mint Einweg-Vape-Stick-Ger\u00e4t, 2000 Z\u00fcge, 50 mg Nikotinsalz, klein, leicht zu tragen, einfach zu verwenden, toller Geschmack, Edelstahl","breadcrumb":{"@id":"https:\/\/amxim.com\/product\/mint-disposable-vape-stick-device-2000-puffs-50mg-nicotine-salt\/#breadcrumb"},"inLanguage":"de","potentialAction":[{"@type":"ReadAction","target":["https:\/\/amxim.com\/product\/mint-disposable-vape-stick-device-2000-puffs-50mg-nicotine-salt\/"]}]},{"@type":"ImageObject","inLanguage":"de","@id":"https:\/\/amxim.com\/product\/mint-disposable-vape-stick-device-2000-puffs-50mg-nicotine-salt\/#primaryimage","url":"https:\/\/amxim.com\/wp-content\/uploads\/2025\/03\/Mint-Disposable-Vape-Stick-Device-2000-Puffs-50mg-Nicotine-Salt-1.webp","contentUrl":"https:\/\/amxim.com\/wp-content\/uploads\/2025\/03\/Mint-Disposable-Vape-Stick-Device-2000-Puffs-50mg-Nicotine-Salt-1.webp","width":1000,"height":1000,"caption":"Mint Disposable Vape Stick Device 2000 Puffs 50mg Nicotine Salt"},{"@type":"BreadcrumbList","@id":"https:\/\/amxim.com\/product\/mint-disposable-vape-stick-device-2000-puffs-50mg-nicotine-salt\/#breadcrumb","itemListElement":[{"@type":"ListItem","position":1,"name":"Home","item":"https:\/\/amxim.com\/en\/"},{"@type":"ListItem","position":2,"name":"Products","item":"https:\/\/amxim.com\/de\/products\/"},{"@type":"ListItem","position":3,"name":"Mint Disposable Vape Stick Device 2000 Puffs 50mg Nicotine Salt"}]},{"@type":"WebSite","@id":"https:\/\/amxim.com\/#website","url":"https:\/\/amxim.com\/","name":"AMXIM","description":"AMXIM-OEM ODM Vape Hersteller","publisher":{"@id":"https:\/\/amxim.com\/#organization"},"potentialAction":[{"@type":"SearchAction","target":{"@type":"EntryPoint","urlTemplate":"https:\/\/amxim.com\/?s={search_term_string}"},"query-input":{"@type":"PropertyValueSpecification","valueRequired":true,"valueName":"search_term_string"}}],"inLanguage":"de"},{"@type":"Organization","@id":"https:\/\/amxim.com\/#organization","name":"AMXIM","url":"https:\/\/amxim.com\/","logo":{"@type":"ImageObject","inLanguage":"de","@id":"https:\/\/amxim.com\/#\/schema\/logo\/image\/","url":"https:\/\/amxim.com\/wp-content\/uploads\/2025\/03\/cropped-AMXIM-fav.webp","contentUrl":"https:\/\/amxim.com\/wp-content\/uploads\/2025\/03\/cropped-AMXIM-fav.webp","width":512,"height":512,"caption":"AMXIM"},"image":{"@id":"https:\/\/amxim.com\/#\/schema\/logo\/image\/"}}]}},"_links":{"self":[{"href":"https:\/\/amxim.com\/de\/wp-json\/wp\/v2\/product\/10302","targetHints":{"allow":["GET"]}}],"collection":[{"href":"https:\/\/amxim.com\/de\/wp-json\/wp\/v2\/product"}],"about":[{"href":"https:\/\/amxim.com\/de\/wp-json\/wp\/v2\/types\/product"}],"replies":[{"embeddable":true,"href":"https:\/\/amxim.com\/de\/wp-json\/wp\/v2\/comments?post=10302"}],"version-history":[{"count":1,"href":"https:\/\/amxim.com\/de\/wp-json\/wp\/v2\/product\/10302\/revisions"}],"predecessor-version":[{"id":11333,"href":"https:\/\/amxim.com\/de\/wp-json\/wp\/v2\/product\/10302\/revisions\/11333"}],"wp:featuredmedia":[{"embeddable":true,"href":"https:\/\/amxim.com\/de\/wp-json\/wp\/v2\/media\/10329"}],"wp:attachment":[{"href":"https:\/\/amxim.com\/de\/wp-json\/wp\/v2\/media?parent=10302"}],"wp:term":[{"taxonomy":"product_brand","embeddable":true,"href":"https:\/\/amxim.com\/de\/wp-json\/wp\/v2\/product_brand?post=10302"},{"taxonomy":"product_cat","embeddable":true,"href":"https:\/\/amxim.com\/de\/wp-json\/wp\/v2\/product_cat?post=10302"},{"taxonomy":"product_tag","embeddable":true,"href":"https:\/\/amxim.com\/de\/wp-json\/wp\/v2\/product_tag?post=10302"}],"curies":[{"name":"wp","href":"https:\/\/api.w.org\/{rel}","templated":true}]}}