{"id":10432,"date":"2025-03-27T01:55:14","date_gmt":"2025-03-27T01:55:14","guid":{"rendered":"https:\/\/amxim.com\/?post_type=product&#038;p=10432"},"modified":"2025-04-02T01:38:48","modified_gmt":"2025-04-02T01:38:48","slug":"60-ml-einweg-vape-pod-vorgeladen-edelstahl-traubeneis","status":"publish","type":"product","link":"https:\/\/amxim.com\/de\/product\/60-ml-einweg-vape-pod-vorgeladen-edelstahl-traubeneis\/","title":{"rendered":"6,0 ml Einweg-Vape-Pod vorgeladenes Edelstahl-Traubeneis"},"content":{"rendered":"<h2 style=\"text-align: left\">6,0 ml Einweg-Vape-Pod vorgeladenes Edelstahl-Traubeneis<\/h2>\n<p style=\"text-align: left\">Einweg-Vaporizer geh\u00f6ren zu den langlebigsten Vaporizern auf dem Markt. Sie verf\u00fcgen \u00fcber einen 1200-mAh-Akku und sind mit satten 6,0 ml E-Liquid vorgef\u00fcllt. Dadurch k\u00f6nnen Sie mit einem einzigen Vaporizer l\u00e4nger dampfen und sind ideal f\u00fcr Reisen, l\u00e4ngere Roadtrips oder den t\u00e4glichen Gebrauch. Jeder Einweg-Vaporizer reicht f\u00fcr bis zu 1500 Z\u00fcge.<br \/>\nJeder Einweg-Vaporizer ist mit 5% (50 mg) Nikotinsalz-E-Liquid vorgef\u00fcllt. Sie dampfen wie herk\u00f6mmliche Einweg-Vaporizer und bieten den gleichen intensiven Throat Hit und angenehmen Zug. Dank der weichen, gummierten H\u00fclle liegen sie zudem angenehm in der Hand.<\/p>\n<p>&nbsp;<\/p>\n<h3 style=\"text-align: left\">Hauptmerkmale<\/h3>\n<ul>\n<li style=\"text-align: left\">Guter Throat Hit<\/li>\n<li style=\"text-align: left\">Leckere Aromen<\/li>\n<li style=\"text-align: left\">5 ml E-Liquid<\/li>\n<li style=\"text-align: left\">H\u00e4lt l\u00e4nger als andere Einwegprodukte (\u00fcber 1500 Z\u00fcge)<\/li>\n<\/ul>","protected":false},"excerpt":{"rendered":"<h3>Produktspezifikationen<\/h3>\n<table>\n<tbody>\n<tr>\n<th style=\"text-align: left\">Produkttyp<\/th>\n<td style=\"text-align: left\">Einweg-Vape<\/td>\n<\/tr>\n<tr>\n<th style=\"text-align: left\">Farbe<\/th>\n<td style=\"text-align: left\">Rot oder OEM<\/td>\n<\/tr>\n<tr>\n<th style=\"text-align: left\">Gr\u00f6\u00dfe<\/th>\n<td style=\"text-align: left\">118 x 19 mm<\/td>\n<\/tr>\n<tr>\n<th style=\"text-align: left\">Material<\/th>\n<td style=\"text-align: left\">PC + Edelstahl<\/td>\n<\/tr>\n<tr>\n<th style=\"text-align: left\">Heizspule<\/th>\n<td style=\"text-align: left\">1,6 \u03a9 Mesh-Spule<\/td>\n<\/tr>\n<tr>\n<th style=\"text-align: left\">Puff<\/th>\n<td style=\"text-align: left\">Bis zu 1500 Z\u00fcge<\/td>\n<\/tr>\n<tr>\n<th style=\"text-align: left\">Batterie<\/th>\n<td style=\"text-align: left\">1200 mAh wiederaufladbar<\/td>\n<\/tr>\n<tr>\n<th style=\"text-align: left\">Vorgef\u00fclltes E-Liquid<\/th>\n<td style=\"text-align: left\">6,0 ML<\/td>\n<\/tr>\n<tr>\n<th style=\"text-align: left\">Geschmack<\/th>\n<td style=\"text-align: left\">Kirschzitrone<\/td>\n<\/tr>\n<tr>\n<th style=\"text-align: left\">Highlight<\/th>\n<td style=\"text-align: left\">OEM Grape Ice Einweg-Vape-Pod<\/td>\n<\/tr>\n<\/tbody>\n<\/table>","protected":false},"featured_media":10441,"comment_status":"closed","ping_status":"closed","template":"","meta":[],"product_brand":[],"product_cat":[54,47],"product_tag":[],"class_list":{"0":"post-10432","1":"product","2":"type-product","3":"status-publish","4":"has-post-thumbnail","6":"product_cat-chargeable-disposable-vapes","7":"product_cat-disposable-vapes","9":"first","10":"instock","11":"shipping-taxable","12":"product-type-simple"},"yoast_head":"<!-- This site is optimized with the Yoast SEO plugin v26.9 - https:\/\/yoast.com\/product\/yoast-seo-wordpress\/ -->\n<title>6.0mL Disposable Vape Pod Pre Charged Stainless Steel Grape Ice<\/title>\n<meta name=\"description\" content=\"6.0mL Disposable Vape Pod Pre Charged Stainless Steel Grape Ice OEM Grape Ice Disposable Vape Pod Strawberry Banana 1200mAh Rechargeable\" \/>\n<meta name=\"robots\" content=\"index, follow, max-snippet:-1, max-image-preview:large, max-video-preview:-1\" \/>\n<link rel=\"canonical\" href=\"https:\/\/amxim.com\/de\/product\/60-ml-einweg-vape-pod-vorgeladen-edelstahl-traubeneis\/\" \/>\n<meta property=\"og:locale\" content=\"de_DE\" \/>\n<meta property=\"og:type\" content=\"article\" \/>\n<meta property=\"og:title\" content=\"6.0mL Disposable Vape Pod Pre Charged Stainless Steel Grape Ice\" \/>\n<meta property=\"og:description\" content=\"6.0mL Disposable Vape Pod Pre Charged Stainless Steel Grape Ice OEM Grape Ice Disposable Vape Pod Strawberry Banana 1200mAh Rechargeable\" \/>\n<meta property=\"og:url\" content=\"https:\/\/amxim.com\/de\/product\/60-ml-einweg-vape-pod-vorgeladen-edelstahl-traubeneis\/\" \/>\n<meta property=\"og:site_name\" content=\"AMXIM\" \/>\n<meta property=\"article:modified_time\" content=\"2025-04-02T01:38:48+00:00\" \/>\n<meta property=\"og:image\" content=\"https:\/\/amxim.com\/wp-content\/uploads\/2025\/03\/6.0mL-Disposable-Vape-Pod-Pre-Charged-Stainless-Steel-Grape-Ice-1.webp\" \/>\n\t<meta property=\"og:image:width\" content=\"1000\" \/>\n\t<meta property=\"og:image:height\" content=\"1000\" \/>\n\t<meta property=\"og:image:type\" content=\"image\/webp\" \/>\n<meta name=\"twitter:card\" content=\"summary_large_image\" \/>\n<meta name=\"twitter:label1\" content=\"Gesch\u00e4tzte Lesezeit\" \/>\n\t<meta name=\"twitter:data1\" content=\"1\u00a0Minute\" \/>\n<script type=\"application\/ld+json\" class=\"yoast-schema-graph\">{\"@context\":\"https:\/\/schema.org\",\"@graph\":[{\"@type\":\"WebPage\",\"@id\":\"https:\/\/amxim.com\/product\/6-0ml-disposable-vape-pod-pre-charged-stainless-steel-grape-ice\/\",\"url\":\"https:\/\/amxim.com\/product\/6-0ml-disposable-vape-pod-pre-charged-stainless-steel-grape-ice\/\",\"name\":\"6.0mL Disposable Vape Pod Pre Charged Stainless Steel Grape Ice\",\"isPartOf\":{\"@id\":\"https:\/\/amxim.com\/#website\"},\"primaryImageOfPage\":{\"@id\":\"https:\/\/amxim.com\/product\/6-0ml-disposable-vape-pod-pre-charged-stainless-steel-grape-ice\/#primaryimage\"},\"image\":{\"@id\":\"https:\/\/amxim.com\/product\/6-0ml-disposable-vape-pod-pre-charged-stainless-steel-grape-ice\/#primaryimage\"},\"thumbnailUrl\":\"https:\/\/amxim.com\/wp-content\/uploads\/2025\/03\/6.0mL-Disposable-Vape-Pod-Pre-Charged-Stainless-Steel-Grape-Ice-1.webp\",\"datePublished\":\"2025-03-27T01:55:14+00:00\",\"dateModified\":\"2025-04-02T01:38:48+00:00\",\"description\":\"6.0mL Disposable Vape Pod Pre Charged Stainless Steel Grape Ice OEM Grape Ice Disposable Vape Pod Strawberry Banana 1200mAh Rechargeable\",\"breadcrumb\":{\"@id\":\"https:\/\/amxim.com\/product\/6-0ml-disposable-vape-pod-pre-charged-stainless-steel-grape-ice\/#breadcrumb\"},\"inLanguage\":\"de\",\"potentialAction\":[{\"@type\":\"ReadAction\",\"target\":[\"https:\/\/amxim.com\/product\/6-0ml-disposable-vape-pod-pre-charged-stainless-steel-grape-ice\/\"]}]},{\"@type\":\"ImageObject\",\"inLanguage\":\"de\",\"@id\":\"https:\/\/amxim.com\/product\/6-0ml-disposable-vape-pod-pre-charged-stainless-steel-grape-ice\/#primaryimage\",\"url\":\"https:\/\/amxim.com\/wp-content\/uploads\/2025\/03\/6.0mL-Disposable-Vape-Pod-Pre-Charged-Stainless-Steel-Grape-Ice-1.webp\",\"contentUrl\":\"https:\/\/amxim.com\/wp-content\/uploads\/2025\/03\/6.0mL-Disposable-Vape-Pod-Pre-Charged-Stainless-Steel-Grape-Ice-1.webp\",\"width\":1000,\"height\":1000,\"caption\":\"6.0mL Disposable Vape Pod Pre Charged Stainless Steel Grape Ice\"},{\"@type\":\"BreadcrumbList\",\"@id\":\"https:\/\/amxim.com\/product\/6-0ml-disposable-vape-pod-pre-charged-stainless-steel-grape-ice\/#breadcrumb\",\"itemListElement\":[{\"@type\":\"ListItem\",\"position\":1,\"name\":\"Home\",\"item\":\"https:\/\/amxim.com\/\"},{\"@type\":\"ListItem\",\"position\":2,\"name\":\"Products\",\"item\":\"https:\/\/amxim.com\/de\/products\/\"},{\"@type\":\"ListItem\",\"position\":3,\"name\":\"6.0mL Disposable Vape Pod Pre Charged Stainless Steel Grape Ice\"}]},{\"@type\":\"WebSite\",\"@id\":\"https:\/\/amxim.com\/#website\",\"url\":\"https:\/\/amxim.com\/\",\"name\":\"AMXIM\",\"description\":\"AMXIM-OEM ODM Vape Manufacturer\",\"publisher\":{\"@id\":\"https:\/\/amxim.com\/#organization\"},\"potentialAction\":[{\"@type\":\"SearchAction\",\"target\":{\"@type\":\"EntryPoint\",\"urlTemplate\":\"https:\/\/amxim.com\/?s={search_term_string}\"},\"query-input\":{\"@type\":\"PropertyValueSpecification\",\"valueRequired\":true,\"valueName\":\"search_term_string\"}}],\"inLanguage\":\"de\"},{\"@type\":\"Organization\",\"@id\":\"https:\/\/amxim.com\/#organization\",\"name\":\"AMXIM\",\"url\":\"https:\/\/amxim.com\/\",\"logo\":{\"@type\":\"ImageObject\",\"inLanguage\":\"de\",\"@id\":\"https:\/\/amxim.com\/#\/schema\/logo\/image\/\",\"url\":\"https:\/\/amxim.com\/wp-content\/uploads\/2025\/03\/cropped-AMXIM-fav.webp\",\"contentUrl\":\"https:\/\/amxim.com\/wp-content\/uploads\/2025\/03\/cropped-AMXIM-fav.webp\",\"width\":512,\"height\":512,\"caption\":\"AMXIM\"},\"image\":{\"@id\":\"https:\/\/amxim.com\/#\/schema\/logo\/image\/\"}}]}<\/script>\n<!-- \/ Yoast SEO plugin. -->","yoast_head_json":{"title":"6,0 ml Einweg-Vape-Pod vorgeladenes Edelstahl-Traubeneis","description":"6,0 ml Einweg-Vape-Pod, vorgeladen, Edelstahl, Traubeneis, OEM-Traubeneis, Einweg-Vape-Pod, Erdbeere, Banane, 1200 mAh, wiederaufladbar","robots":{"index":"index","follow":"follow","max-snippet":"max-snippet:-1","max-image-preview":"max-image-preview:large","max-video-preview":"max-video-preview:-1"},"canonical":"https:\/\/amxim.com\/de\/product\/60-ml-einweg-vape-pod-vorgeladen-edelstahl-traubeneis\/","og_locale":"de_DE","og_type":"article","og_title":"6.0mL Disposable Vape Pod Pre Charged Stainless Steel Grape Ice","og_description":"6.0mL Disposable Vape Pod Pre Charged Stainless Steel Grape Ice OEM Grape Ice Disposable Vape Pod Strawberry Banana 1200mAh Rechargeable","og_url":"https:\/\/amxim.com\/de\/product\/60-ml-einweg-vape-pod-vorgeladen-edelstahl-traubeneis\/","og_site_name":"AMXIM","article_modified_time":"2025-04-02T01:38:48+00:00","og_image":[{"width":1000,"height":1000,"url":"https:\/\/amxim.com\/wp-content\/uploads\/2025\/03\/6.0mL-Disposable-Vape-Pod-Pre-Charged-Stainless-Steel-Grape-Ice-1.webp","type":"image\/webp"}],"twitter_card":"summary_large_image","twitter_misc":{"Gesch\u00e4tzte Lesezeit":"1\u00a0Minute"},"schema":{"@context":"https:\/\/schema.org","@graph":[{"@type":"WebPage","@id":"https:\/\/amxim.com\/product\/6-0ml-disposable-vape-pod-pre-charged-stainless-steel-grape-ice\/","url":"https:\/\/amxim.com\/product\/6-0ml-disposable-vape-pod-pre-charged-stainless-steel-grape-ice\/","name":"6,0 ml Einweg-Vape-Pod vorgeladenes Edelstahl-Traubeneis","isPartOf":{"@id":"https:\/\/amxim.com\/#website"},"primaryImageOfPage":{"@id":"https:\/\/amxim.com\/product\/6-0ml-disposable-vape-pod-pre-charged-stainless-steel-grape-ice\/#primaryimage"},"image":{"@id":"https:\/\/amxim.com\/product\/6-0ml-disposable-vape-pod-pre-charged-stainless-steel-grape-ice\/#primaryimage"},"thumbnailUrl":"https:\/\/amxim.com\/wp-content\/uploads\/2025\/03\/6.0mL-Disposable-Vape-Pod-Pre-Charged-Stainless-Steel-Grape-Ice-1.webp","datePublished":"2025-03-27T01:55:14+00:00","dateModified":"2025-04-02T01:38:48+00:00","description":"6,0 ml Einweg-Vape-Pod, vorgeladen, Edelstahl, Traubeneis, OEM-Traubeneis, Einweg-Vape-Pod, Erdbeere, Banane, 1200 mAh, wiederaufladbar","breadcrumb":{"@id":"https:\/\/amxim.com\/product\/6-0ml-disposable-vape-pod-pre-charged-stainless-steel-grape-ice\/#breadcrumb"},"inLanguage":"de","potentialAction":[{"@type":"ReadAction","target":["https:\/\/amxim.com\/product\/6-0ml-disposable-vape-pod-pre-charged-stainless-steel-grape-ice\/"]}]},{"@type":"ImageObject","inLanguage":"de","@id":"https:\/\/amxim.com\/product\/6-0ml-disposable-vape-pod-pre-charged-stainless-steel-grape-ice\/#primaryimage","url":"https:\/\/amxim.com\/wp-content\/uploads\/2025\/03\/6.0mL-Disposable-Vape-Pod-Pre-Charged-Stainless-Steel-Grape-Ice-1.webp","contentUrl":"https:\/\/amxim.com\/wp-content\/uploads\/2025\/03\/6.0mL-Disposable-Vape-Pod-Pre-Charged-Stainless-Steel-Grape-Ice-1.webp","width":1000,"height":1000,"caption":"6.0mL Disposable Vape Pod Pre Charged Stainless Steel Grape Ice"},{"@type":"BreadcrumbList","@id":"https:\/\/amxim.com\/product\/6-0ml-disposable-vape-pod-pre-charged-stainless-steel-grape-ice\/#breadcrumb","itemListElement":[{"@type":"ListItem","position":1,"name":"Home","item":"https:\/\/amxim.com\/"},{"@type":"ListItem","position":2,"name":"Products","item":"https:\/\/amxim.com\/de\/products\/"},{"@type":"ListItem","position":3,"name":"6.0mL Disposable Vape Pod Pre Charged Stainless Steel Grape Ice"}]},{"@type":"WebSite","@id":"https:\/\/amxim.com\/#website","url":"https:\/\/amxim.com\/","name":"AMXIM","description":"AMXIM-OEM ODM Vape Hersteller","publisher":{"@id":"https:\/\/amxim.com\/#organization"},"potentialAction":[{"@type":"SearchAction","target":{"@type":"EntryPoint","urlTemplate":"https:\/\/amxim.com\/?s={search_term_string}"},"query-input":{"@type":"PropertyValueSpecification","valueRequired":true,"valueName":"search_term_string"}}],"inLanguage":"de"},{"@type":"Organization","@id":"https:\/\/amxim.com\/#organization","name":"AMXIM","url":"https:\/\/amxim.com\/","logo":{"@type":"ImageObject","inLanguage":"de","@id":"https:\/\/amxim.com\/#\/schema\/logo\/image\/","url":"https:\/\/amxim.com\/wp-content\/uploads\/2025\/03\/cropped-AMXIM-fav.webp","contentUrl":"https:\/\/amxim.com\/wp-content\/uploads\/2025\/03\/cropped-AMXIM-fav.webp","width":512,"height":512,"caption":"AMXIM"},"image":{"@id":"https:\/\/amxim.com\/#\/schema\/logo\/image\/"}}]}},"_links":{"self":[{"href":"https:\/\/amxim.com\/de\/wp-json\/wp\/v2\/product\/10432","targetHints":{"allow":["GET"]}}],"collection":[{"href":"https:\/\/amxim.com\/de\/wp-json\/wp\/v2\/product"}],"about":[{"href":"https:\/\/amxim.com\/de\/wp-json\/wp\/v2\/types\/product"}],"replies":[{"embeddable":true,"href":"https:\/\/amxim.com\/de\/wp-json\/wp\/v2\/comments?post=10432"}],"version-history":[{"count":1,"href":"https:\/\/amxim.com\/de\/wp-json\/wp\/v2\/product\/10432\/revisions"}],"predecessor-version":[{"id":11335,"href":"https:\/\/amxim.com\/de\/wp-json\/wp\/v2\/product\/10432\/revisions\/11335"}],"wp:featuredmedia":[{"embeddable":true,"href":"https:\/\/amxim.com\/de\/wp-json\/wp\/v2\/media\/10441"}],"wp:attachment":[{"href":"https:\/\/amxim.com\/de\/wp-json\/wp\/v2\/media?parent=10432"}],"wp:term":[{"taxonomy":"product_brand","embeddable":true,"href":"https:\/\/amxim.com\/de\/wp-json\/wp\/v2\/product_brand?post=10432"},{"taxonomy":"product_cat","embeddable":true,"href":"https:\/\/amxim.com\/de\/wp-json\/wp\/v2\/product_cat?post=10432"},{"taxonomy":"product_tag","embeddable":true,"href":"https:\/\/amxim.com\/de\/wp-json\/wp\/v2\/product_tag?post=10432"}],"curies":[{"name":"wp","href":"https:\/\/api.w.org\/{rel}","templated":true}]}}