{"id":10433,"date":"2025-03-27T01:58:59","date_gmt":"2025-03-27T01:58:59","guid":{"rendered":"https:\/\/amxim.com\/?post_type=product&#038;p=10433"},"modified":"2026-02-04T02:40:46","modified_gmt":"2026-02-04T02:40:46","slug":"yellow-lemon-ice-einweg-vape-pod-gerat-1200-mah","status":"publish","type":"product","link":"https:\/\/amxim.com\/de\/product\/yellow-lemon-ice-einweg-vape-pod-gerat-1200-mah\/","title":{"rendered":"Yellow Lemon Ice Einweg-Vape-Pod-Ger\u00e4t 1200 mAh"},"content":{"rendered":"<h2 style=\"text-align: left\">Yellow Lemon Ice Einweg-Vape-Pod-Ger\u00e4t 1200 mAh<\/h2>\n<p style=\"text-align: left\">Alles, was Sie wissen m\u00fcssen, steckt im Namen. Wenn Sie mit einem Einweg-E-Zigaretten-Ger\u00e4t fertig sind, werfen Sie es einfach weg. Kein Nachf\u00fcllen, kein Aufladen und kein \u00c4rger. Es gibt eine Vielzahl von Einweg-E-Zigaretten auf dem Markt, und die Funktionen variieren. Einige haben nachf\u00fcllbare \u00d6lkartuschen und wiederaufladbare Batterien, wodurch sie weniger Einwegprodukte sind als die anderen. Sie bieten zwar etwas weniger Komfort als Einwegger\u00e4te, sparen Ihnen aber auf lange Sicht viel Geld.<\/p>\n<p>&nbsp;<\/p>\n<h3 style=\"text-align: left\">Hauptmerkmale<\/h3>\n<ul>\n<li style=\"text-align: left\">Super-praktisch<\/li>\n<li style=\"text-align: left\">Toller Throat Hit<\/li>\n<li style=\"text-align: left\">Perfekt f\u00fcr Ex-Raucher<\/li>\n<li style=\"text-align: left\">Gute Nikotinmischung<\/li>\n<li style=\"text-align: left\">Ausgezeichnete Aromen<\/li>\n<\/ul>\n<p>&nbsp;<\/p>\n<h2 style=\"text-align: left\">Anwendung<\/h2>\n<li style=\"text-align: left\">1. \u00d6ffnen Sie den \u00e4u\u00dferen Karton und entnehmen Sie den Inhalt<\/li>\n<li style=\"text-align: left\">2. Rei\u00dfen Sie die Folienverpackung auf und entnehmen Sie das Einwegger\u00e4t<\/li>\n<li style=\"text-align: left\">3. Entfernen und entsorgen Sie den Silikonstopfen und das Etikett an der Unterseite des Ger\u00e4ts<\/li>\n<li style=\"text-align: left\">4. Aktivieren Sie den Dampf, indem Sie am Ende der Kapsel ziehen \u2013 an der Unterseite der E-Zigarette leuchtet eine LED-Leuchte auf.<\/li>\n<li style=\"text-align: left\">5. Die LED-Leuchte blinkt, wenn der Akku leer ist. Entsorgen Sie das Ger\u00e4t anschlie\u00dfend sicher.<\/li>\n<p>&nbsp;<\/p>","protected":false},"excerpt":{"rendered":"<h3>Produktspezifikationen<\/h3>\n<table>\n<tbody>\n<tr>\n<th style=\"text-align: left\">Produkttyp<\/th>\n<td style=\"text-align: left\">Einweg-Vape<\/td>\n<\/tr>\n<tr>\n<th style=\"text-align: left\">Farbe<\/th>\n<td style=\"text-align: left\">Gelb oder OEM<\/td>\n<\/tr>\n<tr>\n<th style=\"text-align: left\">Gr\u00f6\u00dfe<\/th>\n<td style=\"text-align: left\">118 x 19 mm<\/td>\n<\/tr>\n<tr>\n<th style=\"text-align: left\">Material<\/th>\n<td style=\"text-align: left\">PC + Edelstahl<\/td>\n<\/tr>\n<tr>\n<th style=\"text-align: left\">Heizspule<\/th>\n<td style=\"text-align: left\">1,6 \u03a9 Mesh-Spule<\/td>\n<\/tr>\n<tr>\n<th style=\"text-align: left\">Puff<\/th>\n<td style=\"text-align: left\">Bis zu 1500 Z\u00fcge<\/td>\n<\/tr>\n<tr>\n<th style=\"text-align: left\">Batterie<\/th>\n<td style=\"text-align: left\">1200 mAh wiederaufladbar<\/td>\n<\/tr>\n<tr>\n<th style=\"text-align: left\">Vorgef\u00fclltes E-Liquid<\/th>\n<td style=\"text-align: left\">6,0 ML<\/td>\n<\/tr>\n<tr>\n<th style=\"text-align: left\">Geschmack<\/th>\n<td style=\"text-align: left\">Zitroneneis<\/td>\n<\/tr>\n<tr>\n<th style=\"text-align: left\">Highlight<\/th>\n<td style=\"text-align: left\">1200 mAh Lemon Ice Einweg-Pod-Ger\u00e4t, ROHS Lemon Ice Einweg-Pod-Ger\u00e4t, 1500 Puffs Einweg-Vape-Pod<\/td>\n<\/tr>\n<\/tbody>\n<\/table>","protected":false},"featured_media":10446,"comment_status":"closed","ping_status":"closed","template":"","meta":[],"product_brand":[],"product_cat":[54,47],"product_tag":[],"class_list":{"0":"post-10433","1":"product","2":"type-product","3":"status-publish","4":"has-post-thumbnail","6":"product_cat-chargeable-disposable-vapes","7":"product_cat-disposable-vapes","9":"first","10":"instock","11":"shipping-taxable","12":"product-type-simple"},"yoast_head":"<!-- This site is optimized with the Yoast SEO plugin v26.9 - https:\/\/yoast.com\/product\/yoast-seo-wordpress\/ -->\n<title>Yellow Lemon Ice Disposable Vape Pod Device 1200mAh<\/title>\n<meta name=\"description\" content=\"Yellow Lemon Ice Disposable Vape Pod Device 1200mAh Super-convenient Great throat hit Perfect for ex-smokers Good nicotine blend\" \/>\n<meta name=\"robots\" content=\"index, follow, max-snippet:-1, max-image-preview:large, max-video-preview:-1\" \/>\n<link rel=\"canonical\" href=\"https:\/\/amxim.com\/de\/product\/yellow-lemon-ice-einweg-vape-pod-gerat-1200-mah\/\" \/>\n<meta property=\"og:locale\" content=\"de_DE\" \/>\n<meta property=\"og:type\" content=\"article\" \/>\n<meta property=\"og:title\" content=\"Yellow Lemon Ice Disposable Vape Pod Device 1200mAh\" \/>\n<meta property=\"og:description\" content=\"Yellow Lemon Ice Disposable Vape Pod Device 1200mAh Super-convenient Great throat hit Perfect for ex-smokers Good nicotine blend\" \/>\n<meta property=\"og:url\" content=\"https:\/\/amxim.com\/de\/product\/yellow-lemon-ice-einweg-vape-pod-gerat-1200-mah\/\" \/>\n<meta property=\"og:site_name\" content=\"AMXIM\" \/>\n<meta property=\"article:modified_time\" content=\"2026-02-04T02:40:46+00:00\" \/>\n<meta property=\"og:image\" content=\"https:\/\/amxim.com\/wp-content\/uploads\/2025\/03\/Yellow-Lemon-Ice-Disposable-Vape-Pod-Device-1200mAh-1.webp\" \/>\n\t<meta property=\"og:image:width\" content=\"1000\" \/>\n\t<meta property=\"og:image:height\" content=\"1000\" \/>\n\t<meta property=\"og:image:type\" content=\"image\/webp\" \/>\n<meta name=\"twitter:card\" content=\"summary_large_image\" \/>\n<meta name=\"twitter:label1\" content=\"Gesch\u00e4tzte Lesezeit\" \/>\n\t<meta name=\"twitter:data1\" content=\"1\u00a0Minute\" \/>\n<script type=\"application\/ld+json\" class=\"yoast-schema-graph\">{\"@context\":\"https:\/\/schema.org\",\"@graph\":[{\"@type\":\"WebPage\",\"@id\":\"https:\/\/amxim.com\/product\/yellow-lemon-ice-disposable-vape-pod-device-1200mah\/\",\"url\":\"https:\/\/amxim.com\/product\/yellow-lemon-ice-disposable-vape-pod-device-1200mah\/\",\"name\":\"Yellow Lemon Ice Disposable Vape Pod Device 1200mAh\",\"isPartOf\":{\"@id\":\"https:\/\/amxim.com\/#website\"},\"primaryImageOfPage\":{\"@id\":\"https:\/\/amxim.com\/product\/yellow-lemon-ice-disposable-vape-pod-device-1200mah\/#primaryimage\"},\"image\":{\"@id\":\"https:\/\/amxim.com\/product\/yellow-lemon-ice-disposable-vape-pod-device-1200mah\/#primaryimage\"},\"thumbnailUrl\":\"https:\/\/amxim.com\/wp-content\/uploads\/2025\/03\/Yellow-Lemon-Ice-Disposable-Vape-Pod-Device-1200mAh-1.webp\",\"datePublished\":\"2025-03-27T01:58:59+00:00\",\"dateModified\":\"2026-02-04T02:40:46+00:00\",\"description\":\"Yellow Lemon Ice Disposable Vape Pod Device 1200mAh Super-convenient Great throat hit Perfect for ex-smokers Good nicotine blend\",\"breadcrumb\":{\"@id\":\"https:\/\/amxim.com\/product\/yellow-lemon-ice-disposable-vape-pod-device-1200mah\/#breadcrumb\"},\"inLanguage\":\"de\",\"potentialAction\":[{\"@type\":\"ReadAction\",\"target\":[\"https:\/\/amxim.com\/product\/yellow-lemon-ice-disposable-vape-pod-device-1200mah\/\"]}]},{\"@type\":\"ImageObject\",\"inLanguage\":\"de\",\"@id\":\"https:\/\/amxim.com\/product\/yellow-lemon-ice-disposable-vape-pod-device-1200mah\/#primaryimage\",\"url\":\"https:\/\/amxim.com\/wp-content\/uploads\/2025\/03\/Yellow-Lemon-Ice-Disposable-Vape-Pod-Device-1200mAh-1.webp\",\"contentUrl\":\"https:\/\/amxim.com\/wp-content\/uploads\/2025\/03\/Yellow-Lemon-Ice-Disposable-Vape-Pod-Device-1200mAh-1.webp\",\"width\":1000,\"height\":1000,\"caption\":\"Yellow Lemon Ice Disposable Vape Pod Device 1200mAh\"},{\"@type\":\"BreadcrumbList\",\"@id\":\"https:\/\/amxim.com\/product\/yellow-lemon-ice-disposable-vape-pod-device-1200mah\/#breadcrumb\",\"itemListElement\":[{\"@type\":\"ListItem\",\"position\":1,\"name\":\"Home\",\"item\":\"https:\/\/amxim.com\/\"},{\"@type\":\"ListItem\",\"position\":2,\"name\":\"Products\",\"item\":\"https:\/\/amxim.com\/de\/products\/\"},{\"@type\":\"ListItem\",\"position\":3,\"name\":\"Yellow Lemon Ice Disposable Vape Pod Device 1200mAh\"}]},{\"@type\":\"WebSite\",\"@id\":\"https:\/\/amxim.com\/#website\",\"url\":\"https:\/\/amxim.com\/\",\"name\":\"AMXIM\",\"description\":\"AMXIM-OEM ODM Vape Manufacturer\",\"publisher\":{\"@id\":\"https:\/\/amxim.com\/#organization\"},\"potentialAction\":[{\"@type\":\"SearchAction\",\"target\":{\"@type\":\"EntryPoint\",\"urlTemplate\":\"https:\/\/amxim.com\/?s={search_term_string}\"},\"query-input\":{\"@type\":\"PropertyValueSpecification\",\"valueRequired\":true,\"valueName\":\"search_term_string\"}}],\"inLanguage\":\"de\"},{\"@type\":\"Organization\",\"@id\":\"https:\/\/amxim.com\/#organization\",\"name\":\"AMXIM\",\"url\":\"https:\/\/amxim.com\/\",\"logo\":{\"@type\":\"ImageObject\",\"inLanguage\":\"de\",\"@id\":\"https:\/\/amxim.com\/#\/schema\/logo\/image\/\",\"url\":\"https:\/\/amxim.com\/wp-content\/uploads\/2025\/03\/cropped-AMXIM-fav.webp\",\"contentUrl\":\"https:\/\/amxim.com\/wp-content\/uploads\/2025\/03\/cropped-AMXIM-fav.webp\",\"width\":512,\"height\":512,\"caption\":\"AMXIM\"},\"image\":{\"@id\":\"https:\/\/amxim.com\/#\/schema\/logo\/image\/\"}}]}<\/script>\n<!-- \/ Yoast SEO plugin. -->","yoast_head_json":{"title":"Yellow Lemon Ice Einweg-Vape-Pod-Ger\u00e4t 1200 mAh","description":"Yellow Lemon Ice Einweg-Vape-Pod-Ger\u00e4t 1200 mAh Super-praktisch Toller Throat Hit Perfekt f\u00fcr Ex-Raucher Gute Nikotinmischung","robots":{"index":"index","follow":"follow","max-snippet":"max-snippet:-1","max-image-preview":"max-image-preview:large","max-video-preview":"max-video-preview:-1"},"canonical":"https:\/\/amxim.com\/de\/product\/yellow-lemon-ice-einweg-vape-pod-gerat-1200-mah\/","og_locale":"de_DE","og_type":"article","og_title":"Yellow Lemon Ice Disposable Vape Pod Device 1200mAh","og_description":"Yellow Lemon Ice Disposable Vape Pod Device 1200mAh Super-convenient Great throat hit Perfect for ex-smokers Good nicotine blend","og_url":"https:\/\/amxim.com\/de\/product\/yellow-lemon-ice-einweg-vape-pod-gerat-1200-mah\/","og_site_name":"AMXIM","article_modified_time":"2026-02-04T02:40:46+00:00","og_image":[{"width":1000,"height":1000,"url":"https:\/\/amxim.com\/wp-content\/uploads\/2025\/03\/Yellow-Lemon-Ice-Disposable-Vape-Pod-Device-1200mAh-1.webp","type":"image\/webp"}],"twitter_card":"summary_large_image","twitter_misc":{"Gesch\u00e4tzte Lesezeit":"1\u00a0Minute"},"schema":{"@context":"https:\/\/schema.org","@graph":[{"@type":"WebPage","@id":"https:\/\/amxim.com\/product\/yellow-lemon-ice-disposable-vape-pod-device-1200mah\/","url":"https:\/\/amxim.com\/product\/yellow-lemon-ice-disposable-vape-pod-device-1200mah\/","name":"Yellow Lemon Ice Einweg-Vape-Pod-Ger\u00e4t 1200 mAh","isPartOf":{"@id":"https:\/\/amxim.com\/#website"},"primaryImageOfPage":{"@id":"https:\/\/amxim.com\/product\/yellow-lemon-ice-disposable-vape-pod-device-1200mah\/#primaryimage"},"image":{"@id":"https:\/\/amxim.com\/product\/yellow-lemon-ice-disposable-vape-pod-device-1200mah\/#primaryimage"},"thumbnailUrl":"https:\/\/amxim.com\/wp-content\/uploads\/2025\/03\/Yellow-Lemon-Ice-Disposable-Vape-Pod-Device-1200mAh-1.webp","datePublished":"2025-03-27T01:58:59+00:00","dateModified":"2026-02-04T02:40:46+00:00","description":"Yellow Lemon Ice Einweg-Vape-Pod-Ger\u00e4t 1200 mAh Super-praktisch Toller Throat Hit Perfekt f\u00fcr Ex-Raucher Gute Nikotinmischung","breadcrumb":{"@id":"https:\/\/amxim.com\/product\/yellow-lemon-ice-disposable-vape-pod-device-1200mah\/#breadcrumb"},"inLanguage":"de","potentialAction":[{"@type":"ReadAction","target":["https:\/\/amxim.com\/product\/yellow-lemon-ice-disposable-vape-pod-device-1200mah\/"]}]},{"@type":"ImageObject","inLanguage":"de","@id":"https:\/\/amxim.com\/product\/yellow-lemon-ice-disposable-vape-pod-device-1200mah\/#primaryimage","url":"https:\/\/amxim.com\/wp-content\/uploads\/2025\/03\/Yellow-Lemon-Ice-Disposable-Vape-Pod-Device-1200mAh-1.webp","contentUrl":"https:\/\/amxim.com\/wp-content\/uploads\/2025\/03\/Yellow-Lemon-Ice-Disposable-Vape-Pod-Device-1200mAh-1.webp","width":1000,"height":1000,"caption":"Yellow Lemon Ice Disposable Vape Pod Device 1200mAh"},{"@type":"BreadcrumbList","@id":"https:\/\/amxim.com\/product\/yellow-lemon-ice-disposable-vape-pod-device-1200mah\/#breadcrumb","itemListElement":[{"@type":"ListItem","position":1,"name":"Home","item":"https:\/\/amxim.com\/"},{"@type":"ListItem","position":2,"name":"Products","item":"https:\/\/amxim.com\/de\/products\/"},{"@type":"ListItem","position":3,"name":"Yellow Lemon Ice Disposable Vape Pod Device 1200mAh"}]},{"@type":"WebSite","@id":"https:\/\/amxim.com\/#website","url":"https:\/\/amxim.com\/","name":"AMXIM","description":"AMXIM-OEM ODM Vape Hersteller","publisher":{"@id":"https:\/\/amxim.com\/#organization"},"potentialAction":[{"@type":"SearchAction","target":{"@type":"EntryPoint","urlTemplate":"https:\/\/amxim.com\/?s={search_term_string}"},"query-input":{"@type":"PropertyValueSpecification","valueRequired":true,"valueName":"search_term_string"}}],"inLanguage":"de"},{"@type":"Organization","@id":"https:\/\/amxim.com\/#organization","name":"AMXIM","url":"https:\/\/amxim.com\/","logo":{"@type":"ImageObject","inLanguage":"de","@id":"https:\/\/amxim.com\/#\/schema\/logo\/image\/","url":"https:\/\/amxim.com\/wp-content\/uploads\/2025\/03\/cropped-AMXIM-fav.webp","contentUrl":"https:\/\/amxim.com\/wp-content\/uploads\/2025\/03\/cropped-AMXIM-fav.webp","width":512,"height":512,"caption":"AMXIM"},"image":{"@id":"https:\/\/amxim.com\/#\/schema\/logo\/image\/"}}]}},"_links":{"self":[{"href":"https:\/\/amxim.com\/de\/wp-json\/wp\/v2\/product\/10433","targetHints":{"allow":["GET"]}}],"collection":[{"href":"https:\/\/amxim.com\/de\/wp-json\/wp\/v2\/product"}],"about":[{"href":"https:\/\/amxim.com\/de\/wp-json\/wp\/v2\/types\/product"}],"replies":[{"embeddable":true,"href":"https:\/\/amxim.com\/de\/wp-json\/wp\/v2\/comments?post=10433"}],"version-history":[{"count":4,"href":"https:\/\/amxim.com\/de\/wp-json\/wp\/v2\/product\/10433\/revisions"}],"predecessor-version":[{"id":13503,"href":"https:\/\/amxim.com\/de\/wp-json\/wp\/v2\/product\/10433\/revisions\/13503"}],"wp:featuredmedia":[{"embeddable":true,"href":"https:\/\/amxim.com\/de\/wp-json\/wp\/v2\/media\/10446"}],"wp:attachment":[{"href":"https:\/\/amxim.com\/de\/wp-json\/wp\/v2\/media?parent=10433"}],"wp:term":[{"taxonomy":"product_brand","embeddable":true,"href":"https:\/\/amxim.com\/de\/wp-json\/wp\/v2\/product_brand?post=10433"},{"taxonomy":"product_cat","embeddable":true,"href":"https:\/\/amxim.com\/de\/wp-json\/wp\/v2\/product_cat?post=10433"},{"taxonomy":"product_tag","embeddable":true,"href":"https:\/\/amxim.com\/de\/wp-json\/wp\/v2\/product_tag?post=10433"}],"curies":[{"name":"wp","href":"https:\/\/api.w.org\/{rel}","templated":true}]}}