{"id":10586,"date":"2025-03-27T07:01:33","date_gmt":"2025-03-27T07:01:33","guid":{"rendered":"https:\/\/amxim.com\/?post_type=product&#038;p=10586"},"modified":"2026-02-04T03:00:21","modified_gmt":"2026-02-04T03:00:21","slug":"mesh-coil-dampf-nachfullbar-vape-pod-e-zigarette-5000-zuge-650mah","status":"publish","type":"product","link":"https:\/\/amxim.com\/de\/product\/mesh-coil-dampf-nachfullbar-vape-pod-e-zigarette-5000-zuge-650mah\/","title":{"rendered":"Mesh Coil Vapour Nachf\u00fcllbare Vape Pod E-Zigarette 5000 Z\u00fcge 650mAh"},"content":{"rendered":"<h2 style=\"text-align: left\">Mesh Coil Vapour Nachf\u00fcllbare Vape Pod E-Zigarette 5000 Z\u00fcge 650mAh<\/h2>\n<p style=\"text-align: left\">Die wiederaufladbare Einweg-E-Zigarette ist ein bahnbrechendes Ger\u00e4t, das herk\u00f6mmliche Zigaretten ersetzt und eine ges\u00fcndere Alternative bietet, die sowohl tragbar als auch praktisch ist. Sie bietet ein befriedigendes Erlebnis ohne die Nachteile des herk\u00f6mmlichen Rauchens und ist somit eine hervorragende Option f\u00fcr alle, die mit dem Rauchen aufh\u00f6ren m\u00f6chten.<br \/>\nDieses Modell verf\u00fcgt \u00fcber einen 400-mAh-Akku, eine Micro-USB-Ladeschnittstelle und ein E-Liquid-Fassungsverm\u00f6gen von 4,0 ml f\u00fcr \u00fcber 5000 Z\u00fcge. Dank ihres eleganten Designs und der kompakten Gr\u00f6\u00dfe ist diese Einweg-E-Zigarette ideal f\u00fcr unterwegs und passt problemlos in die Tasche, um Ihren t\u00e4glichen Bedarf zu decken. Der Nikotinsalzgehalt von 5% verbindet sich nahtlos mit dem E-Liquid f\u00fcr ein optimales Dampferlebnis.<\/p>\n<p>&nbsp;<\/p>\n<h3 style=\"text-align: left\">Hauptmerkmale<\/h3>\n<ul>\n<li style=\"text-align: left\">E-Liquid-Kapazit\u00e4t: 4,0 ml E-Liquid mit Nikotinsalz pro .<\/li>\n<li style=\"text-align: left\">Es ist kompakt und tragbar.<\/li>\n<li style=\"text-align: left\">5% Nikotin.<\/li>\n<li style=\"text-align: left\">Aktivierter Z\u00fcndmechanismus.<\/li>\n<li style=\"text-align: left\">Gesch\u00fctzt vor Kurzschl\u00fcssen und \u00dcberhitzung.<\/li>\n<li style=\"text-align: left\">Leicht zu tragen, da sie klein sind.<\/li>\n<li style=\"text-align: left\">Verschiedene Farboptionen.<\/li>\n<\/ul>","protected":false},"excerpt":{"rendered":"<h3>Produktspezifikationen<\/h3>\n<table>\n<tbody>\n<tr>\n<th style=\"text-align: left\">Produkttyp<\/th>\n<td style=\"text-align: left\">Wiederaufladbarer\/austauschbarer POD<\/td>\n<\/tr>\n<tr>\n<th style=\"text-align: left\">Farbe<\/th>\n<td style=\"text-align: left\">Angezeigt oder angepasst<\/td>\n<\/tr>\n<tr>\n<th style=\"text-align: left\">Gr\u00f6\u00dfe<\/th>\n<td style=\"text-align: left\">108 x 20 mm<\/td>\n<\/tr>\n<tr>\n<th style=\"text-align: left\">Geschmack<\/th>\n<td style=\"text-align: left\">Bis zu 50 Geschmacksrichtungen<\/td>\n<\/tr>\n<tr>\n<th style=\"text-align: left\">Material<\/th>\n<td style=\"text-align: left\">PC + Edelstahl<\/td>\n<\/tr>\n<tr>\n<th style=\"text-align: left\">Heizspule<\/th>\n<td style=\"text-align: left\">1,2 \u03a9 Mesh-Spule<\/td>\n<\/tr>\n<tr>\n<th style=\"text-align: left\">Puff<\/th>\n<td style=\"text-align: left\">Bis zu 5000 Z\u00fcge<\/td>\n<\/tr>\n<tr>\n<th style=\"text-align: left\">Batterie<\/th>\n<td style=\"text-align: left\">650 mAh wiederaufladbar<\/td>\n<\/tr>\n<tr>\n<th style=\"text-align: left\">Vorgef\u00fclltes E-Liquid<\/th>\n<td style=\"text-align: left\">4,0 ML<\/td>\n<\/tr>\n<tr>\n<th style=\"text-align: left\">Ladeger\u00e4t<\/th>\n<td style=\"text-align: left\">Micro-USB<\/td>\n<\/tr>\n<tr>\n<th style=\"text-align: left\">Highlight<\/th>\n<td style=\"text-align: left\">OEM nachf\u00fcllbare elektronische Zigarette<\/td>\n<\/tr>\n<\/tbody>\n<\/table>","protected":false},"featured_media":10604,"comment_status":"closed","ping_status":"closed","template":"","meta":[],"product_brand":[],"product_cat":[54,47,50,58],"product_tag":[],"class_list":{"0":"post-10586","1":"product","2":"type-product","3":"status-publish","4":"has-post-thumbnail","6":"product_cat-chargeable-disposable-vapes","7":"product_cat-disposable-vapes","8":"product_cat-pod-systems","9":"product_cat-refillable-electronic-cigarette","11":"first","12":"instock","13":"shipping-taxable","14":"product-type-simple"},"yoast_head":"<!-- This site is optimized with the Yoast SEO plugin v26.9 - https:\/\/yoast.com\/product\/yoast-seo-wordpress\/ -->\n<title>Mesh Coil Vapour Refillable Vape Pod E-Cigarette 5000 Puffs 650mAh<\/title>\n<meta name=\"description\" content=\"Mesh Coil Vapour Refillable Vape Pod E-Cigarette 5000 Puffs 650mAh E-liquid capacity: 4.0ml Salt nicotine e-liquid per Battery amount: 650mAh\" \/>\n<meta name=\"robots\" content=\"index, follow, max-snippet:-1, max-image-preview:large, max-video-preview:-1\" \/>\n<link rel=\"canonical\" href=\"https:\/\/amxim.com\/de\/product\/mesh-coil-dampf-nachfullbar-vape-pod-e-zigarette-5000-zuge-650mah\/\" \/>\n<meta property=\"og:locale\" content=\"de_DE\" \/>\n<meta property=\"og:type\" content=\"article\" \/>\n<meta property=\"og:title\" content=\"Mesh Coil Vapour Refillable Vape Pod E-Cigarette 5000 Puffs 650mAh\" \/>\n<meta property=\"og:description\" content=\"Mesh Coil Vapour Refillable Vape Pod E-Cigarette 5000 Puffs 650mAh E-liquid capacity: 4.0ml Salt nicotine e-liquid per Battery amount: 650mAh\" \/>\n<meta property=\"og:url\" content=\"https:\/\/amxim.com\/de\/product\/mesh-coil-dampf-nachfullbar-vape-pod-e-zigarette-5000-zuge-650mah\/\" \/>\n<meta property=\"og:site_name\" content=\"AMXIM\" \/>\n<meta property=\"article:modified_time\" content=\"2026-02-04T03:00:21+00:00\" \/>\n<meta property=\"og:image\" content=\"https:\/\/amxim.com\/wp-content\/uploads\/2025\/03\/Mesh-Coil-Vapour-Refillable-Vape-Pod-E-Cigarette-5000-Puffs-650mAh-8.webp\" \/>\n\t<meta property=\"og:image:width\" content=\"1000\" \/>\n\t<meta property=\"og:image:height\" content=\"1000\" \/>\n\t<meta property=\"og:image:type\" content=\"image\/webp\" \/>\n<meta name=\"twitter:card\" content=\"summary_large_image\" \/>\n<meta name=\"twitter:label1\" content=\"Gesch\u00e4tzte Lesezeit\" \/>\n\t<meta name=\"twitter:data1\" content=\"1\u00a0Minute\" \/>\n<script type=\"application\/ld+json\" class=\"yoast-schema-graph\">{\"@context\":\"https:\/\/schema.org\",\"@graph\":[{\"@type\":\"WebPage\",\"@id\":\"https:\/\/amxim.com\/product\/mesh-coil-vapour-refillable-vape-pod-e-cigarette-5000-puffs-650mah\/\",\"url\":\"https:\/\/amxim.com\/product\/mesh-coil-vapour-refillable-vape-pod-e-cigarette-5000-puffs-650mah\/\",\"name\":\"Mesh Coil Vapour Refillable Vape Pod E-Cigarette 5000 Puffs 650mAh\",\"isPartOf\":{\"@id\":\"https:\/\/amxim.com\/#website\"},\"primaryImageOfPage\":{\"@id\":\"https:\/\/amxim.com\/product\/mesh-coil-vapour-refillable-vape-pod-e-cigarette-5000-puffs-650mah\/#primaryimage\"},\"image\":{\"@id\":\"https:\/\/amxim.com\/product\/mesh-coil-vapour-refillable-vape-pod-e-cigarette-5000-puffs-650mah\/#primaryimage\"},\"thumbnailUrl\":\"https:\/\/amxim.com\/wp-content\/uploads\/2025\/03\/Mesh-Coil-Vapour-Refillable-Vape-Pod-E-Cigarette-5000-Puffs-650mAh-8.webp\",\"datePublished\":\"2025-03-27T07:01:33+00:00\",\"dateModified\":\"2026-02-04T03:00:21+00:00\",\"description\":\"Mesh Coil Vapour Refillable Vape Pod E-Cigarette 5000 Puffs 650mAh E-liquid capacity: 4.0ml Salt nicotine e-liquid per Battery amount: 650mAh\",\"breadcrumb\":{\"@id\":\"https:\/\/amxim.com\/product\/mesh-coil-vapour-refillable-vape-pod-e-cigarette-5000-puffs-650mah\/#breadcrumb\"},\"inLanguage\":\"de\",\"potentialAction\":[{\"@type\":\"ReadAction\",\"target\":[\"https:\/\/amxim.com\/product\/mesh-coil-vapour-refillable-vape-pod-e-cigarette-5000-puffs-650mah\/\"]}]},{\"@type\":\"ImageObject\",\"inLanguage\":\"de\",\"@id\":\"https:\/\/amxim.com\/product\/mesh-coil-vapour-refillable-vape-pod-e-cigarette-5000-puffs-650mah\/#primaryimage\",\"url\":\"https:\/\/amxim.com\/wp-content\/uploads\/2025\/03\/Mesh-Coil-Vapour-Refillable-Vape-Pod-E-Cigarette-5000-Puffs-650mAh-8.webp\",\"contentUrl\":\"https:\/\/amxim.com\/wp-content\/uploads\/2025\/03\/Mesh-Coil-Vapour-Refillable-Vape-Pod-E-Cigarette-5000-Puffs-650mAh-8.webp\",\"width\":1000,\"height\":1000,\"caption\":\"Mesh Coil Vapour Refillable Vape Pod E-Cigarette 5000 Puffs 650mAh\"},{\"@type\":\"BreadcrumbList\",\"@id\":\"https:\/\/amxim.com\/product\/mesh-coil-vapour-refillable-vape-pod-e-cigarette-5000-puffs-650mah\/#breadcrumb\",\"itemListElement\":[{\"@type\":\"ListItem\",\"position\":1,\"name\":\"Home\",\"item\":\"https:\/\/amxim.com\/en\/\"},{\"@type\":\"ListItem\",\"position\":2,\"name\":\"Products\",\"item\":\"https:\/\/amxim.com\/de\/products\/\"},{\"@type\":\"ListItem\",\"position\":3,\"name\":\"Mesh Coil Vapour Refillable Vape Pod E-Cigarette 5000 Puffs 650mAh\"}]},{\"@type\":\"WebSite\",\"@id\":\"https:\/\/amxim.com\/#website\",\"url\":\"https:\/\/amxim.com\/\",\"name\":\"AMXIM\",\"description\":\"AMXIM-OEM ODM Vape Manufacturer\",\"publisher\":{\"@id\":\"https:\/\/amxim.com\/#organization\"},\"potentialAction\":[{\"@type\":\"SearchAction\",\"target\":{\"@type\":\"EntryPoint\",\"urlTemplate\":\"https:\/\/amxim.com\/?s={search_term_string}\"},\"query-input\":{\"@type\":\"PropertyValueSpecification\",\"valueRequired\":true,\"valueName\":\"search_term_string\"}}],\"inLanguage\":\"de\"},{\"@type\":\"Organization\",\"@id\":\"https:\/\/amxim.com\/#organization\",\"name\":\"AMXIM\",\"url\":\"https:\/\/amxim.com\/\",\"logo\":{\"@type\":\"ImageObject\",\"inLanguage\":\"de\",\"@id\":\"https:\/\/amxim.com\/#\/schema\/logo\/image\/\",\"url\":\"https:\/\/amxim.com\/wp-content\/uploads\/2025\/03\/cropped-AMXIM-fav.webp\",\"contentUrl\":\"https:\/\/amxim.com\/wp-content\/uploads\/2025\/03\/cropped-AMXIM-fav.webp\",\"width\":512,\"height\":512,\"caption\":\"AMXIM\"},\"image\":{\"@id\":\"https:\/\/amxim.com\/#\/schema\/logo\/image\/\"}}]}<\/script>\n<!-- \/ Yoast SEO plugin. -->","yoast_head_json":{"title":"Mesh Coil Vapour Nachf\u00fcllbare Vape Pod E-Zigarette 5000 Z\u00fcge 650mAh","description":"Mesh Coil Vapour Nachf\u00fcllbare Vape Pod E-Zigarette 5000 Z\u00fcge 650 mAh E-Liquid-Kapazit\u00e4t: 4,0 ml Salz-Nikotin-E-Liquid pro Batteriemenge: 650 mAh","robots":{"index":"index","follow":"follow","max-snippet":"max-snippet:-1","max-image-preview":"max-image-preview:large","max-video-preview":"max-video-preview:-1"},"canonical":"https:\/\/amxim.com\/de\/product\/mesh-coil-dampf-nachfullbar-vape-pod-e-zigarette-5000-zuge-650mah\/","og_locale":"de_DE","og_type":"article","og_title":"Mesh Coil Vapour Refillable Vape Pod E-Cigarette 5000 Puffs 650mAh","og_description":"Mesh Coil Vapour Refillable Vape Pod E-Cigarette 5000 Puffs 650mAh E-liquid capacity: 4.0ml Salt nicotine e-liquid per Battery amount: 650mAh","og_url":"https:\/\/amxim.com\/de\/product\/mesh-coil-dampf-nachfullbar-vape-pod-e-zigarette-5000-zuge-650mah\/","og_site_name":"AMXIM","article_modified_time":"2026-02-04T03:00:21+00:00","og_image":[{"width":1000,"height":1000,"url":"https:\/\/amxim.com\/wp-content\/uploads\/2025\/03\/Mesh-Coil-Vapour-Refillable-Vape-Pod-E-Cigarette-5000-Puffs-650mAh-8.webp","type":"image\/webp"}],"twitter_card":"summary_large_image","twitter_misc":{"Gesch\u00e4tzte Lesezeit":"1\u00a0Minute"},"schema":{"@context":"https:\/\/schema.org","@graph":[{"@type":"WebPage","@id":"https:\/\/amxim.com\/product\/mesh-coil-vapour-refillable-vape-pod-e-cigarette-5000-puffs-650mah\/","url":"https:\/\/amxim.com\/product\/mesh-coil-vapour-refillable-vape-pod-e-cigarette-5000-puffs-650mah\/","name":"Mesh Coil Vapour Nachf\u00fcllbare Vape Pod E-Zigarette 5000 Z\u00fcge 650mAh","isPartOf":{"@id":"https:\/\/amxim.com\/#website"},"primaryImageOfPage":{"@id":"https:\/\/amxim.com\/product\/mesh-coil-vapour-refillable-vape-pod-e-cigarette-5000-puffs-650mah\/#primaryimage"},"image":{"@id":"https:\/\/amxim.com\/product\/mesh-coil-vapour-refillable-vape-pod-e-cigarette-5000-puffs-650mah\/#primaryimage"},"thumbnailUrl":"https:\/\/amxim.com\/wp-content\/uploads\/2025\/03\/Mesh-Coil-Vapour-Refillable-Vape-Pod-E-Cigarette-5000-Puffs-650mAh-8.webp","datePublished":"2025-03-27T07:01:33+00:00","dateModified":"2026-02-04T03:00:21+00:00","description":"Mesh Coil Vapour Nachf\u00fcllbare Vape Pod E-Zigarette 5000 Z\u00fcge 650 mAh E-Liquid-Kapazit\u00e4t: 4,0 ml Salz-Nikotin-E-Liquid pro Batteriemenge: 650 mAh","breadcrumb":{"@id":"https:\/\/amxim.com\/product\/mesh-coil-vapour-refillable-vape-pod-e-cigarette-5000-puffs-650mah\/#breadcrumb"},"inLanguage":"de","potentialAction":[{"@type":"ReadAction","target":["https:\/\/amxim.com\/product\/mesh-coil-vapour-refillable-vape-pod-e-cigarette-5000-puffs-650mah\/"]}]},{"@type":"ImageObject","inLanguage":"de","@id":"https:\/\/amxim.com\/product\/mesh-coil-vapour-refillable-vape-pod-e-cigarette-5000-puffs-650mah\/#primaryimage","url":"https:\/\/amxim.com\/wp-content\/uploads\/2025\/03\/Mesh-Coil-Vapour-Refillable-Vape-Pod-E-Cigarette-5000-Puffs-650mAh-8.webp","contentUrl":"https:\/\/amxim.com\/wp-content\/uploads\/2025\/03\/Mesh-Coil-Vapour-Refillable-Vape-Pod-E-Cigarette-5000-Puffs-650mAh-8.webp","width":1000,"height":1000,"caption":"Mesh Coil Vapour Refillable Vape Pod E-Cigarette 5000 Puffs 650mAh"},{"@type":"BreadcrumbList","@id":"https:\/\/amxim.com\/product\/mesh-coil-vapour-refillable-vape-pod-e-cigarette-5000-puffs-650mah\/#breadcrumb","itemListElement":[{"@type":"ListItem","position":1,"name":"Home","item":"https:\/\/amxim.com\/en\/"},{"@type":"ListItem","position":2,"name":"Products","item":"https:\/\/amxim.com\/de\/products\/"},{"@type":"ListItem","position":3,"name":"Mesh Coil Vapour Refillable Vape Pod E-Cigarette 5000 Puffs 650mAh"}]},{"@type":"WebSite","@id":"https:\/\/amxim.com\/#website","url":"https:\/\/amxim.com\/","name":"AMXIM","description":"AMXIM-OEM ODM Vape Hersteller","publisher":{"@id":"https:\/\/amxim.com\/#organization"},"potentialAction":[{"@type":"SearchAction","target":{"@type":"EntryPoint","urlTemplate":"https:\/\/amxim.com\/?s={search_term_string}"},"query-input":{"@type":"PropertyValueSpecification","valueRequired":true,"valueName":"search_term_string"}}],"inLanguage":"de"},{"@type":"Organization","@id":"https:\/\/amxim.com\/#organization","name":"AMXIM","url":"https:\/\/amxim.com\/","logo":{"@type":"ImageObject","inLanguage":"de","@id":"https:\/\/amxim.com\/#\/schema\/logo\/image\/","url":"https:\/\/amxim.com\/wp-content\/uploads\/2025\/03\/cropped-AMXIM-fav.webp","contentUrl":"https:\/\/amxim.com\/wp-content\/uploads\/2025\/03\/cropped-AMXIM-fav.webp","width":512,"height":512,"caption":"AMXIM"},"image":{"@id":"https:\/\/amxim.com\/#\/schema\/logo\/image\/"}}]}},"_links":{"self":[{"href":"https:\/\/amxim.com\/de\/wp-json\/wp\/v2\/product\/10586","targetHints":{"allow":["GET"]}}],"collection":[{"href":"https:\/\/amxim.com\/de\/wp-json\/wp\/v2\/product"}],"about":[{"href":"https:\/\/amxim.com\/de\/wp-json\/wp\/v2\/types\/product"}],"replies":[{"embeddable":true,"href":"https:\/\/amxim.com\/de\/wp-json\/wp\/v2\/comments?post=10586"}],"version-history":[{"count":3,"href":"https:\/\/amxim.com\/de\/wp-json\/wp\/v2\/product\/10586\/revisions"}],"predecessor-version":[{"id":13518,"href":"https:\/\/amxim.com\/de\/wp-json\/wp\/v2\/product\/10586\/revisions\/13518"}],"wp:featuredmedia":[{"embeddable":true,"href":"https:\/\/amxim.com\/de\/wp-json\/wp\/v2\/media\/10604"}],"wp:attachment":[{"href":"https:\/\/amxim.com\/de\/wp-json\/wp\/v2\/media?parent=10586"}],"wp:term":[{"taxonomy":"product_brand","embeddable":true,"href":"https:\/\/amxim.com\/de\/wp-json\/wp\/v2\/product_brand?post=10586"},{"taxonomy":"product_cat","embeddable":true,"href":"https:\/\/amxim.com\/de\/wp-json\/wp\/v2\/product_cat?post=10586"},{"taxonomy":"product_tag","embeddable":true,"href":"https:\/\/amxim.com\/de\/wp-json\/wp\/v2\/product_tag?post=10586"}],"curies":[{"name":"wp","href":"https:\/\/api.w.org\/{rel}","templated":true}]}}