{"id":11348,"date":"2025-04-18T02:04:19","date_gmt":"2025-04-18T02:04:19","guid":{"rendered":"https:\/\/amxim.com\/?post_type=product&#038;p=11348"},"modified":"2026-02-04T02:29:11","modified_gmt":"2026-02-04T02:29:11","slug":"kristallmundstuck-70-ml-1500-zuge-einweg-vape-850-mah-akku","status":"publish","type":"product","link":"https:\/\/amxim.com\/de\/product\/kristallmundstuck-70-ml-1500-zuge-einweg-vape-850-mah-akku\/","title":{"rendered":"Kristallmundst\u00fcck 7,0 ml 1500 Puffs Einweg-Vape 850mAh Batterie"},"content":{"rendered":"<div class=\"product-description\">\n<h2 style=\"text-align: left;\">Kristallmundst\u00fcck 7,0 ml 1500 Puffs Einweg-Vape 850mAh Batterie<\/h2>\n<p style=\"text-align: left;\">  Featuring a crystal mouthpiece, this 7ml disposable vape delivers up to 1500 puffs of smooth, flavorful vapor. Equipped with a 1.2\u03a9 mesh coil and 6ml prefilled e-liquid, it supports up to 50 flavors for a versatile vaping experience. Powered by an 850mAh rechargeable battery, this disposable vape ensures reliable performance and long-lasting use. Manufactured by a professional vape factory for OEM\/ODM services, it is designed for private-label brands, distributors, and scalable custom vape production.    <\/p>\n<h3 style=\"text-align: left;\">Hauptmerkmale<\/h3>\n<ul>\n<li style=\"text-align: left;\">Mundst\u00fcck aus Kristall, klassisch, hell und transparent, Aussehen wie bei Einbrennlackierung.<\/li>\n<li style=\"text-align: left;\">Klassische Gr\u00f6\u00dfe und tragbares Design erf\u00fcllen den Bedarf an Dampfen jederzeit und \u00fcberall.<\/li>\n<li style=\"text-align: left;\">Kernzerst\u00e4ubungstechnologie: pr\u00e4zise TC MESH-Spule + nat\u00fcrliche Mikrofaser-Bio-Baumwolle, damit jeder Zug z\u00e4hlt.<\/li>\n<li style=\"text-align: left;\">Kernchip-Steuerung, RMS-Ausgang, das optimale elektrothermische Steuerungssystem.<\/li>\n<li style=\"text-align: left;\">Zahlreiche Geschmacksrichtungen zur Auswahl und delikater Geschmack, voller Dampf und reiches Aroma.<\/li>\n<li style=\"text-align: left;\">Sanfter und angenehmer Throat Hit, keine Geschmacksverminderung.<\/li>\n<\/ul>\n<p>&nbsp;<\/p>\n<h3>Produktgalerie<\/h3>\n<p><img decoding=\"async\" style=\"width: 100%; margin: 0 auto;\" src=\"https:\/\/amxim.com\/wp-content\/uploads\/2025\/04\/Crystal-Mouthpiece-7.0ml-1500-Puffs-Disposable-Vape-850mAh-Battery-1.webp\" alt=\"Kristallmundst\u00fcck 7,0 ml 1500 Puffs Einweg-Vape 850mAh Batterie\" \/><br \/>\n<img decoding=\"async\" style=\"width: 100%; margin: 0 auto;\" src=\"https:\/\/amxim.com\/wp-content\/uploads\/2025\/04\/Crystal-Mouthpiece-7.0ml-1500-Puffs-Disposable-Vape-850mAh-Battery-2.webp\" alt=\"Kristallmundst\u00fcck 7,0 ml 1500 Puffs Einweg-Vape 850mAh Batterie\" \/><br \/>\n<img decoding=\"async\" style=\"width: 100%; margin: 0 auto;\" src=\"https:\/\/amxim.com\/wp-content\/uploads\/2025\/04\/Crystal-Mouthpiece-7.0ml-1500-Puffs-Disposable-Vape-850mAh-Battery-3.webp\" alt=\"Kristallmundst\u00fcck 7,0 ml 1500 Puffs Einweg-Vape 850mAh Batterie\" \/><br \/>\n<img decoding=\"async\" style=\"width: 100%; margin: 0 auto;\" src=\"https:\/\/amxim.com\/wp-content\/uploads\/2025\/04\/Crystal-Mouthpiece-7.0ml-1500-Puffs-Disposable-Vape-850mAh-Battery-4.webp\" alt=\"Kristallmundst\u00fcck 7,0 ml 1500 Puffs Einweg-Vape 850mAh Batterie\" \/><br \/>\n<img decoding=\"async\" style=\"width: 100%; margin: 0 auto;\" src=\"https:\/\/amxim.com\/wp-content\/uploads\/2025\/04\/Crystal-Mouthpiece-7.0ml-1500-Puffs-Disposable-Vape-850mAh-Battery-5.webp\" alt=\"Kristallmundst\u00fcck 7,0 ml 1500 Puffs Einweg-Vape 850mAh Batterie\" \/><br \/>\n<img decoding=\"async\" style=\"width: 100%; margin: 0 auto;\" src=\"https:\/\/amxim.com\/wp-content\/uploads\/2025\/04\/Crystal-Mouthpiece-7.0ml-1500-Puffs-Disposable-Vape-850mAh-Battery-6.webp\" alt=\"Kristallmundst\u00fcck 7,0 ml 1500 Puffs Einweg-Vape 850mAh Batterie\" \/><br \/>\n<img decoding=\"async\" style=\"width: 100%; margin: 0 auto;\" src=\"https:\/\/amxim.com\/wp-content\/uploads\/2025\/04\/Crystal-Mouthpiece-7.0ml-1500-Puffs-Disposable-Vape-850mAh-Battery-7.webp\" alt=\"Kristallmundst\u00fcck 7,0 ml 1500 Puffs Einweg-Vape 850mAh Batterie\" \/><br \/>\n<img decoding=\"async\" style=\"width: 100%; margin: 0 auto;\" src=\"https:\/\/amxim.com\/wp-content\/uploads\/2025\/04\/Crystal-Mouthpiece-7.0ml-1500-Puffs-Disposable-Vape-850mAh-Battery-8.webp\" alt=\"Kristallmundst\u00fcck 7,0 ml 1500 Puffs Einweg-Vape 850mAh Batterie\" \/><\/p>\n<\/div>\n<style>\n.product-description {\n    font-family: Arial, sans-serif;\n    max-width: 1400px;\n    margin: 0 auto;\n    padding: 20px;\n    background: #fff;\n    border-radius: 10px;\n    box-shadow: 0 4px 8px rgba(0, 0, 0, 0.1);\n    padding: 20px;\n    padding-bottom: 20px;\n}\n<\/style>","protected":false},"excerpt":{"rendered":"<h3>Produktspezifikationen<\/h3>\n<table>\n<tbody>\n<tr>\n<th style=\"text-align: left;\">Produkttyp<\/th>\n<td style=\"text-align: left;\">Wiederaufladbarer Einweg-Vape<\/td>\n<\/tr>\n<tr>\n<th style=\"text-align: left;\">Farboptionen<\/th>\n<td style=\"text-align: left;\">Angezeigt oder angepasst<\/td>\n<\/tr>\n<tr>\n<th style=\"text-align: left;\">Gr\u00f6\u00dfe<\/th>\n<td style=\"text-align: left;\">20 x 112,5 (mm)<\/td>\n<\/tr>\n<tr>\n<th style=\"text-align: left;\">Geschmack<\/th>\n<td style=\"text-align: left;\">Bis zu 50 Geschmacksrichtungen<\/td>\n<\/tr>\n<tr>\n<th style=\"text-align: left;\">Heizspule<\/th>\n<td style=\"text-align: left;\">1,2 \u03a9 Mesh-Spule<\/td>\n<\/tr>\n<tr>\n<th style=\"text-align: left;\">Vorgef\u00fclltes E-Liquid<\/th>\n<td style=\"text-align: left;\">6,0 ML<\/td>\n<\/tr>\n<tr>\n<th style=\"text-align: left;\">Puff<\/th>\n<td style=\"text-align: left;\">Bis zu 1500 Z\u00fcge<\/td>\n<\/tr>\n<tr>\n<th style=\"text-align: left;\">Batterie<\/th>\n<td style=\"text-align: left;\">850 mAh wiederaufladbar<\/td>\n<\/tr>\n<\/tbody>\n<\/table>","protected":false},"featured_media":11361,"comment_status":"closed","ping_status":"closed","template":"","meta":[],"product_brand":[],"product_cat":[54,47],"product_tag":[],"class_list":{"0":"post-11348","1":"product","2":"type-product","3":"status-publish","4":"has-post-thumbnail","6":"product_cat-chargeable-disposable-vapes","7":"product_cat-disposable-vapes","9":"first","10":"instock","11":"featured","12":"shipping-taxable","13":"product-type-simple"},"yoast_head":"<!-- This site is optimized with the Yoast SEO plugin v26.9 - https:\/\/yoast.com\/product\/yoast-seo-wordpress\/ -->\n<title>Crystal Mouthpiece 7.0ml 1500 Puffs Disposable Vape 850mAh Battery<\/title>\n<meta name=\"description\" content=\"Crystal Mouthpiece 7.0ml 1500 Puffs Disposable Vape 850mAh Battery Rechargeable disposable Vape Up to 50 flavors Displayed or Customized\" \/>\n<meta name=\"robots\" content=\"index, follow, max-snippet:-1, max-image-preview:large, max-video-preview:-1\" \/>\n<link rel=\"canonical\" href=\"https:\/\/amxim.com\/de\/product\/kristallmundstuck-70-ml-1500-zuge-einweg-vape-850-mah-akku\/\" \/>\n<meta property=\"og:locale\" content=\"de_DE\" \/>\n<meta property=\"og:type\" content=\"article\" \/>\n<meta property=\"og:title\" content=\"Crystal Mouthpiece 7.0ml 1500 Puffs Disposable Vape 850mAh Battery\" \/>\n<meta property=\"og:description\" content=\"Crystal Mouthpiece 7.0ml 1500 Puffs Disposable Vape 850mAh Battery Rechargeable disposable Vape Up to 50 flavors Displayed or Customized\" \/>\n<meta property=\"og:url\" content=\"https:\/\/amxim.com\/de\/product\/kristallmundstuck-70-ml-1500-zuge-einweg-vape-850-mah-akku\/\" \/>\n<meta property=\"og:site_name\" content=\"AMXIM\" \/>\n<meta property=\"article:modified_time\" content=\"2026-02-04T02:29:11+00:00\" \/>\n<meta property=\"og:image\" content=\"https:\/\/amxim.com\/wp-content\/uploads\/2025\/04\/Crystal-Mouthpiece-7.0ml-1500-Puffs-Disposable-Vape-850mAh-Battery-13.webp\" \/>\n\t<meta property=\"og:image:width\" content=\"1000\" \/>\n\t<meta property=\"og:image:height\" content=\"1000\" \/>\n\t<meta property=\"og:image:type\" content=\"image\/webp\" \/>\n<meta name=\"twitter:card\" content=\"summary_large_image\" \/>\n<meta name=\"twitter:label1\" content=\"Gesch\u00e4tzte Lesezeit\" \/>\n\t<meta name=\"twitter:data1\" content=\"3\u00a0Minuten\" \/>\n<script type=\"application\/ld+json\" class=\"yoast-schema-graph\">{\"@context\":\"https:\/\/schema.org\",\"@graph\":[{\"@type\":\"WebPage\",\"@id\":\"https:\/\/amxim.com\/product\/crystal-mouthpiece-7-0ml-1500-puffs-disposable-vape-850mah-battery\/\",\"url\":\"https:\/\/amxim.com\/product\/crystal-mouthpiece-7-0ml-1500-puffs-disposable-vape-850mah-battery\/\",\"name\":\"Crystal Mouthpiece 7.0ml 1500 Puffs Disposable Vape 850mAh Battery\",\"isPartOf\":{\"@id\":\"https:\/\/amxim.com\/#website\"},\"primaryImageOfPage\":{\"@id\":\"https:\/\/amxim.com\/product\/crystal-mouthpiece-7-0ml-1500-puffs-disposable-vape-850mah-battery\/#primaryimage\"},\"image\":{\"@id\":\"https:\/\/amxim.com\/product\/crystal-mouthpiece-7-0ml-1500-puffs-disposable-vape-850mah-battery\/#primaryimage\"},\"thumbnailUrl\":\"https:\/\/amxim.com\/wp-content\/uploads\/2025\/04\/Crystal-Mouthpiece-7.0ml-1500-Puffs-Disposable-Vape-850mAh-Battery-13.webp\",\"datePublished\":\"2025-04-18T02:04:19+00:00\",\"dateModified\":\"2026-02-04T02:29:11+00:00\",\"description\":\"Crystal Mouthpiece 7.0ml 1500 Puffs Disposable Vape 850mAh Battery Rechargeable disposable Vape Up to 50 flavors Displayed or Customized\",\"breadcrumb\":{\"@id\":\"https:\/\/amxim.com\/product\/crystal-mouthpiece-7-0ml-1500-puffs-disposable-vape-850mah-battery\/#breadcrumb\"},\"inLanguage\":\"de\",\"potentialAction\":[{\"@type\":\"ReadAction\",\"target\":[\"https:\/\/amxim.com\/product\/crystal-mouthpiece-7-0ml-1500-puffs-disposable-vape-850mah-battery\/\"]}]},{\"@type\":\"ImageObject\",\"inLanguage\":\"de\",\"@id\":\"https:\/\/amxim.com\/product\/crystal-mouthpiece-7-0ml-1500-puffs-disposable-vape-850mah-battery\/#primaryimage\",\"url\":\"https:\/\/amxim.com\/wp-content\/uploads\/2025\/04\/Crystal-Mouthpiece-7.0ml-1500-Puffs-Disposable-Vape-850mAh-Battery-13.webp\",\"contentUrl\":\"https:\/\/amxim.com\/wp-content\/uploads\/2025\/04\/Crystal-Mouthpiece-7.0ml-1500-Puffs-Disposable-Vape-850mAh-Battery-13.webp\",\"width\":1000,\"height\":1000,\"caption\":\"Crystal Mouthpiece 7.0ml 1500 Puffs Disposable Vape 850mAh Battery\"},{\"@type\":\"BreadcrumbList\",\"@id\":\"https:\/\/amxim.com\/product\/crystal-mouthpiece-7-0ml-1500-puffs-disposable-vape-850mah-battery\/#breadcrumb\",\"itemListElement\":[{\"@type\":\"ListItem\",\"position\":1,\"name\":\"Home\",\"item\":\"https:\/\/amxim.com\/\"},{\"@type\":\"ListItem\",\"position\":2,\"name\":\"Products\",\"item\":\"https:\/\/amxim.com\/de\/products\/\"},{\"@type\":\"ListItem\",\"position\":3,\"name\":\"Crystal Mouthpiece 7.0ml 1500 Puffs Disposable Vape 850mAh Battery\"}]},{\"@type\":\"WebSite\",\"@id\":\"https:\/\/amxim.com\/#website\",\"url\":\"https:\/\/amxim.com\/\",\"name\":\"AMXIM\",\"description\":\"AMXIM-OEM ODM Vape Manufacturer\",\"publisher\":{\"@id\":\"https:\/\/amxim.com\/#organization\"},\"potentialAction\":[{\"@type\":\"SearchAction\",\"target\":{\"@type\":\"EntryPoint\",\"urlTemplate\":\"https:\/\/amxim.com\/?s={search_term_string}\"},\"query-input\":{\"@type\":\"PropertyValueSpecification\",\"valueRequired\":true,\"valueName\":\"search_term_string\"}}],\"inLanguage\":\"de\"},{\"@type\":\"Organization\",\"@id\":\"https:\/\/amxim.com\/#organization\",\"name\":\"AMXIM\",\"url\":\"https:\/\/amxim.com\/\",\"logo\":{\"@type\":\"ImageObject\",\"inLanguage\":\"de\",\"@id\":\"https:\/\/amxim.com\/#\/schema\/logo\/image\/\",\"url\":\"https:\/\/amxim.com\/wp-content\/uploads\/2025\/03\/cropped-AMXIM-fav.webp\",\"contentUrl\":\"https:\/\/amxim.com\/wp-content\/uploads\/2025\/03\/cropped-AMXIM-fav.webp\",\"width\":512,\"height\":512,\"caption\":\"AMXIM\"},\"image\":{\"@id\":\"https:\/\/amxim.com\/#\/schema\/logo\/image\/\"}}]}<\/script>\n<!-- \/ Yoast SEO plugin. -->","yoast_head_json":{"title":"Kristallmundst\u00fcck 7,0 ml 1500 Puffs Einweg-Vape 850mAh Batterie","description":"Kristallmundst\u00fcck 7,0 ml 1500 Z\u00fcge Einweg-Vape 850 mAh Akku Wiederaufladbarer Einweg-Vape Bis zu 50 Geschmacksrichtungen angezeigt oder individuell angepasst","robots":{"index":"index","follow":"follow","max-snippet":"max-snippet:-1","max-image-preview":"max-image-preview:large","max-video-preview":"max-video-preview:-1"},"canonical":"https:\/\/amxim.com\/de\/product\/kristallmundstuck-70-ml-1500-zuge-einweg-vape-850-mah-akku\/","og_locale":"de_DE","og_type":"article","og_title":"Crystal Mouthpiece 7.0ml 1500 Puffs Disposable Vape 850mAh Battery","og_description":"Crystal Mouthpiece 7.0ml 1500 Puffs Disposable Vape 850mAh Battery Rechargeable disposable Vape Up to 50 flavors Displayed or Customized","og_url":"https:\/\/amxim.com\/de\/product\/kristallmundstuck-70-ml-1500-zuge-einweg-vape-850-mah-akku\/","og_site_name":"AMXIM","article_modified_time":"2026-02-04T02:29:11+00:00","og_image":[{"width":1000,"height":1000,"url":"https:\/\/amxim.com\/wp-content\/uploads\/2025\/04\/Crystal-Mouthpiece-7.0ml-1500-Puffs-Disposable-Vape-850mAh-Battery-13.webp","type":"image\/webp"}],"twitter_card":"summary_large_image","twitter_misc":{"Gesch\u00e4tzte Lesezeit":"3\u00a0Minuten"},"schema":{"@context":"https:\/\/schema.org","@graph":[{"@type":"WebPage","@id":"https:\/\/amxim.com\/product\/crystal-mouthpiece-7-0ml-1500-puffs-disposable-vape-850mah-battery\/","url":"https:\/\/amxim.com\/product\/crystal-mouthpiece-7-0ml-1500-puffs-disposable-vape-850mah-battery\/","name":"Kristallmundst\u00fcck 7,0 ml 1500 Puffs Einweg-Vape 850mAh Batterie","isPartOf":{"@id":"https:\/\/amxim.com\/#website"},"primaryImageOfPage":{"@id":"https:\/\/amxim.com\/product\/crystal-mouthpiece-7-0ml-1500-puffs-disposable-vape-850mah-battery\/#primaryimage"},"image":{"@id":"https:\/\/amxim.com\/product\/crystal-mouthpiece-7-0ml-1500-puffs-disposable-vape-850mah-battery\/#primaryimage"},"thumbnailUrl":"https:\/\/amxim.com\/wp-content\/uploads\/2025\/04\/Crystal-Mouthpiece-7.0ml-1500-Puffs-Disposable-Vape-850mAh-Battery-13.webp","datePublished":"2025-04-18T02:04:19+00:00","dateModified":"2026-02-04T02:29:11+00:00","description":"Kristallmundst\u00fcck 7,0 ml 1500 Z\u00fcge Einweg-Vape 850 mAh Akku Wiederaufladbarer Einweg-Vape Bis zu 50 Geschmacksrichtungen angezeigt oder individuell angepasst","breadcrumb":{"@id":"https:\/\/amxim.com\/product\/crystal-mouthpiece-7-0ml-1500-puffs-disposable-vape-850mah-battery\/#breadcrumb"},"inLanguage":"de","potentialAction":[{"@type":"ReadAction","target":["https:\/\/amxim.com\/product\/crystal-mouthpiece-7-0ml-1500-puffs-disposable-vape-850mah-battery\/"]}]},{"@type":"ImageObject","inLanguage":"de","@id":"https:\/\/amxim.com\/product\/crystal-mouthpiece-7-0ml-1500-puffs-disposable-vape-850mah-battery\/#primaryimage","url":"https:\/\/amxim.com\/wp-content\/uploads\/2025\/04\/Crystal-Mouthpiece-7.0ml-1500-Puffs-Disposable-Vape-850mAh-Battery-13.webp","contentUrl":"https:\/\/amxim.com\/wp-content\/uploads\/2025\/04\/Crystal-Mouthpiece-7.0ml-1500-Puffs-Disposable-Vape-850mAh-Battery-13.webp","width":1000,"height":1000,"caption":"Crystal Mouthpiece 7.0ml 1500 Puffs Disposable Vape 850mAh Battery"},{"@type":"BreadcrumbList","@id":"https:\/\/amxim.com\/product\/crystal-mouthpiece-7-0ml-1500-puffs-disposable-vape-850mah-battery\/#breadcrumb","itemListElement":[{"@type":"ListItem","position":1,"name":"Home","item":"https:\/\/amxim.com\/"},{"@type":"ListItem","position":2,"name":"Products","item":"https:\/\/amxim.com\/de\/products\/"},{"@type":"ListItem","position":3,"name":"Crystal Mouthpiece 7.0ml 1500 Puffs Disposable Vape 850mAh Battery"}]},{"@type":"WebSite","@id":"https:\/\/amxim.com\/#website","url":"https:\/\/amxim.com\/","name":"AMXIM","description":"AMXIM-OEM ODM Vape Hersteller","publisher":{"@id":"https:\/\/amxim.com\/#organization"},"potentialAction":[{"@type":"SearchAction","target":{"@type":"EntryPoint","urlTemplate":"https:\/\/amxim.com\/?s={search_term_string}"},"query-input":{"@type":"PropertyValueSpecification","valueRequired":true,"valueName":"search_term_string"}}],"inLanguage":"de"},{"@type":"Organization","@id":"https:\/\/amxim.com\/#organization","name":"AMXIM","url":"https:\/\/amxim.com\/","logo":{"@type":"ImageObject","inLanguage":"de","@id":"https:\/\/amxim.com\/#\/schema\/logo\/image\/","url":"https:\/\/amxim.com\/wp-content\/uploads\/2025\/03\/cropped-AMXIM-fav.webp","contentUrl":"https:\/\/amxim.com\/wp-content\/uploads\/2025\/03\/cropped-AMXIM-fav.webp","width":512,"height":512,"caption":"AMXIM"},"image":{"@id":"https:\/\/amxim.com\/#\/schema\/logo\/image\/"}}]}},"_links":{"self":[{"href":"https:\/\/amxim.com\/de\/wp-json\/wp\/v2\/product\/11348","targetHints":{"allow":["GET"]}}],"collection":[{"href":"https:\/\/amxim.com\/de\/wp-json\/wp\/v2\/product"}],"about":[{"href":"https:\/\/amxim.com\/de\/wp-json\/wp\/v2\/types\/product"}],"replies":[{"embeddable":true,"href":"https:\/\/amxim.com\/de\/wp-json\/wp\/v2\/comments?post=11348"}],"version-history":[{"count":6,"href":"https:\/\/amxim.com\/de\/wp-json\/wp\/v2\/product\/11348\/revisions"}],"predecessor-version":[{"id":13489,"href":"https:\/\/amxim.com\/de\/wp-json\/wp\/v2\/product\/11348\/revisions\/13489"}],"wp:featuredmedia":[{"embeddable":true,"href":"https:\/\/amxim.com\/de\/wp-json\/wp\/v2\/media\/11361"}],"wp:attachment":[{"href":"https:\/\/amxim.com\/de\/wp-json\/wp\/v2\/media?parent=11348"}],"wp:term":[{"taxonomy":"product_brand","embeddable":true,"href":"https:\/\/amxim.com\/de\/wp-json\/wp\/v2\/product_brand?post=11348"},{"taxonomy":"product_cat","embeddable":true,"href":"https:\/\/amxim.com\/de\/wp-json\/wp\/v2\/product_cat?post=11348"},{"taxonomy":"product_tag","embeddable":true,"href":"https:\/\/amxim.com\/de\/wp-json\/wp\/v2\/product_tag?post=11348"}],"curies":[{"name":"wp","href":"https:\/\/api.w.org\/{rel}","templated":true}]}}