{"id":12224,"date":"2025-05-12T08:00:35","date_gmt":"2025-05-12T08:00:35","guid":{"rendered":"https:\/\/amxim.com\/?post_type=product&#038;p=12224"},"modified":"2025-06-25T10:08:30","modified_gmt":"2025-06-25T10:08:30","slug":"amxim-customcraft-e-liquid-masgeschneiderte-aromen-premiumqualitat","status":"publish","type":"product","link":"https:\/\/amxim.com\/de\/product\/amxim-customcraft-e-liquid-masgeschneiderte-aromen-premiumqualitat\/","title":{"rendered":"AMXIM CustomCraft E-Liquid Ma\u00dfgeschneiderte Aromen Premium-Qualit\u00e4t"},"content":{"rendered":"<div class=\"product-description\">\n<h2 style=\"text-align: left;\">AMXIM CustomCraft E-Liquid Ma\u00dfgeschneiderte Aromen Premium-Qualit\u00e4t<\/h2>\n<p style=\"text-align: left;\">Erleben Sie Dampfen nach Ihren W\u00fcnschen mit CustomCraft E-Liquid, einem hochwertigen, individuell anpassbaren Liquid f\u00fcr anspruchsvolle Nutzer, die Abwechslung und Kontrolle suchen. W\u00e4hlen Sie aus einer breiten Palette reichhaltiger, wohltuender Aromen \u2013 von klassischem Tabak und k\u00fchlender Minze bis hin zu tropischer Mango, saftiger Erdbeere, cremiger Vanille und vielem mehr.<br \/>\nJede Flasche CustomCraft wird auf Ihre Vorlieben zugeschnitten. W\u00e4hlen Sie Ihre ideale Nikotinst\u00e4rke (von 0 bis 50 mg\/ml), Ihre bevorzugte Flaschengr\u00f6\u00dfe (10 ml bis 30 ml) und jetzt sogar Ihr VG\/PG-Verh\u00e4ltnis \u2013 ob Sie dichte Wolken, einen st\u00e4rkeren Throat Hit oder einen sanften, ausgewogenen Zug w\u00fcnschen, Sie haben die Wahl.<\/p>\n<p>&nbsp;<\/p>\n<h3 style=\"text-align: left;\">Hauptmerkmale<\/h3>\n<ul>\n<li style=\"text-align: left;\">Nikotinst\u00e4rke: Anpassbar von 0\u201350 mg\/ml (0%-5%)<\/li>\n<li style=\"text-align: left;\">Flaschengr\u00f6\u00dfe: W\u00e4hlen Sie zwischen 10 ml, 15 ml, 20 ml oder 30 ml<\/li>\n<li style=\"text-align: left;\">VG\/PG-Verh\u00e4ltnis: Vollst\u00e4ndig anpassbar \u2013 passen Sie es f\u00fcr maximalen Dampf, Geschmack oder Geschmeidigkeit an<\/li>\n<li style=\"text-align: left;\">Unter Reinraumbedingungen formuliert, um Reinheit und Konsistenz zu gew\u00e4hrleisten<\/li>\n<li style=\"text-align: left;\">Kompatibel mit den meisten nachf\u00fcllbaren Vape-Ger\u00e4ten<\/li>\n<li style=\"text-align: left;\">Manipulationssichere und kindersichere Verpackung<\/li>\n<li style=\"text-align: left;\">Hergestellt in einem ISO-zertifizierten Labor zur Qualit\u00e4tssicherung<\/li>\n<\/ul>\n<p>&nbsp;<\/p>\n<h3 style=\"text-align: left;\">Geschmacksoptionen<\/h3>\n<table width=\"593\">\n<tbody>\n<tr>\n<td width=\"47\"><strong>NEIN.<\/strong><\/td>\n<td width=\"198\"><strong>Fruchtige Aromen<\/strong><\/td>\n<td width=\"50\"><\/td>\n<td width=\"50\"><strong>NEIN.<\/strong><\/td>\n<td width=\"248\"><strong>Dessertaromen<\/strong><\/td>\n<\/tr>\n<tr>\n<td width=\"47\">1<\/td>\n<td width=\"198\">Mango<\/td>\n<td width=\"50\"><\/td>\n<td width=\"50\">24<\/td>\n<td width=\"248\">Vanillecreme<\/td>\n<\/tr>\n<tr>\n<td width=\"47\">2<\/td>\n<td width=\"198\">Wassermelone<\/td>\n<td width=\"50\"><\/td>\n<td width=\"50\">25<\/td>\n<td width=\"248\">Karamellpudding<\/td>\n<\/tr>\n<tr>\n<td width=\"47\">3<\/td>\n<td width=\"198\">Blaubeere<\/td>\n<td width=\"50\"><\/td>\n<td width=\"50\">26<\/td>\n<td width=\"248\">Blaubeer-K\u00e4sekuchen<\/td>\n<\/tr>\n<tr>\n<td width=\"47\">4<\/td>\n<td width=\"198\">Erdbeere<\/td>\n<td width=\"50\"><\/td>\n<td width=\"50\">27<\/td>\n<td width=\"248\">Zuckerwatte<\/td>\n<\/tr>\n<tr>\n<td width=\"47\">5<\/td>\n<td width=\"198\">Traube<\/td>\n<td width=\"50\"><\/td>\n<td width=\"50\">28<\/td>\n<td width=\"248\">Oreo-Milchshake<\/td>\n<\/tr>\n<tr>\n<td width=\"47\">6<\/td>\n<td width=\"198\">Apfel (Gr\u00fcner Apfel\/Roter Apfel)<\/td>\n<td width=\"50\"><\/td>\n<td width=\"50\">29<\/td>\n<td width=\"248\">Kakao-Brownie<\/td>\n<\/tr>\n<tr>\n<td width=\"47\">7<\/td>\n<td width=\"198\">Ananas<\/td>\n<td width=\"50\"><\/td>\n<td width=\"50\">30<\/td>\n<td width=\"248\">Windbeutel<\/td>\n<\/tr>\n<tr>\n<td width=\"47\">8<\/td>\n<td width=\"198\">Zitrone<\/td>\n<td width=\"50\"><\/td>\n<td width=\"50\">31<\/td>\n<td width=\"248\">Toffee<\/td>\n<\/tr>\n<tr>\n<td width=\"47\">9<\/td>\n<td width=\"198\">Orange<\/td>\n<td width=\"50\"><\/td>\n<td width=\"50\">32<\/td>\n<td width=\"248\">Schokoladenmilch<\/td>\n<\/tr>\n<tr>\n<td width=\"47\">10<\/td>\n<td width=\"198\">Passionsfrucht<\/td>\n<td width=\"50\"><\/td>\n<td width=\"50\"><\/td>\n<td width=\"248\"><\/td>\n<\/tr>\n<tr>\n<td width=\"47\">11<\/td>\n<td width=\"198\">Kantalupe<\/td>\n<td width=\"50\"><\/td>\n<td width=\"50\"><strong>NEIN.<\/strong><\/td>\n<td width=\"248\"><strong>Tabak &amp; Minze<\/strong><\/td>\n<\/tr>\n<tr>\n<td width=\"47\">12<\/td>\n<td width=\"198\">Kirsche<\/td>\n<td width=\"50\"><\/td>\n<td width=\"50\">33<\/td>\n<td width=\"248\">Klassischer Tabak<\/td>\n<\/tr>\n<tr>\n<td width=\"47\">13<\/td>\n<td width=\"198\">Himbeere<\/td>\n<td width=\"50\"><\/td>\n<td width=\"50\">34<\/td>\n<td width=\"248\">Kubanische Zigarre<\/td>\n<\/tr>\n<tr>\n<td width=\"47\">14<\/td>\n<td width=\"198\">Grapefruit<\/td>\n<td width=\"50\"><\/td>\n<td width=\"50\">35<\/td>\n<td width=\"248\">Minze<\/td>\n<\/tr>\n<tr>\n<td width=\"47\">15<\/td>\n<td width=\"198\">Kiwi<\/td>\n<td width=\"50\"><\/td>\n<td width=\"50\">36<\/td>\n<td width=\"248\">Eisige Minze \/ Menthol<\/td>\n<\/tr>\n<tr>\n<td width=\"47\"><\/td>\n<td width=\"198\"><\/td>\n<td width=\"50\"><\/td>\n<td width=\"50\">37<\/td>\n<td width=\"248\">Minztabak<\/td>\n<\/tr>\n<tr>\n<td width=\"47\"><strong>NEIN.<\/strong><\/td>\n<td width=\"198\"><strong>Getr\u00e4nkeinspiriert<\/strong><\/td>\n<td width=\"50\"><\/td>\n<td width=\"50\">38<\/td>\n<td width=\"248\">Honigtabak<\/td>\n<\/tr>\n<tr>\n<td width=\"47\">16<\/td>\n<td width=\"198\">Cola<\/td>\n<td width=\"50\"><\/td>\n<td width=\"50\">39<\/td>\n<td width=\"248\">Nussiger Tabak<\/td>\n<\/tr>\n<tr>\n<td width=\"47\">17<\/td>\n<td width=\"198\">Energiegetr\u00e4nk<\/td>\n<td width=\"50\"><\/td>\n<td width=\"50\"><\/td>\n<td width=\"248\"><\/td>\n<\/tr>\n<tr>\n<td width=\"47\">18<\/td>\n<td width=\"198\">Gr\u00fcner Eistee<\/td>\n<td width=\"50\"><\/td>\n<td width=\"50\"><strong>NEIN.<\/strong><\/td>\n<td width=\"248\"><strong>Gemischte\/Exotische Mischungen<\/strong><\/td>\n<\/tr>\n<tr>\n<td width=\"47\">19<\/td>\n<td width=\"198\">Latte<\/td>\n<td width=\"50\"><\/td>\n<td width=\"50\">40<\/td>\n<td width=\"248\">Gemischtes Obst<\/td>\n<\/tr>\n<tr>\n<td width=\"47\">20<\/td>\n<td width=\"198\">Zitronen-Eistee<\/td>\n<td width=\"50\"><\/td>\n<td width=\"50\">41<\/td>\n<td width=\"248\">Sommerfr\u00fcchtetee<\/td>\n<\/tr>\n<tr>\n<td width=\"47\">21<\/td>\n<td width=\"198\">Eisgek\u00fchlter Americano<\/td>\n<td width=\"50\"><\/td>\n<td width=\"50\">42<\/td>\n<td width=\"248\">Spearmint Kaugummi<\/td>\n<\/tr>\n<tr>\n<td width=\"47\">22<\/td>\n<td width=\"198\">Orangenlimonade<\/td>\n<td width=\"50\"><\/td>\n<td width=\"50\"><\/td>\n<td width=\"248\"><\/td>\n<\/tr>\n<tr>\n<td width=\"47\">23<\/td>\n<td width=\"198\">Traubenlimonade<\/td>\n<td width=\"50\"><\/td>\n<td width=\"50\"><\/td>\n<td width=\"248\"><\/td>\n<\/tr>\n<\/tbody>\n<\/table>\n<p>&nbsp;<\/p>\n<h3>Produktgalerie<\/h3>\n<p><img decoding=\"async\" style=\"width: 100%; margin: 0 auto;\" src=\"https:\/\/amxim.com\/wp-content\/uploads\/2025\/05\/AMXIM-CustomCraft-E-Liquid-Tailored-Flavors-Premium-Quality-10 \" alt=\"AMXIM CustomCraft E-Liquid Ma\u00dfgeschneiderte Aromen Premium-Qualit\u00e4t\" \/><br \/>\n<img decoding=\"async\" style=\"width: 100%; margin: 0 auto;\" src=\" https:\/\/amxim.com\/wp-content\/uploads\/2025\/05\/AMXIM-CustomCraft-E-Liquid-Tailored-Flavors-Premium-Quality-13\" alt=\"AMXIM CustomCraft E-Liquid Ma\u00dfgeschneiderte Aromen Premium-Qualit\u00e4t\" \/><br \/>\n<img decoding=\"async\" style=\"width: 100%; margin: 0 auto;\" src=\"https:\/\/amxim.com\/wp-content\/uploads\/2025\/05\/AMXIM-CustomCraft-E-Liquid-Tailored-Flavors-Premium-Quality-12 \" alt=\"AMXIM CustomCraft E-Liquid Ma\u00dfgeschneiderte Aromen Premium-Qualit\u00e4t\" \/><br \/>\n<img decoding=\"async\" style=\"width: 100%; margin: 0 auto;\" src=\" https:\/\/amxim.com\/wp-content\/uploads\/2025\/05\/AMXIM-CustomCraft-E-Liquid-Tailored-Flavors-Premium-Quality-11\" alt=\"AMXIM CustomCraft E-Liquid Ma\u00dfgeschneiderte Aromen Premium-Qualit\u00e4t\" \/><\/p>\n<p>&nbsp;\n<\/p><\/div>\n<style>\n.product-description {\n    font-family: Arial, sans-serif;\n    max-width: 1400px;\n    margin: 0 auto;\n    padding: 20px;\n    background: #fff;\n    border-radius: 10px;\n    box-shadow: 0 4px 8px rgba(0, 0, 0, 0.1);\n    padding: 20px;\n    padding-bottom: 20px;\n}\n<\/style>","protected":false},"excerpt":{"rendered":"<table>\n<tbody>\n<tr>\n<th style=\"text-align: left;\">Produkttyp<\/th>\n<td style=\"text-align: left;\">Vape-Saft<\/td>\n<\/tr>\n<tr>\n<th style=\"text-align: left;\">Farboptionen<\/th>\n<td style=\"text-align: left;\">Angezeigt oder angepasst<\/td>\n<\/tr>\n<tr>\n<th style=\"text-align: left;\">Geschmack<\/th>\n<td style=\"text-align: left;\">Bis zu 50 Geschmacksrichtungen<\/td>\n<\/tr>\n<tr>\n<th style=\"text-align: left;\">Flaschengr\u00f6\u00dfe<\/th>\n<td style=\"text-align: left;\">W\u00e4hlen Sie zwischen 10 ml, 15 ml, 20 ml oder 30 ml<\/td>\n<\/tr>\n<tr>\n<th style=\"text-align: left;\">Nikotinst\u00e4rke<\/th>\n<td style=\"text-align: left;\">Anpassbar von 0\u201350 mg\/ml (0%-5%)<\/td>\n<\/tr>\n<tr>\n<th style=\"text-align: left;\">VG\/PG-Verh\u00e4ltnis<\/th>\n<td style=\"text-align: left;\">Vollst\u00e4ndig anpassbar \u2013 passen Sie es f\u00fcr maximalen Dampf, Geschmack oder Sanftheit an<\/td>\n<\/tr>\n<\/tbody>\n<\/table>","protected":false},"featured_media":12303,"comment_status":"closed","ping_status":"closed","template":"","meta":[],"product_brand":[],"product_cat":[52],"product_tag":[],"class_list":{"0":"post-12224","1":"product","2":"type-product","3":"status-publish","4":"has-post-thumbnail","6":"product_cat-vape-juice","8":"first","9":"instock","10":"shipping-taxable","11":"product-type-simple"},"yoast_head":"<!-- This site is optimized with the Yoast SEO plugin v26.9 - https:\/\/yoast.com\/product\/yoast-seo-wordpress\/ -->\n<title>AMXIM CustomCraft E-Liquid Tailored Flavors Premium Quality - AMXIM<\/title>\n<meta name=\"robots\" content=\"index, follow, max-snippet:-1, max-image-preview:large, max-video-preview:-1\" \/>\n<link rel=\"canonical\" href=\"https:\/\/amxim.com\/de\/product\/amxim-customcraft-e-liquid-masgeschneiderte-aromen-premiumqualitat\/\" \/>\n<meta property=\"og:locale\" content=\"de_DE\" \/>\n<meta property=\"og:type\" content=\"article\" \/>\n<meta property=\"og:title\" content=\"AMXIM CustomCraft E-Liquid Tailored Flavors Premium Quality - AMXIM\" \/>\n<meta property=\"og:description\" content=\"Product Type Vape Juice   Color Options Displayed or Customized   Flavor Up to 50 flavors   Bottle Size Choose between 10ml, 15ml, 20ml, or 30ml   Nicotine Strength Customizable from 0\u201350mg\/mL (0%-5%)   VG\/PG Ratio Fully customizable \u2013 tailor it for maximum vapor, flavor, or smoothness\" \/>\n<meta property=\"og:url\" content=\"https:\/\/amxim.com\/de\/product\/amxim-customcraft-e-liquid-masgeschneiderte-aromen-premiumqualitat\/\" \/>\n<meta property=\"og:site_name\" content=\"AMXIM\" \/>\n<meta property=\"article:modified_time\" content=\"2025-06-25T10:08:30+00:00\" \/>\n<meta property=\"og:image\" content=\"https:\/\/amxim.com\/wp-content\/uploads\/2025\/05\/AMXIM-CustomCraft-E-Liquid-Tailored-Flavors-Premium-Quality-15.webp\" \/>\n\t<meta property=\"og:image:width\" content=\"1000\" \/>\n\t<meta property=\"og:image:height\" content=\"1000\" \/>\n\t<meta property=\"og:image:type\" content=\"image\/webp\" \/>\n<meta name=\"twitter:card\" content=\"summary_large_image\" \/>\n<meta name=\"twitter:label1\" content=\"Gesch\u00e4tzte Lesezeit\" \/>\n\t<meta name=\"twitter:data1\" content=\"3\u00a0Minuten\" \/>\n<script type=\"application\/ld+json\" class=\"yoast-schema-graph\">{\"@context\":\"https:\/\/schema.org\",\"@graph\":[{\"@type\":\"WebPage\",\"@id\":\"https:\/\/amxim.com\/product\/amxim-customcraft-e-liquid-tailored-flavors-premium-quality\/\",\"url\":\"https:\/\/amxim.com\/product\/amxim-customcraft-e-liquid-tailored-flavors-premium-quality\/\",\"name\":\"AMXIM CustomCraft E-Liquid Tailored Flavors Premium Quality - AMXIM\",\"isPartOf\":{\"@id\":\"https:\/\/amxim.com\/#website\"},\"primaryImageOfPage\":{\"@id\":\"https:\/\/amxim.com\/product\/amxim-customcraft-e-liquid-tailored-flavors-premium-quality\/#primaryimage\"},\"image\":{\"@id\":\"https:\/\/amxim.com\/product\/amxim-customcraft-e-liquid-tailored-flavors-premium-quality\/#primaryimage\"},\"thumbnailUrl\":\"https:\/\/amxim.com\/wp-content\/uploads\/2025\/05\/AMXIM-CustomCraft-E-Liquid-Tailored-Flavors-Premium-Quality-15.webp\",\"datePublished\":\"2025-05-12T08:00:35+00:00\",\"dateModified\":\"2025-06-25T10:08:30+00:00\",\"breadcrumb\":{\"@id\":\"https:\/\/amxim.com\/product\/amxim-customcraft-e-liquid-tailored-flavors-premium-quality\/#breadcrumb\"},\"inLanguage\":\"de\",\"potentialAction\":[{\"@type\":\"ReadAction\",\"target\":[\"https:\/\/amxim.com\/product\/amxim-customcraft-e-liquid-tailored-flavors-premium-quality\/\"]}]},{\"@type\":\"ImageObject\",\"inLanguage\":\"de\",\"@id\":\"https:\/\/amxim.com\/product\/amxim-customcraft-e-liquid-tailored-flavors-premium-quality\/#primaryimage\",\"url\":\"https:\/\/amxim.com\/wp-content\/uploads\/2025\/05\/AMXIM-CustomCraft-E-Liquid-Tailored-Flavors-Premium-Quality-15.webp\",\"contentUrl\":\"https:\/\/amxim.com\/wp-content\/uploads\/2025\/05\/AMXIM-CustomCraft-E-Liquid-Tailored-Flavors-Premium-Quality-15.webp\",\"width\":1000,\"height\":1000,\"caption\":\"AMXIM CustomCraft E-Liquid Tailored Flavors Premium Quality\"},{\"@type\":\"BreadcrumbList\",\"@id\":\"https:\/\/amxim.com\/product\/amxim-customcraft-e-liquid-tailored-flavors-premium-quality\/#breadcrumb\",\"itemListElement\":[{\"@type\":\"ListItem\",\"position\":1,\"name\":\"Home\",\"item\":\"https:\/\/amxim.com\/en\/\"},{\"@type\":\"ListItem\",\"position\":2,\"name\":\"Products\",\"item\":\"https:\/\/amxim.com\/de\/products\/\"},{\"@type\":\"ListItem\",\"position\":3,\"name\":\"AMXIM CustomCraft E-Liquid Tailored Flavors Premium Quality\"}]},{\"@type\":\"WebSite\",\"@id\":\"https:\/\/amxim.com\/#website\",\"url\":\"https:\/\/amxim.com\/\",\"name\":\"AMXIM\",\"description\":\"AMXIM-OEM ODM Vape Manufacturer\",\"publisher\":{\"@id\":\"https:\/\/amxim.com\/#organization\"},\"potentialAction\":[{\"@type\":\"SearchAction\",\"target\":{\"@type\":\"EntryPoint\",\"urlTemplate\":\"https:\/\/amxim.com\/?s={search_term_string}\"},\"query-input\":{\"@type\":\"PropertyValueSpecification\",\"valueRequired\":true,\"valueName\":\"search_term_string\"}}],\"inLanguage\":\"de\"},{\"@type\":\"Organization\",\"@id\":\"https:\/\/amxim.com\/#organization\",\"name\":\"AMXIM\",\"url\":\"https:\/\/amxim.com\/\",\"logo\":{\"@type\":\"ImageObject\",\"inLanguage\":\"de\",\"@id\":\"https:\/\/amxim.com\/#\/schema\/logo\/image\/\",\"url\":\"https:\/\/amxim.com\/wp-content\/uploads\/2025\/03\/cropped-AMXIM-fav.webp\",\"contentUrl\":\"https:\/\/amxim.com\/wp-content\/uploads\/2025\/03\/cropped-AMXIM-fav.webp\",\"width\":512,\"height\":512,\"caption\":\"AMXIM\"},\"image\":{\"@id\":\"https:\/\/amxim.com\/#\/schema\/logo\/image\/\"}}]}<\/script>\n<!-- \/ Yoast SEO plugin. -->","yoast_head_json":{"title":"AMXIM CustomCraft E-Liquid Ma\u00dfgeschneiderte Aromen Premiumqualit\u00e4t - AMXIM","robots":{"index":"index","follow":"follow","max-snippet":"max-snippet:-1","max-image-preview":"max-image-preview:large","max-video-preview":"max-video-preview:-1"},"canonical":"https:\/\/amxim.com\/de\/product\/amxim-customcraft-e-liquid-masgeschneiderte-aromen-premiumqualitat\/","og_locale":"de_DE","og_type":"article","og_title":"AMXIM CustomCraft E-Liquid Tailored Flavors Premium Quality - AMXIM","og_description":"Product Type Vape Juice   Color Options Displayed or Customized   Flavor Up to 50 flavors   Bottle Size Choose between 10ml, 15ml, 20ml, or 30ml   Nicotine Strength Customizable from 0\u201350mg\/mL (0%-5%)   VG\/PG Ratio Fully customizable \u2013 tailor it for maximum vapor, flavor, or smoothness","og_url":"https:\/\/amxim.com\/de\/product\/amxim-customcraft-e-liquid-masgeschneiderte-aromen-premiumqualitat\/","og_site_name":"AMXIM","article_modified_time":"2025-06-25T10:08:30+00:00","og_image":[{"width":1000,"height":1000,"url":"https:\/\/amxim.com\/wp-content\/uploads\/2025\/05\/AMXIM-CustomCraft-E-Liquid-Tailored-Flavors-Premium-Quality-15.webp","type":"image\/webp"}],"twitter_card":"summary_large_image","twitter_misc":{"Gesch\u00e4tzte Lesezeit":"3\u00a0Minuten"},"schema":{"@context":"https:\/\/schema.org","@graph":[{"@type":"WebPage","@id":"https:\/\/amxim.com\/product\/amxim-customcraft-e-liquid-tailored-flavors-premium-quality\/","url":"https:\/\/amxim.com\/product\/amxim-customcraft-e-liquid-tailored-flavors-premium-quality\/","name":"AMXIM CustomCraft E-Liquid Ma\u00dfgeschneiderte Aromen Premiumqualit\u00e4t - AMXIM","isPartOf":{"@id":"https:\/\/amxim.com\/#website"},"primaryImageOfPage":{"@id":"https:\/\/amxim.com\/product\/amxim-customcraft-e-liquid-tailored-flavors-premium-quality\/#primaryimage"},"image":{"@id":"https:\/\/amxim.com\/product\/amxim-customcraft-e-liquid-tailored-flavors-premium-quality\/#primaryimage"},"thumbnailUrl":"https:\/\/amxim.com\/wp-content\/uploads\/2025\/05\/AMXIM-CustomCraft-E-Liquid-Tailored-Flavors-Premium-Quality-15.webp","datePublished":"2025-05-12T08:00:35+00:00","dateModified":"2025-06-25T10:08:30+00:00","breadcrumb":{"@id":"https:\/\/amxim.com\/product\/amxim-customcraft-e-liquid-tailored-flavors-premium-quality\/#breadcrumb"},"inLanguage":"de","potentialAction":[{"@type":"ReadAction","target":["https:\/\/amxim.com\/product\/amxim-customcraft-e-liquid-tailored-flavors-premium-quality\/"]}]},{"@type":"ImageObject","inLanguage":"de","@id":"https:\/\/amxim.com\/product\/amxim-customcraft-e-liquid-tailored-flavors-premium-quality\/#primaryimage","url":"https:\/\/amxim.com\/wp-content\/uploads\/2025\/05\/AMXIM-CustomCraft-E-Liquid-Tailored-Flavors-Premium-Quality-15.webp","contentUrl":"https:\/\/amxim.com\/wp-content\/uploads\/2025\/05\/AMXIM-CustomCraft-E-Liquid-Tailored-Flavors-Premium-Quality-15.webp","width":1000,"height":1000,"caption":"AMXIM CustomCraft E-Liquid Tailored Flavors Premium Quality"},{"@type":"BreadcrumbList","@id":"https:\/\/amxim.com\/product\/amxim-customcraft-e-liquid-tailored-flavors-premium-quality\/#breadcrumb","itemListElement":[{"@type":"ListItem","position":1,"name":"Home","item":"https:\/\/amxim.com\/en\/"},{"@type":"ListItem","position":2,"name":"Products","item":"https:\/\/amxim.com\/de\/products\/"},{"@type":"ListItem","position":3,"name":"AMXIM CustomCraft E-Liquid Tailored Flavors Premium Quality"}]},{"@type":"WebSite","@id":"https:\/\/amxim.com\/#website","url":"https:\/\/amxim.com\/","name":"AMXIM","description":"AMXIM-OEM ODM Vape Hersteller","publisher":{"@id":"https:\/\/amxim.com\/#organization"},"potentialAction":[{"@type":"SearchAction","target":{"@type":"EntryPoint","urlTemplate":"https:\/\/amxim.com\/?s={search_term_string}"},"query-input":{"@type":"PropertyValueSpecification","valueRequired":true,"valueName":"search_term_string"}}],"inLanguage":"de"},{"@type":"Organization","@id":"https:\/\/amxim.com\/#organization","name":"AMXIM","url":"https:\/\/amxim.com\/","logo":{"@type":"ImageObject","inLanguage":"de","@id":"https:\/\/amxim.com\/#\/schema\/logo\/image\/","url":"https:\/\/amxim.com\/wp-content\/uploads\/2025\/03\/cropped-AMXIM-fav.webp","contentUrl":"https:\/\/amxim.com\/wp-content\/uploads\/2025\/03\/cropped-AMXIM-fav.webp","width":512,"height":512,"caption":"AMXIM"},"image":{"@id":"https:\/\/amxim.com\/#\/schema\/logo\/image\/"}}]}},"_links":{"self":[{"href":"https:\/\/amxim.com\/de\/wp-json\/wp\/v2\/product\/12224","targetHints":{"allow":["GET"]}}],"collection":[{"href":"https:\/\/amxim.com\/de\/wp-json\/wp\/v2\/product"}],"about":[{"href":"https:\/\/amxim.com\/de\/wp-json\/wp\/v2\/types\/product"}],"replies":[{"embeddable":true,"href":"https:\/\/amxim.com\/de\/wp-json\/wp\/v2\/comments?post=12224"}],"version-history":[{"count":15,"href":"https:\/\/amxim.com\/de\/wp-json\/wp\/v2\/product\/12224\/revisions"}],"predecessor-version":[{"id":12231,"href":"https:\/\/amxim.com\/de\/wp-json\/wp\/v2\/product\/12224\/revisions\/12231"}],"wp:featuredmedia":[{"embeddable":true,"href":"https:\/\/amxim.com\/de\/wp-json\/wp\/v2\/media\/12303"}],"wp:attachment":[{"href":"https:\/\/amxim.com\/de\/wp-json\/wp\/v2\/media?parent=12224"}],"wp:term":[{"taxonomy":"product_brand","embeddable":true,"href":"https:\/\/amxim.com\/de\/wp-json\/wp\/v2\/product_brand?post=12224"},{"taxonomy":"product_cat","embeddable":true,"href":"https:\/\/amxim.com\/de\/wp-json\/wp\/v2\/product_cat?post=12224"},{"taxonomy":"product_tag","embeddable":true,"href":"https:\/\/amxim.com\/de\/wp-json\/wp\/v2\/product_tag?post=12224"}],"curies":[{"name":"wp","href":"https:\/\/api.w.org\/{rel}","templated":true}]}}