{"id":2890,"date":"2025-03-11T08:45:28","date_gmt":"2025-03-11T08:45:28","guid":{"rendered":"https:\/\/amxim.com\/?page_id=2890"},"modified":"2025-03-29T04:38:31","modified_gmt":"2025-03-29T04:38:31","slug":"visita-a-la-fabrica","status":"publish","type":"page","link":"https:\/\/amxim.com\/es\/visita-a-la-fabrica\/","title":{"rendered":"Visita a la f\u00e1brica"},"content":{"rendered":"<div data-elementor-type=\"wp-page\" data-elementor-id=\"2890\" class=\"elementor elementor-2890\" data-elementor-post-type=\"page\">\n\t\t\t\t<div class=\"elementor-element elementor-element-53fca55d e-flex e-con-boxed e-con e-parent\" data-id=\"53fca55d\" data-element_type=\"container\" data-e-type=\"container\">\n\t\t\t\t\t<div class=\"e-con-inner\">\n\t\t<div class=\"elementor-element elementor-element-47ab9bcc e-con-full e-flex e-con e-child\" data-id=\"47ab9bcc\" data-element_type=\"container\" data-e-type=\"container\">\n\t\t\t\t<div class=\"elementor-element elementor-element-2d396204 elementor-widget elementor-widget-image\" data-id=\"2d396204\" data-element_type=\"widget\" data-e-type=\"widget\" data-widget_type=\"image.default\">\n\t\t\t\t<div class=\"elementor-widget-container\">\n\t\t\t\t\t\t\t\t\t\t\t\t\t\t\t<img fetchpriority=\"high\" decoding=\"async\" width=\"800\" height=\"500\" src=\"https:\/\/amxim.com\/wp-content\/uploads\/2025\/03\/AMXIM-about-production.webp\" class=\"attachment-full size-full wp-image-10412\" alt=\"\" srcset=\"https:\/\/amxim.com\/wp-content\/uploads\/2025\/03\/AMXIM-about-production.webp 800w, https:\/\/amxim.com\/wp-content\/uploads\/2025\/03\/AMXIM-about-production-400x250.webp 400w, https:\/\/amxim.com\/wp-content\/uploads\/2025\/03\/AMXIM-about-production-150x94.webp 150w, https:\/\/amxim.com\/wp-content\/uploads\/2025\/03\/AMXIM-about-production-768x480.webp 768w, https:\/\/amxim.com\/wp-content\/uploads\/2025\/03\/AMXIM-about-production-145x91.webp 145w\" sizes=\"(max-width: 800px) 100vw, 800px\" \/>\t\t\t\t\t\t\t\t\t\t\t\t\t\t\t<\/div>\n\t\t\t\t<\/div>\n\t\t\t\t<\/div>\n\t\t<div class=\"elementor-element elementor-element-e10a882 e-con-full e-flex e-con e-child\" data-id=\"e10a882\" data-element_type=\"container\" data-e-type=\"container\">\n\t\t\t\t<div class=\"elementor-element elementor-element-1c555226 elementor-widget elementor-widget-heading\" data-id=\"1c555226\" data-element_type=\"widget\" data-e-type=\"widget\" data-widget_type=\"heading.default\">\n\t\t\t\t<div class=\"elementor-widget-container\">\n\t\t\t\t\t<h3 class=\"elementor-heading-title elementor-size-default\">Est\u00e1ndares de fabricaci\u00f3n avanzados<\/h3>\t\t\t\t<\/div>\n\t\t\t\t<\/div>\n\t\t\t\t<div class=\"elementor-element elementor-element-4df9434c color-scheme-inherit text-left elementor-widget elementor-widget-text-editor\" data-id=\"4df9434c\" data-element_type=\"widget\" data-e-type=\"widget\" data-widget_type=\"text-editor.default\">\n\t\t\t\t<div class=\"elementor-widget-container\">\n\t\t\t\t\t\t\t\t\t<ul><li class=\"\" data-start=\"1343\" data-end=\"1458\"><p class=\"\" data-start=\"1345\" data-end=\"1458\"><strong data-start=\"1345\" data-end=\"1372\">Dise\u00f1o y desarrollo:<\/strong> <span class=\"relative -mx-px my-[-0.2rem] rounded px-px py-[0.2rem]\">Cada producto pasa por meticulosas fases de dise\u00f1o y desarrollo para garantizar la funcionalidad y la satisfacci\u00f3n del usuario.<\/span>\u200b<\/p><\/li><li class=\"\" data-start=\"1459\" data-end=\"1572\"><p class=\"\" data-start=\"1461\" data-end=\"1572\"><strong data-start=\"1461\" data-end=\"1486\">Inspecci\u00f3n de componentes:<\/strong> <span class=\"relative -mx-px my-[-0.2rem] rounded px-px py-[0.2rem]\">Todos los componentes se inspeccionan para comprobar su integridad y rendimiento antes del ensamblaje.<\/span>\u200b\u00a0<\/p><\/li><li class=\"\" data-start=\"1573\" data-end=\"1682\"><p class=\"\" data-start=\"1575\" data-end=\"1682\"><strong data-start=\"1575\" data-end=\"1596\">Proceso de montaje:<\/strong> <span class=\"relative -mx-px my-[-0.2rem] rounded px-px py-[0.2rem]\">Utilizando t\u00e9cnicas automatizadas y manuales para mantener la consistencia y la precisi\u00f3n.<\/span><\/p><\/li><\/ul>\t\t\t\t\t\t\t\t<\/div>\n\t\t\t\t<\/div>\n\t\t\t\t<\/div>\n\t\t\t\t\t<\/div>\n\t\t\t\t<\/div>\n\t\t<div class=\"elementor-element elementor-element-296310e8 e-flex e-con-boxed e-con e-parent\" data-id=\"296310e8\" data-element_type=\"container\" data-e-type=\"container\">\n\t\t\t\t\t<div class=\"e-con-inner\">\n\t\t<div class=\"elementor-element elementor-element-2b36305 e-con-full e-flex e-con e-child\" data-id=\"2b36305\" data-element_type=\"container\" data-e-type=\"container\">\n\t\t\t\t<div class=\"elementor-element elementor-element-245e3f3e elementor-widget elementor-widget-heading\" data-id=\"245e3f3e\" data-element_type=\"widget\" data-e-type=\"widget\" data-widget_type=\"heading.default\">\n\t\t\t\t<div class=\"elementor-widget-container\">\n\t\t\t\t\t<h3 class=\"elementor-heading-title elementor-size-default\">Control de calidad en AMXIM<\/h3>\t\t\t\t<\/div>\n\t\t\t\t<\/div>\n\t\t\t\t<div class=\"elementor-element elementor-element-4031affc elementor-widget elementor-widget-heading\" data-id=\"4031affc\" data-element_type=\"widget\" data-e-type=\"widget\" data-widget_type=\"heading.default\">\n\t\t\t\t<div class=\"elementor-widget-container\">\n\t\t\t\t\t<p class=\"elementor-heading-title elementor-size-default\">En AMXIM, priorizamos la calidad y la seguridad en cada producto que fabricamos. Nuestro completo sistema de Control de Calidad (CC) est\u00e1 dise\u00f1ado para cumplir y superar los est\u00e1ndares de la industria, garantizando que nuestros socios OEM y ODM reciban productos confiables, seguros y de la m\u00e1s alta calidad.<\/p>\t\t\t\t<\/div>\n\t\t\t\t<\/div>\n\t\t\t\t<\/div>\n\t\t<div class=\"elementor-element elementor-element-378fd67c e-con-full e-flex e-con e-child\" data-id=\"378fd67c\" data-element_type=\"container\" data-e-type=\"container\">\n\t\t\t\t<div class=\"elementor-element elementor-element-10c713c elementor-widget__width-inherit elementor-widget elementor-widget-wd_image_or_svg\" data-id=\"10c713c\" data-element_type=\"widget\" data-e-type=\"widget\" data-widget_type=\"wd_image_or_svg.default\">\n\t\t\t\t<div class=\"elementor-widget-container\">\n\t\t\t\t\t\n\t\t<div class=\"wd-image text-center\">\n\t\t\t\t\t\t\t\t<img decoding=\"async\" width=\"1400\" height=\"853\" src=\"https:\/\/amxim.com\/wp-content\/uploads\/2025\/03\/AMXIM-about-factory2.webp\" class=\"attachment-full size-full\" alt=\"\" srcset=\"https:\/\/amxim.com\/wp-content\/uploads\/2025\/03\/AMXIM-about-factory2.webp 1400w, https:\/\/amxim.com\/wp-content\/uploads\/2025\/03\/AMXIM-about-factory2-400x244.webp 400w, https:\/\/amxim.com\/wp-content\/uploads\/2025\/03\/AMXIM-about-factory2-1300x792.webp 1300w, https:\/\/amxim.com\/wp-content\/uploads\/2025\/03\/AMXIM-about-factory2-150x91.webp 150w, https:\/\/amxim.com\/wp-content\/uploads\/2025\/03\/AMXIM-about-factory2-768x468.webp 768w, https:\/\/amxim.com\/wp-content\/uploads\/2025\/03\/AMXIM-about-factory2-1200x731.webp 1200w, https:\/\/amxim.com\/wp-content\/uploads\/2025\/03\/AMXIM-about-factory2-145x88.webp 145w\" sizes=\"(max-width: 1400px) 100vw, 1400px\" \/>\t\t\t\t\t<\/div>\n\n\t\t\t\t\t\t<\/div>\n\t\t\t\t<\/div>\n\t\t\t\t<\/div>\n\t\t\t\t\t<\/div>\n\t\t\t\t<\/div>\n\t\t<div class=\"elementor-element elementor-element-d61ca0e e-flex e-con-boxed e-con e-parent\" data-id=\"d61ca0e\" data-element_type=\"container\" data-e-type=\"container\">\n\t\t\t\t\t<div class=\"e-con-inner\">\n\t\t\t\t<div class=\"elementor-element elementor-element-87b0cb2 elementor-widget elementor-widget-wd_text_block\" data-id=\"87b0cb2\" data-element_type=\"widget\" data-e-type=\"widget\" data-widget_type=\"wd_text_block.default\">\n\t\t\t\t<div class=\"elementor-widget-container\">\n\t\t\t\t\t\t\t<div class=\"wd-text-block reset-last-child text-left\">\n\t\t\t\n\t\t\t<h2 class=\"\" data-start=\"902\" data-end=\"933\">Garant\u00eda de calidad en proceso<\/h2><p class=\"\" data-start=\"935\" data-end=\"1060\"><span class=\"relative -mx-px my-[-0.2rem] rounded px-px py-[0.2rem]\">Durante todo el proceso de fabricaci\u00f3n implementamos monitoreo y muestreo continuo.<\/span> <span class=\"relative -mx-px my-[-0.2rem] rounded px-px py-[0.2rem]\">Los controles de calidad clave incluyen:<\/span>\u200b<\/p><ul data-start=\"1062\" data-end=\"1451\"><li class=\"\" data-start=\"1062\" data-end=\"1170\"><p class=\"\" data-start=\"1064\" data-end=\"1170\"><strong data-start=\"1064\" data-end=\"1083\">Prueba de fugas<\/strong>: <span class=\"relative -mx-px my-[-0.2rem] rounded px-px py-[0.2rem]\">Asegurarse de que todos los dispositivos est\u00e9n libres de fugas de e-l\u00edquido.<\/span>\u200b<\/p><\/li><li class=\"\" data-start=\"1172\" data-end=\"1290\"><p class=\"\" data-start=\"1174\" data-end=\"1290\"><strong data-start=\"1174\" data-end=\"1203\">Evaluaci\u00f3n de seguridad de la bater\u00eda<\/strong>: <span class=\"relative -mx-px my-[-0.2rem] rounded px-px py-[0.2rem]\">Evaluaci\u00f3n del rendimiento de la bater\u00eda en diversas condiciones para evitar sobrecarga, sobredescarga y cortocircuitos.<\/span>\u200b<\/p><\/li><li class=\"\" data-start=\"1292\" data-end=\"1451\"><p class=\"\" data-start=\"1294\" data-end=\"1451\"><strong data-start=\"1294\" data-end=\"1324\">Durabilidad del alambre de resistencia<\/strong>: <span class=\"relative -mx-px my-[-0.2rem] rounded px-px py-[0.2rem]\">Realizar pruebas de vida \u00fatil en los componentes de la bobina para garantizar la longevidad y un rendimiento constante.<\/span><\/p><\/li><\/ul>\n\t\t\t\t\t<\/div>\n\t\t\t\t\t\t<\/div>\n\t\t\t\t<\/div>\n\t\t\t\t<div class=\"elementor-element elementor-element-c82ecf3 elementor-widget elementor-widget-wd_text_block\" data-id=\"c82ecf3\" data-element_type=\"widget\" data-e-type=\"widget\" data-widget_type=\"wd_text_block.default\">\n\t\t\t\t<div class=\"elementor-widget-container\">\n\t\t\t\t\t\t\t<div class=\"wd-text-block reset-last-child text-left\">\n\t\t\t\n\t\t\t<h2 class=\"\" data-start=\"1701\" data-end=\"1725\">Prueba del producto final<\/h2><p class=\"\" data-start=\"1727\" data-end=\"1812\"><span class=\"relative -mx-px my-[-0.2rem] rounded px-px py-[0.2rem]\">Antes de salir de nuestras instalaciones, cada producto se somete a pruebas exhaustivas, que incluyen:<\/span>\u200b<\/p><ul data-start=\"1814\" data-end=\"2153\"><li class=\"\" data-start=\"1814\" data-end=\"1926\"><p class=\"\" data-start=\"1816\" data-end=\"1926\"><strong data-start=\"1816\" data-end=\"1839\">Pruebas de funcionalidad<\/strong>: <span class=\"relative -mx-px my-[-0.2rem] rounded px-px py-[0.2rem]\">Verificar el funcionamiento del dispositivo y la interfaz de usuario.<\/span>\u200b<\/p><\/li><li class=\"\" data-start=\"1928\" data-end=\"2039\"><p class=\"\" data-start=\"1930\" data-end=\"2039\"><strong data-start=\"1930\" data-end=\"1952\">Consistencia del sabor<\/strong>: <span class=\"relative -mx-px my-[-0.2rem] rounded px-px py-[0.2rem]\">Garantizar que los l\u00edquidos electr\u00f3nicos ofrezcan el perfil de sabor deseado.<\/span>\u200b<\/p><\/li><li class=\"\" data-start=\"2041\" data-end=\"2153\"><p class=\"\" data-start=\"2043\" data-end=\"2153\"><strong data-start=\"2043\" data-end=\"2066\">Integridad del embalaje<\/strong>: <span class=\"relative -mx-px my-[-0.2rem] rounded px-px py-[0.2rem]\">Confirmar que los productos est\u00e9n embalados de forma segura para evitar da\u00f1os durante el transporte.<\/span><\/p><\/li><\/ul>\n\t\t\t\t\t<\/div>\n\t\t\t\t\t\t<\/div>\n\t\t\t\t<\/div>\n\t\t\t\t\t<\/div>\n\t\t\t\t<\/div>\n\t\t<div class=\"wd-negative-gap elementor-element elementor-element-8f43144 e-flex e-con-boxed e-con e-parent\" data-id=\"8f43144\" data-element_type=\"container\" data-e-type=\"container\" data-settings=\"{&quot;background_background&quot;:&quot;classic&quot;}\">\n\t\t\t\t\t<div class=\"e-con-inner\">\n\t\t\t\t<div class=\"elementor-element elementor-element-c222601 elementor-widget elementor-widget-wd_text_block\" data-id=\"c222601\" data-element_type=\"widget\" data-e-type=\"widget\" data-widget_type=\"wd_text_block.default\">\n\t\t\t\t<div class=\"elementor-widget-container\">\n\t\t\t\t\t\t\t<div class=\"wd-text-block reset-last-child text-left\">\n\t\t\t\n\t\t\t<h1 data-start=\"1453\" data-end=\"1492\"><strong>Cumplimiento de las normas regulatorias<\/strong><\/h1><p class=\"\" data-start=\"1494\" data-end=\"1699\"><span class=\"relative -mx-px my-[-0.2rem] rounded px-px py-[0.2rem]\">Cumplimos estrictamente con las regulaciones internacionales que rigen la fabricaci\u00f3n de cigarrillos electr\u00f3nicos.<\/span> <span class=\"relative -mx-px my-[-0.2rem] rounded px-px py-[0.2rem]\">Nuestros productos cumplen o superan los est\u00e1ndares de seguridad y calidad, lo que garantiza un ingreso sin problemas al mercado mundial.<\/span> <span class=\"relative -mx-px my-[-0.2rem] rounded px-px py-[0.2rem]\">Auditor\u00edas y certificaciones peri\u00f3dicas confirman nuestro cumplimiento y dedicaci\u00f3n a la excelencia.<\/span> \u200b<\/p>\n\t\t\t\t\t<\/div>\n\t\t\t\t\t\t<\/div>\n\t\t\t\t<\/div>\n\t\t\t\t\t<\/div>\n\t\t\t\t<\/div>\n\t\t\t\t<\/div>","protected":false},"excerpt":{"rendered":"<p>Advanced Manufacturing Standards Design and Development: Each product undergoes meticulous design and development phases to ensure functionality and user satisfaction.\u200b<\/p>","protected":false},"author":1,"featured_media":0,"parent":0,"menu_order":0,"comment_status":"closed","ping_status":"closed","template":"","meta":{"footnotes":""},"class_list":["post-2890","page","type-page","status-publish","hentry"],"yoast_head":"<!-- This site is optimized with the Yoast SEO plugin v26.9 - https:\/\/yoast.com\/product\/yoast-seo-wordpress\/ -->\n<title>Factory Tour - Inside AXMIM Vape Factory<\/title>\n<meta name=\"description\" content=\"Take a virtual tour of our state-of-the-art vape manufacturing facility. See how we create custom vape devices, e-liquids, and offer OEM &amp; ODM services with the highest quality standards.\" \/>\n<meta name=\"robots\" content=\"index, follow, max-snippet:-1, max-image-preview:large, max-video-preview:-1\" \/>\n<link rel=\"canonical\" href=\"https:\/\/amxim.com\/es\/visita-a-la-fabrica\/\" \/>\n<meta property=\"og:locale\" content=\"es_ES\" \/>\n<meta property=\"og:type\" content=\"article\" \/>\n<meta property=\"og:title\" content=\"Factory Tour - Inside AXMIM Vape Factory\" \/>\n<meta property=\"og:description\" content=\"Take a virtual tour of our state-of-the-art vape manufacturing facility. See how we create custom vape devices, e-liquids, and offer OEM &amp; ODM services with the highest quality standards.\" \/>\n<meta property=\"og:url\" content=\"https:\/\/amxim.com\/es\/visita-a-la-fabrica\/\" \/>\n<meta property=\"og:site_name\" content=\"AMXIM\" \/>\n<meta property=\"article:modified_time\" content=\"2025-03-29T04:38:31+00:00\" \/>\n<meta property=\"og:image\" content=\"https:\/\/amxim.com\/wp-content\/uploads\/2025\/03\/AMXIM-about-production.webp\" \/>\n<meta name=\"twitter:card\" content=\"summary_large_image\" \/>\n<meta name=\"twitter:label1\" content=\"Tiempo de lectura\" \/>\n\t<meta name=\"twitter:data1\" content=\"2 minutos\" \/>\n<script type=\"application\/ld+json\" class=\"yoast-schema-graph\">{\"@context\":\"https:\/\/schema.org\",\"@graph\":[{\"@type\":\"WebPage\",\"@id\":\"https:\/\/amxim.com\/ja\/factory-tour\/\",\"url\":\"https:\/\/amxim.com\/ja\/factory-tour\/\",\"name\":\"Factory Tour - Inside AXMIM Vape Factory\",\"isPartOf\":{\"@id\":\"https:\/\/amxim.com\/#website\"},\"primaryImageOfPage\":{\"@id\":\"https:\/\/amxim.com\/ja\/factory-tour\/#primaryimage\"},\"image\":{\"@id\":\"https:\/\/amxim.com\/ja\/factory-tour\/#primaryimage\"},\"thumbnailUrl\":\"https:\/\/amxim.com\/wp-content\/uploads\/2025\/03\/AMXIM-about-production.webp\",\"datePublished\":\"2025-03-11T08:45:28+00:00\",\"dateModified\":\"2025-03-29T04:38:31+00:00\",\"description\":\"Take a virtual tour of our state-of-the-art vape manufacturing facility. See how we create custom vape devices, e-liquids, and offer OEM & ODM services with the highest quality standards.\",\"breadcrumb\":{\"@id\":\"https:\/\/amxim.com\/ja\/factory-tour\/#breadcrumb\"},\"inLanguage\":\"es\",\"potentialAction\":[{\"@type\":\"ReadAction\",\"target\":[\"https:\/\/amxim.com\/ja\/factory-tour\/\"]}]},{\"@type\":\"ImageObject\",\"inLanguage\":\"es\",\"@id\":\"https:\/\/amxim.com\/ja\/factory-tour\/#primaryimage\",\"url\":\"https:\/\/amxim.com\/wp-content\/uploads\/2025\/03\/AMXIM-about-production.webp\",\"contentUrl\":\"https:\/\/amxim.com\/wp-content\/uploads\/2025\/03\/AMXIM-about-production.webp\"},{\"@type\":\"BreadcrumbList\",\"@id\":\"https:\/\/amxim.com\/ja\/factory-tour\/#breadcrumb\",\"itemListElement\":[{\"@type\":\"ListItem\",\"position\":1,\"name\":\"Home\",\"item\":\"https:\/\/amxim.com\/en\/\"},{\"@type\":\"ListItem\",\"position\":2,\"name\":\"Factory Tour\"}]},{\"@type\":\"WebSite\",\"@id\":\"https:\/\/amxim.com\/#website\",\"url\":\"https:\/\/amxim.com\/\",\"name\":\"AMXIM\",\"description\":\"AMXIM-OEM ODM Vape Manufacturer\",\"publisher\":{\"@id\":\"https:\/\/amxim.com\/#organization\"},\"potentialAction\":[{\"@type\":\"SearchAction\",\"target\":{\"@type\":\"EntryPoint\",\"urlTemplate\":\"https:\/\/amxim.com\/?s={search_term_string}\"},\"query-input\":{\"@type\":\"PropertyValueSpecification\",\"valueRequired\":true,\"valueName\":\"search_term_string\"}}],\"inLanguage\":\"es\"},{\"@type\":\"Organization\",\"@id\":\"https:\/\/amxim.com\/#organization\",\"name\":\"AMXIM\",\"url\":\"https:\/\/amxim.com\/\",\"logo\":{\"@type\":\"ImageObject\",\"inLanguage\":\"es\",\"@id\":\"https:\/\/amxim.com\/#\/schema\/logo\/image\/\",\"url\":\"https:\/\/amxim.com\/wp-content\/uploads\/2025\/03\/cropped-AMXIM-fav.webp\",\"contentUrl\":\"https:\/\/amxim.com\/wp-content\/uploads\/2025\/03\/cropped-AMXIM-fav.webp\",\"width\":512,\"height\":512,\"caption\":\"AMXIM\"},\"image\":{\"@id\":\"https:\/\/amxim.com\/#\/schema\/logo\/image\/\"}}]}<\/script>\n<!-- \/ Yoast SEO plugin. -->","yoast_head_json":{"title":"Visita a la f\u00e1brica: dentro de la f\u00e1brica de vapeo AXMIM","description":"Realice un recorrido virtual por nuestras modernas instalaciones de fabricaci\u00f3n de vaporizadores. Descubra c\u00f3mo creamos dispositivos de vapeo y l\u00edquidos personalizados, y ofrecemos servicios OEM y ODM con los m\u00e1s altos est\u00e1ndares de calidad.","robots":{"index":"index","follow":"follow","max-snippet":"max-snippet:-1","max-image-preview":"max-image-preview:large","max-video-preview":"max-video-preview:-1"},"canonical":"https:\/\/amxim.com\/es\/visita-a-la-fabrica\/","og_locale":"es_ES","og_type":"article","og_title":"Factory Tour - Inside AXMIM Vape Factory","og_description":"Take a virtual tour of our state-of-the-art vape manufacturing facility. See how we create custom vape devices, e-liquids, and offer OEM & ODM services with the highest quality standards.","og_url":"https:\/\/amxim.com\/es\/visita-a-la-fabrica\/","og_site_name":"AMXIM","article_modified_time":"2025-03-29T04:38:31+00:00","og_image":[{"url":"https:\/\/amxim.com\/wp-content\/uploads\/2025\/03\/AMXIM-about-production.webp","type":"","width":"","height":""}],"twitter_card":"summary_large_image","twitter_misc":{"Tiempo de lectura":"2 minutos"},"schema":{"@context":"https:\/\/schema.org","@graph":[{"@type":"WebPage","@id":"https:\/\/amxim.com\/ja\/factory-tour\/","url":"https:\/\/amxim.com\/ja\/factory-tour\/","name":"Visita a la f\u00e1brica: dentro de la f\u00e1brica de vapeo AXMIM","isPartOf":{"@id":"https:\/\/amxim.com\/#website"},"primaryImageOfPage":{"@id":"https:\/\/amxim.com\/ja\/factory-tour\/#primaryimage"},"image":{"@id":"https:\/\/amxim.com\/ja\/factory-tour\/#primaryimage"},"thumbnailUrl":"https:\/\/amxim.com\/wp-content\/uploads\/2025\/03\/AMXIM-about-production.webp","datePublished":"2025-03-11T08:45:28+00:00","dateModified":"2025-03-29T04:38:31+00:00","description":"Realice un recorrido virtual por nuestras modernas instalaciones de fabricaci\u00f3n de vaporizadores. Descubra c\u00f3mo creamos dispositivos de vapeo y l\u00edquidos personalizados, y ofrecemos servicios OEM y ODM con los m\u00e1s altos est\u00e1ndares de calidad.","breadcrumb":{"@id":"https:\/\/amxim.com\/ja\/factory-tour\/#breadcrumb"},"inLanguage":"es","potentialAction":[{"@type":"ReadAction","target":["https:\/\/amxim.com\/ja\/factory-tour\/"]}]},{"@type":"ImageObject","inLanguage":"es","@id":"https:\/\/amxim.com\/ja\/factory-tour\/#primaryimage","url":"https:\/\/amxim.com\/wp-content\/uploads\/2025\/03\/AMXIM-about-production.webp","contentUrl":"https:\/\/amxim.com\/wp-content\/uploads\/2025\/03\/AMXIM-about-production.webp"},{"@type":"BreadcrumbList","@id":"https:\/\/amxim.com\/ja\/factory-tour\/#breadcrumb","itemListElement":[{"@type":"ListItem","position":1,"name":"Home","item":"https:\/\/amxim.com\/en\/"},{"@type":"ListItem","position":2,"name":"Factory Tour"}]},{"@type":"WebSite","@id":"https:\/\/amxim.com\/#website","url":"https:\/\/amxim.com\/","name":"AMXIM","description":"Fabricante de vaporizadores AMXIM-OEM ODM","publisher":{"@id":"https:\/\/amxim.com\/#organization"},"potentialAction":[{"@type":"SearchAction","target":{"@type":"EntryPoint","urlTemplate":"https:\/\/amxim.com\/?s={search_term_string}"},"query-input":{"@type":"PropertyValueSpecification","valueRequired":true,"valueName":"search_term_string"}}],"inLanguage":"es"},{"@type":"Organization","@id":"https:\/\/amxim.com\/#organization","name":"AMXIM","url":"https:\/\/amxim.com\/","logo":{"@type":"ImageObject","inLanguage":"es","@id":"https:\/\/amxim.com\/#\/schema\/logo\/image\/","url":"https:\/\/amxim.com\/wp-content\/uploads\/2025\/03\/cropped-AMXIM-fav.webp","contentUrl":"https:\/\/amxim.com\/wp-content\/uploads\/2025\/03\/cropped-AMXIM-fav.webp","width":512,"height":512,"caption":"AMXIM"},"image":{"@id":"https:\/\/amxim.com\/#\/schema\/logo\/image\/"}}]}},"_links":{"self":[{"href":"https:\/\/amxim.com\/es\/wp-json\/wp\/v2\/pages\/2890","targetHints":{"allow":["GET"]}}],"collection":[{"href":"https:\/\/amxim.com\/es\/wp-json\/wp\/v2\/pages"}],"about":[{"href":"https:\/\/amxim.com\/es\/wp-json\/wp\/v2\/types\/page"}],"author":[{"embeddable":true,"href":"https:\/\/amxim.com\/es\/wp-json\/wp\/v2\/users\/1"}],"replies":[{"embeddable":true,"href":"https:\/\/amxim.com\/es\/wp-json\/wp\/v2\/comments?post=2890"}],"version-history":[{"count":0,"href":"https:\/\/amxim.com\/es\/wp-json\/wp\/v2\/pages\/2890\/revisions"}],"wp:attachment":[{"href":"https:\/\/amxim.com\/es\/wp-json\/wp\/v2\/media?parent=2890"}],"curies":[{"name":"gracias","href":"https:\/\/api.w.org\/{rel}","templated":true}]}}