{"id":2897,"date":"2025-03-11T09:14:04","date_gmt":"2025-03-11T09:14:04","guid":{"rendered":"https:\/\/amxim.com\/?page_id=2897"},"modified":"2025-03-29T04:31:26","modified_gmt":"2025-03-29T04:31:26","slug":"oem-y-odm","status":"publish","type":"page","link":"https:\/\/amxim.com\/es\/oem-y-odm\/","title":{"rendered":"OEM y ODM"},"content":{"rendered":"<div data-elementor-type=\"wp-page\" data-elementor-id=\"2897\" class=\"elementor elementor-2897\" data-elementor-post-type=\"page\">\n\t\t\t\t<div class=\"wd-negative-gap elementor-element elementor-element-c3467dc e-flex e-con-boxed e-con e-parent\" data-id=\"c3467dc\" data-element_type=\"container\" data-e-type=\"container\">\n\t\t\t\t\t<div class=\"e-con-inner\">\n\t\t\t\t<div class=\"elementor-element elementor-element-65371b1 wd-width-100 elementor-widget elementor-widget-wd_title\" data-id=\"65371b1\" data-element_type=\"widget\" data-e-type=\"widget\" data-widget_type=\"wd_title.default\">\n\t\t\t\t<div class=\"elementor-widget-container\">\n\t\t\t\t\t\t\t<div class=\"title-wrapper set-mb-s reset-last-child wd-title-color-default wd-title-style-default wd-title-size-extra-large text-center\">\n\n\t\t\t\n\t\t\t<div class=\"liner-continer\">\n\t\t\t\t<h2 class=\"woodmart-title-container title wd-fontsize-xxxl\">Servicios OEM y ODM para productos de vapeo<\/h2> \n\t\t\t\t\t\t\t<\/div>\n\n\t\t\t\t\t\t\t<div class=\"title-after_title set-cont-mb-s reset-last-child wd-fontsize-s\">\n\t\t\t\t\t<p>En AMXIM, nos especializamos en brindar servicios integrales de OEM (Fabricaci\u00f3n de Equipo Original) y ODM (Fabricaci\u00f3n de Dise\u00f1o Original) para productos de vapeo. Con a\u00f1os de experiencia en el sector, ayudamos a las marcas a comercializar sus exclusivos dispositivos de vapeo y l\u00edquidos electr\u00f3nicos de forma eficiente y rentable.<\/p>\t\t\t\t<\/div>\n\t\t\t\t\t<\/div>\n\t\t\t\t\t\t<\/div>\n\t\t\t\t<\/div>\n\t\t\t\t\t<\/div>\n\t\t\t\t<\/div>\n\t\t<div class=\"elementor-element elementor-element-408dd1b8 e-con-full e-flex e-con e-parent\" data-id=\"408dd1b8\" data-element_type=\"container\" data-e-type=\"container\" data-settings=\"{&quot;background_background&quot;:&quot;classic&quot;}\">\n\t\t<div class=\"elementor-element elementor-element-2f663f8a e-flex e-con-boxed e-con e-child\" data-id=\"2f663f8a\" data-element_type=\"container\" data-e-type=\"container\">\n\t\t\t\t\t<div class=\"e-con-inner\">\n\t\t\t\t<div class=\"elementor-element elementor-element-40b0030a elementor-widget__width-inherit elementor-widget elementor-widget-heading\" data-id=\"40b0030a\" data-element_type=\"widget\" data-e-type=\"widget\" data-widget_type=\"heading.default\">\n\t\t\t\t<div class=\"elementor-widget-container\">\n\t\t\t\t\t<span class=\"elementor-heading-title elementor-size-default\">\u00danete al \u00e9xito<\/span>\t\t\t\t<\/div>\n\t\t\t\t<\/div>\n\t\t\t\t<div class=\"elementor-element elementor-element-7cbe3995 elementor-widget__width-inherit elementor-widget elementor-widget-heading\" data-id=\"7cbe3995\" data-element_type=\"widget\" data-e-type=\"widget\" data-widget_type=\"heading.default\">\n\t\t\t\t<div class=\"elementor-widget-container\">\n\t\t\t\t\t<h3 class=\"elementor-heading-title elementor-size-default\">Nuestro proceso OEM y ODM<\/h3>\t\t\t\t<\/div>\n\t\t\t\t<\/div>\n\t\t\t\t\t<\/div>\n\t\t\t\t<\/div>\n\t\t<div class=\"elementor-element elementor-element-7498dd69 e-con-full e-flex e-con e-child\" data-id=\"7498dd69\" data-element_type=\"container\" data-e-type=\"container\" data-settings=\"{&quot;background_background&quot;:&quot;classic&quot;}\">\n\t\t\t\t<div class=\"elementor-element elementor-element-119b630b elementor-cta--layout-image-below elementor-cta--mobile-layout-image-above elementor-widget__width-inherit elementor-cta--skin-classic elementor-animated-content elementor-widget elementor-widget-call-to-action\" data-id=\"119b630b\" data-element_type=\"widget\" data-e-type=\"widget\" data-widget_type=\"call-to-action.default\">\n\t\t\t\t<div class=\"elementor-widget-container\">\n\t\t\t\t\t\t\t<div class=\"elementor-cta\">\n\t\t\t\t\t\t\t<div class=\"elementor-cta__content\">\n\t\t\t\t\t\t\t\t\t<div class=\"elementor-content-item elementor-cta__content-item elementor-cta__image\">\n\t\t\t\t\t\t<img fetchpriority=\"high\" decoding=\"async\" width=\"1200\" height=\"260\" src=\"https:\/\/amxim.com\/wp-content\/uploads\/2025\/03\/AMXIM-oem-1.webp\" class=\"attachment-full size-full wp-image-10527\" alt=\"\" srcset=\"https:\/\/amxim.com\/wp-content\/uploads\/2025\/03\/AMXIM-oem-1.webp 1200w, https:\/\/amxim.com\/wp-content\/uploads\/2025\/03\/AMXIM-oem-1-400x87.webp 400w, https:\/\/amxim.com\/wp-content\/uploads\/2025\/03\/AMXIM-oem-1-150x33.webp 150w, https:\/\/amxim.com\/wp-content\/uploads\/2025\/03\/AMXIM-oem-1-768x166.webp 768w, https:\/\/amxim.com\/wp-content\/uploads\/2025\/03\/AMXIM-oem-1-145x31.webp 145w\" sizes=\"(max-width: 1200px) 100vw, 1200px\" \/>\t\t\t\t\t<\/div>\n\t\t\t\t\n\t\t\t\t\t\t\t\t\t<h2 class=\"elementor-cta__title elementor-cta__content-item elementor-content-item\">\n\t\t\t\t\t\tProceso OEM\t\t\t\t\t<\/h2>\n\t\t\t\t\n\t\t\t\t\t\t\t\t\t<h3 class=\"elementor-cta__description elementor-cta__content-item elementor-content-item\">\n\t\t\t\t\t\tEl proceso OEM comienza con la comprensi\u00f3n de las necesidades espec\u00edficas de su producto de vapeo, incluyendo las especificaciones del dispositivo, las formulaciones de e-l\u00edquidos y las preferencias de marca. Posteriormente, personalizamos nuestro hardware o e-l\u00edquidos para que se ajusten a su identidad de marca, incorporando la impresi\u00f3n de logotipos, el etiquetado privado y el empaquetado personalizado. Tras finalizar el dise\u00f1o, producimos muestras para realizar pruebas de rendimiento y cumplir con las normativas. Una vez aprobado, comienza la producci\u00f3n en masa en nuestras instalaciones de vanguardia, garantizando altos est\u00e1ndares de calidad mediante rigurosos controles de calidad. Finalmente, los productos de vapeo terminados se empaquetan cuidadosamente y se env\u00edan a su destino, listos para su lanzamiento al mercado.\t\t\t\t\t<\/h3>\n\t\t\t\t\n\t\t\t\t\t\t\t<\/div>\n\t\t\t\t\t\t<\/div>\n\t\t\t\t\t\t<\/div>\n\t\t\t\t<\/div>\n\t\t\t\t<div class=\"elementor-element elementor-element-20c9e797 elementor-cta--layout-image-below elementor-cta--mobile-layout-image-above elementor-widget__width-inherit elementor-cta--skin-classic elementor-animated-content elementor-widget elementor-widget-call-to-action\" data-id=\"20c9e797\" data-element_type=\"widget\" data-e-type=\"widget\" data-widget_type=\"call-to-action.default\">\n\t\t\t\t<div class=\"elementor-widget-container\">\n\t\t\t\t\t\t\t<div class=\"elementor-cta\">\n\t\t\t\t\t\t\t<div class=\"elementor-cta__content\">\n\t\t\t\t\t\t\t\t\t<div class=\"elementor-content-item elementor-cta__content-item elementor-cta__image\">\n\t\t\t\t\t\t<img decoding=\"async\" width=\"1200\" height=\"300\" src=\"https:\/\/amxim.com\/wp-content\/uploads\/2025\/03\/AMXIM-odm.webp\" class=\"attachment-full size-full wp-image-10528\" alt=\"\" srcset=\"https:\/\/amxim.com\/wp-content\/uploads\/2025\/03\/AMXIM-odm.webp 1200w, https:\/\/amxim.com\/wp-content\/uploads\/2025\/03\/AMXIM-odm-400x100.webp 400w, https:\/\/amxim.com\/wp-content\/uploads\/2025\/03\/AMXIM-odm-150x38.webp 150w, https:\/\/amxim.com\/wp-content\/uploads\/2025\/03\/AMXIM-odm-768x192.webp 768w, https:\/\/amxim.com\/wp-content\/uploads\/2025\/03\/AMXIM-odm-145x36.webp 145w\" sizes=\"(max-width: 1200px) 100vw, 1200px\" \/>\t\t\t\t\t<\/div>\n\t\t\t\t\n\t\t\t\t\t\t\t\t\t<h2 class=\"elementor-cta__title elementor-cta__content-item elementor-content-item\">\n\t\t\t\t\t\tProceso ODM\t\t\t\t\t<\/h2>\n\t\t\t\t\n\t\t\t\t\t\t\t\t\t<h3 class=\"elementor-cta__description elementor-cta__content-item elementor-content-item\">\n\t\t\t\t\t\tEl proceso de ODM en AMXIM comienza con nuestro equipo de I+D, que desarrolla productos de vapeo innovadores basados en las tendencias del mercado y la visi\u00f3n de su marca. Dise\u00f1amos dispositivos de vapeo \u00fanicos, sistemas de c\u00e1psulas, desechables o e-l\u00edquidos desde cero, priorizando la tecnolog\u00eda avanzada, la experiencia del usuario y el cumplimiento normativo. Tras la conceptualizaci\u00f3n, creamos prototipos para su prueba y perfeccionamiento. Una vez finalizado el dise\u00f1o, procedemos a la producci\u00f3n en masa con materiales de primera calidad y estrictos controles de calidad. Ofrecemos soporte personalizado para la marca, el empaquetado y la certificaci\u00f3n, lo que garantiza que su producto de vapeo exclusivo est\u00e9 listo para el mercado y cumpla con los est\u00e1ndares internacionales.\t\t\t\t\t<\/h3>\n\t\t\t\t\n\t\t\t\t\t\t\t<\/div>\n\t\t\t\t\t\t<\/div>\n\t\t\t\t\t\t<\/div>\n\t\t\t\t<\/div>\n\t\t\t\t<\/div>\n\t\t\t\t<\/div>\n\t\t<div class=\"elementor-element elementor-element-621cf4c7 e-con-full e-flex e-con e-parent\" data-id=\"621cf4c7\" data-element_type=\"container\" data-e-type=\"container\" data-settings=\"{&quot;background_background&quot;:&quot;classic&quot;}\">\n\t\t\t\t<div class=\"elementor-element elementor-element-5b4377a1 elementor-widget-tablet__width-inherit elementor-widget elementor-widget-heading\" data-id=\"5b4377a1\" data-element_type=\"widget\" data-e-type=\"widget\" data-widget_type=\"heading.default\">\n\t\t\t\t<div class=\"elementor-widget-container\">\n\t\t\t\t\t<h2 class=\"elementor-heading-title elementor-size-default\">\u00bfPor qu\u00e9 elegirnos?<\/h2>\t\t\t\t<\/div>\n\t\t\t\t<\/div>\n\t\t<div class=\"elementor-element elementor-element-6d7af901 e-con-full e-flex e-con e-child\" data-id=\"6d7af901\" data-element_type=\"container\" data-e-type=\"container\" data-settings=\"{&quot;background_background&quot;:&quot;classic&quot;}\">\n\t\t\t\t<div class=\"elementor-element elementor-element-16fee19d elementor-widget-tablet__width-initial elementor-widget-mobile__width-inherit elementor-widget__width-initial elementor-widget elementor-widget-icon-box\" data-id=\"16fee19d\" data-element_type=\"widget\" data-e-type=\"widget\" data-widget_type=\"icon-box.default\">\n\t\t\t\t<div class=\"elementor-widget-container\">\n\t\t\t\t\t\t\t<div class=\"elementor-icon-box-wrapper\">\n\n\t\t\t\n\t\t\t\t\t\t<div class=\"elementor-icon-box-content\">\n\n\t\t\t\t\t\t\t\t\t<h3 class=\"elementor-icon-box-title\">\n\t\t\t\t\t\t<span  >\n\t\t\t\t\t\t\tExperienced R&amp;D Team\t\t\t\t\t\t<\/span>\n\t\t\t\t\t<\/h3>\n\t\t\t\t\n\t\t\t\t\t\t\t\t\t<p class=\"elementor-icon-box-description\">\n\t\t\t\t\t\tTecnolog\u00eda de vanguardia y desarrollo de productos innovadores.\t\t\t\t\t<\/p>\n\t\t\t\t\n\t\t\t<\/div>\n\t\t\t\n\t\t<\/div>\n\t\t\t\t\t\t<\/div>\n\t\t\t\t<\/div>\n\t\t\t\t<div class=\"elementor-element elementor-element-32bc265f elementor-widget-tablet__width-initial elementor-widget-mobile__width-inherit elementor-widget__width-initial elementor-widget elementor-widget-icon-box\" data-id=\"32bc265f\" data-element_type=\"widget\" data-e-type=\"widget\" data-widget_type=\"icon-box.default\">\n\t\t\t\t<div class=\"elementor-widget-container\">\n\t\t\t\t\t\t\t<div class=\"elementor-icon-box-wrapper\">\n\n\t\t\t\n\t\t\t\t\t\t<div class=\"elementor-icon-box-content\">\n\n\t\t\t\t\t\t\t\t\t<h3 class=\"elementor-icon-box-title\">\n\t\t\t\t\t\t<span  >\n\t\t\t\t\t\t\tEst\u00e1ndares de alta calidad\t\t\t\t\t\t<\/span>\n\t\t\t\t\t<\/h3>\n\t\t\t\t\n\t\t\t\t\t\t\t\t\t<p class=\"elementor-icon-box-description\">\n\t\t\t\t\t\tProcesos de control de calidad estrictos para garantizar un rendimiento superior del producto.\t\t\t\t\t<\/p>\n\t\t\t\t\n\t\t\t<\/div>\n\t\t\t\n\t\t<\/div>\n\t\t\t\t\t\t<\/div>\n\t\t\t\t<\/div>\n\t\t\t\t<div class=\"elementor-element elementor-element-2b302445 elementor-widget-tablet__width-initial elementor-widget-mobile__width-inherit elementor-widget__width-initial elementor-widget elementor-widget-icon-box\" data-id=\"2b302445\" data-element_type=\"widget\" data-e-type=\"widget\" data-widget_type=\"icon-box.default\">\n\t\t\t\t<div class=\"elementor-widget-container\">\n\t\t\t\t\t\t\t<div class=\"elementor-icon-box-wrapper\">\n\n\t\t\t\n\t\t\t\t\t\t<div class=\"elementor-icon-box-content\">\n\n\t\t\t\t\t\t\t\t\t<h3 class=\"elementor-icon-box-title\">\n\t\t\t\t\t\t<span  >\n\t\t\t\t\t\t\tCustomization &amp; Flexibility\t\t\t\t\t\t<\/span>\n\t\t\t\t\t<\/h3>\n\t\t\t\t\n\t\t\t\t\t\t\t\t\t<p class=\"elementor-icon-box-description\">\n\t\t\t\t\t\tSoluciones personalizadas para adaptarse a su identidad de marca y necesidades del mercado.\t\t\t\t\t<\/p>\n\t\t\t\t\n\t\t\t<\/div>\n\t\t\t\n\t\t<\/div>\n\t\t\t\t\t\t<\/div>\n\t\t\t\t<\/div>\n\t\t\t\t<div class=\"elementor-element elementor-element-56307a1c elementor-widget-tablet__width-initial elementor-widget-mobile__width-inherit elementor-widget__width-initial elementor-widget elementor-widget-icon-box\" data-id=\"56307a1c\" data-element_type=\"widget\" data-e-type=\"widget\" data-widget_type=\"icon-box.default\">\n\t\t\t\t<div class=\"elementor-widget-container\">\n\t\t\t\t\t\t\t<div class=\"elementor-icon-box-wrapper\">\n\n\t\t\t\n\t\t\t\t\t\t<div class=\"elementor-icon-box-content\">\n\n\t\t\t\t\t\t\t\t\t<h3 class=\"elementor-icon-box-title\">\n\t\t\t\t\t\t<span  >\n\t\t\t\t\t\t\tCadena de suministro confiable\t\t\t\t\t\t<\/span>\n\t\t\t\t\t<\/h3>\n\t\t\t\t\n\t\t\t\t\t\t\t\t\t<p class=\"elementor-icon-box-description\">\n\t\t\t\t\t\tProducci\u00f3n eficiente y entrega oportuna.\t\t\t\t\t<\/p>\n\t\t\t\t\n\t\t\t<\/div>\n\t\t\t\n\t\t<\/div>\n\t\t\t\t\t\t<\/div>\n\t\t\t\t<\/div>\n\t\t\t\t<\/div>\n\t\t\t\t<\/div>\n\t\t\t\t<\/div>","protected":false},"excerpt":{"rendered":"<p>OEM &amp; ODM Services for Vape Products At AMXIM, we specialize in providing comprehensive OEM (Original Equipment Manufacturing) and ODM<\/p>","protected":false},"author":1,"featured_media":0,"parent":0,"menu_order":0,"comment_status":"closed","ping_status":"closed","template":"","meta":{"footnotes":""},"class_list":["post-2897","page","type-page","status-publish","hentry"],"yoast_head":"<!-- This site is optimized with the Yoast SEO plugin v26.9 - https:\/\/yoast.com\/product\/yoast-seo-wordpress\/ -->\n<title>OEM &amp; ODM - AMXIM<\/title>\n<meta name=\"description\" content=\"Partner with a trusted OEM &amp; ODM vape manufacturer. We specialize in custom vape production, branding, and private-label solutions.\" \/>\n<meta name=\"robots\" content=\"index, follow, max-snippet:-1, max-image-preview:large, max-video-preview:-1\" \/>\n<link rel=\"canonical\" href=\"https:\/\/amxim.com\/es\/oem-y-odm\/\" \/>\n<meta property=\"og:locale\" content=\"es_ES\" \/>\n<meta property=\"og:type\" content=\"article\" \/>\n<meta property=\"og:title\" content=\"OEM &amp; ODM - AMXIM\" \/>\n<meta property=\"og:description\" content=\"Partner with a trusted OEM &amp; ODM vape manufacturer. We specialize in custom vape production, branding, and private-label solutions.\" \/>\n<meta property=\"og:url\" content=\"https:\/\/amxim.com\/es\/oem-y-odm\/\" \/>\n<meta property=\"og:site_name\" content=\"AMXIM\" \/>\n<meta property=\"article:modified_time\" content=\"2025-03-29T04:31:26+00:00\" \/>\n<meta property=\"og:image\" content=\"https:\/\/amxim.com\/wp-content\/uploads\/2025\/03\/AMXIM-oem-1.webp\" \/>\n<meta name=\"twitter:card\" content=\"summary_large_image\" \/>\n<meta name=\"twitter:label1\" content=\"Tiempo de lectura\" \/>\n\t<meta name=\"twitter:data1\" content=\"2 minutos\" \/>\n<script type=\"application\/ld+json\" class=\"yoast-schema-graph\">{\"@context\":\"https:\/\/schema.org\",\"@graph\":[{\"@type\":\"WebPage\",\"@id\":\"https:\/\/amxim.com\/en\/oem-odm\/\",\"url\":\"https:\/\/amxim.com\/en\/oem-odm\/\",\"name\":\"OEM &amp; ODM - AMXIM\",\"isPartOf\":{\"@id\":\"https:\/\/amxim.com\/#website\"},\"primaryImageOfPage\":{\"@id\":\"https:\/\/amxim.com\/en\/oem-odm\/#primaryimage\"},\"image\":{\"@id\":\"https:\/\/amxim.com\/en\/oem-odm\/#primaryimage\"},\"thumbnailUrl\":\"https:\/\/amxim.com\/wp-content\/uploads\/2025\/03\/AMXIM-oem-1.webp\",\"datePublished\":\"2025-03-11T09:14:04+00:00\",\"dateModified\":\"2025-03-29T04:31:26+00:00\",\"description\":\"Partner with a trusted OEM & ODM vape manufacturer. We specialize in custom vape production, branding, and private-label solutions.\",\"breadcrumb\":{\"@id\":\"https:\/\/amxim.com\/en\/oem-odm\/#breadcrumb\"},\"inLanguage\":\"es\",\"potentialAction\":[{\"@type\":\"ReadAction\",\"target\":[\"https:\/\/amxim.com\/en\/oem-odm\/\"]}]},{\"@type\":\"ImageObject\",\"inLanguage\":\"es\",\"@id\":\"https:\/\/amxim.com\/en\/oem-odm\/#primaryimage\",\"url\":\"https:\/\/amxim.com\/wp-content\/uploads\/2025\/03\/AMXIM-oem-1.webp\",\"contentUrl\":\"https:\/\/amxim.com\/wp-content\/uploads\/2025\/03\/AMXIM-oem-1.webp\"},{\"@type\":\"BreadcrumbList\",\"@id\":\"https:\/\/amxim.com\/en\/oem-odm\/#breadcrumb\",\"itemListElement\":[{\"@type\":\"ListItem\",\"position\":1,\"name\":\"Home\",\"item\":\"https:\/\/amxim.com\/en\/\"},{\"@type\":\"ListItem\",\"position\":2,\"name\":\"OEM &amp; ODM\"}]},{\"@type\":\"WebSite\",\"@id\":\"https:\/\/amxim.com\/#website\",\"url\":\"https:\/\/amxim.com\/\",\"name\":\"AMXIM\",\"description\":\"AMXIM-OEM ODM Vape Manufacturer\",\"publisher\":{\"@id\":\"https:\/\/amxim.com\/#organization\"},\"potentialAction\":[{\"@type\":\"SearchAction\",\"target\":{\"@type\":\"EntryPoint\",\"urlTemplate\":\"https:\/\/amxim.com\/?s={search_term_string}\"},\"query-input\":{\"@type\":\"PropertyValueSpecification\",\"valueRequired\":true,\"valueName\":\"search_term_string\"}}],\"inLanguage\":\"es\"},{\"@type\":\"Organization\",\"@id\":\"https:\/\/amxim.com\/#organization\",\"name\":\"AMXIM\",\"url\":\"https:\/\/amxim.com\/\",\"logo\":{\"@type\":\"ImageObject\",\"inLanguage\":\"es\",\"@id\":\"https:\/\/amxim.com\/#\/schema\/logo\/image\/\",\"url\":\"https:\/\/amxim.com\/wp-content\/uploads\/2025\/03\/cropped-AMXIM-fav.webp\",\"contentUrl\":\"https:\/\/amxim.com\/wp-content\/uploads\/2025\/03\/cropped-AMXIM-fav.webp\",\"width\":512,\"height\":512,\"caption\":\"AMXIM\"},\"image\":{\"@id\":\"https:\/\/amxim.com\/#\/schema\/logo\/image\/\"}}]}<\/script>\n<!-- \/ Yoast SEO plugin. -->","yoast_head_json":{"title":"OEM y ODM - AMXIM","description":"As\u00f3ciese con un fabricante OEM y ODM de confianza para vapeadores. Nos especializamos en la producci\u00f3n de vapeadores personalizados, desarrollo de marca y soluciones de marca blanca.","robots":{"index":"index","follow":"follow","max-snippet":"max-snippet:-1","max-image-preview":"max-image-preview:large","max-video-preview":"max-video-preview:-1"},"canonical":"https:\/\/amxim.com\/es\/oem-y-odm\/","og_locale":"es_ES","og_type":"article","og_title":"OEM &amp; ODM - AMXIM","og_description":"Partner with a trusted OEM & ODM vape manufacturer. We specialize in custom vape production, branding, and private-label solutions.","og_url":"https:\/\/amxim.com\/es\/oem-y-odm\/","og_site_name":"AMXIM","article_modified_time":"2025-03-29T04:31:26+00:00","og_image":[{"url":"https:\/\/amxim.com\/wp-content\/uploads\/2025\/03\/AMXIM-oem-1.webp","type":"","width":"","height":""}],"twitter_card":"summary_large_image","twitter_misc":{"Tiempo de lectura":"2 minutos"},"schema":{"@context":"https:\/\/schema.org","@graph":[{"@type":"WebPage","@id":"https:\/\/amxim.com\/en\/oem-odm\/","url":"https:\/\/amxim.com\/en\/oem-odm\/","name":"OEM y ODM - AMXIM","isPartOf":{"@id":"https:\/\/amxim.com\/#website"},"primaryImageOfPage":{"@id":"https:\/\/amxim.com\/en\/oem-odm\/#primaryimage"},"image":{"@id":"https:\/\/amxim.com\/en\/oem-odm\/#primaryimage"},"thumbnailUrl":"https:\/\/amxim.com\/wp-content\/uploads\/2025\/03\/AMXIM-oem-1.webp","datePublished":"2025-03-11T09:14:04+00:00","dateModified":"2025-03-29T04:31:26+00:00","description":"As\u00f3ciese con un fabricante OEM y ODM de confianza para vapeadores. Nos especializamos en la producci\u00f3n de vapeadores personalizados, desarrollo de marca y soluciones de marca blanca.","breadcrumb":{"@id":"https:\/\/amxim.com\/en\/oem-odm\/#breadcrumb"},"inLanguage":"es","potentialAction":[{"@type":"ReadAction","target":["https:\/\/amxim.com\/en\/oem-odm\/"]}]},{"@type":"ImageObject","inLanguage":"es","@id":"https:\/\/amxim.com\/en\/oem-odm\/#primaryimage","url":"https:\/\/amxim.com\/wp-content\/uploads\/2025\/03\/AMXIM-oem-1.webp","contentUrl":"https:\/\/amxim.com\/wp-content\/uploads\/2025\/03\/AMXIM-oem-1.webp"},{"@type":"BreadcrumbList","@id":"https:\/\/amxim.com\/en\/oem-odm\/#breadcrumb","itemListElement":[{"@type":"ListItem","position":1,"name":"Home","item":"https:\/\/amxim.com\/en\/"},{"@type":"ListItem","position":2,"name":"OEM &amp; ODM"}]},{"@type":"WebSite","@id":"https:\/\/amxim.com\/#website","url":"https:\/\/amxim.com\/","name":"AMXIM","description":"Fabricante de vaporizadores AMXIM-OEM ODM","publisher":{"@id":"https:\/\/amxim.com\/#organization"},"potentialAction":[{"@type":"SearchAction","target":{"@type":"EntryPoint","urlTemplate":"https:\/\/amxim.com\/?s={search_term_string}"},"query-input":{"@type":"PropertyValueSpecification","valueRequired":true,"valueName":"search_term_string"}}],"inLanguage":"es"},{"@type":"Organization","@id":"https:\/\/amxim.com\/#organization","name":"AMXIM","url":"https:\/\/amxim.com\/","logo":{"@type":"ImageObject","inLanguage":"es","@id":"https:\/\/amxim.com\/#\/schema\/logo\/image\/","url":"https:\/\/amxim.com\/wp-content\/uploads\/2025\/03\/cropped-AMXIM-fav.webp","contentUrl":"https:\/\/amxim.com\/wp-content\/uploads\/2025\/03\/cropped-AMXIM-fav.webp","width":512,"height":512,"caption":"AMXIM"},"image":{"@id":"https:\/\/amxim.com\/#\/schema\/logo\/image\/"}}]}},"_links":{"self":[{"href":"https:\/\/amxim.com\/es\/wp-json\/wp\/v2\/pages\/2897","targetHints":{"allow":["GET"]}}],"collection":[{"href":"https:\/\/amxim.com\/es\/wp-json\/wp\/v2\/pages"}],"about":[{"href":"https:\/\/amxim.com\/es\/wp-json\/wp\/v2\/types\/page"}],"author":[{"embeddable":true,"href":"https:\/\/amxim.com\/es\/wp-json\/wp\/v2\/users\/1"}],"replies":[{"embeddable":true,"href":"https:\/\/amxim.com\/es\/wp-json\/wp\/v2\/comments?post=2897"}],"version-history":[{"count":0,"href":"https:\/\/amxim.com\/es\/wp-json\/wp\/v2\/pages\/2897\/revisions"}],"wp:attachment":[{"href":"https:\/\/amxim.com\/es\/wp-json\/wp\/v2\/media?parent=2897"}],"curies":[{"name":"gracias","href":"https:\/\/api.w.org\/{rel}","templated":true}]}}