{"id":10298,"date":"2025-03-26T09:09:19","date_gmt":"2025-03-26T09:09:19","guid":{"rendered":"https:\/\/amxim.com\/?post_type=product&#038;p=10298"},"modified":"2025-04-02T01:38:02","modified_gmt":"2025-04-02T01:38:02","slug":"cigarrillo-electronico-desechable-de-2000-bocanadas-con-sabor-a-menta-fresca-1500-mah","status":"publish","type":"product","link":"https:\/\/amxim.com\/es\/product\/cigarrillo-electronico-desechable-de-2000-bocanadas-con-sabor-a-menta-fresca-1500-mah\/","title":{"rendered":"Cigarrillo electr\u00f3nico desechable de 2000 inhalaciones con sabor a menta fresca, 1500 mAh"},"content":{"rendered":"<h2 style=\"text-align: left\">Cigarrillo electr\u00f3nico desechable de 2000 inhalaciones con sabor a menta fresca, 1500 mAh<\/h2>\n<p style=\"text-align: left\">Este cigarrillo electr\u00f3nico desechable de alta calidad combina un dise\u00f1o experto, una producci\u00f3n de primera calidad y una reproducci\u00f3n excepcional del sabor, ofreciendo la combinaci\u00f3n perfecta de sabor afrutado y sales de nicotina. Alimentado por una bater\u00eda de 1500 mAh, proporciona m\u00e1s de 2000 caladas de un vapeo suave y placentero.<br \/>\nCon una variedad de deliciosos sabores para elegir, incluidos menta, hielo exuberante, hielo de ar\u00e1ndano, hielo de lichi, frutos rojos, hielo de mango, hielo de fresa, hielo de uva, hielo de pl\u00e1tano y hielo de pi\u00f1a, siempre hay un sabor que se adapta a su gusto.<br \/>\nNo requiere botones ni configuraciones complicadas; simplemente disfruta del dispositivo nada m\u00e1s abrirlo. Su tama\u00f1o compacto lo hace f\u00e1cil de guardar en cualquier bolsillo para mayor comodidad en cualquier lugar.<\/p>\n<p>&nbsp;<\/p>\n<h3 style=\"text-align: left\">Caracter\u00edsticas principales<\/h3>\n<ul>\n<li style=\"text-align: left\">Sal de nicotina 5%<\/li>\n<li style=\"text-align: left\">interruptor neum\u00e1tico<\/li>\n<li style=\"text-align: left\">Bater\u00eda integrada de 1500 mAh.<\/li>\n<li style=\"text-align: left\">Contiene 7,0 ml de e-l\u00edquido.<\/li>\n<li style=\"text-align: left\">Tama\u00f1o peque\u00f1o<\/li>\n<li style=\"text-align: left\">F\u00e1cil de llevar<\/li>\n<li style=\"text-align: left\">F\u00e1cil de usar<\/li>\n<li style=\"text-align: left\">gran sabor<\/li>\n<\/ul>","protected":false},"excerpt":{"rendered":"<h3>Especificaciones del producto<\/h3>\n<table>\n<tbody>\n<tr>\n<th style=\"text-align: left\">Tipo de producto<\/th>\n<td style=\"text-align: left\">Vape desechable<\/td>\n<\/tr>\n<tr>\n<th style=\"text-align: left\">Opciones de color<\/th>\n<td style=\"text-align: left\">Verde<\/td>\n<\/tr>\n<tr>\n<th style=\"text-align: left\">Tama\u00f1o<\/th>\n<td style=\"text-align: left\">134*19 mm<\/td>\n<\/tr>\n<tr>\n<th style=\"text-align: left\">Serpent\u00edn de calentamiento<\/th>\n<td style=\"text-align: left\">Bobina de malla de 1,8 \u03a9<\/td>\n<\/tr>\n<tr>\n<th style=\"text-align: left\">Soplo<\/th>\n<td style=\"text-align: left\">Hasta 2000 bocanadas<\/td>\n<\/tr>\n<tr>\n<th style=\"text-align: left\">Bater\u00eda<\/th>\n<td style=\"text-align: left\">1500 mAh recargable<\/td>\n<\/tr>\n<tr>\n<th style=\"text-align: left\">Eliquid precargado<\/th>\n<td style=\"text-align: left\">7,0 ml<\/td>\n<\/tr>\n<tr>\n<th style=\"text-align: left\">Sabor<\/th>\n<td style=\"text-align: left\">Menta<\/td>\n<\/tr>\n<\/tbody>\n<\/table>","protected":false},"featured_media":10307,"comment_status":"closed","ping_status":"closed","template":"","meta":[],"product_brand":[],"product_cat":[54,47],"product_tag":[],"class_list":{"0":"post-10298","1":"product","2":"type-product","3":"status-publish","4":"has-post-thumbnail","6":"product_cat-chargeable-disposable-vapes","7":"product_cat-disposable-vapes","9":"first","10":"instock","11":"shipping-taxable","12":"product-type-simple"},"yoast_head":"<!-- This site is optimized with the Yoast SEO plugin v26.9 - https:\/\/yoast.com\/product\/yoast-seo-wordpress\/ -->\n<title>2000 Puffs Disposable Vape E-Cig Cool Mint Flavor 1500mAh<\/title>\n<meta name=\"description\" content=\"2000 Puffs Disposable Vape E-Cig Cool Mint Flavor 1500mAh 5% Nicotine Salt Strength Pneumatic switch Small size easy to carry\" \/>\n<meta name=\"robots\" content=\"index, follow, max-snippet:-1, max-image-preview:large, max-video-preview:-1\" \/>\n<link rel=\"canonical\" href=\"https:\/\/amxim.com\/es\/product\/cigarrillo-electronico-desechable-de-2000-bocanadas-con-sabor-a-menta-fresca-1500-mah\/\" \/>\n<meta property=\"og:locale\" content=\"es_ES\" \/>\n<meta property=\"og:type\" content=\"article\" \/>\n<meta property=\"og:title\" content=\"2000 Puffs Disposable Vape E-Cig Cool Mint Flavor 1500mAh\" \/>\n<meta property=\"og:description\" content=\"2000 Puffs Disposable Vape E-Cig Cool Mint Flavor 1500mAh 5% Nicotine Salt Strength Pneumatic switch Small size easy to carry\" \/>\n<meta property=\"og:url\" content=\"https:\/\/amxim.com\/es\/product\/cigarrillo-electronico-desechable-de-2000-bocanadas-con-sabor-a-menta-fresca-1500-mah\/\" \/>\n<meta property=\"og:site_name\" content=\"AMXIM\" \/>\n<meta property=\"article:modified_time\" content=\"2025-04-02T01:38:02+00:00\" \/>\n<meta property=\"og:image\" content=\"https:\/\/amxim.com\/wp-content\/uploads\/2025\/03\/2000-Puffs-Disposable-Vape-E-Cig-Cool-Mint-Flavor-1500mAh-1.webp\" \/>\n\t<meta property=\"og:image:width\" content=\"1000\" \/>\n\t<meta property=\"og:image:height\" content=\"1000\" \/>\n\t<meta property=\"og:image:type\" content=\"image\/webp\" \/>\n<meta name=\"twitter:card\" content=\"summary_large_image\" \/>\n<meta name=\"twitter:label1\" content=\"Tiempo de lectura\" \/>\n\t<meta name=\"twitter:data1\" content=\"1 minuto\" \/>\n<script type=\"application\/ld+json\" class=\"yoast-schema-graph\">{\"@context\":\"https:\/\/schema.org\",\"@graph\":[{\"@type\":\"WebPage\",\"@id\":\"https:\/\/amxim.com\/product\/2000-puffs-disposable-vape-e-cig-cool-mint-flavor-1500mah\/\",\"url\":\"https:\/\/amxim.com\/product\/2000-puffs-disposable-vape-e-cig-cool-mint-flavor-1500mah\/\",\"name\":\"2000 Puffs Disposable Vape E-Cig Cool Mint Flavor 1500mAh\",\"isPartOf\":{\"@id\":\"https:\/\/amxim.com\/#website\"},\"primaryImageOfPage\":{\"@id\":\"https:\/\/amxim.com\/product\/2000-puffs-disposable-vape-e-cig-cool-mint-flavor-1500mah\/#primaryimage\"},\"image\":{\"@id\":\"https:\/\/amxim.com\/product\/2000-puffs-disposable-vape-e-cig-cool-mint-flavor-1500mah\/#primaryimage\"},\"thumbnailUrl\":\"https:\/\/amxim.com\/wp-content\/uploads\/2025\/03\/2000-Puffs-Disposable-Vape-E-Cig-Cool-Mint-Flavor-1500mAh-1.webp\",\"datePublished\":\"2025-03-26T09:09:19+00:00\",\"dateModified\":\"2025-04-02T01:38:02+00:00\",\"description\":\"2000 Puffs Disposable Vape E-Cig Cool Mint Flavor 1500mAh 5% Nicotine Salt Strength Pneumatic switch Small size easy to carry\",\"breadcrumb\":{\"@id\":\"https:\/\/amxim.com\/product\/2000-puffs-disposable-vape-e-cig-cool-mint-flavor-1500mah\/#breadcrumb\"},\"inLanguage\":\"es\",\"potentialAction\":[{\"@type\":\"ReadAction\",\"target\":[\"https:\/\/amxim.com\/product\/2000-puffs-disposable-vape-e-cig-cool-mint-flavor-1500mah\/\"]}]},{\"@type\":\"ImageObject\",\"inLanguage\":\"es\",\"@id\":\"https:\/\/amxim.com\/product\/2000-puffs-disposable-vape-e-cig-cool-mint-flavor-1500mah\/#primaryimage\",\"url\":\"https:\/\/amxim.com\/wp-content\/uploads\/2025\/03\/2000-Puffs-Disposable-Vape-E-Cig-Cool-Mint-Flavor-1500mAh-1.webp\",\"contentUrl\":\"https:\/\/amxim.com\/wp-content\/uploads\/2025\/03\/2000-Puffs-Disposable-Vape-E-Cig-Cool-Mint-Flavor-1500mAh-1.webp\",\"width\":1000,\"height\":1000,\"caption\":\"2000 Puffs Disposable Vape E-Cig Cool Mint Flavor 1500mAh\"},{\"@type\":\"BreadcrumbList\",\"@id\":\"https:\/\/amxim.com\/product\/2000-puffs-disposable-vape-e-cig-cool-mint-flavor-1500mah\/#breadcrumb\",\"itemListElement\":[{\"@type\":\"ListItem\",\"position\":1,\"name\":\"Home\",\"item\":\"https:\/\/amxim.com\/en\/\"},{\"@type\":\"ListItem\",\"position\":2,\"name\":\"Products\",\"item\":\"https:\/\/amxim.com\/de\/products\/\"},{\"@type\":\"ListItem\",\"position\":3,\"name\":\"2000 Puffs Disposable Vape E-Cig Cool Mint Flavor 1500mAh\"}]},{\"@type\":\"WebSite\",\"@id\":\"https:\/\/amxim.com\/#website\",\"url\":\"https:\/\/amxim.com\/\",\"name\":\"AMXIM\",\"description\":\"AMXIM-OEM ODM Vape Manufacturer\",\"publisher\":{\"@id\":\"https:\/\/amxim.com\/#organization\"},\"potentialAction\":[{\"@type\":\"SearchAction\",\"target\":{\"@type\":\"EntryPoint\",\"urlTemplate\":\"https:\/\/amxim.com\/?s={search_term_string}\"},\"query-input\":{\"@type\":\"PropertyValueSpecification\",\"valueRequired\":true,\"valueName\":\"search_term_string\"}}],\"inLanguage\":\"es\"},{\"@type\":\"Organization\",\"@id\":\"https:\/\/amxim.com\/#organization\",\"name\":\"AMXIM\",\"url\":\"https:\/\/amxim.com\/\",\"logo\":{\"@type\":\"ImageObject\",\"inLanguage\":\"es\",\"@id\":\"https:\/\/amxim.com\/#\/schema\/logo\/image\/\",\"url\":\"https:\/\/amxim.com\/wp-content\/uploads\/2025\/03\/cropped-AMXIM-fav.webp\",\"contentUrl\":\"https:\/\/amxim.com\/wp-content\/uploads\/2025\/03\/cropped-AMXIM-fav.webp\",\"width\":512,\"height\":512,\"caption\":\"AMXIM\"},\"image\":{\"@id\":\"https:\/\/amxim.com\/#\/schema\/logo\/image\/\"}}]}<\/script>\n<!-- \/ Yoast SEO plugin. -->","yoast_head_json":{"title":"Cigarrillo electr\u00f3nico desechable de 2000 inhalaciones con sabor a menta fresca, 1500 mAh","description":"Cigarrillo electr\u00f3nico desechable Vape de 2000 bocanadas con sabor a menta fresca, 1500 mAh, potencia de sal de nicotina 5%, interruptor neum\u00e1tico, tama\u00f1o peque\u00f1o, f\u00e1cil de transportar.","robots":{"index":"index","follow":"follow","max-snippet":"max-snippet:-1","max-image-preview":"max-image-preview:large","max-video-preview":"max-video-preview:-1"},"canonical":"https:\/\/amxim.com\/es\/product\/cigarrillo-electronico-desechable-de-2000-bocanadas-con-sabor-a-menta-fresca-1500-mah\/","og_locale":"es_ES","og_type":"article","og_title":"2000 Puffs Disposable Vape E-Cig Cool Mint Flavor 1500mAh","og_description":"2000 Puffs Disposable Vape E-Cig Cool Mint Flavor 1500mAh 5% Nicotine Salt Strength Pneumatic switch Small size easy to carry","og_url":"https:\/\/amxim.com\/es\/product\/cigarrillo-electronico-desechable-de-2000-bocanadas-con-sabor-a-menta-fresca-1500-mah\/","og_site_name":"AMXIM","article_modified_time":"2025-04-02T01:38:02+00:00","og_image":[{"width":1000,"height":1000,"url":"https:\/\/amxim.com\/wp-content\/uploads\/2025\/03\/2000-Puffs-Disposable-Vape-E-Cig-Cool-Mint-Flavor-1500mAh-1.webp","type":"image\/webp"}],"twitter_card":"summary_large_image","twitter_misc":{"Tiempo de lectura":"1 minuto"},"schema":{"@context":"https:\/\/schema.org","@graph":[{"@type":"WebPage","@id":"https:\/\/amxim.com\/product\/2000-puffs-disposable-vape-e-cig-cool-mint-flavor-1500mah\/","url":"https:\/\/amxim.com\/product\/2000-puffs-disposable-vape-e-cig-cool-mint-flavor-1500mah\/","name":"Cigarrillo electr\u00f3nico desechable de 2000 inhalaciones con sabor a menta fresca, 1500 mAh","isPartOf":{"@id":"https:\/\/amxim.com\/#website"},"primaryImageOfPage":{"@id":"https:\/\/amxim.com\/product\/2000-puffs-disposable-vape-e-cig-cool-mint-flavor-1500mah\/#primaryimage"},"image":{"@id":"https:\/\/amxim.com\/product\/2000-puffs-disposable-vape-e-cig-cool-mint-flavor-1500mah\/#primaryimage"},"thumbnailUrl":"https:\/\/amxim.com\/wp-content\/uploads\/2025\/03\/2000-Puffs-Disposable-Vape-E-Cig-Cool-Mint-Flavor-1500mAh-1.webp","datePublished":"2025-03-26T09:09:19+00:00","dateModified":"2025-04-02T01:38:02+00:00","description":"Cigarrillo electr\u00f3nico desechable Vape de 2000 bocanadas con sabor a menta fresca, 1500 mAh, potencia de sal de nicotina 5%, interruptor neum\u00e1tico, tama\u00f1o peque\u00f1o, f\u00e1cil de transportar.","breadcrumb":{"@id":"https:\/\/amxim.com\/product\/2000-puffs-disposable-vape-e-cig-cool-mint-flavor-1500mah\/#breadcrumb"},"inLanguage":"es","potentialAction":[{"@type":"ReadAction","target":["https:\/\/amxim.com\/product\/2000-puffs-disposable-vape-e-cig-cool-mint-flavor-1500mah\/"]}]},{"@type":"ImageObject","inLanguage":"es","@id":"https:\/\/amxim.com\/product\/2000-puffs-disposable-vape-e-cig-cool-mint-flavor-1500mah\/#primaryimage","url":"https:\/\/amxim.com\/wp-content\/uploads\/2025\/03\/2000-Puffs-Disposable-Vape-E-Cig-Cool-Mint-Flavor-1500mAh-1.webp","contentUrl":"https:\/\/amxim.com\/wp-content\/uploads\/2025\/03\/2000-Puffs-Disposable-Vape-E-Cig-Cool-Mint-Flavor-1500mAh-1.webp","width":1000,"height":1000,"caption":"2000 Puffs Disposable Vape E-Cig Cool Mint Flavor 1500mAh"},{"@type":"BreadcrumbList","@id":"https:\/\/amxim.com\/product\/2000-puffs-disposable-vape-e-cig-cool-mint-flavor-1500mah\/#breadcrumb","itemListElement":[{"@type":"ListItem","position":1,"name":"Home","item":"https:\/\/amxim.com\/en\/"},{"@type":"ListItem","position":2,"name":"Products","item":"https:\/\/amxim.com\/de\/products\/"},{"@type":"ListItem","position":3,"name":"2000 Puffs Disposable Vape E-Cig Cool Mint Flavor 1500mAh"}]},{"@type":"WebSite","@id":"https:\/\/amxim.com\/#website","url":"https:\/\/amxim.com\/","name":"AMXIM","description":"Fabricante de vaporizadores AMXIM-OEM ODM","publisher":{"@id":"https:\/\/amxim.com\/#organization"},"potentialAction":[{"@type":"SearchAction","target":{"@type":"EntryPoint","urlTemplate":"https:\/\/amxim.com\/?s={search_term_string}"},"query-input":{"@type":"PropertyValueSpecification","valueRequired":true,"valueName":"search_term_string"}}],"inLanguage":"es"},{"@type":"Organization","@id":"https:\/\/amxim.com\/#organization","name":"AMXIM","url":"https:\/\/amxim.com\/","logo":{"@type":"ImageObject","inLanguage":"es","@id":"https:\/\/amxim.com\/#\/schema\/logo\/image\/","url":"https:\/\/amxim.com\/wp-content\/uploads\/2025\/03\/cropped-AMXIM-fav.webp","contentUrl":"https:\/\/amxim.com\/wp-content\/uploads\/2025\/03\/cropped-AMXIM-fav.webp","width":512,"height":512,"caption":"AMXIM"},"image":{"@id":"https:\/\/amxim.com\/#\/schema\/logo\/image\/"}}]}},"_links":{"self":[{"href":"https:\/\/amxim.com\/es\/wp-json\/wp\/v2\/product\/10298","targetHints":{"allow":["GET"]}}],"collection":[{"href":"https:\/\/amxim.com\/es\/wp-json\/wp\/v2\/product"}],"about":[{"href":"https:\/\/amxim.com\/es\/wp-json\/wp\/v2\/types\/product"}],"replies":[{"embeddable":true,"href":"https:\/\/amxim.com\/es\/wp-json\/wp\/v2\/comments?post=10298"}],"version-history":[{"count":1,"href":"https:\/\/amxim.com\/es\/wp-json\/wp\/v2\/product\/10298\/revisions"}],"predecessor-version":[{"id":11334,"href":"https:\/\/amxim.com\/es\/wp-json\/wp\/v2\/product\/10298\/revisions\/11334"}],"wp:featuredmedia":[{"embeddable":true,"href":"https:\/\/amxim.com\/es\/wp-json\/wp\/v2\/media\/10307"}],"wp:attachment":[{"href":"https:\/\/amxim.com\/es\/wp-json\/wp\/v2\/media?parent=10298"}],"wp:term":[{"taxonomy":"product_brand","embeddable":true,"href":"https:\/\/amxim.com\/es\/wp-json\/wp\/v2\/product_brand?post=10298"},{"taxonomy":"product_cat","embeddable":true,"href":"https:\/\/amxim.com\/es\/wp-json\/wp\/v2\/product_cat?post=10298"},{"taxonomy":"product_tag","embeddable":true,"href":"https:\/\/amxim.com\/es\/wp-json\/wp\/v2\/product_tag?post=10298"}],"curies":[{"name":"gracias","href":"https:\/\/api.w.org\/{rel}","templated":true}]}}