{"id":10303,"date":"2025-03-26T09:18:49","date_gmt":"2025-03-26T09:18:49","guid":{"rendered":"https:\/\/amxim.com\/?post_type=product&#038;p=10303"},"modified":"2025-07-15T01:20:48","modified_gmt":"2025-07-15T01:20:48","slug":"dispositivo-de-vapeo-desechable-tipo-boligrafo-12-w-7-ml-1500-mah","status":"publish","type":"product","link":"https:\/\/amxim.com\/es\/product\/dispositivo-de-vapeo-desechable-tipo-boligrafo-12-w-7-ml-1500-mah\/","title":{"rendered":"Dispositivo desechable para vapear, 12 W, 7 ml, 1500 mAh"},"content":{"rendered":"<h2 style=\"text-align: left\">Dispositivo desechable para vapear, 12 W, 7 ml, 1500 mAh<\/h2>\n<p style=\"text-align: left\">El dise\u00f1o original bien elaborado, combinado con una producci\u00f3n de nivel experto y un impresionante nivel de precisi\u00f3n en la replicaci\u00f3n, hacen de este cigarrillo electr\u00f3nico desechable una mezcla perfecta de sabor afrutado y sal de nicotina.<br \/>\nEste cigarrillo electr\u00f3nico desechable cuenta con un dise\u00f1o port\u00e1til y compacto. Equipado con una potente bater\u00eda integrada de 1500 mAh y 7 ml de l\u00edquido precargado, ofrece unas 200 caladas. Con una concentraci\u00f3n de nicotina de 50 mg, promete una experiencia de vapeo excepcional. Cada cigarrillo electr\u00f3nico desechable se presenta como un solo dispositivo y ofrece una calada suave de boca a pulm\u00f3n para una comodidad \u00f3ptima.<br \/>\nDisponible en una variedad de sabores tentadores, hay una opci\u00f3n perfecta para cada preferencia, que incluye menta, hielo exuberante, hielo de ar\u00e1ndano, hielo de lichi, bayas mixtas, hielo de mango, hielo de fresa, hielo de uva, hielo de pl\u00e1tano y hielo de pi\u00f1a.<\/p>\n<p>&nbsp;<\/p>\n<h3 style=\"text-align: left\">Caracter\u00edsticas principales<\/h3>\n<ul>\n<li style=\"text-align: left\">interruptor neum\u00e1tico<\/li>\n<li style=\"text-align: left\">Bater\u00eda integrada de 1500 mAh<\/li>\n<li style=\"text-align: left\">Contiene 7,0 ml de e-l\u00edquido.<\/li>\n<li style=\"text-align: left\">Tama\u00f1o peque\u00f1o<\/li>\n<li style=\"text-align: left\">F\u00e1cil de llevar<\/li>\n<li style=\"text-align: left\">F\u00e1cil de usar<\/li>\n<li style=\"text-align: left\">gran sabor<\/li>\n<\/ul>","protected":false},"excerpt":{"rendered":"<h3>Especificaciones del producto<\/h3>\n<table>\n<tbody>\n<tr>\n<th style=\"text-align: left\">Tipo de producto<\/th>\n<td style=\"text-align: left\">Vape desechable<\/td>\n<\/tr>\n<tr>\n<th style=\"text-align: left\">Opciones de color<\/th>\n<td style=\"text-align: left\">Azul<\/td>\n<\/tr>\n<tr>\n<th style=\"text-align: left\">Tama\u00f1o<\/th>\n<td style=\"text-align: left\">134*19 mm<\/td>\n<\/tr>\n<tr>\n<th style=\"text-align: left\">Material<\/th>\n<td style=\"text-align: left\">PC + acero inoxidable<\/td>\n<\/tr>\n<tr>\n<th style=\"text-align: left\">Serpent\u00edn de calentamiento<\/th>\n<td style=\"text-align: left\">Bobina de malla de 1,6 \u03a9<\/td>\n<\/tr>\n<tr>\n<th style=\"text-align: left\">Soplo<\/th>\n<td style=\"text-align: left\">Hasta 2000 bocanadas<\/td>\n<\/tr>\n<tr>\n<th style=\"text-align: left\">Bater\u00eda<\/th>\n<td style=\"text-align: left\">1500 mAh recargable<\/td>\n<\/tr>\n<tr>\n<th style=\"text-align: left\">Eliquid precargado<\/th>\n<td style=\"text-align: left\">7,0 ml<\/td>\n<\/tr>\n<tr>\n<th style=\"text-align: left\">Potencia (w)<\/th>\n<td style=\"text-align: left\">7W-12W<\/td>\n<\/tr>\n<tr>\n<th style=\"text-align: left\">OEM\/ODM<\/th>\n<td style=\"text-align: left\">Muy bienvenido, disponible, s\u00ed<\/td>\n<\/tr>\n<tr>\n<th style=\"text-align: left\">Destacar<\/th>\n<td style=\"text-align: left\">Vape desechable de 12 W<\/td>\n<\/tr>\n<tr>\n<th style=\"text-align: left\">Sabor<\/th>\n<td style=\"text-align: left\">Helado de ar\u00e1ndanos<\/td>\n<\/tr>\n<\/tbody>\n<\/table>","protected":false},"featured_media":10334,"comment_status":"closed","ping_status":"closed","template":"","meta":[],"product_brand":[],"product_cat":[54,47,50],"product_tag":[],"class_list":{"0":"post-10303","1":"product","2":"type-product","3":"status-publish","4":"has-post-thumbnail","6":"product_cat-chargeable-disposable-vapes","7":"product_cat-disposable-vapes","8":"product_cat-pod-systems","10":"first","11":"instock","12":"shipping-taxable","13":"product-type-simple"},"yoast_head":"<!-- This site is optimized with the Yoast SEO plugin v26.9 - https:\/\/yoast.com\/product\/yoast-seo-wordpress\/ -->\n<title>Disposable Vape Stick Pen Pod Device 12W 7.0ml 1500mAh<\/title>\n<meta name=\"description\" content=\"Disposable Vape Stick Pen Pod Device 12W 7.0ml 1500mAh Pneumatic switch Integrated 1500mAh Battery Contains 7.0ml of ejuice\" \/>\n<meta name=\"robots\" content=\"index, follow, max-snippet:-1, max-image-preview:large, max-video-preview:-1\" \/>\n<link rel=\"canonical\" href=\"https:\/\/amxim.com\/es\/product\/dispositivo-de-vapeo-desechable-tipo-boligrafo-12-w-7-ml-1500-mah\/\" \/>\n<meta property=\"og:locale\" content=\"es_ES\" \/>\n<meta property=\"og:type\" content=\"article\" \/>\n<meta property=\"og:title\" content=\"Disposable Vape Stick Pen Pod Device 12W 7.0ml 1500mAh\" \/>\n<meta property=\"og:description\" content=\"Disposable Vape Stick Pen Pod Device 12W 7.0ml 1500mAh Pneumatic switch Integrated 1500mAh Battery Contains 7.0ml of ejuice\" \/>\n<meta property=\"og:url\" content=\"https:\/\/amxim.com\/es\/product\/dispositivo-de-vapeo-desechable-tipo-boligrafo-12-w-7-ml-1500-mah\/\" \/>\n<meta property=\"og:site_name\" content=\"AMXIM\" \/>\n<meta property=\"article:modified_time\" content=\"2025-07-15T01:20:48+00:00\" \/>\n<meta property=\"og:image\" content=\"https:\/\/amxim.com\/wp-content\/uploads\/2025\/03\/Disposable-Vape-Stick-Pen-Pod-Device-12W-7.0ml-1500mAh-1.webp\" \/>\n\t<meta property=\"og:image:width\" content=\"1000\" \/>\n\t<meta property=\"og:image:height\" content=\"1000\" \/>\n\t<meta property=\"og:image:type\" content=\"image\/webp\" \/>\n<meta name=\"twitter:card\" content=\"summary_large_image\" \/>\n<meta name=\"twitter:label1\" content=\"Tiempo de lectura\" \/>\n\t<meta name=\"twitter:data1\" content=\"1 minuto\" \/>\n<script type=\"application\/ld+json\" class=\"yoast-schema-graph\">{\"@context\":\"https:\/\/schema.org\",\"@graph\":[{\"@type\":\"WebPage\",\"@id\":\"https:\/\/amxim.com\/product\/disposable-vape-stick-pen-pod-device-12w-7-0ml-1500mah\/\",\"url\":\"https:\/\/amxim.com\/product\/disposable-vape-stick-pen-pod-device-12w-7-0ml-1500mah\/\",\"name\":\"Disposable Vape Stick Pen Pod Device 12W 7.0ml 1500mAh\",\"isPartOf\":{\"@id\":\"https:\/\/amxim.com\/#website\"},\"primaryImageOfPage\":{\"@id\":\"https:\/\/amxim.com\/product\/disposable-vape-stick-pen-pod-device-12w-7-0ml-1500mah\/#primaryimage\"},\"image\":{\"@id\":\"https:\/\/amxim.com\/product\/disposable-vape-stick-pen-pod-device-12w-7-0ml-1500mah\/#primaryimage\"},\"thumbnailUrl\":\"https:\/\/amxim.com\/wp-content\/uploads\/2025\/03\/Disposable-Vape-Stick-Pen-Pod-Device-12W-7.0ml-1500mAh-1.webp\",\"datePublished\":\"2025-03-26T09:18:49+00:00\",\"dateModified\":\"2025-07-15T01:20:48+00:00\",\"description\":\"Disposable Vape Stick Pen Pod Device 12W 7.0ml 1500mAh Pneumatic switch Integrated 1500mAh Battery Contains 7.0ml of ejuice\",\"breadcrumb\":{\"@id\":\"https:\/\/amxim.com\/product\/disposable-vape-stick-pen-pod-device-12w-7-0ml-1500mah\/#breadcrumb\"},\"inLanguage\":\"es\",\"potentialAction\":[{\"@type\":\"ReadAction\",\"target\":[\"https:\/\/amxim.com\/product\/disposable-vape-stick-pen-pod-device-12w-7-0ml-1500mah\/\"]}]},{\"@type\":\"ImageObject\",\"inLanguage\":\"es\",\"@id\":\"https:\/\/amxim.com\/product\/disposable-vape-stick-pen-pod-device-12w-7-0ml-1500mah\/#primaryimage\",\"url\":\"https:\/\/amxim.com\/wp-content\/uploads\/2025\/03\/Disposable-Vape-Stick-Pen-Pod-Device-12W-7.0ml-1500mAh-1.webp\",\"contentUrl\":\"https:\/\/amxim.com\/wp-content\/uploads\/2025\/03\/Disposable-Vape-Stick-Pen-Pod-Device-12W-7.0ml-1500mAh-1.webp\",\"width\":1000,\"height\":1000,\"caption\":\"Disposable Vape Stick Pen Pod Device 12W 7.0ml 1500mAh\"},{\"@type\":\"BreadcrumbList\",\"@id\":\"https:\/\/amxim.com\/product\/disposable-vape-stick-pen-pod-device-12w-7-0ml-1500mah\/#breadcrumb\",\"itemListElement\":[{\"@type\":\"ListItem\",\"position\":1,\"name\":\"Home\",\"item\":\"https:\/\/amxim.com\/en\/\"},{\"@type\":\"ListItem\",\"position\":2,\"name\":\"Products\",\"item\":\"https:\/\/amxim.com\/de\/products\/\"},{\"@type\":\"ListItem\",\"position\":3,\"name\":\"Disposable Vape Stick Pen Pod Device 12W 7.0ml 1500mAh\"}]},{\"@type\":\"WebSite\",\"@id\":\"https:\/\/amxim.com\/#website\",\"url\":\"https:\/\/amxim.com\/\",\"name\":\"AMXIM\",\"description\":\"AMXIM-OEM ODM Vape Manufacturer\",\"publisher\":{\"@id\":\"https:\/\/amxim.com\/#organization\"},\"potentialAction\":[{\"@type\":\"SearchAction\",\"target\":{\"@type\":\"EntryPoint\",\"urlTemplate\":\"https:\/\/amxim.com\/?s={search_term_string}\"},\"query-input\":{\"@type\":\"PropertyValueSpecification\",\"valueRequired\":true,\"valueName\":\"search_term_string\"}}],\"inLanguage\":\"es\"},{\"@type\":\"Organization\",\"@id\":\"https:\/\/amxim.com\/#organization\",\"name\":\"AMXIM\",\"url\":\"https:\/\/amxim.com\/\",\"logo\":{\"@type\":\"ImageObject\",\"inLanguage\":\"es\",\"@id\":\"https:\/\/amxim.com\/#\/schema\/logo\/image\/\",\"url\":\"https:\/\/amxim.com\/wp-content\/uploads\/2025\/03\/cropped-AMXIM-fav.webp\",\"contentUrl\":\"https:\/\/amxim.com\/wp-content\/uploads\/2025\/03\/cropped-AMXIM-fav.webp\",\"width\":512,\"height\":512,\"caption\":\"AMXIM\"},\"image\":{\"@id\":\"https:\/\/amxim.com\/#\/schema\/logo\/image\/\"}}]}<\/script>\n<!-- \/ Yoast SEO plugin. -->","yoast_head_json":{"title":"Dispositivo desechable para vapear, 12 W, 7 ml, 1500 mAh","description":"Dispositivo desechable Vape Stick Pen Pod 12W 7.0ml 1500mAh Interruptor neum\u00e1tico Bater\u00eda integrada de 1500mAh Contiene 7.0ml de e-l\u00edquido","robots":{"index":"index","follow":"follow","max-snippet":"max-snippet:-1","max-image-preview":"max-image-preview:large","max-video-preview":"max-video-preview:-1"},"canonical":"https:\/\/amxim.com\/es\/product\/dispositivo-de-vapeo-desechable-tipo-boligrafo-12-w-7-ml-1500-mah\/","og_locale":"es_ES","og_type":"article","og_title":"Disposable Vape Stick Pen Pod Device 12W 7.0ml 1500mAh","og_description":"Disposable Vape Stick Pen Pod Device 12W 7.0ml 1500mAh Pneumatic switch Integrated 1500mAh Battery Contains 7.0ml of ejuice","og_url":"https:\/\/amxim.com\/es\/product\/dispositivo-de-vapeo-desechable-tipo-boligrafo-12-w-7-ml-1500-mah\/","og_site_name":"AMXIM","article_modified_time":"2025-07-15T01:20:48+00:00","og_image":[{"width":1000,"height":1000,"url":"https:\/\/amxim.com\/wp-content\/uploads\/2025\/03\/Disposable-Vape-Stick-Pen-Pod-Device-12W-7.0ml-1500mAh-1.webp","type":"image\/webp"}],"twitter_card":"summary_large_image","twitter_misc":{"Tiempo de lectura":"1 minuto"},"schema":{"@context":"https:\/\/schema.org","@graph":[{"@type":"WebPage","@id":"https:\/\/amxim.com\/product\/disposable-vape-stick-pen-pod-device-12w-7-0ml-1500mah\/","url":"https:\/\/amxim.com\/product\/disposable-vape-stick-pen-pod-device-12w-7-0ml-1500mah\/","name":"Dispositivo desechable para vapear, 12 W, 7 ml, 1500 mAh","isPartOf":{"@id":"https:\/\/amxim.com\/#website"},"primaryImageOfPage":{"@id":"https:\/\/amxim.com\/product\/disposable-vape-stick-pen-pod-device-12w-7-0ml-1500mah\/#primaryimage"},"image":{"@id":"https:\/\/amxim.com\/product\/disposable-vape-stick-pen-pod-device-12w-7-0ml-1500mah\/#primaryimage"},"thumbnailUrl":"https:\/\/amxim.com\/wp-content\/uploads\/2025\/03\/Disposable-Vape-Stick-Pen-Pod-Device-12W-7.0ml-1500mAh-1.webp","datePublished":"2025-03-26T09:18:49+00:00","dateModified":"2025-07-15T01:20:48+00:00","description":"Dispositivo desechable Vape Stick Pen Pod 12W 7.0ml 1500mAh Interruptor neum\u00e1tico Bater\u00eda integrada de 1500mAh Contiene 7.0ml de e-l\u00edquido","breadcrumb":{"@id":"https:\/\/amxim.com\/product\/disposable-vape-stick-pen-pod-device-12w-7-0ml-1500mah\/#breadcrumb"},"inLanguage":"es","potentialAction":[{"@type":"ReadAction","target":["https:\/\/amxim.com\/product\/disposable-vape-stick-pen-pod-device-12w-7-0ml-1500mah\/"]}]},{"@type":"ImageObject","inLanguage":"es","@id":"https:\/\/amxim.com\/product\/disposable-vape-stick-pen-pod-device-12w-7-0ml-1500mah\/#primaryimage","url":"https:\/\/amxim.com\/wp-content\/uploads\/2025\/03\/Disposable-Vape-Stick-Pen-Pod-Device-12W-7.0ml-1500mAh-1.webp","contentUrl":"https:\/\/amxim.com\/wp-content\/uploads\/2025\/03\/Disposable-Vape-Stick-Pen-Pod-Device-12W-7.0ml-1500mAh-1.webp","width":1000,"height":1000,"caption":"Disposable Vape Stick Pen Pod Device 12W 7.0ml 1500mAh"},{"@type":"BreadcrumbList","@id":"https:\/\/amxim.com\/product\/disposable-vape-stick-pen-pod-device-12w-7-0ml-1500mah\/#breadcrumb","itemListElement":[{"@type":"ListItem","position":1,"name":"Home","item":"https:\/\/amxim.com\/en\/"},{"@type":"ListItem","position":2,"name":"Products","item":"https:\/\/amxim.com\/de\/products\/"},{"@type":"ListItem","position":3,"name":"Disposable Vape Stick Pen Pod Device 12W 7.0ml 1500mAh"}]},{"@type":"WebSite","@id":"https:\/\/amxim.com\/#website","url":"https:\/\/amxim.com\/","name":"AMXIM","description":"Fabricante de vaporizadores AMXIM-OEM ODM","publisher":{"@id":"https:\/\/amxim.com\/#organization"},"potentialAction":[{"@type":"SearchAction","target":{"@type":"EntryPoint","urlTemplate":"https:\/\/amxim.com\/?s={search_term_string}"},"query-input":{"@type":"PropertyValueSpecification","valueRequired":true,"valueName":"search_term_string"}}],"inLanguage":"es"},{"@type":"Organization","@id":"https:\/\/amxim.com\/#organization","name":"AMXIM","url":"https:\/\/amxim.com\/","logo":{"@type":"ImageObject","inLanguage":"es","@id":"https:\/\/amxim.com\/#\/schema\/logo\/image\/","url":"https:\/\/amxim.com\/wp-content\/uploads\/2025\/03\/cropped-AMXIM-fav.webp","contentUrl":"https:\/\/amxim.com\/wp-content\/uploads\/2025\/03\/cropped-AMXIM-fav.webp","width":512,"height":512,"caption":"AMXIM"},"image":{"@id":"https:\/\/amxim.com\/#\/schema\/logo\/image\/"}}]}},"_links":{"self":[{"href":"https:\/\/amxim.com\/es\/wp-json\/wp\/v2\/product\/10303","targetHints":{"allow":["GET"]}}],"collection":[{"href":"https:\/\/amxim.com\/es\/wp-json\/wp\/v2\/product"}],"about":[{"href":"https:\/\/amxim.com\/es\/wp-json\/wp\/v2\/types\/product"}],"replies":[{"embeddable":true,"href":"https:\/\/amxim.com\/es\/wp-json\/wp\/v2\/comments?post=10303"}],"version-history":[{"count":3,"href":"https:\/\/amxim.com\/es\/wp-json\/wp\/v2\/product\/10303\/revisions"}],"predecessor-version":[{"id":12793,"href":"https:\/\/amxim.com\/es\/wp-json\/wp\/v2\/product\/10303\/revisions\/12793"}],"wp:featuredmedia":[{"embeddable":true,"href":"https:\/\/amxim.com\/es\/wp-json\/wp\/v2\/media\/10334"}],"wp:attachment":[{"href":"https:\/\/amxim.com\/es\/wp-json\/wp\/v2\/media?parent=10303"}],"wp:term":[{"taxonomy":"product_brand","embeddable":true,"href":"https:\/\/amxim.com\/es\/wp-json\/wp\/v2\/product_brand?post=10303"},{"taxonomy":"product_cat","embeddable":true,"href":"https:\/\/amxim.com\/es\/wp-json\/wp\/v2\/product_cat?post=10303"},{"taxonomy":"product_tag","embeddable":true,"href":"https:\/\/amxim.com\/es\/wp-json\/wp\/v2\/product_tag?post=10303"}],"curies":[{"name":"gracias","href":"https:\/\/api.w.org\/{rel}","templated":true}]}}