{"id":10433,"date":"2025-03-27T01:58:59","date_gmt":"2025-03-27T01:58:59","guid":{"rendered":"https:\/\/amxim.com\/?post_type=product&#038;p=10433"},"modified":"2026-02-04T02:40:46","modified_gmt":"2026-02-04T02:40:46","slug":"dispositivo-de-vapeo-desechable-con-sabor-a-limon-y-hielo-1200-mah","status":"publish","type":"product","link":"https:\/\/amxim.com\/es\/product\/dispositivo-de-vapeo-desechable-con-sabor-a-limon-y-hielo-1200-mah\/","title":{"rendered":"Dispositivo desechable para vapear Yellow Lemon Ice de 1200 mAh"},"content":{"rendered":"<h2 style=\"text-align: left\">Dispositivo desechable para vapear Yellow Lemon Ice de 1200 mAh<\/h2>\n<p style=\"text-align: left\">Todo lo que necesitas saber est\u00e1 en el nombre. Cuando termines con un vaporizador desechable, simplemente lo tiras. No hay que rellenarlo, cargarlo ni complicarlo. Existe una gran variedad de cigarrillos electr\u00f3nicos desechables en el mercado, y sus caracter\u00edsticas var\u00edan. Algunos tienen cartuchos de aceite recargables y bater\u00edas recargables, lo que los hace menos desechables que el resto. Ofrecen un poco menos de comodidad que los desechables, pero a la larga te ahorrar\u00e1n mucho dinero.<\/p>\n<p>&nbsp;<\/p>\n<h3 style=\"text-align: left\">Caracter\u00edsticas principales<\/h3>\n<ul>\n<li style=\"text-align: left\">S\u00faper conveniente<\/li>\n<li style=\"text-align: left\">Gran golpe de garganta<\/li>\n<li style=\"text-align: left\">Perfecto para exfumadores<\/li>\n<li style=\"text-align: left\">Buena mezcla de nicotina<\/li>\n<li style=\"text-align: left\">Excelentes sabores<\/li>\n<\/ul>\n<p>&nbsp;<\/p>\n<h2 style=\"text-align: left\">C\u00f3mo utilizar<\/h2>\n<li style=\"text-align: left\">1. Abra la caja de cart\u00f3n exterior y extraiga el contenido.<\/li>\n<li style=\"text-align: left\">2. Rasgue el embalaje de aluminio y extraiga el dispositivo desechable.<\/li>\n<li style=\"text-align: left\">3. Retire y deseche el tap\u00f3n de silicona y la etiqueta en la parte inferior del dispositivo.<\/li>\n<li style=\"text-align: left\">4. Active el vaporizador aspirando el extremo del pod: una luz LED se iluminar\u00e1 en la parte inferior del cigarrillo electr\u00f3nico.<\/li>\n<li style=\"text-align: left\">5. La luz LED parpadear\u00e1 cuando se agote; en este punto, deseche el dispositivo de forma segura.<\/li>\n<p>&nbsp;<\/p>","protected":false},"excerpt":{"rendered":"<h3>Especificaciones del producto<\/h3>\n<table>\n<tbody>\n<tr>\n<th style=\"text-align: left\">Tipo de producto<\/th>\n<td style=\"text-align: left\">Vape desechable<\/td>\n<\/tr>\n<tr>\n<th style=\"text-align: left\">Color<\/th>\n<td style=\"text-align: left\">Amarillo o OEM<\/td>\n<\/tr>\n<tr>\n<th style=\"text-align: left\">Tama\u00f1o<\/th>\n<td style=\"text-align: left\">118*19 mm<\/td>\n<\/tr>\n<tr>\n<th style=\"text-align: left\">Material<\/th>\n<td style=\"text-align: left\">PC + acero inoxidable<\/td>\n<\/tr>\n<tr>\n<th style=\"text-align: left\">Serpent\u00edn de calentamiento<\/th>\n<td style=\"text-align: left\">Bobina de malla de 1,6 \u03a9<\/td>\n<\/tr>\n<tr>\n<th style=\"text-align: left\">Soplo<\/th>\n<td style=\"text-align: left\">Hasta 1500 bocanadas<\/td>\n<\/tr>\n<tr>\n<th style=\"text-align: left\">Bater\u00eda<\/th>\n<td style=\"text-align: left\">1200 mAh recargable<\/td>\n<\/tr>\n<tr>\n<th style=\"text-align: left\">Eliquid precargado<\/th>\n<td style=\"text-align: left\">6,0 ml<\/td>\n<\/tr>\n<tr>\n<th style=\"text-align: left\">Sabor<\/th>\n<td style=\"text-align: left\">Hielo de lim\u00f3n<\/td>\n<\/tr>\n<tr>\n<th style=\"text-align: left\">Destacar<\/th>\n<td style=\"text-align: left\">Dispositivo desechable Lemon Ice de 1200 mAh, con certificaci\u00f3n ROHS, 1500 inhalaciones<\/td>\n<\/tr>\n<\/tbody>\n<\/table>","protected":false},"featured_media":10446,"comment_status":"closed","ping_status":"closed","template":"","meta":[],"product_brand":[],"product_cat":[54,47],"product_tag":[],"class_list":{"0":"post-10433","1":"product","2":"type-product","3":"status-publish","4":"has-post-thumbnail","6":"product_cat-chargeable-disposable-vapes","7":"product_cat-disposable-vapes","9":"first","10":"instock","11":"shipping-taxable","12":"product-type-simple"},"yoast_head":"<!-- This site is optimized with the Yoast SEO plugin v26.9 - https:\/\/yoast.com\/product\/yoast-seo-wordpress\/ -->\n<title>Yellow Lemon Ice Disposable Vape Pod Device 1200mAh<\/title>\n<meta name=\"description\" content=\"Yellow Lemon Ice Disposable Vape Pod Device 1200mAh Super-convenient Great throat hit Perfect for ex-smokers Good nicotine blend\" \/>\n<meta name=\"robots\" content=\"index, follow, max-snippet:-1, max-image-preview:large, max-video-preview:-1\" \/>\n<link rel=\"canonical\" href=\"https:\/\/amxim.com\/es\/product\/dispositivo-de-vapeo-desechable-con-sabor-a-limon-y-hielo-1200-mah\/\" \/>\n<meta property=\"og:locale\" content=\"es_ES\" \/>\n<meta property=\"og:type\" content=\"article\" \/>\n<meta property=\"og:title\" content=\"Yellow Lemon Ice Disposable Vape Pod Device 1200mAh\" \/>\n<meta property=\"og:description\" content=\"Yellow Lemon Ice Disposable Vape Pod Device 1200mAh Super-convenient Great throat hit Perfect for ex-smokers Good nicotine blend\" \/>\n<meta property=\"og:url\" content=\"https:\/\/amxim.com\/es\/product\/dispositivo-de-vapeo-desechable-con-sabor-a-limon-y-hielo-1200-mah\/\" \/>\n<meta property=\"og:site_name\" content=\"AMXIM\" \/>\n<meta property=\"article:modified_time\" content=\"2026-02-04T02:40:46+00:00\" \/>\n<meta property=\"og:image\" content=\"https:\/\/amxim.com\/wp-content\/uploads\/2025\/03\/Yellow-Lemon-Ice-Disposable-Vape-Pod-Device-1200mAh-1.webp\" \/>\n\t<meta property=\"og:image:width\" content=\"1000\" \/>\n\t<meta property=\"og:image:height\" content=\"1000\" \/>\n\t<meta property=\"og:image:type\" content=\"image\/webp\" \/>\n<meta name=\"twitter:card\" content=\"summary_large_image\" \/>\n<meta name=\"twitter:label1\" content=\"Tiempo de lectura\" \/>\n\t<meta name=\"twitter:data1\" content=\"1 minuto\" \/>\n<script type=\"application\/ld+json\" class=\"yoast-schema-graph\">{\"@context\":\"https:\/\/schema.org\",\"@graph\":[{\"@type\":\"WebPage\",\"@id\":\"https:\/\/amxim.com\/product\/yellow-lemon-ice-disposable-vape-pod-device-1200mah\/\",\"url\":\"https:\/\/amxim.com\/product\/yellow-lemon-ice-disposable-vape-pod-device-1200mah\/\",\"name\":\"Yellow Lemon Ice Disposable Vape Pod Device 1200mAh\",\"isPartOf\":{\"@id\":\"https:\/\/amxim.com\/#website\"},\"primaryImageOfPage\":{\"@id\":\"https:\/\/amxim.com\/product\/yellow-lemon-ice-disposable-vape-pod-device-1200mah\/#primaryimage\"},\"image\":{\"@id\":\"https:\/\/amxim.com\/product\/yellow-lemon-ice-disposable-vape-pod-device-1200mah\/#primaryimage\"},\"thumbnailUrl\":\"https:\/\/amxim.com\/wp-content\/uploads\/2025\/03\/Yellow-Lemon-Ice-Disposable-Vape-Pod-Device-1200mAh-1.webp\",\"datePublished\":\"2025-03-27T01:58:59+00:00\",\"dateModified\":\"2026-02-04T02:40:46+00:00\",\"description\":\"Yellow Lemon Ice Disposable Vape Pod Device 1200mAh Super-convenient Great throat hit Perfect for ex-smokers Good nicotine blend\",\"breadcrumb\":{\"@id\":\"https:\/\/amxim.com\/product\/yellow-lemon-ice-disposable-vape-pod-device-1200mah\/#breadcrumb\"},\"inLanguage\":\"es\",\"potentialAction\":[{\"@type\":\"ReadAction\",\"target\":[\"https:\/\/amxim.com\/product\/yellow-lemon-ice-disposable-vape-pod-device-1200mah\/\"]}]},{\"@type\":\"ImageObject\",\"inLanguage\":\"es\",\"@id\":\"https:\/\/amxim.com\/product\/yellow-lemon-ice-disposable-vape-pod-device-1200mah\/#primaryimage\",\"url\":\"https:\/\/amxim.com\/wp-content\/uploads\/2025\/03\/Yellow-Lemon-Ice-Disposable-Vape-Pod-Device-1200mAh-1.webp\",\"contentUrl\":\"https:\/\/amxim.com\/wp-content\/uploads\/2025\/03\/Yellow-Lemon-Ice-Disposable-Vape-Pod-Device-1200mAh-1.webp\",\"width\":1000,\"height\":1000,\"caption\":\"Yellow Lemon Ice Disposable Vape Pod Device 1200mAh\"},{\"@type\":\"BreadcrumbList\",\"@id\":\"https:\/\/amxim.com\/product\/yellow-lemon-ice-disposable-vape-pod-device-1200mah\/#breadcrumb\",\"itemListElement\":[{\"@type\":\"ListItem\",\"position\":1,\"name\":\"Home\",\"item\":\"https:\/\/amxim.com\/en\/\"},{\"@type\":\"ListItem\",\"position\":2,\"name\":\"Products\",\"item\":\"https:\/\/amxim.com\/de\/products\/\"},{\"@type\":\"ListItem\",\"position\":3,\"name\":\"Yellow Lemon Ice Disposable Vape Pod Device 1200mAh\"}]},{\"@type\":\"WebSite\",\"@id\":\"https:\/\/amxim.com\/#website\",\"url\":\"https:\/\/amxim.com\/\",\"name\":\"AMXIM\",\"description\":\"AMXIM-OEM ODM Vape Manufacturer\",\"publisher\":{\"@id\":\"https:\/\/amxim.com\/#organization\"},\"potentialAction\":[{\"@type\":\"SearchAction\",\"target\":{\"@type\":\"EntryPoint\",\"urlTemplate\":\"https:\/\/amxim.com\/?s={search_term_string}\"},\"query-input\":{\"@type\":\"PropertyValueSpecification\",\"valueRequired\":true,\"valueName\":\"search_term_string\"}}],\"inLanguage\":\"es\"},{\"@type\":\"Organization\",\"@id\":\"https:\/\/amxim.com\/#organization\",\"name\":\"AMXIM\",\"url\":\"https:\/\/amxim.com\/\",\"logo\":{\"@type\":\"ImageObject\",\"inLanguage\":\"es\",\"@id\":\"https:\/\/amxim.com\/#\/schema\/logo\/image\/\",\"url\":\"https:\/\/amxim.com\/wp-content\/uploads\/2025\/03\/cropped-AMXIM-fav.webp\",\"contentUrl\":\"https:\/\/amxim.com\/wp-content\/uploads\/2025\/03\/cropped-AMXIM-fav.webp\",\"width\":512,\"height\":512,\"caption\":\"AMXIM\"},\"image\":{\"@id\":\"https:\/\/amxim.com\/#\/schema\/logo\/image\/\"}}]}<\/script>\n<!-- \/ Yoast SEO plugin. -->","yoast_head_json":{"title":"Dispositivo desechable para vapear Yellow Lemon Ice de 1200 mAh","description":"Dispositivo de vapeo desechable Yellow Lemon Ice de 1200 mAh. S\u00faper pr\u00e1ctico. Gran golpe de garganta. Perfecto para exfumadores. Buena mezcla de nicotina.","robots":{"index":"index","follow":"follow","max-snippet":"max-snippet:-1","max-image-preview":"max-image-preview:large","max-video-preview":"max-video-preview:-1"},"canonical":"https:\/\/amxim.com\/es\/product\/dispositivo-de-vapeo-desechable-con-sabor-a-limon-y-hielo-1200-mah\/","og_locale":"es_ES","og_type":"article","og_title":"Yellow Lemon Ice Disposable Vape Pod Device 1200mAh","og_description":"Yellow Lemon Ice Disposable Vape Pod Device 1200mAh Super-convenient Great throat hit Perfect for ex-smokers Good nicotine blend","og_url":"https:\/\/amxim.com\/es\/product\/dispositivo-de-vapeo-desechable-con-sabor-a-limon-y-hielo-1200-mah\/","og_site_name":"AMXIM","article_modified_time":"2026-02-04T02:40:46+00:00","og_image":[{"width":1000,"height":1000,"url":"https:\/\/amxim.com\/wp-content\/uploads\/2025\/03\/Yellow-Lemon-Ice-Disposable-Vape-Pod-Device-1200mAh-1.webp","type":"image\/webp"}],"twitter_card":"summary_large_image","twitter_misc":{"Tiempo de lectura":"1 minuto"},"schema":{"@context":"https:\/\/schema.org","@graph":[{"@type":"WebPage","@id":"https:\/\/amxim.com\/product\/yellow-lemon-ice-disposable-vape-pod-device-1200mah\/","url":"https:\/\/amxim.com\/product\/yellow-lemon-ice-disposable-vape-pod-device-1200mah\/","name":"Dispositivo desechable para vapear Yellow Lemon Ice de 1200 mAh","isPartOf":{"@id":"https:\/\/amxim.com\/#website"},"primaryImageOfPage":{"@id":"https:\/\/amxim.com\/product\/yellow-lemon-ice-disposable-vape-pod-device-1200mah\/#primaryimage"},"image":{"@id":"https:\/\/amxim.com\/product\/yellow-lemon-ice-disposable-vape-pod-device-1200mah\/#primaryimage"},"thumbnailUrl":"https:\/\/amxim.com\/wp-content\/uploads\/2025\/03\/Yellow-Lemon-Ice-Disposable-Vape-Pod-Device-1200mAh-1.webp","datePublished":"2025-03-27T01:58:59+00:00","dateModified":"2026-02-04T02:40:46+00:00","description":"Dispositivo de vapeo desechable Yellow Lemon Ice de 1200 mAh. S\u00faper pr\u00e1ctico. Gran golpe de garganta. Perfecto para exfumadores. Buena mezcla de nicotina.","breadcrumb":{"@id":"https:\/\/amxim.com\/product\/yellow-lemon-ice-disposable-vape-pod-device-1200mah\/#breadcrumb"},"inLanguage":"es","potentialAction":[{"@type":"ReadAction","target":["https:\/\/amxim.com\/product\/yellow-lemon-ice-disposable-vape-pod-device-1200mah\/"]}]},{"@type":"ImageObject","inLanguage":"es","@id":"https:\/\/amxim.com\/product\/yellow-lemon-ice-disposable-vape-pod-device-1200mah\/#primaryimage","url":"https:\/\/amxim.com\/wp-content\/uploads\/2025\/03\/Yellow-Lemon-Ice-Disposable-Vape-Pod-Device-1200mAh-1.webp","contentUrl":"https:\/\/amxim.com\/wp-content\/uploads\/2025\/03\/Yellow-Lemon-Ice-Disposable-Vape-Pod-Device-1200mAh-1.webp","width":1000,"height":1000,"caption":"Yellow Lemon Ice Disposable Vape Pod Device 1200mAh"},{"@type":"BreadcrumbList","@id":"https:\/\/amxim.com\/product\/yellow-lemon-ice-disposable-vape-pod-device-1200mah\/#breadcrumb","itemListElement":[{"@type":"ListItem","position":1,"name":"Home","item":"https:\/\/amxim.com\/en\/"},{"@type":"ListItem","position":2,"name":"Products","item":"https:\/\/amxim.com\/de\/products\/"},{"@type":"ListItem","position":3,"name":"Yellow Lemon Ice Disposable Vape Pod Device 1200mAh"}]},{"@type":"WebSite","@id":"https:\/\/amxim.com\/#website","url":"https:\/\/amxim.com\/","name":"AMXIM","description":"Fabricante de vaporizadores AMXIM-OEM ODM","publisher":{"@id":"https:\/\/amxim.com\/#organization"},"potentialAction":[{"@type":"SearchAction","target":{"@type":"EntryPoint","urlTemplate":"https:\/\/amxim.com\/?s={search_term_string}"},"query-input":{"@type":"PropertyValueSpecification","valueRequired":true,"valueName":"search_term_string"}}],"inLanguage":"es"},{"@type":"Organization","@id":"https:\/\/amxim.com\/#organization","name":"AMXIM","url":"https:\/\/amxim.com\/","logo":{"@type":"ImageObject","inLanguage":"es","@id":"https:\/\/amxim.com\/#\/schema\/logo\/image\/","url":"https:\/\/amxim.com\/wp-content\/uploads\/2025\/03\/cropped-AMXIM-fav.webp","contentUrl":"https:\/\/amxim.com\/wp-content\/uploads\/2025\/03\/cropped-AMXIM-fav.webp","width":512,"height":512,"caption":"AMXIM"},"image":{"@id":"https:\/\/amxim.com\/#\/schema\/logo\/image\/"}}]}},"_links":{"self":[{"href":"https:\/\/amxim.com\/es\/wp-json\/wp\/v2\/product\/10433","targetHints":{"allow":["GET"]}}],"collection":[{"href":"https:\/\/amxim.com\/es\/wp-json\/wp\/v2\/product"}],"about":[{"href":"https:\/\/amxim.com\/es\/wp-json\/wp\/v2\/types\/product"}],"replies":[{"embeddable":true,"href":"https:\/\/amxim.com\/es\/wp-json\/wp\/v2\/comments?post=10433"}],"version-history":[{"count":4,"href":"https:\/\/amxim.com\/es\/wp-json\/wp\/v2\/product\/10433\/revisions"}],"predecessor-version":[{"id":13503,"href":"https:\/\/amxim.com\/es\/wp-json\/wp\/v2\/product\/10433\/revisions\/13503"}],"wp:featuredmedia":[{"embeddable":true,"href":"https:\/\/amxim.com\/es\/wp-json\/wp\/v2\/media\/10446"}],"wp:attachment":[{"href":"https:\/\/amxim.com\/es\/wp-json\/wp\/v2\/media?parent=10433"}],"wp:term":[{"taxonomy":"product_brand","embeddable":true,"href":"https:\/\/amxim.com\/es\/wp-json\/wp\/v2\/product_brand?post=10433"},{"taxonomy":"product_cat","embeddable":true,"href":"https:\/\/amxim.com\/es\/wp-json\/wp\/v2\/product_cat?post=10433"},{"taxonomy":"product_tag","embeddable":true,"href":"https:\/\/amxim.com\/es\/wp-json\/wp\/v2\/product_tag?post=10433"}],"curies":[{"name":"gracias","href":"https:\/\/api.w.org\/{rel}","templated":true}]}}