{"id":10435,"date":"2025-03-27T02:02:50","date_gmt":"2025-03-27T02:02:50","guid":{"rendered":"https:\/\/amxim.com\/?post_type=product&#038;p=10435"},"modified":"2026-02-04T02:59:31","modified_gmt":"2026-02-04T02:59:31","slug":"vape-desechable-de-frutas-mixtas-cigarrillo-electronico-de-6-ml-bateria-de-1200-mah","status":"publish","type":"product","link":"https:\/\/amxim.com\/es\/product\/vape-desechable-de-frutas-mixtas-cigarrillo-electronico-de-6-ml-bateria-de-1200-mah\/","title":{"rendered":"Vape desechable de frutas mixtas, cigarrillo electr\u00f3nico de 6,0 ml y 1200 mAh."},"content":{"rendered":"<h2 style=\"text-align: left\">Vape desechable de frutas mixtas, cigarrillo electr\u00f3nico de 6,0 ml y 1200 mAh.<\/h2>\n<p style=\"text-align: left\">Estos vaporizadores el\u00e9ctricos desechables son dispositivos port\u00e1tiles y f\u00e1ciles de usar. Son de bolsillo y vienen envueltos individualmente. Las c\u00e1psulas contienen 6 ml de una f\u00f3rmula especial de sales de nicotina.<br \/>\nEl contenido de nicotina es de 5.0% del l\u00edquido, o 50 mg. Los dispositivos son peque\u00f1os, tienen una boquilla plana y no tienen botones. Todo el dispositivo se activa con la respiraci\u00f3n.<br \/>\nLos usuarios no necesitan cargar el dispositivo ni llenar los pods.<\/p>\n<p>&nbsp;<\/p>\n<h3 style=\"text-align: left\">Caracter\u00edsticas principales<\/h3>\n<ul>\n<li style=\"text-align: left\">S\u00faper conveniente<\/li>\n<li style=\"text-align: left\">Gran golpe de garganta<\/li>\n<li style=\"text-align: left\">Perfecto para exfumadores<\/li>\n<li style=\"text-align: left\">Buena mezcla de nicotina<\/li>\n<li style=\"text-align: left\">Excelentes sabores<\/li>\n<\/ul>","protected":false},"excerpt":{"rendered":"<h3>Especificaciones del producto<\/h3>\n<table>\n<tbody>\n<tr>\n<th style=\"text-align: left\">Tipo de producto<\/th>\n<td style=\"text-align: left\">Vape desechable<\/td>\n<\/tr>\n<tr>\n<th style=\"text-align: left\">Color<\/th>\n<td style=\"text-align: left\">Rojo o OEM<\/td>\n<\/tr>\n<tr>\n<th style=\"text-align: left\">Tama\u00f1o<\/th>\n<td style=\"text-align: left\">118*19 mm<\/td>\n<\/tr>\n<tr>\n<th style=\"text-align: left\">Material<\/th>\n<td style=\"text-align: left\">PC + acero inoxidable<\/td>\n<\/tr>\n<tr>\n<th style=\"text-align: left\">Serpent\u00edn de calentamiento<\/th>\n<td style=\"text-align: left\">Bobina de malla de 1,6 \u03a9<\/td>\n<\/tr>\n<tr>\n<th style=\"text-align: left\">Soplo<\/th>\n<td style=\"text-align: left\">Hasta 1500 bocanadas<\/td>\n<\/tr>\n<tr>\n<th style=\"text-align: left\">Bater\u00eda<\/th>\n<td style=\"text-align: left\">1200 mAh recargable<\/td>\n<\/tr>\n<tr>\n<th style=\"text-align: left\">Eliquid precargado<\/th>\n<td style=\"text-align: left\">6,0 ml<\/td>\n<\/tr>\n<tr>\n<th style=\"text-align: left\">Sabor<\/th>\n<td style=\"text-align: left\">Fresa y pl\u00e1tano<\/td>\n<\/tr>\n<tr>\n<th style=\"text-align: left\">Destacar<\/th>\n<td style=\"text-align: left\">Vape desechable de frutas mixtas de 6,0 ml, ODM <\/td>\n<\/tr>\n<\/tbody>\n<\/table>","protected":false},"featured_media":10454,"comment_status":"closed","ping_status":"closed","template":"","meta":[],"product_brand":[],"product_cat":[54,47],"product_tag":[],"class_list":{"0":"post-10435","1":"product","2":"type-product","3":"status-publish","4":"has-post-thumbnail","6":"product_cat-chargeable-disposable-vapes","7":"product_cat-disposable-vapes","9":"first","10":"instock","11":"shipping-taxable","12":"product-type-simple"},"yoast_head":"<!-- This site is optimized with the Yoast SEO plugin v26.9 - https:\/\/yoast.com\/product\/yoast-seo-wordpress\/ -->\n<title>Mixed Fruit Disposable Vape Pod Electronic Cigarette 6.0ml 1200mAh Battery<\/title>\n<meta name=\"description\" content=\"Mixed Fruit Disposable Vape Pod Electronic Cigarette 6.0ml 1200mAh Battery Super-convenient Disposable Vape Great throat hit\" \/>\n<meta name=\"robots\" content=\"index, follow, max-snippet:-1, max-image-preview:large, max-video-preview:-1\" \/>\n<link rel=\"canonical\" href=\"https:\/\/amxim.com\/es\/product\/vape-desechable-de-frutas-mixtas-cigarrillo-electronico-de-6-ml-bateria-de-1200-mah\/\" \/>\n<meta property=\"og:locale\" content=\"es_ES\" \/>\n<meta property=\"og:type\" content=\"article\" \/>\n<meta property=\"og:title\" content=\"Mixed Fruit Disposable Vape Pod Electronic Cigarette 6.0ml 1200mAh Battery\" \/>\n<meta property=\"og:description\" content=\"Mixed Fruit Disposable Vape Pod Electronic Cigarette 6.0ml 1200mAh Battery Super-convenient Disposable Vape Great throat hit\" \/>\n<meta property=\"og:url\" content=\"https:\/\/amxim.com\/es\/product\/vape-desechable-de-frutas-mixtas-cigarrillo-electronico-de-6-ml-bateria-de-1200-mah\/\" \/>\n<meta property=\"og:site_name\" content=\"AMXIM\" \/>\n<meta property=\"article:modified_time\" content=\"2026-02-04T02:59:31+00:00\" \/>\n<meta property=\"og:image\" content=\"https:\/\/amxim.com\/wp-content\/uploads\/2025\/03\/Mixed-Fruit-Disposable-Vape-Pod-Electronic-Cigarette-6.0ml-1200mAh-Battery-1.webp\" \/>\n\t<meta property=\"og:image:width\" content=\"1000\" \/>\n\t<meta property=\"og:image:height\" content=\"1000\" \/>\n\t<meta property=\"og:image:type\" content=\"image\/webp\" \/>\n<meta name=\"twitter:card\" content=\"summary_large_image\" \/>\n<meta name=\"twitter:label1\" content=\"Tiempo de lectura\" \/>\n\t<meta name=\"twitter:data1\" content=\"1 minuto\" \/>\n<script type=\"application\/ld+json\" class=\"yoast-schema-graph\">{\"@context\":\"https:\/\/schema.org\",\"@graph\":[{\"@type\":\"WebPage\",\"@id\":\"https:\/\/amxim.com\/product\/mixed-fruit-disposable-vape-pod-electronic-cigarette-6-0ml-1200mah-battery\/\",\"url\":\"https:\/\/amxim.com\/product\/mixed-fruit-disposable-vape-pod-electronic-cigarette-6-0ml-1200mah-battery\/\",\"name\":\"Mixed Fruit Disposable Vape Pod Electronic Cigarette 6.0ml 1200mAh Battery\",\"isPartOf\":{\"@id\":\"https:\/\/amxim.com\/#website\"},\"primaryImageOfPage\":{\"@id\":\"https:\/\/amxim.com\/product\/mixed-fruit-disposable-vape-pod-electronic-cigarette-6-0ml-1200mah-battery\/#primaryimage\"},\"image\":{\"@id\":\"https:\/\/amxim.com\/product\/mixed-fruit-disposable-vape-pod-electronic-cigarette-6-0ml-1200mah-battery\/#primaryimage\"},\"thumbnailUrl\":\"https:\/\/amxim.com\/wp-content\/uploads\/2025\/03\/Mixed-Fruit-Disposable-Vape-Pod-Electronic-Cigarette-6.0ml-1200mAh-Battery-1.webp\",\"datePublished\":\"2025-03-27T02:02:50+00:00\",\"dateModified\":\"2026-02-04T02:59:31+00:00\",\"description\":\"Mixed Fruit Disposable Vape Pod Electronic Cigarette 6.0ml 1200mAh Battery Super-convenient Disposable Vape Great throat hit\",\"breadcrumb\":{\"@id\":\"https:\/\/amxim.com\/product\/mixed-fruit-disposable-vape-pod-electronic-cigarette-6-0ml-1200mah-battery\/#breadcrumb\"},\"inLanguage\":\"es\",\"potentialAction\":[{\"@type\":\"ReadAction\",\"target\":[\"https:\/\/amxim.com\/product\/mixed-fruit-disposable-vape-pod-electronic-cigarette-6-0ml-1200mah-battery\/\"]}]},{\"@type\":\"ImageObject\",\"inLanguage\":\"es\",\"@id\":\"https:\/\/amxim.com\/product\/mixed-fruit-disposable-vape-pod-electronic-cigarette-6-0ml-1200mah-battery\/#primaryimage\",\"url\":\"https:\/\/amxim.com\/wp-content\/uploads\/2025\/03\/Mixed-Fruit-Disposable-Vape-Pod-Electronic-Cigarette-6.0ml-1200mAh-Battery-1.webp\",\"contentUrl\":\"https:\/\/amxim.com\/wp-content\/uploads\/2025\/03\/Mixed-Fruit-Disposable-Vape-Pod-Electronic-Cigarette-6.0ml-1200mAh-Battery-1.webp\",\"width\":1000,\"height\":1000,\"caption\":\"Mixed Fruit Disposable Vape Pod Electronic Cigarette 6.0ml 1200mAh Battery\"},{\"@type\":\"BreadcrumbList\",\"@id\":\"https:\/\/amxim.com\/product\/mixed-fruit-disposable-vape-pod-electronic-cigarette-6-0ml-1200mah-battery\/#breadcrumb\",\"itemListElement\":[{\"@type\":\"ListItem\",\"position\":1,\"name\":\"Home\",\"item\":\"https:\/\/amxim.com\/en\/\"},{\"@type\":\"ListItem\",\"position\":2,\"name\":\"Products\",\"item\":\"https:\/\/amxim.com\/de\/products\/\"},{\"@type\":\"ListItem\",\"position\":3,\"name\":\"Mixed Fruit Disposable Vape Pod Electronic Cigarette 6.0ml 1200mAh Battery\"}]},{\"@type\":\"WebSite\",\"@id\":\"https:\/\/amxim.com\/#website\",\"url\":\"https:\/\/amxim.com\/\",\"name\":\"AMXIM\",\"description\":\"AMXIM-OEM ODM Vape Manufacturer\",\"publisher\":{\"@id\":\"https:\/\/amxim.com\/#organization\"},\"potentialAction\":[{\"@type\":\"SearchAction\",\"target\":{\"@type\":\"EntryPoint\",\"urlTemplate\":\"https:\/\/amxim.com\/?s={search_term_string}\"},\"query-input\":{\"@type\":\"PropertyValueSpecification\",\"valueRequired\":true,\"valueName\":\"search_term_string\"}}],\"inLanguage\":\"es\"},{\"@type\":\"Organization\",\"@id\":\"https:\/\/amxim.com\/#organization\",\"name\":\"AMXIM\",\"url\":\"https:\/\/amxim.com\/\",\"logo\":{\"@type\":\"ImageObject\",\"inLanguage\":\"es\",\"@id\":\"https:\/\/amxim.com\/#\/schema\/logo\/image\/\",\"url\":\"https:\/\/amxim.com\/wp-content\/uploads\/2025\/03\/cropped-AMXIM-fav.webp\",\"contentUrl\":\"https:\/\/amxim.com\/wp-content\/uploads\/2025\/03\/cropped-AMXIM-fav.webp\",\"width\":512,\"height\":512,\"caption\":\"AMXIM\"},\"image\":{\"@id\":\"https:\/\/amxim.com\/#\/schema\/logo\/image\/\"}}]}<\/script>\n<!-- \/ Yoast SEO plugin. -->","yoast_head_json":{"title":"Vape desechable de frutas mixtas, cigarrillo electr\u00f3nico de 6,0 ml y 1200 mAh.","description":"Cigarrillo electr\u00f3nico desechable con vape de frutas mixtas, 6,0 ml, bater\u00eda de 1200 mAh, vaporizador desechable s\u00faper conveniente, gran golpe de garganta","robots":{"index":"index","follow":"follow","max-snippet":"max-snippet:-1","max-image-preview":"max-image-preview:large","max-video-preview":"max-video-preview:-1"},"canonical":"https:\/\/amxim.com\/es\/product\/vape-desechable-de-frutas-mixtas-cigarrillo-electronico-de-6-ml-bateria-de-1200-mah\/","og_locale":"es_ES","og_type":"article","og_title":"Mixed Fruit Disposable Vape Pod Electronic Cigarette 6.0ml 1200mAh Battery","og_description":"Mixed Fruit Disposable Vape Pod Electronic Cigarette 6.0ml 1200mAh Battery Super-convenient Disposable Vape Great throat hit","og_url":"https:\/\/amxim.com\/es\/product\/vape-desechable-de-frutas-mixtas-cigarrillo-electronico-de-6-ml-bateria-de-1200-mah\/","og_site_name":"AMXIM","article_modified_time":"2026-02-04T02:59:31+00:00","og_image":[{"width":1000,"height":1000,"url":"https:\/\/amxim.com\/wp-content\/uploads\/2025\/03\/Mixed-Fruit-Disposable-Vape-Pod-Electronic-Cigarette-6.0ml-1200mAh-Battery-1.webp","type":"image\/webp"}],"twitter_card":"summary_large_image","twitter_misc":{"Tiempo de lectura":"1 minuto"},"schema":{"@context":"https:\/\/schema.org","@graph":[{"@type":"WebPage","@id":"https:\/\/amxim.com\/product\/mixed-fruit-disposable-vape-pod-electronic-cigarette-6-0ml-1200mah-battery\/","url":"https:\/\/amxim.com\/product\/mixed-fruit-disposable-vape-pod-electronic-cigarette-6-0ml-1200mah-battery\/","name":"Vape desechable de frutas mixtas, cigarrillo electr\u00f3nico de 6,0 ml y 1200 mAh.","isPartOf":{"@id":"https:\/\/amxim.com\/#website"},"primaryImageOfPage":{"@id":"https:\/\/amxim.com\/product\/mixed-fruit-disposable-vape-pod-electronic-cigarette-6-0ml-1200mah-battery\/#primaryimage"},"image":{"@id":"https:\/\/amxim.com\/product\/mixed-fruit-disposable-vape-pod-electronic-cigarette-6-0ml-1200mah-battery\/#primaryimage"},"thumbnailUrl":"https:\/\/amxim.com\/wp-content\/uploads\/2025\/03\/Mixed-Fruit-Disposable-Vape-Pod-Electronic-Cigarette-6.0ml-1200mAh-Battery-1.webp","datePublished":"2025-03-27T02:02:50+00:00","dateModified":"2026-02-04T02:59:31+00:00","description":"Cigarrillo electr\u00f3nico desechable con vape de frutas mixtas, 6,0 ml, bater\u00eda de 1200 mAh, vaporizador desechable s\u00faper conveniente, gran golpe de garganta","breadcrumb":{"@id":"https:\/\/amxim.com\/product\/mixed-fruit-disposable-vape-pod-electronic-cigarette-6-0ml-1200mah-battery\/#breadcrumb"},"inLanguage":"es","potentialAction":[{"@type":"ReadAction","target":["https:\/\/amxim.com\/product\/mixed-fruit-disposable-vape-pod-electronic-cigarette-6-0ml-1200mah-battery\/"]}]},{"@type":"ImageObject","inLanguage":"es","@id":"https:\/\/amxim.com\/product\/mixed-fruit-disposable-vape-pod-electronic-cigarette-6-0ml-1200mah-battery\/#primaryimage","url":"https:\/\/amxim.com\/wp-content\/uploads\/2025\/03\/Mixed-Fruit-Disposable-Vape-Pod-Electronic-Cigarette-6.0ml-1200mAh-Battery-1.webp","contentUrl":"https:\/\/amxim.com\/wp-content\/uploads\/2025\/03\/Mixed-Fruit-Disposable-Vape-Pod-Electronic-Cigarette-6.0ml-1200mAh-Battery-1.webp","width":1000,"height":1000,"caption":"Mixed Fruit Disposable Vape Pod Electronic Cigarette 6.0ml 1200mAh Battery"},{"@type":"BreadcrumbList","@id":"https:\/\/amxim.com\/product\/mixed-fruit-disposable-vape-pod-electronic-cigarette-6-0ml-1200mah-battery\/#breadcrumb","itemListElement":[{"@type":"ListItem","position":1,"name":"Home","item":"https:\/\/amxim.com\/en\/"},{"@type":"ListItem","position":2,"name":"Products","item":"https:\/\/amxim.com\/de\/products\/"},{"@type":"ListItem","position":3,"name":"Mixed Fruit Disposable Vape Pod Electronic Cigarette 6.0ml 1200mAh Battery"}]},{"@type":"WebSite","@id":"https:\/\/amxim.com\/#website","url":"https:\/\/amxim.com\/","name":"AMXIM","description":"Fabricante de vaporizadores AMXIM-OEM ODM","publisher":{"@id":"https:\/\/amxim.com\/#organization"},"potentialAction":[{"@type":"SearchAction","target":{"@type":"EntryPoint","urlTemplate":"https:\/\/amxim.com\/?s={search_term_string}"},"query-input":{"@type":"PropertyValueSpecification","valueRequired":true,"valueName":"search_term_string"}}],"inLanguage":"es"},{"@type":"Organization","@id":"https:\/\/amxim.com\/#organization","name":"AMXIM","url":"https:\/\/amxim.com\/","logo":{"@type":"ImageObject","inLanguage":"es","@id":"https:\/\/amxim.com\/#\/schema\/logo\/image\/","url":"https:\/\/amxim.com\/wp-content\/uploads\/2025\/03\/cropped-AMXIM-fav.webp","contentUrl":"https:\/\/amxim.com\/wp-content\/uploads\/2025\/03\/cropped-AMXIM-fav.webp","width":512,"height":512,"caption":"AMXIM"},"image":{"@id":"https:\/\/amxim.com\/#\/schema\/logo\/image\/"}}]}},"_links":{"self":[{"href":"https:\/\/amxim.com\/es\/wp-json\/wp\/v2\/product\/10435","targetHints":{"allow":["GET"]}}],"collection":[{"href":"https:\/\/amxim.com\/es\/wp-json\/wp\/v2\/product"}],"about":[{"href":"https:\/\/amxim.com\/es\/wp-json\/wp\/v2\/types\/product"}],"replies":[{"embeddable":true,"href":"https:\/\/amxim.com\/es\/wp-json\/wp\/v2\/comments?post=10435"}],"version-history":[{"count":4,"href":"https:\/\/amxim.com\/es\/wp-json\/wp\/v2\/product\/10435\/revisions"}],"predecessor-version":[{"id":13516,"href":"https:\/\/amxim.com\/es\/wp-json\/wp\/v2\/product\/10435\/revisions\/13516"}],"wp:featuredmedia":[{"embeddable":true,"href":"https:\/\/amxim.com\/es\/wp-json\/wp\/v2\/media\/10454"}],"wp:attachment":[{"href":"https:\/\/amxim.com\/es\/wp-json\/wp\/v2\/media?parent=10435"}],"wp:term":[{"taxonomy":"product_brand","embeddable":true,"href":"https:\/\/amxim.com\/es\/wp-json\/wp\/v2\/product_brand?post=10435"},{"taxonomy":"product_cat","embeddable":true,"href":"https:\/\/amxim.com\/es\/wp-json\/wp\/v2\/product_cat?post=10435"},{"taxonomy":"product_tag","embeddable":true,"href":"https:\/\/amxim.com\/es\/wp-json\/wp\/v2\/product_tag?post=10435"}],"curies":[{"name":"gracias","href":"https:\/\/api.w.org\/{rel}","templated":true}]}}