{"id":10586,"date":"2025-03-27T07:01:33","date_gmt":"2025-03-27T07:01:33","guid":{"rendered":"https:\/\/amxim.com\/?post_type=product&#038;p=10586"},"modified":"2026-02-04T03:00:21","modified_gmt":"2026-02-04T03:00:21","slug":"vapeador-recargable-con-bobina-de-malla-y-capsula-de-vapor-5000-inhalaciones-650-mah","status":"publish","type":"product","link":"https:\/\/amxim.com\/es\/product\/vapeador-recargable-con-bobina-de-malla-y-capsula-de-vapor-5000-inhalaciones-650-mah\/","title":{"rendered":"Vapeador recargable Mesh Coil Vapour con 5000 inhalaciones y 650 mAh"},"content":{"rendered":"<h2 style=\"text-align: left\">Vapeador recargable Mesh Coil Vapour con 5000 inhalaciones y 650 mAh<\/h2>\n<p style=\"text-align: left\">El cigarrillo electr\u00f3nico desechable recargable es un dispositivo innovador dise\u00f1ado para reemplazar los cigarrillos tradicionales, ofreciendo una alternativa m\u00e1s saludable, port\u00e1til y pr\u00e1ctica. Ofrece una experiencia satisfactoria sin las desventajas del tabaco convencional, lo que lo convierte en una excelente opci\u00f3n para quienes buscan dejar de fumar.<br \/>\nEste modelo en particular cuenta con una bater\u00eda de 400 mAh, una interfaz de carga micro USB y una capacidad de 4 ml de e-l\u00edquido, que proporciona m\u00e1s de 5000 caladas. Con su elegante dise\u00f1o y tama\u00f1o compacto, este cigarrillo electr\u00f3nico desechable es perfecto para usar en cualquier lugar, ya que cabe f\u00e1cilmente en el bolsillo para satisfacer tus necesidades diarias. El contenido de sales de nicotina 5% se combina a la perfecci\u00f3n con el e-l\u00edquido para una experiencia de vapeo \u00f3ptima.<\/p>\n<p>&nbsp;<\/p>\n<h3 style=\"text-align: left\">Caracter\u00edsticas principales<\/h3>\n<ul>\n<li style=\"text-align: left\">Capacidad de e-l\u00edquido: 4,0 ml de e-l\u00edquido de nicotina salina por .<\/li>\n<li style=\"text-align: left\">Es compacto y port\u00e1til.<\/li>\n<li style=\"text-align: left\">5% de nicotina.<\/li>\n<li style=\"text-align: left\">Mecanismo de disparo activado.<\/li>\n<li style=\"text-align: left\">Protegido contra cortocircuitos y sobrecalentamiento.<\/li>\n<li style=\"text-align: left\">F\u00e1ciles de transportar ya que son de tama\u00f1o peque\u00f1o.<\/li>\n<li style=\"text-align: left\">Varias opciones de color.<\/li>\n<\/ul>","protected":false},"excerpt":{"rendered":"<h3>Especificaciones del producto<\/h3>\n<table>\n<tbody>\n<tr>\n<th style=\"text-align: left\">Tipo de producto<\/th>\n<td style=\"text-align: left\">POD recargable\/reemplazable<\/td>\n<\/tr>\n<tr>\n<th style=\"text-align: left\">Color<\/th>\n<td style=\"text-align: left\">Mostrado o personalizado<\/td>\n<\/tr>\n<tr>\n<th style=\"text-align: left\">Tama\u00f1o<\/th>\n<td style=\"text-align: left\">108*20 mm<\/td>\n<\/tr>\n<tr>\n<th style=\"text-align: left\">Sabor<\/th>\n<td style=\"text-align: left\">Hasta 50 sabores<\/td>\n<\/tr>\n<tr>\n<th style=\"text-align: left\">Material<\/th>\n<td style=\"text-align: left\">PC + acero inoxidable<\/td>\n<\/tr>\n<tr>\n<th style=\"text-align: left\">Serpent\u00edn de calentamiento<\/th>\n<td style=\"text-align: left\">Bobina de malla de 1,2 \u03a9<\/td>\n<\/tr>\n<tr>\n<th style=\"text-align: left\">Soplo<\/th>\n<td style=\"text-align: left\">Hasta 5000 bocanadas<\/td>\n<\/tr>\n<tr>\n<th style=\"text-align: left\">Bater\u00eda<\/th>\n<td style=\"text-align: left\">650 mAh recargable<\/td>\n<\/tr>\n<tr>\n<th style=\"text-align: left\">Eliquid precargado<\/th>\n<td style=\"text-align: left\">4,0 ml<\/td>\n<\/tr>\n<tr>\n<th style=\"text-align: left\">Dispositivo cargador<\/th>\n<td style=\"text-align: left\">Micro USB<\/td>\n<\/tr>\n<tr>\n<th style=\"text-align: left\">Destacar<\/th>\n<td style=\"text-align: left\">Cigarrillo electr\u00f3nico recargable OEM<\/td>\n<\/tr>\n<\/tbody>\n<\/table>","protected":false},"featured_media":10604,"comment_status":"closed","ping_status":"closed","template":"","meta":[],"product_brand":[],"product_cat":[54,47,50,58],"product_tag":[],"class_list":{"0":"post-10586","1":"product","2":"type-product","3":"status-publish","4":"has-post-thumbnail","6":"product_cat-chargeable-disposable-vapes","7":"product_cat-disposable-vapes","8":"product_cat-pod-systems","9":"product_cat-refillable-electronic-cigarette","11":"first","12":"instock","13":"shipping-taxable","14":"product-type-simple"},"yoast_head":"<!-- This site is optimized with the Yoast SEO plugin v26.9 - https:\/\/yoast.com\/product\/yoast-seo-wordpress\/ -->\n<title>Mesh Coil Vapour Refillable Vape Pod E-Cigarette 5000 Puffs 650mAh<\/title>\n<meta name=\"description\" content=\"Mesh Coil Vapour Refillable Vape Pod E-Cigarette 5000 Puffs 650mAh E-liquid capacity: 4.0ml Salt nicotine e-liquid per Battery amount: 650mAh\" \/>\n<meta name=\"robots\" content=\"index, follow, max-snippet:-1, max-image-preview:large, max-video-preview:-1\" \/>\n<link rel=\"canonical\" href=\"https:\/\/amxim.com\/es\/product\/vapeador-recargable-con-bobina-de-malla-y-capsula-de-vapor-5000-inhalaciones-650-mah\/\" \/>\n<meta property=\"og:locale\" content=\"es_ES\" \/>\n<meta property=\"og:type\" content=\"article\" \/>\n<meta property=\"og:title\" content=\"Mesh Coil Vapour Refillable Vape Pod E-Cigarette 5000 Puffs 650mAh\" \/>\n<meta property=\"og:description\" content=\"Mesh Coil Vapour Refillable Vape Pod E-Cigarette 5000 Puffs 650mAh E-liquid capacity: 4.0ml Salt nicotine e-liquid per Battery amount: 650mAh\" \/>\n<meta property=\"og:url\" content=\"https:\/\/amxim.com\/es\/product\/vapeador-recargable-con-bobina-de-malla-y-capsula-de-vapor-5000-inhalaciones-650-mah\/\" \/>\n<meta property=\"og:site_name\" content=\"AMXIM\" \/>\n<meta property=\"article:modified_time\" content=\"2026-02-04T03:00:21+00:00\" \/>\n<meta property=\"og:image\" content=\"https:\/\/amxim.com\/wp-content\/uploads\/2025\/03\/Mesh-Coil-Vapour-Refillable-Vape-Pod-E-Cigarette-5000-Puffs-650mAh-8.webp\" \/>\n\t<meta property=\"og:image:width\" content=\"1000\" \/>\n\t<meta property=\"og:image:height\" content=\"1000\" \/>\n\t<meta property=\"og:image:type\" content=\"image\/webp\" \/>\n<meta name=\"twitter:card\" content=\"summary_large_image\" \/>\n<meta name=\"twitter:label1\" content=\"Tiempo de lectura\" \/>\n\t<meta name=\"twitter:data1\" content=\"1 minuto\" \/>\n<script type=\"application\/ld+json\" class=\"yoast-schema-graph\">{\"@context\":\"https:\/\/schema.org\",\"@graph\":[{\"@type\":\"WebPage\",\"@id\":\"https:\/\/amxim.com\/product\/mesh-coil-vapour-refillable-vape-pod-e-cigarette-5000-puffs-650mah\/\",\"url\":\"https:\/\/amxim.com\/product\/mesh-coil-vapour-refillable-vape-pod-e-cigarette-5000-puffs-650mah\/\",\"name\":\"Mesh Coil Vapour Refillable Vape Pod E-Cigarette 5000 Puffs 650mAh\",\"isPartOf\":{\"@id\":\"https:\/\/amxim.com\/#website\"},\"primaryImageOfPage\":{\"@id\":\"https:\/\/amxim.com\/product\/mesh-coil-vapour-refillable-vape-pod-e-cigarette-5000-puffs-650mah\/#primaryimage\"},\"image\":{\"@id\":\"https:\/\/amxim.com\/product\/mesh-coil-vapour-refillable-vape-pod-e-cigarette-5000-puffs-650mah\/#primaryimage\"},\"thumbnailUrl\":\"https:\/\/amxim.com\/wp-content\/uploads\/2025\/03\/Mesh-Coil-Vapour-Refillable-Vape-Pod-E-Cigarette-5000-Puffs-650mAh-8.webp\",\"datePublished\":\"2025-03-27T07:01:33+00:00\",\"dateModified\":\"2026-02-04T03:00:21+00:00\",\"description\":\"Mesh Coil Vapour Refillable Vape Pod E-Cigarette 5000 Puffs 650mAh E-liquid capacity: 4.0ml Salt nicotine e-liquid per Battery amount: 650mAh\",\"breadcrumb\":{\"@id\":\"https:\/\/amxim.com\/product\/mesh-coil-vapour-refillable-vape-pod-e-cigarette-5000-puffs-650mah\/#breadcrumb\"},\"inLanguage\":\"es\",\"potentialAction\":[{\"@type\":\"ReadAction\",\"target\":[\"https:\/\/amxim.com\/product\/mesh-coil-vapour-refillable-vape-pod-e-cigarette-5000-puffs-650mah\/\"]}]},{\"@type\":\"ImageObject\",\"inLanguage\":\"es\",\"@id\":\"https:\/\/amxim.com\/product\/mesh-coil-vapour-refillable-vape-pod-e-cigarette-5000-puffs-650mah\/#primaryimage\",\"url\":\"https:\/\/amxim.com\/wp-content\/uploads\/2025\/03\/Mesh-Coil-Vapour-Refillable-Vape-Pod-E-Cigarette-5000-Puffs-650mAh-8.webp\",\"contentUrl\":\"https:\/\/amxim.com\/wp-content\/uploads\/2025\/03\/Mesh-Coil-Vapour-Refillable-Vape-Pod-E-Cigarette-5000-Puffs-650mAh-8.webp\",\"width\":1000,\"height\":1000,\"caption\":\"Mesh Coil Vapour Refillable Vape Pod E-Cigarette 5000 Puffs 650mAh\"},{\"@type\":\"BreadcrumbList\",\"@id\":\"https:\/\/amxim.com\/product\/mesh-coil-vapour-refillable-vape-pod-e-cigarette-5000-puffs-650mah\/#breadcrumb\",\"itemListElement\":[{\"@type\":\"ListItem\",\"position\":1,\"name\":\"Home\",\"item\":\"https:\/\/amxim.com\/en\/\"},{\"@type\":\"ListItem\",\"position\":2,\"name\":\"Products\",\"item\":\"https:\/\/amxim.com\/de\/products\/\"},{\"@type\":\"ListItem\",\"position\":3,\"name\":\"Mesh Coil Vapour Refillable Vape Pod E-Cigarette 5000 Puffs 650mAh\"}]},{\"@type\":\"WebSite\",\"@id\":\"https:\/\/amxim.com\/#website\",\"url\":\"https:\/\/amxim.com\/\",\"name\":\"AMXIM\",\"description\":\"AMXIM-OEM ODM Vape Manufacturer\",\"publisher\":{\"@id\":\"https:\/\/amxim.com\/#organization\"},\"potentialAction\":[{\"@type\":\"SearchAction\",\"target\":{\"@type\":\"EntryPoint\",\"urlTemplate\":\"https:\/\/amxim.com\/?s={search_term_string}\"},\"query-input\":{\"@type\":\"PropertyValueSpecification\",\"valueRequired\":true,\"valueName\":\"search_term_string\"}}],\"inLanguage\":\"es\"},{\"@type\":\"Organization\",\"@id\":\"https:\/\/amxim.com\/#organization\",\"name\":\"AMXIM\",\"url\":\"https:\/\/amxim.com\/\",\"logo\":{\"@type\":\"ImageObject\",\"inLanguage\":\"es\",\"@id\":\"https:\/\/amxim.com\/#\/schema\/logo\/image\/\",\"url\":\"https:\/\/amxim.com\/wp-content\/uploads\/2025\/03\/cropped-AMXIM-fav.webp\",\"contentUrl\":\"https:\/\/amxim.com\/wp-content\/uploads\/2025\/03\/cropped-AMXIM-fav.webp\",\"width\":512,\"height\":512,\"caption\":\"AMXIM\"},\"image\":{\"@id\":\"https:\/\/amxim.com\/#\/schema\/logo\/image\/\"}}]}<\/script>\n<!-- \/ Yoast SEO plugin. -->","yoast_head_json":{"title":"Vapeador recargable Mesh Coil Vapour con 5000 inhalaciones y 650 mAh","description":"Cigarrillo electr\u00f3nico recargable Mesh Coil Vapour Vape Pod 5000 bocanadas 650 mAh Capacidad de e-l\u00edquido: 4,0 ml E-l\u00edquido de nicotina sal por bater\u00eda Cantidad: 650 mAh","robots":{"index":"index","follow":"follow","max-snippet":"max-snippet:-1","max-image-preview":"max-image-preview:large","max-video-preview":"max-video-preview:-1"},"canonical":"https:\/\/amxim.com\/es\/product\/vapeador-recargable-con-bobina-de-malla-y-capsula-de-vapor-5000-inhalaciones-650-mah\/","og_locale":"es_ES","og_type":"article","og_title":"Mesh Coil Vapour Refillable Vape Pod E-Cigarette 5000 Puffs 650mAh","og_description":"Mesh Coil Vapour Refillable Vape Pod E-Cigarette 5000 Puffs 650mAh E-liquid capacity: 4.0ml Salt nicotine e-liquid per Battery amount: 650mAh","og_url":"https:\/\/amxim.com\/es\/product\/vapeador-recargable-con-bobina-de-malla-y-capsula-de-vapor-5000-inhalaciones-650-mah\/","og_site_name":"AMXIM","article_modified_time":"2026-02-04T03:00:21+00:00","og_image":[{"width":1000,"height":1000,"url":"https:\/\/amxim.com\/wp-content\/uploads\/2025\/03\/Mesh-Coil-Vapour-Refillable-Vape-Pod-E-Cigarette-5000-Puffs-650mAh-8.webp","type":"image\/webp"}],"twitter_card":"summary_large_image","twitter_misc":{"Tiempo de lectura":"1 minuto"},"schema":{"@context":"https:\/\/schema.org","@graph":[{"@type":"WebPage","@id":"https:\/\/amxim.com\/product\/mesh-coil-vapour-refillable-vape-pod-e-cigarette-5000-puffs-650mah\/","url":"https:\/\/amxim.com\/product\/mesh-coil-vapour-refillable-vape-pod-e-cigarette-5000-puffs-650mah\/","name":"Vapeador recargable Mesh Coil Vapour con 5000 inhalaciones y 650 mAh","isPartOf":{"@id":"https:\/\/amxim.com\/#website"},"primaryImageOfPage":{"@id":"https:\/\/amxim.com\/product\/mesh-coil-vapour-refillable-vape-pod-e-cigarette-5000-puffs-650mah\/#primaryimage"},"image":{"@id":"https:\/\/amxim.com\/product\/mesh-coil-vapour-refillable-vape-pod-e-cigarette-5000-puffs-650mah\/#primaryimage"},"thumbnailUrl":"https:\/\/amxim.com\/wp-content\/uploads\/2025\/03\/Mesh-Coil-Vapour-Refillable-Vape-Pod-E-Cigarette-5000-Puffs-650mAh-8.webp","datePublished":"2025-03-27T07:01:33+00:00","dateModified":"2026-02-04T03:00:21+00:00","description":"Cigarrillo electr\u00f3nico recargable Mesh Coil Vapour Vape Pod 5000 bocanadas 650 mAh Capacidad de e-l\u00edquido: 4,0 ml E-l\u00edquido de nicotina sal por bater\u00eda Cantidad: 650 mAh","breadcrumb":{"@id":"https:\/\/amxim.com\/product\/mesh-coil-vapour-refillable-vape-pod-e-cigarette-5000-puffs-650mah\/#breadcrumb"},"inLanguage":"es","potentialAction":[{"@type":"ReadAction","target":["https:\/\/amxim.com\/product\/mesh-coil-vapour-refillable-vape-pod-e-cigarette-5000-puffs-650mah\/"]}]},{"@type":"ImageObject","inLanguage":"es","@id":"https:\/\/amxim.com\/product\/mesh-coil-vapour-refillable-vape-pod-e-cigarette-5000-puffs-650mah\/#primaryimage","url":"https:\/\/amxim.com\/wp-content\/uploads\/2025\/03\/Mesh-Coil-Vapour-Refillable-Vape-Pod-E-Cigarette-5000-Puffs-650mAh-8.webp","contentUrl":"https:\/\/amxim.com\/wp-content\/uploads\/2025\/03\/Mesh-Coil-Vapour-Refillable-Vape-Pod-E-Cigarette-5000-Puffs-650mAh-8.webp","width":1000,"height":1000,"caption":"Mesh Coil Vapour Refillable Vape Pod E-Cigarette 5000 Puffs 650mAh"},{"@type":"BreadcrumbList","@id":"https:\/\/amxim.com\/product\/mesh-coil-vapour-refillable-vape-pod-e-cigarette-5000-puffs-650mah\/#breadcrumb","itemListElement":[{"@type":"ListItem","position":1,"name":"Home","item":"https:\/\/amxim.com\/en\/"},{"@type":"ListItem","position":2,"name":"Products","item":"https:\/\/amxim.com\/de\/products\/"},{"@type":"ListItem","position":3,"name":"Mesh Coil Vapour Refillable Vape Pod E-Cigarette 5000 Puffs 650mAh"}]},{"@type":"WebSite","@id":"https:\/\/amxim.com\/#website","url":"https:\/\/amxim.com\/","name":"AMXIM","description":"Fabricante de vaporizadores AMXIM-OEM ODM","publisher":{"@id":"https:\/\/amxim.com\/#organization"},"potentialAction":[{"@type":"SearchAction","target":{"@type":"EntryPoint","urlTemplate":"https:\/\/amxim.com\/?s={search_term_string}"},"query-input":{"@type":"PropertyValueSpecification","valueRequired":true,"valueName":"search_term_string"}}],"inLanguage":"es"},{"@type":"Organization","@id":"https:\/\/amxim.com\/#organization","name":"AMXIM","url":"https:\/\/amxim.com\/","logo":{"@type":"ImageObject","inLanguage":"es","@id":"https:\/\/amxim.com\/#\/schema\/logo\/image\/","url":"https:\/\/amxim.com\/wp-content\/uploads\/2025\/03\/cropped-AMXIM-fav.webp","contentUrl":"https:\/\/amxim.com\/wp-content\/uploads\/2025\/03\/cropped-AMXIM-fav.webp","width":512,"height":512,"caption":"AMXIM"},"image":{"@id":"https:\/\/amxim.com\/#\/schema\/logo\/image\/"}}]}},"_links":{"self":[{"href":"https:\/\/amxim.com\/es\/wp-json\/wp\/v2\/product\/10586","targetHints":{"allow":["GET"]}}],"collection":[{"href":"https:\/\/amxim.com\/es\/wp-json\/wp\/v2\/product"}],"about":[{"href":"https:\/\/amxim.com\/es\/wp-json\/wp\/v2\/types\/product"}],"replies":[{"embeddable":true,"href":"https:\/\/amxim.com\/es\/wp-json\/wp\/v2\/comments?post=10586"}],"version-history":[{"count":3,"href":"https:\/\/amxim.com\/es\/wp-json\/wp\/v2\/product\/10586\/revisions"}],"predecessor-version":[{"id":13518,"href":"https:\/\/amxim.com\/es\/wp-json\/wp\/v2\/product\/10586\/revisions\/13518"}],"wp:featuredmedia":[{"embeddable":true,"href":"https:\/\/amxim.com\/es\/wp-json\/wp\/v2\/media\/10604"}],"wp:attachment":[{"href":"https:\/\/amxim.com\/es\/wp-json\/wp\/v2\/media?parent=10586"}],"wp:term":[{"taxonomy":"product_brand","embeddable":true,"href":"https:\/\/amxim.com\/es\/wp-json\/wp\/v2\/product_brand?post=10586"},{"taxonomy":"product_cat","embeddable":true,"href":"https:\/\/amxim.com\/es\/wp-json\/wp\/v2\/product_cat?post=10586"},{"taxonomy":"product_tag","embeddable":true,"href":"https:\/\/amxim.com\/es\/wp-json\/wp\/v2\/product_tag?post=10586"}],"curies":[{"name":"gracias","href":"https:\/\/api.w.org\/{rel}","templated":true}]}}