{"id":10637,"date":"2025-03-27T07:16:07","date_gmt":"2025-03-27T07:16:07","guid":{"rendered":"https:\/\/amxim.com\/?post_type=product&#038;p=10637"},"modified":"2026-02-04T03:01:41","modified_gmt":"2026-02-04T03:01:41","slug":"dispositivos-de-vapeo-no-recargables-mini-cigarrillos-electronicos-desechables-tubo-de-aluminio-varios-sabores","status":"publish","type":"product","link":"https:\/\/amxim.com\/es\/product\/dispositivos-de-vapeo-no-recargables-mini-cigarrillos-electronicos-desechables-tubo-de-aluminio-varios-sabores\/","title":{"rendered":"Dispositivos de vapeo no recargables, minicigarrillos electr\u00f3nicos desechables, tubo de aluminio, varios sabores"},"content":{"rendered":"<h2 style=\"text-align: left\">Dispositivos de vapeo no recargables, minicigarrillos electr\u00f3nicos desechables, tubo de aluminio, varios sabores<\/h2>\n<p style=\"text-align: left\">Este mini cigarrillo electr\u00f3nico desechable cuenta con un mecanismo de encendido por inhalaci\u00f3n, lo que lo convierte en la opci\u00f3n ideal para quienes buscan una experiencia de vapeo compacta y sin complicaciones. Con una bater\u00eda de 280 mAh y m\u00e1s de 300 caladas, ofrece un sabor intenso y placentero. Disponible en una variedad de sabores, puedes elegir tu favorito para disfrutar de un sabor excepcional en un dise\u00f1o peque\u00f1o y port\u00e1til, f\u00e1cil de usar y transportar. Perfecto para quienes buscan comodidad y calidad en un solo dispositivo.<\/p>\n<p>&nbsp;<\/p>\n<h3 style=\"text-align: left\">Caracter\u00edsticas principales<\/h3>\n<ul>\n<li style=\"text-align: left\">Sal de nicotina 5%<\/li>\n<li style=\"text-align: left\">Mecanismo de disparo activado por extracci\u00f3n<\/li>\n<li style=\"text-align: left\">Desechables \u2013 No recargables ni rellenables&nbsp;<\/li>\n<\/ul>\n<p>&nbsp;<\/p>\n<h2 style=\"text-align: left;\">C\u00f3mo utilizar<\/h2>\n<ul>\n<li style=\"text-align: left\">1. Abra la caja de cart\u00f3n exterior y extraiga el contenido.<\/li>\n<li style=\"text-align: left\">2. Rasgue el embalaje de aluminio y extraiga el dispositivo desechable.<\/li>\n<li style=\"text-align: left\">3. Retire y deseche el tap\u00f3n de silicona y la etiqueta en la parte inferior del dispositivo.<\/li>\n<li style=\"text-align: left\">4. Active el vaporizador aspirando el extremo del pod: una luz LED se iluminar\u00e1 en la parte inferior del cigarrillo electr\u00f3nico.<\/li>\n<li style=\"text-align: left\">5. La luz LED parpadear\u00e1 cuando se agote; en este punto, deseche el dispositivo de forma segura.<\/li>\n<\/ul>\n<p>&nbsp;<\/p>","protected":false},"excerpt":{"rendered":"<h3>Especificaciones del producto<\/h3>\n<table>\n<tbody>\n<tr>\n<th style=\"text-align: left\">Tipo de producto<\/th>\n<td style=\"text-align: left\">POD recargable\/reemplazable<\/td>\n<\/tr>\n<tr>\n<th style=\"text-align: left\">Color<\/th>\n<td style=\"text-align: left\">Mostrado o personalizado<\/td>\n<\/tr>\n<tr>\n<th style=\"text-align: left\">Tama\u00f1o<\/th>\n<td style=\"text-align: left\">97*15,6*6,5 mm<\/td>\n<\/tr>\n<tr>\n<th style=\"text-align: left\">Material<\/th>\n<td style=\"text-align: left\">PC + tubo de aluminio<\/td>\n<\/tr>\n<tr>\n<th style=\"text-align: left\">Serpent\u00edn de calentamiento<\/th>\n<td style=\"text-align: left\">Bobina de malla de 1,8 \u03a9<\/td>\n<\/tr>\n<tr>\n<th style=\"text-align: left\">Soplo<\/th>\n<td style=\"text-align: left\">Hasta 400 inhalaciones<\/td>\n<\/tr>\n<tr>\n<th style=\"text-align: left\">Bater\u00eda<\/th>\n<td style=\"text-align: left\">280 mAh recargable<\/td>\n<\/tr>\n<tr>\n<th style=\"text-align: left\">Eliquid precargado<\/th>\n<td style=\"text-align: left\">1,2 ml<\/td>\n<\/tr>\n<tr>\n<th style=\"text-align: left\">Sabor<\/th>\n<td style=\"text-align: left\">Hasta 50 sabores<\/td>\n<\/tr>\n<tr>\n<th style=\"text-align: left\">Destacar<\/th>\n<td style=\"text-align: left\">Minic\u00e1psulas desechables OEM<\/td>\n<\/tr>\n<\/tbody>\n<\/table>","protected":false},"featured_media":10640,"comment_status":"closed","ping_status":"closed","template":"","meta":[],"product_brand":[],"product_cat":[54,47,50],"product_tag":[],"class_list":{"0":"post-10637","1":"product","2":"type-product","3":"status-publish","4":"has-post-thumbnail","6":"product_cat-chargeable-disposable-vapes","7":"product_cat-disposable-vapes","8":"product_cat-pod-systems","10":"first","11":"instock","12":"featured","13":"shipping-taxable","14":"product-type-simple"},"yoast_head":"<!-- This site is optimized with the Yoast SEO plugin v26.9 - https:\/\/yoast.com\/product\/yoast-seo-wordpress\/ -->\n<title>Non Refillable Vape Pod Devices Disposable Mini E-Cigarette Aluminum Tube Multi-flavors<\/title>\n<meta name=\"description\" content=\"Non Refillable Vape Pod Devices Disposable Mini E-Cigarette Aluminum Tube Multi-flavors 5% Nicotine Salt Strength 1.8\u03a9 Mesh coil\" \/>\n<meta name=\"robots\" content=\"index, follow, max-snippet:-1, max-image-preview:large, max-video-preview:-1\" \/>\n<link rel=\"canonical\" href=\"https:\/\/amxim.com\/es\/product\/dispositivos-de-vapeo-no-recargables-mini-cigarrillos-electronicos-desechables-tubo-de-aluminio-varios-sabores\/\" \/>\n<meta property=\"og:locale\" content=\"es_ES\" \/>\n<meta property=\"og:type\" content=\"article\" \/>\n<meta property=\"og:title\" content=\"Non Refillable Vape Pod Devices Disposable Mini E-Cigarette Aluminum Tube Multi-flavors\" \/>\n<meta property=\"og:description\" content=\"Non Refillable Vape Pod Devices Disposable Mini E-Cigarette Aluminum Tube Multi-flavors 5% Nicotine Salt Strength 1.8\u03a9 Mesh coil\" \/>\n<meta property=\"og:url\" content=\"https:\/\/amxim.com\/es\/product\/dispositivos-de-vapeo-no-recargables-mini-cigarrillos-electronicos-desechables-tubo-de-aluminio-varios-sabores\/\" \/>\n<meta property=\"og:site_name\" content=\"AMXIM\" \/>\n<meta property=\"article:modified_time\" content=\"2026-02-04T03:01:41+00:00\" \/>\n<meta property=\"og:image\" content=\"https:\/\/amxim.com\/wp-content\/uploads\/2025\/03\/Non-Refillable-Vape-Pod-Devices-Disposable-Mini-E-Cigarette-Aluminum-Tube-Multi-flavors-1.webp\" \/>\n\t<meta property=\"og:image:width\" content=\"1000\" \/>\n\t<meta property=\"og:image:height\" content=\"1000\" \/>\n\t<meta property=\"og:image:type\" content=\"image\/webp\" \/>\n<meta name=\"twitter:card\" content=\"summary_large_image\" \/>\n<meta name=\"twitter:label1\" content=\"Tiempo de lectura\" \/>\n\t<meta name=\"twitter:data1\" content=\"1 minuto\" \/>\n<script type=\"application\/ld+json\" class=\"yoast-schema-graph\">{\"@context\":\"https:\/\/schema.org\",\"@graph\":[{\"@type\":\"WebPage\",\"@id\":\"https:\/\/amxim.com\/product\/non-refillable-vape-pod-devices-disposable-mini-e-cigarette-aluminum-tube-multi-flavors\/\",\"url\":\"https:\/\/amxim.com\/product\/non-refillable-vape-pod-devices-disposable-mini-e-cigarette-aluminum-tube-multi-flavors\/\",\"name\":\"Non Refillable Vape Pod Devices Disposable Mini E-Cigarette Aluminum Tube Multi-flavors\",\"isPartOf\":{\"@id\":\"https:\/\/amxim.com\/#website\"},\"primaryImageOfPage\":{\"@id\":\"https:\/\/amxim.com\/product\/non-refillable-vape-pod-devices-disposable-mini-e-cigarette-aluminum-tube-multi-flavors\/#primaryimage\"},\"image\":{\"@id\":\"https:\/\/amxim.com\/product\/non-refillable-vape-pod-devices-disposable-mini-e-cigarette-aluminum-tube-multi-flavors\/#primaryimage\"},\"thumbnailUrl\":\"https:\/\/amxim.com\/wp-content\/uploads\/2025\/03\/Non-Refillable-Vape-Pod-Devices-Disposable-Mini-E-Cigarette-Aluminum-Tube-Multi-flavors-1.webp\",\"datePublished\":\"2025-03-27T07:16:07+00:00\",\"dateModified\":\"2026-02-04T03:01:41+00:00\",\"description\":\"Non Refillable Vape Pod Devices Disposable Mini E-Cigarette Aluminum Tube Multi-flavors 5% Nicotine Salt Strength 1.8\u03a9 Mesh coil\",\"breadcrumb\":{\"@id\":\"https:\/\/amxim.com\/product\/non-refillable-vape-pod-devices-disposable-mini-e-cigarette-aluminum-tube-multi-flavors\/#breadcrumb\"},\"inLanguage\":\"es\",\"potentialAction\":[{\"@type\":\"ReadAction\",\"target\":[\"https:\/\/amxim.com\/product\/non-refillable-vape-pod-devices-disposable-mini-e-cigarette-aluminum-tube-multi-flavors\/\"]}]},{\"@type\":\"ImageObject\",\"inLanguage\":\"es\",\"@id\":\"https:\/\/amxim.com\/product\/non-refillable-vape-pod-devices-disposable-mini-e-cigarette-aluminum-tube-multi-flavors\/#primaryimage\",\"url\":\"https:\/\/amxim.com\/wp-content\/uploads\/2025\/03\/Non-Refillable-Vape-Pod-Devices-Disposable-Mini-E-Cigarette-Aluminum-Tube-Multi-flavors-1.webp\",\"contentUrl\":\"https:\/\/amxim.com\/wp-content\/uploads\/2025\/03\/Non-Refillable-Vape-Pod-Devices-Disposable-Mini-E-Cigarette-Aluminum-Tube-Multi-flavors-1.webp\",\"width\":1000,\"height\":1000,\"caption\":\"Non Refillable Vape Pod Devices Disposable Mini E-Cigarette Aluminum Tube Multi-flavors\"},{\"@type\":\"BreadcrumbList\",\"@id\":\"https:\/\/amxim.com\/product\/non-refillable-vape-pod-devices-disposable-mini-e-cigarette-aluminum-tube-multi-flavors\/#breadcrumb\",\"itemListElement\":[{\"@type\":\"ListItem\",\"position\":1,\"name\":\"Home\",\"item\":\"https:\/\/amxim.com\/en\/\"},{\"@type\":\"ListItem\",\"position\":2,\"name\":\"Products\",\"item\":\"https:\/\/amxim.com\/de\/products\/\"},{\"@type\":\"ListItem\",\"position\":3,\"name\":\"Non Refillable Vape Pod Devices Disposable Mini E-Cigarette Aluminum Tube Multi-flavors\"}]},{\"@type\":\"WebSite\",\"@id\":\"https:\/\/amxim.com\/#website\",\"url\":\"https:\/\/amxim.com\/\",\"name\":\"AMXIM\",\"description\":\"AMXIM-OEM ODM Vape Manufacturer\",\"publisher\":{\"@id\":\"https:\/\/amxim.com\/#organization\"},\"potentialAction\":[{\"@type\":\"SearchAction\",\"target\":{\"@type\":\"EntryPoint\",\"urlTemplate\":\"https:\/\/amxim.com\/?s={search_term_string}\"},\"query-input\":{\"@type\":\"PropertyValueSpecification\",\"valueRequired\":true,\"valueName\":\"search_term_string\"}}],\"inLanguage\":\"es\"},{\"@type\":\"Organization\",\"@id\":\"https:\/\/amxim.com\/#organization\",\"name\":\"AMXIM\",\"url\":\"https:\/\/amxim.com\/\",\"logo\":{\"@type\":\"ImageObject\",\"inLanguage\":\"es\",\"@id\":\"https:\/\/amxim.com\/#\/schema\/logo\/image\/\",\"url\":\"https:\/\/amxim.com\/wp-content\/uploads\/2025\/03\/cropped-AMXIM-fav.webp\",\"contentUrl\":\"https:\/\/amxim.com\/wp-content\/uploads\/2025\/03\/cropped-AMXIM-fav.webp\",\"width\":512,\"height\":512,\"caption\":\"AMXIM\"},\"image\":{\"@id\":\"https:\/\/amxim.com\/#\/schema\/logo\/image\/\"}}]}<\/script>\n<!-- \/ Yoast SEO plugin. -->","yoast_head_json":{"title":"Dispositivos de vapeo no recargables, minicigarrillos electr\u00f3nicos desechables, tubo de aluminio, varios sabores","description":"Cigarrillo electr\u00f3nico desechable mini, no recargable, con tubo de aluminio, sabores m\u00faltiples, nicotina 5%, resistencia de malla de 1.8\u03a9.","robots":{"index":"index","follow":"follow","max-snippet":"max-snippet:-1","max-image-preview":"max-image-preview:large","max-video-preview":"max-video-preview:-1"},"canonical":"https:\/\/amxim.com\/es\/product\/dispositivos-de-vapeo-no-recargables-mini-cigarrillos-electronicos-desechables-tubo-de-aluminio-varios-sabores\/","og_locale":"es_ES","og_type":"article","og_title":"Non Refillable Vape Pod Devices Disposable Mini E-Cigarette Aluminum Tube Multi-flavors","og_description":"Non Refillable Vape Pod Devices Disposable Mini E-Cigarette Aluminum Tube Multi-flavors 5% Nicotine Salt Strength 1.8\u03a9 Mesh coil","og_url":"https:\/\/amxim.com\/es\/product\/dispositivos-de-vapeo-no-recargables-mini-cigarrillos-electronicos-desechables-tubo-de-aluminio-varios-sabores\/","og_site_name":"AMXIM","article_modified_time":"2026-02-04T03:01:41+00:00","og_image":[{"width":1000,"height":1000,"url":"https:\/\/amxim.com\/wp-content\/uploads\/2025\/03\/Non-Refillable-Vape-Pod-Devices-Disposable-Mini-E-Cigarette-Aluminum-Tube-Multi-flavors-1.webp","type":"image\/webp"}],"twitter_card":"summary_large_image","twitter_misc":{"Tiempo de lectura":"1 minuto"},"schema":{"@context":"https:\/\/schema.org","@graph":[{"@type":"WebPage","@id":"https:\/\/amxim.com\/product\/non-refillable-vape-pod-devices-disposable-mini-e-cigarette-aluminum-tube-multi-flavors\/","url":"https:\/\/amxim.com\/product\/non-refillable-vape-pod-devices-disposable-mini-e-cigarette-aluminum-tube-multi-flavors\/","name":"Dispositivos de vapeo no recargables, minicigarrillos electr\u00f3nicos desechables, tubo de aluminio, varios sabores","isPartOf":{"@id":"https:\/\/amxim.com\/#website"},"primaryImageOfPage":{"@id":"https:\/\/amxim.com\/product\/non-refillable-vape-pod-devices-disposable-mini-e-cigarette-aluminum-tube-multi-flavors\/#primaryimage"},"image":{"@id":"https:\/\/amxim.com\/product\/non-refillable-vape-pod-devices-disposable-mini-e-cigarette-aluminum-tube-multi-flavors\/#primaryimage"},"thumbnailUrl":"https:\/\/amxim.com\/wp-content\/uploads\/2025\/03\/Non-Refillable-Vape-Pod-Devices-Disposable-Mini-E-Cigarette-Aluminum-Tube-Multi-flavors-1.webp","datePublished":"2025-03-27T07:16:07+00:00","dateModified":"2026-02-04T03:01:41+00:00","description":"Cigarrillo electr\u00f3nico desechable mini, no recargable, con tubo de aluminio, sabores m\u00faltiples, nicotina 5%, resistencia de malla de 1.8\u03a9.","breadcrumb":{"@id":"https:\/\/amxim.com\/product\/non-refillable-vape-pod-devices-disposable-mini-e-cigarette-aluminum-tube-multi-flavors\/#breadcrumb"},"inLanguage":"es","potentialAction":[{"@type":"ReadAction","target":["https:\/\/amxim.com\/product\/non-refillable-vape-pod-devices-disposable-mini-e-cigarette-aluminum-tube-multi-flavors\/"]}]},{"@type":"ImageObject","inLanguage":"es","@id":"https:\/\/amxim.com\/product\/non-refillable-vape-pod-devices-disposable-mini-e-cigarette-aluminum-tube-multi-flavors\/#primaryimage","url":"https:\/\/amxim.com\/wp-content\/uploads\/2025\/03\/Non-Refillable-Vape-Pod-Devices-Disposable-Mini-E-Cigarette-Aluminum-Tube-Multi-flavors-1.webp","contentUrl":"https:\/\/amxim.com\/wp-content\/uploads\/2025\/03\/Non-Refillable-Vape-Pod-Devices-Disposable-Mini-E-Cigarette-Aluminum-Tube-Multi-flavors-1.webp","width":1000,"height":1000,"caption":"Non Refillable Vape Pod Devices Disposable Mini E-Cigarette Aluminum Tube Multi-flavors"},{"@type":"BreadcrumbList","@id":"https:\/\/amxim.com\/product\/non-refillable-vape-pod-devices-disposable-mini-e-cigarette-aluminum-tube-multi-flavors\/#breadcrumb","itemListElement":[{"@type":"ListItem","position":1,"name":"Home","item":"https:\/\/amxim.com\/en\/"},{"@type":"ListItem","position":2,"name":"Products","item":"https:\/\/amxim.com\/de\/products\/"},{"@type":"ListItem","position":3,"name":"Non Refillable Vape Pod Devices Disposable Mini E-Cigarette Aluminum Tube Multi-flavors"}]},{"@type":"WebSite","@id":"https:\/\/amxim.com\/#website","url":"https:\/\/amxim.com\/","name":"AMXIM","description":"Fabricante de vaporizadores AMXIM-OEM ODM","publisher":{"@id":"https:\/\/amxim.com\/#organization"},"potentialAction":[{"@type":"SearchAction","target":{"@type":"EntryPoint","urlTemplate":"https:\/\/amxim.com\/?s={search_term_string}"},"query-input":{"@type":"PropertyValueSpecification","valueRequired":true,"valueName":"search_term_string"}}],"inLanguage":"es"},{"@type":"Organization","@id":"https:\/\/amxim.com\/#organization","name":"AMXIM","url":"https:\/\/amxim.com\/","logo":{"@type":"ImageObject","inLanguage":"es","@id":"https:\/\/amxim.com\/#\/schema\/logo\/image\/","url":"https:\/\/amxim.com\/wp-content\/uploads\/2025\/03\/cropped-AMXIM-fav.webp","contentUrl":"https:\/\/amxim.com\/wp-content\/uploads\/2025\/03\/cropped-AMXIM-fav.webp","width":512,"height":512,"caption":"AMXIM"},"image":{"@id":"https:\/\/amxim.com\/#\/schema\/logo\/image\/"}}]}},"_links":{"self":[{"href":"https:\/\/amxim.com\/es\/wp-json\/wp\/v2\/product\/10637","targetHints":{"allow":["GET"]}}],"collection":[{"href":"https:\/\/amxim.com\/es\/wp-json\/wp\/v2\/product"}],"about":[{"href":"https:\/\/amxim.com\/es\/wp-json\/wp\/v2\/types\/product"}],"replies":[{"embeddable":true,"href":"https:\/\/amxim.com\/es\/wp-json\/wp\/v2\/comments?post=10637"}],"version-history":[{"count":9,"href":"https:\/\/amxim.com\/es\/wp-json\/wp\/v2\/product\/10637\/revisions"}],"predecessor-version":[{"id":13523,"href":"https:\/\/amxim.com\/es\/wp-json\/wp\/v2\/product\/10637\/revisions\/13523"}],"wp:featuredmedia":[{"embeddable":true,"href":"https:\/\/amxim.com\/es\/wp-json\/wp\/v2\/media\/10640"}],"wp:attachment":[{"href":"https:\/\/amxim.com\/es\/wp-json\/wp\/v2\/media?parent=10637"}],"wp:term":[{"taxonomy":"product_brand","embeddable":true,"href":"https:\/\/amxim.com\/es\/wp-json\/wp\/v2\/product_brand?post=10637"},{"taxonomy":"product_cat","embeddable":true,"href":"https:\/\/amxim.com\/es\/wp-json\/wp\/v2\/product_cat?post=10637"},{"taxonomy":"product_tag","embeddable":true,"href":"https:\/\/amxim.com\/es\/wp-json\/wp\/v2\/product_tag?post=10637"}],"curies":[{"name":"gracias","href":"https:\/\/api.w.org\/{rel}","templated":true}]}}