{"id":11348,"date":"2025-04-18T02:04:19","date_gmt":"2025-04-18T02:04:19","guid":{"rendered":"https:\/\/amxim.com\/?post_type=product&#038;p=11348"},"modified":"2026-02-04T02:29:11","modified_gmt":"2026-02-04T02:29:11","slug":"boquilla-de-cristal-de-7-ml-1500-inhalaciones-vaporizador-desechable-bateria-de-850-mah","status":"publish","type":"product","link":"https:\/\/amxim.com\/es\/product\/boquilla-de-cristal-de-7-ml-1500-inhalaciones-vaporizador-desechable-bateria-de-850-mah\/","title":{"rendered":"Boquilla de cristal de 7,0 ml, 1500 inhalaciones, vaporizador desechable, bater\u00eda de 850 mAh"},"content":{"rendered":"<div class=\"product-description\">\n<h2 style=\"text-align: left;\">Boquilla de cristal de 7,0 ml, 1500 inhalaciones, vaporizador desechable, bater\u00eda de 850 mAh<\/h2>\n<p style=\"text-align: left;\">  Featuring a crystal mouthpiece, this 7ml disposable vape delivers up to 1500 puffs of smooth, flavorful vapor. Equipped with a 1.2\u03a9 mesh coil and 6ml prefilled e-liquid, it supports up to 50 flavors for a versatile vaping experience. Powered by an 850mAh rechargeable battery, this disposable vape ensures reliable performance and long-lasting use. Manufactured by a professional vape factory for OEM\/ODM services, it is designed for private-label brands, distributors, and scalable custom vape production.    <\/p>\n<h3 style=\"text-align: left;\">Caracter\u00edsticas principales<\/h3>\n<ul>\n<li style=\"text-align: left;\">Boquilla de cristal, cl\u00e1sica, brillante y transparente, aspecto barnizado al horno.<\/li>\n<li style=\"text-align: left;\">Tama\u00f1o cl\u00e1sico y dise\u00f1o port\u00e1til, satisface la demanda de vapear en cualquier momento y en cualquier lugar.<\/li>\n<li style=\"text-align: left;\">Tecnolog\u00eda de atomizaci\u00f3n central: bobina TC MESH precisa + algod\u00f3n org\u00e1nico de microfibra natural, hace que cada bocanada cuente.<\/li>\n<li style=\"text-align: left;\">Control de chip central, salida RMS, el sistema de control electrot\u00e9rmico \u00f3ptimo.<\/li>\n<li style=\"text-align: left;\">Numerosa selecci\u00f3n de sabores y gusto delicado, vapor completo y aroma rico.<\/li>\n<li style=\"text-align: left;\">Golpe de garganta suave y confortable. Sin atenuaci\u00f3n del sabor en absoluto.<\/li>\n<\/ul>\n<p>&nbsp;<\/p>\n<h3>Galer\u00eda de productos<\/h3>\n<p><img decoding=\"async\" style=\"width: 100%; margin: 0 auto;\" src=\"https:\/\/amxim.com\/wp-content\/uploads\/2025\/04\/Crystal-Mouthpiece-7.0ml-1500-Puffs-Disposable-Vape-850mAh-Battery-1.webp\" alt=\"Boquilla de cristal de 7,0 ml, 1500 inhalaciones, vaporizador desechable, bater\u00eda de 850 mAh\" \/><br \/>\n<img decoding=\"async\" style=\"width: 100%; margin: 0 auto;\" src=\"https:\/\/amxim.com\/wp-content\/uploads\/2025\/04\/Crystal-Mouthpiece-7.0ml-1500-Puffs-Disposable-Vape-850mAh-Battery-2.webp\" alt=\"Boquilla de cristal de 7,0 ml, 1500 inhalaciones, vaporizador desechable, bater\u00eda de 850 mAh\" \/><br \/>\n<img decoding=\"async\" style=\"width: 100%; margin: 0 auto;\" src=\"https:\/\/amxim.com\/wp-content\/uploads\/2025\/04\/Crystal-Mouthpiece-7.0ml-1500-Puffs-Disposable-Vape-850mAh-Battery-3.webp\" alt=\"Boquilla de cristal de 7,0 ml, 1500 inhalaciones, vaporizador desechable, bater\u00eda de 850 mAh\" \/><br \/>\n<img decoding=\"async\" style=\"width: 100%; margin: 0 auto;\" src=\"https:\/\/amxim.com\/wp-content\/uploads\/2025\/04\/Crystal-Mouthpiece-7.0ml-1500-Puffs-Disposable-Vape-850mAh-Battery-4.webp\" alt=\"Boquilla de cristal de 7,0 ml, 1500 inhalaciones, vaporizador desechable, bater\u00eda de 850 mAh\" \/><br \/>\n<img decoding=\"async\" style=\"width: 100%; margin: 0 auto;\" src=\"https:\/\/amxim.com\/wp-content\/uploads\/2025\/04\/Crystal-Mouthpiece-7.0ml-1500-Puffs-Disposable-Vape-850mAh-Battery-5.webp\" alt=\"Boquilla de cristal de 7,0 ml, 1500 inhalaciones, vaporizador desechable, bater\u00eda de 850 mAh\" \/><br \/>\n<img decoding=\"async\" style=\"width: 100%; margin: 0 auto;\" src=\"https:\/\/amxim.com\/wp-content\/uploads\/2025\/04\/Crystal-Mouthpiece-7.0ml-1500-Puffs-Disposable-Vape-850mAh-Battery-6.webp\" alt=\"Boquilla de cristal de 7,0 ml, 1500 inhalaciones, vaporizador desechable, bater\u00eda de 850 mAh\" \/><br \/>\n<img decoding=\"async\" style=\"width: 100%; margin: 0 auto;\" src=\"https:\/\/amxim.com\/wp-content\/uploads\/2025\/04\/Crystal-Mouthpiece-7.0ml-1500-Puffs-Disposable-Vape-850mAh-Battery-7.webp\" alt=\"Boquilla de cristal de 7,0 ml, 1500 inhalaciones, vaporizador desechable, bater\u00eda de 850 mAh\" \/><br \/>\n<img decoding=\"async\" style=\"width: 100%; margin: 0 auto;\" src=\"https:\/\/amxim.com\/wp-content\/uploads\/2025\/04\/Crystal-Mouthpiece-7.0ml-1500-Puffs-Disposable-Vape-850mAh-Battery-8.webp\" alt=\"Boquilla de cristal de 7,0 ml, 1500 inhalaciones, vaporizador desechable, bater\u00eda de 850 mAh\" \/><\/p>\n<\/div>\n<style>\n.product-description {\n    font-family: Arial, sans-serif;\n    max-width: 1400px;\n    margin: 0 auto;\n    padding: 20px;\n    background: #fff;\n    border-radius: 10px;\n    box-shadow: 0 4px 8px rgba(0, 0, 0, 0.1);\n    padding: 20px;\n    padding-bottom: 20px;\n}\n<\/style>","protected":false},"excerpt":{"rendered":"<h3>Especificaciones del producto<\/h3>\n<table>\n<tbody>\n<tr>\n<th style=\"text-align: left;\">Tipo de producto<\/th>\n<td style=\"text-align: left;\">Vape desechable recargable<\/td>\n<\/tr>\n<tr>\n<th style=\"text-align: left;\">Opciones de color<\/th>\n<td style=\"text-align: left;\">Mostrado o personalizado<\/td>\n<\/tr>\n<tr>\n<th style=\"text-align: left;\">Tama\u00f1o<\/th>\n<td style=\"text-align: left;\">20 x 112,5 (mm)<\/td>\n<\/tr>\n<tr>\n<th style=\"text-align: left;\">Sabor<\/th>\n<td style=\"text-align: left;\">Hasta 50 sabores<\/td>\n<\/tr>\n<tr>\n<th style=\"text-align: left;\">Serpent\u00edn de calentamiento<\/th>\n<td style=\"text-align: left;\">Bobina de malla de 1,2 \u03a9<\/td>\n<\/tr>\n<tr>\n<th style=\"text-align: left;\">L\u00edquido precargado<\/th>\n<td style=\"text-align: left;\">6,0 ml<\/td>\n<\/tr>\n<tr>\n<th style=\"text-align: left;\">Soplo<\/th>\n<td style=\"text-align: left;\">Hasta 1500 bocanadas<\/td>\n<\/tr>\n<tr>\n<th style=\"text-align: left;\">Bater\u00eda<\/th>\n<td style=\"text-align: left;\">Bater\u00eda recargable de 850 mAh<\/td>\n<\/tr>\n<\/tbody>\n<\/table>","protected":false},"featured_media":11361,"comment_status":"closed","ping_status":"closed","template":"","meta":[],"product_brand":[],"product_cat":[54,47],"product_tag":[],"class_list":{"0":"post-11348","1":"product","2":"type-product","3":"status-publish","4":"has-post-thumbnail","6":"product_cat-chargeable-disposable-vapes","7":"product_cat-disposable-vapes","9":"first","10":"instock","11":"featured","12":"shipping-taxable","13":"product-type-simple"},"yoast_head":"<!-- This site is optimized with the Yoast SEO plugin v26.9 - https:\/\/yoast.com\/product\/yoast-seo-wordpress\/ -->\n<title>Crystal Mouthpiece 7.0ml 1500 Puffs Disposable Vape 850mAh Battery<\/title>\n<meta name=\"description\" content=\"Crystal Mouthpiece 7.0ml 1500 Puffs Disposable Vape 850mAh Battery Rechargeable disposable Vape Up to 50 flavors Displayed or Customized\" \/>\n<meta name=\"robots\" content=\"index, follow, max-snippet:-1, max-image-preview:large, max-video-preview:-1\" \/>\n<link rel=\"canonical\" href=\"https:\/\/amxim.com\/es\/product\/boquilla-de-cristal-de-7-ml-1500-inhalaciones-vaporizador-desechable-bateria-de-850-mah\/\" \/>\n<meta property=\"og:locale\" content=\"es_ES\" \/>\n<meta property=\"og:type\" content=\"article\" \/>\n<meta property=\"og:title\" content=\"Crystal Mouthpiece 7.0ml 1500 Puffs Disposable Vape 850mAh Battery\" \/>\n<meta property=\"og:description\" content=\"Crystal Mouthpiece 7.0ml 1500 Puffs Disposable Vape 850mAh Battery Rechargeable disposable Vape Up to 50 flavors Displayed or Customized\" \/>\n<meta property=\"og:url\" content=\"https:\/\/amxim.com\/es\/product\/boquilla-de-cristal-de-7-ml-1500-inhalaciones-vaporizador-desechable-bateria-de-850-mah\/\" \/>\n<meta property=\"og:site_name\" content=\"AMXIM\" \/>\n<meta property=\"article:modified_time\" content=\"2026-02-04T02:29:11+00:00\" \/>\n<meta property=\"og:image\" content=\"https:\/\/amxim.com\/wp-content\/uploads\/2025\/04\/Crystal-Mouthpiece-7.0ml-1500-Puffs-Disposable-Vape-850mAh-Battery-13.webp\" \/>\n\t<meta property=\"og:image:width\" content=\"1000\" \/>\n\t<meta property=\"og:image:height\" content=\"1000\" \/>\n\t<meta property=\"og:image:type\" content=\"image\/webp\" \/>\n<meta name=\"twitter:card\" content=\"summary_large_image\" \/>\n<meta name=\"twitter:label1\" content=\"Tiempo de lectura\" \/>\n\t<meta name=\"twitter:data1\" content=\"3 minutos\" \/>\n<script type=\"application\/ld+json\" class=\"yoast-schema-graph\">{\"@context\":\"https:\/\/schema.org\",\"@graph\":[{\"@type\":\"WebPage\",\"@id\":\"https:\/\/amxim.com\/product\/crystal-mouthpiece-7-0ml-1500-puffs-disposable-vape-850mah-battery\/\",\"url\":\"https:\/\/amxim.com\/product\/crystal-mouthpiece-7-0ml-1500-puffs-disposable-vape-850mah-battery\/\",\"name\":\"Crystal Mouthpiece 7.0ml 1500 Puffs Disposable Vape 850mAh Battery\",\"isPartOf\":{\"@id\":\"https:\/\/amxim.com\/#website\"},\"primaryImageOfPage\":{\"@id\":\"https:\/\/amxim.com\/product\/crystal-mouthpiece-7-0ml-1500-puffs-disposable-vape-850mah-battery\/#primaryimage\"},\"image\":{\"@id\":\"https:\/\/amxim.com\/product\/crystal-mouthpiece-7-0ml-1500-puffs-disposable-vape-850mah-battery\/#primaryimage\"},\"thumbnailUrl\":\"https:\/\/amxim.com\/wp-content\/uploads\/2025\/04\/Crystal-Mouthpiece-7.0ml-1500-Puffs-Disposable-Vape-850mAh-Battery-13.webp\",\"datePublished\":\"2025-04-18T02:04:19+00:00\",\"dateModified\":\"2026-02-04T02:29:11+00:00\",\"description\":\"Crystal Mouthpiece 7.0ml 1500 Puffs Disposable Vape 850mAh Battery Rechargeable disposable Vape Up to 50 flavors Displayed or Customized\",\"breadcrumb\":{\"@id\":\"https:\/\/amxim.com\/product\/crystal-mouthpiece-7-0ml-1500-puffs-disposable-vape-850mah-battery\/#breadcrumb\"},\"inLanguage\":\"es\",\"potentialAction\":[{\"@type\":\"ReadAction\",\"target\":[\"https:\/\/amxim.com\/product\/crystal-mouthpiece-7-0ml-1500-puffs-disposable-vape-850mah-battery\/\"]}]},{\"@type\":\"ImageObject\",\"inLanguage\":\"es\",\"@id\":\"https:\/\/amxim.com\/product\/crystal-mouthpiece-7-0ml-1500-puffs-disposable-vape-850mah-battery\/#primaryimage\",\"url\":\"https:\/\/amxim.com\/wp-content\/uploads\/2025\/04\/Crystal-Mouthpiece-7.0ml-1500-Puffs-Disposable-Vape-850mAh-Battery-13.webp\",\"contentUrl\":\"https:\/\/amxim.com\/wp-content\/uploads\/2025\/04\/Crystal-Mouthpiece-7.0ml-1500-Puffs-Disposable-Vape-850mAh-Battery-13.webp\",\"width\":1000,\"height\":1000,\"caption\":\"Crystal Mouthpiece 7.0ml 1500 Puffs Disposable Vape 850mAh Battery\"},{\"@type\":\"BreadcrumbList\",\"@id\":\"https:\/\/amxim.com\/product\/crystal-mouthpiece-7-0ml-1500-puffs-disposable-vape-850mah-battery\/#breadcrumb\",\"itemListElement\":[{\"@type\":\"ListItem\",\"position\":1,\"name\":\"Home\",\"item\":\"https:\/\/amxim.com\/en\/\"},{\"@type\":\"ListItem\",\"position\":2,\"name\":\"Products\",\"item\":\"https:\/\/amxim.com\/de\/products\/\"},{\"@type\":\"ListItem\",\"position\":3,\"name\":\"Crystal Mouthpiece 7.0ml 1500 Puffs Disposable Vape 850mAh Battery\"}]},{\"@type\":\"WebSite\",\"@id\":\"https:\/\/amxim.com\/#website\",\"url\":\"https:\/\/amxim.com\/\",\"name\":\"AMXIM\",\"description\":\"AMXIM-OEM ODM Vape Manufacturer\",\"publisher\":{\"@id\":\"https:\/\/amxim.com\/#organization\"},\"potentialAction\":[{\"@type\":\"SearchAction\",\"target\":{\"@type\":\"EntryPoint\",\"urlTemplate\":\"https:\/\/amxim.com\/?s={search_term_string}\"},\"query-input\":{\"@type\":\"PropertyValueSpecification\",\"valueRequired\":true,\"valueName\":\"search_term_string\"}}],\"inLanguage\":\"es\"},{\"@type\":\"Organization\",\"@id\":\"https:\/\/amxim.com\/#organization\",\"name\":\"AMXIM\",\"url\":\"https:\/\/amxim.com\/\",\"logo\":{\"@type\":\"ImageObject\",\"inLanguage\":\"es\",\"@id\":\"https:\/\/amxim.com\/#\/schema\/logo\/image\/\",\"url\":\"https:\/\/amxim.com\/wp-content\/uploads\/2025\/03\/cropped-AMXIM-fav.webp\",\"contentUrl\":\"https:\/\/amxim.com\/wp-content\/uploads\/2025\/03\/cropped-AMXIM-fav.webp\",\"width\":512,\"height\":512,\"caption\":\"AMXIM\"},\"image\":{\"@id\":\"https:\/\/amxim.com\/#\/schema\/logo\/image\/\"}}]}<\/script>\n<!-- \/ Yoast SEO plugin. -->","yoast_head_json":{"title":"Boquilla de cristal de 7,0 ml, 1500 inhalaciones, vaporizador desechable, bater\u00eda de 850 mAh","description":"Boquilla de cristal 7.0ml 1500 bocanadas Vape desechable Bater\u00eda de 850mAh Vape desechable recargable Hasta 50 sabores Mostrados o personalizados","robots":{"index":"index","follow":"follow","max-snippet":"max-snippet:-1","max-image-preview":"max-image-preview:large","max-video-preview":"max-video-preview:-1"},"canonical":"https:\/\/amxim.com\/es\/product\/boquilla-de-cristal-de-7-ml-1500-inhalaciones-vaporizador-desechable-bateria-de-850-mah\/","og_locale":"es_ES","og_type":"article","og_title":"Crystal Mouthpiece 7.0ml 1500 Puffs Disposable Vape 850mAh Battery","og_description":"Crystal Mouthpiece 7.0ml 1500 Puffs Disposable Vape 850mAh Battery Rechargeable disposable Vape Up to 50 flavors Displayed or Customized","og_url":"https:\/\/amxim.com\/es\/product\/boquilla-de-cristal-de-7-ml-1500-inhalaciones-vaporizador-desechable-bateria-de-850-mah\/","og_site_name":"AMXIM","article_modified_time":"2026-02-04T02:29:11+00:00","og_image":[{"width":1000,"height":1000,"url":"https:\/\/amxim.com\/wp-content\/uploads\/2025\/04\/Crystal-Mouthpiece-7.0ml-1500-Puffs-Disposable-Vape-850mAh-Battery-13.webp","type":"image\/webp"}],"twitter_card":"summary_large_image","twitter_misc":{"Tiempo de lectura":"3 minutos"},"schema":{"@context":"https:\/\/schema.org","@graph":[{"@type":"WebPage","@id":"https:\/\/amxim.com\/product\/crystal-mouthpiece-7-0ml-1500-puffs-disposable-vape-850mah-battery\/","url":"https:\/\/amxim.com\/product\/crystal-mouthpiece-7-0ml-1500-puffs-disposable-vape-850mah-battery\/","name":"Boquilla de cristal de 7,0 ml, 1500 inhalaciones, vaporizador desechable, bater\u00eda de 850 mAh","isPartOf":{"@id":"https:\/\/amxim.com\/#website"},"primaryImageOfPage":{"@id":"https:\/\/amxim.com\/product\/crystal-mouthpiece-7-0ml-1500-puffs-disposable-vape-850mah-battery\/#primaryimage"},"image":{"@id":"https:\/\/amxim.com\/product\/crystal-mouthpiece-7-0ml-1500-puffs-disposable-vape-850mah-battery\/#primaryimage"},"thumbnailUrl":"https:\/\/amxim.com\/wp-content\/uploads\/2025\/04\/Crystal-Mouthpiece-7.0ml-1500-Puffs-Disposable-Vape-850mAh-Battery-13.webp","datePublished":"2025-04-18T02:04:19+00:00","dateModified":"2026-02-04T02:29:11+00:00","description":"Boquilla de cristal 7.0ml 1500 bocanadas Vape desechable Bater\u00eda de 850mAh Vape desechable recargable Hasta 50 sabores Mostrados o personalizados","breadcrumb":{"@id":"https:\/\/amxim.com\/product\/crystal-mouthpiece-7-0ml-1500-puffs-disposable-vape-850mah-battery\/#breadcrumb"},"inLanguage":"es","potentialAction":[{"@type":"ReadAction","target":["https:\/\/amxim.com\/product\/crystal-mouthpiece-7-0ml-1500-puffs-disposable-vape-850mah-battery\/"]}]},{"@type":"ImageObject","inLanguage":"es","@id":"https:\/\/amxim.com\/product\/crystal-mouthpiece-7-0ml-1500-puffs-disposable-vape-850mah-battery\/#primaryimage","url":"https:\/\/amxim.com\/wp-content\/uploads\/2025\/04\/Crystal-Mouthpiece-7.0ml-1500-Puffs-Disposable-Vape-850mAh-Battery-13.webp","contentUrl":"https:\/\/amxim.com\/wp-content\/uploads\/2025\/04\/Crystal-Mouthpiece-7.0ml-1500-Puffs-Disposable-Vape-850mAh-Battery-13.webp","width":1000,"height":1000,"caption":"Crystal Mouthpiece 7.0ml 1500 Puffs Disposable Vape 850mAh Battery"},{"@type":"BreadcrumbList","@id":"https:\/\/amxim.com\/product\/crystal-mouthpiece-7-0ml-1500-puffs-disposable-vape-850mah-battery\/#breadcrumb","itemListElement":[{"@type":"ListItem","position":1,"name":"Home","item":"https:\/\/amxim.com\/en\/"},{"@type":"ListItem","position":2,"name":"Products","item":"https:\/\/amxim.com\/de\/products\/"},{"@type":"ListItem","position":3,"name":"Crystal Mouthpiece 7.0ml 1500 Puffs Disposable Vape 850mAh Battery"}]},{"@type":"WebSite","@id":"https:\/\/amxim.com\/#website","url":"https:\/\/amxim.com\/","name":"AMXIM","description":"Fabricante de vaporizadores AMXIM-OEM ODM","publisher":{"@id":"https:\/\/amxim.com\/#organization"},"potentialAction":[{"@type":"SearchAction","target":{"@type":"EntryPoint","urlTemplate":"https:\/\/amxim.com\/?s={search_term_string}"},"query-input":{"@type":"PropertyValueSpecification","valueRequired":true,"valueName":"search_term_string"}}],"inLanguage":"es"},{"@type":"Organization","@id":"https:\/\/amxim.com\/#organization","name":"AMXIM","url":"https:\/\/amxim.com\/","logo":{"@type":"ImageObject","inLanguage":"es","@id":"https:\/\/amxim.com\/#\/schema\/logo\/image\/","url":"https:\/\/amxim.com\/wp-content\/uploads\/2025\/03\/cropped-AMXIM-fav.webp","contentUrl":"https:\/\/amxim.com\/wp-content\/uploads\/2025\/03\/cropped-AMXIM-fav.webp","width":512,"height":512,"caption":"AMXIM"},"image":{"@id":"https:\/\/amxim.com\/#\/schema\/logo\/image\/"}}]}},"_links":{"self":[{"href":"https:\/\/amxim.com\/es\/wp-json\/wp\/v2\/product\/11348","targetHints":{"allow":["GET"]}}],"collection":[{"href":"https:\/\/amxim.com\/es\/wp-json\/wp\/v2\/product"}],"about":[{"href":"https:\/\/amxim.com\/es\/wp-json\/wp\/v2\/types\/product"}],"replies":[{"embeddable":true,"href":"https:\/\/amxim.com\/es\/wp-json\/wp\/v2\/comments?post=11348"}],"version-history":[{"count":6,"href":"https:\/\/amxim.com\/es\/wp-json\/wp\/v2\/product\/11348\/revisions"}],"predecessor-version":[{"id":13489,"href":"https:\/\/amxim.com\/es\/wp-json\/wp\/v2\/product\/11348\/revisions\/13489"}],"wp:featuredmedia":[{"embeddable":true,"href":"https:\/\/amxim.com\/es\/wp-json\/wp\/v2\/media\/11361"}],"wp:attachment":[{"href":"https:\/\/amxim.com\/es\/wp-json\/wp\/v2\/media?parent=11348"}],"wp:term":[{"taxonomy":"product_brand","embeddable":true,"href":"https:\/\/amxim.com\/es\/wp-json\/wp\/v2\/product_brand?post=11348"},{"taxonomy":"product_cat","embeddable":true,"href":"https:\/\/amxim.com\/es\/wp-json\/wp\/v2\/product_cat?post=11348"},{"taxonomy":"product_tag","embeddable":true,"href":"https:\/\/amxim.com\/es\/wp-json\/wp\/v2\/product_tag?post=11348"}],"curies":[{"name":"gracias","href":"https:\/\/api.w.org\/{rel}","templated":true}]}}