{"id":11417,"date":"2025-04-18T06:25:14","date_gmt":"2025-04-18T06:25:14","guid":{"rendered":"https:\/\/amxim.com\/?post_type=product&#038;p=11417"},"modified":"2026-02-04T02:06:37","modified_gmt":"2026-02-04T02:06:37","slug":"vape-desechable-precargado-de-gran-capacidad-de-20-ml-bobina-de-malla-doble-recargable-de-850-mah-pantalla-a-color","status":"publish","type":"product","link":"https:\/\/amxim.com\/es\/product\/vape-desechable-precargado-de-gran-capacidad-de-20-ml-bobina-de-malla-doble-recargable-de-850-mah-pantalla-a-color\/","title":{"rendered":"Vape desechable precargado de gran capacidad de 20 ml, bobina de malla doble, 850 mAh, recargable, pantalla a color"},"content":{"rendered":"<div class=\"product-description\">\n<h2 style=\"text-align: left;\">Vape desechable precargado de gran capacidad de 20 ml, bobina de malla doble, 850 mAh, recargable, pantalla a color<\/h2>\n<p style=\"text-align: left;\">   This large-capacity 20ml prefilled disposable vape is produced by a professional vape factory for OEM\/ODM customization and bulk wholesale supply. Featuring dual mesh coils and an 850mAh rechargeable battery, it delivers up to 1500 puffs of smooth, consistent vapor. The device comes with a color display and supports custom color options, enabling brands to create unique, private-label products. With up to 50 flavors, this disposable vape combines performance, versatility, and style, making it perfectly suited for distributors, private label brands, and large-scale custom vape production.   <\/p>\n<h3 style=\"text-align: left;\">Caracter\u00edsticas principales<\/h3>\n<ul>\n<li style=\"text-align: left;\">Este producto es un cigarrillo desechable de gran tama\u00f1o con una gran pantalla a color, una gran capacidad de 20 ml, recargable y f\u00e1cil de usar.<\/li>\n<li style=\"text-align: left;\">Adopta tecnolog\u00eda de atomizaci\u00f3n de doble n\u00facleo: placa calefactora el\u00e9ctrica MESH con control de temperatura preciso + algod\u00f3n org\u00e1nico de microfibra natural, preparando con cuidado cada bocado.<\/li>\n<li style=\"text-align: left;\">Dos poderes para que el cliente los ajuste seg\u00fan sus preferencias.<\/li>\n<li style=\"text-align: left;\">La interfaz de usuario de pantalla grande tiene un dise\u00f1o \u00fanico y muestra con precisi\u00f3n los niveles de aceite y energ\u00eda.<\/li>\n<\/ul>\n<p>&nbsp;<\/p>\n<h3>Galer\u00eda de productos<\/h3>\n<p><img decoding=\"async\" style=\"width: 100%; margin: 0 auto;\" src=\"https:\/\/amxim.com\/wp-content\/uploads\/2025\/04\/Large-Capacity-20ml-Prefilled-Disposable-Vape-Dual-Mesh-Coil-850mAh-Rechargeable-Color-Display\" alt=\"Vape desechable precargado de gran capacidad de 20 ml, bobina de malla doble, 850 mAh, recargable, pantalla a color\" \/><br \/>\n<img decoding=\"async\" style=\"width: 100%; margin: 0 auto;\" src=\"https:\/\/amxim.com\/wp-content\/uploads\/2025\/04\/Large-Capacity-20ml-Prefilled-Disposable-Vape-Dual-Mesh-Coil-850mAh-Rechargeable-Color-Display-3\" alt=\"Vape desechable precargado de gran capacidad de 20 ml, bobina de malla doble, 850 mAh, recargable, pantalla a color\" \/><br \/>\n<img decoding=\"async\" style=\"width: 100%; margin: 0 auto;\" src=\"https:\/\/amxim.com\/wp-content\/uploads\/2025\/04\/Large-Capacity-20ml-Prefilled-Disposable-Vape-Dual-Mesh-Coil-850mAh-Rechargeable-Color-Display-4\" alt=\"Vape desechable precargado de gran capacidad de 20 ml, bobina de malla doble, 850 mAh, recargable, pantalla a color\" \/><br \/>\n<img decoding=\"async\" style=\"width: 100%; margin: 0 auto;\" src=\"https:\/\/amxim.com\/wp-content\/uploads\/2025\/04\/Large-Capacity-20ml-Prefilled-Disposable-Vape-Dual-Mesh-Coil-850mAh-Rechargeable-Color-Display-5\" alt=\"Vape desechable precargado de gran capacidad de 20 ml, bobina de malla doble, 850 mAh, recargable, pantalla a color\" \/><\/p>\n<\/div>\n<style>\n.product-description {\n    font-family: Arial, sans-serif;\n    max-width: 1400px;\n    margin: 0 auto;\n    padding: 20px;\n    background: #fff;\n    border-radius: 10px;\n    box-shadow: 0 4px 8px rgba(0, 0, 0, 0.1);\n    padding: 20px;\n    padding-bottom: 20px;\n}\n<\/style>","protected":false},"excerpt":{"rendered":"<h3>Especificaciones del producto<\/h3>\n<table>\n<tbody>\n<tr>\n<th style=\"text-align: left;\">Tipo de producto<\/th>\n<td style=\"text-align: left;\">Vape desechable recargable<\/td>\n<\/tr>\n<tr>\n<th style=\"text-align: left;\">Opciones de color<\/th>\n<td style=\"text-align: left;\">Mostrado o personalizado<\/td>\n<\/tr>\n<tr>\n<th style=\"text-align: left;\">Tama\u00f1o<\/th>\n<td style=\"text-align: left;\">51,5 x 33 x 101,6 (mm)<\/td>\n<\/tr>\n<tr>\n<th style=\"text-align: left;\">Sabor<\/th>\n<td style=\"text-align: left;\">Hasta 50 sabores<\/td>\n<\/tr>\n<tr>\n<th style=\"text-align: left;\">L\u00edquido precargado<\/th>\n<td style=\"text-align: left;\">20 ml<\/td>\n<\/tr>\n<tr>\n<th style=\"text-align: left;\">Soplo<\/th>\n<td style=\"text-align: left;\">Hasta 1500 bocanadas<\/td>\n<\/tr>\n<tr>\n<th style=\"text-align: left;\">Bater\u00eda<\/th>\n<td style=\"text-align: left;\">Bater\u00eda recargable de 850 mAh<\/td>\n<\/tr>\n<\/tbody>\n<\/table>","protected":false},"featured_media":11464,"comment_status":"closed","ping_status":"closed","template":"","meta":[],"product_brand":[],"product_cat":[54,47],"product_tag":[],"class_list":{"0":"post-11417","1":"product","2":"type-product","3":"status-publish","4":"has-post-thumbnail","6":"product_cat-chargeable-disposable-vapes","7":"product_cat-disposable-vapes","9":"first","10":"instock","11":"shipping-taxable","12":"product-type-simple"},"yoast_head":"<!-- This site is optimized with the Yoast SEO plugin v26.9 - https:\/\/yoast.com\/product\/yoast-seo-wordpress\/ -->\n<title>Large Capacity 20ml Prefilled Disposable Vape Dual Mesh Coil 850mAh Rechargeable Color Display<\/title>\n<meta name=\"description\" content=\"Large Capacity 20ml Prefilled Disposable Vape Dual Mesh Coil 850mAh Rechargeable Color Display TYPE-C charging Up to 50 flavors Displayed or Customized\" \/>\n<meta name=\"robots\" content=\"index, follow, max-snippet:-1, max-image-preview:large, max-video-preview:-1\" \/>\n<link rel=\"canonical\" href=\"https:\/\/amxim.com\/es\/product\/vape-desechable-precargado-de-gran-capacidad-de-20-ml-bobina-de-malla-doble-recargable-de-850-mah-pantalla-a-color\/\" \/>\n<meta property=\"og:locale\" content=\"es_ES\" \/>\n<meta property=\"og:type\" content=\"article\" \/>\n<meta property=\"og:title\" content=\"Large Capacity 20ml Prefilled Disposable Vape Dual Mesh Coil 850mAh Rechargeable Color Display\" \/>\n<meta property=\"og:description\" content=\"Large Capacity 20ml Prefilled Disposable Vape Dual Mesh Coil 850mAh Rechargeable Color Display TYPE-C charging Up to 50 flavors Displayed or Customized\" \/>\n<meta property=\"og:url\" content=\"https:\/\/amxim.com\/es\/product\/vape-desechable-precargado-de-gran-capacidad-de-20-ml-bobina-de-malla-doble-recargable-de-850-mah-pantalla-a-color\/\" \/>\n<meta property=\"og:site_name\" content=\"AMXIM\" \/>\n<meta property=\"article:modified_time\" content=\"2026-02-04T02:06:37+00:00\" \/>\n<meta property=\"og:image\" content=\"https:\/\/amxim.com\/wp-content\/uploads\/2025\/04\/Large-Capacity-20ml-Prefilled-Disposable-Vape-Dual-Mesh-Coil-850mAh-Rechargeable-Color-Display-1.webp\" \/>\n\t<meta property=\"og:image:width\" content=\"1000\" \/>\n\t<meta property=\"og:image:height\" content=\"1000\" \/>\n\t<meta property=\"og:image:type\" content=\"image\/webp\" \/>\n<meta name=\"twitter:card\" content=\"summary_large_image\" \/>\n<meta name=\"twitter:label1\" content=\"Tiempo de lectura\" \/>\n\t<meta name=\"twitter:data1\" content=\"2 minutos\" \/>\n<script type=\"application\/ld+json\" class=\"yoast-schema-graph\">{\"@context\":\"https:\/\/schema.org\",\"@graph\":[{\"@type\":\"WebPage\",\"@id\":\"https:\/\/amxim.com\/product\/large-capacity-20ml-prefilled-disposable-vape-dual-mesh-coil-850mah-rechargeable-color-display\/\",\"url\":\"https:\/\/amxim.com\/product\/large-capacity-20ml-prefilled-disposable-vape-dual-mesh-coil-850mah-rechargeable-color-display\/\",\"name\":\"Large Capacity 20ml Prefilled Disposable Vape Dual Mesh Coil 850mAh Rechargeable Color Display\",\"isPartOf\":{\"@id\":\"https:\/\/amxim.com\/#website\"},\"primaryImageOfPage\":{\"@id\":\"https:\/\/amxim.com\/product\/large-capacity-20ml-prefilled-disposable-vape-dual-mesh-coil-850mah-rechargeable-color-display\/#primaryimage\"},\"image\":{\"@id\":\"https:\/\/amxim.com\/product\/large-capacity-20ml-prefilled-disposable-vape-dual-mesh-coil-850mah-rechargeable-color-display\/#primaryimage\"},\"thumbnailUrl\":\"https:\/\/amxim.com\/wp-content\/uploads\/2025\/04\/Large-Capacity-20ml-Prefilled-Disposable-Vape-Dual-Mesh-Coil-850mAh-Rechargeable-Color-Display-1.webp\",\"datePublished\":\"2025-04-18T06:25:14+00:00\",\"dateModified\":\"2026-02-04T02:06:37+00:00\",\"description\":\"Large Capacity 20ml Prefilled Disposable Vape Dual Mesh Coil 850mAh Rechargeable Color Display TYPE-C charging Up to 50 flavors Displayed or Customized\",\"breadcrumb\":{\"@id\":\"https:\/\/amxim.com\/product\/large-capacity-20ml-prefilled-disposable-vape-dual-mesh-coil-850mah-rechargeable-color-display\/#breadcrumb\"},\"inLanguage\":\"es\",\"potentialAction\":[{\"@type\":\"ReadAction\",\"target\":[\"https:\/\/amxim.com\/product\/large-capacity-20ml-prefilled-disposable-vape-dual-mesh-coil-850mah-rechargeable-color-display\/\"]}]},{\"@type\":\"ImageObject\",\"inLanguage\":\"es\",\"@id\":\"https:\/\/amxim.com\/product\/large-capacity-20ml-prefilled-disposable-vape-dual-mesh-coil-850mah-rechargeable-color-display\/#primaryimage\",\"url\":\"https:\/\/amxim.com\/wp-content\/uploads\/2025\/04\/Large-Capacity-20ml-Prefilled-Disposable-Vape-Dual-Mesh-Coil-850mAh-Rechargeable-Color-Display-1.webp\",\"contentUrl\":\"https:\/\/amxim.com\/wp-content\/uploads\/2025\/04\/Large-Capacity-20ml-Prefilled-Disposable-Vape-Dual-Mesh-Coil-850mAh-Rechargeable-Color-Display-1.webp\",\"width\":1000,\"height\":1000,\"caption\":\"Large Capacity 20ml Prefilled Disposable Vape Dual Mesh Coil 850mAh Rechargeable Color Display\"},{\"@type\":\"BreadcrumbList\",\"@id\":\"https:\/\/amxim.com\/product\/large-capacity-20ml-prefilled-disposable-vape-dual-mesh-coil-850mah-rechargeable-color-display\/#breadcrumb\",\"itemListElement\":[{\"@type\":\"ListItem\",\"position\":1,\"name\":\"Home\",\"item\":\"https:\/\/amxim.com\/\"},{\"@type\":\"ListItem\",\"position\":2,\"name\":\"Products\",\"item\":\"https:\/\/amxim.com\/de\/products\/\"},{\"@type\":\"ListItem\",\"position\":3,\"name\":\"Large Capacity 20ml Prefilled Disposable Vape Dual Mesh Coil 850mAh Rechargeable Color Display\"}]},{\"@type\":\"WebSite\",\"@id\":\"https:\/\/amxim.com\/#website\",\"url\":\"https:\/\/amxim.com\/\",\"name\":\"AMXIM\",\"description\":\"AMXIM-OEM ODM Vape Manufacturer\",\"publisher\":{\"@id\":\"https:\/\/amxim.com\/#organization\"},\"potentialAction\":[{\"@type\":\"SearchAction\",\"target\":{\"@type\":\"EntryPoint\",\"urlTemplate\":\"https:\/\/amxim.com\/?s={search_term_string}\"},\"query-input\":{\"@type\":\"PropertyValueSpecification\",\"valueRequired\":true,\"valueName\":\"search_term_string\"}}],\"inLanguage\":\"es\"},{\"@type\":\"Organization\",\"@id\":\"https:\/\/amxim.com\/#organization\",\"name\":\"AMXIM\",\"url\":\"https:\/\/amxim.com\/\",\"logo\":{\"@type\":\"ImageObject\",\"inLanguage\":\"es\",\"@id\":\"https:\/\/amxim.com\/#\/schema\/logo\/image\/\",\"url\":\"https:\/\/amxim.com\/wp-content\/uploads\/2025\/03\/cropped-AMXIM-fav.webp\",\"contentUrl\":\"https:\/\/amxim.com\/wp-content\/uploads\/2025\/03\/cropped-AMXIM-fav.webp\",\"width\":512,\"height\":512,\"caption\":\"AMXIM\"},\"image\":{\"@id\":\"https:\/\/amxim.com\/#\/schema\/logo\/image\/\"}}]}<\/script>\n<!-- \/ Yoast SEO plugin. -->","yoast_head_json":{"title":"Vape desechable precargado de gran capacidad de 20 ml, bobina de malla doble, 850 mAh, recargable, pantalla a color","description":"Vape desechable precargado de gran capacidad de 20 ml, bobina de malla doble, 850 mAh, recargable, pantalla a color, carga TIPO C, hasta 50 sabores mostrados o personalizados","robots":{"index":"index","follow":"follow","max-snippet":"max-snippet:-1","max-image-preview":"max-image-preview:large","max-video-preview":"max-video-preview:-1"},"canonical":"https:\/\/amxim.com\/es\/product\/vape-desechable-precargado-de-gran-capacidad-de-20-ml-bobina-de-malla-doble-recargable-de-850-mah-pantalla-a-color\/","og_locale":"es_ES","og_type":"article","og_title":"Large Capacity 20ml Prefilled Disposable Vape Dual Mesh Coil 850mAh Rechargeable Color Display","og_description":"Large Capacity 20ml Prefilled Disposable Vape Dual Mesh Coil 850mAh Rechargeable Color Display TYPE-C charging Up to 50 flavors Displayed or Customized","og_url":"https:\/\/amxim.com\/es\/product\/vape-desechable-precargado-de-gran-capacidad-de-20-ml-bobina-de-malla-doble-recargable-de-850-mah-pantalla-a-color\/","og_site_name":"AMXIM","article_modified_time":"2026-02-04T02:06:37+00:00","og_image":[{"width":1000,"height":1000,"url":"https:\/\/amxim.com\/wp-content\/uploads\/2025\/04\/Large-Capacity-20ml-Prefilled-Disposable-Vape-Dual-Mesh-Coil-850mAh-Rechargeable-Color-Display-1.webp","type":"image\/webp"}],"twitter_card":"summary_large_image","twitter_misc":{"Tiempo de lectura":"2 minutos"},"schema":{"@context":"https:\/\/schema.org","@graph":[{"@type":"WebPage","@id":"https:\/\/amxim.com\/product\/large-capacity-20ml-prefilled-disposable-vape-dual-mesh-coil-850mah-rechargeable-color-display\/","url":"https:\/\/amxim.com\/product\/large-capacity-20ml-prefilled-disposable-vape-dual-mesh-coil-850mah-rechargeable-color-display\/","name":"Vape desechable precargado de gran capacidad de 20 ml, bobina de malla doble, 850 mAh, recargable, pantalla a color","isPartOf":{"@id":"https:\/\/amxim.com\/#website"},"primaryImageOfPage":{"@id":"https:\/\/amxim.com\/product\/large-capacity-20ml-prefilled-disposable-vape-dual-mesh-coil-850mah-rechargeable-color-display\/#primaryimage"},"image":{"@id":"https:\/\/amxim.com\/product\/large-capacity-20ml-prefilled-disposable-vape-dual-mesh-coil-850mah-rechargeable-color-display\/#primaryimage"},"thumbnailUrl":"https:\/\/amxim.com\/wp-content\/uploads\/2025\/04\/Large-Capacity-20ml-Prefilled-Disposable-Vape-Dual-Mesh-Coil-850mAh-Rechargeable-Color-Display-1.webp","datePublished":"2025-04-18T06:25:14+00:00","dateModified":"2026-02-04T02:06:37+00:00","description":"Vape desechable precargado de gran capacidad de 20 ml, bobina de malla doble, 850 mAh, recargable, pantalla a color, carga TIPO C, hasta 50 sabores mostrados o personalizados","breadcrumb":{"@id":"https:\/\/amxim.com\/product\/large-capacity-20ml-prefilled-disposable-vape-dual-mesh-coil-850mah-rechargeable-color-display\/#breadcrumb"},"inLanguage":"es","potentialAction":[{"@type":"ReadAction","target":["https:\/\/amxim.com\/product\/large-capacity-20ml-prefilled-disposable-vape-dual-mesh-coil-850mah-rechargeable-color-display\/"]}]},{"@type":"ImageObject","inLanguage":"es","@id":"https:\/\/amxim.com\/product\/large-capacity-20ml-prefilled-disposable-vape-dual-mesh-coil-850mah-rechargeable-color-display\/#primaryimage","url":"https:\/\/amxim.com\/wp-content\/uploads\/2025\/04\/Large-Capacity-20ml-Prefilled-Disposable-Vape-Dual-Mesh-Coil-850mAh-Rechargeable-Color-Display-1.webp","contentUrl":"https:\/\/amxim.com\/wp-content\/uploads\/2025\/04\/Large-Capacity-20ml-Prefilled-Disposable-Vape-Dual-Mesh-Coil-850mAh-Rechargeable-Color-Display-1.webp","width":1000,"height":1000,"caption":"Large Capacity 20ml Prefilled Disposable Vape Dual Mesh Coil 850mAh Rechargeable Color Display"},{"@type":"BreadcrumbList","@id":"https:\/\/amxim.com\/product\/large-capacity-20ml-prefilled-disposable-vape-dual-mesh-coil-850mah-rechargeable-color-display\/#breadcrumb","itemListElement":[{"@type":"ListItem","position":1,"name":"Home","item":"https:\/\/amxim.com\/"},{"@type":"ListItem","position":2,"name":"Products","item":"https:\/\/amxim.com\/de\/products\/"},{"@type":"ListItem","position":3,"name":"Large Capacity 20ml Prefilled Disposable Vape Dual Mesh Coil 850mAh Rechargeable Color Display"}]},{"@type":"WebSite","@id":"https:\/\/amxim.com\/#website","url":"https:\/\/amxim.com\/","name":"AMXIM","description":"Fabricante de vaporizadores AMXIM-OEM ODM","publisher":{"@id":"https:\/\/amxim.com\/#organization"},"potentialAction":[{"@type":"SearchAction","target":{"@type":"EntryPoint","urlTemplate":"https:\/\/amxim.com\/?s={search_term_string}"},"query-input":{"@type":"PropertyValueSpecification","valueRequired":true,"valueName":"search_term_string"}}],"inLanguage":"es"},{"@type":"Organization","@id":"https:\/\/amxim.com\/#organization","name":"AMXIM","url":"https:\/\/amxim.com\/","logo":{"@type":"ImageObject","inLanguage":"es","@id":"https:\/\/amxim.com\/#\/schema\/logo\/image\/","url":"https:\/\/amxim.com\/wp-content\/uploads\/2025\/03\/cropped-AMXIM-fav.webp","contentUrl":"https:\/\/amxim.com\/wp-content\/uploads\/2025\/03\/cropped-AMXIM-fav.webp","width":512,"height":512,"caption":"AMXIM"},"image":{"@id":"https:\/\/amxim.com\/#\/schema\/logo\/image\/"}}]}},"_links":{"self":[{"href":"https:\/\/amxim.com\/es\/wp-json\/wp\/v2\/product\/11417","targetHints":{"allow":["GET"]}}],"collection":[{"href":"https:\/\/amxim.com\/es\/wp-json\/wp\/v2\/product"}],"about":[{"href":"https:\/\/amxim.com\/es\/wp-json\/wp\/v2\/types\/product"}],"replies":[{"embeddable":true,"href":"https:\/\/amxim.com\/es\/wp-json\/wp\/v2\/comments?post=11417"}],"version-history":[{"count":6,"href":"https:\/\/amxim.com\/es\/wp-json\/wp\/v2\/product\/11417\/revisions"}],"predecessor-version":[{"id":13478,"href":"https:\/\/amxim.com\/es\/wp-json\/wp\/v2\/product\/11417\/revisions\/13478"}],"wp:featuredmedia":[{"embeddable":true,"href":"https:\/\/amxim.com\/es\/wp-json\/wp\/v2\/media\/11464"}],"wp:attachment":[{"href":"https:\/\/amxim.com\/es\/wp-json\/wp\/v2\/media?parent=11417"}],"wp:term":[{"taxonomy":"product_brand","embeddable":true,"href":"https:\/\/amxim.com\/es\/wp-json\/wp\/v2\/product_brand?post=11417"},{"taxonomy":"product_cat","embeddable":true,"href":"https:\/\/amxim.com\/es\/wp-json\/wp\/v2\/product_cat?post=11417"},{"taxonomy":"product_tag","embeddable":true,"href":"https:\/\/amxim.com\/es\/wp-json\/wp\/v2\/product_tag?post=11417"}],"curies":[{"name":"gracias","href":"https:\/\/api.w.org\/{rel}","templated":true}]}}