{"id":11827,"date":"2025-04-30T02:14:10","date_gmt":"2025-04-30T02:14:10","guid":{"rendered":"https:\/\/amxim.com\/?post_type=product&#038;p=11827"},"modified":"2026-04-16T09:30:18","modified_gmt":"2026-04-16T09:30:18","slug":"cigarrillo-electronico-recargable-con-sistema-de-vapeo-compatible-con-tpd-bateria-de-500-mah-2-ml-de-liquido-e-liquido-y-5-de-nicotina","status":"publish","type":"product","link":"https:\/\/amxim.com\/es\/product\/cigarrillo-electronico-recargable-con-sistema-de-vapeo-compatible-con-tpd-bateria-de-500-mah-2-ml-de-liquido-e-liquido-y-5-de-nicotina\/","title":{"rendered":"Sistema de vapeo recargable de cigarrillo electr\u00f3nico compatible con TPD, bater\u00eda de 500 mAh, 2,0 ml de e-l\u00edquido, nicotina 5%"},"content":{"rendered":"<h2 style=\"text-align: left;\">Sistema de vapeo recargable de cigarrillo electr\u00f3nico compatible con TPD, bater\u00eda de 500 mAh, 2,0 ml de e-l\u00edquido, nicotina 5%<\/h2>\n<p style=\"text-align: left;\">This TPD-compliant rechargeable vape pod system features a 2ml prefilled e-liquid tank with 5% nicotine, delivering smooth flavor and consistent vapor. Supporting up to 50 flavor options, it is suitable for diverse markets and user preferences.<\/p>\n<p>Compact at 16 \u00d7 109 mm, the device is made from durable stainless steel and PC, offering a premium feel and ergonomic design. A 500mAh rechargeable battery with Type-C charging ensures reliable performance and convenient daily use.<\/p>\n<p>Certified TPD-compliant pod system with OEM\/ODM and white label support, CE, RoHS, and FCC certified\u2014perfect for distributors and importers seeking factory-direct, high-quality pod vapes with scalable production.<\/p>","protected":false},"excerpt":{"rendered":"<h3>Especificaciones del producto<\/h3>\n<table>\n<tbody>\n<tr>\n<th style=\"text-align: left;\">Tipo de producto<\/th>\n<td style=\"text-align: left;\">POD recargable\/reemplazable<\/td>\n<\/tr>\n<tr>\n<th style=\"text-align: left;\">Opciones de color<\/th>\n<td style=\"text-align: left;\">Mostrado o personalizado<\/td>\n<\/tr>\n<tr>\n<th style=\"text-align: left;\">Tama\u00f1o<\/th>\n<td style=\"text-align: left;\">16 x 109 (mm)<\/td>\n<\/tr>\n<tr>\n<th style=\"text-align: left;\">Sabor<\/th>\n<td style=\"text-align: left;\">Hasta 50 sabores<\/td>\n<\/tr>\n<tr>\n<th style=\"text-align: left;\">L\u00edquido precargado<\/th>\n<td style=\"text-align: left;\">2,0 ml<\/td>\n<\/tr>\n<tr>\n<th style=\"text-align: left;\">Bater\u00eda<\/th>\n<td style=\"text-align: left;\">500 mAh recargable<\/td>\n<\/tr>\n<tr>\n<th style=\"text-align: left;\">Puerto de carga<\/th>\n<td style=\"text-align: left;\">Tipo -C<\/td>\n<\/tr>\n<tr>\n<th style=\"text-align: left;\">Nicotina<\/th>\n<td style=\"text-align: left;\">5% Nicotina<\/td>\n<\/tr>\n<tr>\n<th style=\"text-align: left;\">Materiales principales<\/th>\n<td style=\"text-align: left;\">Acero inoxidable + PC<\/td>\n<\/tr>\n<\/tbody>\n<\/table>","protected":false},"featured_media":11839,"comment_status":"closed","ping_status":"closed","template":"","meta":[],"product_brand":[],"product_cat":[50],"product_tag":[],"class_list":{"0":"post-11827","1":"product","2":"type-product","3":"status-publish","4":"has-post-thumbnail","6":"product_cat-pod-systems","8":"first","9":"instock","10":"shipping-taxable","11":"product-type-simple"},"yoast_head":"<!-- This site is optimized with the Yoast SEO plugin v26.9 - https:\/\/yoast.com\/product\/yoast-seo-wordpress\/ -->\n<title>TPD Compliant E-Cigarett Rechargeable Vape Pod System 500mAh Battery 2.0ml E-liquid 5% Nicotine<\/title>\n<meta name=\"description\" content=\"TPD Compliant E-Cigarett Rechargeable Vape Pod System 500mAh Battery 2.0ml E-liquid 5% Nicotine Up to 50 flavors Displayed or Customized\" \/>\n<meta name=\"robots\" content=\"index, follow, max-snippet:-1, max-image-preview:large, max-video-preview:-1\" \/>\n<link rel=\"canonical\" href=\"https:\/\/amxim.com\/es\/product\/cigarrillo-electronico-recargable-con-sistema-de-vapeo-compatible-con-tpd-bateria-de-500-mah-2-ml-de-liquido-e-liquido-y-5-de-nicotina\/\" \/>\n<meta property=\"og:locale\" content=\"es_ES\" \/>\n<meta property=\"og:type\" content=\"article\" \/>\n<meta property=\"og:title\" content=\"TPD Compliant E-Cigarett Rechargeable Vape Pod System 500mAh Battery 2.0ml E-liquid 5% Nicotine\" \/>\n<meta property=\"og:description\" content=\"TPD Compliant E-Cigarett Rechargeable Vape Pod System 500mAh Battery 2.0ml E-liquid 5% Nicotine Up to 50 flavors Displayed or Customized\" \/>\n<meta property=\"og:url\" content=\"https:\/\/amxim.com\/es\/product\/cigarrillo-electronico-recargable-con-sistema-de-vapeo-compatible-con-tpd-bateria-de-500-mah-2-ml-de-liquido-e-liquido-y-5-de-nicotina\/\" \/>\n<meta property=\"og:site_name\" content=\"AMXIM\" \/>\n<meta property=\"article:modified_time\" content=\"2026-04-16T09:30:18+00:00\" \/>\n<meta property=\"og:image\" content=\"https:\/\/amxim.com\/wp-content\/uploads\/2025\/04\/TPD-Compliant-E-Cigarett-Rechargeable-Vape-Pod-System-500mAh-Battery-2.0ml-E-liquid-5-Nicotine.webp\" \/>\n\t<meta property=\"og:image:width\" content=\"1000\" \/>\n\t<meta property=\"og:image:height\" content=\"1000\" \/>\n\t<meta property=\"og:image:type\" content=\"image\/webp\" \/>\n<meta name=\"twitter:card\" content=\"summary_large_image\" \/>\n<meta name=\"twitter:label1\" content=\"Tiempo de lectura\" \/>\n\t<meta name=\"twitter:data1\" content=\"1 minuto\" \/>\n<script type=\"application\/ld+json\" class=\"yoast-schema-graph\">{\"@context\":\"https:\/\/schema.org\",\"@graph\":[{\"@type\":\"WebPage\",\"@id\":\"https:\/\/amxim.com\/product\/tpd-compliant-e-cigarett-rechargeable-vape-pod-system-500mah-battery-2-0ml-e-liquid-5-nicotine\/\",\"url\":\"https:\/\/amxim.com\/product\/tpd-compliant-e-cigarett-rechargeable-vape-pod-system-500mah-battery-2-0ml-e-liquid-5-nicotine\/\",\"name\":\"TPD Compliant E-Cigarett Rechargeable Vape Pod System 500mAh Battery 2.0ml E-liquid 5% Nicotine\",\"isPartOf\":{\"@id\":\"https:\/\/amxim.com\/#website\"},\"primaryImageOfPage\":{\"@id\":\"https:\/\/amxim.com\/product\/tpd-compliant-e-cigarett-rechargeable-vape-pod-system-500mah-battery-2-0ml-e-liquid-5-nicotine\/#primaryimage\"},\"image\":{\"@id\":\"https:\/\/amxim.com\/product\/tpd-compliant-e-cigarett-rechargeable-vape-pod-system-500mah-battery-2-0ml-e-liquid-5-nicotine\/#primaryimage\"},\"thumbnailUrl\":\"https:\/\/amxim.com\/wp-content\/uploads\/2025\/04\/TPD-Compliant-E-Cigarett-Rechargeable-Vape-Pod-System-500mAh-Battery-2.0ml-E-liquid-5-Nicotine.webp\",\"datePublished\":\"2025-04-30T02:14:10+00:00\",\"dateModified\":\"2026-04-16T09:30:18+00:00\",\"description\":\"TPD Compliant E-Cigarett Rechargeable Vape Pod System 500mAh Battery 2.0ml E-liquid 5% Nicotine Up to 50 flavors Displayed or Customized\",\"breadcrumb\":{\"@id\":\"https:\/\/amxim.com\/product\/tpd-compliant-e-cigarett-rechargeable-vape-pod-system-500mah-battery-2-0ml-e-liquid-5-nicotine\/#breadcrumb\"},\"inLanguage\":\"es\",\"potentialAction\":[{\"@type\":\"ReadAction\",\"target\":[\"https:\/\/amxim.com\/product\/tpd-compliant-e-cigarett-rechargeable-vape-pod-system-500mah-battery-2-0ml-e-liquid-5-nicotine\/\"]}]},{\"@type\":\"ImageObject\",\"inLanguage\":\"es\",\"@id\":\"https:\/\/amxim.com\/product\/tpd-compliant-e-cigarett-rechargeable-vape-pod-system-500mah-battery-2-0ml-e-liquid-5-nicotine\/#primaryimage\",\"url\":\"https:\/\/amxim.com\/wp-content\/uploads\/2025\/04\/TPD-Compliant-E-Cigarett-Rechargeable-Vape-Pod-System-500mAh-Battery-2.0ml-E-liquid-5-Nicotine.webp\",\"contentUrl\":\"https:\/\/amxim.com\/wp-content\/uploads\/2025\/04\/TPD-Compliant-E-Cigarett-Rechargeable-Vape-Pod-System-500mAh-Battery-2.0ml-E-liquid-5-Nicotine.webp\",\"width\":1000,\"height\":1000,\"caption\":\"TPD Compliant E-Cigarett Rechargeable Vape Pod System 500mAh Battery 2.0ml E-liquid 5% Nicotine\"},{\"@type\":\"BreadcrumbList\",\"@id\":\"https:\/\/amxim.com\/product\/tpd-compliant-e-cigarett-rechargeable-vape-pod-system-500mah-battery-2-0ml-e-liquid-5-nicotine\/#breadcrumb\",\"itemListElement\":[{\"@type\":\"ListItem\",\"position\":1,\"name\":\"Home\",\"item\":\"https:\/\/amxim.com\/\"},{\"@type\":\"ListItem\",\"position\":2,\"name\":\"Products\",\"item\":\"https:\/\/amxim.com\/de\/products\/\"},{\"@type\":\"ListItem\",\"position\":3,\"name\":\"TPD Compliant E-Cigarett Rechargeable Vape Pod System 500mAh Battery 2.0ml E-liquid 5% Nicotine\"}]},{\"@type\":\"WebSite\",\"@id\":\"https:\/\/amxim.com\/#website\",\"url\":\"https:\/\/amxim.com\/\",\"name\":\"AMXIM\",\"description\":\"AMXIM-OEM ODM Vape Manufacturer\",\"publisher\":{\"@id\":\"https:\/\/amxim.com\/#organization\"},\"potentialAction\":[{\"@type\":\"SearchAction\",\"target\":{\"@type\":\"EntryPoint\",\"urlTemplate\":\"https:\/\/amxim.com\/?s={search_term_string}\"},\"query-input\":{\"@type\":\"PropertyValueSpecification\",\"valueRequired\":true,\"valueName\":\"search_term_string\"}}],\"inLanguage\":\"es\"},{\"@type\":\"Organization\",\"@id\":\"https:\/\/amxim.com\/#organization\",\"name\":\"AMXIM\",\"url\":\"https:\/\/amxim.com\/\",\"logo\":{\"@type\":\"ImageObject\",\"inLanguage\":\"es\",\"@id\":\"https:\/\/amxim.com\/#\/schema\/logo\/image\/\",\"url\":\"https:\/\/amxim.com\/wp-content\/uploads\/2025\/03\/cropped-AMXIM-fav.webp\",\"contentUrl\":\"https:\/\/amxim.com\/wp-content\/uploads\/2025\/03\/cropped-AMXIM-fav.webp\",\"width\":512,\"height\":512,\"caption\":\"AMXIM\"},\"image\":{\"@id\":\"https:\/\/amxim.com\/#\/schema\/logo\/image\/\"}}]}<\/script>\n<!-- \/ Yoast SEO plugin. -->","yoast_head_json":{"title":"Sistema de vapeo recargable de cigarrillo electr\u00f3nico compatible con TPD, bater\u00eda de 500 mAh, 2,0 ml de e-l\u00edquido, nicotina 5%","description":"Sistema de vapeo recargable de cigarrillo electr\u00f3nico compatible con TPD Bater\u00eda de 500 mAh E-l\u00edquido de 2,0 ml Nicotina 5% Hasta 50 sabores Mostrados o personalizados","robots":{"index":"index","follow":"follow","max-snippet":"max-snippet:-1","max-image-preview":"max-image-preview:large","max-video-preview":"max-video-preview:-1"},"canonical":"https:\/\/amxim.com\/es\/product\/cigarrillo-electronico-recargable-con-sistema-de-vapeo-compatible-con-tpd-bateria-de-500-mah-2-ml-de-liquido-e-liquido-y-5-de-nicotina\/","og_locale":"es_ES","og_type":"article","og_title":"TPD Compliant E-Cigarett Rechargeable Vape Pod System 500mAh Battery 2.0ml E-liquid 5% Nicotine","og_description":"TPD Compliant E-Cigarett Rechargeable Vape Pod System 500mAh Battery 2.0ml E-liquid 5% Nicotine Up to 50 flavors Displayed or Customized","og_url":"https:\/\/amxim.com\/es\/product\/cigarrillo-electronico-recargable-con-sistema-de-vapeo-compatible-con-tpd-bateria-de-500-mah-2-ml-de-liquido-e-liquido-y-5-de-nicotina\/","og_site_name":"AMXIM","article_modified_time":"2026-04-16T09:30:18+00:00","og_image":[{"width":1000,"height":1000,"url":"https:\/\/amxim.com\/wp-content\/uploads\/2025\/04\/TPD-Compliant-E-Cigarett-Rechargeable-Vape-Pod-System-500mAh-Battery-2.0ml-E-liquid-5-Nicotine.webp","type":"image\/webp"}],"twitter_card":"summary_large_image","twitter_misc":{"Tiempo de lectura":"1 minuto"},"schema":{"@context":"https:\/\/schema.org","@graph":[{"@type":"WebPage","@id":"https:\/\/amxim.com\/product\/tpd-compliant-e-cigarett-rechargeable-vape-pod-system-500mah-battery-2-0ml-e-liquid-5-nicotine\/","url":"https:\/\/amxim.com\/product\/tpd-compliant-e-cigarett-rechargeable-vape-pod-system-500mah-battery-2-0ml-e-liquid-5-nicotine\/","name":"Sistema de vapeo recargable de cigarrillo electr\u00f3nico compatible con TPD, bater\u00eda de 500 mAh, 2,0 ml de e-l\u00edquido, nicotina 5%","isPartOf":{"@id":"https:\/\/amxim.com\/#website"},"primaryImageOfPage":{"@id":"https:\/\/amxim.com\/product\/tpd-compliant-e-cigarett-rechargeable-vape-pod-system-500mah-battery-2-0ml-e-liquid-5-nicotine\/#primaryimage"},"image":{"@id":"https:\/\/amxim.com\/product\/tpd-compliant-e-cigarett-rechargeable-vape-pod-system-500mah-battery-2-0ml-e-liquid-5-nicotine\/#primaryimage"},"thumbnailUrl":"https:\/\/amxim.com\/wp-content\/uploads\/2025\/04\/TPD-Compliant-E-Cigarett-Rechargeable-Vape-Pod-System-500mAh-Battery-2.0ml-E-liquid-5-Nicotine.webp","datePublished":"2025-04-30T02:14:10+00:00","dateModified":"2026-04-16T09:30:18+00:00","description":"Sistema de vapeo recargable de cigarrillo electr\u00f3nico compatible con TPD Bater\u00eda de 500 mAh E-l\u00edquido de 2,0 ml Nicotina 5% Hasta 50 sabores Mostrados o personalizados","breadcrumb":{"@id":"https:\/\/amxim.com\/product\/tpd-compliant-e-cigarett-rechargeable-vape-pod-system-500mah-battery-2-0ml-e-liquid-5-nicotine\/#breadcrumb"},"inLanguage":"es","potentialAction":[{"@type":"ReadAction","target":["https:\/\/amxim.com\/product\/tpd-compliant-e-cigarett-rechargeable-vape-pod-system-500mah-battery-2-0ml-e-liquid-5-nicotine\/"]}]},{"@type":"ImageObject","inLanguage":"es","@id":"https:\/\/amxim.com\/product\/tpd-compliant-e-cigarett-rechargeable-vape-pod-system-500mah-battery-2-0ml-e-liquid-5-nicotine\/#primaryimage","url":"https:\/\/amxim.com\/wp-content\/uploads\/2025\/04\/TPD-Compliant-E-Cigarett-Rechargeable-Vape-Pod-System-500mAh-Battery-2.0ml-E-liquid-5-Nicotine.webp","contentUrl":"https:\/\/amxim.com\/wp-content\/uploads\/2025\/04\/TPD-Compliant-E-Cigarett-Rechargeable-Vape-Pod-System-500mAh-Battery-2.0ml-E-liquid-5-Nicotine.webp","width":1000,"height":1000,"caption":"TPD Compliant E-Cigarett Rechargeable Vape Pod System 500mAh Battery 2.0ml E-liquid 5% Nicotine"},{"@type":"BreadcrumbList","@id":"https:\/\/amxim.com\/product\/tpd-compliant-e-cigarett-rechargeable-vape-pod-system-500mah-battery-2-0ml-e-liquid-5-nicotine\/#breadcrumb","itemListElement":[{"@type":"ListItem","position":1,"name":"Home","item":"https:\/\/amxim.com\/"},{"@type":"ListItem","position":2,"name":"Products","item":"https:\/\/amxim.com\/de\/products\/"},{"@type":"ListItem","position":3,"name":"TPD Compliant E-Cigarett Rechargeable Vape Pod System 500mAh Battery 2.0ml E-liquid 5% Nicotine"}]},{"@type":"WebSite","@id":"https:\/\/amxim.com\/#website","url":"https:\/\/amxim.com\/","name":"AMXIM","description":"Fabricante de vaporizadores AMXIM-OEM ODM","publisher":{"@id":"https:\/\/amxim.com\/#organization"},"potentialAction":[{"@type":"SearchAction","target":{"@type":"EntryPoint","urlTemplate":"https:\/\/amxim.com\/?s={search_term_string}"},"query-input":{"@type":"PropertyValueSpecification","valueRequired":true,"valueName":"search_term_string"}}],"inLanguage":"es"},{"@type":"Organization","@id":"https:\/\/amxim.com\/#organization","name":"AMXIM","url":"https:\/\/amxim.com\/","logo":{"@type":"ImageObject","inLanguage":"es","@id":"https:\/\/amxim.com\/#\/schema\/logo\/image\/","url":"https:\/\/amxim.com\/wp-content\/uploads\/2025\/03\/cropped-AMXIM-fav.webp","contentUrl":"https:\/\/amxim.com\/wp-content\/uploads\/2025\/03\/cropped-AMXIM-fav.webp","width":512,"height":512,"caption":"AMXIM"},"image":{"@id":"https:\/\/amxim.com\/#\/schema\/logo\/image\/"}}]}},"_links":{"self":[{"href":"https:\/\/amxim.com\/es\/wp-json\/wp\/v2\/product\/11827","targetHints":{"allow":["GET"]}}],"collection":[{"href":"https:\/\/amxim.com\/es\/wp-json\/wp\/v2\/product"}],"about":[{"href":"https:\/\/amxim.com\/es\/wp-json\/wp\/v2\/types\/product"}],"replies":[{"embeddable":true,"href":"https:\/\/amxim.com\/es\/wp-json\/wp\/v2\/comments?post=11827"}],"version-history":[{"count":9,"href":"https:\/\/amxim.com\/es\/wp-json\/wp\/v2\/product\/11827\/revisions"}],"predecessor-version":[{"id":13440,"href":"https:\/\/amxim.com\/es\/wp-json\/wp\/v2\/product\/11827\/revisions\/13440"}],"wp:featuredmedia":[{"embeddable":true,"href":"https:\/\/amxim.com\/es\/wp-json\/wp\/v2\/media\/11839"}],"wp:attachment":[{"href":"https:\/\/amxim.com\/es\/wp-json\/wp\/v2\/media?parent=11827"}],"wp:term":[{"taxonomy":"product_brand","embeddable":true,"href":"https:\/\/amxim.com\/es\/wp-json\/wp\/v2\/product_brand?post=11827"},{"taxonomy":"product_cat","embeddable":true,"href":"https:\/\/amxim.com\/es\/wp-json\/wp\/v2\/product_cat?post=11827"},{"taxonomy":"product_tag","embeddable":true,"href":"https:\/\/amxim.com\/es\/wp-json\/wp\/v2\/product_tag?post=11827"}],"curies":[{"name":"gracias","href":"https:\/\/api.w.org\/{rel}","templated":true}]}}