{"id":11831,"date":"2025-04-30T02:58:33","date_gmt":"2025-04-30T02:58:33","guid":{"rendered":"https:\/\/amxim.com\/?post_type=product&#038;p=11831"},"modified":"2026-03-24T03:42:54","modified_gmt":"2026-03-24T03:42:54","slug":"vape-desechable-de-aleacion-de-aluminio-con-bobina-de-ceramica-15-000-bocanadas-14-ml-de-liquido-e-liquido-con-indicador-luminoso-en-la-parte-inferior","status":"publish","type":"product","link":"https:\/\/amxim.com\/es\/product\/vape-desechable-de-aleacion-de-aluminio-con-bobina-de-ceramica-15-000-bocanadas-14-ml-de-liquido-e-liquido-con-indicador-luminoso-en-la-parte-inferior\/","title":{"rendered":"Vape desechable de aleaci\u00f3n de aluminio, bobina de cer\u00e1mica, 15\u00a0000 inhalaciones, 14 ml de l\u00edquido e-l\u00edquido con indicador luminoso en la parte inferior."},"content":{"rendered":"<div class=\"product-description\">\n<h2 style=\"text-align: left;\">Vape desechable de aleaci\u00f3n de aluminio, bobina de cer\u00e1mica, 15\u00a0000 inhalaciones, 14 ml de l\u00edquido e-l\u00edquido con indicador luminoso en la parte inferior.<\/h2>\n<p style=\"text-align: left;\">   This aluminum alloy disposable vape stick features a 14ml prefilled e-liquid tank and delivers up to 15,000 puffs, offering smooth flavor and long-lasting vapor. The 0.8\u03a9 ceramic coil ensures even heating, rich flavor, and consistent vapor production.<\/p>\n<p>A single-color LED strip at the bottom lights up during inhalation, adding a premium visual effect. The device is crafted from durable PC and aluminum for a sleek, lightweight, and ergonomic design.<\/p>\n<p>Manufactured by a professional vape factory, this disposable vape stick supports OEM\/ODM services, private label branding, and bulk wholesale production. It is ideal for vape distributors and importers seeking factory-direct, high-puff disposable vapes with advanced ceramic coil technology and premium design.   <\/p>\n<p>&nbsp;<\/p>\n<h3>Galer\u00eda de productos<\/h3>\n<p><img decoding=\"async\" style=\"width: 100%; margin: 0 auto;\" src=\"https:\/\/amxim.com\/wp-content\/uploads\/2025\/04\/Aluminum-Alloy-Disposable-Vape-Stick-Ceramic-Coil-15000-Puffs-14ml-E-liquid-with-Bottom-Light-Indicator-5\" alt=\"Vape desechable de aleaci\u00f3n de aluminio, bobina de cer\u00e1mica, 15\u00a0000 inhalaciones, 14 ml de l\u00edquido e-l\u00edquido con indicador luminoso en la parte inferior.\" \/><br \/>\n<img decoding=\"async\" style=\"width: 100%; margin: 0 auto;\" src=\"https:\/\/amxim.com\/wp-content\/uploads\/2025\/04\/Aluminum-Alloy-Disposable-Vape-Stick-Ceramic-Coil-15000-Puffs-14ml-E-liquid-with-Bottom-Light-Indicator-3\" alt=\"Vape desechable de aleaci\u00f3n de aluminio, bobina de cer\u00e1mica, 15\u00a0000 inhalaciones, 14 ml de l\u00edquido e-l\u00edquido con indicador luminoso en la parte inferior.\" \/><br \/>\n<img decoding=\"async\" style=\"width: 100%; margin: 0 auto;\" src=\"https:\/\/amxim.com\/wp-content\/uploads\/2025\/04\/Aluminum-Alloy-Disposable-Vape-Stick-Ceramic-Coil-15000-Puffs-14ml-E-liquid-with-Bottom-Light-Indicator-2\" alt=\"Vape desechable de aleaci\u00f3n de aluminio, bobina de cer\u00e1mica, 15\u00a0000 inhalaciones, 14 ml de l\u00edquido e-l\u00edquido con indicador luminoso en la parte inferior.\" \/><br \/>\n<img decoding=\"async\" style=\"width: 100%; margin: 0 auto;\" src=\"https:\/\/amxim.com\/wp-content\/uploads\/2025\/04\/Aluminum-Alloy-Disposable-Vape-Stick-Ceramic-Coil-15000-Puffs-14ml-E-liquid-with-Bottom-Light-Indicator-4\" alt=\"Vape desechable de aleaci\u00f3n de aluminio, bobina de cer\u00e1mica, 15\u00a0000 inhalaciones, 14 ml de l\u00edquido e-l\u00edquido con indicador luminoso en la parte inferior.\" \/><\/p>\n<\/div>\n<style>\n.product-description {\n    font-family: Arial, sans-serif;\n    max-width: 1400px;\n    margin: 0 auto;\n    padding: 20px;\n    background: #fff;\n    border-radius: 10px;\n    box-shadow: 0 4px 8px rgba(0, 0, 0, 0.1);\n    padding: 20px;\n    padding-bottom: 20px;\n}\n<\/style>","protected":false},"excerpt":{"rendered":"<h3>Especificaciones del producto<\/h3>\n<table>\n<tbody>\n<tr>\n<th style=\"text-align: left;\">Tipo de producto<\/th>\n<td style=\"text-align: left;\">Vape desechable recargable<\/td>\n<\/tr>\n<tr>\n<th style=\"text-align: left;\">Opciones de color<\/th>\n<td style=\"text-align: left;\">Mostrado o personalizado<\/td>\n<\/tr>\n<tr>\n<th style=\"text-align: left;\">Tama\u00f1o<\/th>\n<td style=\"text-align: left;\">29,8 x 100 (mm)<\/td>\n<\/tr>\n<tr>\n<th style=\"text-align: left;\">Sabor<\/th>\n<td style=\"text-align: left;\">Hasta 50 sabores<\/td>\n<\/tr>\n<tr>\n<th style=\"text-align: left;\">L\u00edquido precargado<\/th>\n<td style=\"text-align: left;\">14 ml<\/td>\n<\/tr>\n<tr>\n<th style=\"text-align: left;\">Soplo<\/th>\n<td style=\"text-align: left;\">Hasta 15000 bocanadas<\/td>\n<\/tr>\n<tr>\n<th style=\"text-align: left;\">Bater\u00eda<\/th>\n<td style=\"text-align: left;\">600 mAh recargable<\/td>\n<\/tr>\n<tr>\n<th style=\"text-align: left;\">Resistencia<\/th>\n<td style=\"text-align: left;\">Bobina de cer\u00e1mica de 0,8 \u03a9<\/td>\n<\/tr>\n<tr>\n<th style=\"text-align: left;\">Material<\/th>\n<td style=\"text-align: left;\">PC+Aluminio<\/td>\n<\/tr>\n<\/tbody>\n<\/table>","protected":false},"featured_media":11868,"comment_status":"closed","ping_status":"closed","template":"","meta":[],"product_brand":[],"product_cat":[63,47,49],"product_tag":[],"class_list":{"0":"post-11831","1":"product","2":"type-product","3":"status-publish","4":"has-post-thumbnail","6":"product_cat-disposable-vape-stick","7":"product_cat-disposable-vapes","8":"product_cat-vape-pens","10":"first","11":"instock","12":"featured","13":"shipping-taxable","14":"product-type-simple"},"yoast_head":"<!-- This site is optimized with the Yoast SEO plugin v26.9 - https:\/\/yoast.com\/product\/yoast-seo-wordpress\/ -->\n<title>Aluminum Alloy Disposable Vape Stick Ceramic Coil 15000 Puffs 14ml E-liquid with Bottom Light Indicator<\/title>\n<meta name=\"description\" content=\"Aluminum Alloy Disposable Vape Stick Ceramic Coil 15000 Puffs 14ml E-liquid with Bottom Light Indicator Up to 50 flavors Displayed or Customized\" \/>\n<meta name=\"robots\" content=\"index, follow, max-snippet:-1, max-image-preview:large, max-video-preview:-1\" \/>\n<link rel=\"canonical\" href=\"https:\/\/amxim.com\/es\/product\/vape-desechable-de-aleacion-de-aluminio-con-bobina-de-ceramica-15-000-bocanadas-14-ml-de-liquido-e-liquido-con-indicador-luminoso-en-la-parte-inferior\/\" \/>\n<meta property=\"og:locale\" content=\"es_ES\" \/>\n<meta property=\"og:type\" content=\"article\" \/>\n<meta property=\"og:title\" content=\"Aluminum Alloy Disposable Vape Stick Ceramic Coil 15000 Puffs 14ml E-liquid with Bottom Light Indicator\" \/>\n<meta property=\"og:description\" content=\"Aluminum Alloy Disposable Vape Stick Ceramic Coil 15000 Puffs 14ml E-liquid with Bottom Light Indicator Up to 50 flavors Displayed or Customized\" \/>\n<meta property=\"og:url\" content=\"https:\/\/amxim.com\/es\/product\/vape-desechable-de-aleacion-de-aluminio-con-bobina-de-ceramica-15-000-bocanadas-14-ml-de-liquido-e-liquido-con-indicador-luminoso-en-la-parte-inferior\/\" \/>\n<meta property=\"og:site_name\" content=\"AMXIM\" \/>\n<meta property=\"article:modified_time\" content=\"2026-03-24T03:42:54+00:00\" \/>\n<meta property=\"og:image\" content=\"https:\/\/amxim.com\/wp-content\/uploads\/2025\/04\/Aluminum-Alloy-Disposable-Vape-Stick-Ceramic-Coil-15000-Puffs-14ml-E-liquid-with-Bottom-Light-Indicator-1.webp\" \/>\n\t<meta property=\"og:image:width\" content=\"1000\" \/>\n\t<meta property=\"og:image:height\" content=\"1000\" \/>\n\t<meta property=\"og:image:type\" content=\"image\/webp\" \/>\n<meta name=\"twitter:card\" content=\"summary_large_image\" \/>\n<meta name=\"twitter:label1\" content=\"Tiempo de lectura\" \/>\n\t<meta name=\"twitter:data1\" content=\"2 minutos\" \/>\n<script type=\"application\/ld+json\" class=\"yoast-schema-graph\">{\"@context\":\"https:\/\/schema.org\",\"@graph\":[{\"@type\":\"WebPage\",\"@id\":\"https:\/\/amxim.com\/product\/aluminum-alloy-disposable-vape-stick-ceramic-coil-15000-puffs-14ml-e-liquid-with-bottom-light-indicator\/\",\"url\":\"https:\/\/amxim.com\/product\/aluminum-alloy-disposable-vape-stick-ceramic-coil-15000-puffs-14ml-e-liquid-with-bottom-light-indicator\/\",\"name\":\"Aluminum Alloy Disposable Vape Stick Ceramic Coil 15000 Puffs 14ml E-liquid with Bottom Light Indicator\",\"isPartOf\":{\"@id\":\"https:\/\/amxim.com\/#website\"},\"primaryImageOfPage\":{\"@id\":\"https:\/\/amxim.com\/product\/aluminum-alloy-disposable-vape-stick-ceramic-coil-15000-puffs-14ml-e-liquid-with-bottom-light-indicator\/#primaryimage\"},\"image\":{\"@id\":\"https:\/\/amxim.com\/product\/aluminum-alloy-disposable-vape-stick-ceramic-coil-15000-puffs-14ml-e-liquid-with-bottom-light-indicator\/#primaryimage\"},\"thumbnailUrl\":\"https:\/\/amxim.com\/wp-content\/uploads\/2025\/04\/Aluminum-Alloy-Disposable-Vape-Stick-Ceramic-Coil-15000-Puffs-14ml-E-liquid-with-Bottom-Light-Indicator-1.webp\",\"datePublished\":\"2025-04-30T02:58:33+00:00\",\"dateModified\":\"2026-03-24T03:42:54+00:00\",\"description\":\"Aluminum Alloy Disposable Vape Stick Ceramic Coil 15000 Puffs 14ml E-liquid with Bottom Light Indicator Up to 50 flavors Displayed or Customized\",\"breadcrumb\":{\"@id\":\"https:\/\/amxim.com\/product\/aluminum-alloy-disposable-vape-stick-ceramic-coil-15000-puffs-14ml-e-liquid-with-bottom-light-indicator\/#breadcrumb\"},\"inLanguage\":\"es\",\"potentialAction\":[{\"@type\":\"ReadAction\",\"target\":[\"https:\/\/amxim.com\/product\/aluminum-alloy-disposable-vape-stick-ceramic-coil-15000-puffs-14ml-e-liquid-with-bottom-light-indicator\/\"]}]},{\"@type\":\"ImageObject\",\"inLanguage\":\"es\",\"@id\":\"https:\/\/amxim.com\/product\/aluminum-alloy-disposable-vape-stick-ceramic-coil-15000-puffs-14ml-e-liquid-with-bottom-light-indicator\/#primaryimage\",\"url\":\"https:\/\/amxim.com\/wp-content\/uploads\/2025\/04\/Aluminum-Alloy-Disposable-Vape-Stick-Ceramic-Coil-15000-Puffs-14ml-E-liquid-with-Bottom-Light-Indicator-1.webp\",\"contentUrl\":\"https:\/\/amxim.com\/wp-content\/uploads\/2025\/04\/Aluminum-Alloy-Disposable-Vape-Stick-Ceramic-Coil-15000-Puffs-14ml-E-liquid-with-Bottom-Light-Indicator-1.webp\",\"width\":1000,\"height\":1000,\"caption\":\"Aluminum Alloy Disposable Vape Stick Ceramic Coil 15000 Puffs 14ml E-liquid with Bottom Light Indicator\"},{\"@type\":\"BreadcrumbList\",\"@id\":\"https:\/\/amxim.com\/product\/aluminum-alloy-disposable-vape-stick-ceramic-coil-15000-puffs-14ml-e-liquid-with-bottom-light-indicator\/#breadcrumb\",\"itemListElement\":[{\"@type\":\"ListItem\",\"position\":1,\"name\":\"Home\",\"item\":\"https:\/\/amxim.com\/en\/\"},{\"@type\":\"ListItem\",\"position\":2,\"name\":\"Products\",\"item\":\"https:\/\/amxim.com\/de\/products\/\"},{\"@type\":\"ListItem\",\"position\":3,\"name\":\"Aluminum Alloy Disposable Vape Stick Ceramic Coil 15000 Puffs 14ml E-liquid with Bottom Light Indicator\"}]},{\"@type\":\"WebSite\",\"@id\":\"https:\/\/amxim.com\/#website\",\"url\":\"https:\/\/amxim.com\/\",\"name\":\"AMXIM\",\"description\":\"AMXIM-OEM ODM Vape Manufacturer\",\"publisher\":{\"@id\":\"https:\/\/amxim.com\/#organization\"},\"potentialAction\":[{\"@type\":\"SearchAction\",\"target\":{\"@type\":\"EntryPoint\",\"urlTemplate\":\"https:\/\/amxim.com\/?s={search_term_string}\"},\"query-input\":{\"@type\":\"PropertyValueSpecification\",\"valueRequired\":true,\"valueName\":\"search_term_string\"}}],\"inLanguage\":\"es\"},{\"@type\":\"Organization\",\"@id\":\"https:\/\/amxim.com\/#organization\",\"name\":\"AMXIM\",\"url\":\"https:\/\/amxim.com\/\",\"logo\":{\"@type\":\"ImageObject\",\"inLanguage\":\"es\",\"@id\":\"https:\/\/amxim.com\/#\/schema\/logo\/image\/\",\"url\":\"https:\/\/amxim.com\/wp-content\/uploads\/2025\/03\/cropped-AMXIM-fav.webp\",\"contentUrl\":\"https:\/\/amxim.com\/wp-content\/uploads\/2025\/03\/cropped-AMXIM-fav.webp\",\"width\":512,\"height\":512,\"caption\":\"AMXIM\"},\"image\":{\"@id\":\"https:\/\/amxim.com\/#\/schema\/logo\/image\/\"}}]}<\/script>\n<!-- \/ Yoast SEO plugin. -->","yoast_head_json":{"title":"Vape desechable de aleaci\u00f3n de aluminio, bobina de cer\u00e1mica, 15\u00a0000 inhalaciones, 14 ml de l\u00edquido e-l\u00edquido con indicador luminoso en la parte inferior.","description":"Vape desechable de aleaci\u00f3n de aluminio con bobina de cer\u00e1mica, 15\u00a0000 bocanadas, 14 ml de l\u00edquido electr\u00f3nico con indicador luminoso en la parte inferior, hasta 50 sabores visibles o personalizados.","robots":{"index":"index","follow":"follow","max-snippet":"max-snippet:-1","max-image-preview":"max-image-preview:large","max-video-preview":"max-video-preview:-1"},"canonical":"https:\/\/amxim.com\/es\/product\/vape-desechable-de-aleacion-de-aluminio-con-bobina-de-ceramica-15-000-bocanadas-14-ml-de-liquido-e-liquido-con-indicador-luminoso-en-la-parte-inferior\/","og_locale":"es_ES","og_type":"article","og_title":"Aluminum Alloy Disposable Vape Stick Ceramic Coil 15000 Puffs 14ml E-liquid with Bottom Light Indicator","og_description":"Aluminum Alloy Disposable Vape Stick Ceramic Coil 15000 Puffs 14ml E-liquid with Bottom Light Indicator Up to 50 flavors Displayed or Customized","og_url":"https:\/\/amxim.com\/es\/product\/vape-desechable-de-aleacion-de-aluminio-con-bobina-de-ceramica-15-000-bocanadas-14-ml-de-liquido-e-liquido-con-indicador-luminoso-en-la-parte-inferior\/","og_site_name":"AMXIM","article_modified_time":"2026-03-24T03:42:54+00:00","og_image":[{"width":1000,"height":1000,"url":"https:\/\/amxim.com\/wp-content\/uploads\/2025\/04\/Aluminum-Alloy-Disposable-Vape-Stick-Ceramic-Coil-15000-Puffs-14ml-E-liquid-with-Bottom-Light-Indicator-1.webp","type":"image\/webp"}],"twitter_card":"summary_large_image","twitter_misc":{"Tiempo de lectura":"2 minutos"},"schema":{"@context":"https:\/\/schema.org","@graph":[{"@type":"WebPage","@id":"https:\/\/amxim.com\/product\/aluminum-alloy-disposable-vape-stick-ceramic-coil-15000-puffs-14ml-e-liquid-with-bottom-light-indicator\/","url":"https:\/\/amxim.com\/product\/aluminum-alloy-disposable-vape-stick-ceramic-coil-15000-puffs-14ml-e-liquid-with-bottom-light-indicator\/","name":"Vape desechable de aleaci\u00f3n de aluminio, bobina de cer\u00e1mica, 15\u00a0000 inhalaciones, 14 ml de l\u00edquido e-l\u00edquido con indicador luminoso en la parte inferior.","isPartOf":{"@id":"https:\/\/amxim.com\/#website"},"primaryImageOfPage":{"@id":"https:\/\/amxim.com\/product\/aluminum-alloy-disposable-vape-stick-ceramic-coil-15000-puffs-14ml-e-liquid-with-bottom-light-indicator\/#primaryimage"},"image":{"@id":"https:\/\/amxim.com\/product\/aluminum-alloy-disposable-vape-stick-ceramic-coil-15000-puffs-14ml-e-liquid-with-bottom-light-indicator\/#primaryimage"},"thumbnailUrl":"https:\/\/amxim.com\/wp-content\/uploads\/2025\/04\/Aluminum-Alloy-Disposable-Vape-Stick-Ceramic-Coil-15000-Puffs-14ml-E-liquid-with-Bottom-Light-Indicator-1.webp","datePublished":"2025-04-30T02:58:33+00:00","dateModified":"2026-03-24T03:42:54+00:00","description":"Vape desechable de aleaci\u00f3n de aluminio con bobina de cer\u00e1mica, 15\u00a0000 bocanadas, 14 ml de l\u00edquido electr\u00f3nico con indicador luminoso en la parte inferior, hasta 50 sabores visibles o personalizados.","breadcrumb":{"@id":"https:\/\/amxim.com\/product\/aluminum-alloy-disposable-vape-stick-ceramic-coil-15000-puffs-14ml-e-liquid-with-bottom-light-indicator\/#breadcrumb"},"inLanguage":"es","potentialAction":[{"@type":"ReadAction","target":["https:\/\/amxim.com\/product\/aluminum-alloy-disposable-vape-stick-ceramic-coil-15000-puffs-14ml-e-liquid-with-bottom-light-indicator\/"]}]},{"@type":"ImageObject","inLanguage":"es","@id":"https:\/\/amxim.com\/product\/aluminum-alloy-disposable-vape-stick-ceramic-coil-15000-puffs-14ml-e-liquid-with-bottom-light-indicator\/#primaryimage","url":"https:\/\/amxim.com\/wp-content\/uploads\/2025\/04\/Aluminum-Alloy-Disposable-Vape-Stick-Ceramic-Coil-15000-Puffs-14ml-E-liquid-with-Bottom-Light-Indicator-1.webp","contentUrl":"https:\/\/amxim.com\/wp-content\/uploads\/2025\/04\/Aluminum-Alloy-Disposable-Vape-Stick-Ceramic-Coil-15000-Puffs-14ml-E-liquid-with-Bottom-Light-Indicator-1.webp","width":1000,"height":1000,"caption":"Aluminum Alloy Disposable Vape Stick Ceramic Coil 15000 Puffs 14ml E-liquid with Bottom Light Indicator"},{"@type":"BreadcrumbList","@id":"https:\/\/amxim.com\/product\/aluminum-alloy-disposable-vape-stick-ceramic-coil-15000-puffs-14ml-e-liquid-with-bottom-light-indicator\/#breadcrumb","itemListElement":[{"@type":"ListItem","position":1,"name":"Home","item":"https:\/\/amxim.com\/en\/"},{"@type":"ListItem","position":2,"name":"Products","item":"https:\/\/amxim.com\/de\/products\/"},{"@type":"ListItem","position":3,"name":"Aluminum Alloy Disposable Vape Stick Ceramic Coil 15000 Puffs 14ml E-liquid with Bottom Light Indicator"}]},{"@type":"WebSite","@id":"https:\/\/amxim.com\/#website","url":"https:\/\/amxim.com\/","name":"AMXIM","description":"Fabricante de vaporizadores AMXIM-OEM ODM","publisher":{"@id":"https:\/\/amxim.com\/#organization"},"potentialAction":[{"@type":"SearchAction","target":{"@type":"EntryPoint","urlTemplate":"https:\/\/amxim.com\/?s={search_term_string}"},"query-input":{"@type":"PropertyValueSpecification","valueRequired":true,"valueName":"search_term_string"}}],"inLanguage":"es"},{"@type":"Organization","@id":"https:\/\/amxim.com\/#organization","name":"AMXIM","url":"https:\/\/amxim.com\/","logo":{"@type":"ImageObject","inLanguage":"es","@id":"https:\/\/amxim.com\/#\/schema\/logo\/image\/","url":"https:\/\/amxim.com\/wp-content\/uploads\/2025\/03\/cropped-AMXIM-fav.webp","contentUrl":"https:\/\/amxim.com\/wp-content\/uploads\/2025\/03\/cropped-AMXIM-fav.webp","width":512,"height":512,"caption":"AMXIM"},"image":{"@id":"https:\/\/amxim.com\/#\/schema\/logo\/image\/"}}]}},"_links":{"self":[{"href":"https:\/\/amxim.com\/es\/wp-json\/wp\/v2\/product\/11831","targetHints":{"allow":["GET"]}}],"collection":[{"href":"https:\/\/amxim.com\/es\/wp-json\/wp\/v2\/product"}],"about":[{"href":"https:\/\/amxim.com\/es\/wp-json\/wp\/v2\/types\/product"}],"replies":[{"embeddable":true,"href":"https:\/\/amxim.com\/es\/wp-json\/wp\/v2\/comments?post=11831"}],"version-history":[{"count":3,"href":"https:\/\/amxim.com\/es\/wp-json\/wp\/v2\/product\/11831\/revisions"}],"predecessor-version":[{"id":13342,"href":"https:\/\/amxim.com\/es\/wp-json\/wp\/v2\/product\/11831\/revisions\/13342"}],"wp:featuredmedia":[{"embeddable":true,"href":"https:\/\/amxim.com\/es\/wp-json\/wp\/v2\/media\/11868"}],"wp:attachment":[{"href":"https:\/\/amxim.com\/es\/wp-json\/wp\/v2\/media?parent=11831"}],"wp:term":[{"taxonomy":"product_brand","embeddable":true,"href":"https:\/\/amxim.com\/es\/wp-json\/wp\/v2\/product_brand?post=11831"},{"taxonomy":"product_cat","embeddable":true,"href":"https:\/\/amxim.com\/es\/wp-json\/wp\/v2\/product_cat?post=11831"},{"taxonomy":"product_tag","embeddable":true,"href":"https:\/\/amxim.com\/es\/wp-json\/wp\/v2\/product_tag?post=11831"}],"curies":[{"name":"gracias","href":"https:\/\/api.w.org\/{rel}","templated":true}]}}