{"id":2890,"date":"2025-03-11T08:45:28","date_gmt":"2025-03-11T08:45:28","guid":{"rendered":"https:\/\/amxim.com\/?page_id=2890"},"modified":"2025-03-29T04:38:31","modified_gmt":"2025-03-29T04:38:31","slug":"visite-de-lusine","status":"publish","type":"page","link":"https:\/\/amxim.com\/fr\/visite-de-lusine\/","title":{"rendered":"Visite de l&#039;usine"},"content":{"rendered":"<div data-elementor-type=\"wp-page\" data-elementor-id=\"2890\" class=\"elementor elementor-2890\" data-elementor-post-type=\"page\">\n\t\t\t\t<div class=\"elementor-element elementor-element-53fca55d e-flex e-con-boxed e-con e-parent\" data-id=\"53fca55d\" data-element_type=\"container\" data-e-type=\"container\">\n\t\t\t\t\t<div class=\"e-con-inner\">\n\t\t<div class=\"elementor-element elementor-element-47ab9bcc e-con-full e-flex e-con e-child\" data-id=\"47ab9bcc\" data-element_type=\"container\" data-e-type=\"container\">\n\t\t\t\t<div class=\"elementor-element elementor-element-2d396204 elementor-widget elementor-widget-image\" data-id=\"2d396204\" data-element_type=\"widget\" data-e-type=\"widget\" data-widget_type=\"image.default\">\n\t\t\t\t<div class=\"elementor-widget-container\">\n\t\t\t\t\t\t\t\t\t\t\t\t\t\t\t<img fetchpriority=\"high\" decoding=\"async\" width=\"800\" height=\"500\" src=\"https:\/\/amxim.com\/wp-content\/uploads\/2025\/03\/AMXIM-about-production.webp\" class=\"attachment-full size-full wp-image-10412\" alt=\"\" srcset=\"https:\/\/amxim.com\/wp-content\/uploads\/2025\/03\/AMXIM-about-production.webp 800w, https:\/\/amxim.com\/wp-content\/uploads\/2025\/03\/AMXIM-about-production-400x250.webp 400w, https:\/\/amxim.com\/wp-content\/uploads\/2025\/03\/AMXIM-about-production-150x94.webp 150w, https:\/\/amxim.com\/wp-content\/uploads\/2025\/03\/AMXIM-about-production-768x480.webp 768w, https:\/\/amxim.com\/wp-content\/uploads\/2025\/03\/AMXIM-about-production-145x91.webp 145w\" sizes=\"(max-width: 800px) 100vw, 800px\" \/>\t\t\t\t\t\t\t\t\t\t\t\t\t\t\t<\/div>\n\t\t\t\t<\/div>\n\t\t\t\t<\/div>\n\t\t<div class=\"elementor-element elementor-element-e10a882 e-con-full e-flex e-con e-child\" data-id=\"e10a882\" data-element_type=\"container\" data-e-type=\"container\">\n\t\t\t\t<div class=\"elementor-element elementor-element-1c555226 elementor-widget elementor-widget-heading\" data-id=\"1c555226\" data-element_type=\"widget\" data-e-type=\"widget\" data-widget_type=\"heading.default\">\n\t\t\t\t<div class=\"elementor-widget-container\">\n\t\t\t\t\t<h3 class=\"elementor-heading-title elementor-size-default\">Normes de fabrication avanc\u00e9es<\/h3>\t\t\t\t<\/div>\n\t\t\t\t<\/div>\n\t\t\t\t<div class=\"elementor-element elementor-element-4df9434c color-scheme-inherit text-left elementor-widget elementor-widget-text-editor\" data-id=\"4df9434c\" data-element_type=\"widget\" data-e-type=\"widget\" data-widget_type=\"text-editor.default\">\n\t\t\t\t<div class=\"elementor-widget-container\">\n\t\t\t\t\t\t\t\t\t<ul><li class=\"\" data-start=\"1343\" data-end=\"1458\"><p class=\"\" data-start=\"1345\" data-end=\"1458\"><strong data-start=\"1345\" data-end=\"1372\">Conception et d\u00e9veloppement :<\/strong> <span class=\"relative -mx-px my-[-0.2rem] rounded px-px py-[0.2rem]\">Chaque produit subit des phases de conception et de d\u00e9veloppement minutieuses pour garantir la fonctionnalit\u00e9 et la satisfaction de l&#039;utilisateur.<\/span>\u200b<\/p><\/li><li class=\"\" data-start=\"1459\" data-end=\"1572\"><p class=\"\" data-start=\"1461\" data-end=\"1572\"><strong data-start=\"1461\" data-end=\"1486\">Inspection des composants :<\/strong> <span class=\"relative -mx-px my-[-0.2rem] rounded px-px py-[0.2rem]\">Tous les composants sont inspect\u00e9s pour v\u00e9rifier leur int\u00e9grit\u00e9 et leurs performances avant l\u2019assemblage.<\/span>\u200b\u00a0<\/p><\/li><li class=\"\" data-start=\"1573\" data-end=\"1682\"><p class=\"\" data-start=\"1575\" data-end=\"1682\"><strong data-start=\"1575\" data-end=\"1596\">Processus d&#039;assemblage :<\/strong> <span class=\"relative -mx-px my-[-0.2rem] rounded px-px py-[0.2rem]\">Utiliser des techniques automatis\u00e9es et manuelles pour maintenir la coh\u00e9rence et la pr\u00e9cision.<\/span><\/p><\/li><\/ul>\t\t\t\t\t\t\t\t<\/div>\n\t\t\t\t<\/div>\n\t\t\t\t<\/div>\n\t\t\t\t\t<\/div>\n\t\t\t\t<\/div>\n\t\t<div class=\"elementor-element elementor-element-296310e8 e-flex e-con-boxed e-con e-parent\" data-id=\"296310e8\" data-element_type=\"container\" data-e-type=\"container\">\n\t\t\t\t\t<div class=\"e-con-inner\">\n\t\t<div class=\"elementor-element elementor-element-2b36305 e-con-full e-flex e-con e-child\" data-id=\"2b36305\" data-element_type=\"container\" data-e-type=\"container\">\n\t\t\t\t<div class=\"elementor-element elementor-element-245e3f3e elementor-widget elementor-widget-heading\" data-id=\"245e3f3e\" data-element_type=\"widget\" data-e-type=\"widget\" data-widget_type=\"heading.default\">\n\t\t\t\t<div class=\"elementor-widget-container\">\n\t\t\t\t\t<h3 class=\"elementor-heading-title elementor-size-default\">Contr\u00f4le qualit\u00e9 chez AMXIM<\/h3>\t\t\t\t<\/div>\n\t\t\t\t<\/div>\n\t\t\t\t<div class=\"elementor-element elementor-element-4031affc elementor-widget elementor-widget-heading\" data-id=\"4031affc\" data-element_type=\"widget\" data-e-type=\"widget\" data-widget_type=\"heading.default\">\n\t\t\t\t<div class=\"elementor-widget-container\">\n\t\t\t\t\t<p class=\"elementor-heading-title elementor-size-default\">Chez AMXIM, la qualit\u00e9 et la s\u00e9curit\u00e9 de chaque produit que nous fabriquons sont notre priorit\u00e9. Notre syst\u00e8me complet de contr\u00f4le qualit\u00e9 (CQ) est con\u00e7u pour respecter et d\u00e9passer les normes de l&#039;industrie, garantissant ainsi \u00e0 nos partenaires OEM et ODM des produits fiables, s\u00fbrs et de la plus haute qualit\u00e9.<\/p>\t\t\t\t<\/div>\n\t\t\t\t<\/div>\n\t\t\t\t<\/div>\n\t\t<div class=\"elementor-element elementor-element-378fd67c e-con-full e-flex e-con e-child\" data-id=\"378fd67c\" data-element_type=\"container\" data-e-type=\"container\">\n\t\t\t\t<div class=\"elementor-element elementor-element-10c713c elementor-widget__width-inherit elementor-widget elementor-widget-wd_image_or_svg\" data-id=\"10c713c\" data-element_type=\"widget\" data-e-type=\"widget\" data-widget_type=\"wd_image_or_svg.default\">\n\t\t\t\t<div class=\"elementor-widget-container\">\n\t\t\t\t\t\n\t\t<div class=\"wd-image text-center\">\n\t\t\t\t\t\t\t\t<img decoding=\"async\" width=\"1400\" height=\"853\" src=\"https:\/\/amxim.com\/wp-content\/uploads\/2025\/03\/AMXIM-about-factory2.webp\" class=\"attachment-full size-full\" alt=\"\" srcset=\"https:\/\/amxim.com\/wp-content\/uploads\/2025\/03\/AMXIM-about-factory2.webp 1400w, https:\/\/amxim.com\/wp-content\/uploads\/2025\/03\/AMXIM-about-factory2-400x244.webp 400w, https:\/\/amxim.com\/wp-content\/uploads\/2025\/03\/AMXIM-about-factory2-1300x792.webp 1300w, https:\/\/amxim.com\/wp-content\/uploads\/2025\/03\/AMXIM-about-factory2-150x91.webp 150w, https:\/\/amxim.com\/wp-content\/uploads\/2025\/03\/AMXIM-about-factory2-768x468.webp 768w, https:\/\/amxim.com\/wp-content\/uploads\/2025\/03\/AMXIM-about-factory2-1200x731.webp 1200w, https:\/\/amxim.com\/wp-content\/uploads\/2025\/03\/AMXIM-about-factory2-145x88.webp 145w\" sizes=\"(max-width: 1400px) 100vw, 1400px\" \/>\t\t\t\t\t<\/div>\n\n\t\t\t\t\t\t<\/div>\n\t\t\t\t<\/div>\n\t\t\t\t<\/div>\n\t\t\t\t\t<\/div>\n\t\t\t\t<\/div>\n\t\t<div class=\"elementor-element elementor-element-d61ca0e e-flex e-con-boxed e-con e-parent\" data-id=\"d61ca0e\" data-element_type=\"container\" data-e-type=\"container\">\n\t\t\t\t\t<div class=\"e-con-inner\">\n\t\t\t\t<div class=\"elementor-element elementor-element-87b0cb2 elementor-widget elementor-widget-wd_text_block\" data-id=\"87b0cb2\" data-element_type=\"widget\" data-e-type=\"widget\" data-widget_type=\"wd_text_block.default\">\n\t\t\t\t<div class=\"elementor-widget-container\">\n\t\t\t\t\t\t\t<div class=\"wd-text-block reset-last-child text-left\">\n\t\t\t\n\t\t\t<h2 class=\"\" data-start=\"902\" data-end=\"933\">Assurance qualit\u00e9 en cours de processus<\/h2><p class=\"\" data-start=\"935\" data-end=\"1060\"><span class=\"relative -mx-px my-[-0.2rem] rounded px-px py-[0.2rem]\">Tout au long du processus de fabrication, nous mettons en \u0153uvre un suivi et un \u00e9chantillonnage continus.<\/span> <span class=\"relative -mx-px my-[-0.2rem] rounded px-px py-[0.2rem]\">Les principaux contr\u00f4les de qualit\u00e9 comprennent\u00a0:<\/span>\u200b<\/p><ul data-start=\"1062\" data-end=\"1451\"><li class=\"\" data-start=\"1062\" data-end=\"1170\"><p class=\"\" data-start=\"1064\" data-end=\"1170\"><strong data-start=\"1064\" data-end=\"1083\">Test d&#039;\u00e9tanch\u00e9it\u00e9<\/strong>: <span class=\"relative -mx-px my-[-0.2rem] rounded px-px py-[0.2rem]\">S&#039;assurer que tous les appareils sont exempts de fuites de e-liquide.<\/span>\u200b<\/p><\/li><li class=\"\" data-start=\"1172\" data-end=\"1290\"><p class=\"\" data-start=\"1174\" data-end=\"1290\"><strong data-start=\"1174\" data-end=\"1203\">\u00c9valuation de la s\u00e9curit\u00e9 des batteries<\/strong>: <span class=\"relative -mx-px my-[-0.2rem] rounded px-px py-[0.2rem]\">\u00c9valuation des performances de la batterie dans diverses conditions pour \u00e9viter les surcharges, les d\u00e9charges excessives et les courts-circuits.<\/span>\u200b<\/p><\/li><li class=\"\" data-start=\"1292\" data-end=\"1451\"><p class=\"\" data-start=\"1294\" data-end=\"1451\"><strong data-start=\"1294\" data-end=\"1324\">Durabilit\u00e9 du fil de r\u00e9sistance<\/strong>: <span class=\"relative -mx-px my-[-0.2rem] rounded px-px py-[0.2rem]\">R\u00e9alisation de tests de dur\u00e9e de vie sur les composants des bobines pour garantir la long\u00e9vit\u00e9 et des performances constantes.<\/span><\/p><\/li><\/ul>\n\t\t\t\t\t<\/div>\n\t\t\t\t\t\t<\/div>\n\t\t\t\t<\/div>\n\t\t\t\t<div class=\"elementor-element elementor-element-c82ecf3 elementor-widget elementor-widget-wd_text_block\" data-id=\"c82ecf3\" data-element_type=\"widget\" data-e-type=\"widget\" data-widget_type=\"wd_text_block.default\">\n\t\t\t\t<div class=\"elementor-widget-container\">\n\t\t\t\t\t\t\t<div class=\"wd-text-block reset-last-child text-left\">\n\t\t\t\n\t\t\t<h2 class=\"\" data-start=\"1701\" data-end=\"1725\">Test du produit final<\/h2><p class=\"\" data-start=\"1727\" data-end=\"1812\"><span class=\"relative -mx-px my-[-0.2rem] rounded px-px py-[0.2rem]\">Avant de quitter notre usine, chaque produit subit des tests complets, notamment :<\/span>\u200b<\/p><ul data-start=\"1814\" data-end=\"2153\"><li class=\"\" data-start=\"1814\" data-end=\"1926\"><p class=\"\" data-start=\"1816\" data-end=\"1926\"><strong data-start=\"1816\" data-end=\"1839\">Tests de fonctionnalit\u00e9<\/strong>: <span class=\"relative -mx-px my-[-0.2rem] rounded px-px py-[0.2rem]\">V\u00e9rification du fonctionnement de l&#039;appareil et de l&#039;interface utilisateur.<\/span>\u200b<\/p><\/li><li class=\"\" data-start=\"1928\" data-end=\"2039\"><p class=\"\" data-start=\"1930\" data-end=\"2039\"><strong data-start=\"1930\" data-end=\"1952\">Consistance de la saveur<\/strong>: <span class=\"relative -mx-px my-[-0.2rem] rounded px-px py-[0.2rem]\">S&#039;assurer que les e-liquides offrent le profil gustatif souhait\u00e9.<\/span>\u200b<\/p><\/li><li class=\"\" data-start=\"2041\" data-end=\"2153\"><p class=\"\" data-start=\"2043\" data-end=\"2153\"><strong data-start=\"2043\" data-end=\"2066\">Int\u00e9grit\u00e9 de l&#039;emballage<\/strong>: <span class=\"relative -mx-px my-[-0.2rem] rounded px-px py-[0.2rem]\">Confirmer que les produits sont emball\u00e9s en toute s\u00e9curit\u00e9 pour \u00e9viter tout dommage pendant le transport.<\/span><\/p><\/li><\/ul>\n\t\t\t\t\t<\/div>\n\t\t\t\t\t\t<\/div>\n\t\t\t\t<\/div>\n\t\t\t\t\t<\/div>\n\t\t\t\t<\/div>\n\t\t<div class=\"wd-negative-gap elementor-element elementor-element-8f43144 e-flex e-con-boxed e-con e-parent\" data-id=\"8f43144\" data-element_type=\"container\" data-e-type=\"container\" data-settings=\"{&quot;background_background&quot;:&quot;classic&quot;}\">\n\t\t\t\t\t<div class=\"e-con-inner\">\n\t\t\t\t<div class=\"elementor-element elementor-element-c222601 elementor-widget elementor-widget-wd_text_block\" data-id=\"c222601\" data-element_type=\"widget\" data-e-type=\"widget\" data-widget_type=\"wd_text_block.default\">\n\t\t\t\t<div class=\"elementor-widget-container\">\n\t\t\t\t\t\t\t<div class=\"wd-text-block reset-last-child text-left\">\n\t\t\t\n\t\t\t<h1 data-start=\"1453\" data-end=\"1492\"><strong>Conformit\u00e9 aux normes r\u00e9glementaires<\/strong><\/h1><p class=\"\" data-start=\"1494\" data-end=\"1699\"><span class=\"relative -mx-px my-[-0.2rem] rounded px-px py-[0.2rem]\">Nous adh\u00e9rons strictement aux r\u00e9glementations internationales r\u00e9gissant la fabrication des cigarettes \u00e9lectroniques.<\/span> <span class=\"relative -mx-px my-[-0.2rem] rounded px-px py-[0.2rem]\">Nos produits respectent ou d\u00e9passent les normes de s\u00e9curit\u00e9 et de qualit\u00e9, garantissant une entr\u00e9e transparente sur le march\u00e9 mondial.<\/span> <span class=\"relative -mx-px my-[-0.2rem] rounded px-px py-[0.2rem]\">Des audits et certifications r\u00e9guliers confirment notre conformit\u00e9 et notre d\u00e9vouement \u00e0 l\u2019excellence.<\/span> \u200b<\/p>\n\t\t\t\t\t<\/div>\n\t\t\t\t\t\t<\/div>\n\t\t\t\t<\/div>\n\t\t\t\t\t<\/div>\n\t\t\t\t<\/div>\n\t\t\t\t<\/div>","protected":false},"excerpt":{"rendered":"<p>Advanced Manufacturing Standards Design and Development: Each product undergoes meticulous design and development phases to ensure functionality and user satisfaction.\u200b<\/p>","protected":false},"author":1,"featured_media":0,"parent":0,"menu_order":0,"comment_status":"closed","ping_status":"closed","template":"","meta":{"footnotes":""},"class_list":["post-2890","page","type-page","status-publish","hentry"],"yoast_head":"<!-- This site is optimized with the Yoast SEO plugin v26.9 - https:\/\/yoast.com\/product\/yoast-seo-wordpress\/ -->\n<title>Factory Tour - Inside AXMIM Vape Factory<\/title>\n<meta name=\"description\" content=\"Take a virtual tour of our state-of-the-art vape manufacturing facility. See how we create custom vape devices, e-liquids, and offer OEM &amp; ODM services with the highest quality standards.\" \/>\n<meta name=\"robots\" content=\"index, follow, max-snippet:-1, max-image-preview:large, max-video-preview:-1\" \/>\n<link rel=\"canonical\" href=\"https:\/\/amxim.com\/fr\/visite-de-lusine\/\" \/>\n<meta property=\"og:locale\" content=\"fr_FR\" \/>\n<meta property=\"og:type\" content=\"article\" \/>\n<meta property=\"og:title\" content=\"Factory Tour - Inside AXMIM Vape Factory\" \/>\n<meta property=\"og:description\" content=\"Take a virtual tour of our state-of-the-art vape manufacturing facility. See how we create custom vape devices, e-liquids, and offer OEM &amp; ODM services with the highest quality standards.\" \/>\n<meta property=\"og:url\" content=\"https:\/\/amxim.com\/fr\/visite-de-lusine\/\" \/>\n<meta property=\"og:site_name\" content=\"AMXIM\" \/>\n<meta property=\"article:modified_time\" content=\"2025-03-29T04:38:31+00:00\" \/>\n<meta property=\"og:image\" content=\"https:\/\/amxim.com\/wp-content\/uploads\/2025\/03\/AMXIM-about-production.webp\" \/>\n<meta name=\"twitter:card\" content=\"summary_large_image\" \/>\n<meta name=\"twitter:label1\" content=\"Dur\u00e9e de lecture estim\u00e9e\" \/>\n\t<meta name=\"twitter:data1\" content=\"2 minutes\" \/>\n<script type=\"application\/ld+json\" class=\"yoast-schema-graph\">{\"@context\":\"https:\/\/schema.org\",\"@graph\":[{\"@type\":\"WebPage\",\"@id\":\"https:\/\/amxim.com\/ja\/factory-tour\/\",\"url\":\"https:\/\/amxim.com\/ja\/factory-tour\/\",\"name\":\"Factory Tour - Inside AXMIM Vape Factory\",\"isPartOf\":{\"@id\":\"https:\/\/amxim.com\/#website\"},\"primaryImageOfPage\":{\"@id\":\"https:\/\/amxim.com\/ja\/factory-tour\/#primaryimage\"},\"image\":{\"@id\":\"https:\/\/amxim.com\/ja\/factory-tour\/#primaryimage\"},\"thumbnailUrl\":\"https:\/\/amxim.com\/wp-content\/uploads\/2025\/03\/AMXIM-about-production.webp\",\"datePublished\":\"2025-03-11T08:45:28+00:00\",\"dateModified\":\"2025-03-29T04:38:31+00:00\",\"description\":\"Take a virtual tour of our state-of-the-art vape manufacturing facility. See how we create custom vape devices, e-liquids, and offer OEM & ODM services with the highest quality standards.\",\"breadcrumb\":{\"@id\":\"https:\/\/amxim.com\/ja\/factory-tour\/#breadcrumb\"},\"inLanguage\":\"fr-FR\",\"potentialAction\":[{\"@type\":\"ReadAction\",\"target\":[\"https:\/\/amxim.com\/ja\/factory-tour\/\"]}]},{\"@type\":\"ImageObject\",\"inLanguage\":\"fr-FR\",\"@id\":\"https:\/\/amxim.com\/ja\/factory-tour\/#primaryimage\",\"url\":\"https:\/\/amxim.com\/wp-content\/uploads\/2025\/03\/AMXIM-about-production.webp\",\"contentUrl\":\"https:\/\/amxim.com\/wp-content\/uploads\/2025\/03\/AMXIM-about-production.webp\"},{\"@type\":\"BreadcrumbList\",\"@id\":\"https:\/\/amxim.com\/ja\/factory-tour\/#breadcrumb\",\"itemListElement\":[{\"@type\":\"ListItem\",\"position\":1,\"name\":\"Home\",\"item\":\"https:\/\/amxim.com\/en\/\"},{\"@type\":\"ListItem\",\"position\":2,\"name\":\"Factory Tour\"}]},{\"@type\":\"WebSite\",\"@id\":\"https:\/\/amxim.com\/#website\",\"url\":\"https:\/\/amxim.com\/\",\"name\":\"AMXIM\",\"description\":\"AMXIM-OEM ODM Vape Manufacturer\",\"publisher\":{\"@id\":\"https:\/\/amxim.com\/#organization\"},\"potentialAction\":[{\"@type\":\"SearchAction\",\"target\":{\"@type\":\"EntryPoint\",\"urlTemplate\":\"https:\/\/amxim.com\/?s={search_term_string}\"},\"query-input\":{\"@type\":\"PropertyValueSpecification\",\"valueRequired\":true,\"valueName\":\"search_term_string\"}}],\"inLanguage\":\"fr-FR\"},{\"@type\":\"Organization\",\"@id\":\"https:\/\/amxim.com\/#organization\",\"name\":\"AMXIM\",\"url\":\"https:\/\/amxim.com\/\",\"logo\":{\"@type\":\"ImageObject\",\"inLanguage\":\"fr-FR\",\"@id\":\"https:\/\/amxim.com\/#\/schema\/logo\/image\/\",\"url\":\"https:\/\/amxim.com\/wp-content\/uploads\/2025\/03\/cropped-AMXIM-fav.webp\",\"contentUrl\":\"https:\/\/amxim.com\/wp-content\/uploads\/2025\/03\/cropped-AMXIM-fav.webp\",\"width\":512,\"height\":512,\"caption\":\"AMXIM\"},\"image\":{\"@id\":\"https:\/\/amxim.com\/#\/schema\/logo\/image\/\"}}]}<\/script>\n<!-- \/ Yoast SEO plugin. -->","yoast_head_json":{"title":"Visite de l&#039;usine de vapotage AXMIM","description":"Visitez virtuellement notre usine de fabrication de vape ultramoderne. D\u00e9couvrez comment nous cr\u00e9ons des appareils de vape et des e-liquides sur mesure, et proposons des services OEM et ODM r\u00e9pondant aux normes de qualit\u00e9 les plus strictes.","robots":{"index":"index","follow":"follow","max-snippet":"max-snippet:-1","max-image-preview":"max-image-preview:large","max-video-preview":"max-video-preview:-1"},"canonical":"https:\/\/amxim.com\/fr\/visite-de-lusine\/","og_locale":"fr_FR","og_type":"article","og_title":"Factory Tour - Inside AXMIM Vape Factory","og_description":"Take a virtual tour of our state-of-the-art vape manufacturing facility. See how we create custom vape devices, e-liquids, and offer OEM & ODM services with the highest quality standards.","og_url":"https:\/\/amxim.com\/fr\/visite-de-lusine\/","og_site_name":"AMXIM","article_modified_time":"2025-03-29T04:38:31+00:00","og_image":[{"url":"https:\/\/amxim.com\/wp-content\/uploads\/2025\/03\/AMXIM-about-production.webp","type":"","width":"","height":""}],"twitter_card":"summary_large_image","twitter_misc":{"Dur\u00e9e de lecture estim\u00e9e":"2 minutes"},"schema":{"@context":"https:\/\/schema.org","@graph":[{"@type":"WebPage","@id":"https:\/\/amxim.com\/ja\/factory-tour\/","url":"https:\/\/amxim.com\/ja\/factory-tour\/","name":"Visite de l&#039;usine de vapotage AXMIM","isPartOf":{"@id":"https:\/\/amxim.com\/#website"},"primaryImageOfPage":{"@id":"https:\/\/amxim.com\/ja\/factory-tour\/#primaryimage"},"image":{"@id":"https:\/\/amxim.com\/ja\/factory-tour\/#primaryimage"},"thumbnailUrl":"https:\/\/amxim.com\/wp-content\/uploads\/2025\/03\/AMXIM-about-production.webp","datePublished":"2025-03-11T08:45:28+00:00","dateModified":"2025-03-29T04:38:31+00:00","description":"Visitez virtuellement notre usine de fabrication de vape ultramoderne. D\u00e9couvrez comment nous cr\u00e9ons des appareils de vape et des e-liquides sur mesure, et proposons des services OEM et ODM r\u00e9pondant aux normes de qualit\u00e9 les plus strictes.","breadcrumb":{"@id":"https:\/\/amxim.com\/ja\/factory-tour\/#breadcrumb"},"inLanguage":"fr-FR","potentialAction":[{"@type":"ReadAction","target":["https:\/\/amxim.com\/ja\/factory-tour\/"]}]},{"@type":"ImageObject","inLanguage":"fr-FR","@id":"https:\/\/amxim.com\/ja\/factory-tour\/#primaryimage","url":"https:\/\/amxim.com\/wp-content\/uploads\/2025\/03\/AMXIM-about-production.webp","contentUrl":"https:\/\/amxim.com\/wp-content\/uploads\/2025\/03\/AMXIM-about-production.webp"},{"@type":"BreadcrumbList","@id":"https:\/\/amxim.com\/ja\/factory-tour\/#breadcrumb","itemListElement":[{"@type":"ListItem","position":1,"name":"Home","item":"https:\/\/amxim.com\/en\/"},{"@type":"ListItem","position":2,"name":"Factory Tour"}]},{"@type":"WebSite","@id":"https:\/\/amxim.com\/#website","url":"https:\/\/amxim.com\/","name":"AMXIM","description":"Fabricant de vapoteuses AMXIM-OEM ODM","publisher":{"@id":"https:\/\/amxim.com\/#organization"},"potentialAction":[{"@type":"SearchAction","target":{"@type":"EntryPoint","urlTemplate":"https:\/\/amxim.com\/?s={search_term_string}"},"query-input":{"@type":"PropertyValueSpecification","valueRequired":true,"valueName":"search_term_string"}}],"inLanguage":"fr-FR"},{"@type":"Organization","@id":"https:\/\/amxim.com\/#organization","name":"AMXIM","url":"https:\/\/amxim.com\/","logo":{"@type":"ImageObject","inLanguage":"fr-FR","@id":"https:\/\/amxim.com\/#\/schema\/logo\/image\/","url":"https:\/\/amxim.com\/wp-content\/uploads\/2025\/03\/cropped-AMXIM-fav.webp","contentUrl":"https:\/\/amxim.com\/wp-content\/uploads\/2025\/03\/cropped-AMXIM-fav.webp","width":512,"height":512,"caption":"AMXIM"},"image":{"@id":"https:\/\/amxim.com\/#\/schema\/logo\/image\/"}}]}},"_links":{"self":[{"href":"https:\/\/amxim.com\/fr\/wp-json\/wp\/v2\/pages\/2890","targetHints":{"allow":["GET"]}}],"collection":[{"href":"https:\/\/amxim.com\/fr\/wp-json\/wp\/v2\/pages"}],"about":[{"href":"https:\/\/amxim.com\/fr\/wp-json\/wp\/v2\/types\/page"}],"author":[{"embeddable":true,"href":"https:\/\/amxim.com\/fr\/wp-json\/wp\/v2\/users\/1"}],"replies":[{"embeddable":true,"href":"https:\/\/amxim.com\/fr\/wp-json\/wp\/v2\/comments?post=2890"}],"version-history":[{"count":0,"href":"https:\/\/amxim.com\/fr\/wp-json\/wp\/v2\/pages\/2890\/revisions"}],"wp:attachment":[{"href":"https:\/\/amxim.com\/fr\/wp-json\/wp\/v2\/media?parent=2890"}],"curies":[{"name":"wp","href":"https:\/\/api.w.org\/{rel}","templated":true}]}}