{"id":10234,"date":"2025-03-26T09:05:41","date_gmt":"2025-03-26T09:05:41","guid":{"rendered":"https:\/\/amxim.com\/?post_type=product&#038;p=10234"},"modified":"2026-02-04T02:56:45","modified_gmt":"2026-02-04T02:56:45","slug":"stylo-vape-jetable-rechargeable-de-5000-bouffees-e-liquide-de-10-ml-jusqua-30-saveurs","status":"publish","type":"product","link":"https:\/\/amxim.com\/fr\/product\/stylo-vape-jetable-rechargeable-de-5000-bouffees-e-liquide-de-10-ml-jusqua-30-saveurs\/","title":{"rendered":"Stylo vape jetable rechargeable 5000 bouff\u00e9es, e-liquide 10,0 ml, jusqu&#039;\u00e0 30 saveurs"},"content":{"rendered":"<h2 style=\"text-align: left\">Stylo vape jetable rechargeable 5000 bouff\u00e9es, e-liquide 10,0 ml, jusqu&#039;\u00e0 30 saveurs<\/h2>\n<p style=\"text-align: left;\">   This rechargeable 5000-puff disposable vape pen comes prefilled with 10ml e-liquid containing 50mg (5%) salt nicotine, delivering smooth, consistent vapor with rich flavor from a 1.2\u03a9 mesh coil. Its durable aluminum body and LED light indicator provide a sleek design and clear usage feedback, while the 550mAh rechargeable battery with Type-C charging ensures stable power and efficient recharging for extended vaping sessions.<\/p>\n<p>Produced by a professional vape factory, this device supports OEM\/ODM customization, private-label branding, and bulk wholesale supply. Available in up to 30 flavors and manufactured to high-quality standards, it is perfect for distributors, importers, and brands seeking reliable, factory-direct disposable vape solutions.   <\/p>\n<p>&nbsp;<\/p>\n<h3 style=\"text-align: left\">Caract\u00e9ristiques principales<\/h3>\n<ul>\n<li style=\"text-align: left\">E-liquides jetables 5000 bouff\u00e9es<\/li>\n<li style=\"text-align: left\">Nombre de bouff\u00e9es : environ 5\u00a0000 bouff\u00e9es<\/li>\n<li style=\"text-align: left\">Chargement : Type-c<\/li>\n<li style=\"text-align: left\">E-liquide pr\u00e9-rempli de 10 ml.<\/li>\n<li style=\"text-align: left\">Jetable \u2013 Non rechargeable.<\/li>\n<li style=\"text-align: left\">Technologie de bobine en maille.<\/li>\n<\/ul>","protected":false},"excerpt":{"rendered":"<h3>Sp\u00e9cifications du produit<\/h3>\n<table>\n<tbody>\n<tr>\n<th style=\"text-align: left\">Type de produit<\/th>\n<td style=\"text-align: left\">Vape jetable<\/td>\n<\/tr>\n<tr>\n<th style=\"text-align: left\">Options de couleur<\/th>\n<td style=\"text-align: left\">Affich\u00e9 ou personnalis\u00e9<\/td>\n<\/tr>\n<tr>\n<th style=\"text-align: left\">Taille<\/th>\n<td style=\"text-align: left\">41*19*80mm<\/td>\n<\/tr>\n<tr>\n<th style=\"text-align: left\">Saveur<\/th>\n<td style=\"text-align: left\">Jusqu&#039;\u00e0 30 saveurs<\/td>\n<\/tr>\n<tr>\n<th style=\"text-align: left\">serpentin de chauffage<\/th>\n<td style=\"text-align: left\">Bobine maill\u00e9e de 1,2 \u03a9<\/td>\n<\/tr>\n<tr>\n<th style=\"text-align: left\">Bouff\u00e9e<\/th>\n<td style=\"text-align: left\">Jusqu&#039;\u00e0 5000 bouff\u00e9es<\/td>\n<\/tr>\n<tr>\n<th style=\"text-align: left\">Batterie<\/th>\n<td style=\"text-align: left\">Batterie rechargeable de 550 mAh<\/td>\n<\/tr>\n<tr>\n<th style=\"text-align: left\">E-liquide pr\u00e9rempli<\/th>\n<td style=\"text-align: left\">10,0 ML<\/td>\n<\/tr>\n<tr>\n<th style=\"text-align: left\">Lampe<\/th>\n<td style=\"text-align: left\">Lumi\u00e8re LED<\/td>\n<\/tr>\n<tr>\n<th style=\"text-align: left\">Dispositif de chargement<\/th>\n<td style=\"text-align: left\">Type C<\/td>\n<\/tr>\n<tr>\n<th style=\"text-align: left\">Mat\u00e9riel<\/th>\n<td style=\"text-align: left\">Tube en aluminium<\/td>\n<\/tr>\n<\/tbody>\n<\/table>","protected":false},"featured_media":10275,"comment_status":"closed","ping_status":"closed","template":"","meta":[],"product_brand":[],"product_cat":[54,47],"product_tag":[],"class_list":{"0":"post-10234","1":"product","2":"type-product","3":"status-publish","4":"has-post-thumbnail","6":"product_cat-chargeable-disposable-vapes","7":"product_cat-disposable-vapes","9":"first","10":"instock","11":"shipping-taxable","12":"product-type-simple"},"yoast_head":"<!-- This site is optimized with the Yoast SEO plugin v26.9 - https:\/\/yoast.com\/product\/yoast-seo-wordpress\/ -->\n<title>5000 Puffs Rechargeable Disposable Vape Pen 10.0ml E-Liquid Up To 30 Flavors<\/title>\n<meta name=\"description\" content=\"5000 Puffs Rechargeable Disposable Vape Pen 10.0ml E-Liquid Up To 30 Flavors It carries 10.0mL of e-liquid and uses 50mg (5%) salt nicotine\" \/>\n<meta name=\"robots\" content=\"index, follow, max-snippet:-1, max-image-preview:large, max-video-preview:-1\" \/>\n<link rel=\"canonical\" href=\"https:\/\/amxim.com\/fr\/product\/stylo-vape-jetable-rechargeable-de-5000-bouffees-e-liquide-de-10-ml-jusqua-30-saveurs\/\" \/>\n<meta property=\"og:locale\" content=\"fr_FR\" \/>\n<meta property=\"og:type\" content=\"article\" \/>\n<meta property=\"og:title\" content=\"5000 Puffs Rechargeable Disposable Vape Pen 10.0ml E-Liquid Up To 30 Flavors\" \/>\n<meta property=\"og:description\" content=\"5000 Puffs Rechargeable Disposable Vape Pen 10.0ml E-Liquid Up To 30 Flavors It carries 10.0mL of e-liquid and uses 50mg (5%) salt nicotine\" \/>\n<meta property=\"og:url\" content=\"https:\/\/amxim.com\/fr\/product\/stylo-vape-jetable-rechargeable-de-5000-bouffees-e-liquide-de-10-ml-jusqua-30-saveurs\/\" \/>\n<meta property=\"og:site_name\" content=\"AMXIM\" \/>\n<meta property=\"article:modified_time\" content=\"2026-02-04T02:56:45+00:00\" \/>\n<meta property=\"og:image\" content=\"https:\/\/amxim.com\/wp-content\/uploads\/2025\/03\/5000-Puffs-Rechargeable-Disposable-Vape-Pen-10.0ml-E-Liquid-Up-To-30-Flavors-4.webp\" \/>\n\t<meta property=\"og:image:width\" content=\"1000\" \/>\n\t<meta property=\"og:image:height\" content=\"1000\" \/>\n\t<meta property=\"og:image:type\" content=\"image\/webp\" \/>\n<meta name=\"twitter:card\" content=\"summary_large_image\" \/>\n<meta name=\"twitter:label1\" content=\"Dur\u00e9e de lecture estim\u00e9e\" \/>\n\t<meta name=\"twitter:data1\" content=\"1 minute\" \/>\n<script type=\"application\/ld+json\" class=\"yoast-schema-graph\">{\"@context\":\"https:\/\/schema.org\",\"@graph\":[{\"@type\":\"WebPage\",\"@id\":\"https:\/\/amxim.com\/product\/5000-puffs-rechargeable-disposable-vape-pen-10-0ml-e-liquid-up-to-30-flavors\/\",\"url\":\"https:\/\/amxim.com\/product\/5000-puffs-rechargeable-disposable-vape-pen-10-0ml-e-liquid-up-to-30-flavors\/\",\"name\":\"5000 Puffs Rechargeable Disposable Vape Pen 10.0ml E-Liquid Up To 30 Flavors\",\"isPartOf\":{\"@id\":\"https:\/\/amxim.com\/#website\"},\"primaryImageOfPage\":{\"@id\":\"https:\/\/amxim.com\/product\/5000-puffs-rechargeable-disposable-vape-pen-10-0ml-e-liquid-up-to-30-flavors\/#primaryimage\"},\"image\":{\"@id\":\"https:\/\/amxim.com\/product\/5000-puffs-rechargeable-disposable-vape-pen-10-0ml-e-liquid-up-to-30-flavors\/#primaryimage\"},\"thumbnailUrl\":\"https:\/\/amxim.com\/wp-content\/uploads\/2025\/03\/5000-Puffs-Rechargeable-Disposable-Vape-Pen-10.0ml-E-Liquid-Up-To-30-Flavors-4.webp\",\"datePublished\":\"2025-03-26T09:05:41+00:00\",\"dateModified\":\"2026-02-04T02:56:45+00:00\",\"description\":\"5000 Puffs Rechargeable Disposable Vape Pen 10.0ml E-Liquid Up To 30 Flavors It carries 10.0mL of e-liquid and uses 50mg (5%) salt nicotine\",\"breadcrumb\":{\"@id\":\"https:\/\/amxim.com\/product\/5000-puffs-rechargeable-disposable-vape-pen-10-0ml-e-liquid-up-to-30-flavors\/#breadcrumb\"},\"inLanguage\":\"fr-FR\",\"potentialAction\":[{\"@type\":\"ReadAction\",\"target\":[\"https:\/\/amxim.com\/product\/5000-puffs-rechargeable-disposable-vape-pen-10-0ml-e-liquid-up-to-30-flavors\/\"]}]},{\"@type\":\"ImageObject\",\"inLanguage\":\"fr-FR\",\"@id\":\"https:\/\/amxim.com\/product\/5000-puffs-rechargeable-disposable-vape-pen-10-0ml-e-liquid-up-to-30-flavors\/#primaryimage\",\"url\":\"https:\/\/amxim.com\/wp-content\/uploads\/2025\/03\/5000-Puffs-Rechargeable-Disposable-Vape-Pen-10.0ml-E-Liquid-Up-To-30-Flavors-4.webp\",\"contentUrl\":\"https:\/\/amxim.com\/wp-content\/uploads\/2025\/03\/5000-Puffs-Rechargeable-Disposable-Vape-Pen-10.0ml-E-Liquid-Up-To-30-Flavors-4.webp\",\"width\":1000,\"height\":1000,\"caption\":\"5000 Puffs Rechargeable Disposable Vape Pen 10.0ml E-Liquid Up To 30 Flavors\"},{\"@type\":\"BreadcrumbList\",\"@id\":\"https:\/\/amxim.com\/product\/5000-puffs-rechargeable-disposable-vape-pen-10-0ml-e-liquid-up-to-30-flavors\/#breadcrumb\",\"itemListElement\":[{\"@type\":\"ListItem\",\"position\":1,\"name\":\"Home\",\"item\":\"https:\/\/amxim.com\/en\/\"},{\"@type\":\"ListItem\",\"position\":2,\"name\":\"Products\",\"item\":\"https:\/\/amxim.com\/de\/products\/\"},{\"@type\":\"ListItem\",\"position\":3,\"name\":\"5000 Puffs Rechargeable Disposable Vape Pen 10.0ml E-Liquid Up To 30 Flavors\"}]},{\"@type\":\"WebSite\",\"@id\":\"https:\/\/amxim.com\/#website\",\"url\":\"https:\/\/amxim.com\/\",\"name\":\"AMXIM\",\"description\":\"AMXIM-OEM ODM Vape Manufacturer\",\"publisher\":{\"@id\":\"https:\/\/amxim.com\/#organization\"},\"potentialAction\":[{\"@type\":\"SearchAction\",\"target\":{\"@type\":\"EntryPoint\",\"urlTemplate\":\"https:\/\/amxim.com\/?s={search_term_string}\"},\"query-input\":{\"@type\":\"PropertyValueSpecification\",\"valueRequired\":true,\"valueName\":\"search_term_string\"}}],\"inLanguage\":\"fr-FR\"},{\"@type\":\"Organization\",\"@id\":\"https:\/\/amxim.com\/#organization\",\"name\":\"AMXIM\",\"url\":\"https:\/\/amxim.com\/\",\"logo\":{\"@type\":\"ImageObject\",\"inLanguage\":\"fr-FR\",\"@id\":\"https:\/\/amxim.com\/#\/schema\/logo\/image\/\",\"url\":\"https:\/\/amxim.com\/wp-content\/uploads\/2025\/03\/cropped-AMXIM-fav.webp\",\"contentUrl\":\"https:\/\/amxim.com\/wp-content\/uploads\/2025\/03\/cropped-AMXIM-fav.webp\",\"width\":512,\"height\":512,\"caption\":\"AMXIM\"},\"image\":{\"@id\":\"https:\/\/amxim.com\/#\/schema\/logo\/image\/\"}}]}<\/script>\n<!-- \/ Yoast SEO plugin. -->","yoast_head_json":{"title":"Stylo vape jetable rechargeable 5000 bouff\u00e9es, e-liquide 10,0 ml, jusqu&#039;\u00e0 30 saveurs","description":"Stylo vape jetable rechargeable 5000 bouff\u00e9es 10,0 ml E-liquide jusqu&#039;\u00e0 30 saveurs Il contient 10,0 ml d&#039;e-liquide et utilise 50 mg (5%) de nicotine sal\u00e9e","robots":{"index":"index","follow":"follow","max-snippet":"max-snippet:-1","max-image-preview":"max-image-preview:large","max-video-preview":"max-video-preview:-1"},"canonical":"https:\/\/amxim.com\/fr\/product\/stylo-vape-jetable-rechargeable-de-5000-bouffees-e-liquide-de-10-ml-jusqua-30-saveurs\/","og_locale":"fr_FR","og_type":"article","og_title":"5000 Puffs Rechargeable Disposable Vape Pen 10.0ml E-Liquid Up To 30 Flavors","og_description":"5000 Puffs Rechargeable Disposable Vape Pen 10.0ml E-Liquid Up To 30 Flavors It carries 10.0mL of e-liquid and uses 50mg (5%) salt nicotine","og_url":"https:\/\/amxim.com\/fr\/product\/stylo-vape-jetable-rechargeable-de-5000-bouffees-e-liquide-de-10-ml-jusqua-30-saveurs\/","og_site_name":"AMXIM","article_modified_time":"2026-02-04T02:56:45+00:00","og_image":[{"width":1000,"height":1000,"url":"https:\/\/amxim.com\/wp-content\/uploads\/2025\/03\/5000-Puffs-Rechargeable-Disposable-Vape-Pen-10.0ml-E-Liquid-Up-To-30-Flavors-4.webp","type":"image\/webp"}],"twitter_card":"summary_large_image","twitter_misc":{"Dur\u00e9e de lecture estim\u00e9e":"1 minute"},"schema":{"@context":"https:\/\/schema.org","@graph":[{"@type":"WebPage","@id":"https:\/\/amxim.com\/product\/5000-puffs-rechargeable-disposable-vape-pen-10-0ml-e-liquid-up-to-30-flavors\/","url":"https:\/\/amxim.com\/product\/5000-puffs-rechargeable-disposable-vape-pen-10-0ml-e-liquid-up-to-30-flavors\/","name":"Stylo vape jetable rechargeable 5000 bouff\u00e9es, e-liquide 10,0 ml, jusqu&#039;\u00e0 30 saveurs","isPartOf":{"@id":"https:\/\/amxim.com\/#website"},"primaryImageOfPage":{"@id":"https:\/\/amxim.com\/product\/5000-puffs-rechargeable-disposable-vape-pen-10-0ml-e-liquid-up-to-30-flavors\/#primaryimage"},"image":{"@id":"https:\/\/amxim.com\/product\/5000-puffs-rechargeable-disposable-vape-pen-10-0ml-e-liquid-up-to-30-flavors\/#primaryimage"},"thumbnailUrl":"https:\/\/amxim.com\/wp-content\/uploads\/2025\/03\/5000-Puffs-Rechargeable-Disposable-Vape-Pen-10.0ml-E-Liquid-Up-To-30-Flavors-4.webp","datePublished":"2025-03-26T09:05:41+00:00","dateModified":"2026-02-04T02:56:45+00:00","description":"Stylo vape jetable rechargeable 5000 bouff\u00e9es 10,0 ml E-liquide jusqu&#039;\u00e0 30 saveurs Il contient 10,0 ml d&#039;e-liquide et utilise 50 mg (5%) de nicotine sal\u00e9e","breadcrumb":{"@id":"https:\/\/amxim.com\/product\/5000-puffs-rechargeable-disposable-vape-pen-10-0ml-e-liquid-up-to-30-flavors\/#breadcrumb"},"inLanguage":"fr-FR","potentialAction":[{"@type":"ReadAction","target":["https:\/\/amxim.com\/product\/5000-puffs-rechargeable-disposable-vape-pen-10-0ml-e-liquid-up-to-30-flavors\/"]}]},{"@type":"ImageObject","inLanguage":"fr-FR","@id":"https:\/\/amxim.com\/product\/5000-puffs-rechargeable-disposable-vape-pen-10-0ml-e-liquid-up-to-30-flavors\/#primaryimage","url":"https:\/\/amxim.com\/wp-content\/uploads\/2025\/03\/5000-Puffs-Rechargeable-Disposable-Vape-Pen-10.0ml-E-Liquid-Up-To-30-Flavors-4.webp","contentUrl":"https:\/\/amxim.com\/wp-content\/uploads\/2025\/03\/5000-Puffs-Rechargeable-Disposable-Vape-Pen-10.0ml-E-Liquid-Up-To-30-Flavors-4.webp","width":1000,"height":1000,"caption":"5000 Puffs Rechargeable Disposable Vape Pen 10.0ml E-Liquid Up To 30 Flavors"},{"@type":"BreadcrumbList","@id":"https:\/\/amxim.com\/product\/5000-puffs-rechargeable-disposable-vape-pen-10-0ml-e-liquid-up-to-30-flavors\/#breadcrumb","itemListElement":[{"@type":"ListItem","position":1,"name":"Home","item":"https:\/\/amxim.com\/en\/"},{"@type":"ListItem","position":2,"name":"Products","item":"https:\/\/amxim.com\/de\/products\/"},{"@type":"ListItem","position":3,"name":"5000 Puffs Rechargeable Disposable Vape Pen 10.0ml E-Liquid Up To 30 Flavors"}]},{"@type":"WebSite","@id":"https:\/\/amxim.com\/#website","url":"https:\/\/amxim.com\/","name":"AMXIM","description":"Fabricant de vapoteuses AMXIM-OEM ODM","publisher":{"@id":"https:\/\/amxim.com\/#organization"},"potentialAction":[{"@type":"SearchAction","target":{"@type":"EntryPoint","urlTemplate":"https:\/\/amxim.com\/?s={search_term_string}"},"query-input":{"@type":"PropertyValueSpecification","valueRequired":true,"valueName":"search_term_string"}}],"inLanguage":"fr-FR"},{"@type":"Organization","@id":"https:\/\/amxim.com\/#organization","name":"AMXIM","url":"https:\/\/amxim.com\/","logo":{"@type":"ImageObject","inLanguage":"fr-FR","@id":"https:\/\/amxim.com\/#\/schema\/logo\/image\/","url":"https:\/\/amxim.com\/wp-content\/uploads\/2025\/03\/cropped-AMXIM-fav.webp","contentUrl":"https:\/\/amxim.com\/wp-content\/uploads\/2025\/03\/cropped-AMXIM-fav.webp","width":512,"height":512,"caption":"AMXIM"},"image":{"@id":"https:\/\/amxim.com\/#\/schema\/logo\/image\/"}}]}},"_links":{"self":[{"href":"https:\/\/amxim.com\/fr\/wp-json\/wp\/v2\/product\/10234","targetHints":{"allow":["GET"]}}],"collection":[{"href":"https:\/\/amxim.com\/fr\/wp-json\/wp\/v2\/product"}],"about":[{"href":"https:\/\/amxim.com\/fr\/wp-json\/wp\/v2\/types\/product"}],"replies":[{"embeddable":true,"href":"https:\/\/amxim.com\/fr\/wp-json\/wp\/v2\/comments?post=10234"}],"version-history":[{"count":4,"href":"https:\/\/amxim.com\/fr\/wp-json\/wp\/v2\/product\/10234\/revisions"}],"predecessor-version":[{"id":13513,"href":"https:\/\/amxim.com\/fr\/wp-json\/wp\/v2\/product\/10234\/revisions\/13513"}],"wp:featuredmedia":[{"embeddable":true,"href":"https:\/\/amxim.com\/fr\/wp-json\/wp\/v2\/media\/10275"}],"wp:attachment":[{"href":"https:\/\/amxim.com\/fr\/wp-json\/wp\/v2\/media?parent=10234"}],"wp:term":[{"taxonomy":"product_brand","embeddable":true,"href":"https:\/\/amxim.com\/fr\/wp-json\/wp\/v2\/product_brand?post=10234"},{"taxonomy":"product_cat","embeddable":true,"href":"https:\/\/amxim.com\/fr\/wp-json\/wp\/v2\/product_cat?post=10234"},{"taxonomy":"product_tag","embeddable":true,"href":"https:\/\/amxim.com\/fr\/wp-json\/wp\/v2\/product_tag?post=10234"}],"curies":[{"name":"wp","href":"https:\/\/api.w.org\/{rel}","templated":true}]}}