{"id":10298,"date":"2025-03-26T09:09:19","date_gmt":"2025-03-26T09:09:19","guid":{"rendered":"https:\/\/amxim.com\/?post_type=product&#038;p=10298"},"modified":"2025-04-02T01:38:02","modified_gmt":"2025-04-02T01:38:02","slug":"cigarette-electronique-jetable-2000-bouffees-saveur-menthe-fraiche-1500-mah","status":"publish","type":"product","link":"https:\/\/amxim.com\/fr\/product\/cigarette-electronique-jetable-2000-bouffees-saveur-menthe-fraiche-1500-mah\/","title":{"rendered":"Cigarette \u00e9lectronique jetable 2000 bouff\u00e9es, saveur menthe fra\u00eeche, 1500 mAh"},"content":{"rendered":"<h2 style=\"text-align: left\">Cigarette \u00e9lectronique jetable 2000 bouff\u00e9es, saveur menthe fra\u00eeche, 1500 mAh<\/h2>\n<p style=\"text-align: left\">Cette cigarette \u00e9lectronique jetable de haute qualit\u00e9 allie un design expert, une fabrication de pointe et une restitution exceptionnelle des saveurs, offrant un parfait m\u00e9lange de saveurs fruit\u00e9es et de sels de nicotine. Aliment\u00e9e par une batterie de 1500 mAh, elle offre plus de 2000 bouff\u00e9es de vape douce et agr\u00e9able.<br \/>\nAvec une vari\u00e9t\u00e9 de saveurs d\u00e9licieuses parmi lesquelles choisir, notamment la menthe, la glace luxuriante, la glace aux myrtilles, la glace au litchi, les baies m\u00e9lang\u00e9es, la glace \u00e0 la mangue, la glace \u00e0 la fraise, la glace au raisin, la glace \u00e0 la banane et la glace \u00e0 l&#039;ananas, il y a toujours une saveur qui convient \u00e0 votre go\u00fbt.<br \/>\nAucun bouton ni r\u00e9glage compliqu\u00e9 requis\u00a0; profitez de l&#039;appareil d\u00e8s sa sortie de l&#039;emballage. Son format compact le rend facile \u00e0 glisser dans n&#039;importe quelle poche pour un confort optimal lors de vos d\u00e9placements.<\/p>\n<p>&nbsp;<\/p>\n<h3 style=\"text-align: left\">Caract\u00e9ristiques principales<\/h3>\n<ul>\n<li style=\"text-align: left\">Force du sel de nicotine 5%<\/li>\n<li style=\"text-align: left\">Interrupteur pneumatique<\/li>\n<li style=\"text-align: left\">Batterie int\u00e9gr\u00e9e de 1500 mAh.<\/li>\n<li style=\"text-align: left\">Contient 7,0 ml d&#039;e-liquide<\/li>\n<li style=\"text-align: left\">Petite taille<\/li>\n<li style=\"text-align: left\">facile \u00e0 transporter<\/li>\n<li style=\"text-align: left\">facile \u00e0 utiliser<\/li>\n<li style=\"text-align: left\">bon go\u00fbt<\/li>\n<\/ul>","protected":false},"excerpt":{"rendered":"<h3>Sp\u00e9cifications du produit<\/h3>\n<table>\n<tbody>\n<tr>\n<th style=\"text-align: left\">Type de produit<\/th>\n<td style=\"text-align: left\">Vape jetable<\/td>\n<\/tr>\n<tr>\n<th style=\"text-align: left\">Options de couleur<\/th>\n<td style=\"text-align: left\">Vert<\/td>\n<\/tr>\n<tr>\n<th style=\"text-align: left\">Taille<\/th>\n<td style=\"text-align: left\">134*19mm<\/td>\n<\/tr>\n<tr>\n<th style=\"text-align: left\">serpentin de chauffage<\/th>\n<td style=\"text-align: left\">Bobine maill\u00e9e de 1,8 \u03a9<\/td>\n<\/tr>\n<tr>\n<th style=\"text-align: left\">Bouff\u00e9e<\/th>\n<td style=\"text-align: left\">Jusqu&#039;\u00e0 2000 bouff\u00e9es<\/td>\n<\/tr>\n<tr>\n<th style=\"text-align: left\">Batterie<\/th>\n<td style=\"text-align: left\">Batterie rechargeable de 1500 mAh<\/td>\n<\/tr>\n<tr>\n<th style=\"text-align: left\">E-liquide pr\u00e9rempli<\/th>\n<td style=\"text-align: left\">7,0 ML<\/td>\n<\/tr>\n<tr>\n<th style=\"text-align: left\">Saveur<\/th>\n<td style=\"text-align: left\">Menthe<\/td>\n<\/tr>\n<\/tbody>\n<\/table>","protected":false},"featured_media":10307,"comment_status":"closed","ping_status":"closed","template":"","meta":[],"product_brand":[],"product_cat":[54,47],"product_tag":[],"class_list":{"0":"post-10298","1":"product","2":"type-product","3":"status-publish","4":"has-post-thumbnail","6":"product_cat-chargeable-disposable-vapes","7":"product_cat-disposable-vapes","9":"first","10":"instock","11":"shipping-taxable","12":"product-type-simple"},"yoast_head":"<!-- This site is optimized with the Yoast SEO plugin v26.9 - https:\/\/yoast.com\/product\/yoast-seo-wordpress\/ -->\n<title>2000 Puffs Disposable Vape E-Cig Cool Mint Flavor 1500mAh<\/title>\n<meta name=\"description\" content=\"2000 Puffs Disposable Vape E-Cig Cool Mint Flavor 1500mAh 5% Nicotine Salt Strength Pneumatic switch Small size easy to carry\" \/>\n<meta name=\"robots\" content=\"index, follow, max-snippet:-1, max-image-preview:large, max-video-preview:-1\" \/>\n<link rel=\"canonical\" href=\"https:\/\/amxim.com\/fr\/product\/cigarette-electronique-jetable-2000-bouffees-saveur-menthe-fraiche-1500-mah\/\" \/>\n<meta property=\"og:locale\" content=\"fr_FR\" \/>\n<meta property=\"og:type\" content=\"article\" \/>\n<meta property=\"og:title\" content=\"2000 Puffs Disposable Vape E-Cig Cool Mint Flavor 1500mAh\" \/>\n<meta property=\"og:description\" content=\"2000 Puffs Disposable Vape E-Cig Cool Mint Flavor 1500mAh 5% Nicotine Salt Strength Pneumatic switch Small size easy to carry\" \/>\n<meta property=\"og:url\" content=\"https:\/\/amxim.com\/fr\/product\/cigarette-electronique-jetable-2000-bouffees-saveur-menthe-fraiche-1500-mah\/\" \/>\n<meta property=\"og:site_name\" content=\"AMXIM\" \/>\n<meta property=\"article:modified_time\" content=\"2025-04-02T01:38:02+00:00\" \/>\n<meta property=\"og:image\" content=\"https:\/\/amxim.com\/wp-content\/uploads\/2025\/03\/2000-Puffs-Disposable-Vape-E-Cig-Cool-Mint-Flavor-1500mAh-1.webp\" \/>\n\t<meta property=\"og:image:width\" content=\"1000\" \/>\n\t<meta property=\"og:image:height\" content=\"1000\" \/>\n\t<meta property=\"og:image:type\" content=\"image\/webp\" \/>\n<meta name=\"twitter:card\" content=\"summary_large_image\" \/>\n<meta name=\"twitter:label1\" content=\"Dur\u00e9e de lecture estim\u00e9e\" \/>\n\t<meta name=\"twitter:data1\" content=\"1 minute\" \/>\n<script type=\"application\/ld+json\" class=\"yoast-schema-graph\">{\"@context\":\"https:\/\/schema.org\",\"@graph\":[{\"@type\":\"WebPage\",\"@id\":\"https:\/\/amxim.com\/product\/2000-puffs-disposable-vape-e-cig-cool-mint-flavor-1500mah\/\",\"url\":\"https:\/\/amxim.com\/product\/2000-puffs-disposable-vape-e-cig-cool-mint-flavor-1500mah\/\",\"name\":\"2000 Puffs Disposable Vape E-Cig Cool Mint Flavor 1500mAh\",\"isPartOf\":{\"@id\":\"https:\/\/amxim.com\/#website\"},\"primaryImageOfPage\":{\"@id\":\"https:\/\/amxim.com\/product\/2000-puffs-disposable-vape-e-cig-cool-mint-flavor-1500mah\/#primaryimage\"},\"image\":{\"@id\":\"https:\/\/amxim.com\/product\/2000-puffs-disposable-vape-e-cig-cool-mint-flavor-1500mah\/#primaryimage\"},\"thumbnailUrl\":\"https:\/\/amxim.com\/wp-content\/uploads\/2025\/03\/2000-Puffs-Disposable-Vape-E-Cig-Cool-Mint-Flavor-1500mAh-1.webp\",\"datePublished\":\"2025-03-26T09:09:19+00:00\",\"dateModified\":\"2025-04-02T01:38:02+00:00\",\"description\":\"2000 Puffs Disposable Vape E-Cig Cool Mint Flavor 1500mAh 5% Nicotine Salt Strength Pneumatic switch Small size easy to carry\",\"breadcrumb\":{\"@id\":\"https:\/\/amxim.com\/product\/2000-puffs-disposable-vape-e-cig-cool-mint-flavor-1500mah\/#breadcrumb\"},\"inLanguage\":\"fr-FR\",\"potentialAction\":[{\"@type\":\"ReadAction\",\"target\":[\"https:\/\/amxim.com\/product\/2000-puffs-disposable-vape-e-cig-cool-mint-flavor-1500mah\/\"]}]},{\"@type\":\"ImageObject\",\"inLanguage\":\"fr-FR\",\"@id\":\"https:\/\/amxim.com\/product\/2000-puffs-disposable-vape-e-cig-cool-mint-flavor-1500mah\/#primaryimage\",\"url\":\"https:\/\/amxim.com\/wp-content\/uploads\/2025\/03\/2000-Puffs-Disposable-Vape-E-Cig-Cool-Mint-Flavor-1500mAh-1.webp\",\"contentUrl\":\"https:\/\/amxim.com\/wp-content\/uploads\/2025\/03\/2000-Puffs-Disposable-Vape-E-Cig-Cool-Mint-Flavor-1500mAh-1.webp\",\"width\":1000,\"height\":1000,\"caption\":\"2000 Puffs Disposable Vape E-Cig Cool Mint Flavor 1500mAh\"},{\"@type\":\"BreadcrumbList\",\"@id\":\"https:\/\/amxim.com\/product\/2000-puffs-disposable-vape-e-cig-cool-mint-flavor-1500mah\/#breadcrumb\",\"itemListElement\":[{\"@type\":\"ListItem\",\"position\":1,\"name\":\"Home\",\"item\":\"https:\/\/amxim.com\/\"},{\"@type\":\"ListItem\",\"position\":2,\"name\":\"Products\",\"item\":\"https:\/\/amxim.com\/de\/products\/\"},{\"@type\":\"ListItem\",\"position\":3,\"name\":\"2000 Puffs Disposable Vape E-Cig Cool Mint Flavor 1500mAh\"}]},{\"@type\":\"WebSite\",\"@id\":\"https:\/\/amxim.com\/#website\",\"url\":\"https:\/\/amxim.com\/\",\"name\":\"AMXIM\",\"description\":\"AMXIM-OEM ODM Vape Manufacturer\",\"publisher\":{\"@id\":\"https:\/\/amxim.com\/#organization\"},\"potentialAction\":[{\"@type\":\"SearchAction\",\"target\":{\"@type\":\"EntryPoint\",\"urlTemplate\":\"https:\/\/amxim.com\/?s={search_term_string}\"},\"query-input\":{\"@type\":\"PropertyValueSpecification\",\"valueRequired\":true,\"valueName\":\"search_term_string\"}}],\"inLanguage\":\"fr-FR\"},{\"@type\":\"Organization\",\"@id\":\"https:\/\/amxim.com\/#organization\",\"name\":\"AMXIM\",\"url\":\"https:\/\/amxim.com\/\",\"logo\":{\"@type\":\"ImageObject\",\"inLanguage\":\"fr-FR\",\"@id\":\"https:\/\/amxim.com\/#\/schema\/logo\/image\/\",\"url\":\"https:\/\/amxim.com\/wp-content\/uploads\/2025\/03\/cropped-AMXIM-fav.webp\",\"contentUrl\":\"https:\/\/amxim.com\/wp-content\/uploads\/2025\/03\/cropped-AMXIM-fav.webp\",\"width\":512,\"height\":512,\"caption\":\"AMXIM\"},\"image\":{\"@id\":\"https:\/\/amxim.com\/#\/schema\/logo\/image\/\"}}]}<\/script>\n<!-- \/ Yoast SEO plugin. -->","yoast_head_json":{"title":"Cigarette \u00e9lectronique jetable 2000 bouff\u00e9es, saveur menthe fra\u00eeche, 1500 mAh","description":"Cigarette \u00e9lectronique jetable 2000 bouff\u00e9es, saveur menthe fra\u00eeche, 1500 mAh, 5%, force du sel de nicotine, interrupteur pneumatique, petite taille, facile \u00e0 transporter","robots":{"index":"index","follow":"follow","max-snippet":"max-snippet:-1","max-image-preview":"max-image-preview:large","max-video-preview":"max-video-preview:-1"},"canonical":"https:\/\/amxim.com\/fr\/product\/cigarette-electronique-jetable-2000-bouffees-saveur-menthe-fraiche-1500-mah\/","og_locale":"fr_FR","og_type":"article","og_title":"2000 Puffs Disposable Vape E-Cig Cool Mint Flavor 1500mAh","og_description":"2000 Puffs Disposable Vape E-Cig Cool Mint Flavor 1500mAh 5% Nicotine Salt Strength Pneumatic switch Small size easy to carry","og_url":"https:\/\/amxim.com\/fr\/product\/cigarette-electronique-jetable-2000-bouffees-saveur-menthe-fraiche-1500-mah\/","og_site_name":"AMXIM","article_modified_time":"2025-04-02T01:38:02+00:00","og_image":[{"width":1000,"height":1000,"url":"https:\/\/amxim.com\/wp-content\/uploads\/2025\/03\/2000-Puffs-Disposable-Vape-E-Cig-Cool-Mint-Flavor-1500mAh-1.webp","type":"image\/webp"}],"twitter_card":"summary_large_image","twitter_misc":{"Dur\u00e9e de lecture estim\u00e9e":"1 minute"},"schema":{"@context":"https:\/\/schema.org","@graph":[{"@type":"WebPage","@id":"https:\/\/amxim.com\/product\/2000-puffs-disposable-vape-e-cig-cool-mint-flavor-1500mah\/","url":"https:\/\/amxim.com\/product\/2000-puffs-disposable-vape-e-cig-cool-mint-flavor-1500mah\/","name":"Cigarette \u00e9lectronique jetable 2000 bouff\u00e9es, saveur menthe fra\u00eeche, 1500 mAh","isPartOf":{"@id":"https:\/\/amxim.com\/#website"},"primaryImageOfPage":{"@id":"https:\/\/amxim.com\/product\/2000-puffs-disposable-vape-e-cig-cool-mint-flavor-1500mah\/#primaryimage"},"image":{"@id":"https:\/\/amxim.com\/product\/2000-puffs-disposable-vape-e-cig-cool-mint-flavor-1500mah\/#primaryimage"},"thumbnailUrl":"https:\/\/amxim.com\/wp-content\/uploads\/2025\/03\/2000-Puffs-Disposable-Vape-E-Cig-Cool-Mint-Flavor-1500mAh-1.webp","datePublished":"2025-03-26T09:09:19+00:00","dateModified":"2025-04-02T01:38:02+00:00","description":"Cigarette \u00e9lectronique jetable 2000 bouff\u00e9es, saveur menthe fra\u00eeche, 1500 mAh, 5%, force du sel de nicotine, interrupteur pneumatique, petite taille, facile \u00e0 transporter","breadcrumb":{"@id":"https:\/\/amxim.com\/product\/2000-puffs-disposable-vape-e-cig-cool-mint-flavor-1500mah\/#breadcrumb"},"inLanguage":"fr-FR","potentialAction":[{"@type":"ReadAction","target":["https:\/\/amxim.com\/product\/2000-puffs-disposable-vape-e-cig-cool-mint-flavor-1500mah\/"]}]},{"@type":"ImageObject","inLanguage":"fr-FR","@id":"https:\/\/amxim.com\/product\/2000-puffs-disposable-vape-e-cig-cool-mint-flavor-1500mah\/#primaryimage","url":"https:\/\/amxim.com\/wp-content\/uploads\/2025\/03\/2000-Puffs-Disposable-Vape-E-Cig-Cool-Mint-Flavor-1500mAh-1.webp","contentUrl":"https:\/\/amxim.com\/wp-content\/uploads\/2025\/03\/2000-Puffs-Disposable-Vape-E-Cig-Cool-Mint-Flavor-1500mAh-1.webp","width":1000,"height":1000,"caption":"2000 Puffs Disposable Vape E-Cig Cool Mint Flavor 1500mAh"},{"@type":"BreadcrumbList","@id":"https:\/\/amxim.com\/product\/2000-puffs-disposable-vape-e-cig-cool-mint-flavor-1500mah\/#breadcrumb","itemListElement":[{"@type":"ListItem","position":1,"name":"Home","item":"https:\/\/amxim.com\/"},{"@type":"ListItem","position":2,"name":"Products","item":"https:\/\/amxim.com\/de\/products\/"},{"@type":"ListItem","position":3,"name":"2000 Puffs Disposable Vape E-Cig Cool Mint Flavor 1500mAh"}]},{"@type":"WebSite","@id":"https:\/\/amxim.com\/#website","url":"https:\/\/amxim.com\/","name":"AMXIM","description":"Fabricant de vapoteuses AMXIM-OEM ODM","publisher":{"@id":"https:\/\/amxim.com\/#organization"},"potentialAction":[{"@type":"SearchAction","target":{"@type":"EntryPoint","urlTemplate":"https:\/\/amxim.com\/?s={search_term_string}"},"query-input":{"@type":"PropertyValueSpecification","valueRequired":true,"valueName":"search_term_string"}}],"inLanguage":"fr-FR"},{"@type":"Organization","@id":"https:\/\/amxim.com\/#organization","name":"AMXIM","url":"https:\/\/amxim.com\/","logo":{"@type":"ImageObject","inLanguage":"fr-FR","@id":"https:\/\/amxim.com\/#\/schema\/logo\/image\/","url":"https:\/\/amxim.com\/wp-content\/uploads\/2025\/03\/cropped-AMXIM-fav.webp","contentUrl":"https:\/\/amxim.com\/wp-content\/uploads\/2025\/03\/cropped-AMXIM-fav.webp","width":512,"height":512,"caption":"AMXIM"},"image":{"@id":"https:\/\/amxim.com\/#\/schema\/logo\/image\/"}}]}},"_links":{"self":[{"href":"https:\/\/amxim.com\/fr\/wp-json\/wp\/v2\/product\/10298","targetHints":{"allow":["GET"]}}],"collection":[{"href":"https:\/\/amxim.com\/fr\/wp-json\/wp\/v2\/product"}],"about":[{"href":"https:\/\/amxim.com\/fr\/wp-json\/wp\/v2\/types\/product"}],"replies":[{"embeddable":true,"href":"https:\/\/amxim.com\/fr\/wp-json\/wp\/v2\/comments?post=10298"}],"version-history":[{"count":1,"href":"https:\/\/amxim.com\/fr\/wp-json\/wp\/v2\/product\/10298\/revisions"}],"predecessor-version":[{"id":11334,"href":"https:\/\/amxim.com\/fr\/wp-json\/wp\/v2\/product\/10298\/revisions\/11334"}],"wp:featuredmedia":[{"embeddable":true,"href":"https:\/\/amxim.com\/fr\/wp-json\/wp\/v2\/media\/10307"}],"wp:attachment":[{"href":"https:\/\/amxim.com\/fr\/wp-json\/wp\/v2\/media?parent=10298"}],"wp:term":[{"taxonomy":"product_brand","embeddable":true,"href":"https:\/\/amxim.com\/fr\/wp-json\/wp\/v2\/product_brand?post=10298"},{"taxonomy":"product_cat","embeddable":true,"href":"https:\/\/amxim.com\/fr\/wp-json\/wp\/v2\/product_cat?post=10298"},{"taxonomy":"product_tag","embeddable":true,"href":"https:\/\/amxim.com\/fr\/wp-json\/wp\/v2\/product_tag?post=10298"}],"curies":[{"name":"wp","href":"https:\/\/api.w.org\/{rel}","templated":true}]}}