{"id":10299,"date":"2025-03-26T09:11:22","date_gmt":"2025-03-26T09:11:22","guid":{"rendered":"https:\/\/amxim.com\/?post_type=product&#038;p=10299"},"modified":"2025-03-26T09:44:34","modified_gmt":"2025-03-26T09:44:34","slug":"stylo-vape-jetable-2000-bouffees-batterie-1500-mah","status":"publish","type":"product","link":"https:\/\/amxim.com\/fr\/product\/stylo-vape-jetable-2000-bouffees-batterie-1500-mah\/","title":{"rendered":"Stylo vape jetable 2000 bouff\u00e9es, batterie 1500 mAh"},"content":{"rendered":"<h2 style=\"text-align: left\">Stylo vape jetable 2000 bouff\u00e9es, batterie 1500 mAh<\/h2>\n<p style=\"text-align: left\">La cigarette \u00e9lectronique jetable est sp\u00e9cialement con\u00e7ue pour les d\u00e9butants en vapotage. Elle offre une exp\u00e9rience simple et intuitive, id\u00e9ale pour ceux qui passent du tabac au vapotage. Elle est \u00e9quip\u00e9e d&#039;une batterie pr\u00e9charg\u00e9e de 1500 mAh et pr\u00e9remplie de 7,0 ml d&#039;e-liquide aux sels de nicotine 50 mg, \u00e9liminant ainsi le besoin de recharger ou de recharger. Elle garantit une exp\u00e9rience de vapotage bouche-\u00e0-poumons agr\u00e9able et sans tracas.<br \/>\nAvec environ 2\u00a0000 bouff\u00e9es par appareil, nul besoin de r\u00e9gler les param\u00e8tres ni d&#039;appuyer sur un bouton\u00a0: il suffit d&#039;inhaler pour satisfaire votre envie, de savourer son d\u00e9licieux go\u00fbt et de jeter l&#039;appareil une fois termin\u00e9. Compact et portable, cet appareil facile \u00e0 transporter se glisse facilement dans votre poche ou votre sac, id\u00e9al pour une utilisation nomade.<\/p>\n<p>&nbsp;<\/p>\n<h3 style=\"text-align: left\">Caract\u00e9ristiques principales<\/h3>\n<ul>\n<li style=\"text-align: left\">Batterie longue dur\u00e9e<\/li>\n<li style=\"text-align: left\">Interrupteur pneumatique<\/li>\n<li style=\"text-align: left\">Conception tout-en-un<\/li>\n<li style=\"text-align: left\">De bonnes saveurs<\/li>\n<li style=\"text-align: left\">B\u00e2ton de vape jetable de 19 mm<\/li>\n<li style=\"text-align: left\">Stylo vape jetable 1500 mAh<\/li>\n<\/ul>","protected":false},"excerpt":{"rendered":"<h3>Sp\u00e9cifications du produit<\/h3>\n<table>\n<tbody>\n<tr>\n<th style=\"text-align: left\">Type de produit<\/th>\n<td style=\"text-align: left\">Vape jetable<\/td>\n<\/tr>\n<tr>\n<th style=\"text-align: left\">Options de couleur<\/th>\n<td style=\"text-align: left\">Rose<\/td>\n<\/tr>\n<tr>\n<th style=\"text-align: left\">Taille<\/th>\n<td style=\"text-align: left\">134*19mm<\/td>\n<\/tr>\n<tr>\n<th style=\"text-align: left\">Mat\u00e9riel<\/th>\n<td style=\"text-align: left\">PC + acier inoxydable<\/td>\n<\/tr>\n<tr>\n<th style=\"text-align: left\">serpentin de chauffage<\/th>\n<td style=\"text-align: left\">Bobine maill\u00e9e de 1,8 \u03a9<\/td>\n<\/tr>\n<tr>\n<th style=\"text-align: left\">Bouff\u00e9e<\/th>\n<td style=\"text-align: left\">Jusqu&#039;\u00e0 2000 bouff\u00e9es<\/td>\n<\/tr>\n<tr>\n<th style=\"text-align: left\">Batterie<\/th>\n<td style=\"text-align: left\">1500 mAh<\/td>\n<\/tr>\n<tr>\n<th style=\"text-align: left\">E-liquide pr\u00e9rempli<\/th>\n<td style=\"text-align: left\">7,0 ML<\/td>\n<\/tr>\n<tr>\n<th style=\"text-align: left\">Souligner<\/th>\n<td style=\"text-align: left\">Vape Stick jetable ROHS<\/td>\n<\/tr>\n<tr>\n<th style=\"text-align: left\">Saveur<\/th>\n<td style=\"text-align: left\">Glace au litchi<\/td>\n<\/tr>\n<\/tbody>\n<\/table>","protected":false},"featured_media":10320,"comment_status":"closed","ping_status":"closed","template":"","meta":[],"product_brand":[],"product_cat":[54,47],"product_tag":[],"class_list":{"0":"post-10299","1":"product","2":"type-product","3":"status-publish","4":"has-post-thumbnail","6":"product_cat-chargeable-disposable-vapes","7":"product_cat-disposable-vapes","9":"first","10":"instock","11":"shipping-taxable","12":"product-type-simple"},"yoast_head":"<!-- This site is optimized with the Yoast SEO plugin v26.9 - https:\/\/yoast.com\/product\/yoast-seo-wordpress\/ -->\n<title>Disposable Vape Stick Pen 2000 Puffs 1500mAh Battery<\/title>\n<meta name=\"description\" content=\"Disposable Vape Stick Pen 2000 Puffs 1500mAh Battery Long life battery Pneumatic All-in-one designswitch Good flavors 19mm Disposable Vape Stick\" \/>\n<meta name=\"robots\" content=\"index, follow, max-snippet:-1, max-image-preview:large, max-video-preview:-1\" \/>\n<link rel=\"canonical\" href=\"https:\/\/amxim.com\/fr\/product\/stylo-vape-jetable-2000-bouffees-batterie-1500-mah\/\" \/>\n<meta property=\"og:locale\" content=\"fr_FR\" \/>\n<meta property=\"og:type\" content=\"article\" \/>\n<meta property=\"og:title\" content=\"Disposable Vape Stick Pen 2000 Puffs 1500mAh Battery\" \/>\n<meta property=\"og:description\" content=\"Disposable Vape Stick Pen 2000 Puffs 1500mAh Battery Long life battery Pneumatic All-in-one designswitch Good flavors 19mm Disposable Vape Stick\" \/>\n<meta property=\"og:url\" content=\"https:\/\/amxim.com\/fr\/product\/stylo-vape-jetable-2000-bouffees-batterie-1500-mah\/\" \/>\n<meta property=\"og:site_name\" content=\"AMXIM\" \/>\n<meta property=\"article:modified_time\" content=\"2025-03-26T09:44:34+00:00\" \/>\n<meta property=\"og:image\" content=\"https:\/\/amxim.com\/wp-content\/uploads\/2025\/03\/Disposable-Vape-Stick-Pen-2000-Puffs-1500mAh-Battery-1.webp\" \/>\n\t<meta property=\"og:image:width\" content=\"1000\" \/>\n\t<meta property=\"og:image:height\" content=\"1000\" \/>\n\t<meta property=\"og:image:type\" content=\"image\/webp\" \/>\n<meta name=\"twitter:card\" content=\"summary_large_image\" \/>\n<meta name=\"twitter:label1\" content=\"Dur\u00e9e de lecture estim\u00e9e\" \/>\n\t<meta name=\"twitter:data1\" content=\"1 minute\" \/>\n<script type=\"application\/ld+json\" class=\"yoast-schema-graph\">{\"@context\":\"https:\/\/schema.org\",\"@graph\":[{\"@type\":\"WebPage\",\"@id\":\"https:\/\/amxim.com\/product\/disposable-vape-stick-pen-2000-puffs-1500mah-battery\/\",\"url\":\"https:\/\/amxim.com\/product\/disposable-vape-stick-pen-2000-puffs-1500mah-battery\/\",\"name\":\"Disposable Vape Stick Pen 2000 Puffs 1500mAh Battery\",\"isPartOf\":{\"@id\":\"https:\/\/amxim.com\/#website\"},\"primaryImageOfPage\":{\"@id\":\"https:\/\/amxim.com\/product\/disposable-vape-stick-pen-2000-puffs-1500mah-battery\/#primaryimage\"},\"image\":{\"@id\":\"https:\/\/amxim.com\/product\/disposable-vape-stick-pen-2000-puffs-1500mah-battery\/#primaryimage\"},\"thumbnailUrl\":\"https:\/\/amxim.com\/wp-content\/uploads\/2025\/03\/Disposable-Vape-Stick-Pen-2000-Puffs-1500mAh-Battery-1.webp\",\"datePublished\":\"2025-03-26T09:11:22+00:00\",\"dateModified\":\"2025-03-26T09:44:34+00:00\",\"description\":\"Disposable Vape Stick Pen 2000 Puffs 1500mAh Battery Long life battery Pneumatic All-in-one designswitch Good flavors 19mm Disposable Vape Stick\",\"breadcrumb\":{\"@id\":\"https:\/\/amxim.com\/product\/disposable-vape-stick-pen-2000-puffs-1500mah-battery\/#breadcrumb\"},\"inLanguage\":\"fr-FR\",\"potentialAction\":[{\"@type\":\"ReadAction\",\"target\":[\"https:\/\/amxim.com\/product\/disposable-vape-stick-pen-2000-puffs-1500mah-battery\/\"]}]},{\"@type\":\"ImageObject\",\"inLanguage\":\"fr-FR\",\"@id\":\"https:\/\/amxim.com\/product\/disposable-vape-stick-pen-2000-puffs-1500mah-battery\/#primaryimage\",\"url\":\"https:\/\/amxim.com\/wp-content\/uploads\/2025\/03\/Disposable-Vape-Stick-Pen-2000-Puffs-1500mAh-Battery-1.webp\",\"contentUrl\":\"https:\/\/amxim.com\/wp-content\/uploads\/2025\/03\/Disposable-Vape-Stick-Pen-2000-Puffs-1500mAh-Battery-1.webp\",\"width\":1000,\"height\":1000,\"caption\":\"Disposable Vape Stick Pen 2000 Puffs 1500mAh Battery\"},{\"@type\":\"BreadcrumbList\",\"@id\":\"https:\/\/amxim.com\/product\/disposable-vape-stick-pen-2000-puffs-1500mah-battery\/#breadcrumb\",\"itemListElement\":[{\"@type\":\"ListItem\",\"position\":1,\"name\":\"Home\",\"item\":\"https:\/\/amxim.com\/\"},{\"@type\":\"ListItem\",\"position\":2,\"name\":\"Products\",\"item\":\"https:\/\/amxim.com\/de\/products\/\"},{\"@type\":\"ListItem\",\"position\":3,\"name\":\"Disposable Vape Stick Pen 2000 Puffs 1500mAh Battery\"}]},{\"@type\":\"WebSite\",\"@id\":\"https:\/\/amxim.com\/#website\",\"url\":\"https:\/\/amxim.com\/\",\"name\":\"AMXIM\",\"description\":\"AMXIM-OEM ODM Vape Manufacturer\",\"publisher\":{\"@id\":\"https:\/\/amxim.com\/#organization\"},\"potentialAction\":[{\"@type\":\"SearchAction\",\"target\":{\"@type\":\"EntryPoint\",\"urlTemplate\":\"https:\/\/amxim.com\/?s={search_term_string}\"},\"query-input\":{\"@type\":\"PropertyValueSpecification\",\"valueRequired\":true,\"valueName\":\"search_term_string\"}}],\"inLanguage\":\"fr-FR\"},{\"@type\":\"Organization\",\"@id\":\"https:\/\/amxim.com\/#organization\",\"name\":\"AMXIM\",\"url\":\"https:\/\/amxim.com\/\",\"logo\":{\"@type\":\"ImageObject\",\"inLanguage\":\"fr-FR\",\"@id\":\"https:\/\/amxim.com\/#\/schema\/logo\/image\/\",\"url\":\"https:\/\/amxim.com\/wp-content\/uploads\/2025\/03\/cropped-AMXIM-fav.webp\",\"contentUrl\":\"https:\/\/amxim.com\/wp-content\/uploads\/2025\/03\/cropped-AMXIM-fav.webp\",\"width\":512,\"height\":512,\"caption\":\"AMXIM\"},\"image\":{\"@id\":\"https:\/\/amxim.com\/#\/schema\/logo\/image\/\"}}]}<\/script>\n<!-- \/ Yoast SEO plugin. -->","yoast_head_json":{"title":"Stylo vape jetable 2000 bouff\u00e9es, batterie 1500 mAh","description":"Stylo vape jetable 2000 bouff\u00e9es Batterie 1500 mAh Batterie longue dur\u00e9e Pneumatique Conception tout-en-un Interrupteur Bonnes saveurs B\u00e2ton vape jetable 19 mm","robots":{"index":"index","follow":"follow","max-snippet":"max-snippet:-1","max-image-preview":"max-image-preview:large","max-video-preview":"max-video-preview:-1"},"canonical":"https:\/\/amxim.com\/fr\/product\/stylo-vape-jetable-2000-bouffees-batterie-1500-mah\/","og_locale":"fr_FR","og_type":"article","og_title":"Disposable Vape Stick Pen 2000 Puffs 1500mAh Battery","og_description":"Disposable Vape Stick Pen 2000 Puffs 1500mAh Battery Long life battery Pneumatic All-in-one designswitch Good flavors 19mm Disposable Vape Stick","og_url":"https:\/\/amxim.com\/fr\/product\/stylo-vape-jetable-2000-bouffees-batterie-1500-mah\/","og_site_name":"AMXIM","article_modified_time":"2025-03-26T09:44:34+00:00","og_image":[{"width":1000,"height":1000,"url":"https:\/\/amxim.com\/wp-content\/uploads\/2025\/03\/Disposable-Vape-Stick-Pen-2000-Puffs-1500mAh-Battery-1.webp","type":"image\/webp"}],"twitter_card":"summary_large_image","twitter_misc":{"Dur\u00e9e de lecture estim\u00e9e":"1 minute"},"schema":{"@context":"https:\/\/schema.org","@graph":[{"@type":"WebPage","@id":"https:\/\/amxim.com\/product\/disposable-vape-stick-pen-2000-puffs-1500mah-battery\/","url":"https:\/\/amxim.com\/product\/disposable-vape-stick-pen-2000-puffs-1500mah-battery\/","name":"Stylo vape jetable 2000 bouff\u00e9es, batterie 1500 mAh","isPartOf":{"@id":"https:\/\/amxim.com\/#website"},"primaryImageOfPage":{"@id":"https:\/\/amxim.com\/product\/disposable-vape-stick-pen-2000-puffs-1500mah-battery\/#primaryimage"},"image":{"@id":"https:\/\/amxim.com\/product\/disposable-vape-stick-pen-2000-puffs-1500mah-battery\/#primaryimage"},"thumbnailUrl":"https:\/\/amxim.com\/wp-content\/uploads\/2025\/03\/Disposable-Vape-Stick-Pen-2000-Puffs-1500mAh-Battery-1.webp","datePublished":"2025-03-26T09:11:22+00:00","dateModified":"2025-03-26T09:44:34+00:00","description":"Stylo vape jetable 2000 bouff\u00e9es Batterie 1500 mAh Batterie longue dur\u00e9e Pneumatique Conception tout-en-un Interrupteur Bonnes saveurs B\u00e2ton vape jetable 19 mm","breadcrumb":{"@id":"https:\/\/amxim.com\/product\/disposable-vape-stick-pen-2000-puffs-1500mah-battery\/#breadcrumb"},"inLanguage":"fr-FR","potentialAction":[{"@type":"ReadAction","target":["https:\/\/amxim.com\/product\/disposable-vape-stick-pen-2000-puffs-1500mah-battery\/"]}]},{"@type":"ImageObject","inLanguage":"fr-FR","@id":"https:\/\/amxim.com\/product\/disposable-vape-stick-pen-2000-puffs-1500mah-battery\/#primaryimage","url":"https:\/\/amxim.com\/wp-content\/uploads\/2025\/03\/Disposable-Vape-Stick-Pen-2000-Puffs-1500mAh-Battery-1.webp","contentUrl":"https:\/\/amxim.com\/wp-content\/uploads\/2025\/03\/Disposable-Vape-Stick-Pen-2000-Puffs-1500mAh-Battery-1.webp","width":1000,"height":1000,"caption":"Disposable Vape Stick Pen 2000 Puffs 1500mAh Battery"},{"@type":"BreadcrumbList","@id":"https:\/\/amxim.com\/product\/disposable-vape-stick-pen-2000-puffs-1500mah-battery\/#breadcrumb","itemListElement":[{"@type":"ListItem","position":1,"name":"Home","item":"https:\/\/amxim.com\/"},{"@type":"ListItem","position":2,"name":"Products","item":"https:\/\/amxim.com\/de\/products\/"},{"@type":"ListItem","position":3,"name":"Disposable Vape Stick Pen 2000 Puffs 1500mAh Battery"}]},{"@type":"WebSite","@id":"https:\/\/amxim.com\/#website","url":"https:\/\/amxim.com\/","name":"AMXIM","description":"Fabricant de vapoteuses AMXIM-OEM ODM","publisher":{"@id":"https:\/\/amxim.com\/#organization"},"potentialAction":[{"@type":"SearchAction","target":{"@type":"EntryPoint","urlTemplate":"https:\/\/amxim.com\/?s={search_term_string}"},"query-input":{"@type":"PropertyValueSpecification","valueRequired":true,"valueName":"search_term_string"}}],"inLanguage":"fr-FR"},{"@type":"Organization","@id":"https:\/\/amxim.com\/#organization","name":"AMXIM","url":"https:\/\/amxim.com\/","logo":{"@type":"ImageObject","inLanguage":"fr-FR","@id":"https:\/\/amxim.com\/#\/schema\/logo\/image\/","url":"https:\/\/amxim.com\/wp-content\/uploads\/2025\/03\/cropped-AMXIM-fav.webp","contentUrl":"https:\/\/amxim.com\/wp-content\/uploads\/2025\/03\/cropped-AMXIM-fav.webp","width":512,"height":512,"caption":"AMXIM"},"image":{"@id":"https:\/\/amxim.com\/#\/schema\/logo\/image\/"}}]}},"_links":{"self":[{"href":"https:\/\/amxim.com\/fr\/wp-json\/wp\/v2\/product\/10299","targetHints":{"allow":["GET"]}}],"collection":[{"href":"https:\/\/amxim.com\/fr\/wp-json\/wp\/v2\/product"}],"about":[{"href":"https:\/\/amxim.com\/fr\/wp-json\/wp\/v2\/types\/product"}],"replies":[{"embeddable":true,"href":"https:\/\/amxim.com\/fr\/wp-json\/wp\/v2\/comments?post=10299"}],"version-history":[{"count":0,"href":"https:\/\/amxim.com\/fr\/wp-json\/wp\/v2\/product\/10299\/revisions"}],"wp:featuredmedia":[{"embeddable":true,"href":"https:\/\/amxim.com\/fr\/wp-json\/wp\/v2\/media\/10320"}],"wp:attachment":[{"href":"https:\/\/amxim.com\/fr\/wp-json\/wp\/v2\/media?parent=10299"}],"wp:term":[{"taxonomy":"product_brand","embeddable":true,"href":"https:\/\/amxim.com\/fr\/wp-json\/wp\/v2\/product_brand?post=10299"},{"taxonomy":"product_cat","embeddable":true,"href":"https:\/\/amxim.com\/fr\/wp-json\/wp\/v2\/product_cat?post=10299"},{"taxonomy":"product_tag","embeddable":true,"href":"https:\/\/amxim.com\/fr\/wp-json\/wp\/v2\/product_tag?post=10299"}],"curies":[{"name":"wp","href":"https:\/\/api.w.org\/{rel}","templated":true}]}}