{"id":10301,"date":"2025-03-26T09:13:16","date_gmt":"2025-03-26T09:13:16","guid":{"rendered":"https:\/\/amxim.com\/?post_type=product&#038;p=10301"},"modified":"2026-02-04T02:44:09","modified_gmt":"2026-02-04T02:44:09","slug":"cigarette-electronique-jetable-a-36-v-tension-1500-mah-saveur-mangue-glacee","status":"publish","type":"product","link":"https:\/\/amxim.com\/fr\/product\/cigarette-electronique-jetable-a-36-v-tension-1500-mah-saveur-mangue-glacee\/","title":{"rendered":"Cigarette \u00e9lectronique jetable 3,6 V, 1\u00a0500 mAh, saveur mangue glac\u00e9e"},"content":{"rendered":"<h2 style=\"text-align: left\">Cigarette \u00e9lectronique jetable 3,6 V, 1\u00a0500 mAh, saveur mangue glac\u00e9e<\/h2>\n<p style=\"text-align: left\">  This 3.6V disposable vape e-cigarette comes prefilled with 7ml salt nicotine e-liquid in a refreshing Mango Ice flavor, delivering up to 2000 smooth puffs with a satisfying mouth-to-lung hit. Built with a 1.8\u03a9 mesh coil and powered by a pre-charged 1500mAh battery, it requires no refilling or recharging\u2014simply inhale to use and dispose when finished. Made from durable PC + stainless steel and manufactured by a professional vape factory with OEM\/ODM customization, this disposable device is perfect for private-label brands, distributors, and scalable custom vape production, offering convenience, quality, and consistent flavor.<\/p>\n<p>&nbsp;<\/p>\n<h3 style=\"text-align: left\">Caract\u00e9ristiques principales<\/h3>\n<ul>\n<li style=\"text-align: left\">Conception anti-fuite<\/li>\n<li style=\"text-align: left\">Force du sel de nicotine 5%<\/li>\n<li style=\"text-align: left\">M\u00e9canisme de tir activ\u00e9 par tirage<\/li>\n<\/ul>","protected":false},"excerpt":{"rendered":"<h3>Sp\u00e9cifications du produit<\/h3>\n<table>\n<tbody>\n<tr>\n<th style=\"text-align: left\">Type de produit<\/th>\n<td style=\"text-align: left\">Vape jetable<\/td>\n<\/tr>\n<tr>\n<th style=\"text-align: left\">Options de couleur<\/th>\n<td style=\"text-align: left\">Orange<\/td>\n<\/tr>\n<tr>\n<th style=\"text-align: left\">Taille<\/th>\n<td style=\"text-align: left\">134*19mm<\/td>\n<\/tr>\n<tr>\n<th style=\"text-align: left\">Mat\u00e9riel<\/th>\n<td style=\"text-align: left\">PC + acier inoxydable<\/td>\n<\/tr>\n<tr>\n<th style=\"text-align: left\">serpentin de chauffage<\/th>\n<td style=\"text-align: left\">Bobine maill\u00e9e de 1,8 \u03a9<\/td>\n<\/tr>\n<tr>\n<th style=\"text-align: left\">Bouff\u00e9e<\/th>\n<td style=\"text-align: left\">Jusqu&#039;\u00e0 2000 bouff\u00e9es<\/td>\n<\/tr>\n<tr>\n<th style=\"text-align: left\">Batterie<\/th>\n<td style=\"text-align: left\">Batterie rechargeable de 1500 mAh<\/td>\n<\/tr>\n<tr>\n<th style=\"text-align: left\">E-liquide pr\u00e9rempli<\/th>\n<td style=\"text-align: left\">7,0 ML<\/td>\n<\/tr>\n<tr>\n<th style=\"text-align: left\">Tension de fonctionnement<\/th>\n<td style=\"text-align: left\">3,6 V<\/td>\n<\/tr>\n<tr>\n<th style=\"text-align: left\">Puissance (w)<\/th>\n<td style=\"text-align: left\">7W-12W<\/td>\n<\/tr>\n<tr>\n<th style=\"text-align: left\">Souligner<\/th>\n<td style=\"text-align: left\">Cigarette \u00e9lectronique jetable en b\u00e2tonnet de 2000 bouff\u00e9es<\/td>\n<\/tr>\n<tr>\n<th style=\"text-align: left\">Saveur<\/th>\n<td style=\"text-align: left\">Glace \u00e0 la mangue<\/td>\n<\/tr>\n<\/tbody>\n<\/table>","protected":false},"featured_media":10324,"comment_status":"closed","ping_status":"closed","template":"","meta":[],"product_brand":[],"product_cat":[54,47],"product_tag":[],"class_list":{"0":"post-10301","1":"product","2":"type-product","3":"status-publish","4":"has-post-thumbnail","6":"product_cat-chargeable-disposable-vapes","7":"product_cat-disposable-vapes","9":"first","10":"instock","11":"shipping-taxable","12":"product-type-simple"},"yoast_head":"<!-- This site is optimized with the Yoast SEO plugin v26.9 - https:\/\/yoast.com\/product\/yoast-seo-wordpress\/ -->\n<title>3.6V Voltage 1500mAh Disposable Vape E-Cigarette Mango Ice Flavor<\/title>\n<meta name=\"description\" content=\"3.6V Voltage 1500mAh Disposable Vape E-Cigarette Mango Ice Flavor Anti Leak Design 5% Nicotine Salt Strength Draw-activated firing mechanism\" \/>\n<meta name=\"robots\" content=\"index, follow, max-snippet:-1, max-image-preview:large, max-video-preview:-1\" \/>\n<link rel=\"canonical\" href=\"https:\/\/amxim.com\/fr\/product\/cigarette-electronique-jetable-a-36-v-tension-1500-mah-saveur-mangue-glacee\/\" \/>\n<meta property=\"og:locale\" content=\"fr_FR\" \/>\n<meta property=\"og:type\" content=\"article\" \/>\n<meta property=\"og:title\" content=\"3.6V Voltage 1500mAh Disposable Vape E-Cigarette Mango Ice Flavor\" \/>\n<meta property=\"og:description\" content=\"3.6V Voltage 1500mAh Disposable Vape E-Cigarette Mango Ice Flavor Anti Leak Design 5% Nicotine Salt Strength Draw-activated firing mechanism\" \/>\n<meta property=\"og:url\" content=\"https:\/\/amxim.com\/fr\/product\/cigarette-electronique-jetable-a-36-v-tension-1500-mah-saveur-mangue-glacee\/\" \/>\n<meta property=\"og:site_name\" content=\"AMXIM\" \/>\n<meta property=\"article:modified_time\" content=\"2026-02-04T02:44:09+00:00\" \/>\n<meta property=\"og:image\" content=\"https:\/\/amxim.com\/wp-content\/uploads\/2025\/03\/3.6V-Voltage-1500mAh-Disposable-Vape-E-Cigarette-Mango-Ice-Flavor-1.webp\" \/>\n\t<meta property=\"og:image:width\" content=\"1000\" \/>\n\t<meta property=\"og:image:height\" content=\"1000\" \/>\n\t<meta property=\"og:image:type\" content=\"image\/webp\" \/>\n<meta name=\"twitter:card\" content=\"summary_large_image\" \/>\n<meta name=\"twitter:label1\" content=\"Dur\u00e9e de lecture estim\u00e9e\" \/>\n\t<meta name=\"twitter:data1\" content=\"1 minute\" \/>\n<script type=\"application\/ld+json\" class=\"yoast-schema-graph\">{\"@context\":\"https:\/\/schema.org\",\"@graph\":[{\"@type\":\"WebPage\",\"@id\":\"https:\/\/amxim.com\/product\/3-6v-voltage-1500mah-disposable-vape-e-cigarette-mango-ice-flavor\/\",\"url\":\"https:\/\/amxim.com\/product\/3-6v-voltage-1500mah-disposable-vape-e-cigarette-mango-ice-flavor\/\",\"name\":\"3.6V Voltage 1500mAh Disposable Vape E-Cigarette Mango Ice Flavor\",\"isPartOf\":{\"@id\":\"https:\/\/amxim.com\/#website\"},\"primaryImageOfPage\":{\"@id\":\"https:\/\/amxim.com\/product\/3-6v-voltage-1500mah-disposable-vape-e-cigarette-mango-ice-flavor\/#primaryimage\"},\"image\":{\"@id\":\"https:\/\/amxim.com\/product\/3-6v-voltage-1500mah-disposable-vape-e-cigarette-mango-ice-flavor\/#primaryimage\"},\"thumbnailUrl\":\"https:\/\/amxim.com\/wp-content\/uploads\/2025\/03\/3.6V-Voltage-1500mAh-Disposable-Vape-E-Cigarette-Mango-Ice-Flavor-1.webp\",\"datePublished\":\"2025-03-26T09:13:16+00:00\",\"dateModified\":\"2026-02-04T02:44:09+00:00\",\"description\":\"3.6V Voltage 1500mAh Disposable Vape E-Cigarette Mango Ice Flavor Anti Leak Design 5% Nicotine Salt Strength Draw-activated firing mechanism\",\"breadcrumb\":{\"@id\":\"https:\/\/amxim.com\/product\/3-6v-voltage-1500mah-disposable-vape-e-cigarette-mango-ice-flavor\/#breadcrumb\"},\"inLanguage\":\"fr-FR\",\"potentialAction\":[{\"@type\":\"ReadAction\",\"target\":[\"https:\/\/amxim.com\/product\/3-6v-voltage-1500mah-disposable-vape-e-cigarette-mango-ice-flavor\/\"]}]},{\"@type\":\"ImageObject\",\"inLanguage\":\"fr-FR\",\"@id\":\"https:\/\/amxim.com\/product\/3-6v-voltage-1500mah-disposable-vape-e-cigarette-mango-ice-flavor\/#primaryimage\",\"url\":\"https:\/\/amxim.com\/wp-content\/uploads\/2025\/03\/3.6V-Voltage-1500mAh-Disposable-Vape-E-Cigarette-Mango-Ice-Flavor-1.webp\",\"contentUrl\":\"https:\/\/amxim.com\/wp-content\/uploads\/2025\/03\/3.6V-Voltage-1500mAh-Disposable-Vape-E-Cigarette-Mango-Ice-Flavor-1.webp\",\"width\":1000,\"height\":1000,\"caption\":\"3.6V Voltage 1500mAh Disposable Vape E-Cigarette Mango Ice Flavor\"},{\"@type\":\"BreadcrumbList\",\"@id\":\"https:\/\/amxim.com\/product\/3-6v-voltage-1500mah-disposable-vape-e-cigarette-mango-ice-flavor\/#breadcrumb\",\"itemListElement\":[{\"@type\":\"ListItem\",\"position\":1,\"name\":\"Home\",\"item\":\"https:\/\/amxim.com\/\"},{\"@type\":\"ListItem\",\"position\":2,\"name\":\"Products\",\"item\":\"https:\/\/amxim.com\/de\/products\/\"},{\"@type\":\"ListItem\",\"position\":3,\"name\":\"3.6V Voltage 1500mAh Disposable Vape E-Cigarette Mango Ice Flavor\"}]},{\"@type\":\"WebSite\",\"@id\":\"https:\/\/amxim.com\/#website\",\"url\":\"https:\/\/amxim.com\/\",\"name\":\"AMXIM\",\"description\":\"AMXIM-OEM ODM Vape Manufacturer\",\"publisher\":{\"@id\":\"https:\/\/amxim.com\/#organization\"},\"potentialAction\":[{\"@type\":\"SearchAction\",\"target\":{\"@type\":\"EntryPoint\",\"urlTemplate\":\"https:\/\/amxim.com\/?s={search_term_string}\"},\"query-input\":{\"@type\":\"PropertyValueSpecification\",\"valueRequired\":true,\"valueName\":\"search_term_string\"}}],\"inLanguage\":\"fr-FR\"},{\"@type\":\"Organization\",\"@id\":\"https:\/\/amxim.com\/#organization\",\"name\":\"AMXIM\",\"url\":\"https:\/\/amxim.com\/\",\"logo\":{\"@type\":\"ImageObject\",\"inLanguage\":\"fr-FR\",\"@id\":\"https:\/\/amxim.com\/#\/schema\/logo\/image\/\",\"url\":\"https:\/\/amxim.com\/wp-content\/uploads\/2025\/03\/cropped-AMXIM-fav.webp\",\"contentUrl\":\"https:\/\/amxim.com\/wp-content\/uploads\/2025\/03\/cropped-AMXIM-fav.webp\",\"width\":512,\"height\":512,\"caption\":\"AMXIM\"},\"image\":{\"@id\":\"https:\/\/amxim.com\/#\/schema\/logo\/image\/\"}}]}<\/script>\n<!-- \/ Yoast SEO plugin. -->","yoast_head_json":{"title":"Cigarette \u00e9lectronique jetable 3,6 V, 1\u00a0500 mAh, saveur mangue glac\u00e9e","description":"Cigarette \u00e9lectronique jetable \u00e0 3,6 V, 1\u00a0500 mAh, saveur mangue glac\u00e9e, conception anti-fuite, force du sel de nicotine 5%, m\u00e9canisme de tir activ\u00e9 par tirage","robots":{"index":"index","follow":"follow","max-snippet":"max-snippet:-1","max-image-preview":"max-image-preview:large","max-video-preview":"max-video-preview:-1"},"canonical":"https:\/\/amxim.com\/fr\/product\/cigarette-electronique-jetable-a-36-v-tension-1500-mah-saveur-mangue-glacee\/","og_locale":"fr_FR","og_type":"article","og_title":"3.6V Voltage 1500mAh Disposable Vape E-Cigarette Mango Ice Flavor","og_description":"3.6V Voltage 1500mAh Disposable Vape E-Cigarette Mango Ice Flavor Anti Leak Design 5% Nicotine Salt Strength Draw-activated firing mechanism","og_url":"https:\/\/amxim.com\/fr\/product\/cigarette-electronique-jetable-a-36-v-tension-1500-mah-saveur-mangue-glacee\/","og_site_name":"AMXIM","article_modified_time":"2026-02-04T02:44:09+00:00","og_image":[{"width":1000,"height":1000,"url":"https:\/\/amxim.com\/wp-content\/uploads\/2025\/03\/3.6V-Voltage-1500mAh-Disposable-Vape-E-Cigarette-Mango-Ice-Flavor-1.webp","type":"image\/webp"}],"twitter_card":"summary_large_image","twitter_misc":{"Dur\u00e9e de lecture estim\u00e9e":"1 minute"},"schema":{"@context":"https:\/\/schema.org","@graph":[{"@type":"WebPage","@id":"https:\/\/amxim.com\/product\/3-6v-voltage-1500mah-disposable-vape-e-cigarette-mango-ice-flavor\/","url":"https:\/\/amxim.com\/product\/3-6v-voltage-1500mah-disposable-vape-e-cigarette-mango-ice-flavor\/","name":"Cigarette \u00e9lectronique jetable 3,6 V, 1\u00a0500 mAh, saveur mangue glac\u00e9e","isPartOf":{"@id":"https:\/\/amxim.com\/#website"},"primaryImageOfPage":{"@id":"https:\/\/amxim.com\/product\/3-6v-voltage-1500mah-disposable-vape-e-cigarette-mango-ice-flavor\/#primaryimage"},"image":{"@id":"https:\/\/amxim.com\/product\/3-6v-voltage-1500mah-disposable-vape-e-cigarette-mango-ice-flavor\/#primaryimage"},"thumbnailUrl":"https:\/\/amxim.com\/wp-content\/uploads\/2025\/03\/3.6V-Voltage-1500mAh-Disposable-Vape-E-Cigarette-Mango-Ice-Flavor-1.webp","datePublished":"2025-03-26T09:13:16+00:00","dateModified":"2026-02-04T02:44:09+00:00","description":"Cigarette \u00e9lectronique jetable \u00e0 3,6 V, 1\u00a0500 mAh, saveur mangue glac\u00e9e, conception anti-fuite, force du sel de nicotine 5%, m\u00e9canisme de tir activ\u00e9 par tirage","breadcrumb":{"@id":"https:\/\/amxim.com\/product\/3-6v-voltage-1500mah-disposable-vape-e-cigarette-mango-ice-flavor\/#breadcrumb"},"inLanguage":"fr-FR","potentialAction":[{"@type":"ReadAction","target":["https:\/\/amxim.com\/product\/3-6v-voltage-1500mah-disposable-vape-e-cigarette-mango-ice-flavor\/"]}]},{"@type":"ImageObject","inLanguage":"fr-FR","@id":"https:\/\/amxim.com\/product\/3-6v-voltage-1500mah-disposable-vape-e-cigarette-mango-ice-flavor\/#primaryimage","url":"https:\/\/amxim.com\/wp-content\/uploads\/2025\/03\/3.6V-Voltage-1500mAh-Disposable-Vape-E-Cigarette-Mango-Ice-Flavor-1.webp","contentUrl":"https:\/\/amxim.com\/wp-content\/uploads\/2025\/03\/3.6V-Voltage-1500mAh-Disposable-Vape-E-Cigarette-Mango-Ice-Flavor-1.webp","width":1000,"height":1000,"caption":"3.6V Voltage 1500mAh Disposable Vape E-Cigarette Mango Ice Flavor"},{"@type":"BreadcrumbList","@id":"https:\/\/amxim.com\/product\/3-6v-voltage-1500mah-disposable-vape-e-cigarette-mango-ice-flavor\/#breadcrumb","itemListElement":[{"@type":"ListItem","position":1,"name":"Home","item":"https:\/\/amxim.com\/"},{"@type":"ListItem","position":2,"name":"Products","item":"https:\/\/amxim.com\/de\/products\/"},{"@type":"ListItem","position":3,"name":"3.6V Voltage 1500mAh Disposable Vape E-Cigarette Mango Ice Flavor"}]},{"@type":"WebSite","@id":"https:\/\/amxim.com\/#website","url":"https:\/\/amxim.com\/","name":"AMXIM","description":"Fabricant de vapoteuses AMXIM-OEM ODM","publisher":{"@id":"https:\/\/amxim.com\/#organization"},"potentialAction":[{"@type":"SearchAction","target":{"@type":"EntryPoint","urlTemplate":"https:\/\/amxim.com\/?s={search_term_string}"},"query-input":{"@type":"PropertyValueSpecification","valueRequired":true,"valueName":"search_term_string"}}],"inLanguage":"fr-FR"},{"@type":"Organization","@id":"https:\/\/amxim.com\/#organization","name":"AMXIM","url":"https:\/\/amxim.com\/","logo":{"@type":"ImageObject","inLanguage":"fr-FR","@id":"https:\/\/amxim.com\/#\/schema\/logo\/image\/","url":"https:\/\/amxim.com\/wp-content\/uploads\/2025\/03\/cropped-AMXIM-fav.webp","contentUrl":"https:\/\/amxim.com\/wp-content\/uploads\/2025\/03\/cropped-AMXIM-fav.webp","width":512,"height":512,"caption":"AMXIM"},"image":{"@id":"https:\/\/amxim.com\/#\/schema\/logo\/image\/"}}]}},"_links":{"self":[{"href":"https:\/\/amxim.com\/fr\/wp-json\/wp\/v2\/product\/10301","targetHints":{"allow":["GET"]}}],"collection":[{"href":"https:\/\/amxim.com\/fr\/wp-json\/wp\/v2\/product"}],"about":[{"href":"https:\/\/amxim.com\/fr\/wp-json\/wp\/v2\/types\/product"}],"replies":[{"embeddable":true,"href":"https:\/\/amxim.com\/fr\/wp-json\/wp\/v2\/comments?post=10301"}],"version-history":[{"count":1,"href":"https:\/\/amxim.com\/fr\/wp-json\/wp\/v2\/product\/10301\/revisions"}],"predecessor-version":[{"id":13505,"href":"https:\/\/amxim.com\/fr\/wp-json\/wp\/v2\/product\/10301\/revisions\/13505"}],"wp:featuredmedia":[{"embeddable":true,"href":"https:\/\/amxim.com\/fr\/wp-json\/wp\/v2\/media\/10324"}],"wp:attachment":[{"href":"https:\/\/amxim.com\/fr\/wp-json\/wp\/v2\/media?parent=10301"}],"wp:term":[{"taxonomy":"product_brand","embeddable":true,"href":"https:\/\/amxim.com\/fr\/wp-json\/wp\/v2\/product_brand?post=10301"},{"taxonomy":"product_cat","embeddable":true,"href":"https:\/\/amxim.com\/fr\/wp-json\/wp\/v2\/product_cat?post=10301"},{"taxonomy":"product_tag","embeddable":true,"href":"https:\/\/amxim.com\/fr\/wp-json\/wp\/v2\/product_tag?post=10301"}],"curies":[{"name":"wp","href":"https:\/\/api.w.org\/{rel}","templated":true}]}}