{"id":10302,"date":"2025-03-26T09:16:03","date_gmt":"2025-03-26T09:16:03","guid":{"rendered":"https:\/\/amxim.com\/?post_type=product&#038;p=10302"},"modified":"2025-04-02T01:36:53","modified_gmt":"2025-04-02T01:36:53","slug":"vaporisateur-jetable-a-la-menthe-2-000-bouffees-50-mg-de-sel-de-nicotine","status":"publish","type":"product","link":"https:\/\/amxim.com\/fr\/product\/vaporisateur-jetable-a-la-menthe-2-000-bouffees-50-mg-de-sel-de-nicotine\/","title":{"rendered":"Vaporisateur jetable \u00e0 la menthe, 2\u00a0000 bouff\u00e9es, 50 mg de sel de nicotine"},"content":{"rendered":"<h2 style=\"text-align: left\">Vaporisateur jetable \u00e0 la menthe, 2\u00a0000 bouff\u00e9es, 50 mg de sel de nicotine<\/h2>\n<p style=\"text-align: left\">La cigarette \u00e9lectronique jetable est un dispositif de vapotage pr\u00e9rempli aux sels de nicotine, con\u00e7u pour \u00eatre pratique et portable, id\u00e9al pour les vapoteurs nomades. Elle est \u00e9quip\u00e9e d&#039;une batterie interne rechargeable de 1500 mAh, offrant une autonomie prolong\u00e9e. Dot\u00e9 d&#039;un m\u00e9canisme d&#039;allumage par inhalation, l&#039;appareil s&#039;active automatiquement \u00e0 l&#039;inhalation. Pr\u00e9rempli de 7,0 ml d&#039;e-liquide aux sels de nicotine \u00e0 50 mg, chaque dispositif jetable offre une exp\u00e9rience de vapotage douce et satisfaisante. Avec un taux de nicotine de 5%, chaque dispositif offre environ 2000 bouff\u00e9es.<br \/>\nLe Slick Plus Jetable est disponible en plusieurs saveurs pour satisfaire tous les go\u00fbts. Facile \u00e0 utiliser, il s&#039;active par simple inhalation et ne n\u00e9cessite aucun bouton ni remplissage, ce qui le rend incroyablement pratique. Id\u00e9al pour les vapoteurs d\u00e9butants comme exp\u00e9riment\u00e9s, il suffit de le sortir de son emballage et vous \u00eates pr\u00eat \u00e0 vapoter.<\/p>\n<p>&nbsp;<\/p>\n<h3 style=\"text-align: left\">Caract\u00e9ristiques principales<\/h3>\n<ul>\n<li style=\"text-align: left\">Petite taille<\/li>\n<li style=\"text-align: left\">facile \u00e0 transporter<\/li>\n<li style=\"text-align: left\">facile \u00e0 utiliser<\/li>\n<li style=\"text-align: left\">bon go\u00fbt<\/li>\n<\/ul>","protected":false},"excerpt":{"rendered":"<h3>Sp\u00e9cifications du produit<\/h3>\n<table>\n<tbody>\n<tr>\n<th style=\"text-align: left\">Type de produit<\/th>\n<td style=\"text-align: left\">Vape jetable<\/td>\n<\/tr>\n<tr>\n<th style=\"text-align: left\">Options de couleur<\/th>\n<td style=\"text-align: left\">Violet<\/td>\n<\/tr>\n<tr>\n<th style=\"text-align: left\">Taille<\/th>\n<td style=\"text-align: left\">134*19mm<\/td>\n<\/tr>\n<tr>\n<th style=\"text-align: left\">Mat\u00e9riel<\/th>\n<td style=\"text-align: left\">PC + acier inoxydable<\/td>\n<\/tr>\n<tr>\n<th style=\"text-align: left\">serpentin de chauffage<\/th>\n<td style=\"text-align: left\">Bobine maill\u00e9e de 1,8 \u03a9<\/td>\n<\/tr>\n<tr>\n<th style=\"text-align: left\">Bouff\u00e9e<\/th>\n<td style=\"text-align: left\">Jusqu&#039;\u00e0 2000 bouff\u00e9es<\/td>\n<\/tr>\n<tr>\n<th style=\"text-align: left\">Batterie<\/th>\n<td style=\"text-align: left\">Batterie rechargeable de 1500 mAh<\/td>\n<\/tr>\n<tr>\n<th style=\"text-align: left\">E-liquide pr\u00e9rempli<\/th>\n<td style=\"text-align: left\">7,0 ML<\/td>\n<\/tr>\n<tr>\n<th style=\"text-align: left\">Tension de fonctionnement<\/th>\n<td style=\"text-align: left\">3,6 V<\/td>\n<\/tr>\n<tr>\n<th style=\"text-align: left\">Souligner<\/th>\n<td style=\"text-align: left\">B\u00e2tonnet de vape jetable au sel de nicotine 50 mg<\/td>\n<\/tr>\n<tr>\n<th style=\"text-align: left\">Saveur<\/th>\n<td style=\"text-align: left\">M\u00e9lange de baies<\/td>\n<\/tr>\n<\/tbody>\n<\/table>","protected":false},"featured_media":10329,"comment_status":"closed","ping_status":"closed","template":"","meta":[],"product_brand":[],"product_cat":[54,47],"product_tag":[],"class_list":{"0":"post-10302","1":"product","2":"type-product","3":"status-publish","4":"has-post-thumbnail","6":"product_cat-chargeable-disposable-vapes","7":"product_cat-disposable-vapes","9":"first","10":"instock","11":"shipping-taxable","12":"product-type-simple"},"yoast_head":"<!-- This site is optimized with the Yoast SEO plugin v26.9 - https:\/\/yoast.com\/product\/yoast-seo-wordpress\/ -->\n<title>Mint Disposable Vape Stick Device 2000 Puffs 50mg Nicotine Salt<\/title>\n<meta name=\"description\" content=\"Mint Disposable Vape Stick Device 2000 Puffs 50mg Nicotine Salt Small size easy to carry easy to use great taste Stainless Steel\" \/>\n<meta name=\"robots\" content=\"index, follow, max-snippet:-1, max-image-preview:large, max-video-preview:-1\" \/>\n<link rel=\"canonical\" href=\"https:\/\/amxim.com\/fr\/product\/vaporisateur-jetable-a-la-menthe-2-000-bouffees-50-mg-de-sel-de-nicotine\/\" \/>\n<meta property=\"og:locale\" content=\"fr_FR\" \/>\n<meta property=\"og:type\" content=\"article\" \/>\n<meta property=\"og:title\" content=\"Mint Disposable Vape Stick Device 2000 Puffs 50mg Nicotine Salt\" \/>\n<meta property=\"og:description\" content=\"Mint Disposable Vape Stick Device 2000 Puffs 50mg Nicotine Salt Small size easy to carry easy to use great taste Stainless Steel\" \/>\n<meta property=\"og:url\" content=\"https:\/\/amxim.com\/fr\/product\/vaporisateur-jetable-a-la-menthe-2-000-bouffees-50-mg-de-sel-de-nicotine\/\" \/>\n<meta property=\"og:site_name\" content=\"AMXIM\" \/>\n<meta property=\"article:modified_time\" content=\"2025-04-02T01:36:53+00:00\" \/>\n<meta property=\"og:image\" content=\"https:\/\/amxim.com\/wp-content\/uploads\/2025\/03\/Mint-Disposable-Vape-Stick-Device-2000-Puffs-50mg-Nicotine-Salt-1.webp\" \/>\n\t<meta property=\"og:image:width\" content=\"1000\" \/>\n\t<meta property=\"og:image:height\" content=\"1000\" \/>\n\t<meta property=\"og:image:type\" content=\"image\/webp\" \/>\n<meta name=\"twitter:card\" content=\"summary_large_image\" \/>\n<meta name=\"twitter:label1\" content=\"Dur\u00e9e de lecture estim\u00e9e\" \/>\n\t<meta name=\"twitter:data1\" content=\"1 minute\" \/>\n<script type=\"application\/ld+json\" class=\"yoast-schema-graph\">{\"@context\":\"https:\/\/schema.org\",\"@graph\":[{\"@type\":\"WebPage\",\"@id\":\"https:\/\/amxim.com\/product\/mint-disposable-vape-stick-device-2000-puffs-50mg-nicotine-salt\/\",\"url\":\"https:\/\/amxim.com\/product\/mint-disposable-vape-stick-device-2000-puffs-50mg-nicotine-salt\/\",\"name\":\"Mint Disposable Vape Stick Device 2000 Puffs 50mg Nicotine Salt\",\"isPartOf\":{\"@id\":\"https:\/\/amxim.com\/#website\"},\"primaryImageOfPage\":{\"@id\":\"https:\/\/amxim.com\/product\/mint-disposable-vape-stick-device-2000-puffs-50mg-nicotine-salt\/#primaryimage\"},\"image\":{\"@id\":\"https:\/\/amxim.com\/product\/mint-disposable-vape-stick-device-2000-puffs-50mg-nicotine-salt\/#primaryimage\"},\"thumbnailUrl\":\"https:\/\/amxim.com\/wp-content\/uploads\/2025\/03\/Mint-Disposable-Vape-Stick-Device-2000-Puffs-50mg-Nicotine-Salt-1.webp\",\"datePublished\":\"2025-03-26T09:16:03+00:00\",\"dateModified\":\"2025-04-02T01:36:53+00:00\",\"description\":\"Mint Disposable Vape Stick Device 2000 Puffs 50mg Nicotine Salt Small size easy to carry easy to use great taste Stainless Steel\",\"breadcrumb\":{\"@id\":\"https:\/\/amxim.com\/product\/mint-disposable-vape-stick-device-2000-puffs-50mg-nicotine-salt\/#breadcrumb\"},\"inLanguage\":\"fr-FR\",\"potentialAction\":[{\"@type\":\"ReadAction\",\"target\":[\"https:\/\/amxim.com\/product\/mint-disposable-vape-stick-device-2000-puffs-50mg-nicotine-salt\/\"]}]},{\"@type\":\"ImageObject\",\"inLanguage\":\"fr-FR\",\"@id\":\"https:\/\/amxim.com\/product\/mint-disposable-vape-stick-device-2000-puffs-50mg-nicotine-salt\/#primaryimage\",\"url\":\"https:\/\/amxim.com\/wp-content\/uploads\/2025\/03\/Mint-Disposable-Vape-Stick-Device-2000-Puffs-50mg-Nicotine-Salt-1.webp\",\"contentUrl\":\"https:\/\/amxim.com\/wp-content\/uploads\/2025\/03\/Mint-Disposable-Vape-Stick-Device-2000-Puffs-50mg-Nicotine-Salt-1.webp\",\"width\":1000,\"height\":1000,\"caption\":\"Mint Disposable Vape Stick Device 2000 Puffs 50mg Nicotine Salt\"},{\"@type\":\"BreadcrumbList\",\"@id\":\"https:\/\/amxim.com\/product\/mint-disposable-vape-stick-device-2000-puffs-50mg-nicotine-salt\/#breadcrumb\",\"itemListElement\":[{\"@type\":\"ListItem\",\"position\":1,\"name\":\"Home\",\"item\":\"https:\/\/amxim.com\/en\/\"},{\"@type\":\"ListItem\",\"position\":2,\"name\":\"Products\",\"item\":\"https:\/\/amxim.com\/de\/products\/\"},{\"@type\":\"ListItem\",\"position\":3,\"name\":\"Mint Disposable Vape Stick Device 2000 Puffs 50mg Nicotine Salt\"}]},{\"@type\":\"WebSite\",\"@id\":\"https:\/\/amxim.com\/#website\",\"url\":\"https:\/\/amxim.com\/\",\"name\":\"AMXIM\",\"description\":\"AMXIM-OEM ODM Vape Manufacturer\",\"publisher\":{\"@id\":\"https:\/\/amxim.com\/#organization\"},\"potentialAction\":[{\"@type\":\"SearchAction\",\"target\":{\"@type\":\"EntryPoint\",\"urlTemplate\":\"https:\/\/amxim.com\/?s={search_term_string}\"},\"query-input\":{\"@type\":\"PropertyValueSpecification\",\"valueRequired\":true,\"valueName\":\"search_term_string\"}}],\"inLanguage\":\"fr-FR\"},{\"@type\":\"Organization\",\"@id\":\"https:\/\/amxim.com\/#organization\",\"name\":\"AMXIM\",\"url\":\"https:\/\/amxim.com\/\",\"logo\":{\"@type\":\"ImageObject\",\"inLanguage\":\"fr-FR\",\"@id\":\"https:\/\/amxim.com\/#\/schema\/logo\/image\/\",\"url\":\"https:\/\/amxim.com\/wp-content\/uploads\/2025\/03\/cropped-AMXIM-fav.webp\",\"contentUrl\":\"https:\/\/amxim.com\/wp-content\/uploads\/2025\/03\/cropped-AMXIM-fav.webp\",\"width\":512,\"height\":512,\"caption\":\"AMXIM\"},\"image\":{\"@id\":\"https:\/\/amxim.com\/#\/schema\/logo\/image\/\"}}]}<\/script>\n<!-- \/ Yoast SEO plugin. -->","yoast_head_json":{"title":"Vaporisateur jetable \u00e0 la menthe, 2\u00a0000 bouff\u00e9es, 50 mg de sel de nicotine","description":"Appareil de vape jetable \u00e0 la menthe 2000 bouff\u00e9es 50 mg de sel de nicotine Petite taille facile \u00e0 transporter facile \u00e0 utiliser bon go\u00fbt Acier inoxydable","robots":{"index":"index","follow":"follow","max-snippet":"max-snippet:-1","max-image-preview":"max-image-preview:large","max-video-preview":"max-video-preview:-1"},"canonical":"https:\/\/amxim.com\/fr\/product\/vaporisateur-jetable-a-la-menthe-2-000-bouffees-50-mg-de-sel-de-nicotine\/","og_locale":"fr_FR","og_type":"article","og_title":"Mint Disposable Vape Stick Device 2000 Puffs 50mg Nicotine Salt","og_description":"Mint Disposable Vape Stick Device 2000 Puffs 50mg Nicotine Salt Small size easy to carry easy to use great taste Stainless Steel","og_url":"https:\/\/amxim.com\/fr\/product\/vaporisateur-jetable-a-la-menthe-2-000-bouffees-50-mg-de-sel-de-nicotine\/","og_site_name":"AMXIM","article_modified_time":"2025-04-02T01:36:53+00:00","og_image":[{"width":1000,"height":1000,"url":"https:\/\/amxim.com\/wp-content\/uploads\/2025\/03\/Mint-Disposable-Vape-Stick-Device-2000-Puffs-50mg-Nicotine-Salt-1.webp","type":"image\/webp"}],"twitter_card":"summary_large_image","twitter_misc":{"Dur\u00e9e de lecture estim\u00e9e":"1 minute"},"schema":{"@context":"https:\/\/schema.org","@graph":[{"@type":"WebPage","@id":"https:\/\/amxim.com\/product\/mint-disposable-vape-stick-device-2000-puffs-50mg-nicotine-salt\/","url":"https:\/\/amxim.com\/product\/mint-disposable-vape-stick-device-2000-puffs-50mg-nicotine-salt\/","name":"Vaporisateur jetable \u00e0 la menthe, 2\u00a0000 bouff\u00e9es, 50 mg de sel de nicotine","isPartOf":{"@id":"https:\/\/amxim.com\/#website"},"primaryImageOfPage":{"@id":"https:\/\/amxim.com\/product\/mint-disposable-vape-stick-device-2000-puffs-50mg-nicotine-salt\/#primaryimage"},"image":{"@id":"https:\/\/amxim.com\/product\/mint-disposable-vape-stick-device-2000-puffs-50mg-nicotine-salt\/#primaryimage"},"thumbnailUrl":"https:\/\/amxim.com\/wp-content\/uploads\/2025\/03\/Mint-Disposable-Vape-Stick-Device-2000-Puffs-50mg-Nicotine-Salt-1.webp","datePublished":"2025-03-26T09:16:03+00:00","dateModified":"2025-04-02T01:36:53+00:00","description":"Appareil de vape jetable \u00e0 la menthe 2000 bouff\u00e9es 50 mg de sel de nicotine Petite taille facile \u00e0 transporter facile \u00e0 utiliser bon go\u00fbt Acier inoxydable","breadcrumb":{"@id":"https:\/\/amxim.com\/product\/mint-disposable-vape-stick-device-2000-puffs-50mg-nicotine-salt\/#breadcrumb"},"inLanguage":"fr-FR","potentialAction":[{"@type":"ReadAction","target":["https:\/\/amxim.com\/product\/mint-disposable-vape-stick-device-2000-puffs-50mg-nicotine-salt\/"]}]},{"@type":"ImageObject","inLanguage":"fr-FR","@id":"https:\/\/amxim.com\/product\/mint-disposable-vape-stick-device-2000-puffs-50mg-nicotine-salt\/#primaryimage","url":"https:\/\/amxim.com\/wp-content\/uploads\/2025\/03\/Mint-Disposable-Vape-Stick-Device-2000-Puffs-50mg-Nicotine-Salt-1.webp","contentUrl":"https:\/\/amxim.com\/wp-content\/uploads\/2025\/03\/Mint-Disposable-Vape-Stick-Device-2000-Puffs-50mg-Nicotine-Salt-1.webp","width":1000,"height":1000,"caption":"Mint Disposable Vape Stick Device 2000 Puffs 50mg Nicotine Salt"},{"@type":"BreadcrumbList","@id":"https:\/\/amxim.com\/product\/mint-disposable-vape-stick-device-2000-puffs-50mg-nicotine-salt\/#breadcrumb","itemListElement":[{"@type":"ListItem","position":1,"name":"Home","item":"https:\/\/amxim.com\/en\/"},{"@type":"ListItem","position":2,"name":"Products","item":"https:\/\/amxim.com\/de\/products\/"},{"@type":"ListItem","position":3,"name":"Mint Disposable Vape Stick Device 2000 Puffs 50mg Nicotine Salt"}]},{"@type":"WebSite","@id":"https:\/\/amxim.com\/#website","url":"https:\/\/amxim.com\/","name":"AMXIM","description":"Fabricant de vapoteuses AMXIM-OEM ODM","publisher":{"@id":"https:\/\/amxim.com\/#organization"},"potentialAction":[{"@type":"SearchAction","target":{"@type":"EntryPoint","urlTemplate":"https:\/\/amxim.com\/?s={search_term_string}"},"query-input":{"@type":"PropertyValueSpecification","valueRequired":true,"valueName":"search_term_string"}}],"inLanguage":"fr-FR"},{"@type":"Organization","@id":"https:\/\/amxim.com\/#organization","name":"AMXIM","url":"https:\/\/amxim.com\/","logo":{"@type":"ImageObject","inLanguage":"fr-FR","@id":"https:\/\/amxim.com\/#\/schema\/logo\/image\/","url":"https:\/\/amxim.com\/wp-content\/uploads\/2025\/03\/cropped-AMXIM-fav.webp","contentUrl":"https:\/\/amxim.com\/wp-content\/uploads\/2025\/03\/cropped-AMXIM-fav.webp","width":512,"height":512,"caption":"AMXIM"},"image":{"@id":"https:\/\/amxim.com\/#\/schema\/logo\/image\/"}}]}},"_links":{"self":[{"href":"https:\/\/amxim.com\/fr\/wp-json\/wp\/v2\/product\/10302","targetHints":{"allow":["GET"]}}],"collection":[{"href":"https:\/\/amxim.com\/fr\/wp-json\/wp\/v2\/product"}],"about":[{"href":"https:\/\/amxim.com\/fr\/wp-json\/wp\/v2\/types\/product"}],"replies":[{"embeddable":true,"href":"https:\/\/amxim.com\/fr\/wp-json\/wp\/v2\/comments?post=10302"}],"version-history":[{"count":1,"href":"https:\/\/amxim.com\/fr\/wp-json\/wp\/v2\/product\/10302\/revisions"}],"predecessor-version":[{"id":11333,"href":"https:\/\/amxim.com\/fr\/wp-json\/wp\/v2\/product\/10302\/revisions\/11333"}],"wp:featuredmedia":[{"embeddable":true,"href":"https:\/\/amxim.com\/fr\/wp-json\/wp\/v2\/media\/10329"}],"wp:attachment":[{"href":"https:\/\/amxim.com\/fr\/wp-json\/wp\/v2\/media?parent=10302"}],"wp:term":[{"taxonomy":"product_brand","embeddable":true,"href":"https:\/\/amxim.com\/fr\/wp-json\/wp\/v2\/product_brand?post=10302"},{"taxonomy":"product_cat","embeddable":true,"href":"https:\/\/amxim.com\/fr\/wp-json\/wp\/v2\/product_cat?post=10302"},{"taxonomy":"product_tag","embeddable":true,"href":"https:\/\/amxim.com\/fr\/wp-json\/wp\/v2\/product_tag?post=10302"}],"curies":[{"name":"wp","href":"https:\/\/api.w.org\/{rel}","templated":true}]}}