{"id":10303,"date":"2025-03-26T09:18:49","date_gmt":"2025-03-26T09:18:49","guid":{"rendered":"https:\/\/amxim.com\/?post_type=product&#038;p=10303"},"modified":"2025-07-15T01:20:48","modified_gmt":"2025-07-15T01:20:48","slug":"stylo-vape-jetable-12-w-7-ml-1-500-mah","status":"publish","type":"product","link":"https:\/\/amxim.com\/fr\/product\/stylo-vape-jetable-12-w-7-ml-1-500-mah\/","title":{"rendered":"Stylo vape jetable 12 W, 7 ml, 1\u00a0500 mAh"},"content":{"rendered":"<h2 style=\"text-align: left\">Stylo vape jetable 12 W, 7 ml, 1\u00a0500 mAh<\/h2>\n<p style=\"text-align: left\">La conception originale bien con\u00e7ue, combin\u00e9e \u00e0 une production de niveau expert et \u00e0 un niveau impressionnant de pr\u00e9cision dans la r\u00e9plication, fait de cette e-cigarette jetable un m\u00e9lange parfait de saveur fruit\u00e9e et de sel de nicotine.<br \/>\nCette cigarette \u00e9lectronique jetable est compacte et portable. \u00c9quip\u00e9e d&#039;une puissante batterie int\u00e9gr\u00e9e de 1500 mAh et de 7,0 ml d&#039;e-liquide pr\u00e9rempli, elle offre environ 200 bouff\u00e9es. Avec un taux de nicotine de 50 mg, elle promet une exp\u00e9rience de vapotage exceptionnelle. Chaque cigarette \u00e9lectronique jetable est conditionn\u00e9e en un seul appareil et offre une inhalation douce et agr\u00e9able pour un confort optimal.<br \/>\nDisponible dans une vari\u00e9t\u00e9 de saveurs all\u00e9chantes, il existe un choix parfait pour chaque pr\u00e9f\u00e9rence, notamment la menthe, la glace luxuriante, la glace aux myrtilles, la glace au litchi, les baies m\u00e9lang\u00e9es, la glace \u00e0 la mangue, la glace \u00e0 la fraise, la glace au raisin, la glace \u00e0 la banane et la glace \u00e0 l&#039;ananas.<\/p>\n<p>&nbsp;<\/p>\n<h3 style=\"text-align: left\">Caract\u00e9ristiques principales<\/h3>\n<ul>\n<li style=\"text-align: left\">Interrupteur pneumatique<\/li>\n<li style=\"text-align: left\">Batterie int\u00e9gr\u00e9e de 1500 mAh<\/li>\n<li style=\"text-align: left\">Contient 7,0 ml d&#039;e-liquide<\/li>\n<li style=\"text-align: left\">Petite taille<\/li>\n<li style=\"text-align: left\">facile \u00e0 transporter<\/li>\n<li style=\"text-align: left\">facile \u00e0 utiliser<\/li>\n<li style=\"text-align: left\">bon go\u00fbt<\/li>\n<\/ul>","protected":false},"excerpt":{"rendered":"<h3>Sp\u00e9cifications du produit<\/h3>\n<table>\n<tbody>\n<tr>\n<th style=\"text-align: left\">Type de produit<\/th>\n<td style=\"text-align: left\">Vape jetable<\/td>\n<\/tr>\n<tr>\n<th style=\"text-align: left\">Options de couleur<\/th>\n<td style=\"text-align: left\">Bleu<\/td>\n<\/tr>\n<tr>\n<th style=\"text-align: left\">Taille<\/th>\n<td style=\"text-align: left\">134*19mm<\/td>\n<\/tr>\n<tr>\n<th style=\"text-align: left\">Mat\u00e9riel<\/th>\n<td style=\"text-align: left\">PC + acier inoxydable<\/td>\n<\/tr>\n<tr>\n<th style=\"text-align: left\">serpentin de chauffage<\/th>\n<td style=\"text-align: left\">Bobine maill\u00e9e de 1,6 \u03a9<\/td>\n<\/tr>\n<tr>\n<th style=\"text-align: left\">Bouff\u00e9e<\/th>\n<td style=\"text-align: left\">Jusqu&#039;\u00e0 2000 bouff\u00e9es<\/td>\n<\/tr>\n<tr>\n<th style=\"text-align: left\">Batterie<\/th>\n<td style=\"text-align: left\">Batterie rechargeable de 1500 mAh<\/td>\n<\/tr>\n<tr>\n<th style=\"text-align: left\">E-liquide pr\u00e9rempli<\/th>\n<td style=\"text-align: left\">7,0 ML<\/td>\n<\/tr>\n<tr>\n<th style=\"text-align: left\">Puissance (w)<\/th>\n<td style=\"text-align: left\">7W-12W<\/td>\n<\/tr>\n<tr>\n<th style=\"text-align: left\">OEM\/ODM<\/th>\n<td style=\"text-align: left\">Tr\u00e8s bienvenu, disponible, oui<\/td>\n<\/tr>\n<tr>\n<th style=\"text-align: left\">Souligner<\/th>\n<td style=\"text-align: left\">Vape Stick jetable 12 W<\/td>\n<\/tr>\n<tr>\n<th style=\"text-align: left\">Saveur<\/th>\n<td style=\"text-align: left\">Glace aux myrtilles<\/td>\n<\/tr>\n<\/tbody>\n<\/table>","protected":false},"featured_media":10334,"comment_status":"closed","ping_status":"closed","template":"","meta":[],"product_brand":[],"product_cat":[54,47,50],"product_tag":[],"class_list":{"0":"post-10303","1":"product","2":"type-product","3":"status-publish","4":"has-post-thumbnail","6":"product_cat-chargeable-disposable-vapes","7":"product_cat-disposable-vapes","8":"product_cat-pod-systems","10":"first","11":"instock","12":"shipping-taxable","13":"product-type-simple"},"yoast_head":"<!-- This site is optimized with the Yoast SEO plugin v26.9 - https:\/\/yoast.com\/product\/yoast-seo-wordpress\/ -->\n<title>Disposable Vape Stick Pen Pod Device 12W 7.0ml 1500mAh<\/title>\n<meta name=\"description\" content=\"Disposable Vape Stick Pen Pod Device 12W 7.0ml 1500mAh Pneumatic switch Integrated 1500mAh Battery Contains 7.0ml of ejuice\" \/>\n<meta name=\"robots\" content=\"index, follow, max-snippet:-1, max-image-preview:large, max-video-preview:-1\" \/>\n<link rel=\"canonical\" href=\"https:\/\/amxim.com\/fr\/product\/stylo-vape-jetable-12-w-7-ml-1-500-mah\/\" \/>\n<meta property=\"og:locale\" content=\"fr_FR\" \/>\n<meta property=\"og:type\" content=\"article\" \/>\n<meta property=\"og:title\" content=\"Disposable Vape Stick Pen Pod Device 12W 7.0ml 1500mAh\" \/>\n<meta property=\"og:description\" content=\"Disposable Vape Stick Pen Pod Device 12W 7.0ml 1500mAh Pneumatic switch Integrated 1500mAh Battery Contains 7.0ml of ejuice\" \/>\n<meta property=\"og:url\" content=\"https:\/\/amxim.com\/fr\/product\/stylo-vape-jetable-12-w-7-ml-1-500-mah\/\" \/>\n<meta property=\"og:site_name\" content=\"AMXIM\" \/>\n<meta property=\"article:modified_time\" content=\"2025-07-15T01:20:48+00:00\" \/>\n<meta property=\"og:image\" content=\"https:\/\/amxim.com\/wp-content\/uploads\/2025\/03\/Disposable-Vape-Stick-Pen-Pod-Device-12W-7.0ml-1500mAh-1.webp\" \/>\n\t<meta property=\"og:image:width\" content=\"1000\" \/>\n\t<meta property=\"og:image:height\" content=\"1000\" \/>\n\t<meta property=\"og:image:type\" content=\"image\/webp\" \/>\n<meta name=\"twitter:card\" content=\"summary_large_image\" \/>\n<meta name=\"twitter:label1\" content=\"Dur\u00e9e de lecture estim\u00e9e\" \/>\n\t<meta name=\"twitter:data1\" content=\"1 minute\" \/>\n<script type=\"application\/ld+json\" class=\"yoast-schema-graph\">{\"@context\":\"https:\/\/schema.org\",\"@graph\":[{\"@type\":\"WebPage\",\"@id\":\"https:\/\/amxim.com\/product\/disposable-vape-stick-pen-pod-device-12w-7-0ml-1500mah\/\",\"url\":\"https:\/\/amxim.com\/product\/disposable-vape-stick-pen-pod-device-12w-7-0ml-1500mah\/\",\"name\":\"Disposable Vape Stick Pen Pod Device 12W 7.0ml 1500mAh\",\"isPartOf\":{\"@id\":\"https:\/\/amxim.com\/#website\"},\"primaryImageOfPage\":{\"@id\":\"https:\/\/amxim.com\/product\/disposable-vape-stick-pen-pod-device-12w-7-0ml-1500mah\/#primaryimage\"},\"image\":{\"@id\":\"https:\/\/amxim.com\/product\/disposable-vape-stick-pen-pod-device-12w-7-0ml-1500mah\/#primaryimage\"},\"thumbnailUrl\":\"https:\/\/amxim.com\/wp-content\/uploads\/2025\/03\/Disposable-Vape-Stick-Pen-Pod-Device-12W-7.0ml-1500mAh-1.webp\",\"datePublished\":\"2025-03-26T09:18:49+00:00\",\"dateModified\":\"2025-07-15T01:20:48+00:00\",\"description\":\"Disposable Vape Stick Pen Pod Device 12W 7.0ml 1500mAh Pneumatic switch Integrated 1500mAh Battery Contains 7.0ml of ejuice\",\"breadcrumb\":{\"@id\":\"https:\/\/amxim.com\/product\/disposable-vape-stick-pen-pod-device-12w-7-0ml-1500mah\/#breadcrumb\"},\"inLanguage\":\"fr-FR\",\"potentialAction\":[{\"@type\":\"ReadAction\",\"target\":[\"https:\/\/amxim.com\/product\/disposable-vape-stick-pen-pod-device-12w-7-0ml-1500mah\/\"]}]},{\"@type\":\"ImageObject\",\"inLanguage\":\"fr-FR\",\"@id\":\"https:\/\/amxim.com\/product\/disposable-vape-stick-pen-pod-device-12w-7-0ml-1500mah\/#primaryimage\",\"url\":\"https:\/\/amxim.com\/wp-content\/uploads\/2025\/03\/Disposable-Vape-Stick-Pen-Pod-Device-12W-7.0ml-1500mAh-1.webp\",\"contentUrl\":\"https:\/\/amxim.com\/wp-content\/uploads\/2025\/03\/Disposable-Vape-Stick-Pen-Pod-Device-12W-7.0ml-1500mAh-1.webp\",\"width\":1000,\"height\":1000,\"caption\":\"Disposable Vape Stick Pen Pod Device 12W 7.0ml 1500mAh\"},{\"@type\":\"BreadcrumbList\",\"@id\":\"https:\/\/amxim.com\/product\/disposable-vape-stick-pen-pod-device-12w-7-0ml-1500mah\/#breadcrumb\",\"itemListElement\":[{\"@type\":\"ListItem\",\"position\":1,\"name\":\"Home\",\"item\":\"https:\/\/amxim.com\/en\/\"},{\"@type\":\"ListItem\",\"position\":2,\"name\":\"Products\",\"item\":\"https:\/\/amxim.com\/de\/products\/\"},{\"@type\":\"ListItem\",\"position\":3,\"name\":\"Disposable Vape Stick Pen Pod Device 12W 7.0ml 1500mAh\"}]},{\"@type\":\"WebSite\",\"@id\":\"https:\/\/amxim.com\/#website\",\"url\":\"https:\/\/amxim.com\/\",\"name\":\"AMXIM\",\"description\":\"AMXIM-OEM ODM Vape Manufacturer\",\"publisher\":{\"@id\":\"https:\/\/amxim.com\/#organization\"},\"potentialAction\":[{\"@type\":\"SearchAction\",\"target\":{\"@type\":\"EntryPoint\",\"urlTemplate\":\"https:\/\/amxim.com\/?s={search_term_string}\"},\"query-input\":{\"@type\":\"PropertyValueSpecification\",\"valueRequired\":true,\"valueName\":\"search_term_string\"}}],\"inLanguage\":\"fr-FR\"},{\"@type\":\"Organization\",\"@id\":\"https:\/\/amxim.com\/#organization\",\"name\":\"AMXIM\",\"url\":\"https:\/\/amxim.com\/\",\"logo\":{\"@type\":\"ImageObject\",\"inLanguage\":\"fr-FR\",\"@id\":\"https:\/\/amxim.com\/#\/schema\/logo\/image\/\",\"url\":\"https:\/\/amxim.com\/wp-content\/uploads\/2025\/03\/cropped-AMXIM-fav.webp\",\"contentUrl\":\"https:\/\/amxim.com\/wp-content\/uploads\/2025\/03\/cropped-AMXIM-fav.webp\",\"width\":512,\"height\":512,\"caption\":\"AMXIM\"},\"image\":{\"@id\":\"https:\/\/amxim.com\/#\/schema\/logo\/image\/\"}}]}<\/script>\n<!-- \/ Yoast SEO plugin. -->","yoast_head_json":{"title":"Stylo vape jetable 12 W, 7 ml, 1\u00a0500 mAh","description":"Stylo vape jetable 12 W, 7 ml, 1\u00a0500 mAh, interrupteur pneumatique, batterie int\u00e9gr\u00e9e de 1\u00a0500 mAh, contient 7 ml d&#039;e-liquide.","robots":{"index":"index","follow":"follow","max-snippet":"max-snippet:-1","max-image-preview":"max-image-preview:large","max-video-preview":"max-video-preview:-1"},"canonical":"https:\/\/amxim.com\/fr\/product\/stylo-vape-jetable-12-w-7-ml-1-500-mah\/","og_locale":"fr_FR","og_type":"article","og_title":"Disposable Vape Stick Pen Pod Device 12W 7.0ml 1500mAh","og_description":"Disposable Vape Stick Pen Pod Device 12W 7.0ml 1500mAh Pneumatic switch Integrated 1500mAh Battery Contains 7.0ml of ejuice","og_url":"https:\/\/amxim.com\/fr\/product\/stylo-vape-jetable-12-w-7-ml-1-500-mah\/","og_site_name":"AMXIM","article_modified_time":"2025-07-15T01:20:48+00:00","og_image":[{"width":1000,"height":1000,"url":"https:\/\/amxim.com\/wp-content\/uploads\/2025\/03\/Disposable-Vape-Stick-Pen-Pod-Device-12W-7.0ml-1500mAh-1.webp","type":"image\/webp"}],"twitter_card":"summary_large_image","twitter_misc":{"Dur\u00e9e de lecture estim\u00e9e":"1 minute"},"schema":{"@context":"https:\/\/schema.org","@graph":[{"@type":"WebPage","@id":"https:\/\/amxim.com\/product\/disposable-vape-stick-pen-pod-device-12w-7-0ml-1500mah\/","url":"https:\/\/amxim.com\/product\/disposable-vape-stick-pen-pod-device-12w-7-0ml-1500mah\/","name":"Stylo vape jetable 12 W, 7 ml, 1\u00a0500 mAh","isPartOf":{"@id":"https:\/\/amxim.com\/#website"},"primaryImageOfPage":{"@id":"https:\/\/amxim.com\/product\/disposable-vape-stick-pen-pod-device-12w-7-0ml-1500mah\/#primaryimage"},"image":{"@id":"https:\/\/amxim.com\/product\/disposable-vape-stick-pen-pod-device-12w-7-0ml-1500mah\/#primaryimage"},"thumbnailUrl":"https:\/\/amxim.com\/wp-content\/uploads\/2025\/03\/Disposable-Vape-Stick-Pen-Pod-Device-12W-7.0ml-1500mAh-1.webp","datePublished":"2025-03-26T09:18:49+00:00","dateModified":"2025-07-15T01:20:48+00:00","description":"Stylo vape jetable 12 W, 7 ml, 1\u00a0500 mAh, interrupteur pneumatique, batterie int\u00e9gr\u00e9e de 1\u00a0500 mAh, contient 7 ml d&#039;e-liquide.","breadcrumb":{"@id":"https:\/\/amxim.com\/product\/disposable-vape-stick-pen-pod-device-12w-7-0ml-1500mah\/#breadcrumb"},"inLanguage":"fr-FR","potentialAction":[{"@type":"ReadAction","target":["https:\/\/amxim.com\/product\/disposable-vape-stick-pen-pod-device-12w-7-0ml-1500mah\/"]}]},{"@type":"ImageObject","inLanguage":"fr-FR","@id":"https:\/\/amxim.com\/product\/disposable-vape-stick-pen-pod-device-12w-7-0ml-1500mah\/#primaryimage","url":"https:\/\/amxim.com\/wp-content\/uploads\/2025\/03\/Disposable-Vape-Stick-Pen-Pod-Device-12W-7.0ml-1500mAh-1.webp","contentUrl":"https:\/\/amxim.com\/wp-content\/uploads\/2025\/03\/Disposable-Vape-Stick-Pen-Pod-Device-12W-7.0ml-1500mAh-1.webp","width":1000,"height":1000,"caption":"Disposable Vape Stick Pen Pod Device 12W 7.0ml 1500mAh"},{"@type":"BreadcrumbList","@id":"https:\/\/amxim.com\/product\/disposable-vape-stick-pen-pod-device-12w-7-0ml-1500mah\/#breadcrumb","itemListElement":[{"@type":"ListItem","position":1,"name":"Home","item":"https:\/\/amxim.com\/en\/"},{"@type":"ListItem","position":2,"name":"Products","item":"https:\/\/amxim.com\/de\/products\/"},{"@type":"ListItem","position":3,"name":"Disposable Vape Stick Pen Pod Device 12W 7.0ml 1500mAh"}]},{"@type":"WebSite","@id":"https:\/\/amxim.com\/#website","url":"https:\/\/amxim.com\/","name":"AMXIM","description":"Fabricant de vapoteuses AMXIM-OEM ODM","publisher":{"@id":"https:\/\/amxim.com\/#organization"},"potentialAction":[{"@type":"SearchAction","target":{"@type":"EntryPoint","urlTemplate":"https:\/\/amxim.com\/?s={search_term_string}"},"query-input":{"@type":"PropertyValueSpecification","valueRequired":true,"valueName":"search_term_string"}}],"inLanguage":"fr-FR"},{"@type":"Organization","@id":"https:\/\/amxim.com\/#organization","name":"AMXIM","url":"https:\/\/amxim.com\/","logo":{"@type":"ImageObject","inLanguage":"fr-FR","@id":"https:\/\/amxim.com\/#\/schema\/logo\/image\/","url":"https:\/\/amxim.com\/wp-content\/uploads\/2025\/03\/cropped-AMXIM-fav.webp","contentUrl":"https:\/\/amxim.com\/wp-content\/uploads\/2025\/03\/cropped-AMXIM-fav.webp","width":512,"height":512,"caption":"AMXIM"},"image":{"@id":"https:\/\/amxim.com\/#\/schema\/logo\/image\/"}}]}},"_links":{"self":[{"href":"https:\/\/amxim.com\/fr\/wp-json\/wp\/v2\/product\/10303","targetHints":{"allow":["GET"]}}],"collection":[{"href":"https:\/\/amxim.com\/fr\/wp-json\/wp\/v2\/product"}],"about":[{"href":"https:\/\/amxim.com\/fr\/wp-json\/wp\/v2\/types\/product"}],"replies":[{"embeddable":true,"href":"https:\/\/amxim.com\/fr\/wp-json\/wp\/v2\/comments?post=10303"}],"version-history":[{"count":3,"href":"https:\/\/amxim.com\/fr\/wp-json\/wp\/v2\/product\/10303\/revisions"}],"predecessor-version":[{"id":12793,"href":"https:\/\/amxim.com\/fr\/wp-json\/wp\/v2\/product\/10303\/revisions\/12793"}],"wp:featuredmedia":[{"embeddable":true,"href":"https:\/\/amxim.com\/fr\/wp-json\/wp\/v2\/media\/10334"}],"wp:attachment":[{"href":"https:\/\/amxim.com\/fr\/wp-json\/wp\/v2\/media?parent=10303"}],"wp:term":[{"taxonomy":"product_brand","embeddable":true,"href":"https:\/\/amxim.com\/fr\/wp-json\/wp\/v2\/product_brand?post=10303"},{"taxonomy":"product_cat","embeddable":true,"href":"https:\/\/amxim.com\/fr\/wp-json\/wp\/v2\/product_cat?post=10303"},{"taxonomy":"product_tag","embeddable":true,"href":"https:\/\/amxim.com\/fr\/wp-json\/wp\/v2\/product_tag?post=10303"}],"curies":[{"name":"wp","href":"https:\/\/api.w.org\/{rel}","templated":true}]}}