{"id":10431,"date":"2025-03-27T01:52:49","date_gmt":"2025-03-27T01:52:49","guid":{"rendered":"https:\/\/amxim.com\/?post_type=product&#038;p=10431"},"modified":"2026-02-04T02:42:01","modified_gmt":"2026-02-04T02:42:01","slug":"stylo-vape-jetable-en-acier-inoxydable-cigarette-electronique-batterie-1200-mah","status":"publish","type":"product","link":"https:\/\/amxim.com\/fr\/product\/stylo-vape-jetable-en-acier-inoxydable-cigarette-electronique-batterie-1200-mah\/","title":{"rendered":"Stylo vape jetable en acier inoxydable, batterie 1200 mAh"},"content":{"rendered":"<h2 style=\"text-align: left\">Stylo vape jetable en acier inoxydable, batterie 1200 mAh<\/h2>\n<p style=\"text-align: left\">   This stainless steel disposable vape pen delivers a convenient, all-in-one vaping experience with 6ml prefilled nicotine salt e-liquid and up to 1500 smooth puffs. Equipped with a 1.6\u03a9 mesh coil and a 1200mAh rechargeable battery, it ensures consistent performance and rich flavor, here in the popular Banana Ice variety. Made from durable PC + stainless steel, and produced by a professional vape factory with OEM\/ODM customization, this disposable vape pen is perfect for private-label brands, distributors, and large-scale custom vape production.<\/p>\n<p>&nbsp;<\/p>\n<h3 style=\"text-align: left\">Caract\u00e9ristiques principales<\/h3>\n<ul>\n<li style=\"text-align: left\">Conception ultra l\u00e9g\u00e8re et compacte<\/li>\n<li style=\"text-align: left\">Batterie int\u00e9gr\u00e9e de 1500 mAh<\/li>\n<li style=\"text-align: left\">La cigarette \u00e9lectronique jetable ne n\u00e9cessite aucun entretien, ni charge, ni remplissage<\/li>\n<li style=\"text-align: left\">Pr\u00e9-rempli, pas besoin de recharges salissantes<\/li>\n<\/ul>\n<p>&nbsp;<\/p>\n<h2 style=\"text-align: left\">Comment utiliser<\/h2>\n<li style=\"text-align: left\">1. Ouvrez la bo\u00eete en carton ext\u00e9rieure et retirez le contenu<\/li>\n<li style=\"text-align: left\">2. D\u00e9chirez l&#039;emballage en aluminium et retirez le dispositif jetable<\/li>\n<li style=\"text-align: left\">3. Retirez et jetez le bouchon en silicone et l&#039;\u00e9tiquette au bas de l&#039;appareil<\/li>\n<li style=\"text-align: left\">4. Activez la vape en tirant sur l&#039;extr\u00e9mit\u00e9 du pod - une lumi\u00e8re LED s&#039;allumera au bas de la e-cig<\/li>\n<li style=\"text-align: left\">5. Le voyant LED clignotera lorsqu&#039;il sera \u00e9puis\u00e9. \u00c0 ce stade, jetez l&#039;appareil en toute s\u00e9curit\u00e9.<\/li>\n<p>&nbsp;<\/p>","protected":false},"excerpt":{"rendered":"<h3>Sp\u00e9cifications du produit<\/h3>\n<table>\n<tbody>\n<tr>\n<th style=\"text-align: left\">Type de produit<\/th>\n<td style=\"text-align: left\">Vape jetable<\/td>\n<\/tr>\n<tr>\n<th style=\"text-align: left\">Couleur<\/th>\n<td style=\"text-align: left\">Jaune ou OEM<\/td>\n<\/tr>\n<tr>\n<th style=\"text-align: left\">Taille<\/th>\n<td style=\"text-align: left\">118*19mm<\/td>\n<\/tr>\n<tr>\n<th style=\"text-align: left\">Mat\u00e9riel<\/th>\n<td style=\"text-align: left\">PC + acier inoxydable<\/td>\n<\/tr>\n<tr>\n<th style=\"text-align: left\">serpentin de chauffage<\/th>\n<td style=\"text-align: left\">Bobine maill\u00e9e de 1,6 \u03a9<\/td>\n<\/tr>\n<tr>\n<th style=\"text-align: left\">Bouff\u00e9e<\/th>\n<td style=\"text-align: left\">Jusqu&#039;\u00e0 1500 bouff\u00e9es<\/td>\n<\/tr>\n<tr>\n<th style=\"text-align: left\">Batterie<\/th>\n<td style=\"text-align: left\">Batterie rechargeable de 1200 mAh<\/td>\n<\/tr>\n<tr>\n<th style=\"text-align: left\">E-liquide pr\u00e9rempli<\/th>\n<td style=\"text-align: left\">6,0 ML<\/td>\n<\/tr>\n<tr>\n<th style=\"text-align: left\">Saveur<\/th>\n<td style=\"text-align: left\">Glace \u00e0 la banane<\/td>\n<\/tr>\n<tr>\n<th style=\"text-align: left\">Souligner<\/th>\n<td style=\"text-align: left\">Stylo vape jetable en acier inoxydable<\/td>\n<\/tr>\n<\/tbody>\n<\/table>","protected":false},"featured_media":10436,"comment_status":"closed","ping_status":"closed","template":"","meta":[],"product_brand":[],"product_cat":[54,47],"product_tag":[],"class_list":{"0":"post-10431","1":"product","2":"type-product","3":"status-publish","4":"has-post-thumbnail","6":"product_cat-chargeable-disposable-vapes","7":"product_cat-disposable-vapes","9":"first","10":"instock","11":"shipping-taxable","12":"product-type-simple"},"yoast_head":"<!-- This site is optimized with the Yoast SEO plugin v26.9 - https:\/\/yoast.com\/product\/yoast-seo-wordpress\/ -->\n<title>Disposable Vape Pen Stainless Steel E-cigarette 1200mAh Battery<\/title>\n<meta name=\"description\" content=\"Disposable Vape Pen Stainless Steel E-cigarette 1200mAh Battery Ultra Lightweight and Compact Design Integrated 1500mAh Battery\" \/>\n<meta name=\"robots\" content=\"index, follow, max-snippet:-1, max-image-preview:large, max-video-preview:-1\" \/>\n<link rel=\"canonical\" href=\"https:\/\/amxim.com\/fr\/product\/stylo-vape-jetable-en-acier-inoxydable-cigarette-electronique-batterie-1200-mah\/\" \/>\n<meta property=\"og:locale\" content=\"fr_FR\" \/>\n<meta property=\"og:type\" content=\"article\" \/>\n<meta property=\"og:title\" content=\"Disposable Vape Pen Stainless Steel E-cigarette 1200mAh Battery\" \/>\n<meta property=\"og:description\" content=\"Disposable Vape Pen Stainless Steel E-cigarette 1200mAh Battery Ultra Lightweight and Compact Design Integrated 1500mAh Battery\" \/>\n<meta property=\"og:url\" content=\"https:\/\/amxim.com\/fr\/product\/stylo-vape-jetable-en-acier-inoxydable-cigarette-electronique-batterie-1200-mah\/\" \/>\n<meta property=\"og:site_name\" content=\"AMXIM\" \/>\n<meta property=\"article:modified_time\" content=\"2026-02-04T02:42:01+00:00\" \/>\n<meta property=\"og:image\" content=\"https:\/\/amxim.com\/wp-content\/uploads\/2025\/03\/Disposable-Vape-Pen-Stainless-Steel-E-cigarette-1200mAh-Battery-1.webp\" \/>\n\t<meta property=\"og:image:width\" content=\"1000\" \/>\n\t<meta property=\"og:image:height\" content=\"1000\" \/>\n\t<meta property=\"og:image:type\" content=\"image\/webp\" \/>\n<meta name=\"twitter:card\" content=\"summary_large_image\" \/>\n<meta name=\"twitter:label1\" content=\"Dur\u00e9e de lecture estim\u00e9e\" \/>\n\t<meta name=\"twitter:data1\" content=\"1 minute\" \/>\n<script type=\"application\/ld+json\" class=\"yoast-schema-graph\">{\"@context\":\"https:\/\/schema.org\",\"@graph\":[{\"@type\":\"WebPage\",\"@id\":\"https:\/\/amxim.com\/product\/disposable-vape-pen-stainless-steel-e-cigarette-1200mah-battery\/\",\"url\":\"https:\/\/amxim.com\/product\/disposable-vape-pen-stainless-steel-e-cigarette-1200mah-battery\/\",\"name\":\"Disposable Vape Pen Stainless Steel E-cigarette 1200mAh Battery\",\"isPartOf\":{\"@id\":\"https:\/\/amxim.com\/#website\"},\"primaryImageOfPage\":{\"@id\":\"https:\/\/amxim.com\/product\/disposable-vape-pen-stainless-steel-e-cigarette-1200mah-battery\/#primaryimage\"},\"image\":{\"@id\":\"https:\/\/amxim.com\/product\/disposable-vape-pen-stainless-steel-e-cigarette-1200mah-battery\/#primaryimage\"},\"thumbnailUrl\":\"https:\/\/amxim.com\/wp-content\/uploads\/2025\/03\/Disposable-Vape-Pen-Stainless-Steel-E-cigarette-1200mAh-Battery-1.webp\",\"datePublished\":\"2025-03-27T01:52:49+00:00\",\"dateModified\":\"2026-02-04T02:42:01+00:00\",\"description\":\"Disposable Vape Pen Stainless Steel E-cigarette 1200mAh Battery Ultra Lightweight and Compact Design Integrated 1500mAh Battery\",\"breadcrumb\":{\"@id\":\"https:\/\/amxim.com\/product\/disposable-vape-pen-stainless-steel-e-cigarette-1200mah-battery\/#breadcrumb\"},\"inLanguage\":\"fr-FR\",\"potentialAction\":[{\"@type\":\"ReadAction\",\"target\":[\"https:\/\/amxim.com\/product\/disposable-vape-pen-stainless-steel-e-cigarette-1200mah-battery\/\"]}]},{\"@type\":\"ImageObject\",\"inLanguage\":\"fr-FR\",\"@id\":\"https:\/\/amxim.com\/product\/disposable-vape-pen-stainless-steel-e-cigarette-1200mah-battery\/#primaryimage\",\"url\":\"https:\/\/amxim.com\/wp-content\/uploads\/2025\/03\/Disposable-Vape-Pen-Stainless-Steel-E-cigarette-1200mAh-Battery-1.webp\",\"contentUrl\":\"https:\/\/amxim.com\/wp-content\/uploads\/2025\/03\/Disposable-Vape-Pen-Stainless-Steel-E-cigarette-1200mAh-Battery-1.webp\",\"width\":1000,\"height\":1000,\"caption\":\"Disposable Vape Pen Stainless Steel E-cigarette 1200mAh Battery\"},{\"@type\":\"BreadcrumbList\",\"@id\":\"https:\/\/amxim.com\/product\/disposable-vape-pen-stainless-steel-e-cigarette-1200mah-battery\/#breadcrumb\",\"itemListElement\":[{\"@type\":\"ListItem\",\"position\":1,\"name\":\"Home\",\"item\":\"https:\/\/amxim.com\/en\/\"},{\"@type\":\"ListItem\",\"position\":2,\"name\":\"Products\",\"item\":\"https:\/\/amxim.com\/de\/products\/\"},{\"@type\":\"ListItem\",\"position\":3,\"name\":\"Disposable Vape Pen Stainless Steel E-cigarette 1200mAh Battery\"}]},{\"@type\":\"WebSite\",\"@id\":\"https:\/\/amxim.com\/#website\",\"url\":\"https:\/\/amxim.com\/\",\"name\":\"AMXIM\",\"description\":\"AMXIM-OEM ODM Vape Manufacturer\",\"publisher\":{\"@id\":\"https:\/\/amxim.com\/#organization\"},\"potentialAction\":[{\"@type\":\"SearchAction\",\"target\":{\"@type\":\"EntryPoint\",\"urlTemplate\":\"https:\/\/amxim.com\/?s={search_term_string}\"},\"query-input\":{\"@type\":\"PropertyValueSpecification\",\"valueRequired\":true,\"valueName\":\"search_term_string\"}}],\"inLanguage\":\"fr-FR\"},{\"@type\":\"Organization\",\"@id\":\"https:\/\/amxim.com\/#organization\",\"name\":\"AMXIM\",\"url\":\"https:\/\/amxim.com\/\",\"logo\":{\"@type\":\"ImageObject\",\"inLanguage\":\"fr-FR\",\"@id\":\"https:\/\/amxim.com\/#\/schema\/logo\/image\/\",\"url\":\"https:\/\/amxim.com\/wp-content\/uploads\/2025\/03\/cropped-AMXIM-fav.webp\",\"contentUrl\":\"https:\/\/amxim.com\/wp-content\/uploads\/2025\/03\/cropped-AMXIM-fav.webp\",\"width\":512,\"height\":512,\"caption\":\"AMXIM\"},\"image\":{\"@id\":\"https:\/\/amxim.com\/#\/schema\/logo\/image\/\"}}]}<\/script>\n<!-- \/ Yoast SEO plugin. -->","yoast_head_json":{"title":"Stylo vape jetable en acier inoxydable, batterie 1200 mAh","description":"Stylo vape jetable en acier inoxydable, cigarette \u00e9lectronique, batterie 1200 mAh, design ultra l\u00e9ger et compact, batterie int\u00e9gr\u00e9e 1500 mAh","robots":{"index":"index","follow":"follow","max-snippet":"max-snippet:-1","max-image-preview":"max-image-preview:large","max-video-preview":"max-video-preview:-1"},"canonical":"https:\/\/amxim.com\/fr\/product\/stylo-vape-jetable-en-acier-inoxydable-cigarette-electronique-batterie-1200-mah\/","og_locale":"fr_FR","og_type":"article","og_title":"Disposable Vape Pen Stainless Steel E-cigarette 1200mAh Battery","og_description":"Disposable Vape Pen Stainless Steel E-cigarette 1200mAh Battery Ultra Lightweight and Compact Design Integrated 1500mAh Battery","og_url":"https:\/\/amxim.com\/fr\/product\/stylo-vape-jetable-en-acier-inoxydable-cigarette-electronique-batterie-1200-mah\/","og_site_name":"AMXIM","article_modified_time":"2026-02-04T02:42:01+00:00","og_image":[{"width":1000,"height":1000,"url":"https:\/\/amxim.com\/wp-content\/uploads\/2025\/03\/Disposable-Vape-Pen-Stainless-Steel-E-cigarette-1200mAh-Battery-1.webp","type":"image\/webp"}],"twitter_card":"summary_large_image","twitter_misc":{"Dur\u00e9e de lecture estim\u00e9e":"1 minute"},"schema":{"@context":"https:\/\/schema.org","@graph":[{"@type":"WebPage","@id":"https:\/\/amxim.com\/product\/disposable-vape-pen-stainless-steel-e-cigarette-1200mah-battery\/","url":"https:\/\/amxim.com\/product\/disposable-vape-pen-stainless-steel-e-cigarette-1200mah-battery\/","name":"Stylo vape jetable en acier inoxydable, batterie 1200 mAh","isPartOf":{"@id":"https:\/\/amxim.com\/#website"},"primaryImageOfPage":{"@id":"https:\/\/amxim.com\/product\/disposable-vape-pen-stainless-steel-e-cigarette-1200mah-battery\/#primaryimage"},"image":{"@id":"https:\/\/amxim.com\/product\/disposable-vape-pen-stainless-steel-e-cigarette-1200mah-battery\/#primaryimage"},"thumbnailUrl":"https:\/\/amxim.com\/wp-content\/uploads\/2025\/03\/Disposable-Vape-Pen-Stainless-Steel-E-cigarette-1200mAh-Battery-1.webp","datePublished":"2025-03-27T01:52:49+00:00","dateModified":"2026-02-04T02:42:01+00:00","description":"Stylo vape jetable en acier inoxydable, cigarette \u00e9lectronique, batterie 1200 mAh, design ultra l\u00e9ger et compact, batterie int\u00e9gr\u00e9e 1500 mAh","breadcrumb":{"@id":"https:\/\/amxim.com\/product\/disposable-vape-pen-stainless-steel-e-cigarette-1200mah-battery\/#breadcrumb"},"inLanguage":"fr-FR","potentialAction":[{"@type":"ReadAction","target":["https:\/\/amxim.com\/product\/disposable-vape-pen-stainless-steel-e-cigarette-1200mah-battery\/"]}]},{"@type":"ImageObject","inLanguage":"fr-FR","@id":"https:\/\/amxim.com\/product\/disposable-vape-pen-stainless-steel-e-cigarette-1200mah-battery\/#primaryimage","url":"https:\/\/amxim.com\/wp-content\/uploads\/2025\/03\/Disposable-Vape-Pen-Stainless-Steel-E-cigarette-1200mAh-Battery-1.webp","contentUrl":"https:\/\/amxim.com\/wp-content\/uploads\/2025\/03\/Disposable-Vape-Pen-Stainless-Steel-E-cigarette-1200mAh-Battery-1.webp","width":1000,"height":1000,"caption":"Disposable Vape Pen Stainless Steel E-cigarette 1200mAh Battery"},{"@type":"BreadcrumbList","@id":"https:\/\/amxim.com\/product\/disposable-vape-pen-stainless-steel-e-cigarette-1200mah-battery\/#breadcrumb","itemListElement":[{"@type":"ListItem","position":1,"name":"Home","item":"https:\/\/amxim.com\/en\/"},{"@type":"ListItem","position":2,"name":"Products","item":"https:\/\/amxim.com\/de\/products\/"},{"@type":"ListItem","position":3,"name":"Disposable Vape Pen Stainless Steel E-cigarette 1200mAh Battery"}]},{"@type":"WebSite","@id":"https:\/\/amxim.com\/#website","url":"https:\/\/amxim.com\/","name":"AMXIM","description":"Fabricant de vapoteuses AMXIM-OEM ODM","publisher":{"@id":"https:\/\/amxim.com\/#organization"},"potentialAction":[{"@type":"SearchAction","target":{"@type":"EntryPoint","urlTemplate":"https:\/\/amxim.com\/?s={search_term_string}"},"query-input":{"@type":"PropertyValueSpecification","valueRequired":true,"valueName":"search_term_string"}}],"inLanguage":"fr-FR"},{"@type":"Organization","@id":"https:\/\/amxim.com\/#organization","name":"AMXIM","url":"https:\/\/amxim.com\/","logo":{"@type":"ImageObject","inLanguage":"fr-FR","@id":"https:\/\/amxim.com\/#\/schema\/logo\/image\/","url":"https:\/\/amxim.com\/wp-content\/uploads\/2025\/03\/cropped-AMXIM-fav.webp","contentUrl":"https:\/\/amxim.com\/wp-content\/uploads\/2025\/03\/cropped-AMXIM-fav.webp","width":512,"height":512,"caption":"AMXIM"},"image":{"@id":"https:\/\/amxim.com\/#\/schema\/logo\/image\/"}}]}},"_links":{"self":[{"href":"https:\/\/amxim.com\/fr\/wp-json\/wp\/v2\/product\/10431","targetHints":{"allow":["GET"]}}],"collection":[{"href":"https:\/\/amxim.com\/fr\/wp-json\/wp\/v2\/product"}],"about":[{"href":"https:\/\/amxim.com\/fr\/wp-json\/wp\/v2\/types\/product"}],"replies":[{"embeddable":true,"href":"https:\/\/amxim.com\/fr\/wp-json\/wp\/v2\/comments?post=10431"}],"version-history":[{"count":1,"href":"https:\/\/amxim.com\/fr\/wp-json\/wp\/v2\/product\/10431\/revisions"}],"predecessor-version":[{"id":13504,"href":"https:\/\/amxim.com\/fr\/wp-json\/wp\/v2\/product\/10431\/revisions\/13504"}],"wp:featuredmedia":[{"embeddable":true,"href":"https:\/\/amxim.com\/fr\/wp-json\/wp\/v2\/media\/10436"}],"wp:attachment":[{"href":"https:\/\/amxim.com\/fr\/wp-json\/wp\/v2\/media?parent=10431"}],"wp:term":[{"taxonomy":"product_brand","embeddable":true,"href":"https:\/\/amxim.com\/fr\/wp-json\/wp\/v2\/product_brand?post=10431"},{"taxonomy":"product_cat","embeddable":true,"href":"https:\/\/amxim.com\/fr\/wp-json\/wp\/v2\/product_cat?post=10431"},{"taxonomy":"product_tag","embeddable":true,"href":"https:\/\/amxim.com\/fr\/wp-json\/wp\/v2\/product_tag?post=10431"}],"curies":[{"name":"wp","href":"https:\/\/api.w.org\/{rel}","templated":true}]}}