{"id":10432,"date":"2025-03-27T01:55:14","date_gmt":"2025-03-27T01:55:14","guid":{"rendered":"https:\/\/amxim.com\/?post_type=product&#038;p=10432"},"modified":"2025-04-02T01:38:48","modified_gmt":"2025-04-02T01:38:48","slug":"pod-de-vape-jetable-precharge-en-acier-inoxydable-de-6-ml-motif-raisin-glace","status":"publish","type":"product","link":"https:\/\/amxim.com\/fr\/product\/pod-de-vape-jetable-precharge-en-acier-inoxydable-de-6-ml-motif-raisin-glace\/","title":{"rendered":"Pod de vape jetable pr\u00e9charg\u00e9 en acier inoxydable de 6,0 ml, motif raisin glac\u00e9"},"content":{"rendered":"<h2 style=\"text-align: left\">Pod de vape jetable pr\u00e9charg\u00e9 en acier inoxydable de 6,0 ml, motif raisin glac\u00e9<\/h2>\n<p style=\"text-align: left\">Les vaporisateurs jetables sont parmi les plus durables du march\u00e9. Ils sont \u00e9quip\u00e9s d&#039;une batterie de 1200 mAh et sont pr\u00e9remplis de 6 ml d&#039;e-liquide. Cela vous permet de vapoter plus longtemps avec un seul vaporisateur jetable et en fait une excellente option pour les voyages, les longs trajets en voiture ou m\u00eame pour une utilisation quotidienne. Chaque vaporisateur jetable offre jusqu&#039;\u00e0 1500 bouff\u00e9es.<br \/>\nChaque vaporisateur jetable est pr\u00e9rempli d&#039;e-liquide au sel de nicotine 5% (50 mg). Il vape comme un vaporisateur jetable classique, vous offrant ainsi le m\u00eame hit en gorge et le m\u00eame tirage agr\u00e9able. Sa coque caoutchout\u00e9e douce au toucher offre une prise en main agr\u00e9able.<\/p>\n<p>&nbsp;<\/p>\n<h3 style=\"text-align: left\">Caract\u00e9ristiques principales<\/h3>\n<ul>\n<li style=\"text-align: left\">Bon coup de gorge<\/li>\n<li style=\"text-align: left\">Saveurs savoureuses<\/li>\n<li style=\"text-align: left\">5 ml d&#039;e-liquide<\/li>\n<li style=\"text-align: left\">Dure plus longtemps que les autres produits jetables (plus de 1\u00a0500 bouff\u00e9es)<\/li>\n<\/ul>","protected":false},"excerpt":{"rendered":"<h3>Sp\u00e9cifications du produit<\/h3>\n<table>\n<tbody>\n<tr>\n<th style=\"text-align: left\">Type de produit<\/th>\n<td style=\"text-align: left\">Vape jetable<\/td>\n<\/tr>\n<tr>\n<th style=\"text-align: left\">Couleur<\/th>\n<td style=\"text-align: left\">Rouge ou OEM<\/td>\n<\/tr>\n<tr>\n<th style=\"text-align: left\">Taille<\/th>\n<td style=\"text-align: left\">118*19mm<\/td>\n<\/tr>\n<tr>\n<th style=\"text-align: left\">Mat\u00e9riel<\/th>\n<td style=\"text-align: left\">PC + acier inoxydable<\/td>\n<\/tr>\n<tr>\n<th style=\"text-align: left\">serpentin de chauffage<\/th>\n<td style=\"text-align: left\">Bobine maill\u00e9e de 1,6 \u03a9<\/td>\n<\/tr>\n<tr>\n<th style=\"text-align: left\">Bouff\u00e9e<\/th>\n<td style=\"text-align: left\">Jusqu&#039;\u00e0 1500 bouff\u00e9es<\/td>\n<\/tr>\n<tr>\n<th style=\"text-align: left\">Batterie<\/th>\n<td style=\"text-align: left\">Batterie rechargeable de 1200 mAh<\/td>\n<\/tr>\n<tr>\n<th style=\"text-align: left\">E-liquide pr\u00e9rempli<\/th>\n<td style=\"text-align: left\">6,0 ML<\/td>\n<\/tr>\n<tr>\n<th style=\"text-align: left\">Saveur<\/th>\n<td style=\"text-align: left\">Cerise Citron<\/td>\n<\/tr>\n<tr>\n<th style=\"text-align: left\">Souligner<\/th>\n<td style=\"text-align: left\">Pod jetable OEM Grape Ice<\/td>\n<\/tr>\n<\/tbody>\n<\/table>","protected":false},"featured_media":10441,"comment_status":"closed","ping_status":"closed","template":"","meta":[],"product_brand":[],"product_cat":[54,47],"product_tag":[],"class_list":{"0":"post-10432","1":"product","2":"type-product","3":"status-publish","4":"has-post-thumbnail","6":"product_cat-chargeable-disposable-vapes","7":"product_cat-disposable-vapes","9":"first","10":"instock","11":"shipping-taxable","12":"product-type-simple"},"yoast_head":"<!-- This site is optimized with the Yoast SEO plugin v26.9 - https:\/\/yoast.com\/product\/yoast-seo-wordpress\/ -->\n<title>6.0mL Disposable Vape Pod Pre Charged Stainless Steel Grape Ice<\/title>\n<meta name=\"description\" content=\"6.0mL Disposable Vape Pod Pre Charged Stainless Steel Grape Ice OEM Grape Ice Disposable Vape Pod Strawberry Banana 1200mAh Rechargeable\" \/>\n<meta name=\"robots\" content=\"index, follow, max-snippet:-1, max-image-preview:large, max-video-preview:-1\" \/>\n<link rel=\"canonical\" href=\"https:\/\/amxim.com\/fr\/product\/pod-de-vape-jetable-precharge-en-acier-inoxydable-de-6-ml-motif-raisin-glace\/\" \/>\n<meta property=\"og:locale\" content=\"fr_FR\" \/>\n<meta property=\"og:type\" content=\"article\" \/>\n<meta property=\"og:title\" content=\"6.0mL Disposable Vape Pod Pre Charged Stainless Steel Grape Ice\" \/>\n<meta property=\"og:description\" content=\"6.0mL Disposable Vape Pod Pre Charged Stainless Steel Grape Ice OEM Grape Ice Disposable Vape Pod Strawberry Banana 1200mAh Rechargeable\" \/>\n<meta property=\"og:url\" content=\"https:\/\/amxim.com\/fr\/product\/pod-de-vape-jetable-precharge-en-acier-inoxydable-de-6-ml-motif-raisin-glace\/\" \/>\n<meta property=\"og:site_name\" content=\"AMXIM\" \/>\n<meta property=\"article:modified_time\" content=\"2025-04-02T01:38:48+00:00\" \/>\n<meta property=\"og:image\" content=\"https:\/\/amxim.com\/wp-content\/uploads\/2025\/03\/6.0mL-Disposable-Vape-Pod-Pre-Charged-Stainless-Steel-Grape-Ice-1.webp\" \/>\n\t<meta property=\"og:image:width\" content=\"1000\" \/>\n\t<meta property=\"og:image:height\" content=\"1000\" \/>\n\t<meta property=\"og:image:type\" content=\"image\/webp\" \/>\n<meta name=\"twitter:card\" content=\"summary_large_image\" \/>\n<meta name=\"twitter:label1\" content=\"Dur\u00e9e de lecture estim\u00e9e\" \/>\n\t<meta name=\"twitter:data1\" content=\"1 minute\" \/>\n<script type=\"application\/ld+json\" class=\"yoast-schema-graph\">{\"@context\":\"https:\/\/schema.org\",\"@graph\":[{\"@type\":\"WebPage\",\"@id\":\"https:\/\/amxim.com\/product\/6-0ml-disposable-vape-pod-pre-charged-stainless-steel-grape-ice\/\",\"url\":\"https:\/\/amxim.com\/product\/6-0ml-disposable-vape-pod-pre-charged-stainless-steel-grape-ice\/\",\"name\":\"6.0mL Disposable Vape Pod Pre Charged Stainless Steel Grape Ice\",\"isPartOf\":{\"@id\":\"https:\/\/amxim.com\/#website\"},\"primaryImageOfPage\":{\"@id\":\"https:\/\/amxim.com\/product\/6-0ml-disposable-vape-pod-pre-charged-stainless-steel-grape-ice\/#primaryimage\"},\"image\":{\"@id\":\"https:\/\/amxim.com\/product\/6-0ml-disposable-vape-pod-pre-charged-stainless-steel-grape-ice\/#primaryimage\"},\"thumbnailUrl\":\"https:\/\/amxim.com\/wp-content\/uploads\/2025\/03\/6.0mL-Disposable-Vape-Pod-Pre-Charged-Stainless-Steel-Grape-Ice-1.webp\",\"datePublished\":\"2025-03-27T01:55:14+00:00\",\"dateModified\":\"2025-04-02T01:38:48+00:00\",\"description\":\"6.0mL Disposable Vape Pod Pre Charged Stainless Steel Grape Ice OEM Grape Ice Disposable Vape Pod Strawberry Banana 1200mAh Rechargeable\",\"breadcrumb\":{\"@id\":\"https:\/\/amxim.com\/product\/6-0ml-disposable-vape-pod-pre-charged-stainless-steel-grape-ice\/#breadcrumb\"},\"inLanguage\":\"fr-FR\",\"potentialAction\":[{\"@type\":\"ReadAction\",\"target\":[\"https:\/\/amxim.com\/product\/6-0ml-disposable-vape-pod-pre-charged-stainless-steel-grape-ice\/\"]}]},{\"@type\":\"ImageObject\",\"inLanguage\":\"fr-FR\",\"@id\":\"https:\/\/amxim.com\/product\/6-0ml-disposable-vape-pod-pre-charged-stainless-steel-grape-ice\/#primaryimage\",\"url\":\"https:\/\/amxim.com\/wp-content\/uploads\/2025\/03\/6.0mL-Disposable-Vape-Pod-Pre-Charged-Stainless-Steel-Grape-Ice-1.webp\",\"contentUrl\":\"https:\/\/amxim.com\/wp-content\/uploads\/2025\/03\/6.0mL-Disposable-Vape-Pod-Pre-Charged-Stainless-Steel-Grape-Ice-1.webp\",\"width\":1000,\"height\":1000,\"caption\":\"6.0mL Disposable Vape Pod Pre Charged Stainless Steel Grape Ice\"},{\"@type\":\"BreadcrumbList\",\"@id\":\"https:\/\/amxim.com\/product\/6-0ml-disposable-vape-pod-pre-charged-stainless-steel-grape-ice\/#breadcrumb\",\"itemListElement\":[{\"@type\":\"ListItem\",\"position\":1,\"name\":\"Home\",\"item\":\"https:\/\/amxim.com\/\"},{\"@type\":\"ListItem\",\"position\":2,\"name\":\"Products\",\"item\":\"https:\/\/amxim.com\/de\/products\/\"},{\"@type\":\"ListItem\",\"position\":3,\"name\":\"6.0mL Disposable Vape Pod Pre Charged Stainless Steel Grape Ice\"}]},{\"@type\":\"WebSite\",\"@id\":\"https:\/\/amxim.com\/#website\",\"url\":\"https:\/\/amxim.com\/\",\"name\":\"AMXIM\",\"description\":\"AMXIM-OEM ODM Vape Manufacturer\",\"publisher\":{\"@id\":\"https:\/\/amxim.com\/#organization\"},\"potentialAction\":[{\"@type\":\"SearchAction\",\"target\":{\"@type\":\"EntryPoint\",\"urlTemplate\":\"https:\/\/amxim.com\/?s={search_term_string}\"},\"query-input\":{\"@type\":\"PropertyValueSpecification\",\"valueRequired\":true,\"valueName\":\"search_term_string\"}}],\"inLanguage\":\"fr-FR\"},{\"@type\":\"Organization\",\"@id\":\"https:\/\/amxim.com\/#organization\",\"name\":\"AMXIM\",\"url\":\"https:\/\/amxim.com\/\",\"logo\":{\"@type\":\"ImageObject\",\"inLanguage\":\"fr-FR\",\"@id\":\"https:\/\/amxim.com\/#\/schema\/logo\/image\/\",\"url\":\"https:\/\/amxim.com\/wp-content\/uploads\/2025\/03\/cropped-AMXIM-fav.webp\",\"contentUrl\":\"https:\/\/amxim.com\/wp-content\/uploads\/2025\/03\/cropped-AMXIM-fav.webp\",\"width\":512,\"height\":512,\"caption\":\"AMXIM\"},\"image\":{\"@id\":\"https:\/\/amxim.com\/#\/schema\/logo\/image\/\"}}]}<\/script>\n<!-- \/ Yoast SEO plugin. -->","yoast_head_json":{"title":"Pod de vape jetable pr\u00e9charg\u00e9 en acier inoxydable de 6,0 ml, motif raisin glac\u00e9","description":"Pod jetable de 6,0 ml, pr\u00e9charg\u00e9, en acier inoxydable, motif raisin glac\u00e9, OEM, motif fraise et banane, rechargeable, 1\u00a0200 mAh","robots":{"index":"index","follow":"follow","max-snippet":"max-snippet:-1","max-image-preview":"max-image-preview:large","max-video-preview":"max-video-preview:-1"},"canonical":"https:\/\/amxim.com\/fr\/product\/pod-de-vape-jetable-precharge-en-acier-inoxydable-de-6-ml-motif-raisin-glace\/","og_locale":"fr_FR","og_type":"article","og_title":"6.0mL Disposable Vape Pod Pre Charged Stainless Steel Grape Ice","og_description":"6.0mL Disposable Vape Pod Pre Charged Stainless Steel Grape Ice OEM Grape Ice Disposable Vape Pod Strawberry Banana 1200mAh Rechargeable","og_url":"https:\/\/amxim.com\/fr\/product\/pod-de-vape-jetable-precharge-en-acier-inoxydable-de-6-ml-motif-raisin-glace\/","og_site_name":"AMXIM","article_modified_time":"2025-04-02T01:38:48+00:00","og_image":[{"width":1000,"height":1000,"url":"https:\/\/amxim.com\/wp-content\/uploads\/2025\/03\/6.0mL-Disposable-Vape-Pod-Pre-Charged-Stainless-Steel-Grape-Ice-1.webp","type":"image\/webp"}],"twitter_card":"summary_large_image","twitter_misc":{"Dur\u00e9e de lecture estim\u00e9e":"1 minute"},"schema":{"@context":"https:\/\/schema.org","@graph":[{"@type":"WebPage","@id":"https:\/\/amxim.com\/product\/6-0ml-disposable-vape-pod-pre-charged-stainless-steel-grape-ice\/","url":"https:\/\/amxim.com\/product\/6-0ml-disposable-vape-pod-pre-charged-stainless-steel-grape-ice\/","name":"Pod de vape jetable pr\u00e9charg\u00e9 en acier inoxydable de 6,0 ml, motif raisin glac\u00e9","isPartOf":{"@id":"https:\/\/amxim.com\/#website"},"primaryImageOfPage":{"@id":"https:\/\/amxim.com\/product\/6-0ml-disposable-vape-pod-pre-charged-stainless-steel-grape-ice\/#primaryimage"},"image":{"@id":"https:\/\/amxim.com\/product\/6-0ml-disposable-vape-pod-pre-charged-stainless-steel-grape-ice\/#primaryimage"},"thumbnailUrl":"https:\/\/amxim.com\/wp-content\/uploads\/2025\/03\/6.0mL-Disposable-Vape-Pod-Pre-Charged-Stainless-Steel-Grape-Ice-1.webp","datePublished":"2025-03-27T01:55:14+00:00","dateModified":"2025-04-02T01:38:48+00:00","description":"Pod jetable de 6,0 ml, pr\u00e9charg\u00e9, en acier inoxydable, motif raisin glac\u00e9, OEM, motif fraise et banane, rechargeable, 1\u00a0200 mAh","breadcrumb":{"@id":"https:\/\/amxim.com\/product\/6-0ml-disposable-vape-pod-pre-charged-stainless-steel-grape-ice\/#breadcrumb"},"inLanguage":"fr-FR","potentialAction":[{"@type":"ReadAction","target":["https:\/\/amxim.com\/product\/6-0ml-disposable-vape-pod-pre-charged-stainless-steel-grape-ice\/"]}]},{"@type":"ImageObject","inLanguage":"fr-FR","@id":"https:\/\/amxim.com\/product\/6-0ml-disposable-vape-pod-pre-charged-stainless-steel-grape-ice\/#primaryimage","url":"https:\/\/amxim.com\/wp-content\/uploads\/2025\/03\/6.0mL-Disposable-Vape-Pod-Pre-Charged-Stainless-Steel-Grape-Ice-1.webp","contentUrl":"https:\/\/amxim.com\/wp-content\/uploads\/2025\/03\/6.0mL-Disposable-Vape-Pod-Pre-Charged-Stainless-Steel-Grape-Ice-1.webp","width":1000,"height":1000,"caption":"6.0mL Disposable Vape Pod Pre Charged Stainless Steel Grape Ice"},{"@type":"BreadcrumbList","@id":"https:\/\/amxim.com\/product\/6-0ml-disposable-vape-pod-pre-charged-stainless-steel-grape-ice\/#breadcrumb","itemListElement":[{"@type":"ListItem","position":1,"name":"Home","item":"https:\/\/amxim.com\/"},{"@type":"ListItem","position":2,"name":"Products","item":"https:\/\/amxim.com\/de\/products\/"},{"@type":"ListItem","position":3,"name":"6.0mL Disposable Vape Pod Pre Charged Stainless Steel Grape Ice"}]},{"@type":"WebSite","@id":"https:\/\/amxim.com\/#website","url":"https:\/\/amxim.com\/","name":"AMXIM","description":"Fabricant de vapoteuses AMXIM-OEM ODM","publisher":{"@id":"https:\/\/amxim.com\/#organization"},"potentialAction":[{"@type":"SearchAction","target":{"@type":"EntryPoint","urlTemplate":"https:\/\/amxim.com\/?s={search_term_string}"},"query-input":{"@type":"PropertyValueSpecification","valueRequired":true,"valueName":"search_term_string"}}],"inLanguage":"fr-FR"},{"@type":"Organization","@id":"https:\/\/amxim.com\/#organization","name":"AMXIM","url":"https:\/\/amxim.com\/","logo":{"@type":"ImageObject","inLanguage":"fr-FR","@id":"https:\/\/amxim.com\/#\/schema\/logo\/image\/","url":"https:\/\/amxim.com\/wp-content\/uploads\/2025\/03\/cropped-AMXIM-fav.webp","contentUrl":"https:\/\/amxim.com\/wp-content\/uploads\/2025\/03\/cropped-AMXIM-fav.webp","width":512,"height":512,"caption":"AMXIM"},"image":{"@id":"https:\/\/amxim.com\/#\/schema\/logo\/image\/"}}]}},"_links":{"self":[{"href":"https:\/\/amxim.com\/fr\/wp-json\/wp\/v2\/product\/10432","targetHints":{"allow":["GET"]}}],"collection":[{"href":"https:\/\/amxim.com\/fr\/wp-json\/wp\/v2\/product"}],"about":[{"href":"https:\/\/amxim.com\/fr\/wp-json\/wp\/v2\/types\/product"}],"replies":[{"embeddable":true,"href":"https:\/\/amxim.com\/fr\/wp-json\/wp\/v2\/comments?post=10432"}],"version-history":[{"count":1,"href":"https:\/\/amxim.com\/fr\/wp-json\/wp\/v2\/product\/10432\/revisions"}],"predecessor-version":[{"id":11335,"href":"https:\/\/amxim.com\/fr\/wp-json\/wp\/v2\/product\/10432\/revisions\/11335"}],"wp:featuredmedia":[{"embeddable":true,"href":"https:\/\/amxim.com\/fr\/wp-json\/wp\/v2\/media\/10441"}],"wp:attachment":[{"href":"https:\/\/amxim.com\/fr\/wp-json\/wp\/v2\/media?parent=10432"}],"wp:term":[{"taxonomy":"product_brand","embeddable":true,"href":"https:\/\/amxim.com\/fr\/wp-json\/wp\/v2\/product_brand?post=10432"},{"taxonomy":"product_cat","embeddable":true,"href":"https:\/\/amxim.com\/fr\/wp-json\/wp\/v2\/product_cat?post=10432"},{"taxonomy":"product_tag","embeddable":true,"href":"https:\/\/amxim.com\/fr\/wp-json\/wp\/v2\/product_tag?post=10432"}],"curies":[{"name":"wp","href":"https:\/\/api.w.org\/{rel}","templated":true}]}}