{"id":10464,"date":"2025-03-27T02:07:35","date_gmt":"2025-03-27T02:07:35","guid":{"rendered":"https:\/\/amxim.com\/?post_type=product&#038;p=10464"},"modified":"2026-02-04T03:00:16","modified_gmt":"2026-02-04T03:00:16","slug":"stylo-vape-plat-jetable-abs-prerempli-de-20-ml-de-sel-de-nicotine-600-bouffees","status":"publish","type":"product","link":"https:\/\/amxim.com\/fr\/product\/stylo-vape-plat-jetable-abs-prerempli-de-20-ml-de-sel-de-nicotine-600-bouffees\/","title":{"rendered":"Stylo vape plat jetable en ABS pr\u00e9rempli de 2,0 ml de sel de nicotine, 600 bouff\u00e9es"},"content":{"rendered":"<h2 style=\"text-align: left\">Stylo vape plat jetable en ABS pr\u00e9rempli de 2,0 ml de sel de nicotine, 600 bouff\u00e9es<\/h2>\n<p style=\"text-align: left\">Designed for OEM\/ODM customization, this ABS disposable flat vape pen comes prefilled with 2ml nicotine salt e-liquid and delivers over 600 puffs of rich, flavorful vapor. Featuring a 1.6\u03a9 mesh coil and a 500mAh rechargeable battery, it provides consistent performance in a compact, portable design. Made from durable PC + ABS material and available in multiple flavors, this disposable vape pen is perfect for private-label brands, distributors, and large-scale custom vape production, offering convenience, great taste, and high-quality vaping experience.<\/p>\n<p>&nbsp;<\/p>\n<h3 style=\"text-align: left\">Caract\u00e9ristiques principales<\/h3>\n<ul>\n<li style=\"text-align: left\">Sans danger pour les autres et l&#039;environnement. Sans risque de tabagisme passif.<\/li>\n<li style=\"text-align: left\">Interrupteur de flux d&#039;air, aucune pression sur un bouton, facile et convivial pour les d\u00e9butants.<\/li>\n<li style=\"text-align: left\">Fonctionnement int\u00e9gr\u00e9 sans frais, \u00e0 la mode et pratique.<\/li>\n<li style=\"text-align: left\">Diff\u00e9rentes couleurs pour les options et une satisfaction instantan\u00e9e.<\/li>\n<li style=\"text-align: left\">Conception de capuchon anti-poussi\u00e8re st\u00e9rile, propre et hygi\u00e9nique.<\/li>\n<\/ul>","protected":false},"excerpt":{"rendered":"<h3>Sp\u00e9cifications du produit<\/h3>\n<table>\n<tbody>\n<tr>\n<th style=\"text-align: left\">Type de produit<\/th>\n<td style=\"text-align: left\">Vape jetable<\/td>\n<\/tr>\n<tr>\n<th style=\"text-align: left\">Couleur<\/th>\n<td style=\"text-align: left\">Affich\u00e9 ou personnalis\u00e9<\/td>\n<\/tr>\n<tr>\n<th style=\"text-align: left\">Taille<\/th>\n<td style=\"text-align: left\">23,4*14,5*104,5 mm<\/td>\n<\/tr>\n<tr>\n<th style=\"text-align: left\">Mat\u00e9riel<\/th>\n<td style=\"text-align: left\">PC + ABS<\/td>\n<\/tr>\n<tr>\n<th style=\"text-align: left\">serpentin de chauffage<\/th>\n<td style=\"text-align: left\">Bobine maill\u00e9e de 1,6 \u03a9<\/td>\n<\/tr>\n<tr>\n<th style=\"text-align: left\">Bouff\u00e9e<\/th>\n<td style=\"text-align: left\">Jusqu&#039;\u00e0 600 bouff\u00e9es<\/td>\n<\/tr>\n<tr>\n<th style=\"text-align: left\">Batterie<\/th>\n<td style=\"text-align: left\">Batterie rechargeable de 500 mAh<\/td>\n<\/tr>\n<tr>\n<th style=\"text-align: left\">E-liquide pr\u00e9rempli<\/th>\n<td style=\"text-align: left\">2,0 ML<\/td>\n<\/tr>\n<tr>\n<th style=\"text-align: left\">Saveur<\/th>\n<td style=\"text-align: left\">Jusqu&#039;\u00e0 50 saveurs<\/td>\n<\/tr>\n<tr>\n<th style=\"text-align: left\">Souligner<\/th>\n<td style=\"text-align: left\">Stylo vape jetable 50 mg<\/td>\n<\/tr>\n<\/tbody>\n<\/table>","protected":false},"featured_media":10475,"comment_status":"closed","ping_status":"closed","template":"","meta":[],"product_brand":[],"product_cat":[54,47],"product_tag":[],"class_list":{"0":"post-10464","1":"product","2":"type-product","3":"status-publish","4":"has-post-thumbnail","6":"product_cat-chargeable-disposable-vapes","7":"product_cat-disposable-vapes","9":"first","10":"instock","11":"shipping-taxable","12":"product-type-simple"},"yoast_head":"<!-- This site is optimized with the Yoast SEO plugin v26.9 - https:\/\/yoast.com\/product\/yoast-seo-wordpress\/ -->\n<title>ABS Disposable Flat Vape Pen Pre Filled 2.0ml Nicotine Salt 600 Puffs<\/title>\n<meta name=\"description\" content=\"ABS Disposable Flat Vape Pen Pre Filled 2.0ml Nicotine Salt 600 Puffs Air flow switch, no button pressing, easy and friendly to beginners\" \/>\n<meta name=\"robots\" content=\"index, follow, max-snippet:-1, max-image-preview:large, max-video-preview:-1\" \/>\n<link rel=\"canonical\" href=\"https:\/\/amxim.com\/fr\/product\/stylo-vape-plat-jetable-abs-prerempli-de-20-ml-de-sel-de-nicotine-600-bouffees\/\" \/>\n<meta property=\"og:locale\" content=\"fr_FR\" \/>\n<meta property=\"og:type\" content=\"article\" \/>\n<meta property=\"og:title\" content=\"ABS Disposable Flat Vape Pen Pre Filled 2.0ml Nicotine Salt 600 Puffs\" \/>\n<meta property=\"og:description\" content=\"ABS Disposable Flat Vape Pen Pre Filled 2.0ml Nicotine Salt 600 Puffs Air flow switch, no button pressing, easy and friendly to beginners\" \/>\n<meta property=\"og:url\" content=\"https:\/\/amxim.com\/fr\/product\/stylo-vape-plat-jetable-abs-prerempli-de-20-ml-de-sel-de-nicotine-600-bouffees\/\" \/>\n<meta property=\"og:site_name\" content=\"AMXIM\" \/>\n<meta property=\"article:modified_time\" content=\"2026-02-04T03:00:16+00:00\" \/>\n<meta property=\"og:image\" content=\"https:\/\/amxim.com\/wp-content\/uploads\/2025\/03\/ABS-Disposable-Flat-Vape-Pen-Pre-Filled-2.0ml-Nicotine-Salt-600-Puffs-9.webp\" \/>\n\t<meta property=\"og:image:width\" content=\"1000\" \/>\n\t<meta property=\"og:image:height\" content=\"1000\" \/>\n\t<meta property=\"og:image:type\" content=\"image\/webp\" \/>\n<meta name=\"twitter:card\" content=\"summary_large_image\" \/>\n<meta name=\"twitter:label1\" content=\"Dur\u00e9e de lecture estim\u00e9e\" \/>\n\t<meta name=\"twitter:data1\" content=\"1 minute\" \/>\n<script type=\"application\/ld+json\" class=\"yoast-schema-graph\">{\"@context\":\"https:\/\/schema.org\",\"@graph\":[{\"@type\":\"WebPage\",\"@id\":\"https:\/\/amxim.com\/product\/abs-disposable-flat-vape-pen-pre-filled-2-0ml-nicotine-salt-600-puffs\/\",\"url\":\"https:\/\/amxim.com\/product\/abs-disposable-flat-vape-pen-pre-filled-2-0ml-nicotine-salt-600-puffs\/\",\"name\":\"ABS Disposable Flat Vape Pen Pre Filled 2.0ml Nicotine Salt 600 Puffs\",\"isPartOf\":{\"@id\":\"https:\/\/amxim.com\/#website\"},\"primaryImageOfPage\":{\"@id\":\"https:\/\/amxim.com\/product\/abs-disposable-flat-vape-pen-pre-filled-2-0ml-nicotine-salt-600-puffs\/#primaryimage\"},\"image\":{\"@id\":\"https:\/\/amxim.com\/product\/abs-disposable-flat-vape-pen-pre-filled-2-0ml-nicotine-salt-600-puffs\/#primaryimage\"},\"thumbnailUrl\":\"https:\/\/amxim.com\/wp-content\/uploads\/2025\/03\/ABS-Disposable-Flat-Vape-Pen-Pre-Filled-2.0ml-Nicotine-Salt-600-Puffs-9.webp\",\"datePublished\":\"2025-03-27T02:07:35+00:00\",\"dateModified\":\"2026-02-04T03:00:16+00:00\",\"description\":\"ABS Disposable Flat Vape Pen Pre Filled 2.0ml Nicotine Salt 600 Puffs Air flow switch, no button pressing, easy and friendly to beginners\",\"breadcrumb\":{\"@id\":\"https:\/\/amxim.com\/product\/abs-disposable-flat-vape-pen-pre-filled-2-0ml-nicotine-salt-600-puffs\/#breadcrumb\"},\"inLanguage\":\"fr-FR\",\"potentialAction\":[{\"@type\":\"ReadAction\",\"target\":[\"https:\/\/amxim.com\/product\/abs-disposable-flat-vape-pen-pre-filled-2-0ml-nicotine-salt-600-puffs\/\"]}]},{\"@type\":\"ImageObject\",\"inLanguage\":\"fr-FR\",\"@id\":\"https:\/\/amxim.com\/product\/abs-disposable-flat-vape-pen-pre-filled-2-0ml-nicotine-salt-600-puffs\/#primaryimage\",\"url\":\"https:\/\/amxim.com\/wp-content\/uploads\/2025\/03\/ABS-Disposable-Flat-Vape-Pen-Pre-Filled-2.0ml-Nicotine-Salt-600-Puffs-9.webp\",\"contentUrl\":\"https:\/\/amxim.com\/wp-content\/uploads\/2025\/03\/ABS-Disposable-Flat-Vape-Pen-Pre-Filled-2.0ml-Nicotine-Salt-600-Puffs-9.webp\",\"width\":1000,\"height\":1000,\"caption\":\"ABS Disposable Flat Vape Pen Pre Filled 2.0ml Nicotine Salt 600 Puffs\"},{\"@type\":\"BreadcrumbList\",\"@id\":\"https:\/\/amxim.com\/product\/abs-disposable-flat-vape-pen-pre-filled-2-0ml-nicotine-salt-600-puffs\/#breadcrumb\",\"itemListElement\":[{\"@type\":\"ListItem\",\"position\":1,\"name\":\"Home\",\"item\":\"https:\/\/amxim.com\/\"},{\"@type\":\"ListItem\",\"position\":2,\"name\":\"Products\",\"item\":\"https:\/\/amxim.com\/de\/products\/\"},{\"@type\":\"ListItem\",\"position\":3,\"name\":\"ABS Disposable Flat Vape Pen Pre Filled 2.0ml Nicotine Salt 600 Puffs\"}]},{\"@type\":\"WebSite\",\"@id\":\"https:\/\/amxim.com\/#website\",\"url\":\"https:\/\/amxim.com\/\",\"name\":\"AMXIM\",\"description\":\"AMXIM-OEM ODM Vape Manufacturer\",\"publisher\":{\"@id\":\"https:\/\/amxim.com\/#organization\"},\"potentialAction\":[{\"@type\":\"SearchAction\",\"target\":{\"@type\":\"EntryPoint\",\"urlTemplate\":\"https:\/\/amxim.com\/?s={search_term_string}\"},\"query-input\":{\"@type\":\"PropertyValueSpecification\",\"valueRequired\":true,\"valueName\":\"search_term_string\"}}],\"inLanguage\":\"fr-FR\"},{\"@type\":\"Organization\",\"@id\":\"https:\/\/amxim.com\/#organization\",\"name\":\"AMXIM\",\"url\":\"https:\/\/amxim.com\/\",\"logo\":{\"@type\":\"ImageObject\",\"inLanguage\":\"fr-FR\",\"@id\":\"https:\/\/amxim.com\/#\/schema\/logo\/image\/\",\"url\":\"https:\/\/amxim.com\/wp-content\/uploads\/2025\/03\/cropped-AMXIM-fav.webp\",\"contentUrl\":\"https:\/\/amxim.com\/wp-content\/uploads\/2025\/03\/cropped-AMXIM-fav.webp\",\"width\":512,\"height\":512,\"caption\":\"AMXIM\"},\"image\":{\"@id\":\"https:\/\/amxim.com\/#\/schema\/logo\/image\/\"}}]}<\/script>\n<!-- \/ Yoast SEO plugin. -->","yoast_head_json":{"title":"Stylo vape plat jetable en ABS pr\u00e9rempli de 2,0 ml de sel de nicotine, 600 bouff\u00e9es","description":"Stylo vape plat jetable en ABS pr\u00e9-rempli de 2,0 ml de sel de nicotine 600 bouff\u00e9es Interrupteur de flux d&#039;air, pas besoin d&#039;appuyer sur un bouton, facile et convivial pour les d\u00e9butants","robots":{"index":"index","follow":"follow","max-snippet":"max-snippet:-1","max-image-preview":"max-image-preview:large","max-video-preview":"max-video-preview:-1"},"canonical":"https:\/\/amxim.com\/fr\/product\/stylo-vape-plat-jetable-abs-prerempli-de-20-ml-de-sel-de-nicotine-600-bouffees\/","og_locale":"fr_FR","og_type":"article","og_title":"ABS Disposable Flat Vape Pen Pre Filled 2.0ml Nicotine Salt 600 Puffs","og_description":"ABS Disposable Flat Vape Pen Pre Filled 2.0ml Nicotine Salt 600 Puffs Air flow switch, no button pressing, easy and friendly to beginners","og_url":"https:\/\/amxim.com\/fr\/product\/stylo-vape-plat-jetable-abs-prerempli-de-20-ml-de-sel-de-nicotine-600-bouffees\/","og_site_name":"AMXIM","article_modified_time":"2026-02-04T03:00:16+00:00","og_image":[{"width":1000,"height":1000,"url":"https:\/\/amxim.com\/wp-content\/uploads\/2025\/03\/ABS-Disposable-Flat-Vape-Pen-Pre-Filled-2.0ml-Nicotine-Salt-600-Puffs-9.webp","type":"image\/webp"}],"twitter_card":"summary_large_image","twitter_misc":{"Dur\u00e9e de lecture estim\u00e9e":"1 minute"},"schema":{"@context":"https:\/\/schema.org","@graph":[{"@type":"WebPage","@id":"https:\/\/amxim.com\/product\/abs-disposable-flat-vape-pen-pre-filled-2-0ml-nicotine-salt-600-puffs\/","url":"https:\/\/amxim.com\/product\/abs-disposable-flat-vape-pen-pre-filled-2-0ml-nicotine-salt-600-puffs\/","name":"Stylo vape plat jetable en ABS pr\u00e9rempli de 2,0 ml de sel de nicotine, 600 bouff\u00e9es","isPartOf":{"@id":"https:\/\/amxim.com\/#website"},"primaryImageOfPage":{"@id":"https:\/\/amxim.com\/product\/abs-disposable-flat-vape-pen-pre-filled-2-0ml-nicotine-salt-600-puffs\/#primaryimage"},"image":{"@id":"https:\/\/amxim.com\/product\/abs-disposable-flat-vape-pen-pre-filled-2-0ml-nicotine-salt-600-puffs\/#primaryimage"},"thumbnailUrl":"https:\/\/amxim.com\/wp-content\/uploads\/2025\/03\/ABS-Disposable-Flat-Vape-Pen-Pre-Filled-2.0ml-Nicotine-Salt-600-Puffs-9.webp","datePublished":"2025-03-27T02:07:35+00:00","dateModified":"2026-02-04T03:00:16+00:00","description":"Stylo vape plat jetable en ABS pr\u00e9-rempli de 2,0 ml de sel de nicotine 600 bouff\u00e9es Interrupteur de flux d&#039;air, pas besoin d&#039;appuyer sur un bouton, facile et convivial pour les d\u00e9butants","breadcrumb":{"@id":"https:\/\/amxim.com\/product\/abs-disposable-flat-vape-pen-pre-filled-2-0ml-nicotine-salt-600-puffs\/#breadcrumb"},"inLanguage":"fr-FR","potentialAction":[{"@type":"ReadAction","target":["https:\/\/amxim.com\/product\/abs-disposable-flat-vape-pen-pre-filled-2-0ml-nicotine-salt-600-puffs\/"]}]},{"@type":"ImageObject","inLanguage":"fr-FR","@id":"https:\/\/amxim.com\/product\/abs-disposable-flat-vape-pen-pre-filled-2-0ml-nicotine-salt-600-puffs\/#primaryimage","url":"https:\/\/amxim.com\/wp-content\/uploads\/2025\/03\/ABS-Disposable-Flat-Vape-Pen-Pre-Filled-2.0ml-Nicotine-Salt-600-Puffs-9.webp","contentUrl":"https:\/\/amxim.com\/wp-content\/uploads\/2025\/03\/ABS-Disposable-Flat-Vape-Pen-Pre-Filled-2.0ml-Nicotine-Salt-600-Puffs-9.webp","width":1000,"height":1000,"caption":"ABS Disposable Flat Vape Pen Pre Filled 2.0ml Nicotine Salt 600 Puffs"},{"@type":"BreadcrumbList","@id":"https:\/\/amxim.com\/product\/abs-disposable-flat-vape-pen-pre-filled-2-0ml-nicotine-salt-600-puffs\/#breadcrumb","itemListElement":[{"@type":"ListItem","position":1,"name":"Home","item":"https:\/\/amxim.com\/"},{"@type":"ListItem","position":2,"name":"Products","item":"https:\/\/amxim.com\/de\/products\/"},{"@type":"ListItem","position":3,"name":"ABS Disposable Flat Vape Pen Pre Filled 2.0ml Nicotine Salt 600 Puffs"}]},{"@type":"WebSite","@id":"https:\/\/amxim.com\/#website","url":"https:\/\/amxim.com\/","name":"AMXIM","description":"Fabricant de vapoteuses AMXIM-OEM ODM","publisher":{"@id":"https:\/\/amxim.com\/#organization"},"potentialAction":[{"@type":"SearchAction","target":{"@type":"EntryPoint","urlTemplate":"https:\/\/amxim.com\/?s={search_term_string}"},"query-input":{"@type":"PropertyValueSpecification","valueRequired":true,"valueName":"search_term_string"}}],"inLanguage":"fr-FR"},{"@type":"Organization","@id":"https:\/\/amxim.com\/#organization","name":"AMXIM","url":"https:\/\/amxim.com\/","logo":{"@type":"ImageObject","inLanguage":"fr-FR","@id":"https:\/\/amxim.com\/#\/schema\/logo\/image\/","url":"https:\/\/amxim.com\/wp-content\/uploads\/2025\/03\/cropped-AMXIM-fav.webp","contentUrl":"https:\/\/amxim.com\/wp-content\/uploads\/2025\/03\/cropped-AMXIM-fav.webp","width":512,"height":512,"caption":"AMXIM"},"image":{"@id":"https:\/\/amxim.com\/#\/schema\/logo\/image\/"}}]}},"_links":{"self":[{"href":"https:\/\/amxim.com\/fr\/wp-json\/wp\/v2\/product\/10464","targetHints":{"allow":["GET"]}}],"collection":[{"href":"https:\/\/amxim.com\/fr\/wp-json\/wp\/v2\/product"}],"about":[{"href":"https:\/\/amxim.com\/fr\/wp-json\/wp\/v2\/types\/product"}],"replies":[{"embeddable":true,"href":"https:\/\/amxim.com\/fr\/wp-json\/wp\/v2\/comments?post=10464"}],"version-history":[{"count":3,"href":"https:\/\/amxim.com\/fr\/wp-json\/wp\/v2\/product\/10464\/revisions"}],"predecessor-version":[{"id":13517,"href":"https:\/\/amxim.com\/fr\/wp-json\/wp\/v2\/product\/10464\/revisions\/13517"}],"wp:featuredmedia":[{"embeddable":true,"href":"https:\/\/amxim.com\/fr\/wp-json\/wp\/v2\/media\/10475"}],"wp:attachment":[{"href":"https:\/\/amxim.com\/fr\/wp-json\/wp\/v2\/media?parent=10464"}],"wp:term":[{"taxonomy":"product_brand","embeddable":true,"href":"https:\/\/amxim.com\/fr\/wp-json\/wp\/v2\/product_brand?post=10464"},{"taxonomy":"product_cat","embeddable":true,"href":"https:\/\/amxim.com\/fr\/wp-json\/wp\/v2\/product_cat?post=10464"},{"taxonomy":"product_tag","embeddable":true,"href":"https:\/\/amxim.com\/fr\/wp-json\/wp\/v2\/product_tag?post=10464"}],"curies":[{"name":"wp","href":"https:\/\/api.w.org\/{rel}","templated":true}]}}