{"id":10586,"date":"2025-03-27T07:01:33","date_gmt":"2025-03-27T07:01:33","guid":{"rendered":"https:\/\/amxim.com\/?post_type=product&#038;p=10586"},"modified":"2026-02-04T03:00:21","modified_gmt":"2026-02-04T03:00:21","slug":"cigarette-electronique-rechargeable-a-bobine-en-maille-5-000-bouffees-650-mah","status":"publish","type":"product","link":"https:\/\/amxim.com\/fr\/product\/cigarette-electronique-rechargeable-a-bobine-en-maille-5-000-bouffees-650-mah\/","title":{"rendered":"Cigarette \u00e9lectronique rechargeable avec bobine en maille, 5\u00a0000 bouff\u00e9es, 650 mAh"},"content":{"rendered":"<h2 style=\"text-align: left\">Cigarette \u00e9lectronique rechargeable avec bobine en maille, 5\u00a0000 bouff\u00e9es, 650 mAh<\/h2>\n<p style=\"text-align: left\">La cigarette \u00e9lectronique jetable rechargeable est un appareil r\u00e9volutionnaire con\u00e7u pour remplacer les cigarettes traditionnelles, offrant une alternative plus saine, \u00e0 la fois portable et pratique. Elle offre une exp\u00e9rience satisfaisante sans les inconv\u00e9nients du tabac traditionnel, ce qui en fait une excellente option pour ceux qui souhaitent arr\u00eater de fumer.<br \/>\nCe mod\u00e8le est \u00e9quip\u00e9 d&#039;une batterie de 400 mAh, d&#039;un port de chargement micro USB et d&#039;une capacit\u00e9 de 4,0 ml d&#039;e-liquide, offrant plus de 5\u00a0000 bouff\u00e9es. Avec son design \u00e9l\u00e9gant et son format compact, cette cigarette \u00e9lectronique jetable est id\u00e9ale pour une utilisation nomade et se glisse facilement dans votre poche pour r\u00e9pondre \u00e0 vos besoins quotidiens. La teneur en sels de nicotine 5% se m\u00e9lange parfaitement \u00e0 l&#039;e-liquide pour une exp\u00e9rience de vapotage optimale.<\/p>\n<p>&nbsp;<\/p>\n<h3 style=\"text-align: left\">Caract\u00e9ristiques principales<\/h3>\n<ul>\n<li style=\"text-align: left\">Capacit\u00e9 du e-liquide : 4,0 ml E-liquide au sel de nicotine par .<\/li>\n<li style=\"text-align: left\">Il est compact et portable.<\/li>\n<li style=\"text-align: left\">5% de nicotine.<\/li>\n<li style=\"text-align: left\">M\u00e9canisme de tir activ\u00e9.<\/li>\n<li style=\"text-align: left\">Prot\u00e9g\u00e9 contre les courts-circuits ainsi que contre la surchauffe.<\/li>\n<li style=\"text-align: left\">Faciles \u00e0 transporter car ils sont de petite taille.<\/li>\n<li style=\"text-align: left\">Diff\u00e9rentes options de couleurs.<\/li>\n<\/ul>","protected":false},"excerpt":{"rendered":"<h3>Sp\u00e9cifications du produit<\/h3>\n<table>\n<tbody>\n<tr>\n<th style=\"text-align: left\">Type de produit<\/th>\n<td style=\"text-align: left\">POD rechargeable \/ rempla\u00e7able<\/td>\n<\/tr>\n<tr>\n<th style=\"text-align: left\">Couleur<\/th>\n<td style=\"text-align: left\">Affich\u00e9 ou personnalis\u00e9<\/td>\n<\/tr>\n<tr>\n<th style=\"text-align: left\">Taille<\/th>\n<td style=\"text-align: left\">108*20mm<\/td>\n<\/tr>\n<tr>\n<th style=\"text-align: left\">Saveur<\/th>\n<td style=\"text-align: left\">Jusqu&#039;\u00e0 50 saveurs<\/td>\n<\/tr>\n<tr>\n<th style=\"text-align: left\">Mat\u00e9riel<\/th>\n<td style=\"text-align: left\">PC + acier inoxydable<\/td>\n<\/tr>\n<tr>\n<th style=\"text-align: left\">serpentin de chauffage<\/th>\n<td style=\"text-align: left\">Bobine maill\u00e9e de 1,2 \u03a9<\/td>\n<\/tr>\n<tr>\n<th style=\"text-align: left\">Bouff\u00e9e<\/th>\n<td style=\"text-align: left\">Jusqu&#039;\u00e0 5000 bouff\u00e9es<\/td>\n<\/tr>\n<tr>\n<th style=\"text-align: left\">Batterie<\/th>\n<td style=\"text-align: left\">Batterie rechargeable de 650 mAh<\/td>\n<\/tr>\n<tr>\n<th style=\"text-align: left\">E-liquide pr\u00e9rempli<\/th>\n<td style=\"text-align: left\">4,0 ML<\/td>\n<\/tr>\n<tr>\n<th style=\"text-align: left\">Dispositif de chargement<\/th>\n<td style=\"text-align: left\">Micro USB<\/td>\n<\/tr>\n<tr>\n<th style=\"text-align: left\">Souligner<\/th>\n<td style=\"text-align: left\">Cigarette \u00e9lectronique rechargeable OEM<\/td>\n<\/tr>\n<\/tbody>\n<\/table>","protected":false},"featured_media":10604,"comment_status":"closed","ping_status":"closed","template":"","meta":[],"product_brand":[],"product_cat":[54,47,50,58],"product_tag":[],"class_list":{"0":"post-10586","1":"product","2":"type-product","3":"status-publish","4":"has-post-thumbnail","6":"product_cat-chargeable-disposable-vapes","7":"product_cat-disposable-vapes","8":"product_cat-pod-systems","9":"product_cat-refillable-electronic-cigarette","11":"first","12":"instock","13":"shipping-taxable","14":"product-type-simple"},"yoast_head":"<!-- This site is optimized with the Yoast SEO plugin v26.9 - https:\/\/yoast.com\/product\/yoast-seo-wordpress\/ -->\n<title>Mesh Coil Vapour Refillable Vape Pod E-Cigarette 5000 Puffs 650mAh<\/title>\n<meta name=\"description\" content=\"Mesh Coil Vapour Refillable Vape Pod E-Cigarette 5000 Puffs 650mAh E-liquid capacity: 4.0ml Salt nicotine e-liquid per Battery amount: 650mAh\" \/>\n<meta name=\"robots\" content=\"index, follow, max-snippet:-1, max-image-preview:large, max-video-preview:-1\" \/>\n<link rel=\"canonical\" href=\"https:\/\/amxim.com\/fr\/product\/cigarette-electronique-rechargeable-a-bobine-en-maille-5-000-bouffees-650-mah\/\" \/>\n<meta property=\"og:locale\" content=\"fr_FR\" \/>\n<meta property=\"og:type\" content=\"article\" \/>\n<meta property=\"og:title\" content=\"Mesh Coil Vapour Refillable Vape Pod E-Cigarette 5000 Puffs 650mAh\" \/>\n<meta property=\"og:description\" content=\"Mesh Coil Vapour Refillable Vape Pod E-Cigarette 5000 Puffs 650mAh E-liquid capacity: 4.0ml Salt nicotine e-liquid per Battery amount: 650mAh\" \/>\n<meta property=\"og:url\" content=\"https:\/\/amxim.com\/fr\/product\/cigarette-electronique-rechargeable-a-bobine-en-maille-5-000-bouffees-650-mah\/\" \/>\n<meta property=\"og:site_name\" content=\"AMXIM\" \/>\n<meta property=\"article:modified_time\" content=\"2026-02-04T03:00:21+00:00\" \/>\n<meta property=\"og:image\" content=\"https:\/\/amxim.com\/wp-content\/uploads\/2025\/03\/Mesh-Coil-Vapour-Refillable-Vape-Pod-E-Cigarette-5000-Puffs-650mAh-8.webp\" \/>\n\t<meta property=\"og:image:width\" content=\"1000\" \/>\n\t<meta property=\"og:image:height\" content=\"1000\" \/>\n\t<meta property=\"og:image:type\" content=\"image\/webp\" \/>\n<meta name=\"twitter:card\" content=\"summary_large_image\" \/>\n<meta name=\"twitter:label1\" content=\"Dur\u00e9e de lecture estim\u00e9e\" \/>\n\t<meta name=\"twitter:data1\" content=\"1 minute\" \/>\n<script type=\"application\/ld+json\" class=\"yoast-schema-graph\">{\"@context\":\"https:\/\/schema.org\",\"@graph\":[{\"@type\":\"WebPage\",\"@id\":\"https:\/\/amxim.com\/product\/mesh-coil-vapour-refillable-vape-pod-e-cigarette-5000-puffs-650mah\/\",\"url\":\"https:\/\/amxim.com\/product\/mesh-coil-vapour-refillable-vape-pod-e-cigarette-5000-puffs-650mah\/\",\"name\":\"Mesh Coil Vapour Refillable Vape Pod E-Cigarette 5000 Puffs 650mAh\",\"isPartOf\":{\"@id\":\"https:\/\/amxim.com\/#website\"},\"primaryImageOfPage\":{\"@id\":\"https:\/\/amxim.com\/product\/mesh-coil-vapour-refillable-vape-pod-e-cigarette-5000-puffs-650mah\/#primaryimage\"},\"image\":{\"@id\":\"https:\/\/amxim.com\/product\/mesh-coil-vapour-refillable-vape-pod-e-cigarette-5000-puffs-650mah\/#primaryimage\"},\"thumbnailUrl\":\"https:\/\/amxim.com\/wp-content\/uploads\/2025\/03\/Mesh-Coil-Vapour-Refillable-Vape-Pod-E-Cigarette-5000-Puffs-650mAh-8.webp\",\"datePublished\":\"2025-03-27T07:01:33+00:00\",\"dateModified\":\"2026-02-04T03:00:21+00:00\",\"description\":\"Mesh Coil Vapour Refillable Vape Pod E-Cigarette 5000 Puffs 650mAh E-liquid capacity: 4.0ml Salt nicotine e-liquid per Battery amount: 650mAh\",\"breadcrumb\":{\"@id\":\"https:\/\/amxim.com\/product\/mesh-coil-vapour-refillable-vape-pod-e-cigarette-5000-puffs-650mah\/#breadcrumb\"},\"inLanguage\":\"fr-FR\",\"potentialAction\":[{\"@type\":\"ReadAction\",\"target\":[\"https:\/\/amxim.com\/product\/mesh-coil-vapour-refillable-vape-pod-e-cigarette-5000-puffs-650mah\/\"]}]},{\"@type\":\"ImageObject\",\"inLanguage\":\"fr-FR\",\"@id\":\"https:\/\/amxim.com\/product\/mesh-coil-vapour-refillable-vape-pod-e-cigarette-5000-puffs-650mah\/#primaryimage\",\"url\":\"https:\/\/amxim.com\/wp-content\/uploads\/2025\/03\/Mesh-Coil-Vapour-Refillable-Vape-Pod-E-Cigarette-5000-Puffs-650mAh-8.webp\",\"contentUrl\":\"https:\/\/amxim.com\/wp-content\/uploads\/2025\/03\/Mesh-Coil-Vapour-Refillable-Vape-Pod-E-Cigarette-5000-Puffs-650mAh-8.webp\",\"width\":1000,\"height\":1000,\"caption\":\"Mesh Coil Vapour Refillable Vape Pod E-Cigarette 5000 Puffs 650mAh\"},{\"@type\":\"BreadcrumbList\",\"@id\":\"https:\/\/amxim.com\/product\/mesh-coil-vapour-refillable-vape-pod-e-cigarette-5000-puffs-650mah\/#breadcrumb\",\"itemListElement\":[{\"@type\":\"ListItem\",\"position\":1,\"name\":\"Home\",\"item\":\"https:\/\/amxim.com\/\"},{\"@type\":\"ListItem\",\"position\":2,\"name\":\"Products\",\"item\":\"https:\/\/amxim.com\/de\/products\/\"},{\"@type\":\"ListItem\",\"position\":3,\"name\":\"Mesh Coil Vapour Refillable Vape Pod E-Cigarette 5000 Puffs 650mAh\"}]},{\"@type\":\"WebSite\",\"@id\":\"https:\/\/amxim.com\/#website\",\"url\":\"https:\/\/amxim.com\/\",\"name\":\"AMXIM\",\"description\":\"AMXIM-OEM ODM Vape Manufacturer\",\"publisher\":{\"@id\":\"https:\/\/amxim.com\/#organization\"},\"potentialAction\":[{\"@type\":\"SearchAction\",\"target\":{\"@type\":\"EntryPoint\",\"urlTemplate\":\"https:\/\/amxim.com\/?s={search_term_string}\"},\"query-input\":{\"@type\":\"PropertyValueSpecification\",\"valueRequired\":true,\"valueName\":\"search_term_string\"}}],\"inLanguage\":\"fr-FR\"},{\"@type\":\"Organization\",\"@id\":\"https:\/\/amxim.com\/#organization\",\"name\":\"AMXIM\",\"url\":\"https:\/\/amxim.com\/\",\"logo\":{\"@type\":\"ImageObject\",\"inLanguage\":\"fr-FR\",\"@id\":\"https:\/\/amxim.com\/#\/schema\/logo\/image\/\",\"url\":\"https:\/\/amxim.com\/wp-content\/uploads\/2025\/03\/cropped-AMXIM-fav.webp\",\"contentUrl\":\"https:\/\/amxim.com\/wp-content\/uploads\/2025\/03\/cropped-AMXIM-fav.webp\",\"width\":512,\"height\":512,\"caption\":\"AMXIM\"},\"image\":{\"@id\":\"https:\/\/amxim.com\/#\/schema\/logo\/image\/\"}}]}<\/script>\n<!-- \/ Yoast SEO plugin. -->","yoast_head_json":{"title":"Cigarette \u00e9lectronique rechargeable avec bobine en maille, 5\u00a0000 bouff\u00e9es, 650 mAh","description":"Cigarette \u00e9lectronique rechargeable Mesh Coil Vape Pod 5000 bouff\u00e9es 650 mAh Capacit\u00e9 du e-liquide : 4,0 ml E-liquide \u00e0 la nicotine sal\u00e9e par batterie Quantit\u00e9 de batterie : 650 mAh","robots":{"index":"index","follow":"follow","max-snippet":"max-snippet:-1","max-image-preview":"max-image-preview:large","max-video-preview":"max-video-preview:-1"},"canonical":"https:\/\/amxim.com\/fr\/product\/cigarette-electronique-rechargeable-a-bobine-en-maille-5-000-bouffees-650-mah\/","og_locale":"fr_FR","og_type":"article","og_title":"Mesh Coil Vapour Refillable Vape Pod E-Cigarette 5000 Puffs 650mAh","og_description":"Mesh Coil Vapour Refillable Vape Pod E-Cigarette 5000 Puffs 650mAh E-liquid capacity: 4.0ml Salt nicotine e-liquid per Battery amount: 650mAh","og_url":"https:\/\/amxim.com\/fr\/product\/cigarette-electronique-rechargeable-a-bobine-en-maille-5-000-bouffees-650-mah\/","og_site_name":"AMXIM","article_modified_time":"2026-02-04T03:00:21+00:00","og_image":[{"width":1000,"height":1000,"url":"https:\/\/amxim.com\/wp-content\/uploads\/2025\/03\/Mesh-Coil-Vapour-Refillable-Vape-Pod-E-Cigarette-5000-Puffs-650mAh-8.webp","type":"image\/webp"}],"twitter_card":"summary_large_image","twitter_misc":{"Dur\u00e9e de lecture estim\u00e9e":"1 minute"},"schema":{"@context":"https:\/\/schema.org","@graph":[{"@type":"WebPage","@id":"https:\/\/amxim.com\/product\/mesh-coil-vapour-refillable-vape-pod-e-cigarette-5000-puffs-650mah\/","url":"https:\/\/amxim.com\/product\/mesh-coil-vapour-refillable-vape-pod-e-cigarette-5000-puffs-650mah\/","name":"Cigarette \u00e9lectronique rechargeable avec bobine en maille, 5\u00a0000 bouff\u00e9es, 650 mAh","isPartOf":{"@id":"https:\/\/amxim.com\/#website"},"primaryImageOfPage":{"@id":"https:\/\/amxim.com\/product\/mesh-coil-vapour-refillable-vape-pod-e-cigarette-5000-puffs-650mah\/#primaryimage"},"image":{"@id":"https:\/\/amxim.com\/product\/mesh-coil-vapour-refillable-vape-pod-e-cigarette-5000-puffs-650mah\/#primaryimage"},"thumbnailUrl":"https:\/\/amxim.com\/wp-content\/uploads\/2025\/03\/Mesh-Coil-Vapour-Refillable-Vape-Pod-E-Cigarette-5000-Puffs-650mAh-8.webp","datePublished":"2025-03-27T07:01:33+00:00","dateModified":"2026-02-04T03:00:21+00:00","description":"Cigarette \u00e9lectronique rechargeable Mesh Coil Vape Pod 5000 bouff\u00e9es 650 mAh Capacit\u00e9 du e-liquide : 4,0 ml E-liquide \u00e0 la nicotine sal\u00e9e par batterie Quantit\u00e9 de batterie : 650 mAh","breadcrumb":{"@id":"https:\/\/amxim.com\/product\/mesh-coil-vapour-refillable-vape-pod-e-cigarette-5000-puffs-650mah\/#breadcrumb"},"inLanguage":"fr-FR","potentialAction":[{"@type":"ReadAction","target":["https:\/\/amxim.com\/product\/mesh-coil-vapour-refillable-vape-pod-e-cigarette-5000-puffs-650mah\/"]}]},{"@type":"ImageObject","inLanguage":"fr-FR","@id":"https:\/\/amxim.com\/product\/mesh-coil-vapour-refillable-vape-pod-e-cigarette-5000-puffs-650mah\/#primaryimage","url":"https:\/\/amxim.com\/wp-content\/uploads\/2025\/03\/Mesh-Coil-Vapour-Refillable-Vape-Pod-E-Cigarette-5000-Puffs-650mAh-8.webp","contentUrl":"https:\/\/amxim.com\/wp-content\/uploads\/2025\/03\/Mesh-Coil-Vapour-Refillable-Vape-Pod-E-Cigarette-5000-Puffs-650mAh-8.webp","width":1000,"height":1000,"caption":"Mesh Coil Vapour Refillable Vape Pod E-Cigarette 5000 Puffs 650mAh"},{"@type":"BreadcrumbList","@id":"https:\/\/amxim.com\/product\/mesh-coil-vapour-refillable-vape-pod-e-cigarette-5000-puffs-650mah\/#breadcrumb","itemListElement":[{"@type":"ListItem","position":1,"name":"Home","item":"https:\/\/amxim.com\/"},{"@type":"ListItem","position":2,"name":"Products","item":"https:\/\/amxim.com\/de\/products\/"},{"@type":"ListItem","position":3,"name":"Mesh Coil Vapour Refillable Vape Pod E-Cigarette 5000 Puffs 650mAh"}]},{"@type":"WebSite","@id":"https:\/\/amxim.com\/#website","url":"https:\/\/amxim.com\/","name":"AMXIM","description":"Fabricant de vapoteuses AMXIM-OEM ODM","publisher":{"@id":"https:\/\/amxim.com\/#organization"},"potentialAction":[{"@type":"SearchAction","target":{"@type":"EntryPoint","urlTemplate":"https:\/\/amxim.com\/?s={search_term_string}"},"query-input":{"@type":"PropertyValueSpecification","valueRequired":true,"valueName":"search_term_string"}}],"inLanguage":"fr-FR"},{"@type":"Organization","@id":"https:\/\/amxim.com\/#organization","name":"AMXIM","url":"https:\/\/amxim.com\/","logo":{"@type":"ImageObject","inLanguage":"fr-FR","@id":"https:\/\/amxim.com\/#\/schema\/logo\/image\/","url":"https:\/\/amxim.com\/wp-content\/uploads\/2025\/03\/cropped-AMXIM-fav.webp","contentUrl":"https:\/\/amxim.com\/wp-content\/uploads\/2025\/03\/cropped-AMXIM-fav.webp","width":512,"height":512,"caption":"AMXIM"},"image":{"@id":"https:\/\/amxim.com\/#\/schema\/logo\/image\/"}}]}},"_links":{"self":[{"href":"https:\/\/amxim.com\/fr\/wp-json\/wp\/v2\/product\/10586","targetHints":{"allow":["GET"]}}],"collection":[{"href":"https:\/\/amxim.com\/fr\/wp-json\/wp\/v2\/product"}],"about":[{"href":"https:\/\/amxim.com\/fr\/wp-json\/wp\/v2\/types\/product"}],"replies":[{"embeddable":true,"href":"https:\/\/amxim.com\/fr\/wp-json\/wp\/v2\/comments?post=10586"}],"version-history":[{"count":3,"href":"https:\/\/amxim.com\/fr\/wp-json\/wp\/v2\/product\/10586\/revisions"}],"predecessor-version":[{"id":13518,"href":"https:\/\/amxim.com\/fr\/wp-json\/wp\/v2\/product\/10586\/revisions\/13518"}],"wp:featuredmedia":[{"embeddable":true,"href":"https:\/\/amxim.com\/fr\/wp-json\/wp\/v2\/media\/10604"}],"wp:attachment":[{"href":"https:\/\/amxim.com\/fr\/wp-json\/wp\/v2\/media?parent=10586"}],"wp:term":[{"taxonomy":"product_brand","embeddable":true,"href":"https:\/\/amxim.com\/fr\/wp-json\/wp\/v2\/product_brand?post=10586"},{"taxonomy":"product_cat","embeddable":true,"href":"https:\/\/amxim.com\/fr\/wp-json\/wp\/v2\/product_cat?post=10586"},{"taxonomy":"product_tag","embeddable":true,"href":"https:\/\/amxim.com\/fr\/wp-json\/wp\/v2\/product_tag?post=10586"}],"curies":[{"name":"wp","href":"https:\/\/api.w.org\/{rel}","templated":true}]}}