{"id":10588,"date":"2025-03-27T07:11:04","date_gmt":"2025-03-27T07:11:04","guid":{"rendered":"https:\/\/amxim.com\/?post_type=product&#038;p=10588"},"modified":"2026-02-04T03:01:17","modified_gmt":"2026-02-04T03:01:17","slug":"stylo-vape-rechargeable-280-mah-13-ml-cigarette-electronique-jetable-multi-saveurs","status":"publish","type":"product","link":"https:\/\/amxim.com\/fr\/product\/stylo-vape-rechargeable-280-mah-13-ml-cigarette-electronique-jetable-multi-saveurs\/","title":{"rendered":"Stylo vape rechargeable 280 mAh 1,3 ml, cigarette \u00e9lectronique jetable multi-saveurs"},"content":{"rendered":"<h2 style=\"text-align: left;\">Stylo vape rechargeable 280 mAh 1,3 ml, cigarette \u00e9lectronique jetable multi-saveurs<\/h2>\n<p style=\"text-align: left;\">La cigarette \u00e9lectronique stylo jetable est \u00e9quip\u00e9e d&#039;une batterie int\u00e9gr\u00e9e de 280 mAh et d&#039;un e-liquide pr\u00e9rempli de 1,3 ml. Elle offre une concentration en nicotine de 51 TP3T pour environ 500 bouff\u00e9es de vape douce. Son format compact et sa l\u00e9g\u00e8ret\u00e9 la rendent facile \u00e0 transporter et vous permettent de vapoter en toute tranquillit\u00e9, o\u00f9 que vous soyez. Avec une s\u00e9lection de 10 saveurs all\u00e9chantes, elle offre une vari\u00e9t\u00e9 d&#039;options pour ravir vos papilles et vous offrir une exp\u00e9rience riche et savoureuse \u00e0 chaque vape.<br \/>\nA practical choice for users seeking a reliable disposable vape, and for brands looking for OEM\/ODM disposable vape solutions from a professional vape factory.<\/p>\n<p>&nbsp;<\/p>\n<h3 style=\"text-align: left;\">Caract\u00e9ristiques principales<\/h3>\n<ul>\n<li style=\"text-align: left;\">Vapeur \u00e9norme, excellent hit en gorge.<\/li>\n<li style=\"text-align: left;\">Pas d&#039;assemblage, pas de recharge, pas de remplissage.<\/li>\n<li style=\"text-align: left;\">Chaque cigarette \u00e9lectronique dure r\u00e9ellement 500 bouff\u00e9es.<\/li>\n<li style=\"text-align: left;\">Excellent partenaire de voyage et tr\u00e8s abordable pour les nouveaux d\u00e9butants.<\/li>\n<li style=\"text-align: left;\">Prix comp\u00e9titif, march\u00e9 facile \u00e0 explorer.<\/li>\n<li style=\"text-align: left;\">Se vend bien aux \u00c9tats-Unis, au Canada et dans les pays europ\u00e9ens.<\/li>\n<li style=\"text-align: left;\">OEM\/ODM fortement bienvenus.<\/li>\n<\/ul>\n<p>&nbsp;<\/p>\n<h2 style=\"text-align: left;\">Comment utiliser<\/h2>\n<ul>\n<li style=\"text-align: left;\">1. Ouvrez la bo\u00eete en carton ext\u00e9rieure et retirez le contenu<\/li>\n<li style=\"text-align: left;\">2. D\u00e9chirez l&#039;emballage en aluminium et retirez le dispositif jetable<\/li>\n<li style=\"text-align: left;\">3. Retirez et jetez le bouchon en silicone et l&#039;\u00e9tiquette au bas de l&#039;appareil<\/li>\n<li style=\"text-align: left;\">4. Activez la vape en tirant sur l&#039;extr\u00e9mit\u00e9 du pod - une lumi\u00e8re LED s&#039;allumera au bas de la e-cig<\/li>\n<li style=\"text-align: left;\">5. Le voyant LED clignotera lorsqu&#039;il sera \u00e9puis\u00e9. \u00c0 ce stade, jetez l&#039;appareil en toute s\u00e9curit\u00e9.<\/li>\n<\/ul>\n<p>&nbsp;<\/p>","protected":false},"excerpt":{"rendered":"<h3>Sp\u00e9cifications du produit<\/h3>\n<table>\n<tbody>\n<tr>\n<th style=\"text-align: left;\">Type de produit<\/th>\n<td style=\"text-align: left;\">Vape jetable<\/td>\n<\/tr>\n<tr>\n<th style=\"text-align: left;\">Couleur<\/th>\n<td style=\"text-align: left;\">Affich\u00e9 ou personnalis\u00e9<\/td>\n<\/tr>\n<tr>\n<th style=\"text-align: left;\">Taille<\/th>\n<td style=\"text-align: left;\">116*9,2 mm<\/td>\n<\/tr>\n<tr>\n<th style=\"text-align: left;\">Mat\u00e9riel<\/th>\n<td style=\"text-align: left;\">PC + acier inoxydable<\/td>\n<\/tr>\n<tr>\n<th style=\"text-align: left;\">serpentin de chauffage<\/th>\n<td style=\"text-align: left;\">Bobine maill\u00e9e 3\u03a9<\/td>\n<\/tr>\n<tr>\n<th style=\"text-align: left;\">Bouff\u00e9e<\/th>\n<td style=\"text-align: left;\">Jusqu&#039;\u00e0 500 bouff\u00e9es<\/td>\n<\/tr>\n<tr>\n<th style=\"text-align: left;\">Batterie<\/th>\n<td style=\"text-align: left;\">Batterie rechargeable de 280 mAh<\/td>\n<\/tr>\n<tr>\n<th style=\"text-align: left;\">E-liquide pr\u00e9rempli<\/th>\n<td style=\"text-align: left;\">1,3 ml<\/td>\n<\/tr>\n<tr>\n<th style=\"text-align: left;\">Saveur<\/th>\n<td style=\"text-align: left;\">Jusqu&#039;\u00e0 50 saveurs<\/td>\n<\/tr>\n<tr>\n<th style=\"text-align: left;\">Souligner<\/th>\n<td style=\"text-align: left;\">Cigarettes \u00e9lectroniques de 1,3 ml<\/td>\n<\/tr>\n<\/tbody>\n<\/table>","protected":false},"featured_media":10635,"comment_status":"closed","ping_status":"closed","template":"","meta":[],"product_brand":[],"product_cat":[54,61,47,49],"product_tag":[],"class_list":{"0":"post-10588","1":"product","2":"type-product","3":"status-publish","4":"has-post-thumbnail","6":"product_cat-chargeable-disposable-vapes","7":"product_cat-cigalikes","8":"product_cat-disposable-vapes","9":"product_cat-vape-pens","11":"first","12":"instock","13":"shipping-taxable","14":"product-type-simple"},"yoast_head":"<!-- This site is optimized with the Yoast SEO plugin v26.9 - https:\/\/yoast.com\/product\/yoast-seo-wordpress\/ -->\n<title>Refillable Vape Pen 280mAh 1.3mL Disposable E-Cigarette Multi-flavor<\/title>\n<meta name=\"description\" content=\"Refillable Vape Pen 280mAh 1.3mL Disposable E-Cigarette Multi-flavor Huge vapor, excellent throat hit No Assembling, no recharging, no refilling\" \/>\n<meta name=\"robots\" content=\"index, follow, max-snippet:-1, max-image-preview:large, max-video-preview:-1\" \/>\n<link rel=\"canonical\" href=\"https:\/\/amxim.com\/fr\/product\/stylo-vape-rechargeable-280-mah-13-ml-cigarette-electronique-jetable-multi-saveurs\/\" \/>\n<meta property=\"og:locale\" content=\"fr_FR\" \/>\n<meta property=\"og:type\" content=\"article\" \/>\n<meta property=\"og:title\" content=\"Refillable Vape Pen 280mAh 1.3mL Disposable E-Cigarette Multi-flavor\" \/>\n<meta property=\"og:description\" content=\"Refillable Vape Pen 280mAh 1.3mL Disposable E-Cigarette Multi-flavor Huge vapor, excellent throat hit No Assembling, no recharging, no refilling\" \/>\n<meta property=\"og:url\" content=\"https:\/\/amxim.com\/fr\/product\/stylo-vape-rechargeable-280-mah-13-ml-cigarette-electronique-jetable-multi-saveurs\/\" \/>\n<meta property=\"og:site_name\" content=\"AMXIM\" \/>\n<meta property=\"article:modified_time\" content=\"2026-02-04T03:01:17+00:00\" \/>\n<meta property=\"og:image\" content=\"https:\/\/amxim.com\/wp-content\/uploads\/2025\/03\/Refillable-Vape-Pen-280mAh-1.3mL-Disposable-E-Cigarette-Multi-flavor-13.webp\" \/>\n\t<meta property=\"og:image:width\" content=\"1000\" \/>\n\t<meta property=\"og:image:height\" content=\"1000\" \/>\n\t<meta property=\"og:image:type\" content=\"image\/webp\" \/>\n<meta name=\"twitter:card\" content=\"summary_large_image\" \/>\n<meta name=\"twitter:label1\" content=\"Dur\u00e9e de lecture estim\u00e9e\" \/>\n\t<meta name=\"twitter:data1\" content=\"2 minutes\" \/>\n<script type=\"application\/ld+json\" class=\"yoast-schema-graph\">{\"@context\":\"https:\/\/schema.org\",\"@graph\":[{\"@type\":\"WebPage\",\"@id\":\"https:\/\/amxim.com\/product\/refillable-vape-pen-280mah-1-3ml-disposable-e-cigarette-multi-flavor\/\",\"url\":\"https:\/\/amxim.com\/product\/refillable-vape-pen-280mah-1-3ml-disposable-e-cigarette-multi-flavor\/\",\"name\":\"Refillable Vape Pen 280mAh 1.3mL Disposable E-Cigarette Multi-flavor\",\"isPartOf\":{\"@id\":\"https:\/\/amxim.com\/#website\"},\"primaryImageOfPage\":{\"@id\":\"https:\/\/amxim.com\/product\/refillable-vape-pen-280mah-1-3ml-disposable-e-cigarette-multi-flavor\/#primaryimage\"},\"image\":{\"@id\":\"https:\/\/amxim.com\/product\/refillable-vape-pen-280mah-1-3ml-disposable-e-cigarette-multi-flavor\/#primaryimage\"},\"thumbnailUrl\":\"https:\/\/amxim.com\/wp-content\/uploads\/2025\/03\/Refillable-Vape-Pen-280mAh-1.3mL-Disposable-E-Cigarette-Multi-flavor-13.webp\",\"datePublished\":\"2025-03-27T07:11:04+00:00\",\"dateModified\":\"2026-02-04T03:01:17+00:00\",\"description\":\"Refillable Vape Pen 280mAh 1.3mL Disposable E-Cigarette Multi-flavor Huge vapor, excellent throat hit No Assembling, no recharging, no refilling\",\"breadcrumb\":{\"@id\":\"https:\/\/amxim.com\/product\/refillable-vape-pen-280mah-1-3ml-disposable-e-cigarette-multi-flavor\/#breadcrumb\"},\"inLanguage\":\"fr-FR\",\"potentialAction\":[{\"@type\":\"ReadAction\",\"target\":[\"https:\/\/amxim.com\/product\/refillable-vape-pen-280mah-1-3ml-disposable-e-cigarette-multi-flavor\/\"]}]},{\"@type\":\"ImageObject\",\"inLanguage\":\"fr-FR\",\"@id\":\"https:\/\/amxim.com\/product\/refillable-vape-pen-280mah-1-3ml-disposable-e-cigarette-multi-flavor\/#primaryimage\",\"url\":\"https:\/\/amxim.com\/wp-content\/uploads\/2025\/03\/Refillable-Vape-Pen-280mAh-1.3mL-Disposable-E-Cigarette-Multi-flavor-13.webp\",\"contentUrl\":\"https:\/\/amxim.com\/wp-content\/uploads\/2025\/03\/Refillable-Vape-Pen-280mAh-1.3mL-Disposable-E-Cigarette-Multi-flavor-13.webp\",\"width\":1000,\"height\":1000,\"caption\":\"Refillable Vape Pen 280mAh 1.3mL Disposable E-Cigarette Multi-flavor\"},{\"@type\":\"BreadcrumbList\",\"@id\":\"https:\/\/amxim.com\/product\/refillable-vape-pen-280mah-1-3ml-disposable-e-cigarette-multi-flavor\/#breadcrumb\",\"itemListElement\":[{\"@type\":\"ListItem\",\"position\":1,\"name\":\"Home\",\"item\":\"https:\/\/amxim.com\/\"},{\"@type\":\"ListItem\",\"position\":2,\"name\":\"Products\",\"item\":\"https:\/\/amxim.com\/de\/products\/\"},{\"@type\":\"ListItem\",\"position\":3,\"name\":\"Refillable Vape Pen 280mAh 1.3mL Disposable E-Cigarette Multi-flavor\"}]},{\"@type\":\"WebSite\",\"@id\":\"https:\/\/amxim.com\/#website\",\"url\":\"https:\/\/amxim.com\/\",\"name\":\"AMXIM\",\"description\":\"AMXIM-OEM ODM Vape Manufacturer\",\"publisher\":{\"@id\":\"https:\/\/amxim.com\/#organization\"},\"potentialAction\":[{\"@type\":\"SearchAction\",\"target\":{\"@type\":\"EntryPoint\",\"urlTemplate\":\"https:\/\/amxim.com\/?s={search_term_string}\"},\"query-input\":{\"@type\":\"PropertyValueSpecification\",\"valueRequired\":true,\"valueName\":\"search_term_string\"}}],\"inLanguage\":\"fr-FR\"},{\"@type\":\"Organization\",\"@id\":\"https:\/\/amxim.com\/#organization\",\"name\":\"AMXIM\",\"url\":\"https:\/\/amxim.com\/\",\"logo\":{\"@type\":\"ImageObject\",\"inLanguage\":\"fr-FR\",\"@id\":\"https:\/\/amxim.com\/#\/schema\/logo\/image\/\",\"url\":\"https:\/\/amxim.com\/wp-content\/uploads\/2025\/03\/cropped-AMXIM-fav.webp\",\"contentUrl\":\"https:\/\/amxim.com\/wp-content\/uploads\/2025\/03\/cropped-AMXIM-fav.webp\",\"width\":512,\"height\":512,\"caption\":\"AMXIM\"},\"image\":{\"@id\":\"https:\/\/amxim.com\/#\/schema\/logo\/image\/\"}}]}<\/script>\n<!-- \/ Yoast SEO plugin. -->","yoast_head_json":{"title":"Stylo vape rechargeable 280 mAh 1,3 ml, cigarette \u00e9lectronique jetable multi-saveurs","description":"Stylo vape rechargeable 280 mAh 1,3 ml Cigarette \u00e9lectronique jetable Multi-saveurs Vapeur \u00e9norme, excellent hit en gorge Pas d&#039;assemblage, pas de recharge, pas de remplissage","robots":{"index":"index","follow":"follow","max-snippet":"max-snippet:-1","max-image-preview":"max-image-preview:large","max-video-preview":"max-video-preview:-1"},"canonical":"https:\/\/amxim.com\/fr\/product\/stylo-vape-rechargeable-280-mah-13-ml-cigarette-electronique-jetable-multi-saveurs\/","og_locale":"fr_FR","og_type":"article","og_title":"Refillable Vape Pen 280mAh 1.3mL Disposable E-Cigarette Multi-flavor","og_description":"Refillable Vape Pen 280mAh 1.3mL Disposable E-Cigarette Multi-flavor Huge vapor, excellent throat hit No Assembling, no recharging, no refilling","og_url":"https:\/\/amxim.com\/fr\/product\/stylo-vape-rechargeable-280-mah-13-ml-cigarette-electronique-jetable-multi-saveurs\/","og_site_name":"AMXIM","article_modified_time":"2026-02-04T03:01:17+00:00","og_image":[{"width":1000,"height":1000,"url":"https:\/\/amxim.com\/wp-content\/uploads\/2025\/03\/Refillable-Vape-Pen-280mAh-1.3mL-Disposable-E-Cigarette-Multi-flavor-13.webp","type":"image\/webp"}],"twitter_card":"summary_large_image","twitter_misc":{"Dur\u00e9e de lecture estim\u00e9e":"2 minutes"},"schema":{"@context":"https:\/\/schema.org","@graph":[{"@type":"WebPage","@id":"https:\/\/amxim.com\/product\/refillable-vape-pen-280mah-1-3ml-disposable-e-cigarette-multi-flavor\/","url":"https:\/\/amxim.com\/product\/refillable-vape-pen-280mah-1-3ml-disposable-e-cigarette-multi-flavor\/","name":"Stylo vape rechargeable 280 mAh 1,3 ml, cigarette \u00e9lectronique jetable multi-saveurs","isPartOf":{"@id":"https:\/\/amxim.com\/#website"},"primaryImageOfPage":{"@id":"https:\/\/amxim.com\/product\/refillable-vape-pen-280mah-1-3ml-disposable-e-cigarette-multi-flavor\/#primaryimage"},"image":{"@id":"https:\/\/amxim.com\/product\/refillable-vape-pen-280mah-1-3ml-disposable-e-cigarette-multi-flavor\/#primaryimage"},"thumbnailUrl":"https:\/\/amxim.com\/wp-content\/uploads\/2025\/03\/Refillable-Vape-Pen-280mAh-1.3mL-Disposable-E-Cigarette-Multi-flavor-13.webp","datePublished":"2025-03-27T07:11:04+00:00","dateModified":"2026-02-04T03:01:17+00:00","description":"Stylo vape rechargeable 280 mAh 1,3 ml Cigarette \u00e9lectronique jetable Multi-saveurs Vapeur \u00e9norme, excellent hit en gorge Pas d&#039;assemblage, pas de recharge, pas de remplissage","breadcrumb":{"@id":"https:\/\/amxim.com\/product\/refillable-vape-pen-280mah-1-3ml-disposable-e-cigarette-multi-flavor\/#breadcrumb"},"inLanguage":"fr-FR","potentialAction":[{"@type":"ReadAction","target":["https:\/\/amxim.com\/product\/refillable-vape-pen-280mah-1-3ml-disposable-e-cigarette-multi-flavor\/"]}]},{"@type":"ImageObject","inLanguage":"fr-FR","@id":"https:\/\/amxim.com\/product\/refillable-vape-pen-280mah-1-3ml-disposable-e-cigarette-multi-flavor\/#primaryimage","url":"https:\/\/amxim.com\/wp-content\/uploads\/2025\/03\/Refillable-Vape-Pen-280mAh-1.3mL-Disposable-E-Cigarette-Multi-flavor-13.webp","contentUrl":"https:\/\/amxim.com\/wp-content\/uploads\/2025\/03\/Refillable-Vape-Pen-280mAh-1.3mL-Disposable-E-Cigarette-Multi-flavor-13.webp","width":1000,"height":1000,"caption":"Refillable Vape Pen 280mAh 1.3mL Disposable E-Cigarette Multi-flavor"},{"@type":"BreadcrumbList","@id":"https:\/\/amxim.com\/product\/refillable-vape-pen-280mah-1-3ml-disposable-e-cigarette-multi-flavor\/#breadcrumb","itemListElement":[{"@type":"ListItem","position":1,"name":"Home","item":"https:\/\/amxim.com\/"},{"@type":"ListItem","position":2,"name":"Products","item":"https:\/\/amxim.com\/de\/products\/"},{"@type":"ListItem","position":3,"name":"Refillable Vape Pen 280mAh 1.3mL Disposable E-Cigarette Multi-flavor"}]},{"@type":"WebSite","@id":"https:\/\/amxim.com\/#website","url":"https:\/\/amxim.com\/","name":"AMXIM","description":"Fabricant de vapoteuses AMXIM-OEM ODM","publisher":{"@id":"https:\/\/amxim.com\/#organization"},"potentialAction":[{"@type":"SearchAction","target":{"@type":"EntryPoint","urlTemplate":"https:\/\/amxim.com\/?s={search_term_string}"},"query-input":{"@type":"PropertyValueSpecification","valueRequired":true,"valueName":"search_term_string"}}],"inLanguage":"fr-FR"},{"@type":"Organization","@id":"https:\/\/amxim.com\/#organization","name":"AMXIM","url":"https:\/\/amxim.com\/","logo":{"@type":"ImageObject","inLanguage":"fr-FR","@id":"https:\/\/amxim.com\/#\/schema\/logo\/image\/","url":"https:\/\/amxim.com\/wp-content\/uploads\/2025\/03\/cropped-AMXIM-fav.webp","contentUrl":"https:\/\/amxim.com\/wp-content\/uploads\/2025\/03\/cropped-AMXIM-fav.webp","width":512,"height":512,"caption":"AMXIM"},"image":{"@id":"https:\/\/amxim.com\/#\/schema\/logo\/image\/"}}]}},"_links":{"self":[{"href":"https:\/\/amxim.com\/fr\/wp-json\/wp\/v2\/product\/10588","targetHints":{"allow":["GET"]}}],"collection":[{"href":"https:\/\/amxim.com\/fr\/wp-json\/wp\/v2\/product"}],"about":[{"href":"https:\/\/amxim.com\/fr\/wp-json\/wp\/v2\/types\/product"}],"replies":[{"embeddable":true,"href":"https:\/\/amxim.com\/fr\/wp-json\/wp\/v2\/comments?post=10588"}],"version-history":[{"count":3,"href":"https:\/\/amxim.com\/fr\/wp-json\/wp\/v2\/product\/10588\/revisions"}],"predecessor-version":[{"id":13522,"href":"https:\/\/amxim.com\/fr\/wp-json\/wp\/v2\/product\/10588\/revisions\/13522"}],"wp:featuredmedia":[{"embeddable":true,"href":"https:\/\/amxim.com\/fr\/wp-json\/wp\/v2\/media\/10635"}],"wp:attachment":[{"href":"https:\/\/amxim.com\/fr\/wp-json\/wp\/v2\/media?parent=10588"}],"wp:term":[{"taxonomy":"product_brand","embeddable":true,"href":"https:\/\/amxim.com\/fr\/wp-json\/wp\/v2\/product_brand?post=10588"},{"taxonomy":"product_cat","embeddable":true,"href":"https:\/\/amxim.com\/fr\/wp-json\/wp\/v2\/product_cat?post=10588"},{"taxonomy":"product_tag","embeddable":true,"href":"https:\/\/amxim.com\/fr\/wp-json\/wp\/v2\/product_tag?post=10588"}],"curies":[{"name":"wp","href":"https:\/\/api.w.org\/{rel}","templated":true}]}}