{"id":10612,"date":"2025-03-27T07:06:51","date_gmt":"2025-03-27T07:06:51","guid":{"rendered":"https:\/\/amxim.com\/?post_type=product&#038;p=10612"},"modified":"2026-02-04T03:01:02","modified_gmt":"2026-02-04T03:01:02","slug":"vape-jetable-legere-500-bouffees-batterie-280-mah-5-nicotines","status":"publish","type":"product","link":"https:\/\/amxim.com\/fr\/product\/vape-jetable-legere-500-bouffees-batterie-280-mah-5-nicotines\/","title":{"rendered":"Vape jetable l\u00e9g\u00e8re 500 bouff\u00e9es, batterie 280 mAh, nicotine 5%"},"content":{"rendered":"<h2 style=\"text-align: left;\">Vape jetable l\u00e9g\u00e8re 500 bouff\u00e9es, batterie 280 mAh, nicotine 5%<\/h2>\n<p style=\"text-align: left;\">La cigarette \u00e9lectronique stylo jetable est la solution id\u00e9ale pour une exp\u00e9rience pod sans tracas. Sans entretien, son format compact vous permet de l&#039;emporter partout avec vous. Son atout majeur est qu&#039;elle ne laisse aucune odeur persistante sur les v\u00eatements, pour une exp\u00e9rience discr\u00e8te.<br \/>\nL&#039;appareil Salt Switch ne mesure que 116 mm de long et est fabriqu\u00e9 en acier inoxydable et en plastique. Son design ergonomique et \u00e9l\u00e9gant offre une prise en main confortable. Chaque appareil est pr\u00e9rempli d&#039;e-liquide de qualit\u00e9 sup\u00e9rieure, offrant un hit de nicotine intense d\u00e8s la premi\u00e8re bouff\u00e9e.<br \/>\nLa gamme comprend des saveurs rafra\u00eechissantes de fruits et de baies, disponibles avec ou sans sensation de fra\u00eecheur, pour vous permettre de trouver facilement le go\u00fbt qui vous convient. Le Salt Switch se distingue par son ar\u00f4me naturel et riche, qui le distingue des autres produits du march\u00e9.<br \/>\nDe plus, chaque appareil contient 1,3 ml d&#039;e-liquide, offrant jusqu&#039;\u00e0 500 bouff\u00e9es pour une exp\u00e9rience de vapotage prolong\u00e9e et agr\u00e9able.<\/p>\n<p>&nbsp;<\/p>\n<h3 style=\"text-align: left;\">Caract\u00e9ristiques principales<\/h3>\n<ul>\n<li style=\"text-align: left;\">Conception jetable - Non rechargeable et non rechargeable<\/li>\n<li style=\"text-align: left;\">5% Teneur en nicotine<\/li>\n<li style=\"text-align: left;\">Ch\u00e2ssis portable et l\u00e9ger<\/li>\n<\/ul>","protected":false},"excerpt":{"rendered":"<h3>Sp\u00e9cifications du produit<\/h3>\n<table>\n<tbody>\n<tr>\n<th style=\"text-align: left;\">Type de produit<\/th>\n<td style=\"text-align: left;\">Vape jetable<\/td>\n<\/tr>\n<tr>\n<th style=\"text-align: left;\">Couleur<\/th>\n<td style=\"text-align: left;\">Affich\u00e9 ou personnalis\u00e9<\/td>\n<\/tr>\n<tr>\n<th style=\"text-align: left;\">Taille<\/th>\n<td style=\"text-align: left;\">116*9,2 mm<\/td>\n<\/tr>\n<tr>\n<th style=\"text-align: left;\">Mat\u00e9riel<\/th>\n<td style=\"text-align: left;\">PC + acier inoxydable<\/td>\n<\/tr>\n<tr>\n<th style=\"text-align: left;\">serpentin de chauffage<\/th>\n<td style=\"text-align: left;\">Bobine maill\u00e9e 3\u03a9<\/td>\n<\/tr>\n<tr>\n<th style=\"text-align: left;\">Bouff\u00e9e<\/th>\n<td style=\"text-align: left;\">Jusqu&#039;\u00e0 500 bouff\u00e9es<\/td>\n<\/tr>\n<tr>\n<th style=\"text-align: left;\">Batterie<\/th>\n<td style=\"text-align: left;\">Batterie rechargeable de 280 mAh<\/td>\n<\/tr>\n<tr>\n<th style=\"text-align: left;\">E-liquide pr\u00e9rempli<\/th>\n<td style=\"text-align: left;\">1,3 ml<\/td>\n<\/tr>\n<tr>\n<th style=\"text-align: left;\">Saveur<\/th>\n<td style=\"text-align: left;\">Jusqu&#039;\u00e0 50 saveurs<\/td>\n<\/tr>\n<tr>\n<th style=\"text-align: left;\">Souligner<\/th>\n<td style=\"text-align: left;\">Stylo E cigarette 3,5 ml, stylo E cigarette 3,7 V<\/td>\n<\/tr>\n<\/tbody>\n<\/table>","protected":false},"featured_media":10615,"comment_status":"closed","ping_status":"closed","template":"","meta":[],"product_brand":[],"product_cat":[54,61,47,49],"product_tag":[],"class_list":{"0":"post-10612","1":"product","2":"type-product","3":"status-publish","4":"has-post-thumbnail","6":"product_cat-chargeable-disposable-vapes","7":"product_cat-cigalikes","8":"product_cat-disposable-vapes","9":"product_cat-vape-pens","11":"first","12":"instock","13":"shipping-taxable","14":"product-type-simple"},"yoast_head":"<!-- This site is optimized with the Yoast SEO plugin v26.9 - https:\/\/yoast.com\/product\/yoast-seo-wordpress\/ -->\n<title>Lightweight Disposable Vape Device 500Puffs 280mAh Battery 5% Nicotine<\/title>\n<meta name=\"description\" content=\"Lightweight Disposable Vape Device 500Puffs 280mAh Battery 5% Nicotine Disposable Design- Non-Rechargeable &amp; Non-Refillable\" \/>\n<meta name=\"robots\" content=\"index, follow, max-snippet:-1, max-image-preview:large, max-video-preview:-1\" \/>\n<link rel=\"canonical\" href=\"https:\/\/amxim.com\/fr\/product\/vape-jetable-legere-500-bouffees-batterie-280-mah-5-nicotines\/\" \/>\n<meta property=\"og:locale\" content=\"fr_FR\" \/>\n<meta property=\"og:type\" content=\"article\" \/>\n<meta property=\"og:title\" content=\"Lightweight Disposable Vape Device 500Puffs 280mAh Battery 5% Nicotine\" \/>\n<meta property=\"og:description\" content=\"Lightweight Disposable Vape Device 500Puffs 280mAh Battery 5% Nicotine Disposable Design- Non-Rechargeable &amp; Non-Refillable\" \/>\n<meta property=\"og:url\" content=\"https:\/\/amxim.com\/fr\/product\/vape-jetable-legere-500-bouffees-batterie-280-mah-5-nicotines\/\" \/>\n<meta property=\"og:site_name\" content=\"AMXIM\" \/>\n<meta property=\"article:modified_time\" content=\"2026-02-04T03:01:02+00:00\" \/>\n<meta property=\"og:image\" content=\"https:\/\/amxim.com\/wp-content\/uploads\/2025\/03\/Lightweight-Disposable-Vape-Device-500Puffs-280mAh-Battery-5-Nicotine-1.webp\" \/>\n\t<meta property=\"og:image:width\" content=\"1000\" \/>\n\t<meta property=\"og:image:height\" content=\"1000\" \/>\n\t<meta property=\"og:image:type\" content=\"image\/webp\" \/>\n<meta name=\"twitter:card\" content=\"summary_large_image\" \/>\n<meta name=\"twitter:label1\" content=\"Dur\u00e9e de lecture estim\u00e9e\" \/>\n\t<meta name=\"twitter:data1\" content=\"2 minutes\" \/>\n<script type=\"application\/ld+json\" class=\"yoast-schema-graph\">{\"@context\":\"https:\/\/schema.org\",\"@graph\":[{\"@type\":\"WebPage\",\"@id\":\"https:\/\/amxim.com\/product\/lightweight-disposable-vape-device-500puffs-280mah-battery-5-nicotine\/\",\"url\":\"https:\/\/amxim.com\/product\/lightweight-disposable-vape-device-500puffs-280mah-battery-5-nicotine\/\",\"name\":\"Lightweight Disposable Vape Device 500Puffs 280mAh Battery 5% Nicotine\",\"isPartOf\":{\"@id\":\"https:\/\/amxim.com\/#website\"},\"primaryImageOfPage\":{\"@id\":\"https:\/\/amxim.com\/product\/lightweight-disposable-vape-device-500puffs-280mah-battery-5-nicotine\/#primaryimage\"},\"image\":{\"@id\":\"https:\/\/amxim.com\/product\/lightweight-disposable-vape-device-500puffs-280mah-battery-5-nicotine\/#primaryimage\"},\"thumbnailUrl\":\"https:\/\/amxim.com\/wp-content\/uploads\/2025\/03\/Lightweight-Disposable-Vape-Device-500Puffs-280mAh-Battery-5-Nicotine-1.webp\",\"datePublished\":\"2025-03-27T07:06:51+00:00\",\"dateModified\":\"2026-02-04T03:01:02+00:00\",\"description\":\"Lightweight Disposable Vape Device 500Puffs 280mAh Battery 5% Nicotine Disposable Design- Non-Rechargeable & Non-Refillable\",\"breadcrumb\":{\"@id\":\"https:\/\/amxim.com\/product\/lightweight-disposable-vape-device-500puffs-280mah-battery-5-nicotine\/#breadcrumb\"},\"inLanguage\":\"fr-FR\",\"potentialAction\":[{\"@type\":\"ReadAction\",\"target\":[\"https:\/\/amxim.com\/product\/lightweight-disposable-vape-device-500puffs-280mah-battery-5-nicotine\/\"]}]},{\"@type\":\"ImageObject\",\"inLanguage\":\"fr-FR\",\"@id\":\"https:\/\/amxim.com\/product\/lightweight-disposable-vape-device-500puffs-280mah-battery-5-nicotine\/#primaryimage\",\"url\":\"https:\/\/amxim.com\/wp-content\/uploads\/2025\/03\/Lightweight-Disposable-Vape-Device-500Puffs-280mAh-Battery-5-Nicotine-1.webp\",\"contentUrl\":\"https:\/\/amxim.com\/wp-content\/uploads\/2025\/03\/Lightweight-Disposable-Vape-Device-500Puffs-280mAh-Battery-5-Nicotine-1.webp\",\"width\":1000,\"height\":1000,\"caption\":\"Lightweight Disposable Vape Device 500Puffs 280mAh Battery 5% Nicotine\"},{\"@type\":\"BreadcrumbList\",\"@id\":\"https:\/\/amxim.com\/product\/lightweight-disposable-vape-device-500puffs-280mah-battery-5-nicotine\/#breadcrumb\",\"itemListElement\":[{\"@type\":\"ListItem\",\"position\":1,\"name\":\"Home\",\"item\":\"https:\/\/amxim.com\/\"},{\"@type\":\"ListItem\",\"position\":2,\"name\":\"Products\",\"item\":\"https:\/\/amxim.com\/de\/products\/\"},{\"@type\":\"ListItem\",\"position\":3,\"name\":\"Lightweight Disposable Vape Device 500Puffs 280mAh Battery 5% Nicotine\"}]},{\"@type\":\"WebSite\",\"@id\":\"https:\/\/amxim.com\/#website\",\"url\":\"https:\/\/amxim.com\/\",\"name\":\"AMXIM\",\"description\":\"AMXIM-OEM ODM Vape Manufacturer\",\"publisher\":{\"@id\":\"https:\/\/amxim.com\/#organization\"},\"potentialAction\":[{\"@type\":\"SearchAction\",\"target\":{\"@type\":\"EntryPoint\",\"urlTemplate\":\"https:\/\/amxim.com\/?s={search_term_string}\"},\"query-input\":{\"@type\":\"PropertyValueSpecification\",\"valueRequired\":true,\"valueName\":\"search_term_string\"}}],\"inLanguage\":\"fr-FR\"},{\"@type\":\"Organization\",\"@id\":\"https:\/\/amxim.com\/#organization\",\"name\":\"AMXIM\",\"url\":\"https:\/\/amxim.com\/\",\"logo\":{\"@type\":\"ImageObject\",\"inLanguage\":\"fr-FR\",\"@id\":\"https:\/\/amxim.com\/#\/schema\/logo\/image\/\",\"url\":\"https:\/\/amxim.com\/wp-content\/uploads\/2025\/03\/cropped-AMXIM-fav.webp\",\"contentUrl\":\"https:\/\/amxim.com\/wp-content\/uploads\/2025\/03\/cropped-AMXIM-fav.webp\",\"width\":512,\"height\":512,\"caption\":\"AMXIM\"},\"image\":{\"@id\":\"https:\/\/amxim.com\/#\/schema\/logo\/image\/\"}}]}<\/script>\n<!-- \/ Yoast SEO plugin. -->","yoast_head_json":{"title":"Vape jetable l\u00e9g\u00e8re 500 bouff\u00e9es, batterie 280 mAh, nicotine 5%","description":"Vape jetable l\u00e9g\u00e8re, 500 bouff\u00e9es, batterie 280 mAh, nicotine 5%, conception jetable - non rechargeable","robots":{"index":"index","follow":"follow","max-snippet":"max-snippet:-1","max-image-preview":"max-image-preview:large","max-video-preview":"max-video-preview:-1"},"canonical":"https:\/\/amxim.com\/fr\/product\/vape-jetable-legere-500-bouffees-batterie-280-mah-5-nicotines\/","og_locale":"fr_FR","og_type":"article","og_title":"Lightweight Disposable Vape Device 500Puffs 280mAh Battery 5% Nicotine","og_description":"Lightweight Disposable Vape Device 500Puffs 280mAh Battery 5% Nicotine Disposable Design- Non-Rechargeable & Non-Refillable","og_url":"https:\/\/amxim.com\/fr\/product\/vape-jetable-legere-500-bouffees-batterie-280-mah-5-nicotines\/","og_site_name":"AMXIM","article_modified_time":"2026-02-04T03:01:02+00:00","og_image":[{"width":1000,"height":1000,"url":"https:\/\/amxim.com\/wp-content\/uploads\/2025\/03\/Lightweight-Disposable-Vape-Device-500Puffs-280mAh-Battery-5-Nicotine-1.webp","type":"image\/webp"}],"twitter_card":"summary_large_image","twitter_misc":{"Dur\u00e9e de lecture estim\u00e9e":"2 minutes"},"schema":{"@context":"https:\/\/schema.org","@graph":[{"@type":"WebPage","@id":"https:\/\/amxim.com\/product\/lightweight-disposable-vape-device-500puffs-280mah-battery-5-nicotine\/","url":"https:\/\/amxim.com\/product\/lightweight-disposable-vape-device-500puffs-280mah-battery-5-nicotine\/","name":"Vape jetable l\u00e9g\u00e8re 500 bouff\u00e9es, batterie 280 mAh, nicotine 5%","isPartOf":{"@id":"https:\/\/amxim.com\/#website"},"primaryImageOfPage":{"@id":"https:\/\/amxim.com\/product\/lightweight-disposable-vape-device-500puffs-280mah-battery-5-nicotine\/#primaryimage"},"image":{"@id":"https:\/\/amxim.com\/product\/lightweight-disposable-vape-device-500puffs-280mah-battery-5-nicotine\/#primaryimage"},"thumbnailUrl":"https:\/\/amxim.com\/wp-content\/uploads\/2025\/03\/Lightweight-Disposable-Vape-Device-500Puffs-280mAh-Battery-5-Nicotine-1.webp","datePublished":"2025-03-27T07:06:51+00:00","dateModified":"2026-02-04T03:01:02+00:00","description":"Vape jetable l\u00e9g\u00e8re, 500 bouff\u00e9es, batterie 280 mAh, nicotine 5%, conception jetable - non rechargeable","breadcrumb":{"@id":"https:\/\/amxim.com\/product\/lightweight-disposable-vape-device-500puffs-280mah-battery-5-nicotine\/#breadcrumb"},"inLanguage":"fr-FR","potentialAction":[{"@type":"ReadAction","target":["https:\/\/amxim.com\/product\/lightweight-disposable-vape-device-500puffs-280mah-battery-5-nicotine\/"]}]},{"@type":"ImageObject","inLanguage":"fr-FR","@id":"https:\/\/amxim.com\/product\/lightweight-disposable-vape-device-500puffs-280mah-battery-5-nicotine\/#primaryimage","url":"https:\/\/amxim.com\/wp-content\/uploads\/2025\/03\/Lightweight-Disposable-Vape-Device-500Puffs-280mAh-Battery-5-Nicotine-1.webp","contentUrl":"https:\/\/amxim.com\/wp-content\/uploads\/2025\/03\/Lightweight-Disposable-Vape-Device-500Puffs-280mAh-Battery-5-Nicotine-1.webp","width":1000,"height":1000,"caption":"Lightweight Disposable Vape Device 500Puffs 280mAh Battery 5% Nicotine"},{"@type":"BreadcrumbList","@id":"https:\/\/amxim.com\/product\/lightweight-disposable-vape-device-500puffs-280mah-battery-5-nicotine\/#breadcrumb","itemListElement":[{"@type":"ListItem","position":1,"name":"Home","item":"https:\/\/amxim.com\/"},{"@type":"ListItem","position":2,"name":"Products","item":"https:\/\/amxim.com\/de\/products\/"},{"@type":"ListItem","position":3,"name":"Lightweight Disposable Vape Device 500Puffs 280mAh Battery 5% Nicotine"}]},{"@type":"WebSite","@id":"https:\/\/amxim.com\/#website","url":"https:\/\/amxim.com\/","name":"AMXIM","description":"Fabricant de vapoteuses AMXIM-OEM ODM","publisher":{"@id":"https:\/\/amxim.com\/#organization"},"potentialAction":[{"@type":"SearchAction","target":{"@type":"EntryPoint","urlTemplate":"https:\/\/amxim.com\/?s={search_term_string}"},"query-input":{"@type":"PropertyValueSpecification","valueRequired":true,"valueName":"search_term_string"}}],"inLanguage":"fr-FR"},{"@type":"Organization","@id":"https:\/\/amxim.com\/#organization","name":"AMXIM","url":"https:\/\/amxim.com\/","logo":{"@type":"ImageObject","inLanguage":"fr-FR","@id":"https:\/\/amxim.com\/#\/schema\/logo\/image\/","url":"https:\/\/amxim.com\/wp-content\/uploads\/2025\/03\/cropped-AMXIM-fav.webp","contentUrl":"https:\/\/amxim.com\/wp-content\/uploads\/2025\/03\/cropped-AMXIM-fav.webp","width":512,"height":512,"caption":"AMXIM"},"image":{"@id":"https:\/\/amxim.com\/#\/schema\/logo\/image\/"}}]}},"_links":{"self":[{"href":"https:\/\/amxim.com\/fr\/wp-json\/wp\/v2\/product\/10612","targetHints":{"allow":["GET"]}}],"collection":[{"href":"https:\/\/amxim.com\/fr\/wp-json\/wp\/v2\/product"}],"about":[{"href":"https:\/\/amxim.com\/fr\/wp-json\/wp\/v2\/types\/product"}],"replies":[{"embeddable":true,"href":"https:\/\/amxim.com\/fr\/wp-json\/wp\/v2\/comments?post=10612"}],"version-history":[{"count":2,"href":"https:\/\/amxim.com\/fr\/wp-json\/wp\/v2\/product\/10612\/revisions"}],"predecessor-version":[{"id":13520,"href":"https:\/\/amxim.com\/fr\/wp-json\/wp\/v2\/product\/10612\/revisions\/13520"}],"wp:featuredmedia":[{"embeddable":true,"href":"https:\/\/amxim.com\/fr\/wp-json\/wp\/v2\/media\/10615"}],"wp:attachment":[{"href":"https:\/\/amxim.com\/fr\/wp-json\/wp\/v2\/media?parent=10612"}],"wp:term":[{"taxonomy":"product_brand","embeddable":true,"href":"https:\/\/amxim.com\/fr\/wp-json\/wp\/v2\/product_brand?post=10612"},{"taxonomy":"product_cat","embeddable":true,"href":"https:\/\/amxim.com\/fr\/wp-json\/wp\/v2\/product_cat?post=10612"},{"taxonomy":"product_tag","embeddable":true,"href":"https:\/\/amxim.com\/fr\/wp-json\/wp\/v2\/product_tag?post=10612"}],"curies":[{"name":"wp","href":"https:\/\/api.w.org\/{rel}","templated":true}]}}