{"id":10637,"date":"2025-03-27T07:16:07","date_gmt":"2025-03-27T07:16:07","guid":{"rendered":"https:\/\/amxim.com\/?post_type=product&#038;p=10637"},"modified":"2026-02-04T03:01:41","modified_gmt":"2026-02-04T03:01:41","slug":"dispositifs-de-vapotage-non-rechargeables-mini-cigarette-electronique-jetable-tube-en-aluminium-multi-saveurs","status":"publish","type":"product","link":"https:\/\/amxim.com\/fr\/product\/dispositifs-de-vapotage-non-rechargeables-mini-cigarette-electronique-jetable-tube-en-aluminium-multi-saveurs\/","title":{"rendered":"Dispositifs de vapotage non rechargeables, mini-cigarettes \u00e9lectroniques jetables, tube en aluminium multi-saveurs"},"content":{"rendered":"<h2 style=\"text-align: left\">Dispositifs de vapotage non rechargeables, mini-cigarettes \u00e9lectroniques jetables, tube en aluminium multi-saveurs<\/h2>\n<p style=\"text-align: left\">Cette mini-cigarette \u00e9lectronique jetable est dot\u00e9e d&#039;un m\u00e9canisme d&#039;allumage par inhalation, ce qui en fait le choix id\u00e9al pour les vapoteurs nomades qui recherchent une exp\u00e9rience de vapotage compacte et sans tracas. Avec une batterie de 280 mAh et plus de 300 bouff\u00e9es, elle offre une saveur riche et satisfaisante. Disponible dans une vari\u00e9t\u00e9 de saveurs, choisissez votre pr\u00e9f\u00e9r\u00e9e pour un go\u00fbt d\u00e9licieux dans un format compact et portable, facile \u00e0 utiliser et \u00e0 transporter. Id\u00e9al pour ceux qui recherchent la praticit\u00e9 et la qualit\u00e9 dans un seul appareil.<\/p>\n<p>&nbsp;<\/p>\n<h3 style=\"text-align: left\">Caract\u00e9ristiques principales<\/h3>\n<ul>\n<li style=\"text-align: left\">Force du sel de nicotine 5%<\/li>\n<li style=\"text-align: left\">M\u00e9canisme de tir activ\u00e9 par tirage<\/li>\n<li style=\"text-align: left\">Jetable \u2013 Non rechargeable et non rechargeable&nbsp;<\/li>\n<\/ul>\n<p>&nbsp;<\/p>\n<h2 style=\"text-align: left;\">Comment utiliser<\/h2>\n<ul>\n<li style=\"text-align: left\">1. Ouvrez la bo\u00eete en carton ext\u00e9rieure et retirez le contenu<\/li>\n<li style=\"text-align: left\">2. D\u00e9chirez l&#039;emballage en aluminium et retirez le dispositif jetable<\/li>\n<li style=\"text-align: left\">3. Retirez et jetez le bouchon en silicone et l&#039;\u00e9tiquette au bas de l&#039;appareil<\/li>\n<li style=\"text-align: left\">4. Activez la vape en tirant sur l&#039;extr\u00e9mit\u00e9 du pod - une lumi\u00e8re LED s&#039;allumera au bas de la e-cig<\/li>\n<li style=\"text-align: left\">5. Le voyant LED clignotera lorsqu&#039;il sera \u00e9puis\u00e9. \u00c0 ce stade, jetez l&#039;appareil en toute s\u00e9curit\u00e9.<\/li>\n<\/ul>\n<p>&nbsp;<\/p>","protected":false},"excerpt":{"rendered":"<h3>Sp\u00e9cifications du produit<\/h3>\n<table>\n<tbody>\n<tr>\n<th style=\"text-align: left\">Type de produit<\/th>\n<td style=\"text-align: left\">POD rechargeable \/ rempla\u00e7able<\/td>\n<\/tr>\n<tr>\n<th style=\"text-align: left\">Couleur<\/th>\n<td style=\"text-align: left\">Affich\u00e9 ou personnalis\u00e9<\/td>\n<\/tr>\n<tr>\n<th style=\"text-align: left\">Taille<\/th>\n<td style=\"text-align: left\">97*15,6*6,5 mm<\/td>\n<\/tr>\n<tr>\n<th style=\"text-align: left\">Mat\u00e9riel<\/th>\n<td style=\"text-align: left\">PC + tube en aluminium<\/td>\n<\/tr>\n<tr>\n<th style=\"text-align: left\">serpentin de chauffage<\/th>\n<td style=\"text-align: left\">Bobine maill\u00e9e de 1,8 \u03a9<\/td>\n<\/tr>\n<tr>\n<th style=\"text-align: left\">Bouff\u00e9e<\/th>\n<td style=\"text-align: left\">Jusqu&#039;\u00e0 400 bouff\u00e9es<\/td>\n<\/tr>\n<tr>\n<th style=\"text-align: left\">Batterie<\/th>\n<td style=\"text-align: left\">Batterie rechargeable de 280 mAh<\/td>\n<\/tr>\n<tr>\n<th style=\"text-align: left\">E-liquide pr\u00e9rempli<\/th>\n<td style=\"text-align: left\">1,2 ml<\/td>\n<\/tr>\n<tr>\n<th style=\"text-align: left\">Saveur<\/th>\n<td style=\"text-align: left\">Jusqu&#039;\u00e0 50 saveurs<\/td>\n<\/tr>\n<tr>\n<th style=\"text-align: left\">Souligner<\/th>\n<td style=\"text-align: left\">Mini dosettes jetables OEM<\/td>\n<\/tr>\n<\/tbody>\n<\/table>","protected":false},"featured_media":10640,"comment_status":"closed","ping_status":"closed","template":"","meta":[],"product_brand":[],"product_cat":[54,47,50],"product_tag":[],"class_list":{"0":"post-10637","1":"product","2":"type-product","3":"status-publish","4":"has-post-thumbnail","6":"product_cat-chargeable-disposable-vapes","7":"product_cat-disposable-vapes","8":"product_cat-pod-systems","10":"first","11":"instock","12":"featured","13":"shipping-taxable","14":"product-type-simple"},"yoast_head":"<!-- This site is optimized with the Yoast SEO plugin v26.9 - https:\/\/yoast.com\/product\/yoast-seo-wordpress\/ -->\n<title>Non Refillable Vape Pod Devices Disposable Mini E-Cigarette Aluminum Tube Multi-flavors<\/title>\n<meta name=\"description\" content=\"Non Refillable Vape Pod Devices Disposable Mini E-Cigarette Aluminum Tube Multi-flavors 5% Nicotine Salt Strength 1.8\u03a9 Mesh coil\" \/>\n<meta name=\"robots\" content=\"index, follow, max-snippet:-1, max-image-preview:large, max-video-preview:-1\" \/>\n<link rel=\"canonical\" href=\"https:\/\/amxim.com\/fr\/product\/dispositifs-de-vapotage-non-rechargeables-mini-cigarette-electronique-jetable-tube-en-aluminium-multi-saveurs\/\" \/>\n<meta property=\"og:locale\" content=\"fr_FR\" \/>\n<meta property=\"og:type\" content=\"article\" \/>\n<meta property=\"og:title\" content=\"Non Refillable Vape Pod Devices Disposable Mini E-Cigarette Aluminum Tube Multi-flavors\" \/>\n<meta property=\"og:description\" content=\"Non Refillable Vape Pod Devices Disposable Mini E-Cigarette Aluminum Tube Multi-flavors 5% Nicotine Salt Strength 1.8\u03a9 Mesh coil\" \/>\n<meta property=\"og:url\" content=\"https:\/\/amxim.com\/fr\/product\/dispositifs-de-vapotage-non-rechargeables-mini-cigarette-electronique-jetable-tube-en-aluminium-multi-saveurs\/\" \/>\n<meta property=\"og:site_name\" content=\"AMXIM\" \/>\n<meta property=\"article:modified_time\" content=\"2026-02-04T03:01:41+00:00\" \/>\n<meta property=\"og:image\" content=\"https:\/\/amxim.com\/wp-content\/uploads\/2025\/03\/Non-Refillable-Vape-Pod-Devices-Disposable-Mini-E-Cigarette-Aluminum-Tube-Multi-flavors-1.webp\" \/>\n\t<meta property=\"og:image:width\" content=\"1000\" \/>\n\t<meta property=\"og:image:height\" content=\"1000\" \/>\n\t<meta property=\"og:image:type\" content=\"image\/webp\" \/>\n<meta name=\"twitter:card\" content=\"summary_large_image\" \/>\n<meta name=\"twitter:label1\" content=\"Dur\u00e9e de lecture estim\u00e9e\" \/>\n\t<meta name=\"twitter:data1\" content=\"1 minute\" \/>\n<script type=\"application\/ld+json\" class=\"yoast-schema-graph\">{\"@context\":\"https:\/\/schema.org\",\"@graph\":[{\"@type\":\"WebPage\",\"@id\":\"https:\/\/amxim.com\/product\/non-refillable-vape-pod-devices-disposable-mini-e-cigarette-aluminum-tube-multi-flavors\/\",\"url\":\"https:\/\/amxim.com\/product\/non-refillable-vape-pod-devices-disposable-mini-e-cigarette-aluminum-tube-multi-flavors\/\",\"name\":\"Non Refillable Vape Pod Devices Disposable Mini E-Cigarette Aluminum Tube Multi-flavors\",\"isPartOf\":{\"@id\":\"https:\/\/amxim.com\/#website\"},\"primaryImageOfPage\":{\"@id\":\"https:\/\/amxim.com\/product\/non-refillable-vape-pod-devices-disposable-mini-e-cigarette-aluminum-tube-multi-flavors\/#primaryimage\"},\"image\":{\"@id\":\"https:\/\/amxim.com\/product\/non-refillable-vape-pod-devices-disposable-mini-e-cigarette-aluminum-tube-multi-flavors\/#primaryimage\"},\"thumbnailUrl\":\"https:\/\/amxim.com\/wp-content\/uploads\/2025\/03\/Non-Refillable-Vape-Pod-Devices-Disposable-Mini-E-Cigarette-Aluminum-Tube-Multi-flavors-1.webp\",\"datePublished\":\"2025-03-27T07:16:07+00:00\",\"dateModified\":\"2026-02-04T03:01:41+00:00\",\"description\":\"Non Refillable Vape Pod Devices Disposable Mini E-Cigarette Aluminum Tube Multi-flavors 5% Nicotine Salt Strength 1.8\u03a9 Mesh coil\",\"breadcrumb\":{\"@id\":\"https:\/\/amxim.com\/product\/non-refillable-vape-pod-devices-disposable-mini-e-cigarette-aluminum-tube-multi-flavors\/#breadcrumb\"},\"inLanguage\":\"fr-FR\",\"potentialAction\":[{\"@type\":\"ReadAction\",\"target\":[\"https:\/\/amxim.com\/product\/non-refillable-vape-pod-devices-disposable-mini-e-cigarette-aluminum-tube-multi-flavors\/\"]}]},{\"@type\":\"ImageObject\",\"inLanguage\":\"fr-FR\",\"@id\":\"https:\/\/amxim.com\/product\/non-refillable-vape-pod-devices-disposable-mini-e-cigarette-aluminum-tube-multi-flavors\/#primaryimage\",\"url\":\"https:\/\/amxim.com\/wp-content\/uploads\/2025\/03\/Non-Refillable-Vape-Pod-Devices-Disposable-Mini-E-Cigarette-Aluminum-Tube-Multi-flavors-1.webp\",\"contentUrl\":\"https:\/\/amxim.com\/wp-content\/uploads\/2025\/03\/Non-Refillable-Vape-Pod-Devices-Disposable-Mini-E-Cigarette-Aluminum-Tube-Multi-flavors-1.webp\",\"width\":1000,\"height\":1000,\"caption\":\"Non Refillable Vape Pod Devices Disposable Mini E-Cigarette Aluminum Tube Multi-flavors\"},{\"@type\":\"BreadcrumbList\",\"@id\":\"https:\/\/amxim.com\/product\/non-refillable-vape-pod-devices-disposable-mini-e-cigarette-aluminum-tube-multi-flavors\/#breadcrumb\",\"itemListElement\":[{\"@type\":\"ListItem\",\"position\":1,\"name\":\"Home\",\"item\":\"https:\/\/amxim.com\/en\/\"},{\"@type\":\"ListItem\",\"position\":2,\"name\":\"Products\",\"item\":\"https:\/\/amxim.com\/de\/products\/\"},{\"@type\":\"ListItem\",\"position\":3,\"name\":\"Non Refillable Vape Pod Devices Disposable Mini E-Cigarette Aluminum Tube Multi-flavors\"}]},{\"@type\":\"WebSite\",\"@id\":\"https:\/\/amxim.com\/#website\",\"url\":\"https:\/\/amxim.com\/\",\"name\":\"AMXIM\",\"description\":\"AMXIM-OEM ODM Vape Manufacturer\",\"publisher\":{\"@id\":\"https:\/\/amxim.com\/#organization\"},\"potentialAction\":[{\"@type\":\"SearchAction\",\"target\":{\"@type\":\"EntryPoint\",\"urlTemplate\":\"https:\/\/amxim.com\/?s={search_term_string}\"},\"query-input\":{\"@type\":\"PropertyValueSpecification\",\"valueRequired\":true,\"valueName\":\"search_term_string\"}}],\"inLanguage\":\"fr-FR\"},{\"@type\":\"Organization\",\"@id\":\"https:\/\/amxim.com\/#organization\",\"name\":\"AMXIM\",\"url\":\"https:\/\/amxim.com\/\",\"logo\":{\"@type\":\"ImageObject\",\"inLanguage\":\"fr-FR\",\"@id\":\"https:\/\/amxim.com\/#\/schema\/logo\/image\/\",\"url\":\"https:\/\/amxim.com\/wp-content\/uploads\/2025\/03\/cropped-AMXIM-fav.webp\",\"contentUrl\":\"https:\/\/amxim.com\/wp-content\/uploads\/2025\/03\/cropped-AMXIM-fav.webp\",\"width\":512,\"height\":512,\"caption\":\"AMXIM\"},\"image\":{\"@id\":\"https:\/\/amxim.com\/#\/schema\/logo\/image\/\"}}]}<\/script>\n<!-- \/ Yoast SEO plugin. -->","yoast_head_json":{"title":"Dispositifs de vapotage non rechargeables, mini-cigarettes \u00e9lectroniques jetables, tube en aluminium multi-saveurs","description":"Dispositifs de vapotage non rechargeables, mini-cigarette \u00e9lectronique jetable, tube en aluminium, multi-saveurs, 5%, concentration en sel de nicotine, bobine en maille de 1,8 \u03a9","robots":{"index":"index","follow":"follow","max-snippet":"max-snippet:-1","max-image-preview":"max-image-preview:large","max-video-preview":"max-video-preview:-1"},"canonical":"https:\/\/amxim.com\/fr\/product\/dispositifs-de-vapotage-non-rechargeables-mini-cigarette-electronique-jetable-tube-en-aluminium-multi-saveurs\/","og_locale":"fr_FR","og_type":"article","og_title":"Non Refillable Vape Pod Devices Disposable Mini E-Cigarette Aluminum Tube Multi-flavors","og_description":"Non Refillable Vape Pod Devices Disposable Mini E-Cigarette Aluminum Tube Multi-flavors 5% Nicotine Salt Strength 1.8\u03a9 Mesh coil","og_url":"https:\/\/amxim.com\/fr\/product\/dispositifs-de-vapotage-non-rechargeables-mini-cigarette-electronique-jetable-tube-en-aluminium-multi-saveurs\/","og_site_name":"AMXIM","article_modified_time":"2026-02-04T03:01:41+00:00","og_image":[{"width":1000,"height":1000,"url":"https:\/\/amxim.com\/wp-content\/uploads\/2025\/03\/Non-Refillable-Vape-Pod-Devices-Disposable-Mini-E-Cigarette-Aluminum-Tube-Multi-flavors-1.webp","type":"image\/webp"}],"twitter_card":"summary_large_image","twitter_misc":{"Dur\u00e9e de lecture estim\u00e9e":"1 minute"},"schema":{"@context":"https:\/\/schema.org","@graph":[{"@type":"WebPage","@id":"https:\/\/amxim.com\/product\/non-refillable-vape-pod-devices-disposable-mini-e-cigarette-aluminum-tube-multi-flavors\/","url":"https:\/\/amxim.com\/product\/non-refillable-vape-pod-devices-disposable-mini-e-cigarette-aluminum-tube-multi-flavors\/","name":"Dispositifs de vapotage non rechargeables, mini-cigarettes \u00e9lectroniques jetables, tube en aluminium multi-saveurs","isPartOf":{"@id":"https:\/\/amxim.com\/#website"},"primaryImageOfPage":{"@id":"https:\/\/amxim.com\/product\/non-refillable-vape-pod-devices-disposable-mini-e-cigarette-aluminum-tube-multi-flavors\/#primaryimage"},"image":{"@id":"https:\/\/amxim.com\/product\/non-refillable-vape-pod-devices-disposable-mini-e-cigarette-aluminum-tube-multi-flavors\/#primaryimage"},"thumbnailUrl":"https:\/\/amxim.com\/wp-content\/uploads\/2025\/03\/Non-Refillable-Vape-Pod-Devices-Disposable-Mini-E-Cigarette-Aluminum-Tube-Multi-flavors-1.webp","datePublished":"2025-03-27T07:16:07+00:00","dateModified":"2026-02-04T03:01:41+00:00","description":"Dispositifs de vapotage non rechargeables, mini-cigarette \u00e9lectronique jetable, tube en aluminium, multi-saveurs, 5%, concentration en sel de nicotine, bobine en maille de 1,8 \u03a9","breadcrumb":{"@id":"https:\/\/amxim.com\/product\/non-refillable-vape-pod-devices-disposable-mini-e-cigarette-aluminum-tube-multi-flavors\/#breadcrumb"},"inLanguage":"fr-FR","potentialAction":[{"@type":"ReadAction","target":["https:\/\/amxim.com\/product\/non-refillable-vape-pod-devices-disposable-mini-e-cigarette-aluminum-tube-multi-flavors\/"]}]},{"@type":"ImageObject","inLanguage":"fr-FR","@id":"https:\/\/amxim.com\/product\/non-refillable-vape-pod-devices-disposable-mini-e-cigarette-aluminum-tube-multi-flavors\/#primaryimage","url":"https:\/\/amxim.com\/wp-content\/uploads\/2025\/03\/Non-Refillable-Vape-Pod-Devices-Disposable-Mini-E-Cigarette-Aluminum-Tube-Multi-flavors-1.webp","contentUrl":"https:\/\/amxim.com\/wp-content\/uploads\/2025\/03\/Non-Refillable-Vape-Pod-Devices-Disposable-Mini-E-Cigarette-Aluminum-Tube-Multi-flavors-1.webp","width":1000,"height":1000,"caption":"Non Refillable Vape Pod Devices Disposable Mini E-Cigarette Aluminum Tube Multi-flavors"},{"@type":"BreadcrumbList","@id":"https:\/\/amxim.com\/product\/non-refillable-vape-pod-devices-disposable-mini-e-cigarette-aluminum-tube-multi-flavors\/#breadcrumb","itemListElement":[{"@type":"ListItem","position":1,"name":"Home","item":"https:\/\/amxim.com\/en\/"},{"@type":"ListItem","position":2,"name":"Products","item":"https:\/\/amxim.com\/de\/products\/"},{"@type":"ListItem","position":3,"name":"Non Refillable Vape Pod Devices Disposable Mini E-Cigarette Aluminum Tube Multi-flavors"}]},{"@type":"WebSite","@id":"https:\/\/amxim.com\/#website","url":"https:\/\/amxim.com\/","name":"AMXIM","description":"Fabricant de vapoteuses AMXIM-OEM ODM","publisher":{"@id":"https:\/\/amxim.com\/#organization"},"potentialAction":[{"@type":"SearchAction","target":{"@type":"EntryPoint","urlTemplate":"https:\/\/amxim.com\/?s={search_term_string}"},"query-input":{"@type":"PropertyValueSpecification","valueRequired":true,"valueName":"search_term_string"}}],"inLanguage":"fr-FR"},{"@type":"Organization","@id":"https:\/\/amxim.com\/#organization","name":"AMXIM","url":"https:\/\/amxim.com\/","logo":{"@type":"ImageObject","inLanguage":"fr-FR","@id":"https:\/\/amxim.com\/#\/schema\/logo\/image\/","url":"https:\/\/amxim.com\/wp-content\/uploads\/2025\/03\/cropped-AMXIM-fav.webp","contentUrl":"https:\/\/amxim.com\/wp-content\/uploads\/2025\/03\/cropped-AMXIM-fav.webp","width":512,"height":512,"caption":"AMXIM"},"image":{"@id":"https:\/\/amxim.com\/#\/schema\/logo\/image\/"}}]}},"_links":{"self":[{"href":"https:\/\/amxim.com\/fr\/wp-json\/wp\/v2\/product\/10637","targetHints":{"allow":["GET"]}}],"collection":[{"href":"https:\/\/amxim.com\/fr\/wp-json\/wp\/v2\/product"}],"about":[{"href":"https:\/\/amxim.com\/fr\/wp-json\/wp\/v2\/types\/product"}],"replies":[{"embeddable":true,"href":"https:\/\/amxim.com\/fr\/wp-json\/wp\/v2\/comments?post=10637"}],"version-history":[{"count":9,"href":"https:\/\/amxim.com\/fr\/wp-json\/wp\/v2\/product\/10637\/revisions"}],"predecessor-version":[{"id":13523,"href":"https:\/\/amxim.com\/fr\/wp-json\/wp\/v2\/product\/10637\/revisions\/13523"}],"wp:featuredmedia":[{"embeddable":true,"href":"https:\/\/amxim.com\/fr\/wp-json\/wp\/v2\/media\/10640"}],"wp:attachment":[{"href":"https:\/\/amxim.com\/fr\/wp-json\/wp\/v2\/media?parent=10637"}],"wp:term":[{"taxonomy":"product_brand","embeddable":true,"href":"https:\/\/amxim.com\/fr\/wp-json\/wp\/v2\/product_brand?post=10637"},{"taxonomy":"product_cat","embeddable":true,"href":"https:\/\/amxim.com\/fr\/wp-json\/wp\/v2\/product_cat?post=10637"},{"taxonomy":"product_tag","embeddable":true,"href":"https:\/\/amxim.com\/fr\/wp-json\/wp\/v2\/product_tag?post=10637"}],"curies":[{"name":"wp","href":"https:\/\/api.w.org\/{rel}","templated":true}]}}