{"id":11348,"date":"2025-04-18T02:04:19","date_gmt":"2025-04-18T02:04:19","guid":{"rendered":"https:\/\/amxim.com\/?post_type=product&#038;p=11348"},"modified":"2026-02-04T02:29:11","modified_gmt":"2026-02-04T02:29:11","slug":"embout-buccal-en-cristal-7-ml-1500-bouffees-vape-jetable-batterie-850-mah","status":"publish","type":"product","link":"https:\/\/amxim.com\/fr\/product\/embout-buccal-en-cristal-7-ml-1500-bouffees-vape-jetable-batterie-850-mah\/","title":{"rendered":"Embout buccal en cristal 7,0 ml 1500 bouff\u00e9es Vape jetable Batterie 850 mAh"},"content":{"rendered":"<div class=\"product-description\">\n<h2 style=\"text-align: left;\">Embout buccal en cristal 7,0 ml 1500 bouff\u00e9es Vape jetable Batterie 850 mAh<\/h2>\n<p style=\"text-align: left;\">  Featuring a crystal mouthpiece, this 7ml disposable vape delivers up to 1500 puffs of smooth, flavorful vapor. Equipped with a 1.2\u03a9 mesh coil and 6ml prefilled e-liquid, it supports up to 50 flavors for a versatile vaping experience. Powered by an 850mAh rechargeable battery, this disposable vape ensures reliable performance and long-lasting use. Manufactured by a professional vape factory for OEM\/ODM services, it is designed for private-label brands, distributors, and scalable custom vape production.    <\/p>\n<h3 style=\"text-align: left;\">Caract\u00e9ristiques principales<\/h3>\n<ul>\n<li style=\"text-align: left;\">Embouchure en cristal, classique, brillante et transparente, aspect vernis au four.<\/li>\n<li style=\"text-align: left;\">Taille classique et conception portable, r\u00e9pondent \u00e0 la demande de vapotage \u00e0 tout moment et en tout lieu.<\/li>\n<li style=\"text-align: left;\">Technologie d&#039;atomisation de base : bobine TC MESH pr\u00e9cise + coton biologique en microfibre naturelle, faites en sorte que chaque bouff\u00e9e compte.<\/li>\n<li style=\"text-align: left;\">Contr\u00f4le de la puce de base, sortie RMS, syst\u00e8me de contr\u00f4le \u00e9lectrothermique optimal.<\/li>\n<li style=\"text-align: left;\">Nombreuses s\u00e9lections de saveurs et go\u00fbt d\u00e9licat, vapeur pleine et ar\u00f4me riche.<\/li>\n<li style=\"text-align: left;\">Frappe en gorge douce et confortable, aucune att\u00e9nuation de la saveur.<\/li>\n<\/ul>\n<p>&nbsp;<\/p>\n<h3>Galerie de produits<\/h3>\n<p><img decoding=\"async\" style=\"width: 100%; margin: 0 auto;\" src=\"https:\/\/amxim.com\/wp-content\/uploads\/2025\/04\/Crystal-Mouthpiece-7.0ml-1500-Puffs-Disposable-Vape-850mAh-Battery-1.webp\" alt=\"Embout buccal en cristal 7,0 ml 1500 bouff\u00e9es Vape jetable Batterie 850 mAh\" \/><br \/>\n<img decoding=\"async\" style=\"width: 100%; margin: 0 auto;\" src=\"https:\/\/amxim.com\/wp-content\/uploads\/2025\/04\/Crystal-Mouthpiece-7.0ml-1500-Puffs-Disposable-Vape-850mAh-Battery-2.webp\" alt=\"Embout buccal en cristal 7,0 ml 1500 bouff\u00e9es Vape jetable Batterie 850 mAh\" \/><br \/>\n<img decoding=\"async\" style=\"width: 100%; margin: 0 auto;\" src=\"https:\/\/amxim.com\/wp-content\/uploads\/2025\/04\/Crystal-Mouthpiece-7.0ml-1500-Puffs-Disposable-Vape-850mAh-Battery-3.webp\" alt=\"Embout buccal en cristal 7,0 ml 1500 bouff\u00e9es Vape jetable Batterie 850 mAh\" \/><br \/>\n<img decoding=\"async\" style=\"width: 100%; margin: 0 auto;\" src=\"https:\/\/amxim.com\/wp-content\/uploads\/2025\/04\/Crystal-Mouthpiece-7.0ml-1500-Puffs-Disposable-Vape-850mAh-Battery-4.webp\" alt=\"Embout buccal en cristal 7,0 ml 1500 bouff\u00e9es Vape jetable Batterie 850 mAh\" \/><br \/>\n<img decoding=\"async\" style=\"width: 100%; margin: 0 auto;\" src=\"https:\/\/amxim.com\/wp-content\/uploads\/2025\/04\/Crystal-Mouthpiece-7.0ml-1500-Puffs-Disposable-Vape-850mAh-Battery-5.webp\" alt=\"Embout buccal en cristal 7,0 ml 1500 bouff\u00e9es Vape jetable Batterie 850 mAh\" \/><br \/>\n<img decoding=\"async\" style=\"width: 100%; margin: 0 auto;\" src=\"https:\/\/amxim.com\/wp-content\/uploads\/2025\/04\/Crystal-Mouthpiece-7.0ml-1500-Puffs-Disposable-Vape-850mAh-Battery-6.webp\" alt=\"Embout buccal en cristal 7,0 ml 1500 bouff\u00e9es Vape jetable Batterie 850 mAh\" \/><br \/>\n<img decoding=\"async\" style=\"width: 100%; margin: 0 auto;\" src=\"https:\/\/amxim.com\/wp-content\/uploads\/2025\/04\/Crystal-Mouthpiece-7.0ml-1500-Puffs-Disposable-Vape-850mAh-Battery-7.webp\" alt=\"Embout buccal en cristal 7,0 ml 1500 bouff\u00e9es Vape jetable Batterie 850 mAh\" \/><br \/>\n<img decoding=\"async\" style=\"width: 100%; margin: 0 auto;\" src=\"https:\/\/amxim.com\/wp-content\/uploads\/2025\/04\/Crystal-Mouthpiece-7.0ml-1500-Puffs-Disposable-Vape-850mAh-Battery-8.webp\" alt=\"Embout buccal en cristal 7,0 ml 1500 bouff\u00e9es Vape jetable Batterie 850 mAh\" \/><\/p>\n<\/div>\n<style>\n.product-description {\n    font-family: Arial, sans-serif;\n    max-width: 1400px;\n    margin: 0 auto;\n    padding: 20px;\n    background: #fff;\n    border-radius: 10px;\n    box-shadow: 0 4px 8px rgba(0, 0, 0, 0.1);\n    padding: 20px;\n    padding-bottom: 20px;\n}\n<\/style>","protected":false},"excerpt":{"rendered":"<h3>Sp\u00e9cifications du produit<\/h3>\n<table>\n<tbody>\n<tr>\n<th style=\"text-align: left;\">Type de produit<\/th>\n<td style=\"text-align: left;\">Vape jetable rechargeable<\/td>\n<\/tr>\n<tr>\n<th style=\"text-align: left;\">Options de couleur<\/th>\n<td style=\"text-align: left;\">Affich\u00e9 ou personnalis\u00e9<\/td>\n<\/tr>\n<tr>\n<th style=\"text-align: left;\">Taille<\/th>\n<td style=\"text-align: left;\">20 x 112,5 (mm)<\/td>\n<\/tr>\n<tr>\n<th style=\"text-align: left;\">Saveur<\/th>\n<td style=\"text-align: left;\">Jusqu&#039;\u00e0 50 saveurs<\/td>\n<\/tr>\n<tr>\n<th style=\"text-align: left;\">serpentin de chauffage<\/th>\n<td style=\"text-align: left;\">Bobine maill\u00e9e de 1,2 \u03a9<\/td>\n<\/tr>\n<tr>\n<th style=\"text-align: left;\">E-liquide pr\u00e9-rempli<\/th>\n<td style=\"text-align: left;\">6,0 ML<\/td>\n<\/tr>\n<tr>\n<th style=\"text-align: left;\">Bouff\u00e9e<\/th>\n<td style=\"text-align: left;\">Jusqu&#039;\u00e0 1500 bouff\u00e9es<\/td>\n<\/tr>\n<tr>\n<th style=\"text-align: left;\">Batterie<\/th>\n<td style=\"text-align: left;\">Batterie rechargeable de 850 mAh<\/td>\n<\/tr>\n<\/tbody>\n<\/table>","protected":false},"featured_media":11361,"comment_status":"closed","ping_status":"closed","template":"","meta":[],"product_brand":[],"product_cat":[54,47],"product_tag":[],"class_list":{"0":"post-11348","1":"product","2":"type-product","3":"status-publish","4":"has-post-thumbnail","6":"product_cat-chargeable-disposable-vapes","7":"product_cat-disposable-vapes","9":"first","10":"instock","11":"featured","12":"shipping-taxable","13":"product-type-simple"},"yoast_head":"<!-- This site is optimized with the Yoast SEO plugin v26.9 - https:\/\/yoast.com\/product\/yoast-seo-wordpress\/ -->\n<title>Crystal Mouthpiece 7.0ml 1500 Puffs Disposable Vape 850mAh Battery<\/title>\n<meta name=\"description\" content=\"Crystal Mouthpiece 7.0ml 1500 Puffs Disposable Vape 850mAh Battery Rechargeable disposable Vape Up to 50 flavors Displayed or Customized\" \/>\n<meta name=\"robots\" content=\"index, follow, max-snippet:-1, max-image-preview:large, max-video-preview:-1\" \/>\n<link rel=\"canonical\" href=\"https:\/\/amxim.com\/fr\/product\/embout-buccal-en-cristal-7-ml-1500-bouffees-vape-jetable-batterie-850-mah\/\" \/>\n<meta property=\"og:locale\" content=\"fr_FR\" \/>\n<meta property=\"og:type\" content=\"article\" \/>\n<meta property=\"og:title\" content=\"Crystal Mouthpiece 7.0ml 1500 Puffs Disposable Vape 850mAh Battery\" \/>\n<meta property=\"og:description\" content=\"Crystal Mouthpiece 7.0ml 1500 Puffs Disposable Vape 850mAh Battery Rechargeable disposable Vape Up to 50 flavors Displayed or Customized\" \/>\n<meta property=\"og:url\" content=\"https:\/\/amxim.com\/fr\/product\/embout-buccal-en-cristal-7-ml-1500-bouffees-vape-jetable-batterie-850-mah\/\" \/>\n<meta property=\"og:site_name\" content=\"AMXIM\" \/>\n<meta property=\"article:modified_time\" content=\"2026-02-04T02:29:11+00:00\" \/>\n<meta property=\"og:image\" content=\"https:\/\/amxim.com\/wp-content\/uploads\/2025\/04\/Crystal-Mouthpiece-7.0ml-1500-Puffs-Disposable-Vape-850mAh-Battery-13.webp\" \/>\n\t<meta property=\"og:image:width\" content=\"1000\" \/>\n\t<meta property=\"og:image:height\" content=\"1000\" \/>\n\t<meta property=\"og:image:type\" content=\"image\/webp\" \/>\n<meta name=\"twitter:card\" content=\"summary_large_image\" \/>\n<meta name=\"twitter:label1\" content=\"Dur\u00e9e de lecture estim\u00e9e\" \/>\n\t<meta name=\"twitter:data1\" content=\"3 minutes\" \/>\n<script type=\"application\/ld+json\" class=\"yoast-schema-graph\">{\"@context\":\"https:\/\/schema.org\",\"@graph\":[{\"@type\":\"WebPage\",\"@id\":\"https:\/\/amxim.com\/product\/crystal-mouthpiece-7-0ml-1500-puffs-disposable-vape-850mah-battery\/\",\"url\":\"https:\/\/amxim.com\/product\/crystal-mouthpiece-7-0ml-1500-puffs-disposable-vape-850mah-battery\/\",\"name\":\"Crystal Mouthpiece 7.0ml 1500 Puffs Disposable Vape 850mAh Battery\",\"isPartOf\":{\"@id\":\"https:\/\/amxim.com\/#website\"},\"primaryImageOfPage\":{\"@id\":\"https:\/\/amxim.com\/product\/crystal-mouthpiece-7-0ml-1500-puffs-disposable-vape-850mah-battery\/#primaryimage\"},\"image\":{\"@id\":\"https:\/\/amxim.com\/product\/crystal-mouthpiece-7-0ml-1500-puffs-disposable-vape-850mah-battery\/#primaryimage\"},\"thumbnailUrl\":\"https:\/\/amxim.com\/wp-content\/uploads\/2025\/04\/Crystal-Mouthpiece-7.0ml-1500-Puffs-Disposable-Vape-850mAh-Battery-13.webp\",\"datePublished\":\"2025-04-18T02:04:19+00:00\",\"dateModified\":\"2026-02-04T02:29:11+00:00\",\"description\":\"Crystal Mouthpiece 7.0ml 1500 Puffs Disposable Vape 850mAh Battery Rechargeable disposable Vape Up to 50 flavors Displayed or Customized\",\"breadcrumb\":{\"@id\":\"https:\/\/amxim.com\/product\/crystal-mouthpiece-7-0ml-1500-puffs-disposable-vape-850mah-battery\/#breadcrumb\"},\"inLanguage\":\"fr-FR\",\"potentialAction\":[{\"@type\":\"ReadAction\",\"target\":[\"https:\/\/amxim.com\/product\/crystal-mouthpiece-7-0ml-1500-puffs-disposable-vape-850mah-battery\/\"]}]},{\"@type\":\"ImageObject\",\"inLanguage\":\"fr-FR\",\"@id\":\"https:\/\/amxim.com\/product\/crystal-mouthpiece-7-0ml-1500-puffs-disposable-vape-850mah-battery\/#primaryimage\",\"url\":\"https:\/\/amxim.com\/wp-content\/uploads\/2025\/04\/Crystal-Mouthpiece-7.0ml-1500-Puffs-Disposable-Vape-850mAh-Battery-13.webp\",\"contentUrl\":\"https:\/\/amxim.com\/wp-content\/uploads\/2025\/04\/Crystal-Mouthpiece-7.0ml-1500-Puffs-Disposable-Vape-850mAh-Battery-13.webp\",\"width\":1000,\"height\":1000,\"caption\":\"Crystal Mouthpiece 7.0ml 1500 Puffs Disposable Vape 850mAh Battery\"},{\"@type\":\"BreadcrumbList\",\"@id\":\"https:\/\/amxim.com\/product\/crystal-mouthpiece-7-0ml-1500-puffs-disposable-vape-850mah-battery\/#breadcrumb\",\"itemListElement\":[{\"@type\":\"ListItem\",\"position\":1,\"name\":\"Home\",\"item\":\"https:\/\/amxim.com\/en\/\"},{\"@type\":\"ListItem\",\"position\":2,\"name\":\"Products\",\"item\":\"https:\/\/amxim.com\/de\/products\/\"},{\"@type\":\"ListItem\",\"position\":3,\"name\":\"Crystal Mouthpiece 7.0ml 1500 Puffs Disposable Vape 850mAh Battery\"}]},{\"@type\":\"WebSite\",\"@id\":\"https:\/\/amxim.com\/#website\",\"url\":\"https:\/\/amxim.com\/\",\"name\":\"AMXIM\",\"description\":\"AMXIM-OEM ODM Vape Manufacturer\",\"publisher\":{\"@id\":\"https:\/\/amxim.com\/#organization\"},\"potentialAction\":[{\"@type\":\"SearchAction\",\"target\":{\"@type\":\"EntryPoint\",\"urlTemplate\":\"https:\/\/amxim.com\/?s={search_term_string}\"},\"query-input\":{\"@type\":\"PropertyValueSpecification\",\"valueRequired\":true,\"valueName\":\"search_term_string\"}}],\"inLanguage\":\"fr-FR\"},{\"@type\":\"Organization\",\"@id\":\"https:\/\/amxim.com\/#organization\",\"name\":\"AMXIM\",\"url\":\"https:\/\/amxim.com\/\",\"logo\":{\"@type\":\"ImageObject\",\"inLanguage\":\"fr-FR\",\"@id\":\"https:\/\/amxim.com\/#\/schema\/logo\/image\/\",\"url\":\"https:\/\/amxim.com\/wp-content\/uploads\/2025\/03\/cropped-AMXIM-fav.webp\",\"contentUrl\":\"https:\/\/amxim.com\/wp-content\/uploads\/2025\/03\/cropped-AMXIM-fav.webp\",\"width\":512,\"height\":512,\"caption\":\"AMXIM\"},\"image\":{\"@id\":\"https:\/\/amxim.com\/#\/schema\/logo\/image\/\"}}]}<\/script>\n<!-- \/ Yoast SEO plugin. -->","yoast_head_json":{"title":"Embout buccal en cristal 7,0 ml 1500 bouff\u00e9es Vape jetable Batterie 850 mAh","description":"Embout buccal en cristal 7,0 ml 1500 bouff\u00e9es Vape jetable Batterie 850 mAh Vape jetable rechargeable Jusqu&#039;\u00e0 50 saveurs affich\u00e9es ou personnalis\u00e9es","robots":{"index":"index","follow":"follow","max-snippet":"max-snippet:-1","max-image-preview":"max-image-preview:large","max-video-preview":"max-video-preview:-1"},"canonical":"https:\/\/amxim.com\/fr\/product\/embout-buccal-en-cristal-7-ml-1500-bouffees-vape-jetable-batterie-850-mah\/","og_locale":"fr_FR","og_type":"article","og_title":"Crystal Mouthpiece 7.0ml 1500 Puffs Disposable Vape 850mAh Battery","og_description":"Crystal Mouthpiece 7.0ml 1500 Puffs Disposable Vape 850mAh Battery Rechargeable disposable Vape Up to 50 flavors Displayed or Customized","og_url":"https:\/\/amxim.com\/fr\/product\/embout-buccal-en-cristal-7-ml-1500-bouffees-vape-jetable-batterie-850-mah\/","og_site_name":"AMXIM","article_modified_time":"2026-02-04T02:29:11+00:00","og_image":[{"width":1000,"height":1000,"url":"https:\/\/amxim.com\/wp-content\/uploads\/2025\/04\/Crystal-Mouthpiece-7.0ml-1500-Puffs-Disposable-Vape-850mAh-Battery-13.webp","type":"image\/webp"}],"twitter_card":"summary_large_image","twitter_misc":{"Dur\u00e9e de lecture estim\u00e9e":"3 minutes"},"schema":{"@context":"https:\/\/schema.org","@graph":[{"@type":"WebPage","@id":"https:\/\/amxim.com\/product\/crystal-mouthpiece-7-0ml-1500-puffs-disposable-vape-850mah-battery\/","url":"https:\/\/amxim.com\/product\/crystal-mouthpiece-7-0ml-1500-puffs-disposable-vape-850mah-battery\/","name":"Embout buccal en cristal 7,0 ml 1500 bouff\u00e9es Vape jetable Batterie 850 mAh","isPartOf":{"@id":"https:\/\/amxim.com\/#website"},"primaryImageOfPage":{"@id":"https:\/\/amxim.com\/product\/crystal-mouthpiece-7-0ml-1500-puffs-disposable-vape-850mah-battery\/#primaryimage"},"image":{"@id":"https:\/\/amxim.com\/product\/crystal-mouthpiece-7-0ml-1500-puffs-disposable-vape-850mah-battery\/#primaryimage"},"thumbnailUrl":"https:\/\/amxim.com\/wp-content\/uploads\/2025\/04\/Crystal-Mouthpiece-7.0ml-1500-Puffs-Disposable-Vape-850mAh-Battery-13.webp","datePublished":"2025-04-18T02:04:19+00:00","dateModified":"2026-02-04T02:29:11+00:00","description":"Embout buccal en cristal 7,0 ml 1500 bouff\u00e9es Vape jetable Batterie 850 mAh Vape jetable rechargeable Jusqu&#039;\u00e0 50 saveurs affich\u00e9es ou personnalis\u00e9es","breadcrumb":{"@id":"https:\/\/amxim.com\/product\/crystal-mouthpiece-7-0ml-1500-puffs-disposable-vape-850mah-battery\/#breadcrumb"},"inLanguage":"fr-FR","potentialAction":[{"@type":"ReadAction","target":["https:\/\/amxim.com\/product\/crystal-mouthpiece-7-0ml-1500-puffs-disposable-vape-850mah-battery\/"]}]},{"@type":"ImageObject","inLanguage":"fr-FR","@id":"https:\/\/amxim.com\/product\/crystal-mouthpiece-7-0ml-1500-puffs-disposable-vape-850mah-battery\/#primaryimage","url":"https:\/\/amxim.com\/wp-content\/uploads\/2025\/04\/Crystal-Mouthpiece-7.0ml-1500-Puffs-Disposable-Vape-850mAh-Battery-13.webp","contentUrl":"https:\/\/amxim.com\/wp-content\/uploads\/2025\/04\/Crystal-Mouthpiece-7.0ml-1500-Puffs-Disposable-Vape-850mAh-Battery-13.webp","width":1000,"height":1000,"caption":"Crystal Mouthpiece 7.0ml 1500 Puffs Disposable Vape 850mAh Battery"},{"@type":"BreadcrumbList","@id":"https:\/\/amxim.com\/product\/crystal-mouthpiece-7-0ml-1500-puffs-disposable-vape-850mah-battery\/#breadcrumb","itemListElement":[{"@type":"ListItem","position":1,"name":"Home","item":"https:\/\/amxim.com\/en\/"},{"@type":"ListItem","position":2,"name":"Products","item":"https:\/\/amxim.com\/de\/products\/"},{"@type":"ListItem","position":3,"name":"Crystal Mouthpiece 7.0ml 1500 Puffs Disposable Vape 850mAh Battery"}]},{"@type":"WebSite","@id":"https:\/\/amxim.com\/#website","url":"https:\/\/amxim.com\/","name":"AMXIM","description":"Fabricant de vapoteuses AMXIM-OEM ODM","publisher":{"@id":"https:\/\/amxim.com\/#organization"},"potentialAction":[{"@type":"SearchAction","target":{"@type":"EntryPoint","urlTemplate":"https:\/\/amxim.com\/?s={search_term_string}"},"query-input":{"@type":"PropertyValueSpecification","valueRequired":true,"valueName":"search_term_string"}}],"inLanguage":"fr-FR"},{"@type":"Organization","@id":"https:\/\/amxim.com\/#organization","name":"AMXIM","url":"https:\/\/amxim.com\/","logo":{"@type":"ImageObject","inLanguage":"fr-FR","@id":"https:\/\/amxim.com\/#\/schema\/logo\/image\/","url":"https:\/\/amxim.com\/wp-content\/uploads\/2025\/03\/cropped-AMXIM-fav.webp","contentUrl":"https:\/\/amxim.com\/wp-content\/uploads\/2025\/03\/cropped-AMXIM-fav.webp","width":512,"height":512,"caption":"AMXIM"},"image":{"@id":"https:\/\/amxim.com\/#\/schema\/logo\/image\/"}}]}},"_links":{"self":[{"href":"https:\/\/amxim.com\/fr\/wp-json\/wp\/v2\/product\/11348","targetHints":{"allow":["GET"]}}],"collection":[{"href":"https:\/\/amxim.com\/fr\/wp-json\/wp\/v2\/product"}],"about":[{"href":"https:\/\/amxim.com\/fr\/wp-json\/wp\/v2\/types\/product"}],"replies":[{"embeddable":true,"href":"https:\/\/amxim.com\/fr\/wp-json\/wp\/v2\/comments?post=11348"}],"version-history":[{"count":6,"href":"https:\/\/amxim.com\/fr\/wp-json\/wp\/v2\/product\/11348\/revisions"}],"predecessor-version":[{"id":13489,"href":"https:\/\/amxim.com\/fr\/wp-json\/wp\/v2\/product\/11348\/revisions\/13489"}],"wp:featuredmedia":[{"embeddable":true,"href":"https:\/\/amxim.com\/fr\/wp-json\/wp\/v2\/media\/11361"}],"wp:attachment":[{"href":"https:\/\/amxim.com\/fr\/wp-json\/wp\/v2\/media?parent=11348"}],"wp:term":[{"taxonomy":"product_brand","embeddable":true,"href":"https:\/\/amxim.com\/fr\/wp-json\/wp\/v2\/product_brand?post=11348"},{"taxonomy":"product_cat","embeddable":true,"href":"https:\/\/amxim.com\/fr\/wp-json\/wp\/v2\/product_cat?post=11348"},{"taxonomy":"product_tag","embeddable":true,"href":"https:\/\/amxim.com\/fr\/wp-json\/wp\/v2\/product_tag?post=11348"}],"curies":[{"name":"wp","href":"https:\/\/api.w.org\/{rel}","templated":true}]}}