{"id":11415,"date":"2025-04-18T06:13:11","date_gmt":"2025-04-18T06:13:11","guid":{"rendered":"https:\/\/amxim.com\/?post_type=product&#038;p=11415"},"modified":"2026-02-04T02:15:41","modified_gmt":"2026-02-04T02:15:41","slug":"vape-compacte-850-mah-e-liquide-12-ml-bobine-en-maille-05-%cf%89-flux-dair-reglable-chargement-de-type-c","status":"publish","type":"product","link":"https:\/\/amxim.com\/fr\/product\/vape-compacte-850-mah-e-liquide-12-ml-bobine-en-maille-05-%cf%89-flux-dair-reglable-chargement-de-type-c\/","title":{"rendered":"Vape compacte 850 mAh, e-liquide 12 ml, r\u00e9sistance mesh 0,5 \u03a9, flux d&#039;air r\u00e9glable, chargement Type-C"},"content":{"rendered":"<div class=\"product-description\">\n<h2 style=\"text-align: left;\">Vape compacte 850 mAh, e-liquide 12 ml, r\u00e9sistance mesh 0,5 \u03a9, flux d&#039;air r\u00e9glable, chargement Type-C<\/h2>\n<p style=\"text-align: left;\"> This compact 12ml disposable vape is manufactured by a professional vape factory for OEM\/ODM customization and bulk wholesale. Equipped with a 0.5\u03a9 mesh coil and mesh-core vaping structure, it delivers smooth MTL and DL vaping with adjustable airflow for a personalized experience. Powered by an 850mAh rechargeable battery with Type-C fast charging and a stable 22W\u201325W output, it ensures consistent performance and flavorful vapor. Available in up to 50 flavors and customizable color options, this disposable vape is designed for brands seeking private-label solutions and scalable custom vape production.     <\/p>\n<h3 style=\"text-align: left;\">Caract\u00e9ristiques principales<\/h3>\n<ul>\n<li style=\"text-align: left;\">Petite taille mais \u00e9nergie \u00e9norme qui a \u00e9clat\u00e9 comme un volcan, une \u00e9norme vapeur comme les effets d&#039;un obus de fum\u00e9e.<\/li>\n<li style=\"text-align: left;\">Contr\u00f4le de la puce de base, sortie RMS, syst\u00e8me de contr\u00f4le \u00e9lectrothermique optimal.<\/li>\n<li style=\"text-align: left;\">Aucun ensemble de flux d&#039;air r\u00e9glable, r\u00e9pond \u00e0 la demande de vapotage de chacun.<\/li>\n<li style=\"text-align: left;\">Conception de protection contre les br\u00fblures \u00e0 sec, aucun risque de go\u00fbt de br\u00fblure.<\/li>\n<li style=\"text-align: left;\">Nombreuses s\u00e9lections de saveurs et go\u00fbt d\u00e9licat, vapeur pleine et ar\u00f4me riche.<\/li>\n<\/ul>\n<p>&nbsp;<\/p>\n<h3>Galerie de produits<\/h3>\n<p><img decoding=\"async\" style=\"width: 100%; margin: 0 auto;\" src=\"https:\/\/amxim.com\/wp-content\/uploads\/2025\/04\/Compact-850mAh-Vape-12ml-E-Liquid-0.5%CE%A9-Mesh-Coil-Adjustable-Airflow-Type-C-Charging-5\" alt=\"Vape compacte 850 mAh, e-liquide 12 ml, r\u00e9sistance mesh 0,5 \u03a9, flux d&#039;air r\u00e9glable, chargement Type-C\" \/><br \/>\n<img decoding=\"async\" style=\"width: 100%; margin: 0 auto;\" src=\"https:\/\/amxim.com\/wp-content\/uploads\/2025\/04\/Compact-850mAh-Vape-12ml-E-Liquid-0.5%CE%A9-Mesh-Coil-Adjustable-Airflow-Type-C-Charging-6\" alt=\"Vape compacte 850 mAh, e-liquide 12 ml, r\u00e9sistance mesh 0,5 \u03a9, flux d&#039;air r\u00e9glable, chargement Type-C\" \/><br \/>\n<img decoding=\"async\" style=\"width: 100%; margin: 0 auto;\" src=\"https:\/\/amxim.com\/wp-content\/uploads\/2025\/04\/Compact-850mAh-Vape-12ml-E-Liquid-0.5%CE%A9-Mesh-Coil-Adjustable-Airflow-Type-C-Charging-7\" alt=\"Vape compacte 850 mAh, e-liquide 12 ml, r\u00e9sistance mesh 0,5 \u03a9, flux d&#039;air r\u00e9glable, chargement Type-C\" \/><br \/>\n<img decoding=\"async\" style=\"width: 100%; margin: 0 auto;\" src=\"https:\/\/amxim.com\/wp-content\/uploads\/2025\/04\/Compact-850mAh-Vape-12ml-E-Liquid-0.5%CE%A9-Mesh-Coil-Adjustable-Airflow-Type-C-Charging-8\" alt=\"Vape compacte 850 mAh, e-liquide 12 ml, r\u00e9sistance mesh 0,5 \u03a9, flux d&#039;air r\u00e9glable, chargement Type-C\" \/><br \/>\n<img decoding=\"async\" style=\"width: 100%; margin: 0 auto;\" src=\"https:\/\/amxim.com\/wp-content\/uploads\/2025\/04\/Compact-850mAh-Vape-12ml-E-Liquid-0.5%CE%A9-Mesh-Coil-Adjustable-Airflow-Type-C-Charging-9\" alt=\"Vape compacte 850 mAh, e-liquide 12 ml, r\u00e9sistance mesh 0,5 \u03a9, flux d&#039;air r\u00e9glable, chargement Type-C\" \/><br \/>\n<img decoding=\"async\" style=\"width: 100%; margin: 0 auto;\" src=\"https:\/\/amxim.com\/wp-content\/uploads\/2025\/04\/Compact-850mAh-Vape-12ml-E-Liquid-0.5%CE%A9-Mesh-Coil-Adjustable-Airflow-Type-C-Charging-10\" alt=\"Vape compacte 850 mAh, e-liquide 12 ml, r\u00e9sistance mesh 0,5 \u03a9, flux d&#039;air r\u00e9glable, chargement Type-C\" \/><\/p>\n<\/div>\n<style>\n.product-description {\n    font-family: Arial, sans-serif;\n    max-width: 1400px;\n    margin: 0 auto;\n    padding: 20px;\n    background: #fff;\n    border-radius: 10px;\n    box-shadow: 0 4px 8px rgba(0, 0, 0, 0.1);\n    padding: 20px;\n    padding-bottom: 20px;\n}\n<\/style>","protected":false},"excerpt":{"rendered":"<h3>Sp\u00e9cifications du produit<\/h3>\n<table>\n<tbody>\n<tr>\n<th style=\"text-align: left;\">Type de produit<\/th>\n<td style=\"text-align: left;\">Vape jetable rechargeable<\/td>\n<\/tr>\n<tr>\n<th style=\"text-align: left;\">Options de couleur<\/th>\n<td style=\"text-align: left;\">Affich\u00e9 ou personnalis\u00e9<\/td>\n<\/tr>\n<tr>\n<th style=\"text-align: left;\">Taille<\/th>\n<td style=\"text-align: left;\">32 x 110 (mm)<\/td>\n<\/tr>\n<tr>\n<th style=\"text-align: left;\">Saveur<\/th>\n<td style=\"text-align: left;\">Jusqu&#039;\u00e0 50 saveurs<\/td>\n<\/tr>\n<tr>\n<th style=\"text-align: left;\">serpentin de chauffage<\/th>\n<td style=\"text-align: left;\">Bobine maill\u00e9e de 0,5 \u03a9<\/td>\n<\/tr>\n<tr>\n<th style=\"text-align: left;\">E-liquide pr\u00e9-rempli<\/th>\n<td style=\"text-align: left;\">12 ML<\/td>\n<\/tr>\n<tr>\n<th style=\"text-align: left;\">Batterie<\/th>\n<td style=\"text-align: left;\">Batterie rechargeable de 850 mAh<\/td>\n<\/tr>\n<tr>\n<th style=\"text-align: left;\">Port de charge<\/th>\n<td style=\"text-align: left;\">Type-C<\/td>\n<\/tr>\n<tr>\n<th style=\"text-align: left;\">D\u00e9bit d&#039;air<\/th>\n<td style=\"text-align: left;\">D\u00e9bit d&#039;air r\u00e9glable<\/td>\n<\/tr>\n<tr>\n<th style=\"text-align: left;\">Vapotage<\/th>\n<td style=\"text-align: left;\">MTL&amp;DL<\/td>\n<\/tr>\n<tr>\n<th style=\"text-align: left;\">Structure du vapotage<\/th>\n<td style=\"text-align: left;\">Noyau MESH<\/td>\n<\/tr>\n<tr>\n<th style=\"text-align: left;\">Puissance de sortie<\/th>\n<td style=\"text-align: left;\">22w~25w<\/td>\n<\/tr>\n<\/tbody>\n<\/table>","protected":false},"featured_media":11453,"comment_status":"closed","ping_status":"closed","template":"","meta":[],"product_brand":[],"product_cat":[54,47],"product_tag":[],"class_list":{"0":"post-11415","1":"product","2":"type-product","3":"status-publish","4":"has-post-thumbnail","6":"product_cat-chargeable-disposable-vapes","7":"product_cat-disposable-vapes","9":"first","10":"instock","11":"shipping-taxable","12":"product-type-simple"},"yoast_head":"<!-- This site is optimized with the Yoast SEO plugin v26.9 - https:\/\/yoast.com\/product\/yoast-seo-wordpress\/ -->\n<title>Compact 850mAh Vape 12ml E-Liquid 0.5\u03a9 Mesh Coil Adjustable Airflow Type-C Charging<\/title>\n<meta name=\"description\" content=\"Compact 850mAh Vape 12ml E-Liquid 0.5\u03a9 Mesh Coil Adjustable Airflow Type-C Charging TYPE-C charging Up to 50 flavors Displayed or Customized\" \/>\n<meta name=\"robots\" content=\"index, follow, max-snippet:-1, max-image-preview:large, max-video-preview:-1\" \/>\n<link rel=\"canonical\" href=\"https:\/\/amxim.com\/fr\/product\/vape-compacte-850-mah-e-liquide-12-ml-bobine-en-maille-05-\u03c9-flux-dair-reglable-chargement-de-type-c\/\" \/>\n<meta property=\"og:locale\" content=\"fr_FR\" \/>\n<meta property=\"og:type\" content=\"article\" \/>\n<meta property=\"og:title\" content=\"Compact 850mAh Vape 12ml E-Liquid 0.5\u03a9 Mesh Coil Adjustable Airflow Type-C Charging\" \/>\n<meta property=\"og:description\" content=\"Compact 850mAh Vape 12ml E-Liquid 0.5\u03a9 Mesh Coil Adjustable Airflow Type-C Charging TYPE-C charging Up to 50 flavors Displayed or Customized\" \/>\n<meta property=\"og:url\" content=\"https:\/\/amxim.com\/fr\/product\/vape-compacte-850-mah-e-liquide-12-ml-bobine-en-maille-05-\u03c9-flux-dair-reglable-chargement-de-type-c\/\" \/>\n<meta property=\"og:site_name\" content=\"AMXIM\" \/>\n<meta property=\"article:modified_time\" content=\"2026-02-04T02:15:41+00:00\" \/>\n<meta property=\"og:image\" content=\"https:\/\/amxim.com\/wp-content\/uploads\/2025\/04\/Compact-850mAh-Vape-12ml-E-Liquid-0.5\u03a9-Mesh-Coil-Adjustable-Airflow-Type-C-Charging-11.webp\" \/>\n\t<meta property=\"og:image:width\" content=\"1000\" \/>\n\t<meta property=\"og:image:height\" content=\"1000\" \/>\n\t<meta property=\"og:image:type\" content=\"image\/webp\" \/>\n<meta name=\"twitter:card\" content=\"summary_large_image\" \/>\n<meta name=\"twitter:label1\" content=\"Dur\u00e9e de lecture estim\u00e9e\" \/>\n\t<meta name=\"twitter:data1\" content=\"2 minutes\" \/>\n<script type=\"application\/ld+json\" class=\"yoast-schema-graph\">{\"@context\":\"https:\/\/schema.org\",\"@graph\":[{\"@type\":\"WebPage\",\"@id\":\"https:\/\/amxim.com\/product\/compact-850mah-vape-12ml-e-liquid-0-5%cf%89-mesh-coil-adjustable-airflow-type-c-charging\/\",\"url\":\"https:\/\/amxim.com\/product\/compact-850mah-vape-12ml-e-liquid-0-5%cf%89-mesh-coil-adjustable-airflow-type-c-charging\/\",\"name\":\"Compact 850mAh Vape 12ml E-Liquid 0.5\u03a9 Mesh Coil Adjustable Airflow Type-C Charging\",\"isPartOf\":{\"@id\":\"https:\/\/amxim.com\/#website\"},\"primaryImageOfPage\":{\"@id\":\"https:\/\/amxim.com\/product\/compact-850mah-vape-12ml-e-liquid-0-5%cf%89-mesh-coil-adjustable-airflow-type-c-charging\/#primaryimage\"},\"image\":{\"@id\":\"https:\/\/amxim.com\/product\/compact-850mah-vape-12ml-e-liquid-0-5%cf%89-mesh-coil-adjustable-airflow-type-c-charging\/#primaryimage\"},\"thumbnailUrl\":\"https:\/\/amxim.com\/wp-content\/uploads\/2025\/04\/Compact-850mAh-Vape-12ml-E-Liquid-0.5\u03a9-Mesh-Coil-Adjustable-Airflow-Type-C-Charging-11.webp\",\"datePublished\":\"2025-04-18T06:13:11+00:00\",\"dateModified\":\"2026-02-04T02:15:41+00:00\",\"description\":\"Compact 850mAh Vape 12ml E-Liquid 0.5\u03a9 Mesh Coil Adjustable Airflow Type-C Charging TYPE-C charging Up to 50 flavors Displayed or Customized\",\"breadcrumb\":{\"@id\":\"https:\/\/amxim.com\/product\/compact-850mah-vape-12ml-e-liquid-0-5%cf%89-mesh-coil-adjustable-airflow-type-c-charging\/#breadcrumb\"},\"inLanguage\":\"fr-FR\",\"potentialAction\":[{\"@type\":\"ReadAction\",\"target\":[\"https:\/\/amxim.com\/product\/compact-850mah-vape-12ml-e-liquid-0-5%cf%89-mesh-coil-adjustable-airflow-type-c-charging\/\"]}]},{\"@type\":\"ImageObject\",\"inLanguage\":\"fr-FR\",\"@id\":\"https:\/\/amxim.com\/product\/compact-850mah-vape-12ml-e-liquid-0-5%cf%89-mesh-coil-adjustable-airflow-type-c-charging\/#primaryimage\",\"url\":\"https:\/\/amxim.com\/wp-content\/uploads\/2025\/04\/Compact-850mAh-Vape-12ml-E-Liquid-0.5\u03a9-Mesh-Coil-Adjustable-Airflow-Type-C-Charging-11.webp\",\"contentUrl\":\"https:\/\/amxim.com\/wp-content\/uploads\/2025\/04\/Compact-850mAh-Vape-12ml-E-Liquid-0.5\u03a9-Mesh-Coil-Adjustable-Airflow-Type-C-Charging-11.webp\",\"width\":1000,\"height\":1000,\"caption\":\"Compact 850mAh Vape 12ml E-Liquid 0.5\u03a9 Mesh Coil Adjustable Airflow Type-C Charging\"},{\"@type\":\"BreadcrumbList\",\"@id\":\"https:\/\/amxim.com\/product\/compact-850mah-vape-12ml-e-liquid-0-5%cf%89-mesh-coil-adjustable-airflow-type-c-charging\/#breadcrumb\",\"itemListElement\":[{\"@type\":\"ListItem\",\"position\":1,\"name\":\"Home\",\"item\":\"https:\/\/amxim.com\/en\/\"},{\"@type\":\"ListItem\",\"position\":2,\"name\":\"Products\",\"item\":\"https:\/\/amxim.com\/de\/products\/\"},{\"@type\":\"ListItem\",\"position\":3,\"name\":\"Compact 850mAh Vape 12ml E-Liquid 0.5\u03a9 Mesh Coil Adjustable Airflow Type-C Charging\"}]},{\"@type\":\"WebSite\",\"@id\":\"https:\/\/amxim.com\/#website\",\"url\":\"https:\/\/amxim.com\/\",\"name\":\"AMXIM\",\"description\":\"AMXIM-OEM ODM Vape Manufacturer\",\"publisher\":{\"@id\":\"https:\/\/amxim.com\/#organization\"},\"potentialAction\":[{\"@type\":\"SearchAction\",\"target\":{\"@type\":\"EntryPoint\",\"urlTemplate\":\"https:\/\/amxim.com\/?s={search_term_string}\"},\"query-input\":{\"@type\":\"PropertyValueSpecification\",\"valueRequired\":true,\"valueName\":\"search_term_string\"}}],\"inLanguage\":\"fr-FR\"},{\"@type\":\"Organization\",\"@id\":\"https:\/\/amxim.com\/#organization\",\"name\":\"AMXIM\",\"url\":\"https:\/\/amxim.com\/\",\"logo\":{\"@type\":\"ImageObject\",\"inLanguage\":\"fr-FR\",\"@id\":\"https:\/\/amxim.com\/#\/schema\/logo\/image\/\",\"url\":\"https:\/\/amxim.com\/wp-content\/uploads\/2025\/03\/cropped-AMXIM-fav.webp\",\"contentUrl\":\"https:\/\/amxim.com\/wp-content\/uploads\/2025\/03\/cropped-AMXIM-fav.webp\",\"width\":512,\"height\":512,\"caption\":\"AMXIM\"},\"image\":{\"@id\":\"https:\/\/amxim.com\/#\/schema\/logo\/image\/\"}}]}<\/script>\n<!-- \/ Yoast SEO plugin. -->","yoast_head_json":{"title":"Vape compacte 850 mAh, e-liquide 12 ml, r\u00e9sistance mesh 0,5 \u03a9, flux d&#039;air r\u00e9glable, chargement Type-C","description":"Vape compact 850 mAh 12 ml E-liquide Bobine en maille 0,5 \u03a9 D\u00e9bit d&#039;air r\u00e9glable Chargement de type C Chargement de type C Jusqu&#039;\u00e0 50 saveurs affich\u00e9es ou personnalis\u00e9es","robots":{"index":"index","follow":"follow","max-snippet":"max-snippet:-1","max-image-preview":"max-image-preview:large","max-video-preview":"max-video-preview:-1"},"canonical":"https:\/\/amxim.com\/fr\/product\/vape-compacte-850-mah-e-liquide-12-ml-bobine-en-maille-05-\u03c9-flux-dair-reglable-chargement-de-type-c\/","og_locale":"fr_FR","og_type":"article","og_title":"Compact 850mAh Vape 12ml E-Liquid 0.5\u03a9 Mesh Coil Adjustable Airflow Type-C Charging","og_description":"Compact 850mAh Vape 12ml E-Liquid 0.5\u03a9 Mesh Coil Adjustable Airflow Type-C Charging TYPE-C charging Up to 50 flavors Displayed or Customized","og_url":"https:\/\/amxim.com\/fr\/product\/vape-compacte-850-mah-e-liquide-12-ml-bobine-en-maille-05-\u03c9-flux-dair-reglable-chargement-de-type-c\/","og_site_name":"AMXIM","article_modified_time":"2026-02-04T02:15:41+00:00","og_image":[{"width":1000,"height":1000,"url":"https:\/\/amxim.com\/wp-content\/uploads\/2025\/04\/Compact-850mAh-Vape-12ml-E-Liquid-0.5\u03a9-Mesh-Coil-Adjustable-Airflow-Type-C-Charging-11.webp","type":"image\/webp"}],"twitter_card":"summary_large_image","twitter_misc":{"Dur\u00e9e de lecture estim\u00e9e":"2 minutes"},"schema":{"@context":"https:\/\/schema.org","@graph":[{"@type":"WebPage","@id":"https:\/\/amxim.com\/product\/compact-850mah-vape-12ml-e-liquid-0-5%cf%89-mesh-coil-adjustable-airflow-type-c-charging\/","url":"https:\/\/amxim.com\/product\/compact-850mah-vape-12ml-e-liquid-0-5%cf%89-mesh-coil-adjustable-airflow-type-c-charging\/","name":"Vape compacte 850 mAh, e-liquide 12 ml, r\u00e9sistance mesh 0,5 \u03a9, flux d&#039;air r\u00e9glable, chargement Type-C","isPartOf":{"@id":"https:\/\/amxim.com\/#website"},"primaryImageOfPage":{"@id":"https:\/\/amxim.com\/product\/compact-850mah-vape-12ml-e-liquid-0-5%cf%89-mesh-coil-adjustable-airflow-type-c-charging\/#primaryimage"},"image":{"@id":"https:\/\/amxim.com\/product\/compact-850mah-vape-12ml-e-liquid-0-5%cf%89-mesh-coil-adjustable-airflow-type-c-charging\/#primaryimage"},"thumbnailUrl":"https:\/\/amxim.com\/wp-content\/uploads\/2025\/04\/Compact-850mAh-Vape-12ml-E-Liquid-0.5\u03a9-Mesh-Coil-Adjustable-Airflow-Type-C-Charging-11.webp","datePublished":"2025-04-18T06:13:11+00:00","dateModified":"2026-02-04T02:15:41+00:00","description":"Vape compact 850 mAh 12 ml E-liquide Bobine en maille 0,5 \u03a9 D\u00e9bit d&#039;air r\u00e9glable Chargement de type C Chargement de type C Jusqu&#039;\u00e0 50 saveurs affich\u00e9es ou personnalis\u00e9es","breadcrumb":{"@id":"https:\/\/amxim.com\/product\/compact-850mah-vape-12ml-e-liquid-0-5%cf%89-mesh-coil-adjustable-airflow-type-c-charging\/#breadcrumb"},"inLanguage":"fr-FR","potentialAction":[{"@type":"ReadAction","target":["https:\/\/amxim.com\/product\/compact-850mah-vape-12ml-e-liquid-0-5%cf%89-mesh-coil-adjustable-airflow-type-c-charging\/"]}]},{"@type":"ImageObject","inLanguage":"fr-FR","@id":"https:\/\/amxim.com\/product\/compact-850mah-vape-12ml-e-liquid-0-5%cf%89-mesh-coil-adjustable-airflow-type-c-charging\/#primaryimage","url":"https:\/\/amxim.com\/wp-content\/uploads\/2025\/04\/Compact-850mAh-Vape-12ml-E-Liquid-0.5\u03a9-Mesh-Coil-Adjustable-Airflow-Type-C-Charging-11.webp","contentUrl":"https:\/\/amxim.com\/wp-content\/uploads\/2025\/04\/Compact-850mAh-Vape-12ml-E-Liquid-0.5\u03a9-Mesh-Coil-Adjustable-Airflow-Type-C-Charging-11.webp","width":1000,"height":1000,"caption":"Compact 850mAh Vape 12ml E-Liquid 0.5\u03a9 Mesh Coil Adjustable Airflow Type-C Charging"},{"@type":"BreadcrumbList","@id":"https:\/\/amxim.com\/product\/compact-850mah-vape-12ml-e-liquid-0-5%cf%89-mesh-coil-adjustable-airflow-type-c-charging\/#breadcrumb","itemListElement":[{"@type":"ListItem","position":1,"name":"Home","item":"https:\/\/amxim.com\/en\/"},{"@type":"ListItem","position":2,"name":"Products","item":"https:\/\/amxim.com\/de\/products\/"},{"@type":"ListItem","position":3,"name":"Compact 850mAh Vape 12ml E-Liquid 0.5\u03a9 Mesh Coil Adjustable Airflow Type-C Charging"}]},{"@type":"WebSite","@id":"https:\/\/amxim.com\/#website","url":"https:\/\/amxim.com\/","name":"AMXIM","description":"Fabricant de vapoteuses AMXIM-OEM ODM","publisher":{"@id":"https:\/\/amxim.com\/#organization"},"potentialAction":[{"@type":"SearchAction","target":{"@type":"EntryPoint","urlTemplate":"https:\/\/amxim.com\/?s={search_term_string}"},"query-input":{"@type":"PropertyValueSpecification","valueRequired":true,"valueName":"search_term_string"}}],"inLanguage":"fr-FR"},{"@type":"Organization","@id":"https:\/\/amxim.com\/#organization","name":"AMXIM","url":"https:\/\/amxim.com\/","logo":{"@type":"ImageObject","inLanguage":"fr-FR","@id":"https:\/\/amxim.com\/#\/schema\/logo\/image\/","url":"https:\/\/amxim.com\/wp-content\/uploads\/2025\/03\/cropped-AMXIM-fav.webp","contentUrl":"https:\/\/amxim.com\/wp-content\/uploads\/2025\/03\/cropped-AMXIM-fav.webp","width":512,"height":512,"caption":"AMXIM"},"image":{"@id":"https:\/\/amxim.com\/#\/schema\/logo\/image\/"}}]}},"_links":{"self":[{"href":"https:\/\/amxim.com\/fr\/wp-json\/wp\/v2\/product\/11415","targetHints":{"allow":["GET"]}}],"collection":[{"href":"https:\/\/amxim.com\/fr\/wp-json\/wp\/v2\/product"}],"about":[{"href":"https:\/\/amxim.com\/fr\/wp-json\/wp\/v2\/types\/product"}],"replies":[{"embeddable":true,"href":"https:\/\/amxim.com\/fr\/wp-json\/wp\/v2\/comments?post=11415"}],"version-history":[{"count":4,"href":"https:\/\/amxim.com\/fr\/wp-json\/wp\/v2\/product\/11415\/revisions"}],"predecessor-version":[{"id":13481,"href":"https:\/\/amxim.com\/fr\/wp-json\/wp\/v2\/product\/11415\/revisions\/13481"}],"wp:featuredmedia":[{"embeddable":true,"href":"https:\/\/amxim.com\/fr\/wp-json\/wp\/v2\/media\/11453"}],"wp:attachment":[{"href":"https:\/\/amxim.com\/fr\/wp-json\/wp\/v2\/media?parent=11415"}],"wp:term":[{"taxonomy":"product_brand","embeddable":true,"href":"https:\/\/amxim.com\/fr\/wp-json\/wp\/v2\/product_brand?post=11415"},{"taxonomy":"product_cat","embeddable":true,"href":"https:\/\/amxim.com\/fr\/wp-json\/wp\/v2\/product_cat?post=11415"},{"taxonomy":"product_tag","embeddable":true,"href":"https:\/\/amxim.com\/fr\/wp-json\/wp\/v2\/product_tag?post=11415"}],"curies":[{"name":"wp","href":"https:\/\/api.w.org\/{rel}","templated":true}]}}