{"id":11628,"date":"2025-04-22T09:07:51","date_gmt":"2025-04-22T09:07:51","guid":{"rendered":"https:\/\/amxim.com\/?post_type=product&#038;p=11628"},"modified":"2026-02-04T01:53:30","modified_gmt":"2026-02-04T01:53:30","slug":"vape-jetable-coloree-a-lumiere-rvb-corps-entier-oem-odm-usine","status":"publish","type":"product","link":"https:\/\/amxim.com\/fr\/product\/vape-jetable-coloree-a-lumiere-rvb-corps-entier-oem-odm-usine\/","title":{"rendered":"Vape jetable color\u00e9e \u00e0 lumi\u00e8re RVB pour tout le corps, usine OEM\/ODM"},"content":{"rendered":"<h2 style=\"text-align: left\">Vape jetable color\u00e9e \u00e0 lumi\u00e8re RVB pour tout le corps, usine OEM\/ODM<\/h2>\n<p style=\"text-align: left;\">  This RGB light glowing disposable vape features a full-body colorful design, delivering up to 1,000 puffs with smooth, consistent vapor. The 1.2\u03a9 mesh coil ensures even heating and rich flavor for an enjoyable vaping experience.<\/p>\n<p>Equipped with a 3ml prefilled e-liquid tank and a 500mAh rechargeable battery, the device offers reliable performance and convenient daily use.<\/p>\n<p> This visually distinctive disposable vape is developed by an OEM\/ODM vape manufacturer, supporting custom branding, factory-direct wholesale, and certified mass production.<\/p>","protected":false},"excerpt":{"rendered":"<h3>Sp\u00e9cifications du produit<\/h3>\n<table>\n<tbody>\n<tr>\n<th style=\"text-align: left\">Type de produit<\/th>\n<td style=\"text-align: left\">Vape jetable rechargeable<\/td>\n<\/tr>\n<tr>\n<th style=\"text-align: left\">Options de couleur<\/th>\n<td style=\"text-align: left\">Affich\u00e9 ou personnalis\u00e9<\/td>\n<\/tr>\n<tr>\n<th style=\"text-align: left\">Taille<\/th>\n<td style=\"text-align: left\">18 x 109,8 (mm)<\/td>\n<\/tr>\n<tr>\n<th style=\"text-align: left\">Saveur<\/th>\n<td style=\"text-align: left\">Jusqu&#039;\u00e0 50 saveurs<\/td>\n<\/tr>\n<tr>\n<th style=\"text-align: left\">serpentin de chauffage<\/th>\n<td style=\"text-align: left\">Bobine maill\u00e9e de 1,2 \u03a9<\/td>\n<\/tr>\n<tr>\n<th style=\"text-align: left\">E-liquide pr\u00e9-rempli<\/th>\n<td style=\"text-align: left\">3 ml<\/td>\n<\/tr>\n<tr>\n<th style=\"text-align: left\">Bouff\u00e9e<\/th>\n<td style=\"text-align: left\">Jusqu&#039;\u00e0 1000 bouff\u00e9es<\/td>\n<\/tr>\n<tr>\n<th style=\"text-align: left\">Batterie<\/th>\n<td style=\"text-align: left\">Batterie rechargeable de 500 mAh<\/td>\n<\/tr>\n<\/tbody>\n<\/table>","protected":false},"featured_media":11629,"comment_status":"closed","ping_status":"closed","template":"","meta":[],"product_brand":[],"product_cat":[54,47],"product_tag":[],"class_list":{"0":"post-11628","1":"product","2":"type-product","3":"status-publish","4":"has-post-thumbnail","6":"product_cat-chargeable-disposable-vapes","7":"product_cat-disposable-vapes","9":"first","10":"instock","11":"shipping-taxable","12":"product-type-simple"},"yoast_head":"<!-- This site is optimized with the Yoast SEO plugin v26.9 - https:\/\/yoast.com\/product\/yoast-seo-wordpress\/ -->\n<title>RGB Light Glowing Full Body Colorful Disposable Vape OEM \/ ODM Factory<\/title>\n<meta name=\"description\" content=\"RGB Light Glowing Full Body Colorful Disposable Vape OEM \/ ODM Factory Displayed or Customized Rechargeable disposable Vape\" \/>\n<meta name=\"robots\" content=\"index, follow, max-snippet:-1, max-image-preview:large, max-video-preview:-1\" \/>\n<link rel=\"canonical\" href=\"https:\/\/amxim.com\/fr\/product\/vape-jetable-coloree-a-lumiere-rvb-corps-entier-oem-odm-usine\/\" \/>\n<meta property=\"og:locale\" content=\"fr_FR\" \/>\n<meta property=\"og:type\" content=\"article\" \/>\n<meta property=\"og:title\" content=\"RGB Light Glowing Full Body Colorful Disposable Vape OEM \/ ODM Factory\" \/>\n<meta property=\"og:description\" content=\"RGB Light Glowing Full Body Colorful Disposable Vape OEM \/ ODM Factory Displayed or Customized Rechargeable disposable Vape\" \/>\n<meta property=\"og:url\" content=\"https:\/\/amxim.com\/fr\/product\/vape-jetable-coloree-a-lumiere-rvb-corps-entier-oem-odm-usine\/\" \/>\n<meta property=\"og:site_name\" content=\"AMXIM\" \/>\n<meta property=\"article:modified_time\" content=\"2026-02-04T01:53:30+00:00\" \/>\n<meta property=\"og:image\" content=\"https:\/\/amxim.com\/wp-content\/uploads\/2025\/04\/RGB-Light-Glowing-Full-Body-Colorful-Disposable-Vape-OEM-ODM-Factory-1.webp\" \/>\n\t<meta property=\"og:image:width\" content=\"1000\" \/>\n\t<meta property=\"og:image:height\" content=\"1000\" \/>\n\t<meta property=\"og:image:type\" content=\"image\/webp\" \/>\n<meta name=\"twitter:card\" content=\"summary_large_image\" \/>\n<meta name=\"twitter:label1\" content=\"Dur\u00e9e de lecture estim\u00e9e\" \/>\n\t<meta name=\"twitter:data1\" content=\"1 minute\" \/>\n<script type=\"application\/ld+json\" class=\"yoast-schema-graph\">{\"@context\":\"https:\/\/schema.org\",\"@graph\":[{\"@type\":\"WebPage\",\"@id\":\"https:\/\/amxim.com\/product\/rgb-light-glowing-full-body-colorful-disposable-vape-oem-odm-factory\/\",\"url\":\"https:\/\/amxim.com\/product\/rgb-light-glowing-full-body-colorful-disposable-vape-oem-odm-factory\/\",\"name\":\"RGB Light Glowing Full Body Colorful Disposable Vape OEM \/ ODM Factory\",\"isPartOf\":{\"@id\":\"https:\/\/amxim.com\/#website\"},\"primaryImageOfPage\":{\"@id\":\"https:\/\/amxim.com\/product\/rgb-light-glowing-full-body-colorful-disposable-vape-oem-odm-factory\/#primaryimage\"},\"image\":{\"@id\":\"https:\/\/amxim.com\/product\/rgb-light-glowing-full-body-colorful-disposable-vape-oem-odm-factory\/#primaryimage\"},\"thumbnailUrl\":\"https:\/\/amxim.com\/wp-content\/uploads\/2025\/04\/RGB-Light-Glowing-Full-Body-Colorful-Disposable-Vape-OEM-ODM-Factory-1.webp\",\"datePublished\":\"2025-04-22T09:07:51+00:00\",\"dateModified\":\"2026-02-04T01:53:30+00:00\",\"description\":\"RGB Light Glowing Full Body Colorful Disposable Vape OEM \/ ODM Factory Displayed or Customized Rechargeable disposable Vape\",\"breadcrumb\":{\"@id\":\"https:\/\/amxim.com\/product\/rgb-light-glowing-full-body-colorful-disposable-vape-oem-odm-factory\/#breadcrumb\"},\"inLanguage\":\"fr-FR\",\"potentialAction\":[{\"@type\":\"ReadAction\",\"target\":[\"https:\/\/amxim.com\/product\/rgb-light-glowing-full-body-colorful-disposable-vape-oem-odm-factory\/\"]}]},{\"@type\":\"ImageObject\",\"inLanguage\":\"fr-FR\",\"@id\":\"https:\/\/amxim.com\/product\/rgb-light-glowing-full-body-colorful-disposable-vape-oem-odm-factory\/#primaryimage\",\"url\":\"https:\/\/amxim.com\/wp-content\/uploads\/2025\/04\/RGB-Light-Glowing-Full-Body-Colorful-Disposable-Vape-OEM-ODM-Factory-1.webp\",\"contentUrl\":\"https:\/\/amxim.com\/wp-content\/uploads\/2025\/04\/RGB-Light-Glowing-Full-Body-Colorful-Disposable-Vape-OEM-ODM-Factory-1.webp\",\"width\":1000,\"height\":1000,\"caption\":\"RGB Light Glowing Full Body Colorful Disposable Vape OEM \/ ODM Factory\"},{\"@type\":\"BreadcrumbList\",\"@id\":\"https:\/\/amxim.com\/product\/rgb-light-glowing-full-body-colorful-disposable-vape-oem-odm-factory\/#breadcrumb\",\"itemListElement\":[{\"@type\":\"ListItem\",\"position\":1,\"name\":\"Home\",\"item\":\"https:\/\/amxim.com\/en\/\"},{\"@type\":\"ListItem\",\"position\":2,\"name\":\"Products\",\"item\":\"https:\/\/amxim.com\/de\/products\/\"},{\"@type\":\"ListItem\",\"position\":3,\"name\":\"RGB Light Glowing Full Body Colorful Disposable Vape OEM \/ ODM Factory\"}]},{\"@type\":\"WebSite\",\"@id\":\"https:\/\/amxim.com\/#website\",\"url\":\"https:\/\/amxim.com\/\",\"name\":\"AMXIM\",\"description\":\"AMXIM-OEM ODM Vape Manufacturer\",\"publisher\":{\"@id\":\"https:\/\/amxim.com\/#organization\"},\"potentialAction\":[{\"@type\":\"SearchAction\",\"target\":{\"@type\":\"EntryPoint\",\"urlTemplate\":\"https:\/\/amxim.com\/?s={search_term_string}\"},\"query-input\":{\"@type\":\"PropertyValueSpecification\",\"valueRequired\":true,\"valueName\":\"search_term_string\"}}],\"inLanguage\":\"fr-FR\"},{\"@type\":\"Organization\",\"@id\":\"https:\/\/amxim.com\/#organization\",\"name\":\"AMXIM\",\"url\":\"https:\/\/amxim.com\/\",\"logo\":{\"@type\":\"ImageObject\",\"inLanguage\":\"fr-FR\",\"@id\":\"https:\/\/amxim.com\/#\/schema\/logo\/image\/\",\"url\":\"https:\/\/amxim.com\/wp-content\/uploads\/2025\/03\/cropped-AMXIM-fav.webp\",\"contentUrl\":\"https:\/\/amxim.com\/wp-content\/uploads\/2025\/03\/cropped-AMXIM-fav.webp\",\"width\":512,\"height\":512,\"caption\":\"AMXIM\"},\"image\":{\"@id\":\"https:\/\/amxim.com\/#\/schema\/logo\/image\/\"}}]}<\/script>\n<!-- \/ Yoast SEO plugin. -->","yoast_head_json":{"title":"Vape jetable color\u00e9e \u00e0 lumi\u00e8re RVB pour tout le corps, usine OEM\/ODM","description":"Vape jetable color\u00e9e de corps entier de lumi\u00e8re de RVB \u00e9clatante OEM \/ ODM affich\u00e9e en usine ou Vape jetable rechargeable personnalis\u00e9e","robots":{"index":"index","follow":"follow","max-snippet":"max-snippet:-1","max-image-preview":"max-image-preview:large","max-video-preview":"max-video-preview:-1"},"canonical":"https:\/\/amxim.com\/fr\/product\/vape-jetable-coloree-a-lumiere-rvb-corps-entier-oem-odm-usine\/","og_locale":"fr_FR","og_type":"article","og_title":"RGB Light Glowing Full Body Colorful Disposable Vape OEM \/ ODM Factory","og_description":"RGB Light Glowing Full Body Colorful Disposable Vape OEM \/ ODM Factory Displayed or Customized Rechargeable disposable Vape","og_url":"https:\/\/amxim.com\/fr\/product\/vape-jetable-coloree-a-lumiere-rvb-corps-entier-oem-odm-usine\/","og_site_name":"AMXIM","article_modified_time":"2026-02-04T01:53:30+00:00","og_image":[{"width":1000,"height":1000,"url":"https:\/\/amxim.com\/wp-content\/uploads\/2025\/04\/RGB-Light-Glowing-Full-Body-Colorful-Disposable-Vape-OEM-ODM-Factory-1.webp","type":"image\/webp"}],"twitter_card":"summary_large_image","twitter_misc":{"Dur\u00e9e de lecture estim\u00e9e":"1 minute"},"schema":{"@context":"https:\/\/schema.org","@graph":[{"@type":"WebPage","@id":"https:\/\/amxim.com\/product\/rgb-light-glowing-full-body-colorful-disposable-vape-oem-odm-factory\/","url":"https:\/\/amxim.com\/product\/rgb-light-glowing-full-body-colorful-disposable-vape-oem-odm-factory\/","name":"Vape jetable color\u00e9e \u00e0 lumi\u00e8re RVB pour tout le corps, usine OEM\/ODM","isPartOf":{"@id":"https:\/\/amxim.com\/#website"},"primaryImageOfPage":{"@id":"https:\/\/amxim.com\/product\/rgb-light-glowing-full-body-colorful-disposable-vape-oem-odm-factory\/#primaryimage"},"image":{"@id":"https:\/\/amxim.com\/product\/rgb-light-glowing-full-body-colorful-disposable-vape-oem-odm-factory\/#primaryimage"},"thumbnailUrl":"https:\/\/amxim.com\/wp-content\/uploads\/2025\/04\/RGB-Light-Glowing-Full-Body-Colorful-Disposable-Vape-OEM-ODM-Factory-1.webp","datePublished":"2025-04-22T09:07:51+00:00","dateModified":"2026-02-04T01:53:30+00:00","description":"Vape jetable color\u00e9e de corps entier de lumi\u00e8re de RVB \u00e9clatante OEM \/ ODM affich\u00e9e en usine ou Vape jetable rechargeable personnalis\u00e9e","breadcrumb":{"@id":"https:\/\/amxim.com\/product\/rgb-light-glowing-full-body-colorful-disposable-vape-oem-odm-factory\/#breadcrumb"},"inLanguage":"fr-FR","potentialAction":[{"@type":"ReadAction","target":["https:\/\/amxim.com\/product\/rgb-light-glowing-full-body-colorful-disposable-vape-oem-odm-factory\/"]}]},{"@type":"ImageObject","inLanguage":"fr-FR","@id":"https:\/\/amxim.com\/product\/rgb-light-glowing-full-body-colorful-disposable-vape-oem-odm-factory\/#primaryimage","url":"https:\/\/amxim.com\/wp-content\/uploads\/2025\/04\/RGB-Light-Glowing-Full-Body-Colorful-Disposable-Vape-OEM-ODM-Factory-1.webp","contentUrl":"https:\/\/amxim.com\/wp-content\/uploads\/2025\/04\/RGB-Light-Glowing-Full-Body-Colorful-Disposable-Vape-OEM-ODM-Factory-1.webp","width":1000,"height":1000,"caption":"RGB Light Glowing Full Body Colorful Disposable Vape OEM \/ ODM Factory"},{"@type":"BreadcrumbList","@id":"https:\/\/amxim.com\/product\/rgb-light-glowing-full-body-colorful-disposable-vape-oem-odm-factory\/#breadcrumb","itemListElement":[{"@type":"ListItem","position":1,"name":"Home","item":"https:\/\/amxim.com\/en\/"},{"@type":"ListItem","position":2,"name":"Products","item":"https:\/\/amxim.com\/de\/products\/"},{"@type":"ListItem","position":3,"name":"RGB Light Glowing Full Body Colorful Disposable Vape OEM \/ ODM Factory"}]},{"@type":"WebSite","@id":"https:\/\/amxim.com\/#website","url":"https:\/\/amxim.com\/","name":"AMXIM","description":"Fabricant de vapoteuses AMXIM-OEM ODM","publisher":{"@id":"https:\/\/amxim.com\/#organization"},"potentialAction":[{"@type":"SearchAction","target":{"@type":"EntryPoint","urlTemplate":"https:\/\/amxim.com\/?s={search_term_string}"},"query-input":{"@type":"PropertyValueSpecification","valueRequired":true,"valueName":"search_term_string"}}],"inLanguage":"fr-FR"},{"@type":"Organization","@id":"https:\/\/amxim.com\/#organization","name":"AMXIM","url":"https:\/\/amxim.com\/","logo":{"@type":"ImageObject","inLanguage":"fr-FR","@id":"https:\/\/amxim.com\/#\/schema\/logo\/image\/","url":"https:\/\/amxim.com\/wp-content\/uploads\/2025\/03\/cropped-AMXIM-fav.webp","contentUrl":"https:\/\/amxim.com\/wp-content\/uploads\/2025\/03\/cropped-AMXIM-fav.webp","width":512,"height":512,"caption":"AMXIM"},"image":{"@id":"https:\/\/amxim.com\/#\/schema\/logo\/image\/"}}]}},"_links":{"self":[{"href":"https:\/\/amxim.com\/fr\/wp-json\/wp\/v2\/product\/11628","targetHints":{"allow":["GET"]}}],"collection":[{"href":"https:\/\/amxim.com\/fr\/wp-json\/wp\/v2\/product"}],"about":[{"href":"https:\/\/amxim.com\/fr\/wp-json\/wp\/v2\/types\/product"}],"replies":[{"embeddable":true,"href":"https:\/\/amxim.com\/fr\/wp-json\/wp\/v2\/comments?post=11628"}],"version-history":[{"count":5,"href":"https:\/\/amxim.com\/fr\/wp-json\/wp\/v2\/product\/11628\/revisions"}],"predecessor-version":[{"id":13472,"href":"https:\/\/amxim.com\/fr\/wp-json\/wp\/v2\/product\/11628\/revisions\/13472"}],"wp:featuredmedia":[{"embeddable":true,"href":"https:\/\/amxim.com\/fr\/wp-json\/wp\/v2\/media\/11629"}],"wp:attachment":[{"href":"https:\/\/amxim.com\/fr\/wp-json\/wp\/v2\/media?parent=11628"}],"wp:term":[{"taxonomy":"product_brand","embeddable":true,"href":"https:\/\/amxim.com\/fr\/wp-json\/wp\/v2\/product_brand?post=11628"},{"taxonomy":"product_cat","embeddable":true,"href":"https:\/\/amxim.com\/fr\/wp-json\/wp\/v2\/product_cat?post=11628"},{"taxonomy":"product_tag","embeddable":true,"href":"https:\/\/amxim.com\/fr\/wp-json\/wp\/v2\/product_tag?post=11628"}],"curies":[{"name":"wp","href":"https:\/\/api.w.org\/{rel}","templated":true}]}}