{"id":11824,"date":"2025-04-30T02:04:11","date_gmt":"2025-04-30T02:04:11","guid":{"rendered":"https:\/\/amxim.com\/?post_type=product&#038;p=11824"},"modified":"2026-02-03T05:32:51","modified_gmt":"2026-02-03T05:32:51","slug":"vape-jetable-10-ml-batterie-550-mah-chargement-type-c-affichage-led-5-nicotines","status":"publish","type":"product","link":"https:\/\/amxim.com\/fr\/product\/vape-jetable-10-ml-batterie-550-mah-chargement-type-c-affichage-led-5-nicotines\/","title":{"rendered":"Vape jetable 10 ml, batterie 550 mAh, chargement Type-C, affichage LED, nicotine 5%"},"content":{"rendered":"<h2 style=\"text-align: left;\">Vape jetable 10 ml, batterie 550 mAh, chargement Type-C, affichage LED, nicotine 5%<\/h2>\n<p style=\"text-align: left;\">  This 10ml disposable vape features a prefilled e-liquid tank with 5% nicotine, delivering smooth flavor and long-lasting vapor for daily use. The 1.2\u03a9 mesh coil ensures even heating and consistent performance, providing a satisfying vaping experience.<\/p>\n<p>Equipped with a 550mAh rechargeable battery and Type-C charging, the device offers reliable power and convenient fast charging. An LED display allows users to monitor battery status and usage easily, enhancing usability.<\/p>\n<p>This EU-legal vape supports private label branding, OEM\/ODM production, and bulk wholesale\u2014ideal for vape suppliers and importers looking for premium disposable pods with consistent performance. <\/p>","protected":false},"excerpt":{"rendered":"<h3>Sp\u00e9cifications du produit<\/h3>\n<table>\n<tbody>\n<tr>\n<th style=\"text-align: left;\">Type de produit<\/th>\n<td style=\"text-align: left;\">Vape jetable rechargeable<\/td>\n<\/tr>\n<tr>\n<th style=\"text-align: left;\">Options de couleur<\/th>\n<td style=\"text-align: left;\">Affich\u00e9 ou personnalis\u00e9<\/td>\n<\/tr>\n<tr>\n<th style=\"text-align: left;\">Saveur<\/th>\n<td style=\"text-align: left;\">Jusqu&#039;\u00e0 50 saveurs<\/td>\n<\/tr>\n<tr>\n<th style=\"text-align: left;\">E-liquide pr\u00e9-rempli<\/th>\n<td style=\"text-align: left;\">10 ML<\/td>\n<\/tr>\n<tr>\n<th style=\"text-align: left;\">Batterie<\/th>\n<td style=\"text-align: left;\">Batterie rechargeable de 550 mAh<\/td>\n<\/tr>\n<tr>\n<th style=\"text-align: left;\">R\u00e9sistance<\/th>\n<td style=\"text-align: left;\">Bobine maill\u00e9e 1,2 \u03a9<\/td>\n<\/tr>\n<tr>\n<th style=\"text-align: left;\">Port de charge<\/th>\n<td style=\"text-align: left;\">Type C<\/td>\n<\/tr>\n<tr>\n<th style=\"text-align: left;\">Nicotine<\/th>\n<td style=\"text-align: left;\">5% Nicotine<\/td>\n<\/tr>\n<tr>\n<th style=\"text-align: left;\">Mat\u00e9riaux principaux<\/th>\n<td style=\"text-align: left;\">PC<\/td>\n<\/tr>\n<\/tbody>\n<\/table>","protected":false},"featured_media":11832,"comment_status":"closed","ping_status":"closed","template":"","meta":[],"product_brand":[],"product_cat":[54,47],"product_tag":[],"class_list":{"0":"post-11824","1":"product","2":"type-product","3":"status-publish","4":"has-post-thumbnail","6":"product_cat-chargeable-disposable-vapes","7":"product_cat-disposable-vapes","9":"first","10":"instock","11":"shipping-taxable","12":"product-type-simple"},"yoast_head":"<!-- This site is optimized with the Yoast SEO plugin v26.9 - https:\/\/yoast.com\/product\/yoast-seo-wordpress\/ -->\n<title>\u200b10ml Disposable Vape 550mAh Battery Type-C Charging with LED Display 5% Nicotine<\/title>\n<meta name=\"description\" content=\"\u200b10ml Disposable Vape 550mAh Battery Type-C Charging with LED Display 5% Nicotine Up to 50 flavors Displayed or Customized\" \/>\n<meta name=\"robots\" content=\"index, follow, max-snippet:-1, max-image-preview:large, max-video-preview:-1\" \/>\n<link rel=\"canonical\" href=\"https:\/\/amxim.com\/fr\/product\/vape-jetable-10-ml-batterie-550-mah-chargement-type-c-affichage-led-5-nicotines\/\" \/>\n<meta property=\"og:locale\" content=\"fr_FR\" \/>\n<meta property=\"og:type\" content=\"article\" \/>\n<meta property=\"og:title\" content=\"\u200b10ml Disposable Vape 550mAh Battery Type-C Charging with LED Display 5% Nicotine\" \/>\n<meta property=\"og:description\" content=\"\u200b10ml Disposable Vape 550mAh Battery Type-C Charging with LED Display 5% Nicotine Up to 50 flavors Displayed or Customized\" \/>\n<meta property=\"og:url\" content=\"https:\/\/amxim.com\/fr\/product\/vape-jetable-10-ml-batterie-550-mah-chargement-type-c-affichage-led-5-nicotines\/\" \/>\n<meta property=\"og:site_name\" content=\"AMXIM\" \/>\n<meta property=\"article:modified_time\" content=\"2026-02-03T05:32:51+00:00\" \/>\n<meta property=\"og:image\" content=\"https:\/\/amxim.com\/wp-content\/uploads\/2025\/04\/\u200b10ml-Disposable-Vape-550mAh-Battery-Type-C-Charging-with-LED-Display-5-Nicotine.webp\" \/>\n\t<meta property=\"og:image:width\" content=\"1000\" \/>\n\t<meta property=\"og:image:height\" content=\"1000\" \/>\n\t<meta property=\"og:image:type\" content=\"image\/webp\" \/>\n<meta name=\"twitter:card\" content=\"summary_large_image\" \/>\n<meta name=\"twitter:label1\" content=\"Dur\u00e9e de lecture estim\u00e9e\" \/>\n\t<meta name=\"twitter:data1\" content=\"1 minute\" \/>\n<script type=\"application\/ld+json\" class=\"yoast-schema-graph\">{\"@context\":\"https:\/\/schema.org\",\"@graph\":[{\"@type\":\"WebPage\",\"@id\":\"https:\/\/amxim.com\/product\/10ml-disposable-vape-550mah-battery-type-c-charging-with-led-display-5-nicotine\/\",\"url\":\"https:\/\/amxim.com\/product\/10ml-disposable-vape-550mah-battery-type-c-charging-with-led-display-5-nicotine\/\",\"name\":\"\u200b10ml Disposable Vape 550mAh Battery Type-C Charging with LED Display 5% Nicotine\",\"isPartOf\":{\"@id\":\"https:\/\/amxim.com\/#website\"},\"primaryImageOfPage\":{\"@id\":\"https:\/\/amxim.com\/product\/10ml-disposable-vape-550mah-battery-type-c-charging-with-led-display-5-nicotine\/#primaryimage\"},\"image\":{\"@id\":\"https:\/\/amxim.com\/product\/10ml-disposable-vape-550mah-battery-type-c-charging-with-led-display-5-nicotine\/#primaryimage\"},\"thumbnailUrl\":\"https:\/\/amxim.com\/wp-content\/uploads\/2025\/04\/\u200b10ml-Disposable-Vape-550mAh-Battery-Type-C-Charging-with-LED-Display-5-Nicotine.webp\",\"datePublished\":\"2025-04-30T02:04:11+00:00\",\"dateModified\":\"2026-02-03T05:32:51+00:00\",\"description\":\"\u200b10ml Disposable Vape 550mAh Battery Type-C Charging with LED Display 5% Nicotine Up to 50 flavors Displayed or Customized\",\"breadcrumb\":{\"@id\":\"https:\/\/amxim.com\/product\/10ml-disposable-vape-550mah-battery-type-c-charging-with-led-display-5-nicotine\/#breadcrumb\"},\"inLanguage\":\"fr-FR\",\"potentialAction\":[{\"@type\":\"ReadAction\",\"target\":[\"https:\/\/amxim.com\/product\/10ml-disposable-vape-550mah-battery-type-c-charging-with-led-display-5-nicotine\/\"]}]},{\"@type\":\"ImageObject\",\"inLanguage\":\"fr-FR\",\"@id\":\"https:\/\/amxim.com\/product\/10ml-disposable-vape-550mah-battery-type-c-charging-with-led-display-5-nicotine\/#primaryimage\",\"url\":\"https:\/\/amxim.com\/wp-content\/uploads\/2025\/04\/\u200b10ml-Disposable-Vape-550mAh-Battery-Type-C-Charging-with-LED-Display-5-Nicotine.webp\",\"contentUrl\":\"https:\/\/amxim.com\/wp-content\/uploads\/2025\/04\/\u200b10ml-Disposable-Vape-550mAh-Battery-Type-C-Charging-with-LED-Display-5-Nicotine.webp\",\"width\":1000,\"height\":1000,\"caption\":\"\u200b10ml Disposable Vape 550mAh Battery Type-C Charging with LED Display 5% Nicotine\"},{\"@type\":\"BreadcrumbList\",\"@id\":\"https:\/\/amxim.com\/product\/10ml-disposable-vape-550mah-battery-type-c-charging-with-led-display-5-nicotine\/#breadcrumb\",\"itemListElement\":[{\"@type\":\"ListItem\",\"position\":1,\"name\":\"Home\",\"item\":\"https:\/\/amxim.com\/en\/\"},{\"@type\":\"ListItem\",\"position\":2,\"name\":\"Products\",\"item\":\"https:\/\/amxim.com\/de\/products\/\"},{\"@type\":\"ListItem\",\"position\":3,\"name\":\"\u200b10ml Disposable Vape 550mAh Battery Type-C Charging with LED Display 5% Nicotine\"}]},{\"@type\":\"WebSite\",\"@id\":\"https:\/\/amxim.com\/#website\",\"url\":\"https:\/\/amxim.com\/\",\"name\":\"AMXIM\",\"description\":\"AMXIM-OEM ODM Vape Manufacturer\",\"publisher\":{\"@id\":\"https:\/\/amxim.com\/#organization\"},\"potentialAction\":[{\"@type\":\"SearchAction\",\"target\":{\"@type\":\"EntryPoint\",\"urlTemplate\":\"https:\/\/amxim.com\/?s={search_term_string}\"},\"query-input\":{\"@type\":\"PropertyValueSpecification\",\"valueRequired\":true,\"valueName\":\"search_term_string\"}}],\"inLanguage\":\"fr-FR\"},{\"@type\":\"Organization\",\"@id\":\"https:\/\/amxim.com\/#organization\",\"name\":\"AMXIM\",\"url\":\"https:\/\/amxim.com\/\",\"logo\":{\"@type\":\"ImageObject\",\"inLanguage\":\"fr-FR\",\"@id\":\"https:\/\/amxim.com\/#\/schema\/logo\/image\/\",\"url\":\"https:\/\/amxim.com\/wp-content\/uploads\/2025\/03\/cropped-AMXIM-fav.webp\",\"contentUrl\":\"https:\/\/amxim.com\/wp-content\/uploads\/2025\/03\/cropped-AMXIM-fav.webp\",\"width\":512,\"height\":512,\"caption\":\"AMXIM\"},\"image\":{\"@id\":\"https:\/\/amxim.com\/#\/schema\/logo\/image\/\"}}]}<\/script>\n<!-- \/ Yoast SEO plugin. -->","yoast_head_json":{"title":"Vape jetable 10 ml, batterie 550 mAh, chargement Type-C, affichage LED, nicotine 5%","description":"Vape jetable 10 ml, batterie 550 mAh, chargement Type-C, affichage LED, nicotine 5%, jusqu&#039;\u00e0 50 saveurs affich\u00e9es ou personnalis\u00e9es","robots":{"index":"index","follow":"follow","max-snippet":"max-snippet:-1","max-image-preview":"max-image-preview:large","max-video-preview":"max-video-preview:-1"},"canonical":"https:\/\/amxim.com\/fr\/product\/vape-jetable-10-ml-batterie-550-mah-chargement-type-c-affichage-led-5-nicotines\/","og_locale":"fr_FR","og_type":"article","og_title":"\u200b10ml Disposable Vape 550mAh Battery Type-C Charging with LED Display 5% Nicotine","og_description":"\u200b10ml Disposable Vape 550mAh Battery Type-C Charging with LED Display 5% Nicotine Up to 50 flavors Displayed or Customized","og_url":"https:\/\/amxim.com\/fr\/product\/vape-jetable-10-ml-batterie-550-mah-chargement-type-c-affichage-led-5-nicotines\/","og_site_name":"AMXIM","article_modified_time":"2026-02-03T05:32:51+00:00","og_image":[{"width":1000,"height":1000,"url":"https:\/\/amxim.com\/wp-content\/uploads\/2025\/04\/\u200b10ml-Disposable-Vape-550mAh-Battery-Type-C-Charging-with-LED-Display-5-Nicotine.webp","type":"image\/webp"}],"twitter_card":"summary_large_image","twitter_misc":{"Dur\u00e9e de lecture estim\u00e9e":"1 minute"},"schema":{"@context":"https:\/\/schema.org","@graph":[{"@type":"WebPage","@id":"https:\/\/amxim.com\/product\/10ml-disposable-vape-550mah-battery-type-c-charging-with-led-display-5-nicotine\/","url":"https:\/\/amxim.com\/product\/10ml-disposable-vape-550mah-battery-type-c-charging-with-led-display-5-nicotine\/","name":"Vape jetable 10 ml, batterie 550 mAh, chargement Type-C, affichage LED, nicotine 5%","isPartOf":{"@id":"https:\/\/amxim.com\/#website"},"primaryImageOfPage":{"@id":"https:\/\/amxim.com\/product\/10ml-disposable-vape-550mah-battery-type-c-charging-with-led-display-5-nicotine\/#primaryimage"},"image":{"@id":"https:\/\/amxim.com\/product\/10ml-disposable-vape-550mah-battery-type-c-charging-with-led-display-5-nicotine\/#primaryimage"},"thumbnailUrl":"https:\/\/amxim.com\/wp-content\/uploads\/2025\/04\/\u200b10ml-Disposable-Vape-550mAh-Battery-Type-C-Charging-with-LED-Display-5-Nicotine.webp","datePublished":"2025-04-30T02:04:11+00:00","dateModified":"2026-02-03T05:32:51+00:00","description":"Vape jetable 10 ml, batterie 550 mAh, chargement Type-C, affichage LED, nicotine 5%, jusqu&#039;\u00e0 50 saveurs affich\u00e9es ou personnalis\u00e9es","breadcrumb":{"@id":"https:\/\/amxim.com\/product\/10ml-disposable-vape-550mah-battery-type-c-charging-with-led-display-5-nicotine\/#breadcrumb"},"inLanguage":"fr-FR","potentialAction":[{"@type":"ReadAction","target":["https:\/\/amxim.com\/product\/10ml-disposable-vape-550mah-battery-type-c-charging-with-led-display-5-nicotine\/"]}]},{"@type":"ImageObject","inLanguage":"fr-FR","@id":"https:\/\/amxim.com\/product\/10ml-disposable-vape-550mah-battery-type-c-charging-with-led-display-5-nicotine\/#primaryimage","url":"https:\/\/amxim.com\/wp-content\/uploads\/2025\/04\/\u200b10ml-Disposable-Vape-550mAh-Battery-Type-C-Charging-with-LED-Display-5-Nicotine.webp","contentUrl":"https:\/\/amxim.com\/wp-content\/uploads\/2025\/04\/\u200b10ml-Disposable-Vape-550mAh-Battery-Type-C-Charging-with-LED-Display-5-Nicotine.webp","width":1000,"height":1000,"caption":"\u200b10ml Disposable Vape 550mAh Battery Type-C Charging with LED Display 5% Nicotine"},{"@type":"BreadcrumbList","@id":"https:\/\/amxim.com\/product\/10ml-disposable-vape-550mah-battery-type-c-charging-with-led-display-5-nicotine\/#breadcrumb","itemListElement":[{"@type":"ListItem","position":1,"name":"Home","item":"https:\/\/amxim.com\/en\/"},{"@type":"ListItem","position":2,"name":"Products","item":"https:\/\/amxim.com\/de\/products\/"},{"@type":"ListItem","position":3,"name":"\u200b10ml Disposable Vape 550mAh Battery Type-C Charging with LED Display 5% Nicotine"}]},{"@type":"WebSite","@id":"https:\/\/amxim.com\/#website","url":"https:\/\/amxim.com\/","name":"AMXIM","description":"Fabricant de vapoteuses AMXIM-OEM ODM","publisher":{"@id":"https:\/\/amxim.com\/#organization"},"potentialAction":[{"@type":"SearchAction","target":{"@type":"EntryPoint","urlTemplate":"https:\/\/amxim.com\/?s={search_term_string}"},"query-input":{"@type":"PropertyValueSpecification","valueRequired":true,"valueName":"search_term_string"}}],"inLanguage":"fr-FR"},{"@type":"Organization","@id":"https:\/\/amxim.com\/#organization","name":"AMXIM","url":"https:\/\/amxim.com\/","logo":{"@type":"ImageObject","inLanguage":"fr-FR","@id":"https:\/\/amxim.com\/#\/schema\/logo\/image\/","url":"https:\/\/amxim.com\/wp-content\/uploads\/2025\/03\/cropped-AMXIM-fav.webp","contentUrl":"https:\/\/amxim.com\/wp-content\/uploads\/2025\/03\/cropped-AMXIM-fav.webp","width":512,"height":512,"caption":"AMXIM"},"image":{"@id":"https:\/\/amxim.com\/#\/schema\/logo\/image\/"}}]}},"_links":{"self":[{"href":"https:\/\/amxim.com\/fr\/wp-json\/wp\/v2\/product\/11824","targetHints":{"allow":["GET"]}}],"collection":[{"href":"https:\/\/amxim.com\/fr\/wp-json\/wp\/v2\/product"}],"about":[{"href":"https:\/\/amxim.com\/fr\/wp-json\/wp\/v2\/types\/product"}],"replies":[{"embeddable":true,"href":"https:\/\/amxim.com\/fr\/wp-json\/wp\/v2\/comments?post=11824"}],"version-history":[{"count":6,"href":"https:\/\/amxim.com\/fr\/wp-json\/wp\/v2\/product\/11824\/revisions"}],"predecessor-version":[{"id":13448,"href":"https:\/\/amxim.com\/fr\/wp-json\/wp\/v2\/product\/11824\/revisions\/13448"}],"wp:featuredmedia":[{"embeddable":true,"href":"https:\/\/amxim.com\/fr\/wp-json\/wp\/v2\/media\/11832"}],"wp:attachment":[{"href":"https:\/\/amxim.com\/fr\/wp-json\/wp\/v2\/media?parent=11824"}],"wp:term":[{"taxonomy":"product_brand","embeddable":true,"href":"https:\/\/amxim.com\/fr\/wp-json\/wp\/v2\/product_brand?post=11824"},{"taxonomy":"product_cat","embeddable":true,"href":"https:\/\/amxim.com\/fr\/wp-json\/wp\/v2\/product_cat?post=11824"},{"taxonomy":"product_tag","embeddable":true,"href":"https:\/\/amxim.com\/fr\/wp-json\/wp\/v2\/product_tag?post=11824"}],"curies":[{"name":"wp","href":"https:\/\/api.w.org\/{rel}","templated":true}]}}