{"id":11829,"date":"2025-04-30T02:44:42","date_gmt":"2025-04-30T02:44:42","guid":{"rendered":"https:\/\/amxim.com\/?post_type=product&#038;p=11829"},"modified":"2026-02-03T03:28:13","modified_gmt":"2026-02-03T03:28:13","slug":"pod-vape-jetable-a-double-bobine-en-cristal-prerempli-18-ml-25-000-bouffees-avec-indicateur-de-batterie-rvb","status":"publish","type":"product","link":"https:\/\/amxim.com\/fr\/product\/pod-vape-jetable-a-double-bobine-en-cristal-prerempli-18-ml-25-000-bouffees-avec-indicateur-de-batterie-rvb\/","title":{"rendered":"Pod jetable Crystal \u00e0 double bobine pr\u00e9rempli 18 ml 25\u00a0000 bouff\u00e9es avec indicateur de batterie RVB"},"content":{"rendered":"<div class=\"product-description\">\n<h2 style=\"text-align: left;\">Pod jetable Crystal \u00e0 double bobine pr\u00e9rempli 18 ml 25\u00a0000 bouff\u00e9es avec indicateur de batterie RVB<\/h2>\n<p style=\"text-align: left;\"> This Crystal disposable vape pod is designed for OEM\/ODM production, featuring a prefilled 18ml e-liquid system and a high-efficiency dual coil structure optimized for stable output and long service life. The device supports up to 25,000 puffs through controlled power management and consistent heating performance. An integrated RGB battery indicator enables real-time power monitoring, improving usability and quality control standards. This model is suitable for private label manufacturing, bulk customization, and scalable production for vape brands, wholesalers, and importers seeking reliable disposable vape solutions.   <\/p>\n<p>&nbsp;<\/p>\n<h2 style=\"text-align: left;\">Comment utiliser<\/h2>\n<p style=\"text-align: left;\">Double-cliquez sur le bouton pendant que l&#039;appareil est sous tension pour changer les niveaux de puissance de sortie.<\/p>\n<p style=\"text-align: left;\">L&#039;interrupteur inf\u00e9rieur permet de r\u00e9gler entre les modes MTL (bouche vers poumon) et DTL (direct vers poumon).<\/p>\n<p style=\"text-align: left;\">Indicateurs de couleur de l&#039;ic\u00f4ne de batterie\u00a0: vert (batterie pleine), bleu clair (batterie moyenne), rouge (batterie faible).<\/p>\n<p>&nbsp;<\/p>\n<p>&nbsp;<\/p>\n<h3>Galerie de produits<\/h3>\n<p><img decoding=\"async\" style=\"width: 100%; margin: 0 auto;\" src=\"https:\/\/amxim.com\/wp-content\/uploads\/2025\/04\/Crystal-Dual-Coil-Disposable-Vape-Pod-Prefilled-18ml-25000-Puffs-with-RGB-Battery-Indicator-4\" alt=\"Pod jetable Crystal \u00e0 double bobine pr\u00e9rempli 18 ml 25\u00a0000 bouff\u00e9es avec indicateur de batterie RVB\" \/><br \/>\n<img decoding=\"async\" style=\"width: 100%; margin: 0 auto;\" src=\"https:\/\/amxim.com\/wp-content\/uploads\/2025\/04\/Crystal-Dual-Coil-Disposable-Vape-Pod-Prefilled-18ml-25000-Puffs-with-RGB-Battery-Indicator-2\" alt=\"Pod jetable Crystal \u00e0 double bobine pr\u00e9rempli 18 ml 25\u00a0000 bouff\u00e9es avec indicateur de batterie RVB\" \/><br \/>\n<img decoding=\"async\" style=\"width: 100%; margin: 0 auto;\" src=\"https:\/\/amxim.com\/wp-content\/uploads\/2025\/04\/Crystal-Dual-Coil-Disposable-Vape-Pod-Prefilled-18ml-25000-Puffs-with-RGB-Battery-Indicator-5\" alt=\"Pod jetable Crystal \u00e0 double bobine pr\u00e9rempli 18 ml 25\u00a0000 bouff\u00e9es avec indicateur de batterie RVB\" \/><br \/>\n<img decoding=\"async\" style=\"width: 100%; margin: 0 auto;\" src=\"https:\/\/amxim.com\/wp-content\/uploads\/2025\/04\/Crystal-Dual-Coil-Disposable-Vape-Pod-Prefilled-18ml-25000-Puffs-with-RGB-Battery-Indicator-7\" alt=\"Pod jetable Crystal \u00e0 double bobine pr\u00e9rempli 18 ml 25\u00a0000 bouff\u00e9es avec indicateur de batterie RVB\" \/><br \/>\n<img decoding=\"async\" style=\"width: 100%; margin: 0 auto;\" src=\"https:\/\/amxim.com\/wp-content\/uploads\/2025\/04\/Crystal-Dual-Coil-Disposable-Vape-Pod-Prefilled-18ml-25000-Puffs-with-RGB-Battery-Indicator-6\" alt=\"Pod jetable Crystal \u00e0 double bobine pr\u00e9rempli 18 ml 25\u00a0000 bouff\u00e9es avec indicateur de batterie RVB\" \/><br \/>\n<img decoding=\"async\" style=\"width: 100%; margin: 0 auto;\" src=\"https:\/\/amxim.com\/wp-content\/uploads\/2025\/04\/Crystal-Dual-Coil-Disposable-Vape-Pod-Prefilled-18ml-25000-Puffs-with-RGB-Battery-Indicator-3\" alt=\"Pod jetable Crystal \u00e0 double bobine pr\u00e9rempli 18 ml 25\u00a0000 bouff\u00e9es avec indicateur de batterie RVB\" \/><\/p>\n<\/div>\n<style>\n.product-description {\n    font-family: Arial, sans-serif;\n    max-width: 1400px;\n    margin: 0 auto;\n    padding: 20px;\n    background: #fff;\n    border-radius: 10px;\n    box-shadow: 0 4px 8px rgba(0, 0, 0, 0.1);\n    padding: 20px;\n    padding-bottom: 20px;\n}\n<\/style>","protected":false},"excerpt":{"rendered":"<h3>Sp\u00e9cifications du produit<\/h3>\n<table>\n<tbody>\n<tr>\n<th style=\"text-align: left;\">Type de produit<\/th>\n<td style=\"text-align: left;\">POD rechargeable \/ rempla\u00e7able<\/td>\n<\/tr>\n<tr>\n<th style=\"text-align: left;\">Options de couleur<\/th>\n<td style=\"text-align: left;\">Affich\u00e9 ou personnalis\u00e9<\/td>\n<\/tr>\n<tr>\n<th style=\"text-align: left;\">Taille<\/th>\n<td style=\"text-align: left;\">92 x 25 x 47 (mm)<\/td>\n<\/tr>\n<tr>\n<th style=\"text-align: left;\">Saveur<\/th>\n<td style=\"text-align: left;\">Jusqu&#039;\u00e0 50 saveurs<\/td>\n<\/tr>\n<tr>\n<th style=\"text-align: left;\">E-liquide pr\u00e9-rempli<\/th>\n<td style=\"text-align: left;\">18 ML<\/td>\n<\/tr>\n<tr>\n<th style=\"text-align: left;\">Bouff\u00e9e<\/th>\n<td style=\"text-align: left;\">Jusqu&#039;\u00e0 25 000 bouff\u00e9es<\/td>\n<\/tr>\n<tr>\n<th style=\"text-align: left;\">Batterie<\/th>\n<td style=\"text-align: left;\">Batterie rechargeable de 700 mAh<\/td>\n<\/tr>\n<tr>\n<th style=\"text-align: left;\">R\u00e9sistance<\/th>\n<td style=\"text-align: left;\">Double maille 0,5+0,5\u03a9 (option bobine c\u00e9ramique disponible)<\/td>\n<\/tr>\n<tr>\n<th style=\"text-align: left;\">Tension r\u00e9glable<\/th>\n<td style=\"text-align: left;\">16 et 25 W<\/td>\n<\/tr>\n<tr>\n<th style=\"text-align: left;\">Affichage \u00e0 l&#039;\u00e9cran<\/th>\n<td style=\"text-align: left;\">Indicateur de batterie\/d&#039;alimentation, contenu d&#039;\u00e9cran personnalisable<\/td>\n<\/tr>\n<tr>\n<th style=\"text-align: left;\">Mat\u00e9riel<\/th>\n<td style=\"text-align: left;\">PCTG+PC<\/td>\n<\/tr>\n<\/tbody>\n<\/table>","protected":false},"featured_media":11851,"comment_status":"closed","ping_status":"closed","template":"","meta":[],"product_brand":[],"product_cat":[50],"product_tag":[],"class_list":{"0":"post-11829","1":"product","2":"type-product","3":"status-publish","4":"has-post-thumbnail","6":"product_cat-pod-systems","8":"first","9":"instock","10":"featured","11":"shipping-taxable","12":"product-type-simple"},"yoast_head":"<!-- This site is optimized with the Yoast SEO plugin v26.9 - https:\/\/yoast.com\/product\/yoast-seo-wordpress\/ -->\n<title>Crystal Dual Coil Disposable Vape Pod Prefilled 18ml 25,000 Puffs with RGB Battery Indicator<\/title>\n<meta name=\"description\" content=\"Crystal Dual Coil Disposable Vape Pod Prefilled 18ml 25,000 Puffs with RGB Battery Indicator Up to 50 flavors Displayed or Customized\" \/>\n<meta name=\"robots\" content=\"index, follow, max-snippet:-1, max-image-preview:large, max-video-preview:-1\" \/>\n<link rel=\"canonical\" href=\"https:\/\/amxim.com\/fr\/product\/pod-vape-jetable-a-double-bobine-en-cristal-prerempli-18-ml-25-000-bouffees-avec-indicateur-de-batterie-rvb\/\" \/>\n<meta property=\"og:locale\" content=\"fr_FR\" \/>\n<meta property=\"og:type\" content=\"article\" \/>\n<meta property=\"og:title\" content=\"Crystal Dual Coil Disposable Vape Pod Prefilled 18ml 25,000 Puffs with RGB Battery Indicator\" \/>\n<meta property=\"og:description\" content=\"Crystal Dual Coil Disposable Vape Pod Prefilled 18ml 25,000 Puffs with RGB Battery Indicator Up to 50 flavors Displayed or Customized\" \/>\n<meta property=\"og:url\" content=\"https:\/\/amxim.com\/fr\/product\/pod-vape-jetable-a-double-bobine-en-cristal-prerempli-18-ml-25-000-bouffees-avec-indicateur-de-batterie-rvb\/\" \/>\n<meta property=\"og:site_name\" content=\"AMXIM\" \/>\n<meta property=\"article:modified_time\" content=\"2026-02-03T03:28:13+00:00\" \/>\n<meta property=\"og:image\" content=\"https:\/\/amxim.com\/wp-content\/uploads\/2025\/04\/Crystal-Dual-Coil-Disposable-Vape-Pod-Prefilled-18ml-25000-Puffs-with-RGB-Battery-Indicator-1.webp\" \/>\n\t<meta property=\"og:image:width\" content=\"1000\" \/>\n\t<meta property=\"og:image:height\" content=\"1000\" \/>\n\t<meta property=\"og:image:type\" content=\"image\/webp\" \/>\n<meta name=\"twitter:card\" content=\"summary_large_image\" \/>\n<meta name=\"twitter:label1\" content=\"Dur\u00e9e de lecture estim\u00e9e\" \/>\n\t<meta name=\"twitter:data1\" content=\"2 minutes\" \/>\n<script type=\"application\/ld+json\" class=\"yoast-schema-graph\">{\"@context\":\"https:\/\/schema.org\",\"@graph\":[{\"@type\":\"WebPage\",\"@id\":\"https:\/\/amxim.com\/product\/crystal-dual-coil-disposable-vape-pod-prefilled-18ml-25000-puffs-with-rgb-battery-indicator\/\",\"url\":\"https:\/\/amxim.com\/product\/crystal-dual-coil-disposable-vape-pod-prefilled-18ml-25000-puffs-with-rgb-battery-indicator\/\",\"name\":\"Crystal Dual Coil Disposable Vape Pod Prefilled 18ml 25,000 Puffs with RGB Battery Indicator\",\"isPartOf\":{\"@id\":\"https:\/\/amxim.com\/#website\"},\"primaryImageOfPage\":{\"@id\":\"https:\/\/amxim.com\/product\/crystal-dual-coil-disposable-vape-pod-prefilled-18ml-25000-puffs-with-rgb-battery-indicator\/#primaryimage\"},\"image\":{\"@id\":\"https:\/\/amxim.com\/product\/crystal-dual-coil-disposable-vape-pod-prefilled-18ml-25000-puffs-with-rgb-battery-indicator\/#primaryimage\"},\"thumbnailUrl\":\"https:\/\/amxim.com\/wp-content\/uploads\/2025\/04\/Crystal-Dual-Coil-Disposable-Vape-Pod-Prefilled-18ml-25000-Puffs-with-RGB-Battery-Indicator-1.webp\",\"datePublished\":\"2025-04-30T02:44:42+00:00\",\"dateModified\":\"2026-02-03T03:28:13+00:00\",\"description\":\"Crystal Dual Coil Disposable Vape Pod Prefilled 18ml 25,000 Puffs with RGB Battery Indicator Up to 50 flavors Displayed or Customized\",\"breadcrumb\":{\"@id\":\"https:\/\/amxim.com\/product\/crystal-dual-coil-disposable-vape-pod-prefilled-18ml-25000-puffs-with-rgb-battery-indicator\/#breadcrumb\"},\"inLanguage\":\"fr-FR\",\"potentialAction\":[{\"@type\":\"ReadAction\",\"target\":[\"https:\/\/amxim.com\/product\/crystal-dual-coil-disposable-vape-pod-prefilled-18ml-25000-puffs-with-rgb-battery-indicator\/\"]}]},{\"@type\":\"ImageObject\",\"inLanguage\":\"fr-FR\",\"@id\":\"https:\/\/amxim.com\/product\/crystal-dual-coil-disposable-vape-pod-prefilled-18ml-25000-puffs-with-rgb-battery-indicator\/#primaryimage\",\"url\":\"https:\/\/amxim.com\/wp-content\/uploads\/2025\/04\/Crystal-Dual-Coil-Disposable-Vape-Pod-Prefilled-18ml-25000-Puffs-with-RGB-Battery-Indicator-1.webp\",\"contentUrl\":\"https:\/\/amxim.com\/wp-content\/uploads\/2025\/04\/Crystal-Dual-Coil-Disposable-Vape-Pod-Prefilled-18ml-25000-Puffs-with-RGB-Battery-Indicator-1.webp\",\"width\":1000,\"height\":1000,\"caption\":\"Crystal Dual Coil Disposable Vape Pod Prefilled 18ml 25,000 Puffs with RGB Battery Indicator\"},{\"@type\":\"BreadcrumbList\",\"@id\":\"https:\/\/amxim.com\/product\/crystal-dual-coil-disposable-vape-pod-prefilled-18ml-25000-puffs-with-rgb-battery-indicator\/#breadcrumb\",\"itemListElement\":[{\"@type\":\"ListItem\",\"position\":1,\"name\":\"Home\",\"item\":\"https:\/\/amxim.com\/\"},{\"@type\":\"ListItem\",\"position\":2,\"name\":\"Products\",\"item\":\"https:\/\/amxim.com\/de\/products\/\"},{\"@type\":\"ListItem\",\"position\":3,\"name\":\"Crystal Dual Coil Disposable Vape Pod Prefilled 18ml 25,000 Puffs with RGB Battery Indicator\"}]},{\"@type\":\"WebSite\",\"@id\":\"https:\/\/amxim.com\/#website\",\"url\":\"https:\/\/amxim.com\/\",\"name\":\"AMXIM\",\"description\":\"AMXIM-OEM ODM Vape Manufacturer\",\"publisher\":{\"@id\":\"https:\/\/amxim.com\/#organization\"},\"potentialAction\":[{\"@type\":\"SearchAction\",\"target\":{\"@type\":\"EntryPoint\",\"urlTemplate\":\"https:\/\/amxim.com\/?s={search_term_string}\"},\"query-input\":{\"@type\":\"PropertyValueSpecification\",\"valueRequired\":true,\"valueName\":\"search_term_string\"}}],\"inLanguage\":\"fr-FR\"},{\"@type\":\"Organization\",\"@id\":\"https:\/\/amxim.com\/#organization\",\"name\":\"AMXIM\",\"url\":\"https:\/\/amxim.com\/\",\"logo\":{\"@type\":\"ImageObject\",\"inLanguage\":\"fr-FR\",\"@id\":\"https:\/\/amxim.com\/#\/schema\/logo\/image\/\",\"url\":\"https:\/\/amxim.com\/wp-content\/uploads\/2025\/03\/cropped-AMXIM-fav.webp\",\"contentUrl\":\"https:\/\/amxim.com\/wp-content\/uploads\/2025\/03\/cropped-AMXIM-fav.webp\",\"width\":512,\"height\":512,\"caption\":\"AMXIM\"},\"image\":{\"@id\":\"https:\/\/amxim.com\/#\/schema\/logo\/image\/\"}}]}<\/script>\n<!-- \/ Yoast SEO plugin. -->","yoast_head_json":{"title":"Pod jetable Crystal \u00e0 double bobine pr\u00e9rempli 18 ml 25\u00a0000 bouff\u00e9es avec indicateur de batterie RVB","description":"Pod jetable Crystal \u00e0 double bobine pr\u00e9rempli de 18 ml, 25\u00a0000 bouff\u00e9es avec indicateur de batterie RVB, jusqu&#039;\u00e0 50 saveurs affich\u00e9es ou personnalis\u00e9es","robots":{"index":"index","follow":"follow","max-snippet":"max-snippet:-1","max-image-preview":"max-image-preview:large","max-video-preview":"max-video-preview:-1"},"canonical":"https:\/\/amxim.com\/fr\/product\/pod-vape-jetable-a-double-bobine-en-cristal-prerempli-18-ml-25-000-bouffees-avec-indicateur-de-batterie-rvb\/","og_locale":"fr_FR","og_type":"article","og_title":"Crystal Dual Coil Disposable Vape Pod Prefilled 18ml 25,000 Puffs with RGB Battery Indicator","og_description":"Crystal Dual Coil Disposable Vape Pod Prefilled 18ml 25,000 Puffs with RGB Battery Indicator Up to 50 flavors Displayed or Customized","og_url":"https:\/\/amxim.com\/fr\/product\/pod-vape-jetable-a-double-bobine-en-cristal-prerempli-18-ml-25-000-bouffees-avec-indicateur-de-batterie-rvb\/","og_site_name":"AMXIM","article_modified_time":"2026-02-03T03:28:13+00:00","og_image":[{"width":1000,"height":1000,"url":"https:\/\/amxim.com\/wp-content\/uploads\/2025\/04\/Crystal-Dual-Coil-Disposable-Vape-Pod-Prefilled-18ml-25000-Puffs-with-RGB-Battery-Indicator-1.webp","type":"image\/webp"}],"twitter_card":"summary_large_image","twitter_misc":{"Dur\u00e9e de lecture estim\u00e9e":"2 minutes"},"schema":{"@context":"https:\/\/schema.org","@graph":[{"@type":"WebPage","@id":"https:\/\/amxim.com\/product\/crystal-dual-coil-disposable-vape-pod-prefilled-18ml-25000-puffs-with-rgb-battery-indicator\/","url":"https:\/\/amxim.com\/product\/crystal-dual-coil-disposable-vape-pod-prefilled-18ml-25000-puffs-with-rgb-battery-indicator\/","name":"Pod jetable Crystal \u00e0 double bobine pr\u00e9rempli 18 ml 25\u00a0000 bouff\u00e9es avec indicateur de batterie RVB","isPartOf":{"@id":"https:\/\/amxim.com\/#website"},"primaryImageOfPage":{"@id":"https:\/\/amxim.com\/product\/crystal-dual-coil-disposable-vape-pod-prefilled-18ml-25000-puffs-with-rgb-battery-indicator\/#primaryimage"},"image":{"@id":"https:\/\/amxim.com\/product\/crystal-dual-coil-disposable-vape-pod-prefilled-18ml-25000-puffs-with-rgb-battery-indicator\/#primaryimage"},"thumbnailUrl":"https:\/\/amxim.com\/wp-content\/uploads\/2025\/04\/Crystal-Dual-Coil-Disposable-Vape-Pod-Prefilled-18ml-25000-Puffs-with-RGB-Battery-Indicator-1.webp","datePublished":"2025-04-30T02:44:42+00:00","dateModified":"2026-02-03T03:28:13+00:00","description":"Pod jetable Crystal \u00e0 double bobine pr\u00e9rempli de 18 ml, 25\u00a0000 bouff\u00e9es avec indicateur de batterie RVB, jusqu&#039;\u00e0 50 saveurs affich\u00e9es ou personnalis\u00e9es","breadcrumb":{"@id":"https:\/\/amxim.com\/product\/crystal-dual-coil-disposable-vape-pod-prefilled-18ml-25000-puffs-with-rgb-battery-indicator\/#breadcrumb"},"inLanguage":"fr-FR","potentialAction":[{"@type":"ReadAction","target":["https:\/\/amxim.com\/product\/crystal-dual-coil-disposable-vape-pod-prefilled-18ml-25000-puffs-with-rgb-battery-indicator\/"]}]},{"@type":"ImageObject","inLanguage":"fr-FR","@id":"https:\/\/amxim.com\/product\/crystal-dual-coil-disposable-vape-pod-prefilled-18ml-25000-puffs-with-rgb-battery-indicator\/#primaryimage","url":"https:\/\/amxim.com\/wp-content\/uploads\/2025\/04\/Crystal-Dual-Coil-Disposable-Vape-Pod-Prefilled-18ml-25000-Puffs-with-RGB-Battery-Indicator-1.webp","contentUrl":"https:\/\/amxim.com\/wp-content\/uploads\/2025\/04\/Crystal-Dual-Coil-Disposable-Vape-Pod-Prefilled-18ml-25000-Puffs-with-RGB-Battery-Indicator-1.webp","width":1000,"height":1000,"caption":"Crystal Dual Coil Disposable Vape Pod Prefilled 18ml 25,000 Puffs with RGB Battery Indicator"},{"@type":"BreadcrumbList","@id":"https:\/\/amxim.com\/product\/crystal-dual-coil-disposable-vape-pod-prefilled-18ml-25000-puffs-with-rgb-battery-indicator\/#breadcrumb","itemListElement":[{"@type":"ListItem","position":1,"name":"Home","item":"https:\/\/amxim.com\/"},{"@type":"ListItem","position":2,"name":"Products","item":"https:\/\/amxim.com\/de\/products\/"},{"@type":"ListItem","position":3,"name":"Crystal Dual Coil Disposable Vape Pod Prefilled 18ml 25,000 Puffs with RGB Battery Indicator"}]},{"@type":"WebSite","@id":"https:\/\/amxim.com\/#website","url":"https:\/\/amxim.com\/","name":"AMXIM","description":"Fabricant de vapoteuses AMXIM-OEM ODM","publisher":{"@id":"https:\/\/amxim.com\/#organization"},"potentialAction":[{"@type":"SearchAction","target":{"@type":"EntryPoint","urlTemplate":"https:\/\/amxim.com\/?s={search_term_string}"},"query-input":{"@type":"PropertyValueSpecification","valueRequired":true,"valueName":"search_term_string"}}],"inLanguage":"fr-FR"},{"@type":"Organization","@id":"https:\/\/amxim.com\/#organization","name":"AMXIM","url":"https:\/\/amxim.com\/","logo":{"@type":"ImageObject","inLanguage":"fr-FR","@id":"https:\/\/amxim.com\/#\/schema\/logo\/image\/","url":"https:\/\/amxim.com\/wp-content\/uploads\/2025\/03\/cropped-AMXIM-fav.webp","contentUrl":"https:\/\/amxim.com\/wp-content\/uploads\/2025\/03\/cropped-AMXIM-fav.webp","width":512,"height":512,"caption":"AMXIM"},"image":{"@id":"https:\/\/amxim.com\/#\/schema\/logo\/image\/"}}]}},"_links":{"self":[{"href":"https:\/\/amxim.com\/fr\/wp-json\/wp\/v2\/product\/11829","targetHints":{"allow":["GET"]}}],"collection":[{"href":"https:\/\/amxim.com\/fr\/wp-json\/wp\/v2\/product"}],"about":[{"href":"https:\/\/amxim.com\/fr\/wp-json\/wp\/v2\/types\/product"}],"replies":[{"embeddable":true,"href":"https:\/\/amxim.com\/fr\/wp-json\/wp\/v2\/comments?post=11829"}],"version-history":[{"count":5,"href":"https:\/\/amxim.com\/fr\/wp-json\/wp\/v2\/product\/11829\/revisions"}],"predecessor-version":[{"id":13438,"href":"https:\/\/amxim.com\/fr\/wp-json\/wp\/v2\/product\/11829\/revisions\/13438"}],"wp:featuredmedia":[{"embeddable":true,"href":"https:\/\/amxim.com\/fr\/wp-json\/wp\/v2\/media\/11851"}],"wp:attachment":[{"href":"https:\/\/amxim.com\/fr\/wp-json\/wp\/v2\/media?parent=11829"}],"wp:term":[{"taxonomy":"product_brand","embeddable":true,"href":"https:\/\/amxim.com\/fr\/wp-json\/wp\/v2\/product_brand?post=11829"},{"taxonomy":"product_cat","embeddable":true,"href":"https:\/\/amxim.com\/fr\/wp-json\/wp\/v2\/product_cat?post=11829"},{"taxonomy":"product_tag","embeddable":true,"href":"https:\/\/amxim.com\/fr\/wp-json\/wp\/v2\/product_tag?post=11829"}],"curies":[{"name":"wp","href":"https:\/\/api.w.org\/{rel}","templated":true}]}}