{"id":11830,"date":"2025-04-30T02:51:26","date_gmt":"2025-04-30T02:51:26","guid":{"rendered":"https:\/\/amxim.com\/?post_type=product&#038;p=11830"},"modified":"2026-02-03T03:22:14","modified_gmt":"2026-02-03T03:22:14","slug":"appareil-de-vape-pod-intelligent-haute-capacite-de-18-ml-avec-double-bobine-en-maille-sortie-de-25-w-et-ecran","status":"publish","type":"product","link":"https:\/\/amxim.com\/fr\/product\/appareil-de-vape-pod-intelligent-haute-capacite-de-18-ml-avec-double-bobine-en-maille-sortie-de-25-w-et-ecran\/","title":{"rendered":"Pod vape intelligent haute capacit\u00e9 de 18 ml avec double r\u00e9sistance \u00e0 mailles, sortie 25 W et \u00e9cran"},"content":{"rendered":"<div class=\"product-description\">\n<h2 style=\"text-align: left;\">Pod vape intelligent haute capacit\u00e9 de 18 ml avec double r\u00e9sistance \u00e0 mailles, sortie 25 W et \u00e9cran<\/h2>\n<p style=\"text-align: left;\">This high-capacity smart box pod vape is engineered for commercial distribution and private-label programs. Featuring an 18ml e-liquid capacity and dual mesh coil technology, it delivers stable vapor output, efficient heating, and consistent flavor performance. The device supports adjustable power up to 25W and includes a clear digital display for real-time control and status monitoring.<br \/>\nDesigned to meet the needs of vape wholesalers, importers, and retail chains, this pod system offers reliable performance, modern functionality, and a form factor suitable for large-volume orders. OEM\/ODM customization options are available to support branding, packaging, and specification requirements.<\/p>\n<p>&nbsp;<\/p>\n<h2 style=\"text-align: left;\">Comment utiliser<\/h2>\n<p style=\"text-align: left;\">Appuyez 5 fois cons\u00e9cutivement pour allumer\/\u00e9teindre.<\/p>\n<p style=\"text-align: left;\">Appuyez rapidement une fois pour v\u00e9rifier l&#039;\u00e9tat de l&#039;alimentation et de la batterie.<\/p>\n<p style=\"text-align: left;\">Appuyez rapidement deux fois pour changer le niveau de puissance de sortie.<\/p>\n<p style=\"text-align: left;\">L&#039;interrupteur inf\u00e9rieur permet de r\u00e9gler l&#039;inhalation entre MTL (bouche vers poumon) et DTL (direct vers poumon).<\/p>\n<p>&nbsp;<\/p>\n<h3>Galerie de produits<\/h3>\n<p><img decoding=\"async\" style=\"width: 100%; margin: 0 auto;\" src=\"https:\/\/amxim.com\/wp-content\/uploads\/2025\/04\/High-Capacity-18ml-Smart-Box-Vape-Pod-Device-with-Dual-Mesh-Coil-25W-Output-and-Display-2\" alt=\"Pod vape intelligent haute capacit\u00e9 de 18 ml avec double r\u00e9sistance \u00e0 mailles, sortie 25 W et \u00e9cran\" \/><br \/>\n<img decoding=\"async\" style=\"width: 100%; margin: 0 auto;\" src=\"https:\/\/amxim.com\/wp-content\/uploads\/2025\/04\/High-Capacity-18ml-Smart-Box-Vape-Pod-Device-with-Dual-Mesh-Coil-25W-Output-and-Display-4\" alt=\"Pod vape intelligent haute capacit\u00e9 de 18 ml avec double r\u00e9sistance \u00e0 mailles, sortie 25 W et \u00e9cran\" \/><br \/>\n<img decoding=\"async\" style=\"width: 100%; margin: 0 auto;\" src=\"https:\/\/amxim.com\/wp-content\/uploads\/2025\/04\/High-Capacity-18ml-Smart-Box-Vape-Pod-Device-with-Dual-Mesh-Coil-25W-Output-and-Display-3\" alt=\"Pod vape intelligent haute capacit\u00e9 de 18 ml avec double r\u00e9sistance \u00e0 mailles, sortie 25 W et \u00e9cran\" \/><\/p>\n<\/div>\n<style>\n.product-description {\n    font-family: Arial, sans-serif;\n    max-width: 1400px;\n    margin: 0 auto;\n    padding: 20px;\n    background: #fff;\n    border-radius: 10px;\n    box-shadow: 0 4px 8px rgba(0, 0, 0, 0.1);\n    padding: 20px;\n    padding-bottom: 20px;\n}\n<\/style>","protected":false},"excerpt":{"rendered":"<h3>Sp\u00e9cifications du produit<\/h3>\n<table>\n<tbody>\n<tr>\n<th style=\"text-align: left;\">Type de produit<\/th>\n<td style=\"text-align: left;\">POD rechargeable \/ rempla\u00e7able<\/td>\n<\/tr>\n<tr>\n<th style=\"text-align: left;\">Options de couleur<\/th>\n<td style=\"text-align: left;\">Affich\u00e9 ou personnalis\u00e9<\/td>\n<\/tr>\n<tr>\n<th style=\"text-align: left;\">Taille<\/th>\n<td style=\"text-align: left;\">24 x 19 x 76 (mm)<\/td>\n<\/tr>\n<tr>\n<th style=\"text-align: left;\">Saveur<\/th>\n<td style=\"text-align: left;\">Jusqu&#039;\u00e0 50 saveurs<\/td>\n<\/tr>\n<tr>\n<th style=\"text-align: left;\">E-liquide pr\u00e9-rempli<\/th>\n<td style=\"text-align: left;\">18 ML<\/td>\n<\/tr>\n<tr>\n<th style=\"text-align: left;\">Bouff\u00e9e<\/th>\n<td style=\"text-align: left;\">Jusqu&#039;\u00e0 25 000 bouff\u00e9es<\/td>\n<\/tr>\n<tr>\n<th style=\"text-align: left;\">Batterie<\/th>\n<td style=\"text-align: left;\">Batterie rechargeable de 700 mAh<\/td>\n<\/tr>\n<tr>\n<th style=\"text-align: left;\">R\u00e9sistance<\/th>\n<td style=\"text-align: left;\">Bobine \u00e0 double maille 1,0 \u03a9<\/td>\n<\/tr>\n<tr>\n<th style=\"text-align: left;\">Tension r\u00e9glable<\/th>\n<td style=\"text-align: left;\">16 et 25 W<\/td>\n<\/tr>\n<\/tbody>\n<\/table>","protected":false},"featured_media":11861,"comment_status":"closed","ping_status":"closed","template":"","meta":[],"product_brand":[],"product_cat":[50],"product_tag":[],"class_list":{"0":"post-11830","1":"product","2":"type-product","3":"status-publish","4":"has-post-thumbnail","6":"product_cat-pod-systems","8":"first","9":"instock","10":"shipping-taxable","11":"product-type-simple"},"yoast_head":"<!-- This site is optimized with the Yoast SEO plugin v26.9 - https:\/\/yoast.com\/product\/yoast-seo-wordpress\/ -->\n<title>High-Capacity 18ml Smart Box Vape Pod Device with Dual Mesh Coil 25W Output and Display<\/title>\n<meta name=\"description\" content=\"High-Capacity 18ml Smart Box Vape Pod Device with Dual Mesh Coil 25W Output and Display Up to 50 flavors Displayed or Customized\" \/>\n<meta name=\"robots\" content=\"index, follow, max-snippet:-1, max-image-preview:large, max-video-preview:-1\" \/>\n<link rel=\"canonical\" href=\"https:\/\/amxim.com\/fr\/product\/appareil-de-vape-pod-intelligent-haute-capacite-de-18-ml-avec-double-bobine-en-maille-sortie-de-25-w-et-ecran\/\" \/>\n<meta property=\"og:locale\" content=\"fr_FR\" \/>\n<meta property=\"og:type\" content=\"article\" \/>\n<meta property=\"og:title\" content=\"High-Capacity 18ml Smart Box Vape Pod Device with Dual Mesh Coil 25W Output and Display\" \/>\n<meta property=\"og:description\" content=\"High-Capacity 18ml Smart Box Vape Pod Device with Dual Mesh Coil 25W Output and Display Up to 50 flavors Displayed or Customized\" \/>\n<meta property=\"og:url\" content=\"https:\/\/amxim.com\/fr\/product\/appareil-de-vape-pod-intelligent-haute-capacite-de-18-ml-avec-double-bobine-en-maille-sortie-de-25-w-et-ecran\/\" \/>\n<meta property=\"og:site_name\" content=\"AMXIM\" \/>\n<meta property=\"article:modified_time\" content=\"2026-02-03T03:22:14+00:00\" \/>\n<meta property=\"og:image\" content=\"https:\/\/amxim.com\/wp-content\/uploads\/2025\/04\/High-Capacity-18ml-Smart-Box-Vape-Pod-Device-with-Dual-Mesh-Coil-25W-Output-and-Display-1.webp\" \/>\n\t<meta property=\"og:image:width\" content=\"1000\" \/>\n\t<meta property=\"og:image:height\" content=\"1000\" \/>\n\t<meta property=\"og:image:type\" content=\"image\/webp\" \/>\n<meta name=\"twitter:card\" content=\"summary_large_image\" \/>\n<meta name=\"twitter:label1\" content=\"Dur\u00e9e de lecture estim\u00e9e\" \/>\n\t<meta name=\"twitter:data1\" content=\"2 minutes\" \/>\n<script type=\"application\/ld+json\" class=\"yoast-schema-graph\">{\"@context\":\"https:\/\/schema.org\",\"@graph\":[{\"@type\":\"WebPage\",\"@id\":\"https:\/\/amxim.com\/product\/high-capacity-18ml-smart-box-vape-pod-device-with-dual-mesh-coil-25w-output-and-display\/\",\"url\":\"https:\/\/amxim.com\/product\/high-capacity-18ml-smart-box-vape-pod-device-with-dual-mesh-coil-25w-output-and-display\/\",\"name\":\"High-Capacity 18ml Smart Box Vape Pod Device with Dual Mesh Coil 25W Output and Display\",\"isPartOf\":{\"@id\":\"https:\/\/amxim.com\/#website\"},\"primaryImageOfPage\":{\"@id\":\"https:\/\/amxim.com\/product\/high-capacity-18ml-smart-box-vape-pod-device-with-dual-mesh-coil-25w-output-and-display\/#primaryimage\"},\"image\":{\"@id\":\"https:\/\/amxim.com\/product\/high-capacity-18ml-smart-box-vape-pod-device-with-dual-mesh-coil-25w-output-and-display\/#primaryimage\"},\"thumbnailUrl\":\"https:\/\/amxim.com\/wp-content\/uploads\/2025\/04\/High-Capacity-18ml-Smart-Box-Vape-Pod-Device-with-Dual-Mesh-Coil-25W-Output-and-Display-1.webp\",\"datePublished\":\"2025-04-30T02:51:26+00:00\",\"dateModified\":\"2026-02-03T03:22:14+00:00\",\"description\":\"High-Capacity 18ml Smart Box Vape Pod Device with Dual Mesh Coil 25W Output and Display Up to 50 flavors Displayed or Customized\",\"breadcrumb\":{\"@id\":\"https:\/\/amxim.com\/product\/high-capacity-18ml-smart-box-vape-pod-device-with-dual-mesh-coil-25w-output-and-display\/#breadcrumb\"},\"inLanguage\":\"fr-FR\",\"potentialAction\":[{\"@type\":\"ReadAction\",\"target\":[\"https:\/\/amxim.com\/product\/high-capacity-18ml-smart-box-vape-pod-device-with-dual-mesh-coil-25w-output-and-display\/\"]}]},{\"@type\":\"ImageObject\",\"inLanguage\":\"fr-FR\",\"@id\":\"https:\/\/amxim.com\/product\/high-capacity-18ml-smart-box-vape-pod-device-with-dual-mesh-coil-25w-output-and-display\/#primaryimage\",\"url\":\"https:\/\/amxim.com\/wp-content\/uploads\/2025\/04\/High-Capacity-18ml-Smart-Box-Vape-Pod-Device-with-Dual-Mesh-Coil-25W-Output-and-Display-1.webp\",\"contentUrl\":\"https:\/\/amxim.com\/wp-content\/uploads\/2025\/04\/High-Capacity-18ml-Smart-Box-Vape-Pod-Device-with-Dual-Mesh-Coil-25W-Output-and-Display-1.webp\",\"width\":1000,\"height\":1000,\"caption\":\"High-Capacity 18ml Smart Box Vape Pod Device with Dual Mesh Coil 25W Output and Display\"},{\"@type\":\"BreadcrumbList\",\"@id\":\"https:\/\/amxim.com\/product\/high-capacity-18ml-smart-box-vape-pod-device-with-dual-mesh-coil-25w-output-and-display\/#breadcrumb\",\"itemListElement\":[{\"@type\":\"ListItem\",\"position\":1,\"name\":\"Home\",\"item\":\"https:\/\/amxim.com\/en\/\"},{\"@type\":\"ListItem\",\"position\":2,\"name\":\"Products\",\"item\":\"https:\/\/amxim.com\/de\/products\/\"},{\"@type\":\"ListItem\",\"position\":3,\"name\":\"High-Capacity 18ml Smart Box Vape Pod Device with Dual Mesh Coil 25W Output and Display\"}]},{\"@type\":\"WebSite\",\"@id\":\"https:\/\/amxim.com\/#website\",\"url\":\"https:\/\/amxim.com\/\",\"name\":\"AMXIM\",\"description\":\"AMXIM-OEM ODM Vape Manufacturer\",\"publisher\":{\"@id\":\"https:\/\/amxim.com\/#organization\"},\"potentialAction\":[{\"@type\":\"SearchAction\",\"target\":{\"@type\":\"EntryPoint\",\"urlTemplate\":\"https:\/\/amxim.com\/?s={search_term_string}\"},\"query-input\":{\"@type\":\"PropertyValueSpecification\",\"valueRequired\":true,\"valueName\":\"search_term_string\"}}],\"inLanguage\":\"fr-FR\"},{\"@type\":\"Organization\",\"@id\":\"https:\/\/amxim.com\/#organization\",\"name\":\"AMXIM\",\"url\":\"https:\/\/amxim.com\/\",\"logo\":{\"@type\":\"ImageObject\",\"inLanguage\":\"fr-FR\",\"@id\":\"https:\/\/amxim.com\/#\/schema\/logo\/image\/\",\"url\":\"https:\/\/amxim.com\/wp-content\/uploads\/2025\/03\/cropped-AMXIM-fav.webp\",\"contentUrl\":\"https:\/\/amxim.com\/wp-content\/uploads\/2025\/03\/cropped-AMXIM-fav.webp\",\"width\":512,\"height\":512,\"caption\":\"AMXIM\"},\"image\":{\"@id\":\"https:\/\/amxim.com\/#\/schema\/logo\/image\/\"}}]}<\/script>\n<!-- \/ Yoast SEO plugin. -->","yoast_head_json":{"title":"Pod vape intelligent haute capacit\u00e9 de 18 ml avec double r\u00e9sistance \u00e0 mailles, sortie 25 W et \u00e9cran","description":"Appareil de vapotage intelligent haute capacit\u00e9 de 18 ml avec double bobine en maille, sortie de 25 W et affichage, jusqu&#039;\u00e0 50 saveurs affich\u00e9es ou personnalis\u00e9es","robots":{"index":"index","follow":"follow","max-snippet":"max-snippet:-1","max-image-preview":"max-image-preview:large","max-video-preview":"max-video-preview:-1"},"canonical":"https:\/\/amxim.com\/fr\/product\/appareil-de-vape-pod-intelligent-haute-capacite-de-18-ml-avec-double-bobine-en-maille-sortie-de-25-w-et-ecran\/","og_locale":"fr_FR","og_type":"article","og_title":"High-Capacity 18ml Smart Box Vape Pod Device with Dual Mesh Coil 25W Output and Display","og_description":"High-Capacity 18ml Smart Box Vape Pod Device with Dual Mesh Coil 25W Output and Display Up to 50 flavors Displayed or Customized","og_url":"https:\/\/amxim.com\/fr\/product\/appareil-de-vape-pod-intelligent-haute-capacite-de-18-ml-avec-double-bobine-en-maille-sortie-de-25-w-et-ecran\/","og_site_name":"AMXIM","article_modified_time":"2026-02-03T03:22:14+00:00","og_image":[{"width":1000,"height":1000,"url":"https:\/\/amxim.com\/wp-content\/uploads\/2025\/04\/High-Capacity-18ml-Smart-Box-Vape-Pod-Device-with-Dual-Mesh-Coil-25W-Output-and-Display-1.webp","type":"image\/webp"}],"twitter_card":"summary_large_image","twitter_misc":{"Dur\u00e9e de lecture estim\u00e9e":"2 minutes"},"schema":{"@context":"https:\/\/schema.org","@graph":[{"@type":"WebPage","@id":"https:\/\/amxim.com\/product\/high-capacity-18ml-smart-box-vape-pod-device-with-dual-mesh-coil-25w-output-and-display\/","url":"https:\/\/amxim.com\/product\/high-capacity-18ml-smart-box-vape-pod-device-with-dual-mesh-coil-25w-output-and-display\/","name":"Pod vape intelligent haute capacit\u00e9 de 18 ml avec double r\u00e9sistance \u00e0 mailles, sortie 25 W et \u00e9cran","isPartOf":{"@id":"https:\/\/amxim.com\/#website"},"primaryImageOfPage":{"@id":"https:\/\/amxim.com\/product\/high-capacity-18ml-smart-box-vape-pod-device-with-dual-mesh-coil-25w-output-and-display\/#primaryimage"},"image":{"@id":"https:\/\/amxim.com\/product\/high-capacity-18ml-smart-box-vape-pod-device-with-dual-mesh-coil-25w-output-and-display\/#primaryimage"},"thumbnailUrl":"https:\/\/amxim.com\/wp-content\/uploads\/2025\/04\/High-Capacity-18ml-Smart-Box-Vape-Pod-Device-with-Dual-Mesh-Coil-25W-Output-and-Display-1.webp","datePublished":"2025-04-30T02:51:26+00:00","dateModified":"2026-02-03T03:22:14+00:00","description":"Appareil de vapotage intelligent haute capacit\u00e9 de 18 ml avec double bobine en maille, sortie de 25 W et affichage, jusqu&#039;\u00e0 50 saveurs affich\u00e9es ou personnalis\u00e9es","breadcrumb":{"@id":"https:\/\/amxim.com\/product\/high-capacity-18ml-smart-box-vape-pod-device-with-dual-mesh-coil-25w-output-and-display\/#breadcrumb"},"inLanguage":"fr-FR","potentialAction":[{"@type":"ReadAction","target":["https:\/\/amxim.com\/product\/high-capacity-18ml-smart-box-vape-pod-device-with-dual-mesh-coil-25w-output-and-display\/"]}]},{"@type":"ImageObject","inLanguage":"fr-FR","@id":"https:\/\/amxim.com\/product\/high-capacity-18ml-smart-box-vape-pod-device-with-dual-mesh-coil-25w-output-and-display\/#primaryimage","url":"https:\/\/amxim.com\/wp-content\/uploads\/2025\/04\/High-Capacity-18ml-Smart-Box-Vape-Pod-Device-with-Dual-Mesh-Coil-25W-Output-and-Display-1.webp","contentUrl":"https:\/\/amxim.com\/wp-content\/uploads\/2025\/04\/High-Capacity-18ml-Smart-Box-Vape-Pod-Device-with-Dual-Mesh-Coil-25W-Output-and-Display-1.webp","width":1000,"height":1000,"caption":"High-Capacity 18ml Smart Box Vape Pod Device with Dual Mesh Coil 25W Output and Display"},{"@type":"BreadcrumbList","@id":"https:\/\/amxim.com\/product\/high-capacity-18ml-smart-box-vape-pod-device-with-dual-mesh-coil-25w-output-and-display\/#breadcrumb","itemListElement":[{"@type":"ListItem","position":1,"name":"Home","item":"https:\/\/amxim.com\/en\/"},{"@type":"ListItem","position":2,"name":"Products","item":"https:\/\/amxim.com\/de\/products\/"},{"@type":"ListItem","position":3,"name":"High-Capacity 18ml Smart Box Vape Pod Device with Dual Mesh Coil 25W Output and Display"}]},{"@type":"WebSite","@id":"https:\/\/amxim.com\/#website","url":"https:\/\/amxim.com\/","name":"AMXIM","description":"Fabricant de vapoteuses AMXIM-OEM ODM","publisher":{"@id":"https:\/\/amxim.com\/#organization"},"potentialAction":[{"@type":"SearchAction","target":{"@type":"EntryPoint","urlTemplate":"https:\/\/amxim.com\/?s={search_term_string}"},"query-input":{"@type":"PropertyValueSpecification","valueRequired":true,"valueName":"search_term_string"}}],"inLanguage":"fr-FR"},{"@type":"Organization","@id":"https:\/\/amxim.com\/#organization","name":"AMXIM","url":"https:\/\/amxim.com\/","logo":{"@type":"ImageObject","inLanguage":"fr-FR","@id":"https:\/\/amxim.com\/#\/schema\/logo\/image\/","url":"https:\/\/amxim.com\/wp-content\/uploads\/2025\/03\/cropped-AMXIM-fav.webp","contentUrl":"https:\/\/amxim.com\/wp-content\/uploads\/2025\/03\/cropped-AMXIM-fav.webp","width":512,"height":512,"caption":"AMXIM"},"image":{"@id":"https:\/\/amxim.com\/#\/schema\/logo\/image\/"}}]}},"_links":{"self":[{"href":"https:\/\/amxim.com\/fr\/wp-json\/wp\/v2\/product\/11830","targetHints":{"allow":["GET"]}}],"collection":[{"href":"https:\/\/amxim.com\/fr\/wp-json\/wp\/v2\/product"}],"about":[{"href":"https:\/\/amxim.com\/fr\/wp-json\/wp\/v2\/types\/product"}],"replies":[{"embeddable":true,"href":"https:\/\/amxim.com\/fr\/wp-json\/wp\/v2\/comments?post=11830"}],"version-history":[{"count":6,"href":"https:\/\/amxim.com\/fr\/wp-json\/wp\/v2\/product\/11830\/revisions"}],"predecessor-version":[{"id":13437,"href":"https:\/\/amxim.com\/fr\/wp-json\/wp\/v2\/product\/11830\/revisions\/13437"}],"wp:featuredmedia":[{"embeddable":true,"href":"https:\/\/amxim.com\/fr\/wp-json\/wp\/v2\/media\/11861"}],"wp:attachment":[{"href":"https:\/\/amxim.com\/fr\/wp-json\/wp\/v2\/media?parent=11830"}],"wp:term":[{"taxonomy":"product_brand","embeddable":true,"href":"https:\/\/amxim.com\/fr\/wp-json\/wp\/v2\/product_brand?post=11830"},{"taxonomy":"product_cat","embeddable":true,"href":"https:\/\/amxim.com\/fr\/wp-json\/wp\/v2\/product_cat?post=11830"},{"taxonomy":"product_tag","embeddable":true,"href":"https:\/\/amxim.com\/fr\/wp-json\/wp\/v2\/product_tag?post=11830"}],"curies":[{"name":"wp","href":"https:\/\/api.w.org\/{rel}","templated":true}]}}