{"id":12077,"date":"2025-05-10T06:27:55","date_gmt":"2025-05-10T06:27:55","guid":{"rendered":"https:\/\/amxim.com\/?post_type=product&#038;p=12077"},"modified":"2026-03-24T03:40:52","modified_gmt":"2026-03-24T03:40:52","slug":"vape-jetable-a-bobine-en-maille-elegante-e-liquide-prerempli-de-2-ml-batterie-rechargeable-de-400-mah","status":"publish","type":"product","link":"https:\/\/amxim.com\/fr\/product\/vape-jetable-a-bobine-en-maille-elegante-e-liquide-prerempli-de-2-ml-batterie-rechargeable-de-400-mah\/","title":{"rendered":"Vape jetable \u00e9l\u00e9gante avec bobine en maille, e-liquide pr\u00e9rempli de 2 ml, batterie rechargeable de 400 mAh"},"content":{"rendered":"<div class=\"product-description\">\n<h2 style=\"text-align: left;\">Vape jetable \u00e9l\u00e9gante avec bobine en maille, e-liquide pr\u00e9rempli de 2 ml, batterie rechargeable de 400 mAh<\/h2>\n<p style=\"text-align: left;\">    This stylish disposable vape features a 2ml prefilled e-liquid tank and delivers up to 600 puffs, providing smooth flavor and satisfying vapor. The 1.6\u03a9 mesh coil ensures even heating and consistent performance, supporting up to 50 flavor options for diverse market preferences.<\/p>\n<p>Compact at 14 \u00d7 102 mm, the device is powered by a 400mAh rechargeable battery with a Type-C charging port, offering stable output and convenient daily use.<\/p>\n<p>A certified vape supplier providing mesh coil disposable vapes with OEM\/ODM solutions and white label customization\u2014designed for vape distributors and importers sourcing high-quality disposable pod systems from a trusted manufacturing partner. <\/p>\n<p>&nbsp;<\/p>\n<h3>Galerie de produits<\/h3>\n<p><img decoding=\"async\" style=\"width: 100%; margin: 0 auto;\" src=\"https:\/\/amxim.com\/wp-content\/uploads\/2025\/05\/Stylish-Mesh-Coil-Disposable-Vape-2ml-Prefilled-E-liquid-400mAh-Rechargeable-Battery-2\" alt=\"Vape jetable \u00e9l\u00e9gante avec bobine en maille, e-liquide pr\u00e9rempli de 2 ml, batterie rechargeable de 400 mAh\" \/><br \/>\n<img decoding=\"async\" style=\"width: 100%; margin: 0 auto;\" src=\"https:\/\/amxim.com\/wp-content\/uploads\/2025\/05\/Stylish-Mesh-Coil-Disposable-Vape-2ml-Prefilled-E-liquid-400mAh-Rechargeable-Battery-3\" alt=\"Vape jetable \u00e9l\u00e9gante avec bobine en maille, e-liquide pr\u00e9rempli de 2 ml, batterie rechargeable de 400 mAh\" \/><\/p>\n<\/div>\n<style>\n.product-description {\n    font-family: Arial, sans-serif;\n    max-width: 1400px;\n    margin: 0 auto;\n    padding: 20px;\n    background: #fff;\n    border-radius: 10px;\n    box-shadow: 0 4px 8px rgba(0, 0, 0, 0.1);\n    padding: 20px;\n    padding-bottom: 20px;\n}\n<\/style>","protected":false},"excerpt":{"rendered":"<h3>Sp\u00e9cifications du produit<\/h3>\n<table>\n<tbody>\n<tr>\n<th style=\"text-align: left;\">Type de produit<\/th>\n<td style=\"text-align: left;\">Vape jetable rechargeable<\/td>\n<\/tr>\n<tr>\n<th style=\"text-align: left;\">Options de couleur<\/th>\n<td style=\"text-align: left;\">Affich\u00e9 ou personnalis\u00e9<\/td>\n<\/tr>\n<tr>\n<th style=\"text-align: left;\">Taille<\/th>\n<td style=\"text-align: left;\">14 x 102 (mm)<\/td>\n<\/tr>\n<tr>\n<th style=\"text-align: left;\">Saveur<\/th>\n<td style=\"text-align: left;\">Jusqu&#039;\u00e0 50 saveurs<\/td>\n<\/tr>\n<tr>\n<th style=\"text-align: left;\">serpentin de chauffage<\/th>\n<td style=\"text-align: left;\">Bobine maill\u00e9e de 1,6 \u03a9<\/td>\n<\/tr>\n<tr>\n<th style=\"text-align: left;\">E-liquide pr\u00e9-rempli<\/th>\n<td style=\"text-align: left;\">2 ml<\/td>\n<\/tr>\n<tr>\n<th style=\"text-align: left;\">Bouff\u00e9e<\/th>\n<td style=\"text-align: left;\">Jusqu&#039;\u00e0 600 bouff\u00e9es<\/td>\n<\/tr>\n<tr>\n<th style=\"text-align: left;\">Batterie<\/th>\n<td style=\"text-align: left;\">Batterie rechargeable de 400 mAh<\/td>\n<\/tr>\n<tr>\n<th style=\"text-align: left;\">Port de charge<\/th>\n<td style=\"text-align: left;\">Type-C<\/td>\n<\/tr>\n<\/tbody>\n<\/table>","protected":false},"featured_media":12097,"comment_status":"closed","ping_status":"closed","template":"","meta":[],"product_brand":[],"product_cat":[54,47],"product_tag":[],"class_list":{"0":"post-12077","1":"product","2":"type-product","3":"status-publish","4":"has-post-thumbnail","6":"product_cat-chargeable-disposable-vapes","7":"product_cat-disposable-vapes","9":"first","10":"instock","11":"shipping-taxable","12":"product-type-simple"},"yoast_head":"<!-- This site is optimized with the Yoast SEO plugin v26.9 - https:\/\/yoast.com\/product\/yoast-seo-wordpress\/ -->\n<title>Stylish Mesh Coil Disposable Vape 2ml Prefilled E-liquid 400mAh Rechargeable Battery<\/title>\n<meta name=\"description\" content=\"Stylish Mesh Coil Disposable Vape 2ml Prefilled E-liquid 400mAh Rechargeable Battery Displayed or Customized Displayed or Customized\" \/>\n<meta name=\"robots\" content=\"index, follow, max-snippet:-1, max-image-preview:large, max-video-preview:-1\" \/>\n<link rel=\"canonical\" href=\"https:\/\/amxim.com\/fr\/product\/vape-jetable-a-bobine-en-maille-elegante-e-liquide-prerempli-de-2-ml-batterie-rechargeable-de-400-mah\/\" \/>\n<meta property=\"og:locale\" content=\"fr_FR\" \/>\n<meta property=\"og:type\" content=\"article\" \/>\n<meta property=\"og:title\" content=\"Stylish Mesh Coil Disposable Vape 2ml Prefilled E-liquid 400mAh Rechargeable Battery\" \/>\n<meta property=\"og:description\" content=\"Stylish Mesh Coil Disposable Vape 2ml Prefilled E-liquid 400mAh Rechargeable Battery Displayed or Customized Displayed or Customized\" \/>\n<meta property=\"og:url\" content=\"https:\/\/amxim.com\/fr\/product\/vape-jetable-a-bobine-en-maille-elegante-e-liquide-prerempli-de-2-ml-batterie-rechargeable-de-400-mah\/\" \/>\n<meta property=\"og:site_name\" content=\"AMXIM\" \/>\n<meta property=\"article:modified_time\" content=\"2026-03-24T03:40:52+00:00\" \/>\n<meta property=\"og:image\" content=\"https:\/\/amxim.com\/wp-content\/uploads\/2025\/05\/Stylish-Mesh-Coil-Disposable-Vape-2ml-Prefilled-E-liquid-400mAh-Rechargeable-Battery-1.webp\" \/>\n\t<meta property=\"og:image:width\" content=\"1000\" \/>\n\t<meta property=\"og:image:height\" content=\"1000\" \/>\n\t<meta property=\"og:image:type\" content=\"image\/webp\" \/>\n<meta name=\"twitter:card\" content=\"summary_large_image\" \/>\n<meta name=\"twitter:label1\" content=\"Dur\u00e9e de lecture estim\u00e9e\" \/>\n\t<meta name=\"twitter:data1\" content=\"2 minutes\" \/>\n<script type=\"application\/ld+json\" class=\"yoast-schema-graph\">{\"@context\":\"https:\/\/schema.org\",\"@graph\":[{\"@type\":\"WebPage\",\"@id\":\"https:\/\/amxim.com\/product\/stylish-mesh-coil-disposable-vape-2ml-prefilled-e-liquid-400mah-rechargeable-battery\/\",\"url\":\"https:\/\/amxim.com\/product\/stylish-mesh-coil-disposable-vape-2ml-prefilled-e-liquid-400mah-rechargeable-battery\/\",\"name\":\"Stylish Mesh Coil Disposable Vape 2ml Prefilled E-liquid 400mAh Rechargeable Battery\",\"isPartOf\":{\"@id\":\"https:\/\/amxim.com\/#website\"},\"primaryImageOfPage\":{\"@id\":\"https:\/\/amxim.com\/product\/stylish-mesh-coil-disposable-vape-2ml-prefilled-e-liquid-400mah-rechargeable-battery\/#primaryimage\"},\"image\":{\"@id\":\"https:\/\/amxim.com\/product\/stylish-mesh-coil-disposable-vape-2ml-prefilled-e-liquid-400mah-rechargeable-battery\/#primaryimage\"},\"thumbnailUrl\":\"https:\/\/amxim.com\/wp-content\/uploads\/2025\/05\/Stylish-Mesh-Coil-Disposable-Vape-2ml-Prefilled-E-liquid-400mAh-Rechargeable-Battery-1.webp\",\"datePublished\":\"2025-05-10T06:27:55+00:00\",\"dateModified\":\"2026-03-24T03:40:52+00:00\",\"description\":\"Stylish Mesh Coil Disposable Vape 2ml Prefilled E-liquid 400mAh Rechargeable Battery Displayed or Customized Displayed or Customized\",\"breadcrumb\":{\"@id\":\"https:\/\/amxim.com\/product\/stylish-mesh-coil-disposable-vape-2ml-prefilled-e-liquid-400mah-rechargeable-battery\/#breadcrumb\"},\"inLanguage\":\"fr-FR\",\"potentialAction\":[{\"@type\":\"ReadAction\",\"target\":[\"https:\/\/amxim.com\/product\/stylish-mesh-coil-disposable-vape-2ml-prefilled-e-liquid-400mah-rechargeable-battery\/\"]}]},{\"@type\":\"ImageObject\",\"inLanguage\":\"fr-FR\",\"@id\":\"https:\/\/amxim.com\/product\/stylish-mesh-coil-disposable-vape-2ml-prefilled-e-liquid-400mah-rechargeable-battery\/#primaryimage\",\"url\":\"https:\/\/amxim.com\/wp-content\/uploads\/2025\/05\/Stylish-Mesh-Coil-Disposable-Vape-2ml-Prefilled-E-liquid-400mAh-Rechargeable-Battery-1.webp\",\"contentUrl\":\"https:\/\/amxim.com\/wp-content\/uploads\/2025\/05\/Stylish-Mesh-Coil-Disposable-Vape-2ml-Prefilled-E-liquid-400mAh-Rechargeable-Battery-1.webp\",\"width\":1000,\"height\":1000,\"caption\":\"Stylish Mesh Coil Disposable Vape 2ml Prefilled E-liquid 400mAh Rechargeable Battery\"},{\"@type\":\"BreadcrumbList\",\"@id\":\"https:\/\/amxim.com\/product\/stylish-mesh-coil-disposable-vape-2ml-prefilled-e-liquid-400mah-rechargeable-battery\/#breadcrumb\",\"itemListElement\":[{\"@type\":\"ListItem\",\"position\":1,\"name\":\"Home\",\"item\":\"https:\/\/amxim.com\/en\/\"},{\"@type\":\"ListItem\",\"position\":2,\"name\":\"Products\",\"item\":\"https:\/\/amxim.com\/de\/products\/\"},{\"@type\":\"ListItem\",\"position\":3,\"name\":\"Stylish Mesh Coil Disposable Vape 2ML Prefilled E-liquid 400mAh Rechargeable Battery\"}]},{\"@type\":\"WebSite\",\"@id\":\"https:\/\/amxim.com\/#website\",\"url\":\"https:\/\/amxim.com\/\",\"name\":\"AMXIM\",\"description\":\"AMXIM-OEM ODM Vape Manufacturer\",\"publisher\":{\"@id\":\"https:\/\/amxim.com\/#organization\"},\"potentialAction\":[{\"@type\":\"SearchAction\",\"target\":{\"@type\":\"EntryPoint\",\"urlTemplate\":\"https:\/\/amxim.com\/?s={search_term_string}\"},\"query-input\":{\"@type\":\"PropertyValueSpecification\",\"valueRequired\":true,\"valueName\":\"search_term_string\"}}],\"inLanguage\":\"fr-FR\"},{\"@type\":\"Organization\",\"@id\":\"https:\/\/amxim.com\/#organization\",\"name\":\"AMXIM\",\"url\":\"https:\/\/amxim.com\/\",\"logo\":{\"@type\":\"ImageObject\",\"inLanguage\":\"fr-FR\",\"@id\":\"https:\/\/amxim.com\/#\/schema\/logo\/image\/\",\"url\":\"https:\/\/amxim.com\/wp-content\/uploads\/2025\/03\/cropped-AMXIM-fav.webp\",\"contentUrl\":\"https:\/\/amxim.com\/wp-content\/uploads\/2025\/03\/cropped-AMXIM-fav.webp\",\"width\":512,\"height\":512,\"caption\":\"AMXIM\"},\"image\":{\"@id\":\"https:\/\/amxim.com\/#\/schema\/logo\/image\/\"}}]}<\/script>\n<!-- \/ Yoast SEO plugin. -->","yoast_head_json":{"title":"Vape jetable \u00e9l\u00e9gante avec bobine en maille, e-liquide pr\u00e9rempli de 2 ml, batterie rechargeable de 400 mAh","description":"Cigarette \u00e9lectronique jetable \u00e9l\u00e9gante avec bobine en maille, e-liquide pr\u00e9rempli de 2 ml, batterie rechargeable de 400 mAh, affich\u00e9e ou personnalis\u00e9e.","robots":{"index":"index","follow":"follow","max-snippet":"max-snippet:-1","max-image-preview":"max-image-preview:large","max-video-preview":"max-video-preview:-1"},"canonical":"https:\/\/amxim.com\/fr\/product\/vape-jetable-a-bobine-en-maille-elegante-e-liquide-prerempli-de-2-ml-batterie-rechargeable-de-400-mah\/","og_locale":"fr_FR","og_type":"article","og_title":"Stylish Mesh Coil Disposable Vape 2ml Prefilled E-liquid 400mAh Rechargeable Battery","og_description":"Stylish Mesh Coil Disposable Vape 2ml Prefilled E-liquid 400mAh Rechargeable Battery Displayed or Customized Displayed or Customized","og_url":"https:\/\/amxim.com\/fr\/product\/vape-jetable-a-bobine-en-maille-elegante-e-liquide-prerempli-de-2-ml-batterie-rechargeable-de-400-mah\/","og_site_name":"AMXIM","article_modified_time":"2026-03-24T03:40:52+00:00","og_image":[{"width":1000,"height":1000,"url":"https:\/\/amxim.com\/wp-content\/uploads\/2025\/05\/Stylish-Mesh-Coil-Disposable-Vape-2ml-Prefilled-E-liquid-400mAh-Rechargeable-Battery-1.webp","type":"image\/webp"}],"twitter_card":"summary_large_image","twitter_misc":{"Dur\u00e9e de lecture estim\u00e9e":"2 minutes"},"schema":{"@context":"https:\/\/schema.org","@graph":[{"@type":"WebPage","@id":"https:\/\/amxim.com\/product\/stylish-mesh-coil-disposable-vape-2ml-prefilled-e-liquid-400mah-rechargeable-battery\/","url":"https:\/\/amxim.com\/product\/stylish-mesh-coil-disposable-vape-2ml-prefilled-e-liquid-400mah-rechargeable-battery\/","name":"Vape jetable \u00e9l\u00e9gante avec bobine en maille, e-liquide pr\u00e9rempli de 2 ml, batterie rechargeable de 400 mAh","isPartOf":{"@id":"https:\/\/amxim.com\/#website"},"primaryImageOfPage":{"@id":"https:\/\/amxim.com\/product\/stylish-mesh-coil-disposable-vape-2ml-prefilled-e-liquid-400mah-rechargeable-battery\/#primaryimage"},"image":{"@id":"https:\/\/amxim.com\/product\/stylish-mesh-coil-disposable-vape-2ml-prefilled-e-liquid-400mah-rechargeable-battery\/#primaryimage"},"thumbnailUrl":"https:\/\/amxim.com\/wp-content\/uploads\/2025\/05\/Stylish-Mesh-Coil-Disposable-Vape-2ml-Prefilled-E-liquid-400mAh-Rechargeable-Battery-1.webp","datePublished":"2025-05-10T06:27:55+00:00","dateModified":"2026-03-24T03:40:52+00:00","description":"Cigarette \u00e9lectronique jetable \u00e9l\u00e9gante avec bobine en maille, e-liquide pr\u00e9rempli de 2 ml, batterie rechargeable de 400 mAh, affich\u00e9e ou personnalis\u00e9e.","breadcrumb":{"@id":"https:\/\/amxim.com\/product\/stylish-mesh-coil-disposable-vape-2ml-prefilled-e-liquid-400mah-rechargeable-battery\/#breadcrumb"},"inLanguage":"fr-FR","potentialAction":[{"@type":"ReadAction","target":["https:\/\/amxim.com\/product\/stylish-mesh-coil-disposable-vape-2ml-prefilled-e-liquid-400mah-rechargeable-battery\/"]}]},{"@type":"ImageObject","inLanguage":"fr-FR","@id":"https:\/\/amxim.com\/product\/stylish-mesh-coil-disposable-vape-2ml-prefilled-e-liquid-400mah-rechargeable-battery\/#primaryimage","url":"https:\/\/amxim.com\/wp-content\/uploads\/2025\/05\/Stylish-Mesh-Coil-Disposable-Vape-2ml-Prefilled-E-liquid-400mAh-Rechargeable-Battery-1.webp","contentUrl":"https:\/\/amxim.com\/wp-content\/uploads\/2025\/05\/Stylish-Mesh-Coil-Disposable-Vape-2ml-Prefilled-E-liquid-400mAh-Rechargeable-Battery-1.webp","width":1000,"height":1000,"caption":"Stylish Mesh Coil Disposable Vape 2ml Prefilled E-liquid 400mAh Rechargeable Battery"},{"@type":"BreadcrumbList","@id":"https:\/\/amxim.com\/product\/stylish-mesh-coil-disposable-vape-2ml-prefilled-e-liquid-400mah-rechargeable-battery\/#breadcrumb","itemListElement":[{"@type":"ListItem","position":1,"name":"Home","item":"https:\/\/amxim.com\/en\/"},{"@type":"ListItem","position":2,"name":"Products","item":"https:\/\/amxim.com\/de\/products\/"},{"@type":"ListItem","position":3,"name":"Stylish Mesh Coil Disposable Vape 2ML Prefilled E-liquid 400mAh Rechargeable Battery"}]},{"@type":"WebSite","@id":"https:\/\/amxim.com\/#website","url":"https:\/\/amxim.com\/","name":"AMXIM","description":"Fabricant de vapoteuses AMXIM-OEM ODM","publisher":{"@id":"https:\/\/amxim.com\/#organization"},"potentialAction":[{"@type":"SearchAction","target":{"@type":"EntryPoint","urlTemplate":"https:\/\/amxim.com\/?s={search_term_string}"},"query-input":{"@type":"PropertyValueSpecification","valueRequired":true,"valueName":"search_term_string"}}],"inLanguage":"fr-FR"},{"@type":"Organization","@id":"https:\/\/amxim.com\/#organization","name":"AMXIM","url":"https:\/\/amxim.com\/","logo":{"@type":"ImageObject","inLanguage":"fr-FR","@id":"https:\/\/amxim.com\/#\/schema\/logo\/image\/","url":"https:\/\/amxim.com\/wp-content\/uploads\/2025\/03\/cropped-AMXIM-fav.webp","contentUrl":"https:\/\/amxim.com\/wp-content\/uploads\/2025\/03\/cropped-AMXIM-fav.webp","width":512,"height":512,"caption":"AMXIM"},"image":{"@id":"https:\/\/amxim.com\/#\/schema\/logo\/image\/"}}]}},"_links":{"self":[{"href":"https:\/\/amxim.com\/fr\/wp-json\/wp\/v2\/product\/12077","targetHints":{"allow":["GET"]}}],"collection":[{"href":"https:\/\/amxim.com\/fr\/wp-json\/wp\/v2\/product"}],"about":[{"href":"https:\/\/amxim.com\/fr\/wp-json\/wp\/v2\/types\/product"}],"replies":[{"embeddable":true,"href":"https:\/\/amxim.com\/fr\/wp-json\/wp\/v2\/comments?post=12077"}],"version-history":[{"count":7,"href":"https:\/\/amxim.com\/fr\/wp-json\/wp\/v2\/product\/12077\/revisions"}],"predecessor-version":[{"id":13584,"href":"https:\/\/amxim.com\/fr\/wp-json\/wp\/v2\/product\/12077\/revisions\/13584"}],"wp:featuredmedia":[{"embeddable":true,"href":"https:\/\/amxim.com\/fr\/wp-json\/wp\/v2\/media\/12097"}],"wp:attachment":[{"href":"https:\/\/amxim.com\/fr\/wp-json\/wp\/v2\/media?parent=12077"}],"wp:term":[{"taxonomy":"product_brand","embeddable":true,"href":"https:\/\/amxim.com\/fr\/wp-json\/wp\/v2\/product_brand?post=12077"},{"taxonomy":"product_cat","embeddable":true,"href":"https:\/\/amxim.com\/fr\/wp-json\/wp\/v2\/product_cat?post=12077"},{"taxonomy":"product_tag","embeddable":true,"href":"https:\/\/amxim.com\/fr\/wp-json\/wp\/v2\/product_tag?post=12077"}],"curies":[{"name":"wp","href":"https:\/\/api.w.org\/{rel}","templated":true}]}}