{"id":12149,"date":"2025-05-10T07:24:04","date_gmt":"2025-05-10T07:24:04","guid":{"rendered":"https:\/\/amxim.com\/?post_type=product&#038;p=12149"},"modified":"2026-03-24T03:32:38","modified_gmt":"2026-03-24T03:32:38","slug":"systeme-de-pod-vape-remplacable-conforme-a-la-norme-tpd-600-bouffees-e-liquide-2-ml-batterie-500-mah-1-resistance-mesh-6-%cf%89","status":"publish","type":"product","link":"https:\/\/amxim.com\/fr\/product\/systeme-de-pod-vape-remplacable-conforme-a-la-norme-tpd-600-bouffees-e-liquide-2-ml-batterie-500-mah-1-resistance-mesh-6-%cf%89\/","title":{"rendered":"Syst\u00e8me de pod vape rempla\u00e7able conforme \u00e0 la TPD, 600 bouff\u00e9es, e-liquide 2 ml, batterie 500 mAh, r\u00e9sistance maill\u00e9e 1,6 \u03a9"},"content":{"rendered":"<div class=\"product-description\">\n<h2 style=\"text-align: left;\">Syst\u00e8me de pod vape rempla\u00e7able conforme \u00e0 la TPD, 600 bouff\u00e9es, e-liquide 2 ml, batterie 500 mAh, r\u00e9sistance maill\u00e9e 1,6 \u03a9<\/h2>\n<p style=\"text-align: left;\">    This TPD-compliant replaceable vape pod system features a 2ml prefilled e-liquid capacity and delivers up to 600 puffs, making it suitable for EU and UK regulated markets.<\/p>\n<p>Equipped with a 1.6\u03a9 mesh coil, the device provides smooth flavor delivery and stable vapor output. A built-in 500mAh rechargeable battery with a Type-C charging port ensures reliable performance and efficient charging.<\/p>\n<p>Engineered by an experienced vape manufacturer, this pod device offers full OEM\/ODM support, brand-level customization, and high-volume supply\u2014ideal for distributors and importers seeking TPD-compliant pod systems with reliable quality and direct factory cost advantages. <\/p>\n<p>&nbsp;<\/p>\n<h3>Galerie de produits<\/h3>\n<p><img decoding=\"async\" style=\"width: 100%; margin: 0 auto;\" src=\"https:\/\/amxim.com\/wp-content\/uploads\/2025\/05\/TPD-Compliant-Replaceable-Vape-Pod-System-600-Puffs-2ml-E-liquid-500mAh-Battery-1.6%CE%A9-Mesh-Coil-2\" alt=\"Syst\u00e8me de pod vape rempla\u00e7able conforme \u00e0 la TPD, 600 bouff\u00e9es, e-liquide 2 ml, batterie 500 mAh, r\u00e9sistance maill\u00e9e 1,6 \u03a9\" \/><br \/>\n<img decoding=\"async\" style=\"width: 100%; margin: 0 auto;\" src=\"https:\/\/amxim.com\/wp-content\/uploads\/2025\/05\/TPD-Compliant-Replaceable-Vape-Pod-System-600-Puffs-2ml-E-liquid-500mAh-Battery-1.6%CE%A9-Mesh-Coil-3\" alt=\"Syst\u00e8me de pod vape rempla\u00e7able conforme \u00e0 la TPD, 600 bouff\u00e9es, e-liquide 2 ml, batterie 500 mAh, r\u00e9sistance maill\u00e9e 1,6 \u03a9\" \/><br \/>\n<img decoding=\"async\" style=\"width: 100%; margin: 0 auto;\" src=\"https:\/\/amxim.com\/wp-content\/uploads\/2025\/05\/TPD-Compliant-Replaceable-Vape-Pod-System-600-Puffs-2ml-E-liquid-500mAh-Battery-1.6%CE%A9-Mesh-Coil-4\" alt=\"Syst\u00e8me de pod vape rempla\u00e7able conforme \u00e0 la TPD, 600 bouff\u00e9es, e-liquide 2 ml, batterie 500 mAh, r\u00e9sistance maill\u00e9e 1,6 \u03a9\" \/><\/p>\n<\/div>\n<style>\n.product-description {\n    font-family: Arial, sans-serif;\n    max-width: 1400px;\n    margin: 0 auto;\n    padding: 20px;\n    background: #fff;\n    border-radius: 10px;\n    box-shadow: 0 4px 8px rgba(0, 0, 0, 0.1);\n    padding: 20px;\n    padding-bottom: 20px;\n}\n<\/style>","protected":false},"excerpt":{"rendered":"<h3>Sp\u00e9cifications du produit<\/h3>\n<table>\n<tbody>\n<tr>\n<th style=\"text-align: left;\">Type de produit<\/th>\n<td style=\"text-align: left;\">POD rechargeable \/ rempla\u00e7able<\/th>\n<\/tr>\n<tr>\n<th style=\"text-align: left;\">Options de couleur<\/th>\n<td style=\"text-align: left;\">Affich\u00e9 ou personnalis\u00e9<\/td>\n<\/tr>\n<tr>\n<th style=\"text-align: left;\">Taille<\/th>\n<td style=\"text-align: left;\">16 x 119 (mm)<\/td>\n<\/tr>\n<tr>\n<th style=\"text-align: left;\">Saveur<\/th>\n<td style=\"text-align: left;\">Jusqu&#039;\u00e0 50 saveurs<\/td>\n<\/tr>\n<tr>\n<th style=\"text-align: left;\">serpentin de chauffage<\/th>\n<td style=\"text-align: left;\">Bobine maill\u00e9e de 1,6 \u03a9<\/td>\n<\/tr>\n<tr>\n<th style=\"text-align: left;\">E-liquide pr\u00e9-rempli<\/th>\n<td style=\"text-align: left;\">2 ml<\/td>\n<\/tr>\n<tr>\n<th style=\"text-align: left;\">Bouff\u00e9e<\/th>\n<td style=\"text-align: left;\">Jusqu&#039;\u00e0 600 bouff\u00e9es<\/td>\n<\/tr>\n<tr>\n<th style=\"text-align: left;\">Batterie<\/th>\n<td style=\"text-align: left;\">Batterie rechargeable de 500 mAh<\/td>\n<\/tr>\n<tr>\n<th style=\"text-align: left;\">Port de charge<\/th>\n<td style=\"text-align: left;\">Type-C<\/td>\n<\/tr>\n<\/tbody>\n<\/table>","protected":false},"featured_media":12161,"comment_status":"closed","ping_status":"closed","template":"","meta":[],"product_brand":[],"product_cat":[50],"product_tag":[],"class_list":{"0":"post-12149","1":"product","2":"type-product","3":"status-publish","4":"has-post-thumbnail","6":"product_cat-pod-systems","8":"first","9":"instock","10":"featured","11":"shipping-taxable","12":"product-type-simple"},"yoast_head":"<!-- This site is optimized with the Yoast SEO plugin v26.9 - https:\/\/yoast.com\/product\/yoast-seo-wordpress\/ -->\n<title>TPD Compliant Replaceable Vape Pod System 600 Puffs 2ml E-liquid 500mAh Battery 1.6\u03a9 Mesh Coil<\/title>\n<meta name=\"description\" content=\"TPD Compliant Replaceable Vape Pod System 600 Puffs 2ml E-liquid 500mAh Battery 1.6\u03a9 Mesh Coil Displayed or Customized Displayed or Customized\" \/>\n<meta name=\"robots\" content=\"index, follow, max-snippet:-1, max-image-preview:large, max-video-preview:-1\" \/>\n<link rel=\"canonical\" href=\"https:\/\/amxim.com\/fr\/product\/systeme-de-pod-vape-remplacable-conforme-a-la-norme-tpd-600-bouffees-e-liquide-2-ml-batterie-500-mah-1-resistance-mesh-6-\u03c9\/\" \/>\n<meta property=\"og:locale\" content=\"fr_FR\" \/>\n<meta property=\"og:type\" content=\"article\" \/>\n<meta property=\"og:title\" content=\"TPD Compliant Replaceable Vape Pod System 600 Puffs 2ml E-liquid 500mAh Battery 1.6\u03a9 Mesh Coil\" \/>\n<meta property=\"og:description\" content=\"TPD Compliant Replaceable Vape Pod System 600 Puffs 2ml E-liquid 500mAh Battery 1.6\u03a9 Mesh Coil Displayed or Customized Displayed or Customized\" \/>\n<meta property=\"og:url\" content=\"https:\/\/amxim.com\/fr\/product\/systeme-de-pod-vape-remplacable-conforme-a-la-norme-tpd-600-bouffees-e-liquide-2-ml-batterie-500-mah-1-resistance-mesh-6-\u03c9\/\" \/>\n<meta property=\"og:site_name\" content=\"AMXIM\" \/>\n<meta property=\"article:modified_time\" content=\"2026-03-24T03:32:38+00:00\" \/>\n<meta property=\"og:image\" content=\"https:\/\/amxim.com\/wp-content\/uploads\/2025\/05\/TPD-Compliant-Replaceable-Vape-Pod-System-600-Puffs-2ml-E-liquid-500mAh-Battery-1.6\u03a9-Mesh-Coil-1.webp\" \/>\n\t<meta property=\"og:image:width\" content=\"1000\" \/>\n\t<meta property=\"og:image:height\" content=\"1000\" \/>\n\t<meta property=\"og:image:type\" content=\"image\/webp\" \/>\n<meta name=\"twitter:card\" content=\"summary_large_image\" \/>\n<meta name=\"twitter:label1\" content=\"Dur\u00e9e de lecture estim\u00e9e\" \/>\n\t<meta name=\"twitter:data1\" content=\"2 minutes\" \/>\n<script type=\"application\/ld+json\" class=\"yoast-schema-graph\">{\"@context\":\"https:\/\/schema.org\",\"@graph\":[{\"@type\":\"WebPage\",\"@id\":\"https:\/\/amxim.com\/product\/tpd-compliant-replaceable-vape-pod-system-600-puffs-2ml-e-liquid-500mah-battery-1-6%cf%89-mesh-coil\/\",\"url\":\"https:\/\/amxim.com\/product\/tpd-compliant-replaceable-vape-pod-system-600-puffs-2ml-e-liquid-500mah-battery-1-6%cf%89-mesh-coil\/\",\"name\":\"TPD Compliant Replaceable Vape Pod System 600 Puffs 2ml E-liquid 500mAh Battery 1.6\u03a9 Mesh Coil\",\"isPartOf\":{\"@id\":\"https:\/\/amxim.com\/#website\"},\"primaryImageOfPage\":{\"@id\":\"https:\/\/amxim.com\/product\/tpd-compliant-replaceable-vape-pod-system-600-puffs-2ml-e-liquid-500mah-battery-1-6%cf%89-mesh-coil\/#primaryimage\"},\"image\":{\"@id\":\"https:\/\/amxim.com\/product\/tpd-compliant-replaceable-vape-pod-system-600-puffs-2ml-e-liquid-500mah-battery-1-6%cf%89-mesh-coil\/#primaryimage\"},\"thumbnailUrl\":\"https:\/\/amxim.com\/wp-content\/uploads\/2025\/05\/TPD-Compliant-Replaceable-Vape-Pod-System-600-Puffs-2ml-E-liquid-500mAh-Battery-1.6\u03a9-Mesh-Coil-1.webp\",\"datePublished\":\"2025-05-10T07:24:04+00:00\",\"dateModified\":\"2026-03-24T03:32:38+00:00\",\"description\":\"TPD Compliant Replaceable Vape Pod System 600 Puffs 2ml E-liquid 500mAh Battery 1.6\u03a9 Mesh Coil Displayed or Customized Displayed or Customized\",\"breadcrumb\":{\"@id\":\"https:\/\/amxim.com\/product\/tpd-compliant-replaceable-vape-pod-system-600-puffs-2ml-e-liquid-500mah-battery-1-6%cf%89-mesh-coil\/#breadcrumb\"},\"inLanguage\":\"fr-FR\",\"potentialAction\":[{\"@type\":\"ReadAction\",\"target\":[\"https:\/\/amxim.com\/product\/tpd-compliant-replaceable-vape-pod-system-600-puffs-2ml-e-liquid-500mah-battery-1-6%cf%89-mesh-coil\/\"]}]},{\"@type\":\"ImageObject\",\"inLanguage\":\"fr-FR\",\"@id\":\"https:\/\/amxim.com\/product\/tpd-compliant-replaceable-vape-pod-system-600-puffs-2ml-e-liquid-500mah-battery-1-6%cf%89-mesh-coil\/#primaryimage\",\"url\":\"https:\/\/amxim.com\/wp-content\/uploads\/2025\/05\/TPD-Compliant-Replaceable-Vape-Pod-System-600-Puffs-2ml-E-liquid-500mAh-Battery-1.6\u03a9-Mesh-Coil-1.webp\",\"contentUrl\":\"https:\/\/amxim.com\/wp-content\/uploads\/2025\/05\/TPD-Compliant-Replaceable-Vape-Pod-System-600-Puffs-2ml-E-liquid-500mAh-Battery-1.6\u03a9-Mesh-Coil-1.webp\",\"width\":1000,\"height\":1000,\"caption\":\"TPD Compliant Replaceable Vape Pod System 600 Puffs 2ml E-liquid 500mAh Battery 1.6\u03a9 Mesh Coil\"},{\"@type\":\"BreadcrumbList\",\"@id\":\"https:\/\/amxim.com\/product\/tpd-compliant-replaceable-vape-pod-system-600-puffs-2ml-e-liquid-500mah-battery-1-6%cf%89-mesh-coil\/#breadcrumb\",\"itemListElement\":[{\"@type\":\"ListItem\",\"position\":1,\"name\":\"Home\",\"item\":\"https:\/\/amxim.com\/\"},{\"@type\":\"ListItem\",\"position\":2,\"name\":\"Products\",\"item\":\"https:\/\/amxim.com\/de\/products\/\"},{\"@type\":\"ListItem\",\"position\":3,\"name\":\"TPD Compliant Replaceable Vape Pod System 600 Puffs 2ML E-liquid 500mAh Battery 1.6\u03a9 Mesh Coil\"}]},{\"@type\":\"WebSite\",\"@id\":\"https:\/\/amxim.com\/#website\",\"url\":\"https:\/\/amxim.com\/\",\"name\":\"AMXIM\",\"description\":\"AMXIM-OEM ODM Vape Manufacturer\",\"publisher\":{\"@id\":\"https:\/\/amxim.com\/#organization\"},\"potentialAction\":[{\"@type\":\"SearchAction\",\"target\":{\"@type\":\"EntryPoint\",\"urlTemplate\":\"https:\/\/amxim.com\/?s={search_term_string}\"},\"query-input\":{\"@type\":\"PropertyValueSpecification\",\"valueRequired\":true,\"valueName\":\"search_term_string\"}}],\"inLanguage\":\"fr-FR\"},{\"@type\":\"Organization\",\"@id\":\"https:\/\/amxim.com\/#organization\",\"name\":\"AMXIM\",\"url\":\"https:\/\/amxim.com\/\",\"logo\":{\"@type\":\"ImageObject\",\"inLanguage\":\"fr-FR\",\"@id\":\"https:\/\/amxim.com\/#\/schema\/logo\/image\/\",\"url\":\"https:\/\/amxim.com\/wp-content\/uploads\/2025\/03\/cropped-AMXIM-fav.webp\",\"contentUrl\":\"https:\/\/amxim.com\/wp-content\/uploads\/2025\/03\/cropped-AMXIM-fav.webp\",\"width\":512,\"height\":512,\"caption\":\"AMXIM\"},\"image\":{\"@id\":\"https:\/\/amxim.com\/#\/schema\/logo\/image\/\"}}]}<\/script>\n<!-- \/ Yoast SEO plugin. -->","yoast_head_json":{"title":"Syst\u00e8me de pod vape rempla\u00e7able conforme \u00e0 la TPD, 600 bouff\u00e9es, e-liquide 2 ml, batterie 500 mAh, r\u00e9sistance maill\u00e9e 1,6 \u03a9","description":"Syst\u00e8me de pod vape rempla\u00e7able conforme \u00e0 la TPD 600 bouff\u00e9es e-liquide 2 ml Batterie 500 mAh Bobine maill\u00e9e 1,6 \u03a9 Affich\u00e9 ou personnalis\u00e9 Affich\u00e9 ou personnalis\u00e9","robots":{"index":"index","follow":"follow","max-snippet":"max-snippet:-1","max-image-preview":"max-image-preview:large","max-video-preview":"max-video-preview:-1"},"canonical":"https:\/\/amxim.com\/fr\/product\/systeme-de-pod-vape-remplacable-conforme-a-la-norme-tpd-600-bouffees-e-liquide-2-ml-batterie-500-mah-1-resistance-mesh-6-\u03c9\/","og_locale":"fr_FR","og_type":"article","og_title":"TPD Compliant Replaceable Vape Pod System 600 Puffs 2ml E-liquid 500mAh Battery 1.6\u03a9 Mesh Coil","og_description":"TPD Compliant Replaceable Vape Pod System 600 Puffs 2ml E-liquid 500mAh Battery 1.6\u03a9 Mesh Coil Displayed or Customized Displayed or Customized","og_url":"https:\/\/amxim.com\/fr\/product\/systeme-de-pod-vape-remplacable-conforme-a-la-norme-tpd-600-bouffees-e-liquide-2-ml-batterie-500-mah-1-resistance-mesh-6-\u03c9\/","og_site_name":"AMXIM","article_modified_time":"2026-03-24T03:32:38+00:00","og_image":[{"width":1000,"height":1000,"url":"https:\/\/amxim.com\/wp-content\/uploads\/2025\/05\/TPD-Compliant-Replaceable-Vape-Pod-System-600-Puffs-2ml-E-liquid-500mAh-Battery-1.6\u03a9-Mesh-Coil-1.webp","type":"image\/webp"}],"twitter_card":"summary_large_image","twitter_misc":{"Dur\u00e9e de lecture estim\u00e9e":"2 minutes"},"schema":{"@context":"https:\/\/schema.org","@graph":[{"@type":"WebPage","@id":"https:\/\/amxim.com\/product\/tpd-compliant-replaceable-vape-pod-system-600-puffs-2ml-e-liquid-500mah-battery-1-6%cf%89-mesh-coil\/","url":"https:\/\/amxim.com\/product\/tpd-compliant-replaceable-vape-pod-system-600-puffs-2ml-e-liquid-500mah-battery-1-6%cf%89-mesh-coil\/","name":"Syst\u00e8me de pod vape rempla\u00e7able conforme \u00e0 la TPD, 600 bouff\u00e9es, e-liquide 2 ml, batterie 500 mAh, r\u00e9sistance maill\u00e9e 1,6 \u03a9","isPartOf":{"@id":"https:\/\/amxim.com\/#website"},"primaryImageOfPage":{"@id":"https:\/\/amxim.com\/product\/tpd-compliant-replaceable-vape-pod-system-600-puffs-2ml-e-liquid-500mah-battery-1-6%cf%89-mesh-coil\/#primaryimage"},"image":{"@id":"https:\/\/amxim.com\/product\/tpd-compliant-replaceable-vape-pod-system-600-puffs-2ml-e-liquid-500mah-battery-1-6%cf%89-mesh-coil\/#primaryimage"},"thumbnailUrl":"https:\/\/amxim.com\/wp-content\/uploads\/2025\/05\/TPD-Compliant-Replaceable-Vape-Pod-System-600-Puffs-2ml-E-liquid-500mAh-Battery-1.6\u03a9-Mesh-Coil-1.webp","datePublished":"2025-05-10T07:24:04+00:00","dateModified":"2026-03-24T03:32:38+00:00","description":"Syst\u00e8me de pod vape rempla\u00e7able conforme \u00e0 la TPD 600 bouff\u00e9es e-liquide 2 ml Batterie 500 mAh Bobine maill\u00e9e 1,6 \u03a9 Affich\u00e9 ou personnalis\u00e9 Affich\u00e9 ou personnalis\u00e9","breadcrumb":{"@id":"https:\/\/amxim.com\/product\/tpd-compliant-replaceable-vape-pod-system-600-puffs-2ml-e-liquid-500mah-battery-1-6%cf%89-mesh-coil\/#breadcrumb"},"inLanguage":"fr-FR","potentialAction":[{"@type":"ReadAction","target":["https:\/\/amxim.com\/product\/tpd-compliant-replaceable-vape-pod-system-600-puffs-2ml-e-liquid-500mah-battery-1-6%cf%89-mesh-coil\/"]}]},{"@type":"ImageObject","inLanguage":"fr-FR","@id":"https:\/\/amxim.com\/product\/tpd-compliant-replaceable-vape-pod-system-600-puffs-2ml-e-liquid-500mah-battery-1-6%cf%89-mesh-coil\/#primaryimage","url":"https:\/\/amxim.com\/wp-content\/uploads\/2025\/05\/TPD-Compliant-Replaceable-Vape-Pod-System-600-Puffs-2ml-E-liquid-500mAh-Battery-1.6\u03a9-Mesh-Coil-1.webp","contentUrl":"https:\/\/amxim.com\/wp-content\/uploads\/2025\/05\/TPD-Compliant-Replaceable-Vape-Pod-System-600-Puffs-2ml-E-liquid-500mAh-Battery-1.6\u03a9-Mesh-Coil-1.webp","width":1000,"height":1000,"caption":"TPD Compliant Replaceable Vape Pod System 600 Puffs 2ml E-liquid 500mAh Battery 1.6\u03a9 Mesh Coil"},{"@type":"BreadcrumbList","@id":"https:\/\/amxim.com\/product\/tpd-compliant-replaceable-vape-pod-system-600-puffs-2ml-e-liquid-500mah-battery-1-6%cf%89-mesh-coil\/#breadcrumb","itemListElement":[{"@type":"ListItem","position":1,"name":"Home","item":"https:\/\/amxim.com\/"},{"@type":"ListItem","position":2,"name":"Products","item":"https:\/\/amxim.com\/de\/products\/"},{"@type":"ListItem","position":3,"name":"TPD Compliant Replaceable Vape Pod System 600 Puffs 2ML E-liquid 500mAh Battery 1.6\u03a9 Mesh Coil"}]},{"@type":"WebSite","@id":"https:\/\/amxim.com\/#website","url":"https:\/\/amxim.com\/","name":"AMXIM","description":"Fabricant de vapoteuses AMXIM-OEM ODM","publisher":{"@id":"https:\/\/amxim.com\/#organization"},"potentialAction":[{"@type":"SearchAction","target":{"@type":"EntryPoint","urlTemplate":"https:\/\/amxim.com\/?s={search_term_string}"},"query-input":{"@type":"PropertyValueSpecification","valueRequired":true,"valueName":"search_term_string"}}],"inLanguage":"fr-FR"},{"@type":"Organization","@id":"https:\/\/amxim.com\/#organization","name":"AMXIM","url":"https:\/\/amxim.com\/","logo":{"@type":"ImageObject","inLanguage":"fr-FR","@id":"https:\/\/amxim.com\/#\/schema\/logo\/image\/","url":"https:\/\/amxim.com\/wp-content\/uploads\/2025\/03\/cropped-AMXIM-fav.webp","contentUrl":"https:\/\/amxim.com\/wp-content\/uploads\/2025\/03\/cropped-AMXIM-fav.webp","width":512,"height":512,"caption":"AMXIM"},"image":{"@id":"https:\/\/amxim.com\/#\/schema\/logo\/image\/"}}]}},"_links":{"self":[{"href":"https:\/\/amxim.com\/fr\/wp-json\/wp\/v2\/product\/12149","targetHints":{"allow":["GET"]}}],"collection":[{"href":"https:\/\/amxim.com\/fr\/wp-json\/wp\/v2\/product"}],"about":[{"href":"https:\/\/amxim.com\/fr\/wp-json\/wp\/v2\/types\/product"}],"replies":[{"embeddable":true,"href":"https:\/\/amxim.com\/fr\/wp-json\/wp\/v2\/comments?post=12149"}],"version-history":[{"count":9,"href":"https:\/\/amxim.com\/fr\/wp-json\/wp\/v2\/product\/12149\/revisions"}],"predecessor-version":[{"id":13576,"href":"https:\/\/amxim.com\/fr\/wp-json\/wp\/v2\/product\/12149\/revisions\/13576"}],"wp:featuredmedia":[{"embeddable":true,"href":"https:\/\/amxim.com\/fr\/wp-json\/wp\/v2\/media\/12161"}],"wp:attachment":[{"href":"https:\/\/amxim.com\/fr\/wp-json\/wp\/v2\/media?parent=12149"}],"wp:term":[{"taxonomy":"product_brand","embeddable":true,"href":"https:\/\/amxim.com\/fr\/wp-json\/wp\/v2\/product_brand?post=12149"},{"taxonomy":"product_cat","embeddable":true,"href":"https:\/\/amxim.com\/fr\/wp-json\/wp\/v2\/product_cat?post=12149"},{"taxonomy":"product_tag","embeddable":true,"href":"https:\/\/amxim.com\/fr\/wp-json\/wp\/v2\/product_tag?post=12149"}],"curies":[{"name":"wp","href":"https:\/\/api.w.org\/{rel}","templated":true}]}}