{"id":12246,"date":"2025-05-14T02:31:28","date_gmt":"2025-05-14T02:31:28","guid":{"rendered":"https:\/\/amxim.com\/?post_type=product&#038;p=12246"},"modified":"2026-03-24T03:32:11","modified_gmt":"2026-03-24T03:32:11","slug":"chicha-electronique-elegante-avec-e-liquide-de-16-ml-dosettes-a-saveurs-multiples-ecran-led","status":"publish","type":"product","link":"https:\/\/amxim.com\/fr\/product\/chicha-electronique-elegante-avec-e-liquide-de-16-ml-dosettes-a-saveurs-multiples-ecran-led\/","title":{"rendered":"Chicha \u00e9lectronique \u00e9l\u00e9gante avec e-liquide de 16 ml et dosettes multi-ar\u00f4mes, \u00e9cran LED"},"content":{"rendered":"<div class=\"product-description\">\n<h2 style=\"text-align: left;\">Chicha \u00e9lectronique \u00e9l\u00e9gante avec e-liquide de 16 ml et dosettes multi-ar\u00f4mes, \u00e9cran LED<\/h2>\n<p style=\"text-align: left;\">   This stylish electronic shisha features a large 16ml prefilled e-juice capacity and delivers up to 15,000 puffs, designed for long-lasting use and premium performance. The LED screen provides clear usage information and enhances the modern design.<\/p>\n<p>Supporting up to 50 flavor options, this shisha vape offers smooth vapor and consistent output, powered by a 650mAh rechargeable battery. It contains 5mg\/ml nicotine to meet different market preferences.<\/p>\n<p>Designed and produced by an established vaping manufacturer, this e-shisha device delivers flexible OEM\/ODM customization, private branding, and large-scale wholesale availability\u2014making it a strong fit for distributors and importers who need high-capacity shisha-style vapes sourced directly from the factory at competitive cost. <\/p>\n<p>&nbsp;<\/p>\n<h3>Galerie de produits<\/h3>\n<p><img decoding=\"async\" style=\"width: 100%; margin: 0 auto;\" src=\"https:\/\/amxim.com\/wp-content\/uploads\/2025\/05\/Stylish-Electronic-Shisha-with-16ml-E-Juice-Multiple-Flavor-Pods-LED-Screen-6\" alt=\"Chicha \u00e9lectronique \u00e9l\u00e9gante avec e-liquide de 16 ml et dosettes multi-ar\u00f4mes, \u00e9cran LED\" \/><\/p>\n<\/div>\n<style>\n.product-description {\n    font-family: Arial, sans-serif;\n    max-width: 1400px;\n    margin: 0 auto;\n    padding: 20px;\n    background: #fff;\n    border-radius: 10px;\n    box-shadow: 0 4px 8px rgba(0, 0, 0, 0.1);\n    padding: 20px;\n    padding-bottom: 20px;\n}\n<\/style>","protected":false},"excerpt":{"rendered":"<h3>Sp\u00e9cifications du produit<\/h3>\n<table>\n<tbody>\n<tr>\n<th style=\"text-align: left;\">Type de produit<\/th>\n<td style=\"text-align: left;\">Chicha num\u00e9rique \/ Shisha \u00e9lectronique<\/td>\n<\/tr>\n<tr>\n<th style=\"text-align: left;\">Options de couleur<\/th>\n<td style=\"text-align: left;\">Affich\u00e9 ou personnalis\u00e9<\/td>\n<\/tr>\n<tr>\n<th style=\"text-align: left;\">Taille<\/th>\n<td style=\"text-align: left;\">800 x 2000 (mm)<\/td>\n<\/tr>\n<tr>\n<th style=\"text-align: left;\">Saveur<\/th>\n<td style=\"text-align: left;\">Jusqu&#039;\u00e0 50 saveurs<\/td>\n<\/tr>\n<tr>\n<th style=\"text-align: left;\">E-liquide pr\u00e9-rempli<\/th>\n<td style=\"text-align: left;\">16 ML<\/td>\n<\/tr>\n<tr>\n<th style=\"text-align: left;\">Bouff\u00e9e<\/th>\n<td style=\"text-align: left;\">Jusqu&#039;\u00e0 15 000 bouff\u00e9es<\/td>\n<\/tr>\n<tr>\n<th style=\"text-align: left;\">Batterie<\/th>\n<td style=\"text-align: left;\">Batterie rechargeable de 650 mAh<\/td>\n<\/tr>\n<tr>\n<th style=\"text-align: left;\">Nicotine<\/th>\n<td style=\"text-align: left;\">5 mg\/ml<\/td>\n<\/tr>\n<\/tbody>\n<\/table>","protected":false},"featured_media":12247,"comment_status":"closed","ping_status":"closed","template":"","meta":[],"product_brand":[],"product_cat":[61,47],"product_tag":[],"class_list":{"0":"post-12246","1":"product","2":"type-product","3":"status-publish","4":"has-post-thumbnail","6":"product_cat-cigalikes","7":"product_cat-disposable-vapes","9":"first","10":"instock","11":"shipping-taxable","12":"product-type-simple"},"yoast_head":"<!-- This site is optimized with the Yoast SEO plugin v26.9 - https:\/\/yoast.com\/product\/yoast-seo-wordpress\/ -->\n<title>Stylish Electronic Shisha with 16ml E-Juice Multiple Flavor Pods LED Screen<\/title>\n<meta name=\"description\" content=\"Stylish Electronic Shisha with 16ml E-Juice Multiple Flavor Pods LED Screen Displayed or Customized Up to 50 flavors Rechargeable disposable Vape\" \/>\n<meta name=\"robots\" content=\"index, follow, max-snippet:-1, max-image-preview:large, max-video-preview:-1\" \/>\n<link rel=\"canonical\" href=\"https:\/\/amxim.com\/fr\/product\/chicha-electronique-elegante-avec-e-liquide-de-16-ml-dosettes-a-saveurs-multiples-ecran-led\/\" \/>\n<meta property=\"og:locale\" content=\"fr_FR\" \/>\n<meta property=\"og:type\" content=\"article\" \/>\n<meta property=\"og:title\" content=\"Stylish Electronic Shisha with 16ml E-Juice Multiple Flavor Pods LED Screen\" \/>\n<meta property=\"og:description\" content=\"Stylish Electronic Shisha with 16ml E-Juice Multiple Flavor Pods LED Screen Displayed or Customized Up to 50 flavors Rechargeable disposable Vape\" \/>\n<meta property=\"og:url\" content=\"https:\/\/amxim.com\/fr\/product\/chicha-electronique-elegante-avec-e-liquide-de-16-ml-dosettes-a-saveurs-multiples-ecran-led\/\" \/>\n<meta property=\"og:site_name\" content=\"AMXIM\" \/>\n<meta property=\"article:modified_time\" content=\"2026-03-24T03:32:11+00:00\" \/>\n<meta property=\"og:image\" content=\"https:\/\/amxim.com\/wp-content\/uploads\/2025\/05\/Stylish-Electronic-Shisha-with-16ml-E-Juice-Multiple-Flavor-Pods-LED-Screen-1.webp\" \/>\n\t<meta property=\"og:image:width\" content=\"1000\" \/>\n\t<meta property=\"og:image:height\" content=\"1000\" \/>\n\t<meta property=\"og:image:type\" content=\"image\/webp\" \/>\n<meta name=\"twitter:card\" content=\"summary_large_image\" \/>\n<meta name=\"twitter:label1\" content=\"Dur\u00e9e de lecture estim\u00e9e\" \/>\n\t<meta name=\"twitter:data1\" content=\"1 minute\" \/>\n<script type=\"application\/ld+json\" class=\"yoast-schema-graph\">{\"@context\":\"https:\/\/schema.org\",\"@graph\":[{\"@type\":\"WebPage\",\"@id\":\"https:\/\/amxim.com\/product\/stylish-electronic-shisha-with-16ml-e-juice-multiple-flavor-pods-led-screen\/\",\"url\":\"https:\/\/amxim.com\/product\/stylish-electronic-shisha-with-16ml-e-juice-multiple-flavor-pods-led-screen\/\",\"name\":\"Stylish Electronic Shisha with 16ml E-Juice Multiple Flavor Pods LED Screen\",\"isPartOf\":{\"@id\":\"https:\/\/amxim.com\/#website\"},\"primaryImageOfPage\":{\"@id\":\"https:\/\/amxim.com\/product\/stylish-electronic-shisha-with-16ml-e-juice-multiple-flavor-pods-led-screen\/#primaryimage\"},\"image\":{\"@id\":\"https:\/\/amxim.com\/product\/stylish-electronic-shisha-with-16ml-e-juice-multiple-flavor-pods-led-screen\/#primaryimage\"},\"thumbnailUrl\":\"https:\/\/amxim.com\/wp-content\/uploads\/2025\/05\/Stylish-Electronic-Shisha-with-16ml-E-Juice-Multiple-Flavor-Pods-LED-Screen-1.webp\",\"datePublished\":\"2025-05-14T02:31:28+00:00\",\"dateModified\":\"2026-03-24T03:32:11+00:00\",\"description\":\"Stylish Electronic Shisha with 16ml E-Juice Multiple Flavor Pods LED Screen Displayed or Customized Up to 50 flavors Rechargeable disposable Vape\",\"breadcrumb\":{\"@id\":\"https:\/\/amxim.com\/product\/stylish-electronic-shisha-with-16ml-e-juice-multiple-flavor-pods-led-screen\/#breadcrumb\"},\"inLanguage\":\"fr-FR\",\"potentialAction\":[{\"@type\":\"ReadAction\",\"target\":[\"https:\/\/amxim.com\/product\/stylish-electronic-shisha-with-16ml-e-juice-multiple-flavor-pods-led-screen\/\"]}]},{\"@type\":\"ImageObject\",\"inLanguage\":\"fr-FR\",\"@id\":\"https:\/\/amxim.com\/product\/stylish-electronic-shisha-with-16ml-e-juice-multiple-flavor-pods-led-screen\/#primaryimage\",\"url\":\"https:\/\/amxim.com\/wp-content\/uploads\/2025\/05\/Stylish-Electronic-Shisha-with-16ml-E-Juice-Multiple-Flavor-Pods-LED-Screen-1.webp\",\"contentUrl\":\"https:\/\/amxim.com\/wp-content\/uploads\/2025\/05\/Stylish-Electronic-Shisha-with-16ml-E-Juice-Multiple-Flavor-Pods-LED-Screen-1.webp\",\"width\":1000,\"height\":1000,\"caption\":\"Stylish Electronic Shisha with 16ml E-Juice Multiple Flavor Pods LED Screen\"},{\"@type\":\"BreadcrumbList\",\"@id\":\"https:\/\/amxim.com\/product\/stylish-electronic-shisha-with-16ml-e-juice-multiple-flavor-pods-led-screen\/#breadcrumb\",\"itemListElement\":[{\"@type\":\"ListItem\",\"position\":1,\"name\":\"Home\",\"item\":\"https:\/\/amxim.com\/en\/\"},{\"@type\":\"ListItem\",\"position\":2,\"name\":\"Products\",\"item\":\"https:\/\/amxim.com\/de\/products\/\"},{\"@type\":\"ListItem\",\"position\":3,\"name\":\"Stylish Electronic Shisha with 16ml E-Juice Multiple Flavor Pods LED Screen\"}]},{\"@type\":\"WebSite\",\"@id\":\"https:\/\/amxim.com\/#website\",\"url\":\"https:\/\/amxim.com\/\",\"name\":\"AMXIM\",\"description\":\"AMXIM-OEM ODM Vape Manufacturer\",\"publisher\":{\"@id\":\"https:\/\/amxim.com\/#organization\"},\"potentialAction\":[{\"@type\":\"SearchAction\",\"target\":{\"@type\":\"EntryPoint\",\"urlTemplate\":\"https:\/\/amxim.com\/?s={search_term_string}\"},\"query-input\":{\"@type\":\"PropertyValueSpecification\",\"valueRequired\":true,\"valueName\":\"search_term_string\"}}],\"inLanguage\":\"fr-FR\"},{\"@type\":\"Organization\",\"@id\":\"https:\/\/amxim.com\/#organization\",\"name\":\"AMXIM\",\"url\":\"https:\/\/amxim.com\/\",\"logo\":{\"@type\":\"ImageObject\",\"inLanguage\":\"fr-FR\",\"@id\":\"https:\/\/amxim.com\/#\/schema\/logo\/image\/\",\"url\":\"https:\/\/amxim.com\/wp-content\/uploads\/2025\/03\/cropped-AMXIM-fav.webp\",\"contentUrl\":\"https:\/\/amxim.com\/wp-content\/uploads\/2025\/03\/cropped-AMXIM-fav.webp\",\"width\":512,\"height\":512,\"caption\":\"AMXIM\"},\"image\":{\"@id\":\"https:\/\/amxim.com\/#\/schema\/logo\/image\/\"}}]}<\/script>\n<!-- \/ Yoast SEO plugin. -->","yoast_head_json":{"title":"Chicha \u00e9lectronique \u00e9l\u00e9gante avec e-liquide de 16 ml et dosettes multi-ar\u00f4mes, \u00e9cran LED","description":"Chicha \u00e9lectronique \u00e9l\u00e9gante avec e-liquide de 16 ml, dosettes \u00e0 saveurs multiples, \u00e9cran LED affich\u00e9 ou personnalis\u00e9, jusqu&#039;\u00e0 50 saveurs, vape jetable rechargeable","robots":{"index":"index","follow":"follow","max-snippet":"max-snippet:-1","max-image-preview":"max-image-preview:large","max-video-preview":"max-video-preview:-1"},"canonical":"https:\/\/amxim.com\/fr\/product\/chicha-electronique-elegante-avec-e-liquide-de-16-ml-dosettes-a-saveurs-multiples-ecran-led\/","og_locale":"fr_FR","og_type":"article","og_title":"Stylish Electronic Shisha with 16ml E-Juice Multiple Flavor Pods LED Screen","og_description":"Stylish Electronic Shisha with 16ml E-Juice Multiple Flavor Pods LED Screen Displayed or Customized Up to 50 flavors Rechargeable disposable Vape","og_url":"https:\/\/amxim.com\/fr\/product\/chicha-electronique-elegante-avec-e-liquide-de-16-ml-dosettes-a-saveurs-multiples-ecran-led\/","og_site_name":"AMXIM","article_modified_time":"2026-03-24T03:32:11+00:00","og_image":[{"width":1000,"height":1000,"url":"https:\/\/amxim.com\/wp-content\/uploads\/2025\/05\/Stylish-Electronic-Shisha-with-16ml-E-Juice-Multiple-Flavor-Pods-LED-Screen-1.webp","type":"image\/webp"}],"twitter_card":"summary_large_image","twitter_misc":{"Dur\u00e9e de lecture estim\u00e9e":"1 minute"},"schema":{"@context":"https:\/\/schema.org","@graph":[{"@type":"WebPage","@id":"https:\/\/amxim.com\/product\/stylish-electronic-shisha-with-16ml-e-juice-multiple-flavor-pods-led-screen\/","url":"https:\/\/amxim.com\/product\/stylish-electronic-shisha-with-16ml-e-juice-multiple-flavor-pods-led-screen\/","name":"Chicha \u00e9lectronique \u00e9l\u00e9gante avec e-liquide de 16 ml et dosettes multi-ar\u00f4mes, \u00e9cran LED","isPartOf":{"@id":"https:\/\/amxim.com\/#website"},"primaryImageOfPage":{"@id":"https:\/\/amxim.com\/product\/stylish-electronic-shisha-with-16ml-e-juice-multiple-flavor-pods-led-screen\/#primaryimage"},"image":{"@id":"https:\/\/amxim.com\/product\/stylish-electronic-shisha-with-16ml-e-juice-multiple-flavor-pods-led-screen\/#primaryimage"},"thumbnailUrl":"https:\/\/amxim.com\/wp-content\/uploads\/2025\/05\/Stylish-Electronic-Shisha-with-16ml-E-Juice-Multiple-Flavor-Pods-LED-Screen-1.webp","datePublished":"2025-05-14T02:31:28+00:00","dateModified":"2026-03-24T03:32:11+00:00","description":"Chicha \u00e9lectronique \u00e9l\u00e9gante avec e-liquide de 16 ml, dosettes \u00e0 saveurs multiples, \u00e9cran LED affich\u00e9 ou personnalis\u00e9, jusqu&#039;\u00e0 50 saveurs, vape jetable rechargeable","breadcrumb":{"@id":"https:\/\/amxim.com\/product\/stylish-electronic-shisha-with-16ml-e-juice-multiple-flavor-pods-led-screen\/#breadcrumb"},"inLanguage":"fr-FR","potentialAction":[{"@type":"ReadAction","target":["https:\/\/amxim.com\/product\/stylish-electronic-shisha-with-16ml-e-juice-multiple-flavor-pods-led-screen\/"]}]},{"@type":"ImageObject","inLanguage":"fr-FR","@id":"https:\/\/amxim.com\/product\/stylish-electronic-shisha-with-16ml-e-juice-multiple-flavor-pods-led-screen\/#primaryimage","url":"https:\/\/amxim.com\/wp-content\/uploads\/2025\/05\/Stylish-Electronic-Shisha-with-16ml-E-Juice-Multiple-Flavor-Pods-LED-Screen-1.webp","contentUrl":"https:\/\/amxim.com\/wp-content\/uploads\/2025\/05\/Stylish-Electronic-Shisha-with-16ml-E-Juice-Multiple-Flavor-Pods-LED-Screen-1.webp","width":1000,"height":1000,"caption":"Stylish Electronic Shisha with 16ml E-Juice Multiple Flavor Pods LED Screen"},{"@type":"BreadcrumbList","@id":"https:\/\/amxim.com\/product\/stylish-electronic-shisha-with-16ml-e-juice-multiple-flavor-pods-led-screen\/#breadcrumb","itemListElement":[{"@type":"ListItem","position":1,"name":"Home","item":"https:\/\/amxim.com\/en\/"},{"@type":"ListItem","position":2,"name":"Products","item":"https:\/\/amxim.com\/de\/products\/"},{"@type":"ListItem","position":3,"name":"Stylish Electronic Shisha with 16ml E-Juice Multiple Flavor Pods LED Screen"}]},{"@type":"WebSite","@id":"https:\/\/amxim.com\/#website","url":"https:\/\/amxim.com\/","name":"AMXIM","description":"Fabricant de vapoteuses AMXIM-OEM ODM","publisher":{"@id":"https:\/\/amxim.com\/#organization"},"potentialAction":[{"@type":"SearchAction","target":{"@type":"EntryPoint","urlTemplate":"https:\/\/amxim.com\/?s={search_term_string}"},"query-input":{"@type":"PropertyValueSpecification","valueRequired":true,"valueName":"search_term_string"}}],"inLanguage":"fr-FR"},{"@type":"Organization","@id":"https:\/\/amxim.com\/#organization","name":"AMXIM","url":"https:\/\/amxim.com\/","logo":{"@type":"ImageObject","inLanguage":"fr-FR","@id":"https:\/\/amxim.com\/#\/schema\/logo\/image\/","url":"https:\/\/amxim.com\/wp-content\/uploads\/2025\/03\/cropped-AMXIM-fav.webp","contentUrl":"https:\/\/amxim.com\/wp-content\/uploads\/2025\/03\/cropped-AMXIM-fav.webp","width":512,"height":512,"caption":"AMXIM"},"image":{"@id":"https:\/\/amxim.com\/#\/schema\/logo\/image\/"}}]}},"_links":{"self":[{"href":"https:\/\/amxim.com\/fr\/wp-json\/wp\/v2\/product\/12246","targetHints":{"allow":["GET"]}}],"collection":[{"href":"https:\/\/amxim.com\/fr\/wp-json\/wp\/v2\/product"}],"about":[{"href":"https:\/\/amxim.com\/fr\/wp-json\/wp\/v2\/types\/product"}],"replies":[{"embeddable":true,"href":"https:\/\/amxim.com\/fr\/wp-json\/wp\/v2\/comments?post=12246"}],"version-history":[{"count":6,"href":"https:\/\/amxim.com\/fr\/wp-json\/wp\/v2\/product\/12246\/revisions"}],"predecessor-version":[{"id":13573,"href":"https:\/\/amxim.com\/fr\/wp-json\/wp\/v2\/product\/12246\/revisions\/13573"}],"wp:featuredmedia":[{"embeddable":true,"href":"https:\/\/amxim.com\/fr\/wp-json\/wp\/v2\/media\/12247"}],"wp:attachment":[{"href":"https:\/\/amxim.com\/fr\/wp-json\/wp\/v2\/media?parent=12246"}],"wp:term":[{"taxonomy":"product_brand","embeddable":true,"href":"https:\/\/amxim.com\/fr\/wp-json\/wp\/v2\/product_brand?post=12246"},{"taxonomy":"product_cat","embeddable":true,"href":"https:\/\/amxim.com\/fr\/wp-json\/wp\/v2\/product_cat?post=12246"},{"taxonomy":"product_tag","embeddable":true,"href":"https:\/\/amxim.com\/fr\/wp-json\/wp\/v2\/product_tag?post=12246"}],"curies":[{"name":"wp","href":"https:\/\/api.w.org\/{rel}","templated":true}]}}