{"id":12889,"date":"2025-07-28T03:26:26","date_gmt":"2025-07-28T03:26:26","guid":{"rendered":"https:\/\/amxim.com\/?post_type=product&#038;p=12889"},"modified":"2026-03-24T03:30:12","modified_gmt":"2026-03-24T03:30:12","slug":"cartouche-de-vape-a-bobine-en-maille-1-0%cf%89-raffinee-dune-capacite-de-3-ml","status":"publish","type":"product","link":"https:\/\/amxim.com\/fr\/product\/cartouche-de-vape-a-bobine-en-maille-1-0%cf%89-raffinee-dune-capacite-de-3-ml\/","title":{"rendered":"Cartouche Vape POD \u00e0 r\u00e9sistance maill\u00e9e raffin\u00e9e de 1,0 \u03a9, capacit\u00e9 de 3 ml"},"content":{"rendered":"<div class=\"product-description\">\n<h2 style=\"text-align: left;\">Cartouche Vape POD \u00e0 r\u00e9sistance maill\u00e9e 1\u03a9 raffin\u00e9e, capacit\u00e9 3 ml<\/h2>\n<p style=\"text-align: left;\">This refined vape pod cartridge is equipped with a 1.0\u03a9 mesh coil and a 3ml prefilled e-liquid capacity, delivering smooth flavor and consistent vapor output. The advanced mesh heating technology ensures fast heat-up, improved taste, and stable performance, making it suitable for both MTL pod systems and compact vape devices.<\/p>\n<p>With a slim size of 19.6 \u00d7 10.7 \u00d7 57.5 mm, the device offers a lightweight and portable design.Manufactured by a professional vape factory, this model supports OEM\/ODM services, private label customization, and bulk wholesale supply, making it an ideal choice for vape brands, distributors, and importers seeking customizable pod cartridges with factory-direct production.<\/p>\n<p>&nbsp;<\/p>\n<h3>Galerie de produits<\/h3>\n<p><img decoding=\"async\" style=\"width: 100%; margin: 0 auto;\" src=\"  https:\/\/amxim.com\/wp-content\/uploads\/2025\/07\/Refined-1%CE%A9-Mesh-Coil-Vape-POD-Cartridge-3ML-Capacity-3  \" alt=\"  Cartouche Vape POD \u00e0 r\u00e9sistance maill\u00e9e 1\u03a9 raffin\u00e9e, capacit\u00e9 3 ml  \" \/><br \/>\n<img decoding=\"async\" style=\"width: 100%; margin: 0 auto;\" src=\"   https:\/\/amxim.com\/wp-content\/uploads\/2025\/07\/Refined-1%CE%A9-Mesh-Coil-Vape-POD-Cartridge-3ML-Capacity-1  \" alt=\"  Cartouche Vape POD \u00e0 r\u00e9sistance maill\u00e9e 1\u03a9 raffin\u00e9e, capacit\u00e9 3 ml  \" \/><br \/>\n<img decoding=\"async\" style=\"width: 100%; margin: 0 auto;\" src=\"  https:\/\/amxim.com\/wp-content\/uploads\/2025\/07\/Refined-1%CE%A9-Mesh-Coil-Vape-POD-Cartridge-3ML-Capacity-2  \" alt=\"  Cartouche Vape POD \u00e0 r\u00e9sistance maill\u00e9e 1\u03a9 raffin\u00e9e, capacit\u00e9 3 ml  \" \/><\/p>\n<\/div>\n<style>\n.product-description {\n    font-family: Arial, sans-serif;\n    max-width: 1400px;\n    margin: 0 auto;\n    padding: 20px;\n    background: #fff;\n    border-radius: 10px;\n    box-shadow: 0 4px 8px rgba(0, 0, 0, 0.1);\n    padding: 20px;\n    padding-bottom: 20px;\n}\n<\/style>","protected":false},"excerpt":{"rendered":"<h3>Sp\u00e9cifications du produit<\/h3>\n<table>\n<tbody>\n<tr>\n<th style=\"text-align: left;\">Type de produit<\/th>\n<td style=\"text-align: left;\">POD rempla\u00e7able<\/td>\n<\/tr>\n<tr>\n<th style=\"text-align: left;\">Options de couleur<\/th>\n<td style=\"text-align: left;\">Affich\u00e9 ou personnalis\u00e9<\/td>\n<\/tr>\n<tr>\n<th style=\"text-align: left;\">Taille<\/th>\n<td style=\"text-align: left;\">19,6 x 10,7 x 57,5 mm<\/td>\n<\/tr>\n<tr>\n<th style=\"text-align: left;\">Saveur<\/th>\n<td style=\"text-align: left;\">Jusqu&#039;\u00e0 50 saveurs<\/td>\n<\/tr>\n<tr>\n<th style=\"text-align: left;\">serpentin de chauffage<\/th>\n<td style=\"text-align: left;\">Bobine maill\u00e9e de 1,0 \u03a9<\/td>\n<\/tr>\n<tr>\n<th style=\"text-align: left;\">E-liquide pr\u00e9-rempli<\/th>\n<td style=\"text-align: left;\">3 ml<\/td>\n<\/tr>\n<\/tbody>\n<\/table>","protected":false},"featured_media":12894,"comment_status":"closed","ping_status":"closed","template":"","meta":[],"product_brand":[],"product_cat":[50],"product_tag":[],"class_list":{"0":"post-12889","1":"product","2":"type-product","3":"status-publish","4":"has-post-thumbnail","6":"product_cat-pod-systems","8":"first","9":"instock","10":"shipping-taxable","11":"product-type-simple"},"yoast_head":"<!-- This site is optimized with the Yoast SEO plugin v26.9 - https:\/\/yoast.com\/product\/yoast-seo-wordpress\/ -->\n<title>Refined 1.0\u03a9 Mesh Coil Vape POD Cartridge 3ML Capacity<\/title>\n<meta name=\"description\" content=\"Refined 1.0\u03a9 Mesh Coil Vape POD Cartridge 3ML Capacity Rechargeable \/ Replaceble POD Up to 50 flavors Displayed or Customized\" \/>\n<meta name=\"robots\" content=\"index, follow, max-snippet:-1, max-image-preview:large, max-video-preview:-1\" \/>\n<link rel=\"canonical\" href=\"https:\/\/amxim.com\/fr\/product\/cartouche-de-vape-a-bobine-en-maille-1-0\u03c9-raffinee-dune-capacite-de-3-ml\/\" \/>\n<meta property=\"og:locale\" content=\"fr_FR\" \/>\n<meta property=\"og:type\" content=\"article\" \/>\n<meta property=\"og:title\" content=\"Refined 1.0\u03a9 Mesh Coil Vape POD Cartridge 3ML Capacity\" \/>\n<meta property=\"og:description\" content=\"Refined 1.0\u03a9 Mesh Coil Vape POD Cartridge 3ML Capacity Rechargeable \/ Replaceble POD Up to 50 flavors Displayed or Customized\" \/>\n<meta property=\"og:url\" content=\"https:\/\/amxim.com\/fr\/product\/cartouche-de-vape-a-bobine-en-maille-1-0\u03c9-raffinee-dune-capacite-de-3-ml\/\" \/>\n<meta property=\"og:site_name\" content=\"AMXIM\" \/>\n<meta property=\"article:modified_time\" content=\"2026-03-24T03:30:12+00:00\" \/>\n<meta property=\"og:image\" content=\"https:\/\/amxim.com\/wp-content\/uploads\/2025\/07\/Refined-1\u03a9-Mesh-Coil-Vape-POD-Cartridge-3ML-Capacity-4.webp\" \/>\n\t<meta property=\"og:image:width\" content=\"1000\" \/>\n\t<meta property=\"og:image:height\" content=\"1000\" \/>\n\t<meta property=\"og:image:type\" content=\"image\/webp\" \/>\n<meta name=\"twitter:card\" content=\"summary_large_image\" \/>\n<meta name=\"twitter:label1\" content=\"Dur\u00e9e de lecture estim\u00e9e\" \/>\n\t<meta name=\"twitter:data1\" content=\"2 minutes\" \/>\n<script type=\"application\/ld+json\" class=\"yoast-schema-graph\">{\"@context\":\"https:\/\/schema.org\",\"@graph\":[{\"@type\":\"WebPage\",\"@id\":\"https:\/\/amxim.com\/product\/refined-1-0%cf%89-mesh-coil-vape-pod-cartridge-3ml-capacity\/\",\"url\":\"https:\/\/amxim.com\/product\/refined-1-0%cf%89-mesh-coil-vape-pod-cartridge-3ml-capacity\/\",\"name\":\"Refined 1.0\u03a9 Mesh Coil Vape POD Cartridge 3ML Capacity\",\"isPartOf\":{\"@id\":\"https:\/\/amxim.com\/#website\"},\"primaryImageOfPage\":{\"@id\":\"https:\/\/amxim.com\/product\/refined-1-0%cf%89-mesh-coil-vape-pod-cartridge-3ml-capacity\/#primaryimage\"},\"image\":{\"@id\":\"https:\/\/amxim.com\/product\/refined-1-0%cf%89-mesh-coil-vape-pod-cartridge-3ml-capacity\/#primaryimage\"},\"thumbnailUrl\":\"https:\/\/amxim.com\/wp-content\/uploads\/2025\/07\/Refined-1\u03a9-Mesh-Coil-Vape-POD-Cartridge-3ML-Capacity-4.webp\",\"datePublished\":\"2025-07-28T03:26:26+00:00\",\"dateModified\":\"2026-03-24T03:30:12+00:00\",\"description\":\"Refined 1.0\u03a9 Mesh Coil Vape POD Cartridge 3ML Capacity Rechargeable \/ Replaceble POD Up to 50 flavors Displayed or Customized\",\"breadcrumb\":{\"@id\":\"https:\/\/amxim.com\/product\/refined-1-0%cf%89-mesh-coil-vape-pod-cartridge-3ml-capacity\/#breadcrumb\"},\"inLanguage\":\"fr-FR\",\"potentialAction\":[{\"@type\":\"ReadAction\",\"target\":[\"https:\/\/amxim.com\/product\/refined-1-0%cf%89-mesh-coil-vape-pod-cartridge-3ml-capacity\/\"]}]},{\"@type\":\"ImageObject\",\"inLanguage\":\"fr-FR\",\"@id\":\"https:\/\/amxim.com\/product\/refined-1-0%cf%89-mesh-coil-vape-pod-cartridge-3ml-capacity\/#primaryimage\",\"url\":\"https:\/\/amxim.com\/wp-content\/uploads\/2025\/07\/Refined-1\u03a9-Mesh-Coil-Vape-POD-Cartridge-3ML-Capacity-4.webp\",\"contentUrl\":\"https:\/\/amxim.com\/wp-content\/uploads\/2025\/07\/Refined-1\u03a9-Mesh-Coil-Vape-POD-Cartridge-3ML-Capacity-4.webp\",\"width\":1000,\"height\":1000,\"caption\":\"Refined 1.0\u03a9 Mesh Coil Vape POD Cartridge 3ML Capacity\"},{\"@type\":\"BreadcrumbList\",\"@id\":\"https:\/\/amxim.com\/product\/refined-1-0%cf%89-mesh-coil-vape-pod-cartridge-3ml-capacity\/#breadcrumb\",\"itemListElement\":[{\"@type\":\"ListItem\",\"position\":1,\"name\":\"Home\",\"item\":\"https:\/\/amxim.com\/en\/\"},{\"@type\":\"ListItem\",\"position\":2,\"name\":\"Products\",\"item\":\"https:\/\/amxim.com\/de\/products\/\"},{\"@type\":\"ListItem\",\"position\":3,\"name\":\"Refined 1.0\u03a9 Mesh Coil Vape POD Cartridge 3ML Capacity\"}]},{\"@type\":\"WebSite\",\"@id\":\"https:\/\/amxim.com\/#website\",\"url\":\"https:\/\/amxim.com\/\",\"name\":\"AMXIM\",\"description\":\"AMXIM-OEM ODM Vape Manufacturer\",\"publisher\":{\"@id\":\"https:\/\/amxim.com\/#organization\"},\"potentialAction\":[{\"@type\":\"SearchAction\",\"target\":{\"@type\":\"EntryPoint\",\"urlTemplate\":\"https:\/\/amxim.com\/?s={search_term_string}\"},\"query-input\":{\"@type\":\"PropertyValueSpecification\",\"valueRequired\":true,\"valueName\":\"search_term_string\"}}],\"inLanguage\":\"fr-FR\"},{\"@type\":\"Organization\",\"@id\":\"https:\/\/amxim.com\/#organization\",\"name\":\"AMXIM\",\"url\":\"https:\/\/amxim.com\/\",\"logo\":{\"@type\":\"ImageObject\",\"inLanguage\":\"fr-FR\",\"@id\":\"https:\/\/amxim.com\/#\/schema\/logo\/image\/\",\"url\":\"https:\/\/amxim.com\/wp-content\/uploads\/2025\/03\/cropped-AMXIM-fav.webp\",\"contentUrl\":\"https:\/\/amxim.com\/wp-content\/uploads\/2025\/03\/cropped-AMXIM-fav.webp\",\"width\":512,\"height\":512,\"caption\":\"AMXIM\"},\"image\":{\"@id\":\"https:\/\/amxim.com\/#\/schema\/logo\/image\/\"}}]}<\/script>\n<!-- \/ Yoast SEO plugin. -->","yoast_head_json":{"title":"Cartouche Vape POD \u00e0 r\u00e9sistance maill\u00e9e raffin\u00e9e de 1,0 \u03a9, capacit\u00e9 de 3 ml","description":"Cartouche Vape POD \u00e0 bobine en maille raffin\u00e9e de 1,0 \u03a9 Capacit\u00e9 de 3 ml POD rechargeable \/ rempla\u00e7able Jusqu&#039;\u00e0 50 saveurs affich\u00e9es ou personnalis\u00e9es","robots":{"index":"index","follow":"follow","max-snippet":"max-snippet:-1","max-image-preview":"max-image-preview:large","max-video-preview":"max-video-preview:-1"},"canonical":"https:\/\/amxim.com\/fr\/product\/cartouche-de-vape-a-bobine-en-maille-1-0\u03c9-raffinee-dune-capacite-de-3-ml\/","og_locale":"fr_FR","og_type":"article","og_title":"Refined 1.0\u03a9 Mesh Coil Vape POD Cartridge 3ML Capacity","og_description":"Refined 1.0\u03a9 Mesh Coil Vape POD Cartridge 3ML Capacity Rechargeable \/ Replaceble POD Up to 50 flavors Displayed or Customized","og_url":"https:\/\/amxim.com\/fr\/product\/cartouche-de-vape-a-bobine-en-maille-1-0\u03c9-raffinee-dune-capacite-de-3-ml\/","og_site_name":"AMXIM","article_modified_time":"2026-03-24T03:30:12+00:00","og_image":[{"width":1000,"height":1000,"url":"https:\/\/amxim.com\/wp-content\/uploads\/2025\/07\/Refined-1\u03a9-Mesh-Coil-Vape-POD-Cartridge-3ML-Capacity-4.webp","type":"image\/webp"}],"twitter_card":"summary_large_image","twitter_misc":{"Dur\u00e9e de lecture estim\u00e9e":"2 minutes"},"schema":{"@context":"https:\/\/schema.org","@graph":[{"@type":"WebPage","@id":"https:\/\/amxim.com\/product\/refined-1-0%cf%89-mesh-coil-vape-pod-cartridge-3ml-capacity\/","url":"https:\/\/amxim.com\/product\/refined-1-0%cf%89-mesh-coil-vape-pod-cartridge-3ml-capacity\/","name":"Cartouche Vape POD \u00e0 r\u00e9sistance maill\u00e9e raffin\u00e9e de 1,0 \u03a9, capacit\u00e9 de 3 ml","isPartOf":{"@id":"https:\/\/amxim.com\/#website"},"primaryImageOfPage":{"@id":"https:\/\/amxim.com\/product\/refined-1-0%cf%89-mesh-coil-vape-pod-cartridge-3ml-capacity\/#primaryimage"},"image":{"@id":"https:\/\/amxim.com\/product\/refined-1-0%cf%89-mesh-coil-vape-pod-cartridge-3ml-capacity\/#primaryimage"},"thumbnailUrl":"https:\/\/amxim.com\/wp-content\/uploads\/2025\/07\/Refined-1\u03a9-Mesh-Coil-Vape-POD-Cartridge-3ML-Capacity-4.webp","datePublished":"2025-07-28T03:26:26+00:00","dateModified":"2026-03-24T03:30:12+00:00","description":"Cartouche Vape POD \u00e0 bobine en maille raffin\u00e9e de 1,0 \u03a9 Capacit\u00e9 de 3 ml POD rechargeable \/ rempla\u00e7able Jusqu&#039;\u00e0 50 saveurs affich\u00e9es ou personnalis\u00e9es","breadcrumb":{"@id":"https:\/\/amxim.com\/product\/refined-1-0%cf%89-mesh-coil-vape-pod-cartridge-3ml-capacity\/#breadcrumb"},"inLanguage":"fr-FR","potentialAction":[{"@type":"ReadAction","target":["https:\/\/amxim.com\/product\/refined-1-0%cf%89-mesh-coil-vape-pod-cartridge-3ml-capacity\/"]}]},{"@type":"ImageObject","inLanguage":"fr-FR","@id":"https:\/\/amxim.com\/product\/refined-1-0%cf%89-mesh-coil-vape-pod-cartridge-3ml-capacity\/#primaryimage","url":"https:\/\/amxim.com\/wp-content\/uploads\/2025\/07\/Refined-1\u03a9-Mesh-Coil-Vape-POD-Cartridge-3ML-Capacity-4.webp","contentUrl":"https:\/\/amxim.com\/wp-content\/uploads\/2025\/07\/Refined-1\u03a9-Mesh-Coil-Vape-POD-Cartridge-3ML-Capacity-4.webp","width":1000,"height":1000,"caption":"Refined 1.0\u03a9 Mesh Coil Vape POD Cartridge 3ML Capacity"},{"@type":"BreadcrumbList","@id":"https:\/\/amxim.com\/product\/refined-1-0%cf%89-mesh-coil-vape-pod-cartridge-3ml-capacity\/#breadcrumb","itemListElement":[{"@type":"ListItem","position":1,"name":"Home","item":"https:\/\/amxim.com\/en\/"},{"@type":"ListItem","position":2,"name":"Products","item":"https:\/\/amxim.com\/de\/products\/"},{"@type":"ListItem","position":3,"name":"Refined 1.0\u03a9 Mesh Coil Vape POD Cartridge 3ML Capacity"}]},{"@type":"WebSite","@id":"https:\/\/amxim.com\/#website","url":"https:\/\/amxim.com\/","name":"AMXIM","description":"Fabricant de vapoteuses AMXIM-OEM ODM","publisher":{"@id":"https:\/\/amxim.com\/#organization"},"potentialAction":[{"@type":"SearchAction","target":{"@type":"EntryPoint","urlTemplate":"https:\/\/amxim.com\/?s={search_term_string}"},"query-input":{"@type":"PropertyValueSpecification","valueRequired":true,"valueName":"search_term_string"}}],"inLanguage":"fr-FR"},{"@type":"Organization","@id":"https:\/\/amxim.com\/#organization","name":"AMXIM","url":"https:\/\/amxim.com\/","logo":{"@type":"ImageObject","inLanguage":"fr-FR","@id":"https:\/\/amxim.com\/#\/schema\/logo\/image\/","url":"https:\/\/amxim.com\/wp-content\/uploads\/2025\/03\/cropped-AMXIM-fav.webp","contentUrl":"https:\/\/amxim.com\/wp-content\/uploads\/2025\/03\/cropped-AMXIM-fav.webp","width":512,"height":512,"caption":"AMXIM"},"image":{"@id":"https:\/\/amxim.com\/#\/schema\/logo\/image\/"}}]}},"_links":{"self":[{"href":"https:\/\/amxim.com\/fr\/wp-json\/wp\/v2\/product\/12889","targetHints":{"allow":["GET"]}}],"collection":[{"href":"https:\/\/amxim.com\/fr\/wp-json\/wp\/v2\/product"}],"about":[{"href":"https:\/\/amxim.com\/fr\/wp-json\/wp\/v2\/types\/product"}],"replies":[{"embeddable":true,"href":"https:\/\/amxim.com\/fr\/wp-json\/wp\/v2\/comments?post=12889"}],"version-history":[{"count":7,"href":"https:\/\/amxim.com\/fr\/wp-json\/wp\/v2\/product\/12889\/revisions"}],"predecessor-version":[{"id":13567,"href":"https:\/\/amxim.com\/fr\/wp-json\/wp\/v2\/product\/12889\/revisions\/13567"}],"wp:featuredmedia":[{"embeddable":true,"href":"https:\/\/amxim.com\/fr\/wp-json\/wp\/v2\/media\/12894"}],"wp:attachment":[{"href":"https:\/\/amxim.com\/fr\/wp-json\/wp\/v2\/media?parent=12889"}],"wp:term":[{"taxonomy":"product_brand","embeddable":true,"href":"https:\/\/amxim.com\/fr\/wp-json\/wp\/v2\/product_brand?post=12889"},{"taxonomy":"product_cat","embeddable":true,"href":"https:\/\/amxim.com\/fr\/wp-json\/wp\/v2\/product_cat?post=12889"},{"taxonomy":"product_tag","embeddable":true,"href":"https:\/\/amxim.com\/fr\/wp-json\/wp\/v2\/product_tag?post=12889"}],"curies":[{"name":"wp","href":"https:\/\/api.w.org\/{rel}","templated":true}]}}