{"id":12890,"date":"2025-07-28T03:30:13","date_gmt":"2025-07-28T03:30:13","guid":{"rendered":"https:\/\/amxim.com\/?post_type=product&#038;p=12890"},"modified":"2026-03-24T03:28:40","modified_gmt":"2026-03-24T03:28:40","slug":"cartouche-de-vape-a-bobine-en-maille-de-2-ml-capacite-de-e-liquide-jusqua-600-bouffees","status":"publish","type":"product","link":"https:\/\/amxim.com\/fr\/product\/cartouche-de-vape-a-bobine-en-maille-de-2-ml-capacite-de-e-liquide-jusqua-600-bouffees\/","title":{"rendered":"Cartouche Vape POD Mesh Coil 2 ml, capacit\u00e9 e-liquide jusqu&#039;\u00e0 600 bouff\u00e9es"},"content":{"rendered":"<div class=\"product-description\">\n<h2 style=\"text-align: left;\">Cartouche Vape POD Mesh Coil 2 ml, capacit\u00e9 e-liquide jusqu&#039;\u00e0 600 bouff\u00e9es<\/h2>\n<p style=\"text-align: left;\">This mesh coil vape pod cartridge features a 2ml prefilled e-liquid capacity and delivers up to 600 puffs, making it suitable for daily use and compliant with TPD-style pod system requirements. The built-in 1.6\u03a9 mesh heating coil ensures even heat distribution, smooth flavor delivery, and consistent vapor output.<\/p>\n<p>&nbsp;<\/p>\n<h3>Galerie de produits<\/h3>\n<p><img decoding=\"async\" style=\"width: 100%; margin: 0 auto;\" src=\" https:\/\/amxim.com\/wp-content\/uploads\/2025\/07\/Mesh-Coil-Vape-POD-Cartridge-2ML-E-liquid-Capacity-Up-to-600-Puffs  \" alt=\"Cartouche Vape POD Mesh Coil 2 ml, capacit\u00e9 e-liquide jusqu&#039;\u00e0 600 bouff\u00e9es\" \/><br \/>\n<img decoding=\"async\" style=\"width: 100%; margin: 0 auto;\" src=\"    https:\/\/amxim.com\/wp-content\/uploads\/2025\/07\/Mesh-Coil-Vape-POD-Cartridge-2ML-E-liquid-Capacity-Up-to-600-Puffs-2   \" alt=\"Cartouche Vape POD Mesh Coil 2 ml, capacit\u00e9 e-liquide jusqu&#039;\u00e0 600 bouff\u00e9es\" \/><\/p>\n<\/div>\n<style>\n.product-description {\n    font-family: Arial, sans-serif;\n    max-width: 1400px;\n    margin: 0 auto;\n    padding: 20px;\n    background: #fff;\n    border-radius: 10px;\n    box-shadow: 0 4px 8px rgba(0, 0, 0, 0.1);\n    padding: 20px;\n    padding-bottom: 20px;\n}\n<\/style>","protected":false},"excerpt":{"rendered":"<h3>Sp\u00e9cifications du produit<\/h3>\n<table>\n<tbody>\n<tr>\n<th style=\"text-align: left;\">Type de produit<\/th>\n<td style=\"text-align: left;\">POD rempla\u00e7able<\/td>\n<\/tr>\n<tr>\n<th style=\"text-align: left;\">Options de couleur<\/th>\n<td style=\"text-align: left;\">Affich\u00e9 ou personnalis\u00e9<\/td>\n<\/tr>\n<tr>\n<th style=\"text-align: left;\">Saveur<\/th>\n<td style=\"text-align: left;\">Jusqu&#039;\u00e0 50 saveurs<\/td>\n<\/tr>\n<tr>\n<th style=\"text-align: left;\">serpentin de chauffage<\/th>\n<td style=\"text-align: left;\">Bobine maill\u00e9e de 1,6 \u03a9<\/td>\n<\/tr>\n<tr>\n<th style=\"text-align: left;\">E-liquide pr\u00e9-rempli<\/th>\n<td style=\"text-align: left;\">2 ml<\/td>\n<\/tr>\n<tr>\n<th style=\"text-align: left;\">Bouff\u00e9e<\/th>\n<td style=\"text-align: left;\">Jusqu&#039;\u00e0 600 bouff\u00e9es<\/td>\n<\/tr>\n<\/tbody>\n<\/table>","protected":false},"featured_media":12897,"comment_status":"closed","ping_status":"closed","template":"","meta":[],"product_brand":[],"product_cat":[50],"product_tag":[],"class_list":{"0":"post-12890","1":"product","2":"type-product","3":"status-publish","4":"has-post-thumbnail","6":"product_cat-pod-systems","8":"first","9":"instock","10":"shipping-taxable","11":"product-type-simple"},"yoast_head":"<!-- This site is optimized with the Yoast SEO plugin v26.9 - https:\/\/yoast.com\/product\/yoast-seo-wordpress\/ -->\n<title>Mesh Coil Vape POD Cartridge 2ML E-liquid Capacity Up to 600 Puffs<\/title>\n<meta name=\"description\" content=\"Mesh Coil Vape POD Cartridge 2ML E-liquid Capacity Up to 600 Puffs Rechargeable \/ Replaceble POD Displayed or Customized Up to 50 flavors\" \/>\n<meta name=\"robots\" content=\"index, follow, max-snippet:-1, max-image-preview:large, max-video-preview:-1\" \/>\n<link rel=\"canonical\" href=\"https:\/\/amxim.com\/fr\/product\/cartouche-de-vape-a-bobine-en-maille-de-2-ml-capacite-de-e-liquide-jusqua-600-bouffees\/\" \/>\n<meta property=\"og:locale\" content=\"fr_FR\" \/>\n<meta property=\"og:type\" content=\"article\" \/>\n<meta property=\"og:title\" content=\"Mesh Coil Vape POD Cartridge 2ML E-liquid Capacity Up to 600 Puffs\" \/>\n<meta property=\"og:description\" content=\"Mesh Coil Vape POD Cartridge 2ML E-liquid Capacity Up to 600 Puffs Rechargeable \/ Replaceble POD Displayed or Customized Up to 50 flavors\" \/>\n<meta property=\"og:url\" content=\"https:\/\/amxim.com\/fr\/product\/cartouche-de-vape-a-bobine-en-maille-de-2-ml-capacite-de-e-liquide-jusqua-600-bouffees\/\" \/>\n<meta property=\"og:site_name\" content=\"AMXIM\" \/>\n<meta property=\"article:modified_time\" content=\"2026-03-24T03:28:40+00:00\" \/>\n<meta property=\"og:image\" content=\"https:\/\/amxim.com\/wp-content\/uploads\/2025\/07\/Mesh-Coil-Vape-POD-Cartridge-2ML-E-liquid-Capacity-Up-to-600-Puffs-1.webp\" \/>\n\t<meta property=\"og:image:width\" content=\"1000\" \/>\n\t<meta property=\"og:image:height\" content=\"1000\" \/>\n\t<meta property=\"og:image:type\" content=\"image\/webp\" \/>\n<meta name=\"twitter:card\" content=\"summary_large_image\" \/>\n<meta name=\"twitter:label1\" content=\"Dur\u00e9e de lecture estim\u00e9e\" \/>\n\t<meta name=\"twitter:data1\" content=\"1 minute\" \/>\n<script type=\"application\/ld+json\" class=\"yoast-schema-graph\">{\"@context\":\"https:\/\/schema.org\",\"@graph\":[{\"@type\":\"WebPage\",\"@id\":\"https:\/\/amxim.com\/product\/mesh-coil-vape-pod-cartridge-2ml-e-liquid-capacity-up-to-600-puffs\/\",\"url\":\"https:\/\/amxim.com\/product\/mesh-coil-vape-pod-cartridge-2ml-e-liquid-capacity-up-to-600-puffs\/\",\"name\":\"Mesh Coil Vape POD Cartridge 2ML E-liquid Capacity Up to 600 Puffs\",\"isPartOf\":{\"@id\":\"https:\/\/amxim.com\/#website\"},\"primaryImageOfPage\":{\"@id\":\"https:\/\/amxim.com\/product\/mesh-coil-vape-pod-cartridge-2ml-e-liquid-capacity-up-to-600-puffs\/#primaryimage\"},\"image\":{\"@id\":\"https:\/\/amxim.com\/product\/mesh-coil-vape-pod-cartridge-2ml-e-liquid-capacity-up-to-600-puffs\/#primaryimage\"},\"thumbnailUrl\":\"https:\/\/amxim.com\/wp-content\/uploads\/2025\/07\/Mesh-Coil-Vape-POD-Cartridge-2ML-E-liquid-Capacity-Up-to-600-Puffs-1.webp\",\"datePublished\":\"2025-07-28T03:30:13+00:00\",\"dateModified\":\"2026-03-24T03:28:40+00:00\",\"description\":\"Mesh Coil Vape POD Cartridge 2ML E-liquid Capacity Up to 600 Puffs Rechargeable \/ Replaceble POD Displayed or Customized Up to 50 flavors\",\"breadcrumb\":{\"@id\":\"https:\/\/amxim.com\/product\/mesh-coil-vape-pod-cartridge-2ml-e-liquid-capacity-up-to-600-puffs\/#breadcrumb\"},\"inLanguage\":\"fr-FR\",\"potentialAction\":[{\"@type\":\"ReadAction\",\"target\":[\"https:\/\/amxim.com\/product\/mesh-coil-vape-pod-cartridge-2ml-e-liquid-capacity-up-to-600-puffs\/\"]}]},{\"@type\":\"ImageObject\",\"inLanguage\":\"fr-FR\",\"@id\":\"https:\/\/amxim.com\/product\/mesh-coil-vape-pod-cartridge-2ml-e-liquid-capacity-up-to-600-puffs\/#primaryimage\",\"url\":\"https:\/\/amxim.com\/wp-content\/uploads\/2025\/07\/Mesh-Coil-Vape-POD-Cartridge-2ML-E-liquid-Capacity-Up-to-600-Puffs-1.webp\",\"contentUrl\":\"https:\/\/amxim.com\/wp-content\/uploads\/2025\/07\/Mesh-Coil-Vape-POD-Cartridge-2ML-E-liquid-Capacity-Up-to-600-Puffs-1.webp\",\"width\":1000,\"height\":1000,\"caption\":\"Mesh Coil Vape POD Cartridge 2ML E-liquid Capacity Up to 600 Puffs\"},{\"@type\":\"BreadcrumbList\",\"@id\":\"https:\/\/amxim.com\/product\/mesh-coil-vape-pod-cartridge-2ml-e-liquid-capacity-up-to-600-puffs\/#breadcrumb\",\"itemListElement\":[{\"@type\":\"ListItem\",\"position\":1,\"name\":\"Home\",\"item\":\"https:\/\/amxim.com\/en\/\"},{\"@type\":\"ListItem\",\"position\":2,\"name\":\"Products\",\"item\":\"https:\/\/amxim.com\/de\/products\/\"},{\"@type\":\"ListItem\",\"position\":3,\"name\":\"Mesh Coil Vape POD Cartridge 2ML E-liquid Capacity Up to 600 Puffs\"}]},{\"@type\":\"WebSite\",\"@id\":\"https:\/\/amxim.com\/#website\",\"url\":\"https:\/\/amxim.com\/\",\"name\":\"AMXIM\",\"description\":\"AMXIM-OEM ODM Vape Manufacturer\",\"publisher\":{\"@id\":\"https:\/\/amxim.com\/#organization\"},\"potentialAction\":[{\"@type\":\"SearchAction\",\"target\":{\"@type\":\"EntryPoint\",\"urlTemplate\":\"https:\/\/amxim.com\/?s={search_term_string}\"},\"query-input\":{\"@type\":\"PropertyValueSpecification\",\"valueRequired\":true,\"valueName\":\"search_term_string\"}}],\"inLanguage\":\"fr-FR\"},{\"@type\":\"Organization\",\"@id\":\"https:\/\/amxim.com\/#organization\",\"name\":\"AMXIM\",\"url\":\"https:\/\/amxim.com\/\",\"logo\":{\"@type\":\"ImageObject\",\"inLanguage\":\"fr-FR\",\"@id\":\"https:\/\/amxim.com\/#\/schema\/logo\/image\/\",\"url\":\"https:\/\/amxim.com\/wp-content\/uploads\/2025\/03\/cropped-AMXIM-fav.webp\",\"contentUrl\":\"https:\/\/amxim.com\/wp-content\/uploads\/2025\/03\/cropped-AMXIM-fav.webp\",\"width\":512,\"height\":512,\"caption\":\"AMXIM\"},\"image\":{\"@id\":\"https:\/\/amxim.com\/#\/schema\/logo\/image\/\"}}]}<\/script>\n<!-- \/ Yoast SEO plugin. -->","yoast_head_json":{"title":"Cartouche Vape POD Mesh Coil 2 ml, capacit\u00e9 e-liquide jusqu&#039;\u00e0 600 bouff\u00e9es","description":"Cartouche Vape POD Mesh Coil 2ML Capacit\u00e9 E-liquide Jusqu&#039;\u00e0 600 bouff\u00e9es POD rechargeable \/ rempla\u00e7able Affich\u00e9 ou personnalis\u00e9 Jusqu&#039;\u00e0 50 saveurs","robots":{"index":"index","follow":"follow","max-snippet":"max-snippet:-1","max-image-preview":"max-image-preview:large","max-video-preview":"max-video-preview:-1"},"canonical":"https:\/\/amxim.com\/fr\/product\/cartouche-de-vape-a-bobine-en-maille-de-2-ml-capacite-de-e-liquide-jusqua-600-bouffees\/","og_locale":"fr_FR","og_type":"article","og_title":"Mesh Coil Vape POD Cartridge 2ML E-liquid Capacity Up to 600 Puffs","og_description":"Mesh Coil Vape POD Cartridge 2ML E-liquid Capacity Up to 600 Puffs Rechargeable \/ Replaceble POD Displayed or Customized Up to 50 flavors","og_url":"https:\/\/amxim.com\/fr\/product\/cartouche-de-vape-a-bobine-en-maille-de-2-ml-capacite-de-e-liquide-jusqua-600-bouffees\/","og_site_name":"AMXIM","article_modified_time":"2026-03-24T03:28:40+00:00","og_image":[{"width":1000,"height":1000,"url":"https:\/\/amxim.com\/wp-content\/uploads\/2025\/07\/Mesh-Coil-Vape-POD-Cartridge-2ML-E-liquid-Capacity-Up-to-600-Puffs-1.webp","type":"image\/webp"}],"twitter_card":"summary_large_image","twitter_misc":{"Dur\u00e9e de lecture estim\u00e9e":"1 minute"},"schema":{"@context":"https:\/\/schema.org","@graph":[{"@type":"WebPage","@id":"https:\/\/amxim.com\/product\/mesh-coil-vape-pod-cartridge-2ml-e-liquid-capacity-up-to-600-puffs\/","url":"https:\/\/amxim.com\/product\/mesh-coil-vape-pod-cartridge-2ml-e-liquid-capacity-up-to-600-puffs\/","name":"Cartouche Vape POD Mesh Coil 2 ml, capacit\u00e9 e-liquide jusqu&#039;\u00e0 600 bouff\u00e9es","isPartOf":{"@id":"https:\/\/amxim.com\/#website"},"primaryImageOfPage":{"@id":"https:\/\/amxim.com\/product\/mesh-coil-vape-pod-cartridge-2ml-e-liquid-capacity-up-to-600-puffs\/#primaryimage"},"image":{"@id":"https:\/\/amxim.com\/product\/mesh-coil-vape-pod-cartridge-2ml-e-liquid-capacity-up-to-600-puffs\/#primaryimage"},"thumbnailUrl":"https:\/\/amxim.com\/wp-content\/uploads\/2025\/07\/Mesh-Coil-Vape-POD-Cartridge-2ML-E-liquid-Capacity-Up-to-600-Puffs-1.webp","datePublished":"2025-07-28T03:30:13+00:00","dateModified":"2026-03-24T03:28:40+00:00","description":"Cartouche Vape POD Mesh Coil 2ML Capacit\u00e9 E-liquide Jusqu&#039;\u00e0 600 bouff\u00e9es POD rechargeable \/ rempla\u00e7able Affich\u00e9 ou personnalis\u00e9 Jusqu&#039;\u00e0 50 saveurs","breadcrumb":{"@id":"https:\/\/amxim.com\/product\/mesh-coil-vape-pod-cartridge-2ml-e-liquid-capacity-up-to-600-puffs\/#breadcrumb"},"inLanguage":"fr-FR","potentialAction":[{"@type":"ReadAction","target":["https:\/\/amxim.com\/product\/mesh-coil-vape-pod-cartridge-2ml-e-liquid-capacity-up-to-600-puffs\/"]}]},{"@type":"ImageObject","inLanguage":"fr-FR","@id":"https:\/\/amxim.com\/product\/mesh-coil-vape-pod-cartridge-2ml-e-liquid-capacity-up-to-600-puffs\/#primaryimage","url":"https:\/\/amxim.com\/wp-content\/uploads\/2025\/07\/Mesh-Coil-Vape-POD-Cartridge-2ML-E-liquid-Capacity-Up-to-600-Puffs-1.webp","contentUrl":"https:\/\/amxim.com\/wp-content\/uploads\/2025\/07\/Mesh-Coil-Vape-POD-Cartridge-2ML-E-liquid-Capacity-Up-to-600-Puffs-1.webp","width":1000,"height":1000,"caption":"Mesh Coil Vape POD Cartridge 2ML E-liquid Capacity Up to 600 Puffs"},{"@type":"BreadcrumbList","@id":"https:\/\/amxim.com\/product\/mesh-coil-vape-pod-cartridge-2ml-e-liquid-capacity-up-to-600-puffs\/#breadcrumb","itemListElement":[{"@type":"ListItem","position":1,"name":"Home","item":"https:\/\/amxim.com\/en\/"},{"@type":"ListItem","position":2,"name":"Products","item":"https:\/\/amxim.com\/de\/products\/"},{"@type":"ListItem","position":3,"name":"Mesh Coil Vape POD Cartridge 2ML E-liquid Capacity Up to 600 Puffs"}]},{"@type":"WebSite","@id":"https:\/\/amxim.com\/#website","url":"https:\/\/amxim.com\/","name":"AMXIM","description":"Fabricant de vapoteuses AMXIM-OEM ODM","publisher":{"@id":"https:\/\/amxim.com\/#organization"},"potentialAction":[{"@type":"SearchAction","target":{"@type":"EntryPoint","urlTemplate":"https:\/\/amxim.com\/?s={search_term_string}"},"query-input":{"@type":"PropertyValueSpecification","valueRequired":true,"valueName":"search_term_string"}}],"inLanguage":"fr-FR"},{"@type":"Organization","@id":"https:\/\/amxim.com\/#organization","name":"AMXIM","url":"https:\/\/amxim.com\/","logo":{"@type":"ImageObject","inLanguage":"fr-FR","@id":"https:\/\/amxim.com\/#\/schema\/logo\/image\/","url":"https:\/\/amxim.com\/wp-content\/uploads\/2025\/03\/cropped-AMXIM-fav.webp","contentUrl":"https:\/\/amxim.com\/wp-content\/uploads\/2025\/03\/cropped-AMXIM-fav.webp","width":512,"height":512,"caption":"AMXIM"},"image":{"@id":"https:\/\/amxim.com\/#\/schema\/logo\/image\/"}}]}},"_links":{"self":[{"href":"https:\/\/amxim.com\/fr\/wp-json\/wp\/v2\/product\/12890","targetHints":{"allow":["GET"]}}],"collection":[{"href":"https:\/\/amxim.com\/fr\/wp-json\/wp\/v2\/product"}],"about":[{"href":"https:\/\/amxim.com\/fr\/wp-json\/wp\/v2\/types\/product"}],"replies":[{"embeddable":true,"href":"https:\/\/amxim.com\/fr\/wp-json\/wp\/v2\/comments?post=12890"}],"version-history":[{"count":8,"href":"https:\/\/amxim.com\/fr\/wp-json\/wp\/v2\/product\/12890\/revisions"}],"predecessor-version":[{"id":13566,"href":"https:\/\/amxim.com\/fr\/wp-json\/wp\/v2\/product\/12890\/revisions\/13566"}],"wp:featuredmedia":[{"embeddable":true,"href":"https:\/\/amxim.com\/fr\/wp-json\/wp\/v2\/media\/12897"}],"wp:attachment":[{"href":"https:\/\/amxim.com\/fr\/wp-json\/wp\/v2\/media?parent=12890"}],"wp:term":[{"taxonomy":"product_brand","embeddable":true,"href":"https:\/\/amxim.com\/fr\/wp-json\/wp\/v2\/product_brand?post=12890"},{"taxonomy":"product_cat","embeddable":true,"href":"https:\/\/amxim.com\/fr\/wp-json\/wp\/v2\/product_cat?post=12890"},{"taxonomy":"product_tag","embeddable":true,"href":"https:\/\/amxim.com\/fr\/wp-json\/wp\/v2\/product_tag?post=12890"}],"curies":[{"name":"wp","href":"https:\/\/api.w.org\/{rel}","templated":true}]}}