{"id":2890,"date":"2025-03-11T08:45:28","date_gmt":"2025-03-11T08:45:28","guid":{"rendered":"https:\/\/amxim.com\/?page_id=2890"},"modified":"2025-03-29T04:38:31","modified_gmt":"2025-03-29T04:38:31","slug":"visita-alla-fabbrica","status":"publish","type":"page","link":"https:\/\/amxim.com\/it\/visita-alla-fabbrica\/","title":{"rendered":"Visita alla fabbrica"},"content":{"rendered":"<div data-elementor-type=\"wp-page\" data-elementor-id=\"2890\" class=\"elementor elementor-2890\" data-elementor-post-type=\"page\">\n\t\t\t\t<div class=\"elementor-element elementor-element-53fca55d e-flex e-con-boxed e-con e-parent\" data-id=\"53fca55d\" data-element_type=\"container\" data-e-type=\"container\">\n\t\t\t\t\t<div class=\"e-con-inner\">\n\t\t<div class=\"elementor-element elementor-element-47ab9bcc e-con-full e-flex e-con e-child\" data-id=\"47ab9bcc\" data-element_type=\"container\" data-e-type=\"container\">\n\t\t\t\t<div class=\"elementor-element elementor-element-2d396204 elementor-widget elementor-widget-image\" data-id=\"2d396204\" data-element_type=\"widget\" data-e-type=\"widget\" data-widget_type=\"image.default\">\n\t\t\t\t<div class=\"elementor-widget-container\">\n\t\t\t\t\t\t\t\t\t\t\t\t\t\t\t<img fetchpriority=\"high\" decoding=\"async\" width=\"800\" height=\"500\" src=\"https:\/\/amxim.com\/wp-content\/uploads\/2025\/03\/AMXIM-about-production.webp\" class=\"attachment-full size-full wp-image-10412\" alt=\"\" srcset=\"https:\/\/amxim.com\/wp-content\/uploads\/2025\/03\/AMXIM-about-production.webp 800w, https:\/\/amxim.com\/wp-content\/uploads\/2025\/03\/AMXIM-about-production-400x250.webp 400w, https:\/\/amxim.com\/wp-content\/uploads\/2025\/03\/AMXIM-about-production-150x94.webp 150w, https:\/\/amxim.com\/wp-content\/uploads\/2025\/03\/AMXIM-about-production-768x480.webp 768w, https:\/\/amxim.com\/wp-content\/uploads\/2025\/03\/AMXIM-about-production-145x91.webp 145w\" sizes=\"(max-width: 800px) 100vw, 800px\" \/>\t\t\t\t\t\t\t\t\t\t\t\t\t\t\t<\/div>\n\t\t\t\t<\/div>\n\t\t\t\t<\/div>\n\t\t<div class=\"elementor-element elementor-element-e10a882 e-con-full e-flex e-con e-child\" data-id=\"e10a882\" data-element_type=\"container\" data-e-type=\"container\">\n\t\t\t\t<div class=\"elementor-element elementor-element-1c555226 elementor-widget elementor-widget-heading\" data-id=\"1c555226\" data-element_type=\"widget\" data-e-type=\"widget\" data-widget_type=\"heading.default\">\n\t\t\t\t<div class=\"elementor-widget-container\">\n\t\t\t\t\t<h3 class=\"elementor-heading-title elementor-size-default\">Standard di produzione avanzati<\/h3>\t\t\t\t<\/div>\n\t\t\t\t<\/div>\n\t\t\t\t<div class=\"elementor-element elementor-element-4df9434c color-scheme-inherit text-left elementor-widget elementor-widget-text-editor\" data-id=\"4df9434c\" data-element_type=\"widget\" data-e-type=\"widget\" data-widget_type=\"text-editor.default\">\n\t\t\t\t<div class=\"elementor-widget-container\">\n\t\t\t\t\t\t\t\t\t<ul><li class=\"\" data-start=\"1343\" data-end=\"1458\"><p class=\"\" data-start=\"1345\" data-end=\"1458\"><strong data-start=\"1345\" data-end=\"1372\">Progettazione e sviluppo:<\/strong> <span class=\"relative -mx-px my-[-0.2rem] rounded px-px py-[0.2rem]\">Ogni prodotto \u00e8 sottoposto a meticolose fasi di progettazione e sviluppo per garantire funzionalit\u00e0 e soddisfazione dell&#039;utente.<\/span>\u200b<\/p><\/li><li class=\"\" data-start=\"1459\" data-end=\"1572\"><p class=\"\" data-start=\"1461\" data-end=\"1572\"><strong data-start=\"1461\" data-end=\"1486\">Ispezione dei componenti:<\/strong> <span class=\"relative -mx-px my-[-0.2rem] rounded px-px py-[0.2rem]\">Tutti i componenti vengono ispezionati per verificarne l&#039;integrit\u00e0 e le prestazioni prima dell&#039;assemblaggio.<\/span>\u200b\u00a0<\/p><\/li><li class=\"\" data-start=\"1573\" data-end=\"1682\"><p class=\"\" data-start=\"1575\" data-end=\"1682\"><strong data-start=\"1575\" data-end=\"1596\">Processo di assemblaggio:<\/strong> <span class=\"relative -mx-px my-[-0.2rem] rounded px-px py-[0.2rem]\">Utilizzo di tecniche automatizzate e manuali per garantire coerenza e precisione.<\/span><\/p><\/li><\/ul>\t\t\t\t\t\t\t\t<\/div>\n\t\t\t\t<\/div>\n\t\t\t\t<\/div>\n\t\t\t\t\t<\/div>\n\t\t\t\t<\/div>\n\t\t<div class=\"elementor-element elementor-element-296310e8 e-flex e-con-boxed e-con e-parent\" data-id=\"296310e8\" data-element_type=\"container\" data-e-type=\"container\">\n\t\t\t\t\t<div class=\"e-con-inner\">\n\t\t<div class=\"elementor-element elementor-element-2b36305 e-con-full e-flex e-con e-child\" data-id=\"2b36305\" data-element_type=\"container\" data-e-type=\"container\">\n\t\t\t\t<div class=\"elementor-element elementor-element-245e3f3e elementor-widget elementor-widget-heading\" data-id=\"245e3f3e\" data-element_type=\"widget\" data-e-type=\"widget\" data-widget_type=\"heading.default\">\n\t\t\t\t<div class=\"elementor-widget-container\">\n\t\t\t\t\t<h3 class=\"elementor-heading-title elementor-size-default\">Controllo di qualit\u00e0 presso AMXIM<\/h3>\t\t\t\t<\/div>\n\t\t\t\t<\/div>\n\t\t\t\t<div class=\"elementor-element elementor-element-4031affc elementor-widget elementor-widget-heading\" data-id=\"4031affc\" data-element_type=\"widget\" data-e-type=\"widget\" data-widget_type=\"heading.default\">\n\t\t\t\t<div class=\"elementor-widget-container\">\n\t\t\t\t\t<p class=\"elementor-heading-title elementor-size-default\">In AMXIM, diamo priorit\u00e0 alla qualit\u00e0 e alla sicurezza in ogni prodotto che realizziamo. Il nostro sistema completo di Controllo Qualit\u00e0 (QC) \u00e8 progettato per soddisfare e superare gli standard di settore, garantendo che i nostri partner OEM e ODM ricevano prodotti affidabili, sicuri e della massima qualit\u00e0.<\/p>\t\t\t\t<\/div>\n\t\t\t\t<\/div>\n\t\t\t\t<\/div>\n\t\t<div class=\"elementor-element elementor-element-378fd67c e-con-full e-flex e-con e-child\" data-id=\"378fd67c\" data-element_type=\"container\" data-e-type=\"container\">\n\t\t\t\t<div class=\"elementor-element elementor-element-10c713c elementor-widget__width-inherit elementor-widget elementor-widget-wd_image_or_svg\" data-id=\"10c713c\" data-element_type=\"widget\" data-e-type=\"widget\" data-widget_type=\"wd_image_or_svg.default\">\n\t\t\t\t<div class=\"elementor-widget-container\">\n\t\t\t\t\t\n\t\t<div class=\"wd-image text-center\">\n\t\t\t\t\t\t\t\t<img decoding=\"async\" width=\"1400\" height=\"853\" src=\"https:\/\/amxim.com\/wp-content\/uploads\/2025\/03\/AMXIM-about-factory2.webp\" class=\"attachment-full size-full\" alt=\"\" srcset=\"https:\/\/amxim.com\/wp-content\/uploads\/2025\/03\/AMXIM-about-factory2.webp 1400w, https:\/\/amxim.com\/wp-content\/uploads\/2025\/03\/AMXIM-about-factory2-400x244.webp 400w, https:\/\/amxim.com\/wp-content\/uploads\/2025\/03\/AMXIM-about-factory2-1300x792.webp 1300w, https:\/\/amxim.com\/wp-content\/uploads\/2025\/03\/AMXIM-about-factory2-150x91.webp 150w, https:\/\/amxim.com\/wp-content\/uploads\/2025\/03\/AMXIM-about-factory2-768x468.webp 768w, https:\/\/amxim.com\/wp-content\/uploads\/2025\/03\/AMXIM-about-factory2-1200x731.webp 1200w, https:\/\/amxim.com\/wp-content\/uploads\/2025\/03\/AMXIM-about-factory2-145x88.webp 145w\" sizes=\"(max-width: 1400px) 100vw, 1400px\" \/>\t\t\t\t\t<\/div>\n\n\t\t\t\t\t\t<\/div>\n\t\t\t\t<\/div>\n\t\t\t\t<\/div>\n\t\t\t\t\t<\/div>\n\t\t\t\t<\/div>\n\t\t<div class=\"elementor-element elementor-element-d61ca0e e-flex e-con-boxed e-con e-parent\" data-id=\"d61ca0e\" data-element_type=\"container\" data-e-type=\"container\">\n\t\t\t\t\t<div class=\"e-con-inner\">\n\t\t\t\t<div class=\"elementor-element elementor-element-87b0cb2 elementor-widget elementor-widget-wd_text_block\" data-id=\"87b0cb2\" data-element_type=\"widget\" data-e-type=\"widget\" data-widget_type=\"wd_text_block.default\">\n\t\t\t\t<div class=\"elementor-widget-container\">\n\t\t\t\t\t\t\t<div class=\"wd-text-block reset-last-child text-left\">\n\t\t\t\n\t\t\t<h2 class=\"\" data-start=\"902\" data-end=\"933\">Garanzia di qualit\u00e0 in corso d&#039;opera<\/h2><p class=\"\" data-start=\"935\" data-end=\"1060\"><span class=\"relative -mx-px my-[-0.2rem] rounded px-px py-[0.2rem]\">Durante tutto il processo produttivo, adottiamo monitoraggio e campionamento continui.<\/span> <span class=\"relative -mx-px my-[-0.2rem] rounded px-px py-[0.2rem]\">I principali controlli di qualit\u00e0 includono:<\/span>\u200b<\/p><ul data-start=\"1062\" data-end=\"1451\"><li class=\"\" data-start=\"1062\" data-end=\"1170\"><p class=\"\" data-start=\"1064\" data-end=\"1170\"><strong data-start=\"1064\" data-end=\"1083\">Test di tenuta<\/strong>: <span class=\"relative -mx-px my-[-0.2rem] rounded px-px py-[0.2rem]\">Assicurarsi che tutti i dispositivi siano privi di perdite di liquido per sigaretta elettronica.<\/span>\u200b<\/p><\/li><li class=\"\" data-start=\"1172\" data-end=\"1290\"><p class=\"\" data-start=\"1174\" data-end=\"1290\"><strong data-start=\"1174\" data-end=\"1203\">Valutazione della sicurezza della batteria<\/strong>: <span class=\"relative -mx-px my-[-0.2rem] rounded px-px py-[0.2rem]\">Valutazione delle prestazioni della batteria in diverse condizioni per prevenire sovraccarichi, scariche eccessive e cortocircuiti.<\/span>\u200b<\/p><\/li><li class=\"\" data-start=\"1292\" data-end=\"1451\"><p class=\"\" data-start=\"1294\" data-end=\"1451\"><strong data-start=\"1294\" data-end=\"1324\">Durata del filo di resistenza<\/strong>: <span class=\"relative -mx-px my-[-0.2rem] rounded px-px py-[0.2rem]\">Esecuzione di test di durata utile sui componenti delle bobine per garantire longevit\u00e0 e prestazioni costanti.<\/span><\/p><\/li><\/ul>\n\t\t\t\t\t<\/div>\n\t\t\t\t\t\t<\/div>\n\t\t\t\t<\/div>\n\t\t\t\t<div class=\"elementor-element elementor-element-c82ecf3 elementor-widget elementor-widget-wd_text_block\" data-id=\"c82ecf3\" data-element_type=\"widget\" data-e-type=\"widget\" data-widget_type=\"wd_text_block.default\">\n\t\t\t\t<div class=\"elementor-widget-container\">\n\t\t\t\t\t\t\t<div class=\"wd-text-block reset-last-child text-left\">\n\t\t\t\n\t\t\t<h2 class=\"\" data-start=\"1701\" data-end=\"1725\">Test del prodotto finale<\/h2><p class=\"\" data-start=\"1727\" data-end=\"1812\"><span class=\"relative -mx-px my-[-0.2rem] rounded px-px py-[0.2rem]\">Prima di lasciare la nostra struttura, ogni prodotto viene sottoposto a test approfonditi, tra cui:<\/span>\u200b<\/p><ul data-start=\"1814\" data-end=\"2153\"><li class=\"\" data-start=\"1814\" data-end=\"1926\"><p class=\"\" data-start=\"1816\" data-end=\"1926\"><strong data-start=\"1816\" data-end=\"1839\">Test di funzionalit\u00e0<\/strong>: <span class=\"relative -mx-px my-[-0.2rem] rounded px-px py-[0.2rem]\">Verifica del funzionamento del dispositivo e dell&#039;interfaccia utente.<\/span>\u200b<\/p><\/li><li class=\"\" data-start=\"1928\" data-end=\"2039\"><p class=\"\" data-start=\"1930\" data-end=\"2039\"><strong data-start=\"1930\" data-end=\"1952\">Consistenza del sapore<\/strong>: <span class=\"relative -mx-px my-[-0.2rem] rounded px-px py-[0.2rem]\">Garantire che gli e-liquidi offrano il profilo di gusto desiderato.<\/span>\u200b<\/p><\/li><li class=\"\" data-start=\"2041\" data-end=\"2153\"><p class=\"\" data-start=\"2043\" data-end=\"2153\"><strong data-start=\"2043\" data-end=\"2066\">Integrit\u00e0 dell&#039;imballaggio<\/strong>: <span class=\"relative -mx-px my-[-0.2rem] rounded px-px py-[0.2rem]\">Verificare che i prodotti siano imballati in modo sicuro per evitare danni durante il trasporto.<\/span><\/p><\/li><\/ul>\n\t\t\t\t\t<\/div>\n\t\t\t\t\t\t<\/div>\n\t\t\t\t<\/div>\n\t\t\t\t\t<\/div>\n\t\t\t\t<\/div>\n\t\t<div class=\"wd-negative-gap elementor-element elementor-element-8f43144 e-flex e-con-boxed e-con e-parent\" data-id=\"8f43144\" data-element_type=\"container\" data-e-type=\"container\" data-settings=\"{&quot;background_background&quot;:&quot;classic&quot;}\">\n\t\t\t\t\t<div class=\"e-con-inner\">\n\t\t\t\t<div class=\"elementor-element elementor-element-c222601 elementor-widget elementor-widget-wd_text_block\" data-id=\"c222601\" data-element_type=\"widget\" data-e-type=\"widget\" data-widget_type=\"wd_text_block.default\">\n\t\t\t\t<div class=\"elementor-widget-container\">\n\t\t\t\t\t\t\t<div class=\"wd-text-block reset-last-child text-left\">\n\t\t\t\n\t\t\t<h1 data-start=\"1453\" data-end=\"1492\"><strong>Conformit\u00e0 agli standard normativi<\/strong><\/h1><p class=\"\" data-start=\"1494\" data-end=\"1699\"><span class=\"relative -mx-px my-[-0.2rem] rounded px-px py-[0.2rem]\">Rispettiamo rigorosamente le normative internazionali che regolano la produzione delle sigarette elettroniche.<\/span> <span class=\"relative -mx-px my-[-0.2rem] rounded px-px py-[0.2rem]\">I nostri prodotti soddisfano o superano gli standard di sicurezza e qualit\u00e0, garantendo un ingresso agevole sul mercato mondiale.<\/span> <span class=\"relative -mx-px my-[-0.2rem] rounded px-px py-[0.2rem]\">Audit e certificazioni regolari attestano la nostra conformit\u00e0 e il nostro impegno verso l&#039;eccellenza.<\/span> \u200b<\/p>\n\t\t\t\t\t<\/div>\n\t\t\t\t\t\t<\/div>\n\t\t\t\t<\/div>\n\t\t\t\t\t<\/div>\n\t\t\t\t<\/div>\n\t\t\t\t<\/div>","protected":false},"excerpt":{"rendered":"<p>Advanced Manufacturing Standards Design and Development: Each product undergoes meticulous design and development phases to ensure functionality and user satisfaction.\u200b<\/p>","protected":false},"author":1,"featured_media":0,"parent":0,"menu_order":0,"comment_status":"closed","ping_status":"closed","template":"","meta":{"footnotes":""},"class_list":["post-2890","page","type-page","status-publish","hentry"],"yoast_head":"<!-- This site is optimized with the Yoast SEO plugin v26.9 - https:\/\/yoast.com\/product\/yoast-seo-wordpress\/ -->\n<title>Factory Tour - Inside AXMIM Vape Factory<\/title>\n<meta name=\"description\" content=\"Take a virtual tour of our state-of-the-art vape manufacturing facility. See how we create custom vape devices, e-liquids, and offer OEM &amp; ODM services with the highest quality standards.\" \/>\n<meta name=\"robots\" content=\"index, follow, max-snippet:-1, max-image-preview:large, max-video-preview:-1\" \/>\n<link rel=\"canonical\" href=\"https:\/\/amxim.com\/it\/visita-alla-fabbrica\/\" \/>\n<meta property=\"og:locale\" content=\"it_IT\" \/>\n<meta property=\"og:type\" content=\"article\" \/>\n<meta property=\"og:title\" content=\"Factory Tour - Inside AXMIM Vape Factory\" \/>\n<meta property=\"og:description\" content=\"Take a virtual tour of our state-of-the-art vape manufacturing facility. See how we create custom vape devices, e-liquids, and offer OEM &amp; ODM services with the highest quality standards.\" \/>\n<meta property=\"og:url\" content=\"https:\/\/amxim.com\/it\/visita-alla-fabbrica\/\" \/>\n<meta property=\"og:site_name\" content=\"AMXIM\" \/>\n<meta property=\"article:modified_time\" content=\"2025-03-29T04:38:31+00:00\" \/>\n<meta property=\"og:image\" content=\"https:\/\/amxim.com\/wp-content\/uploads\/2025\/03\/AMXIM-about-production.webp\" \/>\n<meta name=\"twitter:card\" content=\"summary_large_image\" \/>\n<meta name=\"twitter:label1\" content=\"Tempo di lettura stimato\" \/>\n\t<meta name=\"twitter:data1\" content=\"2 minuti\" \/>\n<script type=\"application\/ld+json\" class=\"yoast-schema-graph\">{\"@context\":\"https:\/\/schema.org\",\"@graph\":[{\"@type\":\"WebPage\",\"@id\":\"https:\/\/amxim.com\/ja\/factory-tour\/\",\"url\":\"https:\/\/amxim.com\/ja\/factory-tour\/\",\"name\":\"Factory Tour - Inside AXMIM Vape Factory\",\"isPartOf\":{\"@id\":\"https:\/\/amxim.com\/#website\"},\"primaryImageOfPage\":{\"@id\":\"https:\/\/amxim.com\/ja\/factory-tour\/#primaryimage\"},\"image\":{\"@id\":\"https:\/\/amxim.com\/ja\/factory-tour\/#primaryimage\"},\"thumbnailUrl\":\"https:\/\/amxim.com\/wp-content\/uploads\/2025\/03\/AMXIM-about-production.webp\",\"datePublished\":\"2025-03-11T08:45:28+00:00\",\"dateModified\":\"2025-03-29T04:38:31+00:00\",\"description\":\"Take a virtual tour of our state-of-the-art vape manufacturing facility. See how we create custom vape devices, e-liquids, and offer OEM & ODM services with the highest quality standards.\",\"breadcrumb\":{\"@id\":\"https:\/\/amxim.com\/ja\/factory-tour\/#breadcrumb\"},\"inLanguage\":\"it-IT\",\"potentialAction\":[{\"@type\":\"ReadAction\",\"target\":[\"https:\/\/amxim.com\/ja\/factory-tour\/\"]}]},{\"@type\":\"ImageObject\",\"inLanguage\":\"it-IT\",\"@id\":\"https:\/\/amxim.com\/ja\/factory-tour\/#primaryimage\",\"url\":\"https:\/\/amxim.com\/wp-content\/uploads\/2025\/03\/AMXIM-about-production.webp\",\"contentUrl\":\"https:\/\/amxim.com\/wp-content\/uploads\/2025\/03\/AMXIM-about-production.webp\"},{\"@type\":\"BreadcrumbList\",\"@id\":\"https:\/\/amxim.com\/ja\/factory-tour\/#breadcrumb\",\"itemListElement\":[{\"@type\":\"ListItem\",\"position\":1,\"name\":\"Home\",\"item\":\"https:\/\/amxim.com\/en\/\"},{\"@type\":\"ListItem\",\"position\":2,\"name\":\"Factory Tour\"}]},{\"@type\":\"WebSite\",\"@id\":\"https:\/\/amxim.com\/#website\",\"url\":\"https:\/\/amxim.com\/\",\"name\":\"AMXIM\",\"description\":\"AMXIM-OEM ODM Vape Manufacturer\",\"publisher\":{\"@id\":\"https:\/\/amxim.com\/#organization\"},\"potentialAction\":[{\"@type\":\"SearchAction\",\"target\":{\"@type\":\"EntryPoint\",\"urlTemplate\":\"https:\/\/amxim.com\/?s={search_term_string}\"},\"query-input\":{\"@type\":\"PropertyValueSpecification\",\"valueRequired\":true,\"valueName\":\"search_term_string\"}}],\"inLanguage\":\"it-IT\"},{\"@type\":\"Organization\",\"@id\":\"https:\/\/amxim.com\/#organization\",\"name\":\"AMXIM\",\"url\":\"https:\/\/amxim.com\/\",\"logo\":{\"@type\":\"ImageObject\",\"inLanguage\":\"it-IT\",\"@id\":\"https:\/\/amxim.com\/#\/schema\/logo\/image\/\",\"url\":\"https:\/\/amxim.com\/wp-content\/uploads\/2025\/03\/cropped-AMXIM-fav.webp\",\"contentUrl\":\"https:\/\/amxim.com\/wp-content\/uploads\/2025\/03\/cropped-AMXIM-fav.webp\",\"width\":512,\"height\":512,\"caption\":\"AMXIM\"},\"image\":{\"@id\":\"https:\/\/amxim.com\/#\/schema\/logo\/image\/\"}}]}<\/script>\n<!-- \/ Yoast SEO plugin. -->","yoast_head_json":{"title":"Visita alla fabbrica - All&#039;interno della fabbrica di sigarette elettroniche AXMIM","description":"Fai un tour virtuale del nostro stabilimento produttivo all&#039;avanguardia per lo svapo. Scopri come creiamo dispositivi per lo svapo personalizzati, liquidi per sigarette elettroniche e offriamo servizi OEM e ODM con i pi\u00f9 alti standard qualitativi.","robots":{"index":"index","follow":"follow","max-snippet":"max-snippet:-1","max-image-preview":"max-image-preview:large","max-video-preview":"max-video-preview:-1"},"canonical":"https:\/\/amxim.com\/it\/visita-alla-fabbrica\/","og_locale":"it_IT","og_type":"article","og_title":"Factory Tour - Inside AXMIM Vape Factory","og_description":"Take a virtual tour of our state-of-the-art vape manufacturing facility. See how we create custom vape devices, e-liquids, and offer OEM & ODM services with the highest quality standards.","og_url":"https:\/\/amxim.com\/it\/visita-alla-fabbrica\/","og_site_name":"AMXIM","article_modified_time":"2025-03-29T04:38:31+00:00","og_image":[{"url":"https:\/\/amxim.com\/wp-content\/uploads\/2025\/03\/AMXIM-about-production.webp","type":"","width":"","height":""}],"twitter_card":"summary_large_image","twitter_misc":{"Tempo di lettura stimato":"2 minuti"},"schema":{"@context":"https:\/\/schema.org","@graph":[{"@type":"WebPage","@id":"https:\/\/amxim.com\/ja\/factory-tour\/","url":"https:\/\/amxim.com\/ja\/factory-tour\/","name":"Visita alla fabbrica - All&#039;interno della fabbrica di sigarette elettroniche AXMIM","isPartOf":{"@id":"https:\/\/amxim.com\/#website"},"primaryImageOfPage":{"@id":"https:\/\/amxim.com\/ja\/factory-tour\/#primaryimage"},"image":{"@id":"https:\/\/amxim.com\/ja\/factory-tour\/#primaryimage"},"thumbnailUrl":"https:\/\/amxim.com\/wp-content\/uploads\/2025\/03\/AMXIM-about-production.webp","datePublished":"2025-03-11T08:45:28+00:00","dateModified":"2025-03-29T04:38:31+00:00","description":"Fai un tour virtuale del nostro stabilimento produttivo all&#039;avanguardia per lo svapo. Scopri come creiamo dispositivi per lo svapo personalizzati, liquidi per sigarette elettroniche e offriamo servizi OEM e ODM con i pi\u00f9 alti standard qualitativi.","breadcrumb":{"@id":"https:\/\/amxim.com\/ja\/factory-tour\/#breadcrumb"},"inLanguage":"it-IT","potentialAction":[{"@type":"ReadAction","target":["https:\/\/amxim.com\/ja\/factory-tour\/"]}]},{"@type":"ImageObject","inLanguage":"it-IT","@id":"https:\/\/amxim.com\/ja\/factory-tour\/#primaryimage","url":"https:\/\/amxim.com\/wp-content\/uploads\/2025\/03\/AMXIM-about-production.webp","contentUrl":"https:\/\/amxim.com\/wp-content\/uploads\/2025\/03\/AMXIM-about-production.webp"},{"@type":"BreadcrumbList","@id":"https:\/\/amxim.com\/ja\/factory-tour\/#breadcrumb","itemListElement":[{"@type":"ListItem","position":1,"name":"Home","item":"https:\/\/amxim.com\/en\/"},{"@type":"ListItem","position":2,"name":"Factory Tour"}]},{"@type":"WebSite","@id":"https:\/\/amxim.com\/#website","url":"https:\/\/amxim.com\/","name":"AMXIM","description":"Produttore di sigarette elettroniche AMXIM-OEM ODM","publisher":{"@id":"https:\/\/amxim.com\/#organization"},"potentialAction":[{"@type":"SearchAction","target":{"@type":"EntryPoint","urlTemplate":"https:\/\/amxim.com\/?s={search_term_string}"},"query-input":{"@type":"PropertyValueSpecification","valueRequired":true,"valueName":"search_term_string"}}],"inLanguage":"it-IT"},{"@type":"Organization","@id":"https:\/\/amxim.com\/#organization","name":"AMXIM","url":"https:\/\/amxim.com\/","logo":{"@type":"ImageObject","inLanguage":"it-IT","@id":"https:\/\/amxim.com\/#\/schema\/logo\/image\/","url":"https:\/\/amxim.com\/wp-content\/uploads\/2025\/03\/cropped-AMXIM-fav.webp","contentUrl":"https:\/\/amxim.com\/wp-content\/uploads\/2025\/03\/cropped-AMXIM-fav.webp","width":512,"height":512,"caption":"AMXIM"},"image":{"@id":"https:\/\/amxim.com\/#\/schema\/logo\/image\/"}}]}},"_links":{"self":[{"href":"https:\/\/amxim.com\/it\/wp-json\/wp\/v2\/pages\/2890","targetHints":{"allow":["GET"]}}],"collection":[{"href":"https:\/\/amxim.com\/it\/wp-json\/wp\/v2\/pages"}],"about":[{"href":"https:\/\/amxim.com\/it\/wp-json\/wp\/v2\/types\/page"}],"author":[{"embeddable":true,"href":"https:\/\/amxim.com\/it\/wp-json\/wp\/v2\/users\/1"}],"replies":[{"embeddable":true,"href":"https:\/\/amxim.com\/it\/wp-json\/wp\/v2\/comments?post=2890"}],"version-history":[{"count":0,"href":"https:\/\/amxim.com\/it\/wp-json\/wp\/v2\/pages\/2890\/revisions"}],"wp:attachment":[{"href":"https:\/\/amxim.com\/it\/wp-json\/wp\/v2\/media?parent=2890"}],"curies":[{"name":"parola chiave","href":"https:\/\/api.w.org\/{rel}","templated":true}]}}