{"id":10302,"date":"2025-03-26T09:16:03","date_gmt":"2025-03-26T09:16:03","guid":{"rendered":"https:\/\/amxim.com\/?post_type=product&#038;p=10302"},"modified":"2025-04-02T01:36:53","modified_gmt":"2025-04-02T01:36:53","slug":"dispositivo-monouso-per-svapo-alla-menta-2000-tiri-50-mg-di-sali-di-nicotina","status":"publish","type":"product","link":"https:\/\/amxim.com\/it\/product\/dispositivo-monouso-per-svapo-alla-menta-2000-tiri-50-mg-di-sali-di-nicotina\/","title":{"rendered":"Dispositivo monouso per svapo alla menta, 2000 tiri, 50 mg di sali di nicotina"},"content":{"rendered":"<h2 style=\"text-align: left\">Dispositivo monouso per svapo alla menta, 2000 tiri, 50 mg di sali di nicotina<\/h2>\n<p style=\"text-align: left\">La sigaretta elettronica usa e getta \u00e8 un dispositivo pre-riempito con sali di nicotina, progettato per offrire praticit\u00e0 e portabilit\u00e0, perfetto per chi \u00e8 sempre in movimento. \u00c8 dotato di una batteria interna ricaricabile da 1500 mAh, che offre un&#039;autonomia prolungata. Dotato di un meccanismo di attivazione a inalazione, il dispositivo si attiva automaticamente all&#039;inspirazione. Pre-riempito con 7,0 ml di liquido per sigaretta elettronica con sali di nicotina da 50 mg, ogni dispositivo monouso offre un&#039;esperienza di svapo fluida e appagante. Con una concentrazione di nicotina di 5%, ogni dispositivo offre circa 2000 tiri.<br \/>\nLo Slick Plus Disposable \u00e8 disponibile in una gamma di opzioni aromatizzate, adatte a una variet\u00e0 di gusti. Questo dispositivo facile da usare, ad attivazione automatica, non richiede la pressione di pulsanti n\u00e9 la ricarica, il che lo rende incredibilmente pratico. Ideale sia per i principianti che per gli svapatori pi\u00f9 esperti: basta rimuoverlo dalla confezione e sei pronto per svapare.<\/p>\n<p>&nbsp;<\/p>\n<h3 style=\"text-align: left\">Caratteristiche principali<\/h3>\n<ul>\n<li style=\"text-align: left\">Piccole dimensioni<\/li>\n<li style=\"text-align: left\">facile da trasportare<\/li>\n<li style=\"text-align: left\">facile da usare<\/li>\n<li style=\"text-align: left\">ottimo gusto<\/li>\n<\/ul>","protected":false},"excerpt":{"rendered":"<h3>Specifiche del prodotto<\/h3>\n<table>\n<tbody>\n<tr>\n<th style=\"text-align: left\">Tipo di prodotto<\/th>\n<td style=\"text-align: left\">sigaretta elettronica usa e getta<\/td>\n<\/tr>\n<tr>\n<th style=\"text-align: left\">Opzioni di colore<\/th>\n<td style=\"text-align: left\">Viola<\/td>\n<\/tr>\n<tr>\n<th style=\"text-align: left\">Misurare<\/th>\n<td style=\"text-align: left\">134*19mm<\/td>\n<\/tr>\n<tr>\n<th style=\"text-align: left\">Materiale<\/th>\n<td style=\"text-align: left\">PC + acciaio inossidabile<\/td>\n<\/tr>\n<tr>\n<th style=\"text-align: left\">Serpentina di riscaldamento<\/th>\n<td style=\"text-align: left\">Bobina a maglie da 1,8\u03a9<\/td>\n<\/tr>\n<tr>\n<th style=\"text-align: left\">Sbuffo<\/th>\n<td style=\"text-align: left\">Fino a 2000 tiri<\/td>\n<\/tr>\n<tr>\n<th style=\"text-align: left\">Batteria<\/th>\n<td style=\"text-align: left\">Ricaricabile da 1500 mAh<\/td>\n<\/tr>\n<tr>\n<th style=\"text-align: left\">Eliquid preriempito<\/th>\n<td style=\"text-align: left\">7,0 ml<\/td>\n<\/tr>\n<tr>\n<th style=\"text-align: left\">Tensione di lavoro<\/th>\n<td style=\"text-align: left\">3,6 V<\/td>\n<\/tr>\n<tr>\n<th style=\"text-align: left\">Evidenziare<\/th>\n<td style=\"text-align: left\">Sigaretta elettronica monouso con sali di nicotina da 50 mg<\/td>\n<\/tr>\n<tr>\n<th style=\"text-align: left\">Gusto<\/th>\n<td style=\"text-align: left\">Frutti di bosco misti<\/td>\n<\/tr>\n<\/tbody>\n<\/table>","protected":false},"featured_media":10329,"comment_status":"closed","ping_status":"closed","template":"","meta":[],"product_brand":[],"product_cat":[54,47],"product_tag":[],"class_list":{"0":"post-10302","1":"product","2":"type-product","3":"status-publish","4":"has-post-thumbnail","6":"product_cat-chargeable-disposable-vapes","7":"product_cat-disposable-vapes","9":"first","10":"instock","11":"shipping-taxable","12":"product-type-simple"},"yoast_head":"<!-- This site is optimized with the Yoast SEO plugin v26.9 - https:\/\/yoast.com\/product\/yoast-seo-wordpress\/ -->\n<title>Mint Disposable Vape Stick Device 2000 Puffs 50mg Nicotine Salt<\/title>\n<meta name=\"description\" content=\"Mint Disposable Vape Stick Device 2000 Puffs 50mg Nicotine Salt Small size easy to carry easy to use great taste Stainless Steel\" \/>\n<meta name=\"robots\" content=\"index, follow, max-snippet:-1, max-image-preview:large, max-video-preview:-1\" \/>\n<link rel=\"canonical\" href=\"https:\/\/amxim.com\/it\/product\/dispositivo-monouso-per-svapo-alla-menta-2000-tiri-50-mg-di-sali-di-nicotina\/\" \/>\n<meta property=\"og:locale\" content=\"it_IT\" \/>\n<meta property=\"og:type\" content=\"article\" \/>\n<meta property=\"og:title\" content=\"Mint Disposable Vape Stick Device 2000 Puffs 50mg Nicotine Salt\" \/>\n<meta property=\"og:description\" content=\"Mint Disposable Vape Stick Device 2000 Puffs 50mg Nicotine Salt Small size easy to carry easy to use great taste Stainless Steel\" \/>\n<meta property=\"og:url\" content=\"https:\/\/amxim.com\/it\/product\/dispositivo-monouso-per-svapo-alla-menta-2000-tiri-50-mg-di-sali-di-nicotina\/\" \/>\n<meta property=\"og:site_name\" content=\"AMXIM\" \/>\n<meta property=\"article:modified_time\" content=\"2025-04-02T01:36:53+00:00\" \/>\n<meta property=\"og:image\" content=\"https:\/\/amxim.com\/wp-content\/uploads\/2025\/03\/Mint-Disposable-Vape-Stick-Device-2000-Puffs-50mg-Nicotine-Salt-1.webp\" \/>\n\t<meta property=\"og:image:width\" content=\"1000\" \/>\n\t<meta property=\"og:image:height\" content=\"1000\" \/>\n\t<meta property=\"og:image:type\" content=\"image\/webp\" \/>\n<meta name=\"twitter:card\" content=\"summary_large_image\" \/>\n<meta name=\"twitter:label1\" content=\"Tempo di lettura stimato\" \/>\n\t<meta name=\"twitter:data1\" content=\"1 minuto\" \/>\n<script type=\"application\/ld+json\" class=\"yoast-schema-graph\">{\"@context\":\"https:\/\/schema.org\",\"@graph\":[{\"@type\":\"WebPage\",\"@id\":\"https:\/\/amxim.com\/product\/mint-disposable-vape-stick-device-2000-puffs-50mg-nicotine-salt\/\",\"url\":\"https:\/\/amxim.com\/product\/mint-disposable-vape-stick-device-2000-puffs-50mg-nicotine-salt\/\",\"name\":\"Mint Disposable Vape Stick Device 2000 Puffs 50mg Nicotine Salt\",\"isPartOf\":{\"@id\":\"https:\/\/amxim.com\/#website\"},\"primaryImageOfPage\":{\"@id\":\"https:\/\/amxim.com\/product\/mint-disposable-vape-stick-device-2000-puffs-50mg-nicotine-salt\/#primaryimage\"},\"image\":{\"@id\":\"https:\/\/amxim.com\/product\/mint-disposable-vape-stick-device-2000-puffs-50mg-nicotine-salt\/#primaryimage\"},\"thumbnailUrl\":\"https:\/\/amxim.com\/wp-content\/uploads\/2025\/03\/Mint-Disposable-Vape-Stick-Device-2000-Puffs-50mg-Nicotine-Salt-1.webp\",\"datePublished\":\"2025-03-26T09:16:03+00:00\",\"dateModified\":\"2025-04-02T01:36:53+00:00\",\"description\":\"Mint Disposable Vape Stick Device 2000 Puffs 50mg Nicotine Salt Small size easy to carry easy to use great taste Stainless Steel\",\"breadcrumb\":{\"@id\":\"https:\/\/amxim.com\/product\/mint-disposable-vape-stick-device-2000-puffs-50mg-nicotine-salt\/#breadcrumb\"},\"inLanguage\":\"it-IT\",\"potentialAction\":[{\"@type\":\"ReadAction\",\"target\":[\"https:\/\/amxim.com\/product\/mint-disposable-vape-stick-device-2000-puffs-50mg-nicotine-salt\/\"]}]},{\"@type\":\"ImageObject\",\"inLanguage\":\"it-IT\",\"@id\":\"https:\/\/amxim.com\/product\/mint-disposable-vape-stick-device-2000-puffs-50mg-nicotine-salt\/#primaryimage\",\"url\":\"https:\/\/amxim.com\/wp-content\/uploads\/2025\/03\/Mint-Disposable-Vape-Stick-Device-2000-Puffs-50mg-Nicotine-Salt-1.webp\",\"contentUrl\":\"https:\/\/amxim.com\/wp-content\/uploads\/2025\/03\/Mint-Disposable-Vape-Stick-Device-2000-Puffs-50mg-Nicotine-Salt-1.webp\",\"width\":1000,\"height\":1000,\"caption\":\"Mint Disposable Vape Stick Device 2000 Puffs 50mg Nicotine Salt\"},{\"@type\":\"BreadcrumbList\",\"@id\":\"https:\/\/amxim.com\/product\/mint-disposable-vape-stick-device-2000-puffs-50mg-nicotine-salt\/#breadcrumb\",\"itemListElement\":[{\"@type\":\"ListItem\",\"position\":1,\"name\":\"Home\",\"item\":\"https:\/\/amxim.com\/en\/\"},{\"@type\":\"ListItem\",\"position\":2,\"name\":\"Products\",\"item\":\"https:\/\/amxim.com\/de\/products\/\"},{\"@type\":\"ListItem\",\"position\":3,\"name\":\"Mint Disposable Vape Stick Device 2000 Puffs 50mg Nicotine Salt\"}]},{\"@type\":\"WebSite\",\"@id\":\"https:\/\/amxim.com\/#website\",\"url\":\"https:\/\/amxim.com\/\",\"name\":\"AMXIM\",\"description\":\"AMXIM-OEM ODM Vape Manufacturer\",\"publisher\":{\"@id\":\"https:\/\/amxim.com\/#organization\"},\"potentialAction\":[{\"@type\":\"SearchAction\",\"target\":{\"@type\":\"EntryPoint\",\"urlTemplate\":\"https:\/\/amxim.com\/?s={search_term_string}\"},\"query-input\":{\"@type\":\"PropertyValueSpecification\",\"valueRequired\":true,\"valueName\":\"search_term_string\"}}],\"inLanguage\":\"it-IT\"},{\"@type\":\"Organization\",\"@id\":\"https:\/\/amxim.com\/#organization\",\"name\":\"AMXIM\",\"url\":\"https:\/\/amxim.com\/\",\"logo\":{\"@type\":\"ImageObject\",\"inLanguage\":\"it-IT\",\"@id\":\"https:\/\/amxim.com\/#\/schema\/logo\/image\/\",\"url\":\"https:\/\/amxim.com\/wp-content\/uploads\/2025\/03\/cropped-AMXIM-fav.webp\",\"contentUrl\":\"https:\/\/amxim.com\/wp-content\/uploads\/2025\/03\/cropped-AMXIM-fav.webp\",\"width\":512,\"height\":512,\"caption\":\"AMXIM\"},\"image\":{\"@id\":\"https:\/\/amxim.com\/#\/schema\/logo\/image\/\"}}]}<\/script>\n<!-- \/ Yoast SEO plugin. -->","yoast_head_json":{"title":"Dispositivo monouso per svapo alla menta, 2000 tiri, 50 mg di sali di nicotina","description":"Dispositivo monouso per sigaretta elettronica Mint da 2000 tiri, 50 mg di sali di nicotina, di piccole dimensioni, facile da trasportare e da usare, dal gusto eccezionale, in acciaio inossidabile.","robots":{"index":"index","follow":"follow","max-snippet":"max-snippet:-1","max-image-preview":"max-image-preview:large","max-video-preview":"max-video-preview:-1"},"canonical":"https:\/\/amxim.com\/it\/product\/dispositivo-monouso-per-svapo-alla-menta-2000-tiri-50-mg-di-sali-di-nicotina\/","og_locale":"it_IT","og_type":"article","og_title":"Mint Disposable Vape Stick Device 2000 Puffs 50mg Nicotine Salt","og_description":"Mint Disposable Vape Stick Device 2000 Puffs 50mg Nicotine Salt Small size easy to carry easy to use great taste Stainless Steel","og_url":"https:\/\/amxim.com\/it\/product\/dispositivo-monouso-per-svapo-alla-menta-2000-tiri-50-mg-di-sali-di-nicotina\/","og_site_name":"AMXIM","article_modified_time":"2025-04-02T01:36:53+00:00","og_image":[{"width":1000,"height":1000,"url":"https:\/\/amxim.com\/wp-content\/uploads\/2025\/03\/Mint-Disposable-Vape-Stick-Device-2000-Puffs-50mg-Nicotine-Salt-1.webp","type":"image\/webp"}],"twitter_card":"summary_large_image","twitter_misc":{"Tempo di lettura stimato":"1 minuto"},"schema":{"@context":"https:\/\/schema.org","@graph":[{"@type":"WebPage","@id":"https:\/\/amxim.com\/product\/mint-disposable-vape-stick-device-2000-puffs-50mg-nicotine-salt\/","url":"https:\/\/amxim.com\/product\/mint-disposable-vape-stick-device-2000-puffs-50mg-nicotine-salt\/","name":"Dispositivo monouso per svapo alla menta, 2000 tiri, 50 mg di sali di nicotina","isPartOf":{"@id":"https:\/\/amxim.com\/#website"},"primaryImageOfPage":{"@id":"https:\/\/amxim.com\/product\/mint-disposable-vape-stick-device-2000-puffs-50mg-nicotine-salt\/#primaryimage"},"image":{"@id":"https:\/\/amxim.com\/product\/mint-disposable-vape-stick-device-2000-puffs-50mg-nicotine-salt\/#primaryimage"},"thumbnailUrl":"https:\/\/amxim.com\/wp-content\/uploads\/2025\/03\/Mint-Disposable-Vape-Stick-Device-2000-Puffs-50mg-Nicotine-Salt-1.webp","datePublished":"2025-03-26T09:16:03+00:00","dateModified":"2025-04-02T01:36:53+00:00","description":"Dispositivo monouso per sigaretta elettronica Mint da 2000 tiri, 50 mg di sali di nicotina, di piccole dimensioni, facile da trasportare e da usare, dal gusto eccezionale, in acciaio inossidabile.","breadcrumb":{"@id":"https:\/\/amxim.com\/product\/mint-disposable-vape-stick-device-2000-puffs-50mg-nicotine-salt\/#breadcrumb"},"inLanguage":"it-IT","potentialAction":[{"@type":"ReadAction","target":["https:\/\/amxim.com\/product\/mint-disposable-vape-stick-device-2000-puffs-50mg-nicotine-salt\/"]}]},{"@type":"ImageObject","inLanguage":"it-IT","@id":"https:\/\/amxim.com\/product\/mint-disposable-vape-stick-device-2000-puffs-50mg-nicotine-salt\/#primaryimage","url":"https:\/\/amxim.com\/wp-content\/uploads\/2025\/03\/Mint-Disposable-Vape-Stick-Device-2000-Puffs-50mg-Nicotine-Salt-1.webp","contentUrl":"https:\/\/amxim.com\/wp-content\/uploads\/2025\/03\/Mint-Disposable-Vape-Stick-Device-2000-Puffs-50mg-Nicotine-Salt-1.webp","width":1000,"height":1000,"caption":"Mint Disposable Vape Stick Device 2000 Puffs 50mg Nicotine Salt"},{"@type":"BreadcrumbList","@id":"https:\/\/amxim.com\/product\/mint-disposable-vape-stick-device-2000-puffs-50mg-nicotine-salt\/#breadcrumb","itemListElement":[{"@type":"ListItem","position":1,"name":"Home","item":"https:\/\/amxim.com\/en\/"},{"@type":"ListItem","position":2,"name":"Products","item":"https:\/\/amxim.com\/de\/products\/"},{"@type":"ListItem","position":3,"name":"Mint Disposable Vape Stick Device 2000 Puffs 50mg Nicotine Salt"}]},{"@type":"WebSite","@id":"https:\/\/amxim.com\/#website","url":"https:\/\/amxim.com\/","name":"AMXIM","description":"Produttore di sigarette elettroniche AMXIM-OEM ODM","publisher":{"@id":"https:\/\/amxim.com\/#organization"},"potentialAction":[{"@type":"SearchAction","target":{"@type":"EntryPoint","urlTemplate":"https:\/\/amxim.com\/?s={search_term_string}"},"query-input":{"@type":"PropertyValueSpecification","valueRequired":true,"valueName":"search_term_string"}}],"inLanguage":"it-IT"},{"@type":"Organization","@id":"https:\/\/amxim.com\/#organization","name":"AMXIM","url":"https:\/\/amxim.com\/","logo":{"@type":"ImageObject","inLanguage":"it-IT","@id":"https:\/\/amxim.com\/#\/schema\/logo\/image\/","url":"https:\/\/amxim.com\/wp-content\/uploads\/2025\/03\/cropped-AMXIM-fav.webp","contentUrl":"https:\/\/amxim.com\/wp-content\/uploads\/2025\/03\/cropped-AMXIM-fav.webp","width":512,"height":512,"caption":"AMXIM"},"image":{"@id":"https:\/\/amxim.com\/#\/schema\/logo\/image\/"}}]}},"_links":{"self":[{"href":"https:\/\/amxim.com\/it\/wp-json\/wp\/v2\/product\/10302","targetHints":{"allow":["GET"]}}],"collection":[{"href":"https:\/\/amxim.com\/it\/wp-json\/wp\/v2\/product"}],"about":[{"href":"https:\/\/amxim.com\/it\/wp-json\/wp\/v2\/types\/product"}],"replies":[{"embeddable":true,"href":"https:\/\/amxim.com\/it\/wp-json\/wp\/v2\/comments?post=10302"}],"version-history":[{"count":1,"href":"https:\/\/amxim.com\/it\/wp-json\/wp\/v2\/product\/10302\/revisions"}],"predecessor-version":[{"id":11333,"href":"https:\/\/amxim.com\/it\/wp-json\/wp\/v2\/product\/10302\/revisions\/11333"}],"wp:featuredmedia":[{"embeddable":true,"href":"https:\/\/amxim.com\/it\/wp-json\/wp\/v2\/media\/10329"}],"wp:attachment":[{"href":"https:\/\/amxim.com\/it\/wp-json\/wp\/v2\/media?parent=10302"}],"wp:term":[{"taxonomy":"product_brand","embeddable":true,"href":"https:\/\/amxim.com\/it\/wp-json\/wp\/v2\/product_brand?post=10302"},{"taxonomy":"product_cat","embeddable":true,"href":"https:\/\/amxim.com\/it\/wp-json\/wp\/v2\/product_cat?post=10302"},{"taxonomy":"product_tag","embeddable":true,"href":"https:\/\/amxim.com\/it\/wp-json\/wp\/v2\/product_tag?post=10302"}],"curies":[{"name":"parola chiave","href":"https:\/\/api.w.org\/{rel}","templated":true}]}}