{"id":10433,"date":"2025-03-27T01:58:59","date_gmt":"2025-03-27T01:58:59","guid":{"rendered":"https:\/\/amxim.com\/?post_type=product&#038;p=10433"},"modified":"2026-02-04T02:40:46","modified_gmt":"2026-02-04T02:40:46","slug":"dispositivo-monouso-per-svapo-yellow-lemon-ice-da-1200-mah","status":"publish","type":"product","link":"https:\/\/amxim.com\/it\/product\/dispositivo-monouso-per-svapo-yellow-lemon-ice-da-1200-mah\/","title":{"rendered":"Dispositivo monouso per svapo Yellow Lemon Ice da 1200 mAh"},"content":{"rendered":"<h2 style=\"text-align: left\">Dispositivo monouso per svapo Yellow Lemon Ice da 1200 mAh<\/h2>\n<p style=\"text-align: left\">Tutto ci\u00f2 che devi sapere \u00e8 nel nome. Una volta finito uno svapo usa e getta, lo butti via. Non c&#039;\u00e8 bisogno di ricaricarlo, n\u00e9 di ricaricarlo, n\u00e9 di complicarti la vita. Esistono diverse tipologie di sigarette elettroniche usa e getta sul mercato, con caratteristiche diverse. Alcune hanno cartucce di olio ricaricabili e batterie ricaricabili, il che le rende meno usa e getta rispetto alle altre. Offrono un po&#039; meno praticit\u00e0 rispetto alle unit\u00e0 completamente usa e getta, ma ti faranno risparmiare un sacco di soldi a lungo termine.<\/p>\n<p>&nbsp;<\/p>\n<h3 style=\"text-align: left\">Caratteristiche principali<\/h3>\n<ul>\n<li style=\"text-align: left\">Super conveniente<\/li>\n<li style=\"text-align: left\">Grande colpo alla gola<\/li>\n<li style=\"text-align: left\">Perfetto per gli ex fumatori<\/li>\n<li style=\"text-align: left\">Buona miscela di nicotina<\/li>\n<li style=\"text-align: left\">Sapori eccellenti<\/li>\n<\/ul>\n<p>&nbsp;<\/p>\n<h2 style=\"text-align: left\">Come usare<\/h2>\n<li style=\"text-align: left\">1. Aprire la scatola di cartone esterna e rimuovere il contenuto<\/li>\n<li style=\"text-align: left\">2. Strappare la confezione in alluminio e rimuovere il dispositivo monouso<\/li>\n<li style=\"text-align: left\">3. Rimuovere e gettare il tappo in silicone e l&#039;etichetta nella parte inferiore del dispositivo<\/li>\n<li style=\"text-align: left\">4. Attivare lo svapo aspirando l&#039;estremit\u00e0 del pod: una luce LED si illuminer\u00e0 sul fondo della sigaretta elettronica<\/li>\n<li style=\"text-align: left\">5. La luce LED lampegger\u00e0 quando la batteria \u00e8 scarica: a questo punto, smaltire il dispositivo in modo sicuro<\/li>\n<p>&nbsp;<\/p>","protected":false},"excerpt":{"rendered":"<h3>Specifiche del prodotto<\/h3>\n<table>\n<tbody>\n<tr>\n<th style=\"text-align: left\">Tipo di prodotto<\/th>\n<td style=\"text-align: left\">Sigaretta elettronica usa e getta<\/td>\n<\/tr>\n<tr>\n<th style=\"text-align: left\">Colore<\/th>\n<td style=\"text-align: left\">Giallo o OEM<\/td>\n<\/tr>\n<tr>\n<th style=\"text-align: left\">Misurare<\/th>\n<td style=\"text-align: left\">118*19mm<\/td>\n<\/tr>\n<tr>\n<th style=\"text-align: left\">Materiale<\/th>\n<td style=\"text-align: left\">PC + acciaio inossidabile<\/td>\n<\/tr>\n<tr>\n<th style=\"text-align: left\">Serpentina di riscaldamento<\/th>\n<td style=\"text-align: left\">Bobina a maglie da 1,6\u03a9<\/td>\n<\/tr>\n<tr>\n<th style=\"text-align: left\">Sbuffo<\/th>\n<td style=\"text-align: left\">Fino a 1500 tiri<\/td>\n<\/tr>\n<tr>\n<th style=\"text-align: left\">Batteria<\/th>\n<td style=\"text-align: left\">Ricaricabile da 1200 mAh<\/td>\n<\/tr>\n<tr>\n<th style=\"text-align: left\">Eliquid preriempito<\/th>\n<td style=\"text-align: left\">6,0 ml<\/td>\n<\/tr>\n<tr>\n<th style=\"text-align: left\">Gusto<\/th>\n<td style=\"text-align: left\">Ghiaccio al limone<\/td>\n<\/tr>\n<tr>\n<th style=\"text-align: left\">Evidenziare<\/th>\n<td style=\"text-align: left\">Dispositivo monouso Lemon Ice da 1200 mAh, dispositivo monouso Lemon Ice ROHS, pod monouso per vaporizzatore da 1500 tiri<\/td>\n<\/tr>\n<\/tbody>\n<\/table>","protected":false},"featured_media":10446,"comment_status":"closed","ping_status":"closed","template":"","meta":[],"product_brand":[],"product_cat":[54,47],"product_tag":[],"class_list":{"0":"post-10433","1":"product","2":"type-product","3":"status-publish","4":"has-post-thumbnail","6":"product_cat-chargeable-disposable-vapes","7":"product_cat-disposable-vapes","9":"first","10":"instock","11":"shipping-taxable","12":"product-type-simple"},"yoast_head":"<!-- This site is optimized with the Yoast SEO plugin v26.9 - https:\/\/yoast.com\/product\/yoast-seo-wordpress\/ -->\n<title>Yellow Lemon Ice Disposable Vape Pod Device 1200mAh<\/title>\n<meta name=\"description\" content=\"Yellow Lemon Ice Disposable Vape Pod Device 1200mAh Super-convenient Great throat hit Perfect for ex-smokers Good nicotine blend\" \/>\n<meta name=\"robots\" content=\"index, follow, max-snippet:-1, max-image-preview:large, max-video-preview:-1\" \/>\n<link rel=\"canonical\" href=\"https:\/\/amxim.com\/it\/product\/dispositivo-monouso-per-svapo-yellow-lemon-ice-da-1200-mah\/\" \/>\n<meta property=\"og:locale\" content=\"it_IT\" \/>\n<meta property=\"og:type\" content=\"article\" \/>\n<meta property=\"og:title\" content=\"Yellow Lemon Ice Disposable Vape Pod Device 1200mAh\" \/>\n<meta property=\"og:description\" content=\"Yellow Lemon Ice Disposable Vape Pod Device 1200mAh Super-convenient Great throat hit Perfect for ex-smokers Good nicotine blend\" \/>\n<meta property=\"og:url\" content=\"https:\/\/amxim.com\/it\/product\/dispositivo-monouso-per-svapo-yellow-lemon-ice-da-1200-mah\/\" \/>\n<meta property=\"og:site_name\" content=\"AMXIM\" \/>\n<meta property=\"article:modified_time\" content=\"2026-02-04T02:40:46+00:00\" \/>\n<meta property=\"og:image\" content=\"https:\/\/amxim.com\/wp-content\/uploads\/2025\/03\/Yellow-Lemon-Ice-Disposable-Vape-Pod-Device-1200mAh-1.webp\" \/>\n\t<meta property=\"og:image:width\" content=\"1000\" \/>\n\t<meta property=\"og:image:height\" content=\"1000\" \/>\n\t<meta property=\"og:image:type\" content=\"image\/webp\" \/>\n<meta name=\"twitter:card\" content=\"summary_large_image\" \/>\n<meta name=\"twitter:label1\" content=\"Tempo di lettura stimato\" \/>\n\t<meta name=\"twitter:data1\" content=\"1 minuto\" \/>\n<script type=\"application\/ld+json\" class=\"yoast-schema-graph\">{\"@context\":\"https:\/\/schema.org\",\"@graph\":[{\"@type\":\"WebPage\",\"@id\":\"https:\/\/amxim.com\/product\/yellow-lemon-ice-disposable-vape-pod-device-1200mah\/\",\"url\":\"https:\/\/amxim.com\/product\/yellow-lemon-ice-disposable-vape-pod-device-1200mah\/\",\"name\":\"Yellow Lemon Ice Disposable Vape Pod Device 1200mAh\",\"isPartOf\":{\"@id\":\"https:\/\/amxim.com\/#website\"},\"primaryImageOfPage\":{\"@id\":\"https:\/\/amxim.com\/product\/yellow-lemon-ice-disposable-vape-pod-device-1200mah\/#primaryimage\"},\"image\":{\"@id\":\"https:\/\/amxim.com\/product\/yellow-lemon-ice-disposable-vape-pod-device-1200mah\/#primaryimage\"},\"thumbnailUrl\":\"https:\/\/amxim.com\/wp-content\/uploads\/2025\/03\/Yellow-Lemon-Ice-Disposable-Vape-Pod-Device-1200mAh-1.webp\",\"datePublished\":\"2025-03-27T01:58:59+00:00\",\"dateModified\":\"2026-02-04T02:40:46+00:00\",\"description\":\"Yellow Lemon Ice Disposable Vape Pod Device 1200mAh Super-convenient Great throat hit Perfect for ex-smokers Good nicotine blend\",\"breadcrumb\":{\"@id\":\"https:\/\/amxim.com\/product\/yellow-lemon-ice-disposable-vape-pod-device-1200mah\/#breadcrumb\"},\"inLanguage\":\"it-IT\",\"potentialAction\":[{\"@type\":\"ReadAction\",\"target\":[\"https:\/\/amxim.com\/product\/yellow-lemon-ice-disposable-vape-pod-device-1200mah\/\"]}]},{\"@type\":\"ImageObject\",\"inLanguage\":\"it-IT\",\"@id\":\"https:\/\/amxim.com\/product\/yellow-lemon-ice-disposable-vape-pod-device-1200mah\/#primaryimage\",\"url\":\"https:\/\/amxim.com\/wp-content\/uploads\/2025\/03\/Yellow-Lemon-Ice-Disposable-Vape-Pod-Device-1200mAh-1.webp\",\"contentUrl\":\"https:\/\/amxim.com\/wp-content\/uploads\/2025\/03\/Yellow-Lemon-Ice-Disposable-Vape-Pod-Device-1200mAh-1.webp\",\"width\":1000,\"height\":1000,\"caption\":\"Yellow Lemon Ice Disposable Vape Pod Device 1200mAh\"},{\"@type\":\"BreadcrumbList\",\"@id\":\"https:\/\/amxim.com\/product\/yellow-lemon-ice-disposable-vape-pod-device-1200mah\/#breadcrumb\",\"itemListElement\":[{\"@type\":\"ListItem\",\"position\":1,\"name\":\"Home\",\"item\":\"https:\/\/amxim.com\/\"},{\"@type\":\"ListItem\",\"position\":2,\"name\":\"Products\",\"item\":\"https:\/\/amxim.com\/de\/products\/\"},{\"@type\":\"ListItem\",\"position\":3,\"name\":\"Yellow Lemon Ice Disposable Vape Pod Device 1200mAh\"}]},{\"@type\":\"WebSite\",\"@id\":\"https:\/\/amxim.com\/#website\",\"url\":\"https:\/\/amxim.com\/\",\"name\":\"AMXIM\",\"description\":\"AMXIM-OEM ODM Vape Manufacturer\",\"publisher\":{\"@id\":\"https:\/\/amxim.com\/#organization\"},\"potentialAction\":[{\"@type\":\"SearchAction\",\"target\":{\"@type\":\"EntryPoint\",\"urlTemplate\":\"https:\/\/amxim.com\/?s={search_term_string}\"},\"query-input\":{\"@type\":\"PropertyValueSpecification\",\"valueRequired\":true,\"valueName\":\"search_term_string\"}}],\"inLanguage\":\"it-IT\"},{\"@type\":\"Organization\",\"@id\":\"https:\/\/amxim.com\/#organization\",\"name\":\"AMXIM\",\"url\":\"https:\/\/amxim.com\/\",\"logo\":{\"@type\":\"ImageObject\",\"inLanguage\":\"it-IT\",\"@id\":\"https:\/\/amxim.com\/#\/schema\/logo\/image\/\",\"url\":\"https:\/\/amxim.com\/wp-content\/uploads\/2025\/03\/cropped-AMXIM-fav.webp\",\"contentUrl\":\"https:\/\/amxim.com\/wp-content\/uploads\/2025\/03\/cropped-AMXIM-fav.webp\",\"width\":512,\"height\":512,\"caption\":\"AMXIM\"},\"image\":{\"@id\":\"https:\/\/amxim.com\/#\/schema\/logo\/image\/\"}}]}<\/script>\n<!-- \/ Yoast SEO plugin. -->","yoast_head_json":{"title":"Dispositivo monouso per svapo Yellow Lemon Ice da 1200 mAh","description":"Dispositivo monouso Yellow Lemon Ice Vape Pod da 1200 mAh Super pratico Ottimo colpo in gola Perfetto per ex fumatori Buona miscela di nicotina","robots":{"index":"index","follow":"follow","max-snippet":"max-snippet:-1","max-image-preview":"max-image-preview:large","max-video-preview":"max-video-preview:-1"},"canonical":"https:\/\/amxim.com\/it\/product\/dispositivo-monouso-per-svapo-yellow-lemon-ice-da-1200-mah\/","og_locale":"it_IT","og_type":"article","og_title":"Yellow Lemon Ice Disposable Vape Pod Device 1200mAh","og_description":"Yellow Lemon Ice Disposable Vape Pod Device 1200mAh Super-convenient Great throat hit Perfect for ex-smokers Good nicotine blend","og_url":"https:\/\/amxim.com\/it\/product\/dispositivo-monouso-per-svapo-yellow-lemon-ice-da-1200-mah\/","og_site_name":"AMXIM","article_modified_time":"2026-02-04T02:40:46+00:00","og_image":[{"width":1000,"height":1000,"url":"https:\/\/amxim.com\/wp-content\/uploads\/2025\/03\/Yellow-Lemon-Ice-Disposable-Vape-Pod-Device-1200mAh-1.webp","type":"image\/webp"}],"twitter_card":"summary_large_image","twitter_misc":{"Tempo di lettura stimato":"1 minuto"},"schema":{"@context":"https:\/\/schema.org","@graph":[{"@type":"WebPage","@id":"https:\/\/amxim.com\/product\/yellow-lemon-ice-disposable-vape-pod-device-1200mah\/","url":"https:\/\/amxim.com\/product\/yellow-lemon-ice-disposable-vape-pod-device-1200mah\/","name":"Dispositivo monouso per svapo Yellow Lemon Ice da 1200 mAh","isPartOf":{"@id":"https:\/\/amxim.com\/#website"},"primaryImageOfPage":{"@id":"https:\/\/amxim.com\/product\/yellow-lemon-ice-disposable-vape-pod-device-1200mah\/#primaryimage"},"image":{"@id":"https:\/\/amxim.com\/product\/yellow-lemon-ice-disposable-vape-pod-device-1200mah\/#primaryimage"},"thumbnailUrl":"https:\/\/amxim.com\/wp-content\/uploads\/2025\/03\/Yellow-Lemon-Ice-Disposable-Vape-Pod-Device-1200mAh-1.webp","datePublished":"2025-03-27T01:58:59+00:00","dateModified":"2026-02-04T02:40:46+00:00","description":"Dispositivo monouso Yellow Lemon Ice Vape Pod da 1200 mAh Super pratico Ottimo colpo in gola Perfetto per ex fumatori Buona miscela di nicotina","breadcrumb":{"@id":"https:\/\/amxim.com\/product\/yellow-lemon-ice-disposable-vape-pod-device-1200mah\/#breadcrumb"},"inLanguage":"it-IT","potentialAction":[{"@type":"ReadAction","target":["https:\/\/amxim.com\/product\/yellow-lemon-ice-disposable-vape-pod-device-1200mah\/"]}]},{"@type":"ImageObject","inLanguage":"it-IT","@id":"https:\/\/amxim.com\/product\/yellow-lemon-ice-disposable-vape-pod-device-1200mah\/#primaryimage","url":"https:\/\/amxim.com\/wp-content\/uploads\/2025\/03\/Yellow-Lemon-Ice-Disposable-Vape-Pod-Device-1200mAh-1.webp","contentUrl":"https:\/\/amxim.com\/wp-content\/uploads\/2025\/03\/Yellow-Lemon-Ice-Disposable-Vape-Pod-Device-1200mAh-1.webp","width":1000,"height":1000,"caption":"Yellow Lemon Ice Disposable Vape Pod Device 1200mAh"},{"@type":"BreadcrumbList","@id":"https:\/\/amxim.com\/product\/yellow-lemon-ice-disposable-vape-pod-device-1200mah\/#breadcrumb","itemListElement":[{"@type":"ListItem","position":1,"name":"Home","item":"https:\/\/amxim.com\/"},{"@type":"ListItem","position":2,"name":"Products","item":"https:\/\/amxim.com\/de\/products\/"},{"@type":"ListItem","position":3,"name":"Yellow Lemon Ice Disposable Vape Pod Device 1200mAh"}]},{"@type":"WebSite","@id":"https:\/\/amxim.com\/#website","url":"https:\/\/amxim.com\/","name":"AMXIM","description":"Produttore di sigarette elettroniche AMXIM-OEM ODM","publisher":{"@id":"https:\/\/amxim.com\/#organization"},"potentialAction":[{"@type":"SearchAction","target":{"@type":"EntryPoint","urlTemplate":"https:\/\/amxim.com\/?s={search_term_string}"},"query-input":{"@type":"PropertyValueSpecification","valueRequired":true,"valueName":"search_term_string"}}],"inLanguage":"it-IT"},{"@type":"Organization","@id":"https:\/\/amxim.com\/#organization","name":"AMXIM","url":"https:\/\/amxim.com\/","logo":{"@type":"ImageObject","inLanguage":"it-IT","@id":"https:\/\/amxim.com\/#\/schema\/logo\/image\/","url":"https:\/\/amxim.com\/wp-content\/uploads\/2025\/03\/cropped-AMXIM-fav.webp","contentUrl":"https:\/\/amxim.com\/wp-content\/uploads\/2025\/03\/cropped-AMXIM-fav.webp","width":512,"height":512,"caption":"AMXIM"},"image":{"@id":"https:\/\/amxim.com\/#\/schema\/logo\/image\/"}}]}},"_links":{"self":[{"href":"https:\/\/amxim.com\/it\/wp-json\/wp\/v2\/product\/10433","targetHints":{"allow":["GET"]}}],"collection":[{"href":"https:\/\/amxim.com\/it\/wp-json\/wp\/v2\/product"}],"about":[{"href":"https:\/\/amxim.com\/it\/wp-json\/wp\/v2\/types\/product"}],"replies":[{"embeddable":true,"href":"https:\/\/amxim.com\/it\/wp-json\/wp\/v2\/comments?post=10433"}],"version-history":[{"count":4,"href":"https:\/\/amxim.com\/it\/wp-json\/wp\/v2\/product\/10433\/revisions"}],"predecessor-version":[{"id":13503,"href":"https:\/\/amxim.com\/it\/wp-json\/wp\/v2\/product\/10433\/revisions\/13503"}],"wp:featuredmedia":[{"embeddable":true,"href":"https:\/\/amxim.com\/it\/wp-json\/wp\/v2\/media\/10446"}],"wp:attachment":[{"href":"https:\/\/amxim.com\/it\/wp-json\/wp\/v2\/media?parent=10433"}],"wp:term":[{"taxonomy":"product_brand","embeddable":true,"href":"https:\/\/amxim.com\/it\/wp-json\/wp\/v2\/product_brand?post=10433"},{"taxonomy":"product_cat","embeddable":true,"href":"https:\/\/amxim.com\/it\/wp-json\/wp\/v2\/product_cat?post=10433"},{"taxonomy":"product_tag","embeddable":true,"href":"https:\/\/amxim.com\/it\/wp-json\/wp\/v2\/product_tag?post=10433"}],"curies":[{"name":"parola chiave","href":"https:\/\/api.w.org\/{rel}","templated":true}]}}